{"id":23652,"date":"2025-05-02T13:49:28","date_gmt":"2025-05-02T17:49:28","guid":{"rendered":"https:\/\/luminairesgregoire.com\/produits\/205803a\/"},"modified":"2026-03-19T17:37:43","modified_gmt":"2026-03-19T21:37:43","slug":"black-single-pendant-with-white-opal-glass-globes-205803a-moultrie-eglo","status":"publish","type":"product","link":"https:\/\/luminairesgregoire.com\/en\/product\/black-single-pendant-with-white-opal-glass-globes-205803a-moultrie-eglo\/","title":{"rendered":"8-L BLACK PENDANT- MOULTRIE 205803A"},"content":{"rendered":"<p>The Moultrie pendant by EGLO features a striking sputnik-inspired design that blends modern style with a retro touch. Its two-tier black metal frame is complemented by eight white opal glass globes, providing soft, even illumination in all directions. A true statement piece, it\u2019s perfect for a dining room, kitchen island, or open-concept space. Its adjustable hanging height allows for flexible installation.   <\/p>\n","protected":false},"excerpt":{"rendered":"<p data-start=\"334\" data-end=\"900\">The Moultrie pendant by EGLO features a striking sputnik-inspired design that blends modern style with a retro touch. Its two-tier black metal frame is complemented by eight white opal glass globes, providing soft, even illumination in all directions. A true statement piece, it\u2019s perfect for a dining room, kitchen island, or open-concept space. Its adjustable hanging height allows for flexible installation.  <\/p>\n<p data-start=\"334\" data-end=\"900\">Dot\u00e9e d\u2019une douille <strong data-start=\"719\" data-end=\"726\">E26<\/strong> (ampoule non incluse), elle fonctionne sur <strong data-start=\"770\" data-end=\"783\">120V\/60Hz<\/strong> et offre une puissance maximale de <strong data-start=\"819\" data-end=\"826\">60W<\/strong>. Certifi\u00e9e <strong data-start=\"838\" data-end=\"848\">ETL\/CE<\/strong>, la MOULTRIE allie design contemporain et s\u00e9curit\u00e9. <\/p>\n","protected":false},"featured_media":18371,"template":"","meta":{"_acf_changed":false},"product_brand":[7081],"product_cat":[7834,5926,5992],"product_tag":[],"class_list":{"0":"post-23652","1":"product","2":"type-product","3":"status-publish","4":"has-post-thumbnail","6":"product_brand-eglo","7":"product_cat-chandelier","8":"product_cat-pendant-lights","9":"product_cat-pendants","10":"pa_diametre-8171","11":"pa_hauteur-7848","13":"first","14":"instock","15":"taxable","16":"shipping-taxable","17":"purchasable","18":"product-type-simple"},"acf":[],"yoast_head":"<!-- This site is optimized with the Yoast SEO plugin v27.4 - https:\/\/yoast.com\/product\/yoast-seo-wordpress\/ -->\n<title>8-L BLACK PENDANT- MOULTRIE 205803A - Luminaires Paul Gr\u00e9goire<\/title>\n<meta name=\"description\" content=\"Suspension design MOULTRIE en acier noir et verre opalin. Douille E26, 60W max. Id\u00e9ale pour salle \u00e0 manger ou entr\u00e9e. Certifi\u00e9e ETL\/CE.\" \/>\n<meta name=\"robots\" content=\"index, follow, max-snippet:-1, max-image-preview:large, max-video-preview:-1\" \/>\n<link rel=\"canonical\" href=\"https:\/\/luminairesgregoire.com\/en\/product\/black-single-pendant-with-white-opal-glass-globes-205803a-moultrie-eglo\/\" \/>\n<meta property=\"og:locale\" content=\"en_US\" \/>\n<meta property=\"og:type\" content=\"article\" \/>\n<meta property=\"og:title\" content=\"8-L BLACK PENDANT- MOULTRIE 205803A - Luminaires Paul Gr\u00e9goire\" \/>\n<meta property=\"og:description\" content=\"Suspension design MOULTRIE en acier noir et verre opalin. Douille E26, 60W max. Id\u00e9ale pour salle \u00e0 manger ou entr\u00e9e. Certifi\u00e9e ETL\/CE.\" \/>\n<meta property=\"og:url\" content=\"https:\/\/luminairesgregoire.com\/en\/product\/black-single-pendant-with-white-opal-glass-globes-205803a-moultrie-eglo\/\" \/>\n<meta property=\"og:site_name\" content=\"Luminaires Paul Gr\u00e9goire\" \/>\n<meta property=\"article:modified_time\" content=\"2026-03-19T21:37:43+00:00\" \/>\n<meta property=\"og:image\" content=\"https:\/\/luminairesgregoire.com\/wp-content\/uploads\/2025\/05\/205803.jpg\" \/>\n\t<meta property=\"og:image:width\" content=\"850\" \/>\n\t<meta property=\"og:image:height\" content=\"850\" \/>\n\t<meta property=\"og:image:type\" content=\"image\/jpeg\" \/>\n<meta name=\"twitter:card\" content=\"summary_large_image\" \/>\n<meta name=\"twitter:label1\" content=\"Est. reading time\" \/>\n\t<meta name=\"twitter:data1\" content=\"1 minute\" \/>\n<script type=\"application\/ld+json\" class=\"yoast-schema-graph\">{\"@context\":\"https:\\\/\\\/schema.org\",\"@graph\":[{\"@type\":\"WebPage\",\"@id\":\"https:\\\/\\\/luminairesgregoire.com\\\/en\\\/product\\\/black-single-pendant-with-white-opal-glass-globes-205803a-moultrie-eglo\\\/\",\"url\":\"https:\\\/\\\/luminairesgregoire.com\\\/en\\\/product\\\/black-single-pendant-with-white-opal-glass-globes-205803a-moultrie-eglo\\\/\",\"name\":\"8-L BLACK PENDANT- MOULTRIE 205803A - Luminaires Paul Gr\u00e9goire\",\"isPartOf\":{\"@id\":\"https:\\\/\\\/luminairesgregoire.com\\\/en\\\/#website\"},\"primaryImageOfPage\":{\"@id\":\"https:\\\/\\\/luminairesgregoire.com\\\/en\\\/product\\\/black-single-pendant-with-white-opal-glass-globes-205803a-moultrie-eglo\\\/#primaryimage\"},\"image\":{\"@id\":\"https:\\\/\\\/luminairesgregoire.com\\\/en\\\/product\\\/black-single-pendant-with-white-opal-glass-globes-205803a-moultrie-eglo\\\/#primaryimage\"},\"thumbnailUrl\":\"https:\\\/\\\/luminairesgregoire.com\\\/wp-content\\\/uploads\\\/2025\\\/05\\\/205803.jpg\",\"datePublished\":\"2025-05-02T17:49:28+00:00\",\"dateModified\":\"2026-03-19T21:37:43+00:00\",\"description\":\"Suspension design MOULTRIE en acier noir et verre opalin. Douille E26, 60W max. Id\u00e9ale pour salle \u00e0 manger ou entr\u00e9e. Certifi\u00e9e ETL\\\/CE.\",\"breadcrumb\":{\"@id\":\"https:\\\/\\\/luminairesgregoire.com\\\/en\\\/product\\\/black-single-pendant-with-white-opal-glass-globes-205803a-moultrie-eglo\\\/#breadcrumb\"},\"inLanguage\":\"en-US\",\"potentialAction\":[{\"@type\":\"ReadAction\",\"target\":[\"https:\\\/\\\/luminairesgregoire.com\\\/en\\\/product\\\/black-single-pendant-with-white-opal-glass-globes-205803a-moultrie-eglo\\\/\"]}]},{\"@type\":\"ImageObject\",\"inLanguage\":\"en-US\",\"@id\":\"https:\\\/\\\/luminairesgregoire.com\\\/en\\\/product\\\/black-single-pendant-with-white-opal-glass-globes-205803a-moultrie-eglo\\\/#primaryimage\",\"url\":\"https:\\\/\\\/luminairesgregoire.com\\\/wp-content\\\/uploads\\\/2025\\\/05\\\/205803.jpg\",\"contentUrl\":\"https:\\\/\\\/luminairesgregoire.com\\\/wp-content\\\/uploads\\\/2025\\\/05\\\/205803.jpg\",\"width\":850,\"height\":850,\"caption\":\"8-L BLACK PENDANT- MOULTRIE 205803A\"},{\"@type\":\"BreadcrumbList\",\"@id\":\"https:\\\/\\\/luminairesgregoire.com\\\/en\\\/product\\\/black-single-pendant-with-white-opal-glass-globes-205803a-moultrie-eglo\\\/#breadcrumb\",\"itemListElement\":[{\"@type\":\"ListItem\",\"position\":1,\"name\":\"Home\",\"item\":\"https:\\\/\\\/luminairesgregoire.com\\\/en\\\/\"},{\"@type\":\"ListItem\",\"position\":2,\"name\":\"Store\",\"item\":\"https:\\\/\\\/luminairesgregoire.com\\\/en\\\/products\\\/\"},{\"@type\":\"ListItem\",\"position\":3,\"name\":\"8-L BLACK PENDANT- MOULTRIE 205803A\"}]},{\"@type\":\"WebSite\",\"@id\":\"https:\\\/\\\/luminairesgregoire.com\\\/en\\\/#website\",\"url\":\"https:\\\/\\\/luminairesgregoire.com\\\/en\\\/\",\"name\":\"Luminaires Paul Gr\u00e9goire\",\"description\":\"\",\"publisher\":{\"@id\":\"https:\\\/\\\/luminairesgregoire.com\\\/en\\\/#organization\"},\"potentialAction\":[{\"@type\":\"SearchAction\",\"target\":{\"@type\":\"EntryPoint\",\"urlTemplate\":\"https:\\\/\\\/luminairesgregoire.com\\\/en\\\/?s={search_term_string}\"},\"query-input\":{\"@type\":\"PropertyValueSpecification\",\"valueRequired\":true,\"valueName\":\"search_term_string\"}}],\"inLanguage\":\"en-US\"},{\"@type\":\"Organization\",\"@id\":\"https:\\\/\\\/luminairesgregoire.com\\\/en\\\/#organization\",\"name\":\"Luminaires Paul Gr\u00e9goire\",\"url\":\"https:\\\/\\\/luminairesgregoire.com\\\/en\\\/\",\"logo\":{\"@type\":\"ImageObject\",\"inLanguage\":\"en-US\",\"@id\":\"https:\\\/\\\/luminairesgregoire.com\\\/en\\\/#\\\/schema\\\/logo\\\/image\\\/\",\"url\":\"https:\\\/\\\/luminairesgregoire.com\\\/wp-content\\\/uploads\\\/2021\\\/05\\\/logo_CMYK-1-1.png\",\"contentUrl\":\"https:\\\/\\\/luminairesgregoire.com\\\/wp-content\\\/uploads\\\/2021\\\/05\\\/logo_CMYK-1-1.png\",\"width\":350,\"height\":164,\"caption\":\"Luminaires Paul Gr\u00e9goire\"},\"image\":{\"@id\":\"https:\\\/\\\/luminairesgregoire.com\\\/en\\\/#\\\/schema\\\/logo\\\/image\\\/\"}}]}<\/script>\n<!-- \/ Yoast SEO plugin. -->","yoast_head_json":{"title":"8-L BLACK PENDANT- MOULTRIE 205803A - Luminaires Paul Gr\u00e9goire","description":"Suspension design MOULTRIE en acier noir et verre opalin. Douille E26, 60W max. Id\u00e9ale pour salle \u00e0 manger ou entr\u00e9e. Certifi\u00e9e ETL\/CE.","robots":{"index":"index","follow":"follow","max-snippet":"max-snippet:-1","max-image-preview":"max-image-preview:large","max-video-preview":"max-video-preview:-1"},"canonical":"https:\/\/luminairesgregoire.com\/en\/product\/black-single-pendant-with-white-opal-glass-globes-205803a-moultrie-eglo\/","og_locale":"en_US","og_type":"article","og_title":"8-L BLACK PENDANT- MOULTRIE 205803A - Luminaires Paul Gr\u00e9goire","og_description":"Suspension design MOULTRIE en acier noir et verre opalin. Douille E26, 60W max. Id\u00e9ale pour salle \u00e0 manger ou entr\u00e9e. Certifi\u00e9e ETL\/CE.","og_url":"https:\/\/luminairesgregoire.com\/en\/product\/black-single-pendant-with-white-opal-glass-globes-205803a-moultrie-eglo\/","og_site_name":"Luminaires Paul Gr\u00e9goire","article_modified_time":"2026-03-19T21:37:43+00:00","og_image":[{"width":850,"height":850,"url":"https:\/\/luminairesgregoire.com\/wp-content\/uploads\/2025\/05\/205803.jpg","type":"image\/jpeg"}],"twitter_card":"summary_large_image","twitter_misc":{"Est. reading time":"1 minute"},"schema":{"@context":"https:\/\/schema.org","@graph":[{"@type":"WebPage","@id":"https:\/\/luminairesgregoire.com\/en\/product\/black-single-pendant-with-white-opal-glass-globes-205803a-moultrie-eglo\/","url":"https:\/\/luminairesgregoire.com\/en\/product\/black-single-pendant-with-white-opal-glass-globes-205803a-moultrie-eglo\/","name":"8-L BLACK PENDANT- MOULTRIE 205803A - Luminaires Paul Gr\u00e9goire","isPartOf":{"@id":"https:\/\/luminairesgregoire.com\/en\/#website"},"primaryImageOfPage":{"@id":"https:\/\/luminairesgregoire.com\/en\/product\/black-single-pendant-with-white-opal-glass-globes-205803a-moultrie-eglo\/#primaryimage"},"image":{"@id":"https:\/\/luminairesgregoire.com\/en\/product\/black-single-pendant-with-white-opal-glass-globes-205803a-moultrie-eglo\/#primaryimage"},"thumbnailUrl":"https:\/\/luminairesgregoire.com\/wp-content\/uploads\/2025\/05\/205803.jpg","datePublished":"2025-05-02T17:49:28+00:00","dateModified":"2026-03-19T21:37:43+00:00","description":"Suspension design MOULTRIE en acier noir et verre opalin. Douille E26, 60W max. Id\u00e9ale pour salle \u00e0 manger ou entr\u00e9e. Certifi\u00e9e ETL\/CE.","breadcrumb":{"@id":"https:\/\/luminairesgregoire.com\/en\/product\/black-single-pendant-with-white-opal-glass-globes-205803a-moultrie-eglo\/#breadcrumb"},"inLanguage":"en-US","potentialAction":[{"@type":"ReadAction","target":["https:\/\/luminairesgregoire.com\/en\/product\/black-single-pendant-with-white-opal-glass-globes-205803a-moultrie-eglo\/"]}]},{"@type":"ImageObject","inLanguage":"en-US","@id":"https:\/\/luminairesgregoire.com\/en\/product\/black-single-pendant-with-white-opal-glass-globes-205803a-moultrie-eglo\/#primaryimage","url":"https:\/\/luminairesgregoire.com\/wp-content\/uploads\/2025\/05\/205803.jpg","contentUrl":"https:\/\/luminairesgregoire.com\/wp-content\/uploads\/2025\/05\/205803.jpg","width":850,"height":850,"caption":"8-L BLACK PENDANT- MOULTRIE 205803A"},{"@type":"BreadcrumbList","@id":"https:\/\/luminairesgregoire.com\/en\/product\/black-single-pendant-with-white-opal-glass-globes-205803a-moultrie-eglo\/#breadcrumb","itemListElement":[{"@type":"ListItem","position":1,"name":"Home","item":"https:\/\/luminairesgregoire.com\/en\/"},{"@type":"ListItem","position":2,"name":"Store","item":"https:\/\/luminairesgregoire.com\/en\/products\/"},{"@type":"ListItem","position":3,"name":"8-L BLACK PENDANT- MOULTRIE 205803A"}]},{"@type":"WebSite","@id":"https:\/\/luminairesgregoire.com\/en\/#website","url":"https:\/\/luminairesgregoire.com\/en\/","name":"Luminaires Paul Gr\u00e9goire","description":"","publisher":{"@id":"https:\/\/luminairesgregoire.com\/en\/#organization"},"potentialAction":[{"@type":"SearchAction","target":{"@type":"EntryPoint","urlTemplate":"https:\/\/luminairesgregoire.com\/en\/?s={search_term_string}"},"query-input":{"@type":"PropertyValueSpecification","valueRequired":true,"valueName":"search_term_string"}}],"inLanguage":"en-US"},{"@type":"Organization","@id":"https:\/\/luminairesgregoire.com\/en\/#organization","name":"Luminaires Paul Gr\u00e9goire","url":"https:\/\/luminairesgregoire.com\/en\/","logo":{"@type":"ImageObject","inLanguage":"en-US","@id":"https:\/\/luminairesgregoire.com\/en\/#\/schema\/logo\/image\/","url":"https:\/\/luminairesgregoire.com\/wp-content\/uploads\/2021\/05\/logo_CMYK-1-1.png","contentUrl":"https:\/\/luminairesgregoire.com\/wp-content\/uploads\/2021\/05\/logo_CMYK-1-1.png","width":350,"height":164,"caption":"Luminaires Paul Gr\u00e9goire"},"image":{"@id":"https:\/\/luminairesgregoire.com\/en\/#\/schema\/logo\/image\/"}}]}},"_links":{"self":[{"href":"https:\/\/luminairesgregoire.com\/en\/wp-json\/wp\/v2\/product\/23652","targetHints":{"allow":["GET"]}}],"collection":[{"href":"https:\/\/luminairesgregoire.com\/en\/wp-json\/wp\/v2\/product"}],"about":[{"href":"https:\/\/luminairesgregoire.com\/en\/wp-json\/wp\/v2\/types\/product"}],"wp:featuredmedia":[{"embeddable":true,"href":"https:\/\/luminairesgregoire.com\/en\/wp-json\/wp\/v2\/media\/18371"}],"wp:attachment":[{"href":"https:\/\/luminairesgregoire.com\/en\/wp-json\/wp\/v2\/media?parent=23652"}],"wp:term":[{"taxonomy":"product_brand","embeddable":true,"href":"https:\/\/luminairesgregoire.com\/en\/wp-json\/wp\/v2\/product_brand?post=23652"},{"taxonomy":"product_cat","embeddable":true,"href":"https:\/\/luminairesgregoire.com\/en\/wp-json\/wp\/v2\/product_cat?post=23652"},{"taxonomy":"product_tag","embeddable":true,"href":"https:\/\/luminairesgregoire.com\/en\/wp-json\/wp\/v2\/product_tag?post=23652"}],"curies":[{"name":"wp","href":"https:\/\/api.w.org\/{rel}","templated":true}]}}