{"id":23837,"date":"2025-05-02T13:53:53","date_gmt":"2025-05-02T17:53:53","guid":{"rendered":"https:\/\/luminairesgregoire.com\/produits\/5102506-848\/"},"modified":"2025-12-18T15:16:36","modified_gmt":"2025-12-18T20:16:36","slug":"large-brass-pendant-mellita-5102506-848","status":"publish","type":"product","link":"https:\/\/luminairesgregoire.com\/en\/product\/large-brass-pendant-mellita-5102506-848\/","title":{"rendered":"LARGE BRASS PENDANT &#8211; MELLITA 5102506-848"},"content":{"rendered":"<p data-start=\"587\" data-end=\"1027\">Riche en structure et en mouvement, le lustre Mellita se distingue par ses multiples niveaux de grands disques en verre grav\u00e9 qui cr\u00e9ent une impression de profondeur et de l\u00e9g\u00e8ret\u00e9. Son fini en laiton satin\u00e9 apporte une touche \u00e9l\u00e9gante et contemporaine \u00e0 son design sculptural. Le verre superpos\u00e9 diffuse d\u00e9licatement la lumi\u00e8re, faisant de ce lustre une pi\u00e8ce ma\u00eetresse parfaite pour une salle \u00e0 manger, un salon ou une entr\u00e9e majestueuse.<\/p>\n","protected":false},"excerpt":{"rendered":"<p>Riche en structure et en mouvement, le lustre Mellita se distingue par ses multiples niveaux de grands disques en verre grav\u00e9 qui cr\u00e9ent une impression de profondeur et de l\u00e9g\u00e8ret\u00e9. Son fini en laiton satin\u00e9 apporte une touche \u00e9l\u00e9gante et contemporaine \u00e0 son design sculptural. Le verre superpos\u00e9 diffuse d\u00e9licatement la lumi\u00e8re, faisant de ce [&hellip;]<\/p>\n","protected":false},"featured_media":30316,"template":"","meta":{"_acf_changed":false},"product_brand":[7192],"product_cat":[7834,5926,5992],"product_tag":[],"class_list":{"0":"post-23837","1":"product","2":"type-product","3":"status-publish","4":"has-post-thumbnail","6":"product_brand-visual-comfort-co","7":"product_cat-chandelier","8":"product_cat-pendant-lights","9":"product_cat-pendants","10":"pa_ampoules-incluses-no","11":"pa_culots-dampoules-e12","12":"pa_diametre-7137","13":"pa_diffuseur-verre-grave","14":"pa_formes-dampoules-b10","15":"pa_garantie-1-year","16":"pa_hauteur-15-et-hauteur-total-54","17":"pa_materiel-steel","18":"pa_nombre-dampoules-6438","19":"pa_type-de-gradateur-triac-2","20":"pa_types-dampoules-incandescent-led-compatible","21":"pa_watts-40-w","23":"first","24":"instock","25":"taxable","26":"shipping-taxable","27":"purchasable","28":"product-type-simple"},"acf":[],"yoast_head":"<!-- This site is optimized with the Yoast SEO plugin v27.4 - https:\/\/yoast.com\/product\/yoast-seo-wordpress\/ -->\n<title>LARGE BRASS PENDANT - MELLITA 5102506-848<\/title>\n<meta name=\"description\" content=\"LARGE BRASS PENDANT - MELLITA 5102506-848 - Discover our collection of designer lighting \u2014 pendants, lamps, and ceiling lights \u2014 to brighten every space with style and elegance.\" \/>\n<meta name=\"robots\" content=\"index, follow, max-snippet:-1, max-image-preview:large, max-video-preview:-1\" \/>\n<link rel=\"canonical\" href=\"https:\/\/luminairesgregoire.com\/en\/product\/large-brass-pendant-mellita-5102506-848\/\" \/>\n<meta property=\"og:locale\" content=\"en_US\" \/>\n<meta property=\"og:type\" content=\"article\" \/>\n<meta property=\"og:title\" content=\"LARGE BRASS PENDANT - MELLITA 5102506-848\" \/>\n<meta property=\"og:description\" content=\"LARGE BRASS PENDANT - MELLITA 5102506-848 - Discover our collection of designer lighting \u2014 pendants, lamps, and ceiling lights \u2014 to brighten every space with style and elegance.\" \/>\n<meta property=\"og:url\" content=\"https:\/\/luminairesgregoire.com\/en\/product\/large-brass-pendant-mellita-5102506-848\/\" \/>\n<meta property=\"og:site_name\" content=\"Luminaires Paul Gr\u00e9goire\" \/>\n<meta property=\"article:modified_time\" content=\"2025-12-18T20:16:36+00:00\" \/>\n<meta property=\"og:image\" content=\"https:\/\/luminairesgregoire.com\/wp-content\/uploads\/2025\/12\/VISUA-1.webp\" \/>\n\t<meta property=\"og:image:width\" content=\"850\" \/>\n\t<meta property=\"og:image:height\" content=\"850\" \/>\n\t<meta property=\"og:image:type\" content=\"image\/jpeg\" \/>\n<meta name=\"twitter:card\" content=\"summary_large_image\" \/>\n<meta name=\"twitter:label1\" content=\"Est. reading time\" \/>\n\t<meta name=\"twitter:data1\" content=\"1 minute\" \/>\n<script type=\"application\/ld+json\" class=\"yoast-schema-graph\">{\"@context\":\"https:\\\/\\\/schema.org\",\"@graph\":[{\"@type\":\"WebPage\",\"@id\":\"https:\\\/\\\/luminairesgregoire.com\\\/en\\\/product\\\/large-brass-pendant-mellita-5102506-848\\\/\",\"url\":\"https:\\\/\\\/luminairesgregoire.com\\\/en\\\/product\\\/large-brass-pendant-mellita-5102506-848\\\/\",\"name\":\"LARGE BRASS PENDANT - MELLITA 5102506-848\",\"isPartOf\":{\"@id\":\"https:\\\/\\\/luminairesgregoire.com\\\/en\\\/#website\"},\"primaryImageOfPage\":{\"@id\":\"https:\\\/\\\/luminairesgregoire.com\\\/en\\\/product\\\/large-brass-pendant-mellita-5102506-848\\\/#primaryimage\"},\"image\":{\"@id\":\"https:\\\/\\\/luminairesgregoire.com\\\/en\\\/product\\\/large-brass-pendant-mellita-5102506-848\\\/#primaryimage\"},\"thumbnailUrl\":\"https:\\\/\\\/luminairesgregoire.com\\\/wp-content\\\/uploads\\\/2025\\\/12\\\/VISUA-1.webp\",\"datePublished\":\"2025-05-02T17:53:53+00:00\",\"dateModified\":\"2025-12-18T20:16:36+00:00\",\"description\":\"LARGE BRASS PENDANT - MELLITA 5102506-848 - Discover our collection of designer lighting \u2014 pendants, lamps, and ceiling lights \u2014 to brighten every space with style and elegance.\",\"breadcrumb\":{\"@id\":\"https:\\\/\\\/luminairesgregoire.com\\\/en\\\/product\\\/large-brass-pendant-mellita-5102506-848\\\/#breadcrumb\"},\"inLanguage\":\"en-US\",\"potentialAction\":[{\"@type\":\"ReadAction\",\"target\":[\"https:\\\/\\\/luminairesgregoire.com\\\/en\\\/product\\\/large-brass-pendant-mellita-5102506-848\\\/\"]}]},{\"@type\":\"ImageObject\",\"inLanguage\":\"en-US\",\"@id\":\"https:\\\/\\\/luminairesgregoire.com\\\/en\\\/product\\\/large-brass-pendant-mellita-5102506-848\\\/#primaryimage\",\"url\":\"https:\\\/\\\/luminairesgregoire.com\\\/wp-content\\\/uploads\\\/2025\\\/12\\\/VISUA-1.webp\",\"contentUrl\":\"https:\\\/\\\/luminairesgregoire.com\\\/wp-content\\\/uploads\\\/2025\\\/12\\\/VISUA-1.webp\",\"width\":850,\"height\":850,\"caption\":\"LARGE BRASS PENDANT - MELLITA 5102506-848\"},{\"@type\":\"BreadcrumbList\",\"@id\":\"https:\\\/\\\/luminairesgregoire.com\\\/en\\\/product\\\/large-brass-pendant-mellita-5102506-848\\\/#breadcrumb\",\"itemListElement\":[{\"@type\":\"ListItem\",\"position\":1,\"name\":\"Home\",\"item\":\"https:\\\/\\\/luminairesgregoire.com\\\/en\\\/\"},{\"@type\":\"ListItem\",\"position\":2,\"name\":\"Store\",\"item\":\"https:\\\/\\\/luminairesgregoire.com\\\/en\\\/products\\\/\"},{\"@type\":\"ListItem\",\"position\":3,\"name\":\"LARGE BRASS PENDANT &#8211; MELLITA 5102506-848\"}]},{\"@type\":\"WebSite\",\"@id\":\"https:\\\/\\\/luminairesgregoire.com\\\/en\\\/#website\",\"url\":\"https:\\\/\\\/luminairesgregoire.com\\\/en\\\/\",\"name\":\"Luminaires Paul Gr\u00e9goire\",\"description\":\"\",\"publisher\":{\"@id\":\"https:\\\/\\\/luminairesgregoire.com\\\/en\\\/#organization\"},\"potentialAction\":[{\"@type\":\"SearchAction\",\"target\":{\"@type\":\"EntryPoint\",\"urlTemplate\":\"https:\\\/\\\/luminairesgregoire.com\\\/en\\\/?s={search_term_string}\"},\"query-input\":{\"@type\":\"PropertyValueSpecification\",\"valueRequired\":true,\"valueName\":\"search_term_string\"}}],\"inLanguage\":\"en-US\"},{\"@type\":\"Organization\",\"@id\":\"https:\\\/\\\/luminairesgregoire.com\\\/en\\\/#organization\",\"name\":\"Luminaires Paul Gr\u00e9goire\",\"url\":\"https:\\\/\\\/luminairesgregoire.com\\\/en\\\/\",\"logo\":{\"@type\":\"ImageObject\",\"inLanguage\":\"en-US\",\"@id\":\"https:\\\/\\\/luminairesgregoire.com\\\/en\\\/#\\\/schema\\\/logo\\\/image\\\/\",\"url\":\"https:\\\/\\\/luminairesgregoire.com\\\/wp-content\\\/uploads\\\/2021\\\/05\\\/logo_CMYK-1-1.png\",\"contentUrl\":\"https:\\\/\\\/luminairesgregoire.com\\\/wp-content\\\/uploads\\\/2021\\\/05\\\/logo_CMYK-1-1.png\",\"width\":350,\"height\":164,\"caption\":\"Luminaires Paul Gr\u00e9goire\"},\"image\":{\"@id\":\"https:\\\/\\\/luminairesgregoire.com\\\/en\\\/#\\\/schema\\\/logo\\\/image\\\/\"}}]}<\/script>\n<!-- \/ Yoast SEO plugin. -->","yoast_head_json":{"title":"LARGE BRASS PENDANT - MELLITA 5102506-848","description":"LARGE BRASS PENDANT - MELLITA 5102506-848 - Discover our collection of designer lighting \u2014 pendants, lamps, and ceiling lights \u2014 to brighten every space with style and elegance.","robots":{"index":"index","follow":"follow","max-snippet":"max-snippet:-1","max-image-preview":"max-image-preview:large","max-video-preview":"max-video-preview:-1"},"canonical":"https:\/\/luminairesgregoire.com\/en\/product\/large-brass-pendant-mellita-5102506-848\/","og_locale":"en_US","og_type":"article","og_title":"LARGE BRASS PENDANT - MELLITA 5102506-848","og_description":"LARGE BRASS PENDANT - MELLITA 5102506-848 - Discover our collection of designer lighting \u2014 pendants, lamps, and ceiling lights \u2014 to brighten every space with style and elegance.","og_url":"https:\/\/luminairesgregoire.com\/en\/product\/large-brass-pendant-mellita-5102506-848\/","og_site_name":"Luminaires Paul Gr\u00e9goire","article_modified_time":"2025-12-18T20:16:36+00:00","og_image":[{"width":850,"height":850,"url":"https:\/\/luminairesgregoire.com\/wp-content\/uploads\/2025\/12\/VISUA-1.webp","type":"image\/jpeg"}],"twitter_card":"summary_large_image","twitter_misc":{"Est. reading time":"1 minute"},"schema":{"@context":"https:\/\/schema.org","@graph":[{"@type":"WebPage","@id":"https:\/\/luminairesgregoire.com\/en\/product\/large-brass-pendant-mellita-5102506-848\/","url":"https:\/\/luminairesgregoire.com\/en\/product\/large-brass-pendant-mellita-5102506-848\/","name":"LARGE BRASS PENDANT - MELLITA 5102506-848","isPartOf":{"@id":"https:\/\/luminairesgregoire.com\/en\/#website"},"primaryImageOfPage":{"@id":"https:\/\/luminairesgregoire.com\/en\/product\/large-brass-pendant-mellita-5102506-848\/#primaryimage"},"image":{"@id":"https:\/\/luminairesgregoire.com\/en\/product\/large-brass-pendant-mellita-5102506-848\/#primaryimage"},"thumbnailUrl":"https:\/\/luminairesgregoire.com\/wp-content\/uploads\/2025\/12\/VISUA-1.webp","datePublished":"2025-05-02T17:53:53+00:00","dateModified":"2025-12-18T20:16:36+00:00","description":"LARGE BRASS PENDANT - MELLITA 5102506-848 - Discover our collection of designer lighting \u2014 pendants, lamps, and ceiling lights \u2014 to brighten every space with style and elegance.","breadcrumb":{"@id":"https:\/\/luminairesgregoire.com\/en\/product\/large-brass-pendant-mellita-5102506-848\/#breadcrumb"},"inLanguage":"en-US","potentialAction":[{"@type":"ReadAction","target":["https:\/\/luminairesgregoire.com\/en\/product\/large-brass-pendant-mellita-5102506-848\/"]}]},{"@type":"ImageObject","inLanguage":"en-US","@id":"https:\/\/luminairesgregoire.com\/en\/product\/large-brass-pendant-mellita-5102506-848\/#primaryimage","url":"https:\/\/luminairesgregoire.com\/wp-content\/uploads\/2025\/12\/VISUA-1.webp","contentUrl":"https:\/\/luminairesgregoire.com\/wp-content\/uploads\/2025\/12\/VISUA-1.webp","width":850,"height":850,"caption":"LARGE BRASS PENDANT - MELLITA 5102506-848"},{"@type":"BreadcrumbList","@id":"https:\/\/luminairesgregoire.com\/en\/product\/large-brass-pendant-mellita-5102506-848\/#breadcrumb","itemListElement":[{"@type":"ListItem","position":1,"name":"Home","item":"https:\/\/luminairesgregoire.com\/en\/"},{"@type":"ListItem","position":2,"name":"Store","item":"https:\/\/luminairesgregoire.com\/en\/products\/"},{"@type":"ListItem","position":3,"name":"LARGE BRASS PENDANT &#8211; MELLITA 5102506-848"}]},{"@type":"WebSite","@id":"https:\/\/luminairesgregoire.com\/en\/#website","url":"https:\/\/luminairesgregoire.com\/en\/","name":"Luminaires Paul Gr\u00e9goire","description":"","publisher":{"@id":"https:\/\/luminairesgregoire.com\/en\/#organization"},"potentialAction":[{"@type":"SearchAction","target":{"@type":"EntryPoint","urlTemplate":"https:\/\/luminairesgregoire.com\/en\/?s={search_term_string}"},"query-input":{"@type":"PropertyValueSpecification","valueRequired":true,"valueName":"search_term_string"}}],"inLanguage":"en-US"},{"@type":"Organization","@id":"https:\/\/luminairesgregoire.com\/en\/#organization","name":"Luminaires Paul Gr\u00e9goire","url":"https:\/\/luminairesgregoire.com\/en\/","logo":{"@type":"ImageObject","inLanguage":"en-US","@id":"https:\/\/luminairesgregoire.com\/en\/#\/schema\/logo\/image\/","url":"https:\/\/luminairesgregoire.com\/wp-content\/uploads\/2021\/05\/logo_CMYK-1-1.png","contentUrl":"https:\/\/luminairesgregoire.com\/wp-content\/uploads\/2021\/05\/logo_CMYK-1-1.png","width":350,"height":164,"caption":"Luminaires Paul Gr\u00e9goire"},"image":{"@id":"https:\/\/luminairesgregoire.com\/en\/#\/schema\/logo\/image\/"}}]}},"_links":{"self":[{"href":"https:\/\/luminairesgregoire.com\/en\/wp-json\/wp\/v2\/product\/23837","targetHints":{"allow":["GET"]}}],"collection":[{"href":"https:\/\/luminairesgregoire.com\/en\/wp-json\/wp\/v2\/product"}],"about":[{"href":"https:\/\/luminairesgregoire.com\/en\/wp-json\/wp\/v2\/types\/product"}],"wp:featuredmedia":[{"embeddable":true,"href":"https:\/\/luminairesgregoire.com\/en\/wp-json\/wp\/v2\/media\/30316"}],"wp:attachment":[{"href":"https:\/\/luminairesgregoire.com\/en\/wp-json\/wp\/v2\/media?parent=23837"}],"wp:term":[{"taxonomy":"product_brand","embeddable":true,"href":"https:\/\/luminairesgregoire.com\/en\/wp-json\/wp\/v2\/product_brand?post=23837"},{"taxonomy":"product_cat","embeddable":true,"href":"https:\/\/luminairesgregoire.com\/en\/wp-json\/wp\/v2\/product_cat?post=23837"},{"taxonomy":"product_tag","embeddable":true,"href":"https:\/\/luminairesgregoire.com\/en\/wp-json\/wp\/v2\/product_tag?post=23837"}],"curies":[{"name":"wp","href":"https:\/\/api.w.org\/{rel}","templated":true}]}}