{"id":23861,"date":"2025-05-02T13:54:36","date_gmt":"2025-05-02T17:54:36","guid":{"rendered":"https:\/\/luminairesgregoire.com\/produits\/52588pn\/"},"modified":"2026-01-08T10:37:06","modified_gmt":"2026-01-08T15:37:06","slug":"black-and-polished-nickel-semi-flush-mount-cecil-52588pn","status":"publish","type":"product","link":"https:\/\/luminairesgregoire.com\/en\/product\/black-and-polished-nickel-semi-flush-mount-cecil-52588pn\/","title":{"rendered":"BLACK AND POLISHED NICKEL SEMI-FLUSH MOUNT &#8211; CECIL 52588PN"},"content":{"rendered":"<p data-start=\"865\" data-end=\"1115\">The Cecil 4 light flush mount illuminates in sheer elegance. Its open cage lets the bulbs literally shine through. Its elegant polished nickel and black form and stellar lighting effect breathes new life into your space.<\/p>\n<ul data-start=\"1117\" data-end=\"1753\">\n<li data-start=\"1117\" data-end=\"1242\">\n<p data-start=\"1119\" data-end=\"1242\">With its contemporary aesthetic, this mid-century modern fixture is timeless refinement<\/p>\n<\/li>\n<li data-start=\"1243\" data-end=\"1384\">\n<p data-start=\"1245\" data-end=\"1384\">Polished nickel is a warm-toned metallic finish that adds a subtle shine that works well with a variety of finishes<\/p>\n<\/li>\n<li data-start=\"1385\" data-end=\"1451\">\n<p data-start=\"1387\" data-end=\"1451\">Change the bulb and change your look<\/p>\n<\/li>\n<li data-start=\"1452\" data-end=\"1568\">\n<p data-start=\"1454\" data-end=\"1568\">Use alone in small spaces or in multiples to fill a larger area<\/p>\n<\/li>\n<li data-start=\"1569\" data-end=\"1637\">\n<p data-start=\"1571\" data-end=\"1637\">Ideal for your hallway, entry way or small living room or bedroom<\/p>\n<\/li>\n<li data-start=\"1638\" data-end=\"1753\">\n<p data-start=\"1640\" data-end=\"1753\">N\u00e9cessite quatre ampoules E12 de type cand\u00e9labre de 60 W maximum ou des ampoules DEL \u00e9quivalentes, non incluses<\/p>\n<\/li>\n<\/ul>\n","protected":false},"excerpt":{"rendered":"<p>The Cecil 4 light flush mount illuminates in sheer elegance. Its open cage lets the bulbs literally shine through. Its elegant polished nickel and black form and stellar lighting effect breathes new life into your space. With its contemporary aesthetic, this mid-century modern fixture is timeless refinement Polished nickel is a warm-toned metallic finish that [&hellip;]<\/p>\n","protected":false},"featured_media":18941,"template":"","meta":{"_acf_changed":false},"product_brand":[7096],"product_cat":[5987],"product_tag":[],"class_list":{"0":"post-23861","1":"product","2":"type-product","3":"status-publish","4":"has-post-thumbnail","6":"product_brand-kichler","7":"product_cat-semi-flush-mounts","8":"pa_ampoules-incluses-no","9":"pa_culots-dampoules-e12","10":"pa_diametre-17-75","11":"pa_diffuseur-metal","12":"pa_finis-black","13":"pa_finis-nickel","14":"pa_formes-dampoules-b10","15":"pa_garantie-1-year","16":"pa_hauteur-10-5","17":"pa_materiel-steel","18":"pa_nombre-dampoules-6436","19":"pa_type-de-gradateur-triac-2","20":"pa_types-dampoules-incandescent-led-compatible","21":"pa_watts-60-w","23":"first","24":"instock","25":"taxable","26":"shipping-taxable","27":"purchasable","28":"product-type-simple"},"acf":[],"yoast_head":"<!-- This site is optimized with the Yoast SEO plugin v27.4 - https:\/\/yoast.com\/product\/yoast-seo-wordpress\/ -->\n<title>BLACK AND POLISHED NICKEL SEMI-FLUSH MOUNT - CECIL 52588PN<\/title>\n<meta name=\"description\" content=\"BLACK AND POLISHED NICKEL SEMI-FLUSH MOUNT - CECIL 52588PN - Discover our collection of designer lighting \u2014 pendants, lamps, and ceiling lights \u2014 to brighten every space with style and elegance.\" \/>\n<meta name=\"robots\" content=\"index, follow, max-snippet:-1, max-image-preview:large, max-video-preview:-1\" \/>\n<link rel=\"canonical\" href=\"https:\/\/luminairesgregoire.com\/en\/product\/black-and-polished-nickel-semi-flush-mount-cecil-52588pn\/\" \/>\n<meta property=\"og:locale\" content=\"en_US\" \/>\n<meta property=\"og:type\" content=\"article\" \/>\n<meta property=\"og:title\" content=\"BLACK AND POLISHED NICKEL SEMI-FLUSH MOUNT - CECIL 52588PN\" \/>\n<meta property=\"og:description\" content=\"BLACK AND POLISHED NICKEL SEMI-FLUSH MOUNT - CECIL 52588PN - Discover our collection of designer lighting \u2014 pendants, lamps, and ceiling lights \u2014 to brighten every space with style and elegance.\" \/>\n<meta property=\"og:url\" content=\"https:\/\/luminairesgregoire.com\/en\/product\/black-and-polished-nickel-semi-flush-mount-cecil-52588pn\/\" \/>\n<meta property=\"og:site_name\" content=\"Luminaires Paul Gr\u00e9goire\" \/>\n<meta property=\"article:modified_time\" content=\"2026-01-08T15:37:06+00:00\" \/>\n<meta property=\"og:image\" content=\"https:\/\/luminairesgregoire.com\/wp-content\/uploads\/2025\/05\/52588pnbk.jpg\" \/>\n\t<meta property=\"og:image:width\" content=\"850\" \/>\n\t<meta property=\"og:image:height\" content=\"850\" \/>\n\t<meta property=\"og:image:type\" content=\"image\/jpeg\" \/>\n<meta name=\"twitter:card\" content=\"summary_large_image\" \/>\n<meta name=\"twitter:label1\" content=\"Est. reading time\" \/>\n\t<meta name=\"twitter:data1\" content=\"1 minute\" \/>\n<script type=\"application\/ld+json\" class=\"yoast-schema-graph\">{\"@context\":\"https:\\\/\\\/schema.org\",\"@graph\":[{\"@type\":\"WebPage\",\"@id\":\"https:\\\/\\\/luminairesgregoire.com\\\/en\\\/product\\\/black-and-polished-nickel-semi-flush-mount-cecil-52588pn\\\/\",\"url\":\"https:\\\/\\\/luminairesgregoire.com\\\/en\\\/product\\\/black-and-polished-nickel-semi-flush-mount-cecil-52588pn\\\/\",\"name\":\"BLACK AND POLISHED NICKEL SEMI-FLUSH MOUNT - CECIL 52588PN\",\"isPartOf\":{\"@id\":\"https:\\\/\\\/luminairesgregoire.com\\\/en\\\/#website\"},\"primaryImageOfPage\":{\"@id\":\"https:\\\/\\\/luminairesgregoire.com\\\/en\\\/product\\\/black-and-polished-nickel-semi-flush-mount-cecil-52588pn\\\/#primaryimage\"},\"image\":{\"@id\":\"https:\\\/\\\/luminairesgregoire.com\\\/en\\\/product\\\/black-and-polished-nickel-semi-flush-mount-cecil-52588pn\\\/#primaryimage\"},\"thumbnailUrl\":\"https:\\\/\\\/luminairesgregoire.com\\\/wp-content\\\/uploads\\\/2025\\\/05\\\/52588pnbk.jpg\",\"datePublished\":\"2025-05-02T17:54:36+00:00\",\"dateModified\":\"2026-01-08T15:37:06+00:00\",\"description\":\"BLACK AND POLISHED NICKEL SEMI-FLUSH MOUNT - CECIL 52588PN - Discover our collection of designer lighting \u2014 pendants, lamps, and ceiling lights \u2014 to brighten every space with style and elegance.\",\"breadcrumb\":{\"@id\":\"https:\\\/\\\/luminairesgregoire.com\\\/en\\\/product\\\/black-and-polished-nickel-semi-flush-mount-cecil-52588pn\\\/#breadcrumb\"},\"inLanguage\":\"en-US\",\"potentialAction\":[{\"@type\":\"ReadAction\",\"target\":[\"https:\\\/\\\/luminairesgregoire.com\\\/en\\\/product\\\/black-and-polished-nickel-semi-flush-mount-cecil-52588pn\\\/\"]}]},{\"@type\":\"ImageObject\",\"inLanguage\":\"en-US\",\"@id\":\"https:\\\/\\\/luminairesgregoire.com\\\/en\\\/product\\\/black-and-polished-nickel-semi-flush-mount-cecil-52588pn\\\/#primaryimage\",\"url\":\"https:\\\/\\\/luminairesgregoire.com\\\/wp-content\\\/uploads\\\/2025\\\/05\\\/52588pnbk.jpg\",\"contentUrl\":\"https:\\\/\\\/luminairesgregoire.com\\\/wp-content\\\/uploads\\\/2025\\\/05\\\/52588pnbk.jpg\",\"width\":850,\"height\":850,\"caption\":\"BLACK AND POLISHED NICKEL SEMI-FLUSH MOUNT - CECIL 52588PN\"},{\"@type\":\"BreadcrumbList\",\"@id\":\"https:\\\/\\\/luminairesgregoire.com\\\/en\\\/product\\\/black-and-polished-nickel-semi-flush-mount-cecil-52588pn\\\/#breadcrumb\",\"itemListElement\":[{\"@type\":\"ListItem\",\"position\":1,\"name\":\"Home\",\"item\":\"https:\\\/\\\/luminairesgregoire.com\\\/en\\\/\"},{\"@type\":\"ListItem\",\"position\":2,\"name\":\"Store\",\"item\":\"https:\\\/\\\/luminairesgregoire.com\\\/en\\\/products\\\/\"},{\"@type\":\"ListItem\",\"position\":3,\"name\":\"BLACK AND POLISHED NICKEL SEMI-FLUSH MOUNT &#8211; CECIL 52588PN\"}]},{\"@type\":\"WebSite\",\"@id\":\"https:\\\/\\\/luminairesgregoire.com\\\/en\\\/#website\",\"url\":\"https:\\\/\\\/luminairesgregoire.com\\\/en\\\/\",\"name\":\"Luminaires Paul Gr\u00e9goire\",\"description\":\"\",\"publisher\":{\"@id\":\"https:\\\/\\\/luminairesgregoire.com\\\/en\\\/#organization\"},\"potentialAction\":[{\"@type\":\"SearchAction\",\"target\":{\"@type\":\"EntryPoint\",\"urlTemplate\":\"https:\\\/\\\/luminairesgregoire.com\\\/en\\\/?s={search_term_string}\"},\"query-input\":{\"@type\":\"PropertyValueSpecification\",\"valueRequired\":true,\"valueName\":\"search_term_string\"}}],\"inLanguage\":\"en-US\"},{\"@type\":\"Organization\",\"@id\":\"https:\\\/\\\/luminairesgregoire.com\\\/en\\\/#organization\",\"name\":\"Luminaires Paul Gr\u00e9goire\",\"url\":\"https:\\\/\\\/luminairesgregoire.com\\\/en\\\/\",\"logo\":{\"@type\":\"ImageObject\",\"inLanguage\":\"en-US\",\"@id\":\"https:\\\/\\\/luminairesgregoire.com\\\/en\\\/#\\\/schema\\\/logo\\\/image\\\/\",\"url\":\"https:\\\/\\\/luminairesgregoire.com\\\/wp-content\\\/uploads\\\/2021\\\/05\\\/logo_CMYK-1-1.png\",\"contentUrl\":\"https:\\\/\\\/luminairesgregoire.com\\\/wp-content\\\/uploads\\\/2021\\\/05\\\/logo_CMYK-1-1.png\",\"width\":350,\"height\":164,\"caption\":\"Luminaires Paul Gr\u00e9goire\"},\"image\":{\"@id\":\"https:\\\/\\\/luminairesgregoire.com\\\/en\\\/#\\\/schema\\\/logo\\\/image\\\/\"}}]}<\/script>\n<!-- \/ Yoast SEO plugin. -->","yoast_head_json":{"title":"BLACK AND POLISHED NICKEL SEMI-FLUSH MOUNT - CECIL 52588PN","description":"BLACK AND POLISHED NICKEL SEMI-FLUSH MOUNT - CECIL 52588PN - Discover our collection of designer lighting \u2014 pendants, lamps, and ceiling lights \u2014 to brighten every space with style and elegance.","robots":{"index":"index","follow":"follow","max-snippet":"max-snippet:-1","max-image-preview":"max-image-preview:large","max-video-preview":"max-video-preview:-1"},"canonical":"https:\/\/luminairesgregoire.com\/en\/product\/black-and-polished-nickel-semi-flush-mount-cecil-52588pn\/","og_locale":"en_US","og_type":"article","og_title":"BLACK AND POLISHED NICKEL SEMI-FLUSH MOUNT - CECIL 52588PN","og_description":"BLACK AND POLISHED NICKEL SEMI-FLUSH MOUNT - CECIL 52588PN - Discover our collection of designer lighting \u2014 pendants, lamps, and ceiling lights \u2014 to brighten every space with style and elegance.","og_url":"https:\/\/luminairesgregoire.com\/en\/product\/black-and-polished-nickel-semi-flush-mount-cecil-52588pn\/","og_site_name":"Luminaires Paul Gr\u00e9goire","article_modified_time":"2026-01-08T15:37:06+00:00","og_image":[{"width":850,"height":850,"url":"https:\/\/luminairesgregoire.com\/wp-content\/uploads\/2025\/05\/52588pnbk.jpg","type":"image\/jpeg"}],"twitter_card":"summary_large_image","twitter_misc":{"Est. reading time":"1 minute"},"schema":{"@context":"https:\/\/schema.org","@graph":[{"@type":"WebPage","@id":"https:\/\/luminairesgregoire.com\/en\/product\/black-and-polished-nickel-semi-flush-mount-cecil-52588pn\/","url":"https:\/\/luminairesgregoire.com\/en\/product\/black-and-polished-nickel-semi-flush-mount-cecil-52588pn\/","name":"BLACK AND POLISHED NICKEL SEMI-FLUSH MOUNT - CECIL 52588PN","isPartOf":{"@id":"https:\/\/luminairesgregoire.com\/en\/#website"},"primaryImageOfPage":{"@id":"https:\/\/luminairesgregoire.com\/en\/product\/black-and-polished-nickel-semi-flush-mount-cecil-52588pn\/#primaryimage"},"image":{"@id":"https:\/\/luminairesgregoire.com\/en\/product\/black-and-polished-nickel-semi-flush-mount-cecil-52588pn\/#primaryimage"},"thumbnailUrl":"https:\/\/luminairesgregoire.com\/wp-content\/uploads\/2025\/05\/52588pnbk.jpg","datePublished":"2025-05-02T17:54:36+00:00","dateModified":"2026-01-08T15:37:06+00:00","description":"BLACK AND POLISHED NICKEL SEMI-FLUSH MOUNT - CECIL 52588PN - Discover our collection of designer lighting \u2014 pendants, lamps, and ceiling lights \u2014 to brighten every space with style and elegance.","breadcrumb":{"@id":"https:\/\/luminairesgregoire.com\/en\/product\/black-and-polished-nickel-semi-flush-mount-cecil-52588pn\/#breadcrumb"},"inLanguage":"en-US","potentialAction":[{"@type":"ReadAction","target":["https:\/\/luminairesgregoire.com\/en\/product\/black-and-polished-nickel-semi-flush-mount-cecil-52588pn\/"]}]},{"@type":"ImageObject","inLanguage":"en-US","@id":"https:\/\/luminairesgregoire.com\/en\/product\/black-and-polished-nickel-semi-flush-mount-cecil-52588pn\/#primaryimage","url":"https:\/\/luminairesgregoire.com\/wp-content\/uploads\/2025\/05\/52588pnbk.jpg","contentUrl":"https:\/\/luminairesgregoire.com\/wp-content\/uploads\/2025\/05\/52588pnbk.jpg","width":850,"height":850,"caption":"BLACK AND POLISHED NICKEL SEMI-FLUSH MOUNT - CECIL 52588PN"},{"@type":"BreadcrumbList","@id":"https:\/\/luminairesgregoire.com\/en\/product\/black-and-polished-nickel-semi-flush-mount-cecil-52588pn\/#breadcrumb","itemListElement":[{"@type":"ListItem","position":1,"name":"Home","item":"https:\/\/luminairesgregoire.com\/en\/"},{"@type":"ListItem","position":2,"name":"Store","item":"https:\/\/luminairesgregoire.com\/en\/products\/"},{"@type":"ListItem","position":3,"name":"BLACK AND POLISHED NICKEL SEMI-FLUSH MOUNT &#8211; CECIL 52588PN"}]},{"@type":"WebSite","@id":"https:\/\/luminairesgregoire.com\/en\/#website","url":"https:\/\/luminairesgregoire.com\/en\/","name":"Luminaires Paul Gr\u00e9goire","description":"","publisher":{"@id":"https:\/\/luminairesgregoire.com\/en\/#organization"},"potentialAction":[{"@type":"SearchAction","target":{"@type":"EntryPoint","urlTemplate":"https:\/\/luminairesgregoire.com\/en\/?s={search_term_string}"},"query-input":{"@type":"PropertyValueSpecification","valueRequired":true,"valueName":"search_term_string"}}],"inLanguage":"en-US"},{"@type":"Organization","@id":"https:\/\/luminairesgregoire.com\/en\/#organization","name":"Luminaires Paul Gr\u00e9goire","url":"https:\/\/luminairesgregoire.com\/en\/","logo":{"@type":"ImageObject","inLanguage":"en-US","@id":"https:\/\/luminairesgregoire.com\/en\/#\/schema\/logo\/image\/","url":"https:\/\/luminairesgregoire.com\/wp-content\/uploads\/2021\/05\/logo_CMYK-1-1.png","contentUrl":"https:\/\/luminairesgregoire.com\/wp-content\/uploads\/2021\/05\/logo_CMYK-1-1.png","width":350,"height":164,"caption":"Luminaires Paul Gr\u00e9goire"},"image":{"@id":"https:\/\/luminairesgregoire.com\/en\/#\/schema\/logo\/image\/"}}]}},"_links":{"self":[{"href":"https:\/\/luminairesgregoire.com\/en\/wp-json\/wp\/v2\/product\/23861","targetHints":{"allow":["GET"]}}],"collection":[{"href":"https:\/\/luminairesgregoire.com\/en\/wp-json\/wp\/v2\/product"}],"about":[{"href":"https:\/\/luminairesgregoire.com\/en\/wp-json\/wp\/v2\/types\/product"}],"wp:featuredmedia":[{"embeddable":true,"href":"https:\/\/luminairesgregoire.com\/en\/wp-json\/wp\/v2\/media\/18941"}],"wp:attachment":[{"href":"https:\/\/luminairesgregoire.com\/en\/wp-json\/wp\/v2\/media?parent=23861"}],"wp:term":[{"taxonomy":"product_brand","embeddable":true,"href":"https:\/\/luminairesgregoire.com\/en\/wp-json\/wp\/v2\/product_brand?post=23861"},{"taxonomy":"product_cat","embeddable":true,"href":"https:\/\/luminairesgregoire.com\/en\/wp-json\/wp\/v2\/product_cat?post=23861"},{"taxonomy":"product_tag","embeddable":true,"href":"https:\/\/luminairesgregoire.com\/en\/wp-json\/wp\/v2\/product_tag?post=23861"}],"curies":[{"name":"wp","href":"https:\/\/api.w.org\/{rel}","templated":true}]}}