{"id":23904,"date":"2025-05-02T13:55:36","date_gmt":"2025-05-02T17:55:36","guid":{"rendered":"https:\/\/luminairesgregoire.com\/produits\/65-215\/"},"modified":"2026-01-16T11:28:41","modified_gmt":"2026-01-16T16:28:41","slug":"dual-head-led-security-wall-light-with-motion-sensor-65-215","status":"publish","type":"product","link":"https:\/\/luminairesgregoire.com\/en\/product\/dual-head-led-security-wall-light-with-motion-sensor-65-215\/","title":{"rendered":"DUAL-HEAD LED SECURITY WALL LIGHT WITH MOTION SENSOR &#8211; 65-215"},"content":{"rendered":"<p>This dual-head LED security light provides powerful, targeted illumination to help secure outdoor areas. Its two adjustable heads allow the light to be directed exactly where needed, while the integrated motion sensor ensures automatic activation upon detection. Finished in a sleek black tone, it blends easily with any exterior fa\u00e7ade. Ideal for entrances, garages, yards, driveways, and walkways, it delivers reliable security and peace of mind.<\/p>\n","protected":false},"excerpt":{"rendered":"<p>This dual-head LED security light provides powerful, targeted illumination to help secure outdoor areas. Its two adjustable heads allow the light to be directed exactly where needed, while the integrated motion sensor ensures automatic activation upon detection. Finished in a sleek black tone, it blends easily with any exterior fa\u00e7ade. Ideal for entrances, garages, yards, [&hellip;]<\/p>\n","protected":false},"featured_media":33039,"template":"","meta":{"_acf_changed":false},"product_brand":[7097],"product_cat":[5978,5891],"product_tag":[],"class_list":{"0":"post-23904","1":"product","2":"type-product","3":"status-publish","4":"has-post-thumbnail","6":"product_brand-satco","7":"product_cat-commercial-lighting","8":"product_cat-outdoor-lighting","9":"pa_finis-black","10":"pa_hauteur-4-13","11":"pa_kelvin-3000-k","12":"pa_largeur-4-16","13":"pa_longueur-7-64","14":"pa_lumens-1900-lm","15":"pa_materiel-aluminum","16":"pa_type-de-gradateur-non-dimmable","17":"pa_types-dampoules-led-integrated","18":"pa_watts-20-w","20":"first","21":"instock","22":"taxable","23":"shipping-taxable","24":"purchasable","25":"product-type-simple"},"acf":[],"yoast_head":"<!-- This site is optimized with the Yoast SEO plugin v27.4 - https:\/\/yoast.com\/product\/yoast-seo-wordpress\/ -->\n<title>DUAL-HEAD LED SECURITY WALL LIGHT WITH MOTION SENSOR - 65-215<\/title>\n<meta name=\"description\" content=\"DUAL-HEAD LED SECURITY WALL LIGHT WITH MOTION SENSOR - 65-215 - Discover our collection of designer lighting \u2014 pendants, lamps, and ceiling lights \u2014 to brighten every space with style and elegance.\" \/>\n<meta name=\"robots\" content=\"index, follow, max-snippet:-1, max-image-preview:large, max-video-preview:-1\" \/>\n<link rel=\"canonical\" href=\"https:\/\/luminairesgregoire.com\/en\/product\/dual-head-led-security-wall-light-with-motion-sensor-65-215\/\" \/>\n<meta property=\"og:locale\" content=\"en_US\" \/>\n<meta property=\"og:type\" content=\"article\" \/>\n<meta property=\"og:title\" content=\"DUAL-HEAD LED SECURITY WALL LIGHT WITH MOTION SENSOR - 65-215\" \/>\n<meta property=\"og:description\" content=\"DUAL-HEAD LED SECURITY WALL LIGHT WITH MOTION SENSOR - 65-215 - Discover our collection of designer lighting \u2014 pendants, lamps, and ceiling lights \u2014 to brighten every space with style and elegance.\" \/>\n<meta property=\"og:url\" content=\"https:\/\/luminairesgregoire.com\/en\/product\/dual-head-led-security-wall-light-with-motion-sensor-65-215\/\" \/>\n<meta property=\"og:site_name\" content=\"Luminaires Paul Gr\u00e9goire\" \/>\n<meta property=\"article:modified_time\" content=\"2026-01-16T16:28:41+00:00\" \/>\n<meta property=\"og:image\" content=\"https:\/\/luminairesgregoire.com\/wp-content\/uploads\/2026\/01\/SANO.webp\" \/>\n\t<meta property=\"og:image:width\" content=\"850\" \/>\n\t<meta property=\"og:image:height\" content=\"850\" \/>\n\t<meta property=\"og:image:type\" content=\"image\/jpeg\" \/>\n<meta name=\"twitter:card\" content=\"summary_large_image\" \/>\n<meta name=\"twitter:label1\" content=\"Est. reading time\" \/>\n\t<meta name=\"twitter:data1\" content=\"1 minute\" \/>\n<script type=\"application\/ld+json\" class=\"yoast-schema-graph\">{\"@context\":\"https:\\\/\\\/schema.org\",\"@graph\":[{\"@type\":\"WebPage\",\"@id\":\"https:\\\/\\\/luminairesgregoire.com\\\/en\\\/product\\\/dual-head-led-security-wall-light-with-motion-sensor-65-215\\\/\",\"url\":\"https:\\\/\\\/luminairesgregoire.com\\\/en\\\/product\\\/dual-head-led-security-wall-light-with-motion-sensor-65-215\\\/\",\"name\":\"DUAL-HEAD LED SECURITY WALL LIGHT WITH MOTION SENSOR - 65-215\",\"isPartOf\":{\"@id\":\"https:\\\/\\\/luminairesgregoire.com\\\/en\\\/#website\"},\"primaryImageOfPage\":{\"@id\":\"https:\\\/\\\/luminairesgregoire.com\\\/en\\\/product\\\/dual-head-led-security-wall-light-with-motion-sensor-65-215\\\/#primaryimage\"},\"image\":{\"@id\":\"https:\\\/\\\/luminairesgregoire.com\\\/en\\\/product\\\/dual-head-led-security-wall-light-with-motion-sensor-65-215\\\/#primaryimage\"},\"thumbnailUrl\":\"https:\\\/\\\/luminairesgregoire.com\\\/wp-content\\\/uploads\\\/2026\\\/01\\\/SANO.webp\",\"datePublished\":\"2025-05-02T17:55:36+00:00\",\"dateModified\":\"2026-01-16T16:28:41+00:00\",\"description\":\"DUAL-HEAD LED SECURITY WALL LIGHT WITH MOTION SENSOR - 65-215 - Discover our collection of designer lighting \u2014 pendants, lamps, and ceiling lights \u2014 to brighten every space with style and elegance.\",\"breadcrumb\":{\"@id\":\"https:\\\/\\\/luminairesgregoire.com\\\/en\\\/product\\\/dual-head-led-security-wall-light-with-motion-sensor-65-215\\\/#breadcrumb\"},\"inLanguage\":\"en-US\",\"potentialAction\":[{\"@type\":\"ReadAction\",\"target\":[\"https:\\\/\\\/luminairesgregoire.com\\\/en\\\/product\\\/dual-head-led-security-wall-light-with-motion-sensor-65-215\\\/\"]}]},{\"@type\":\"ImageObject\",\"inLanguage\":\"en-US\",\"@id\":\"https:\\\/\\\/luminairesgregoire.com\\\/en\\\/product\\\/dual-head-led-security-wall-light-with-motion-sensor-65-215\\\/#primaryimage\",\"url\":\"https:\\\/\\\/luminairesgregoire.com\\\/wp-content\\\/uploads\\\/2026\\\/01\\\/SANO.webp\",\"contentUrl\":\"https:\\\/\\\/luminairesgregoire.com\\\/wp-content\\\/uploads\\\/2026\\\/01\\\/SANO.webp\",\"width\":850,\"height\":850,\"caption\":\"MURALE DE S\u00c9CURIT\u00c9 DEL DOUBLE T\u00caTE AVEC CAPTEUR MOUVEMENT - 65-215\"},{\"@type\":\"BreadcrumbList\",\"@id\":\"https:\\\/\\\/luminairesgregoire.com\\\/en\\\/product\\\/dual-head-led-security-wall-light-with-motion-sensor-65-215\\\/#breadcrumb\",\"itemListElement\":[{\"@type\":\"ListItem\",\"position\":1,\"name\":\"Home\",\"item\":\"https:\\\/\\\/luminairesgregoire.com\\\/en\\\/\"},{\"@type\":\"ListItem\",\"position\":2,\"name\":\"Store\",\"item\":\"https:\\\/\\\/luminairesgregoire.com\\\/en\\\/products\\\/\"},{\"@type\":\"ListItem\",\"position\":3,\"name\":\"DUAL-HEAD LED SECURITY WALL LIGHT WITH MOTION SENSOR &#8211; 65-215\"}]},{\"@type\":\"WebSite\",\"@id\":\"https:\\\/\\\/luminairesgregoire.com\\\/en\\\/#website\",\"url\":\"https:\\\/\\\/luminairesgregoire.com\\\/en\\\/\",\"name\":\"Luminaires Paul Gr\u00e9goire\",\"description\":\"\",\"publisher\":{\"@id\":\"https:\\\/\\\/luminairesgregoire.com\\\/en\\\/#organization\"},\"potentialAction\":[{\"@type\":\"SearchAction\",\"target\":{\"@type\":\"EntryPoint\",\"urlTemplate\":\"https:\\\/\\\/luminairesgregoire.com\\\/en\\\/?s={search_term_string}\"},\"query-input\":{\"@type\":\"PropertyValueSpecification\",\"valueRequired\":true,\"valueName\":\"search_term_string\"}}],\"inLanguage\":\"en-US\"},{\"@type\":\"Organization\",\"@id\":\"https:\\\/\\\/luminairesgregoire.com\\\/en\\\/#organization\",\"name\":\"Luminaires Paul Gr\u00e9goire\",\"url\":\"https:\\\/\\\/luminairesgregoire.com\\\/en\\\/\",\"logo\":{\"@type\":\"ImageObject\",\"inLanguage\":\"en-US\",\"@id\":\"https:\\\/\\\/luminairesgregoire.com\\\/en\\\/#\\\/schema\\\/logo\\\/image\\\/\",\"url\":\"https:\\\/\\\/luminairesgregoire.com\\\/wp-content\\\/uploads\\\/2021\\\/05\\\/logo_CMYK-1-1.png\",\"contentUrl\":\"https:\\\/\\\/luminairesgregoire.com\\\/wp-content\\\/uploads\\\/2021\\\/05\\\/logo_CMYK-1-1.png\",\"width\":350,\"height\":164,\"caption\":\"Luminaires Paul Gr\u00e9goire\"},\"image\":{\"@id\":\"https:\\\/\\\/luminairesgregoire.com\\\/en\\\/#\\\/schema\\\/logo\\\/image\\\/\"}}]}<\/script>\n<!-- \/ Yoast SEO plugin. -->","yoast_head_json":{"title":"DUAL-HEAD LED SECURITY WALL LIGHT WITH MOTION SENSOR - 65-215","description":"DUAL-HEAD LED SECURITY WALL LIGHT WITH MOTION SENSOR - 65-215 - Discover our collection of designer lighting \u2014 pendants, lamps, and ceiling lights \u2014 to brighten every space with style and elegance.","robots":{"index":"index","follow":"follow","max-snippet":"max-snippet:-1","max-image-preview":"max-image-preview:large","max-video-preview":"max-video-preview:-1"},"canonical":"https:\/\/luminairesgregoire.com\/en\/product\/dual-head-led-security-wall-light-with-motion-sensor-65-215\/","og_locale":"en_US","og_type":"article","og_title":"DUAL-HEAD LED SECURITY WALL LIGHT WITH MOTION SENSOR - 65-215","og_description":"DUAL-HEAD LED SECURITY WALL LIGHT WITH MOTION SENSOR - 65-215 - Discover our collection of designer lighting \u2014 pendants, lamps, and ceiling lights \u2014 to brighten every space with style and elegance.","og_url":"https:\/\/luminairesgregoire.com\/en\/product\/dual-head-led-security-wall-light-with-motion-sensor-65-215\/","og_site_name":"Luminaires Paul Gr\u00e9goire","article_modified_time":"2026-01-16T16:28:41+00:00","og_image":[{"width":850,"height":850,"url":"https:\/\/luminairesgregoire.com\/wp-content\/uploads\/2026\/01\/SANO.webp","type":"image\/jpeg"}],"twitter_card":"summary_large_image","twitter_misc":{"Est. reading time":"1 minute"},"schema":{"@context":"https:\/\/schema.org","@graph":[{"@type":"WebPage","@id":"https:\/\/luminairesgregoire.com\/en\/product\/dual-head-led-security-wall-light-with-motion-sensor-65-215\/","url":"https:\/\/luminairesgregoire.com\/en\/product\/dual-head-led-security-wall-light-with-motion-sensor-65-215\/","name":"DUAL-HEAD LED SECURITY WALL LIGHT WITH MOTION SENSOR - 65-215","isPartOf":{"@id":"https:\/\/luminairesgregoire.com\/en\/#website"},"primaryImageOfPage":{"@id":"https:\/\/luminairesgregoire.com\/en\/product\/dual-head-led-security-wall-light-with-motion-sensor-65-215\/#primaryimage"},"image":{"@id":"https:\/\/luminairesgregoire.com\/en\/product\/dual-head-led-security-wall-light-with-motion-sensor-65-215\/#primaryimage"},"thumbnailUrl":"https:\/\/luminairesgregoire.com\/wp-content\/uploads\/2026\/01\/SANO.webp","datePublished":"2025-05-02T17:55:36+00:00","dateModified":"2026-01-16T16:28:41+00:00","description":"DUAL-HEAD LED SECURITY WALL LIGHT WITH MOTION SENSOR - 65-215 - Discover our collection of designer lighting \u2014 pendants, lamps, and ceiling lights \u2014 to brighten every space with style and elegance.","breadcrumb":{"@id":"https:\/\/luminairesgregoire.com\/en\/product\/dual-head-led-security-wall-light-with-motion-sensor-65-215\/#breadcrumb"},"inLanguage":"en-US","potentialAction":[{"@type":"ReadAction","target":["https:\/\/luminairesgregoire.com\/en\/product\/dual-head-led-security-wall-light-with-motion-sensor-65-215\/"]}]},{"@type":"ImageObject","inLanguage":"en-US","@id":"https:\/\/luminairesgregoire.com\/en\/product\/dual-head-led-security-wall-light-with-motion-sensor-65-215\/#primaryimage","url":"https:\/\/luminairesgregoire.com\/wp-content\/uploads\/2026\/01\/SANO.webp","contentUrl":"https:\/\/luminairesgregoire.com\/wp-content\/uploads\/2026\/01\/SANO.webp","width":850,"height":850,"caption":"MURALE DE S\u00c9CURIT\u00c9 DEL DOUBLE T\u00caTE AVEC CAPTEUR MOUVEMENT - 65-215"},{"@type":"BreadcrumbList","@id":"https:\/\/luminairesgregoire.com\/en\/product\/dual-head-led-security-wall-light-with-motion-sensor-65-215\/#breadcrumb","itemListElement":[{"@type":"ListItem","position":1,"name":"Home","item":"https:\/\/luminairesgregoire.com\/en\/"},{"@type":"ListItem","position":2,"name":"Store","item":"https:\/\/luminairesgregoire.com\/en\/products\/"},{"@type":"ListItem","position":3,"name":"DUAL-HEAD LED SECURITY WALL LIGHT WITH MOTION SENSOR &#8211; 65-215"}]},{"@type":"WebSite","@id":"https:\/\/luminairesgregoire.com\/en\/#website","url":"https:\/\/luminairesgregoire.com\/en\/","name":"Luminaires Paul Gr\u00e9goire","description":"","publisher":{"@id":"https:\/\/luminairesgregoire.com\/en\/#organization"},"potentialAction":[{"@type":"SearchAction","target":{"@type":"EntryPoint","urlTemplate":"https:\/\/luminairesgregoire.com\/en\/?s={search_term_string}"},"query-input":{"@type":"PropertyValueSpecification","valueRequired":true,"valueName":"search_term_string"}}],"inLanguage":"en-US"},{"@type":"Organization","@id":"https:\/\/luminairesgregoire.com\/en\/#organization","name":"Luminaires Paul Gr\u00e9goire","url":"https:\/\/luminairesgregoire.com\/en\/","logo":{"@type":"ImageObject","inLanguage":"en-US","@id":"https:\/\/luminairesgregoire.com\/en\/#\/schema\/logo\/image\/","url":"https:\/\/luminairesgregoire.com\/wp-content\/uploads\/2021\/05\/logo_CMYK-1-1.png","contentUrl":"https:\/\/luminairesgregoire.com\/wp-content\/uploads\/2021\/05\/logo_CMYK-1-1.png","width":350,"height":164,"caption":"Luminaires Paul Gr\u00e9goire"},"image":{"@id":"https:\/\/luminairesgregoire.com\/en\/#\/schema\/logo\/image\/"}}]}},"_links":{"self":[{"href":"https:\/\/luminairesgregoire.com\/en\/wp-json\/wp\/v2\/product\/23904","targetHints":{"allow":["GET"]}}],"collection":[{"href":"https:\/\/luminairesgregoire.com\/en\/wp-json\/wp\/v2\/product"}],"about":[{"href":"https:\/\/luminairesgregoire.com\/en\/wp-json\/wp\/v2\/types\/product"}],"wp:featuredmedia":[{"embeddable":true,"href":"https:\/\/luminairesgregoire.com\/en\/wp-json\/wp\/v2\/media\/33039"}],"wp:attachment":[{"href":"https:\/\/luminairesgregoire.com\/en\/wp-json\/wp\/v2\/media?parent=23904"}],"wp:term":[{"taxonomy":"product_brand","embeddable":true,"href":"https:\/\/luminairesgregoire.com\/en\/wp-json\/wp\/v2\/product_brand?post=23904"},{"taxonomy":"product_cat","embeddable":true,"href":"https:\/\/luminairesgregoire.com\/en\/wp-json\/wp\/v2\/product_cat?post=23904"},{"taxonomy":"product_tag","embeddable":true,"href":"https:\/\/luminairesgregoire.com\/en\/wp-json\/wp\/v2\/product_tag?post=23904"}],"curies":[{"name":"wp","href":"https:\/\/api.w.org\/{rel}","templated":true}]}}