{"id":24096,"date":"2025-05-02T14:45:44","date_gmt":"2025-05-02T18:45:44","guid":{"rendered":"https:\/\/luminairesgregoire.com\/produits\/c61002bksm\/"},"modified":"2026-02-19T14:03:23","modified_gmt":"2026-02-19T19:03:23","slug":"black-single-pendant-charismo-c61002bksm","status":"publish","type":"product","link":"https:\/\/luminairesgregoire.com\/en\/product\/black-single-pendant-charismo-c61002bksm\/","title":{"rendered":"BLACK SINGLE PENDANT &#8211; CHARISMO C61002BKSM"},"content":{"rendered":"<p data-start=\"0\" data-end=\"348\">La collection Charismo est une charmante s\u00e9rie de suspensions en verre nervur\u00e9, offertes en trois formes distinctes et deux couleurs. Le fini laiton vieilli avec verre opalin incarne une beaut\u00e9 classique, tandis que le fini noir avec verre fum\u00e9 apporte une \u00e9l\u00e9gance plus dramatique et feutr\u00e9e. Un choix gagnant, quel que soit le fini s\u00e9lectionn\u00e9.<\/p>\n<p data-start=\"350\" data-end=\"372\" data-is-last-node=\"\" data-is-only-node=\"\">*LIGHTBULBS NOT INCLUDED<\/p>\n","protected":false},"excerpt":{"rendered":"<p>La collection Charismo est une charmante s\u00e9rie de suspensions en verre nervur\u00e9, offertes en trois formes distinctes et deux couleurs. Le fini laiton vieilli avec verre opalin incarne une beaut\u00e9 classique, tandis que le fini noir avec verre fum\u00e9 apporte une \u00e9l\u00e9gance plus dramatique et feutr\u00e9e. Un choix gagnant, quel que soit le fini s\u00e9lectionn\u00e9. [&hellip;]<\/p>\n","protected":false},"featured_media":19529,"template":"","meta":{"_acf_changed":false},"product_brand":[7079],"product_cat":[5926,5989],"product_tag":[],"class_list":{"0":"post-24096","1":"product","2":"type-product","3":"status-publish","4":"has-post-thumbnail","6":"product_brand-matteo-modern","7":"product_cat-pendant-lights","8":"product_cat-single-pendants","9":"pa_ampoules-incluses-no","10":"pa_culots-dampoules-e26","11":"pa_diffuseur-ribbed-glass","12":"pa_diffuseur-smoked-glass","13":"pa_dimensions-o6-x-11-3-8h","14":"pa_finis-black","15":"pa_formes-dampoules-t9","16":"pa_hauteur-11-3-8","17":"pa_hauteur-120-max","18":"pa_materiel-metal","19":"pa_nombre-dampoules-6433","20":"pa_type-de-gradateur-triac-2","21":"pa_types-dampoules-incandescent-led-compatible","22":"pa_watts-60-w","24":"first","25":"instock","26":"taxable","27":"shipping-taxable","28":"purchasable","29":"product-type-simple"},"acf":[],"yoast_head":"<!-- This site is optimized with the Yoast SEO plugin v26.9 - https:\/\/yoast.com\/product\/yoast-seo-wordpress\/ -->\n<title>BLACK SINGLE PENDANT - CHARISMO C61002BKSM<\/title>\n<meta name=\"description\" content=\"BLACK SINGLE PENDANT - CHARISMO C61002BKSM - Discover our collection of designer lighting \u2014 pendants, lamps, and ceiling lights \u2014 to brighten every space with style and elegance.\" \/>\n<meta name=\"robots\" content=\"index, follow, max-snippet:-1, max-image-preview:large, max-video-preview:-1\" \/>\n<link rel=\"canonical\" href=\"https:\/\/luminairesgregoire.com\/en\/product\/black-single-pendant-charismo-c61002bksm\/\" \/>\n<meta property=\"og:locale\" content=\"en_US\" \/>\n<meta property=\"og:type\" content=\"article\" \/>\n<meta property=\"og:title\" content=\"BLACK SINGLE PENDANT - CHARISMO C61002BKSM\" \/>\n<meta property=\"og:description\" content=\"BLACK SINGLE PENDANT - CHARISMO C61002BKSM - Discover our collection of designer lighting \u2014 pendants, lamps, and ceiling lights \u2014 to brighten every space with style and elegance.\" \/>\n<meta property=\"og:url\" content=\"https:\/\/luminairesgregoire.com\/en\/product\/black-single-pendant-charismo-c61002bksm\/\" \/>\n<meta property=\"og:site_name\" content=\"Luminaires Paul Gr\u00e9goire\" \/>\n<meta property=\"article:modified_time\" content=\"2026-02-19T19:03:23+00:00\" \/>\n<meta property=\"og:image\" content=\"https:\/\/luminairesgregoire.com\/wp-content\/uploads\/2025\/05\/C61002BKSM_Canopy.jpg\" \/>\n\t<meta property=\"og:image:width\" content=\"850\" \/>\n\t<meta property=\"og:image:height\" content=\"850\" \/>\n\t<meta property=\"og:image:type\" content=\"image\/jpeg\" \/>\n<meta name=\"twitter:card\" content=\"summary_large_image\" \/>\n<meta name=\"twitter:label1\" content=\"Est. reading time\" \/>\n\t<meta name=\"twitter:data1\" content=\"1 minute\" \/>\n<script type=\"application\/ld+json\" class=\"yoast-schema-graph\">{\"@context\":\"https:\/\/schema.org\",\"@graph\":[{\"@type\":\"WebPage\",\"@id\":\"https:\/\/luminairesgregoire.com\/en\/product\/black-single-pendant-charismo-c61002bksm\/\",\"url\":\"https:\/\/luminairesgregoire.com\/en\/product\/black-single-pendant-charismo-c61002bksm\/\",\"name\":\"BLACK SINGLE PENDANT - CHARISMO C61002BKSM\",\"isPartOf\":{\"@id\":\"https:\/\/luminairesgregoire.com\/en\/#website\"},\"primaryImageOfPage\":{\"@id\":\"https:\/\/luminairesgregoire.com\/en\/product\/black-single-pendant-charismo-c61002bksm\/#primaryimage\"},\"image\":{\"@id\":\"https:\/\/luminairesgregoire.com\/en\/product\/black-single-pendant-charismo-c61002bksm\/#primaryimage\"},\"thumbnailUrl\":\"https:\/\/luminairesgregoire.com\/wp-content\/uploads\/2025\/05\/C61002BKSM_Canopy.jpg\",\"datePublished\":\"2025-05-02T18:45:44+00:00\",\"dateModified\":\"2026-02-19T19:03:23+00:00\",\"description\":\"BLACK SINGLE PENDANT - CHARISMO C61002BKSM - Discover our collection of designer lighting \u2014 pendants, lamps, and ceiling lights \u2014 to brighten every space with style and elegance.\",\"breadcrumb\":{\"@id\":\"https:\/\/luminairesgregoire.com\/en\/product\/black-single-pendant-charismo-c61002bksm\/#breadcrumb\"},\"inLanguage\":\"en-US\",\"potentialAction\":[{\"@type\":\"ReadAction\",\"target\":[\"https:\/\/luminairesgregoire.com\/en\/product\/black-single-pendant-charismo-c61002bksm\/\"]}]},{\"@type\":\"ImageObject\",\"inLanguage\":\"en-US\",\"@id\":\"https:\/\/luminairesgregoire.com\/en\/product\/black-single-pendant-charismo-c61002bksm\/#primaryimage\",\"url\":\"https:\/\/luminairesgregoire.com\/wp-content\/uploads\/2025\/05\/C61002BKSM_Canopy.jpg\",\"contentUrl\":\"https:\/\/luminairesgregoire.com\/wp-content\/uploads\/2025\/05\/C61002BKSM_Canopy.jpg\",\"width\":850,\"height\":850,\"caption\":\"BLACK SINGLE PENDANT - CHARISMO C61002BKSM\"},{\"@type\":\"BreadcrumbList\",\"@id\":\"https:\/\/luminairesgregoire.com\/en\/product\/black-single-pendant-charismo-c61002bksm\/#breadcrumb\",\"itemListElement\":[{\"@type\":\"ListItem\",\"position\":1,\"name\":\"Home\",\"item\":\"https:\/\/luminairesgregoire.com\/en\/\"},{\"@type\":\"ListItem\",\"position\":2,\"name\":\"Store\",\"item\":\"https:\/\/luminairesgregoire.com\/en\/products\/\"},{\"@type\":\"ListItem\",\"position\":3,\"name\":\"BLACK SINGLE PENDANT &#8211; CHARISMO C61002BKSM\"}]},{\"@type\":\"WebSite\",\"@id\":\"https:\/\/luminairesgregoire.com\/en\/#website\",\"url\":\"https:\/\/luminairesgregoire.com\/en\/\",\"name\":\"Luminaires Paul Gr\u00e9goire\",\"description\":\"\",\"publisher\":{\"@id\":\"https:\/\/luminairesgregoire.com\/en\/#organization\"},\"potentialAction\":[{\"@type\":\"SearchAction\",\"target\":{\"@type\":\"EntryPoint\",\"urlTemplate\":\"https:\/\/luminairesgregoire.com\/en\/?s={search_term_string}\"},\"query-input\":{\"@type\":\"PropertyValueSpecification\",\"valueRequired\":true,\"valueName\":\"search_term_string\"}}],\"inLanguage\":\"en-US\"},{\"@type\":\"Organization\",\"@id\":\"https:\/\/luminairesgregoire.com\/en\/#organization\",\"name\":\"Luminaires Paul Gr\u00e9goire\",\"url\":\"https:\/\/luminairesgregoire.com\/en\/\",\"logo\":{\"@type\":\"ImageObject\",\"inLanguage\":\"en-US\",\"@id\":\"https:\/\/luminairesgregoire.com\/en\/#\/schema\/logo\/image\/\",\"url\":\"https:\/\/luminairesgregoire.com\/wp-content\/uploads\/2021\/05\/logo_CMYK-1-1.png\",\"contentUrl\":\"https:\/\/luminairesgregoire.com\/wp-content\/uploads\/2021\/05\/logo_CMYK-1-1.png\",\"width\":350,\"height\":164,\"caption\":\"Luminaires Paul Gr\u00e9goire\"},\"image\":{\"@id\":\"https:\/\/luminairesgregoire.com\/en\/#\/schema\/logo\/image\/\"}}]}<\/script>\n<!-- \/ Yoast SEO plugin. -->","yoast_head_json":{"title":"BLACK SINGLE PENDANT - CHARISMO C61002BKSM","description":"BLACK SINGLE PENDANT - CHARISMO C61002BKSM - Discover our collection of designer lighting \u2014 pendants, lamps, and ceiling lights \u2014 to brighten every space with style and elegance.","robots":{"index":"index","follow":"follow","max-snippet":"max-snippet:-1","max-image-preview":"max-image-preview:large","max-video-preview":"max-video-preview:-1"},"canonical":"https:\/\/luminairesgregoire.com\/en\/product\/black-single-pendant-charismo-c61002bksm\/","og_locale":"en_US","og_type":"article","og_title":"BLACK SINGLE PENDANT - CHARISMO C61002BKSM","og_description":"BLACK SINGLE PENDANT - CHARISMO C61002BKSM - Discover our collection of designer lighting \u2014 pendants, lamps, and ceiling lights \u2014 to brighten every space with style and elegance.","og_url":"https:\/\/luminairesgregoire.com\/en\/product\/black-single-pendant-charismo-c61002bksm\/","og_site_name":"Luminaires Paul Gr\u00e9goire","article_modified_time":"2026-02-19T19:03:23+00:00","og_image":[{"width":850,"height":850,"url":"https:\/\/luminairesgregoire.com\/wp-content\/uploads\/2025\/05\/C61002BKSM_Canopy.jpg","type":"image\/jpeg"}],"twitter_card":"summary_large_image","twitter_misc":{"Est. reading time":"1 minute"},"schema":{"@context":"https:\/\/schema.org","@graph":[{"@type":"WebPage","@id":"https:\/\/luminairesgregoire.com\/en\/product\/black-single-pendant-charismo-c61002bksm\/","url":"https:\/\/luminairesgregoire.com\/en\/product\/black-single-pendant-charismo-c61002bksm\/","name":"BLACK SINGLE PENDANT - CHARISMO C61002BKSM","isPartOf":{"@id":"https:\/\/luminairesgregoire.com\/en\/#website"},"primaryImageOfPage":{"@id":"https:\/\/luminairesgregoire.com\/en\/product\/black-single-pendant-charismo-c61002bksm\/#primaryimage"},"image":{"@id":"https:\/\/luminairesgregoire.com\/en\/product\/black-single-pendant-charismo-c61002bksm\/#primaryimage"},"thumbnailUrl":"https:\/\/luminairesgregoire.com\/wp-content\/uploads\/2025\/05\/C61002BKSM_Canopy.jpg","datePublished":"2025-05-02T18:45:44+00:00","dateModified":"2026-02-19T19:03:23+00:00","description":"BLACK SINGLE PENDANT - CHARISMO C61002BKSM - Discover our collection of designer lighting \u2014 pendants, lamps, and ceiling lights \u2014 to brighten every space with style and elegance.","breadcrumb":{"@id":"https:\/\/luminairesgregoire.com\/en\/product\/black-single-pendant-charismo-c61002bksm\/#breadcrumb"},"inLanguage":"en-US","potentialAction":[{"@type":"ReadAction","target":["https:\/\/luminairesgregoire.com\/en\/product\/black-single-pendant-charismo-c61002bksm\/"]}]},{"@type":"ImageObject","inLanguage":"en-US","@id":"https:\/\/luminairesgregoire.com\/en\/product\/black-single-pendant-charismo-c61002bksm\/#primaryimage","url":"https:\/\/luminairesgregoire.com\/wp-content\/uploads\/2025\/05\/C61002BKSM_Canopy.jpg","contentUrl":"https:\/\/luminairesgregoire.com\/wp-content\/uploads\/2025\/05\/C61002BKSM_Canopy.jpg","width":850,"height":850,"caption":"BLACK SINGLE PENDANT - CHARISMO C61002BKSM"},{"@type":"BreadcrumbList","@id":"https:\/\/luminairesgregoire.com\/en\/product\/black-single-pendant-charismo-c61002bksm\/#breadcrumb","itemListElement":[{"@type":"ListItem","position":1,"name":"Home","item":"https:\/\/luminairesgregoire.com\/en\/"},{"@type":"ListItem","position":2,"name":"Store","item":"https:\/\/luminairesgregoire.com\/en\/products\/"},{"@type":"ListItem","position":3,"name":"BLACK SINGLE PENDANT &#8211; CHARISMO C61002BKSM"}]},{"@type":"WebSite","@id":"https:\/\/luminairesgregoire.com\/en\/#website","url":"https:\/\/luminairesgregoire.com\/en\/","name":"Luminaires Paul Gr\u00e9goire","description":"","publisher":{"@id":"https:\/\/luminairesgregoire.com\/en\/#organization"},"potentialAction":[{"@type":"SearchAction","target":{"@type":"EntryPoint","urlTemplate":"https:\/\/luminairesgregoire.com\/en\/?s={search_term_string}"},"query-input":{"@type":"PropertyValueSpecification","valueRequired":true,"valueName":"search_term_string"}}],"inLanguage":"en-US"},{"@type":"Organization","@id":"https:\/\/luminairesgregoire.com\/en\/#organization","name":"Luminaires Paul Gr\u00e9goire","url":"https:\/\/luminairesgregoire.com\/en\/","logo":{"@type":"ImageObject","inLanguage":"en-US","@id":"https:\/\/luminairesgregoire.com\/en\/#\/schema\/logo\/image\/","url":"https:\/\/luminairesgregoire.com\/wp-content\/uploads\/2021\/05\/logo_CMYK-1-1.png","contentUrl":"https:\/\/luminairesgregoire.com\/wp-content\/uploads\/2021\/05\/logo_CMYK-1-1.png","width":350,"height":164,"caption":"Luminaires Paul Gr\u00e9goire"},"image":{"@id":"https:\/\/luminairesgregoire.com\/en\/#\/schema\/logo\/image\/"}}]}},"_links":{"self":[{"href":"https:\/\/luminairesgregoire.com\/en\/wp-json\/wp\/v2\/product\/24096","targetHints":{"allow":["GET"]}}],"collection":[{"href":"https:\/\/luminairesgregoire.com\/en\/wp-json\/wp\/v2\/product"}],"about":[{"href":"https:\/\/luminairesgregoire.com\/en\/wp-json\/wp\/v2\/types\/product"}],"wp:featuredmedia":[{"embeddable":true,"href":"https:\/\/luminairesgregoire.com\/en\/wp-json\/wp\/v2\/media\/19529"}],"wp:attachment":[{"href":"https:\/\/luminairesgregoire.com\/en\/wp-json\/wp\/v2\/media?parent=24096"}],"wp:term":[{"taxonomy":"product_brand","embeddable":true,"href":"https:\/\/luminairesgregoire.com\/en\/wp-json\/wp\/v2\/product_brand?post=24096"},{"taxonomy":"product_cat","embeddable":true,"href":"https:\/\/luminairesgregoire.com\/en\/wp-json\/wp\/v2\/product_cat?post=24096"},{"taxonomy":"product_tag","embeddable":true,"href":"https:\/\/luminairesgregoire.com\/en\/wp-json\/wp\/v2\/product_tag?post=24096"}],"curies":[{"name":"wp","href":"https:\/\/api.w.org\/{rel}","templated":true}]}}