{"id":24102,"date":"2025-05-02T14:45:56","date_gmt":"2025-05-02T18:45:56","guid":{"rendered":"https:\/\/luminairesgregoire.com\/produits\/c80101sm\/"},"modified":"2026-02-24T09:38:47","modified_gmt":"2026-02-24T14:38:47","slug":"black-single-pendant-renity-c80101sm","status":"publish","type":"product","link":"https:\/\/luminairesgregoire.com\/en\/product\/black-single-pendant-renity-c80101sm\/","title":{"rendered":"BLACK SINGLE PENDANT &#8211; RENITY C80101SM"},"content":{"rendered":"<pre id=\"tw-target-text\" class=\"tw-data-text tw-text-large tw-ta\" dir=\"ltr\" data-placeholder=\"Traduction\" aria-label=\"Texte traduit\" data-ved=\"2ahUKEwjm7P2RkqmFAxUTK1kFHRoJC2EQ3ewLegQIBRAU\"><span class=\"Y2IQFc\" lang=\"fr\">La s\u00e9rie Renity pr\u00e9sente un design \u00e9l\u00e9gant en verre textur\u00e9 \u00e0 chevrons, assorti \u00e0 une finition en laiton dor\u00e9 vieilli ou fum\u00e9e. Ces luminaires suspendus sophistiqu\u00e9s ajouteront du charme \u00e0 n'importe quel espace. Disponible en 2 formes de verre.  <\/span><\/pre>\n","protected":false},"excerpt":{"rendered":"<p>La s\u00e9rie Renity pr\u00e9sente un design \u00e9l\u00e9gant en verre textur\u00e9 \u00e0 chevrons, assorti \u00e0 une finition en laiton dor\u00e9 vieilli ou fum\u00e9e. Ces luminaires suspendus sophistiqu\u00e9s ajouteront du charme \u00e0 n&#8217;importe quel espace. Disponible en 2 formes de verre.<\/p>\n","protected":false},"featured_media":35359,"template":"","meta":{"_acf_changed":false},"product_brand":[7079],"product_cat":[5926,5989],"product_tag":[],"class_list":{"0":"post-24102","1":"product","2":"type-product","3":"status-publish","4":"has-post-thumbnail","6":"product_brand-matteo-modern","7":"product_cat-pendant-lights","8":"product_cat-single-pendants","9":"pa_ampoules-incluses-no","10":"pa_culots-dampoules-e26-medium","11":"pa_diametre-7-1-8","12":"pa_diffuseur-smoked-glass","13":"pa_finis-black","14":"pa_formes-dampoules-g30","15":"pa_hauteur-15-1-2-min-120-max","16":"pa_materiel-metal","17":"pa_nombre-dampoules-6433","18":"pa_type-de-gradateur-triac-2","19":"pa_types-dampoules-incandescent-led-compatible","20":"pa_watts-60-w","22":"first","23":"instock","24":"taxable","25":"shipping-taxable","26":"purchasable","27":"product-type-simple"},"acf":[],"yoast_head":"<!-- This site is optimized with the Yoast SEO plugin v27.4 - https:\/\/yoast.com\/product\/yoast-seo-wordpress\/ -->\n<title>BLACK SINGLE PENDANT - RENITY C80101SM<\/title>\n<meta name=\"description\" content=\"BLACK SINGLE PENDANT - RENITY C80101SM - Discover our collection of designer lighting \u2014 pendants, lamps, and ceiling lights \u2014 to brighten every space with style and elegance.\" \/>\n<meta name=\"robots\" content=\"index, follow, max-snippet:-1, max-image-preview:large, max-video-preview:-1\" \/>\n<link rel=\"canonical\" href=\"https:\/\/luminairesgregoire.com\/en\/product\/black-single-pendant-renity-c80101sm\/\" \/>\n<meta property=\"og:locale\" content=\"en_US\" \/>\n<meta property=\"og:type\" content=\"article\" \/>\n<meta property=\"og:title\" content=\"BLACK SINGLE PENDANT - RENITY C80101SM\" \/>\n<meta property=\"og:description\" content=\"BLACK SINGLE PENDANT - RENITY C80101SM - Discover our collection of designer lighting \u2014 pendants, lamps, and ceiling lights \u2014 to brighten every space with style and elegance.\" \/>\n<meta property=\"og:url\" content=\"https:\/\/luminairesgregoire.com\/en\/product\/black-single-pendant-renity-c80101sm\/\" \/>\n<meta property=\"og:site_name\" content=\"Luminaires Paul Gr\u00e9goire\" \/>\n<meta property=\"article:modified_time\" content=\"2026-02-24T14:38:47+00:00\" \/>\n<meta property=\"og:image\" content=\"https:\/\/luminairesgregoire.com\/wp-content\/uploads\/2026\/02\/matt.webp\" \/>\n\t<meta property=\"og:image:width\" content=\"850\" \/>\n\t<meta property=\"og:image:height\" content=\"850\" \/>\n\t<meta property=\"og:image:type\" content=\"image\/jpeg\" \/>\n<meta name=\"twitter:card\" content=\"summary_large_image\" \/>\n<meta name=\"twitter:label1\" content=\"Est. reading time\" \/>\n\t<meta name=\"twitter:data1\" content=\"1 minute\" \/>\n<script type=\"application\/ld+json\" class=\"yoast-schema-graph\">{\"@context\":\"https:\\\/\\\/schema.org\",\"@graph\":[{\"@type\":\"WebPage\",\"@id\":\"https:\\\/\\\/luminairesgregoire.com\\\/en\\\/product\\\/black-single-pendant-renity-c80101sm\\\/\",\"url\":\"https:\\\/\\\/luminairesgregoire.com\\\/en\\\/product\\\/black-single-pendant-renity-c80101sm\\\/\",\"name\":\"BLACK SINGLE PENDANT - RENITY C80101SM\",\"isPartOf\":{\"@id\":\"https:\\\/\\\/luminairesgregoire.com\\\/en\\\/#website\"},\"primaryImageOfPage\":{\"@id\":\"https:\\\/\\\/luminairesgregoire.com\\\/en\\\/product\\\/black-single-pendant-renity-c80101sm\\\/#primaryimage\"},\"image\":{\"@id\":\"https:\\\/\\\/luminairesgregoire.com\\\/en\\\/product\\\/black-single-pendant-renity-c80101sm\\\/#primaryimage\"},\"thumbnailUrl\":\"https:\\\/\\\/luminairesgregoire.com\\\/wp-content\\\/uploads\\\/2026\\\/02\\\/matt.webp\",\"datePublished\":\"2025-05-02T18:45:56+00:00\",\"dateModified\":\"2026-02-24T14:38:47+00:00\",\"description\":\"BLACK SINGLE PENDANT - RENITY C80101SM - Discover our collection of designer lighting \u2014 pendants, lamps, and ceiling lights \u2014 to brighten every space with style and elegance.\",\"breadcrumb\":{\"@id\":\"https:\\\/\\\/luminairesgregoire.com\\\/en\\\/product\\\/black-single-pendant-renity-c80101sm\\\/#breadcrumb\"},\"inLanguage\":\"en-US\",\"potentialAction\":[{\"@type\":\"ReadAction\",\"target\":[\"https:\\\/\\\/luminairesgregoire.com\\\/en\\\/product\\\/black-single-pendant-renity-c80101sm\\\/\"]}]},{\"@type\":\"ImageObject\",\"inLanguage\":\"en-US\",\"@id\":\"https:\\\/\\\/luminairesgregoire.com\\\/en\\\/product\\\/black-single-pendant-renity-c80101sm\\\/#primaryimage\",\"url\":\"https:\\\/\\\/luminairesgregoire.com\\\/wp-content\\\/uploads\\\/2026\\\/02\\\/matt.webp\",\"contentUrl\":\"https:\\\/\\\/luminairesgregoire.com\\\/wp-content\\\/uploads\\\/2026\\\/02\\\/matt.webp\",\"width\":850,\"height\":850,\"caption\":\"BLACK SINGLE PENDANT - RENITY C80101SM\"},{\"@type\":\"BreadcrumbList\",\"@id\":\"https:\\\/\\\/luminairesgregoire.com\\\/en\\\/product\\\/black-single-pendant-renity-c80101sm\\\/#breadcrumb\",\"itemListElement\":[{\"@type\":\"ListItem\",\"position\":1,\"name\":\"Home\",\"item\":\"https:\\\/\\\/luminairesgregoire.com\\\/en\\\/\"},{\"@type\":\"ListItem\",\"position\":2,\"name\":\"Store\",\"item\":\"https:\\\/\\\/luminairesgregoire.com\\\/en\\\/products\\\/\"},{\"@type\":\"ListItem\",\"position\":3,\"name\":\"BLACK SINGLE PENDANT &#8211; RENITY C80101SM\"}]},{\"@type\":\"WebSite\",\"@id\":\"https:\\\/\\\/luminairesgregoire.com\\\/en\\\/#website\",\"url\":\"https:\\\/\\\/luminairesgregoire.com\\\/en\\\/\",\"name\":\"Luminaires Paul Gr\u00e9goire\",\"description\":\"\",\"publisher\":{\"@id\":\"https:\\\/\\\/luminairesgregoire.com\\\/en\\\/#organization\"},\"potentialAction\":[{\"@type\":\"SearchAction\",\"target\":{\"@type\":\"EntryPoint\",\"urlTemplate\":\"https:\\\/\\\/luminairesgregoire.com\\\/en\\\/?s={search_term_string}\"},\"query-input\":{\"@type\":\"PropertyValueSpecification\",\"valueRequired\":true,\"valueName\":\"search_term_string\"}}],\"inLanguage\":\"en-US\"},{\"@type\":\"Organization\",\"@id\":\"https:\\\/\\\/luminairesgregoire.com\\\/en\\\/#organization\",\"name\":\"Luminaires Paul Gr\u00e9goire\",\"url\":\"https:\\\/\\\/luminairesgregoire.com\\\/en\\\/\",\"logo\":{\"@type\":\"ImageObject\",\"inLanguage\":\"en-US\",\"@id\":\"https:\\\/\\\/luminairesgregoire.com\\\/en\\\/#\\\/schema\\\/logo\\\/image\\\/\",\"url\":\"https:\\\/\\\/luminairesgregoire.com\\\/wp-content\\\/uploads\\\/2021\\\/05\\\/logo_CMYK-1-1.png\",\"contentUrl\":\"https:\\\/\\\/luminairesgregoire.com\\\/wp-content\\\/uploads\\\/2021\\\/05\\\/logo_CMYK-1-1.png\",\"width\":350,\"height\":164,\"caption\":\"Luminaires Paul Gr\u00e9goire\"},\"image\":{\"@id\":\"https:\\\/\\\/luminairesgregoire.com\\\/en\\\/#\\\/schema\\\/logo\\\/image\\\/\"}}]}<\/script>\n<!-- \/ Yoast SEO plugin. -->","yoast_head_json":{"title":"BLACK SINGLE PENDANT - RENITY C80101SM","description":"BLACK SINGLE PENDANT - RENITY C80101SM - Discover our collection of designer lighting \u2014 pendants, lamps, and ceiling lights \u2014 to brighten every space with style and elegance.","robots":{"index":"index","follow":"follow","max-snippet":"max-snippet:-1","max-image-preview":"max-image-preview:large","max-video-preview":"max-video-preview:-1"},"canonical":"https:\/\/luminairesgregoire.com\/en\/product\/black-single-pendant-renity-c80101sm\/","og_locale":"en_US","og_type":"article","og_title":"BLACK SINGLE PENDANT - RENITY C80101SM","og_description":"BLACK SINGLE PENDANT - RENITY C80101SM - Discover our collection of designer lighting \u2014 pendants, lamps, and ceiling lights \u2014 to brighten every space with style and elegance.","og_url":"https:\/\/luminairesgregoire.com\/en\/product\/black-single-pendant-renity-c80101sm\/","og_site_name":"Luminaires Paul Gr\u00e9goire","article_modified_time":"2026-02-24T14:38:47+00:00","og_image":[{"width":850,"height":850,"url":"https:\/\/luminairesgregoire.com\/wp-content\/uploads\/2026\/02\/matt.webp","type":"image\/jpeg"}],"twitter_card":"summary_large_image","twitter_misc":{"Est. reading time":"1 minute"},"schema":{"@context":"https:\/\/schema.org","@graph":[{"@type":"WebPage","@id":"https:\/\/luminairesgregoire.com\/en\/product\/black-single-pendant-renity-c80101sm\/","url":"https:\/\/luminairesgregoire.com\/en\/product\/black-single-pendant-renity-c80101sm\/","name":"BLACK SINGLE PENDANT - RENITY C80101SM","isPartOf":{"@id":"https:\/\/luminairesgregoire.com\/en\/#website"},"primaryImageOfPage":{"@id":"https:\/\/luminairesgregoire.com\/en\/product\/black-single-pendant-renity-c80101sm\/#primaryimage"},"image":{"@id":"https:\/\/luminairesgregoire.com\/en\/product\/black-single-pendant-renity-c80101sm\/#primaryimage"},"thumbnailUrl":"https:\/\/luminairesgregoire.com\/wp-content\/uploads\/2026\/02\/matt.webp","datePublished":"2025-05-02T18:45:56+00:00","dateModified":"2026-02-24T14:38:47+00:00","description":"BLACK SINGLE PENDANT - RENITY C80101SM - Discover our collection of designer lighting \u2014 pendants, lamps, and ceiling lights \u2014 to brighten every space with style and elegance.","breadcrumb":{"@id":"https:\/\/luminairesgregoire.com\/en\/product\/black-single-pendant-renity-c80101sm\/#breadcrumb"},"inLanguage":"en-US","potentialAction":[{"@type":"ReadAction","target":["https:\/\/luminairesgregoire.com\/en\/product\/black-single-pendant-renity-c80101sm\/"]}]},{"@type":"ImageObject","inLanguage":"en-US","@id":"https:\/\/luminairesgregoire.com\/en\/product\/black-single-pendant-renity-c80101sm\/#primaryimage","url":"https:\/\/luminairesgregoire.com\/wp-content\/uploads\/2026\/02\/matt.webp","contentUrl":"https:\/\/luminairesgregoire.com\/wp-content\/uploads\/2026\/02\/matt.webp","width":850,"height":850,"caption":"BLACK SINGLE PENDANT - RENITY C80101SM"},{"@type":"BreadcrumbList","@id":"https:\/\/luminairesgregoire.com\/en\/product\/black-single-pendant-renity-c80101sm\/#breadcrumb","itemListElement":[{"@type":"ListItem","position":1,"name":"Home","item":"https:\/\/luminairesgregoire.com\/en\/"},{"@type":"ListItem","position":2,"name":"Store","item":"https:\/\/luminairesgregoire.com\/en\/products\/"},{"@type":"ListItem","position":3,"name":"BLACK SINGLE PENDANT &#8211; RENITY C80101SM"}]},{"@type":"WebSite","@id":"https:\/\/luminairesgregoire.com\/en\/#website","url":"https:\/\/luminairesgregoire.com\/en\/","name":"Luminaires Paul Gr\u00e9goire","description":"","publisher":{"@id":"https:\/\/luminairesgregoire.com\/en\/#organization"},"potentialAction":[{"@type":"SearchAction","target":{"@type":"EntryPoint","urlTemplate":"https:\/\/luminairesgregoire.com\/en\/?s={search_term_string}"},"query-input":{"@type":"PropertyValueSpecification","valueRequired":true,"valueName":"search_term_string"}}],"inLanguage":"en-US"},{"@type":"Organization","@id":"https:\/\/luminairesgregoire.com\/en\/#organization","name":"Luminaires Paul Gr\u00e9goire","url":"https:\/\/luminairesgregoire.com\/en\/","logo":{"@type":"ImageObject","inLanguage":"en-US","@id":"https:\/\/luminairesgregoire.com\/en\/#\/schema\/logo\/image\/","url":"https:\/\/luminairesgregoire.com\/wp-content\/uploads\/2021\/05\/logo_CMYK-1-1.png","contentUrl":"https:\/\/luminairesgregoire.com\/wp-content\/uploads\/2021\/05\/logo_CMYK-1-1.png","width":350,"height":164,"caption":"Luminaires Paul Gr\u00e9goire"},"image":{"@id":"https:\/\/luminairesgregoire.com\/en\/#\/schema\/logo\/image\/"}}]}},"_links":{"self":[{"href":"https:\/\/luminairesgregoire.com\/en\/wp-json\/wp\/v2\/product\/24102","targetHints":{"allow":["GET"]}}],"collection":[{"href":"https:\/\/luminairesgregoire.com\/en\/wp-json\/wp\/v2\/product"}],"about":[{"href":"https:\/\/luminairesgregoire.com\/en\/wp-json\/wp\/v2\/types\/product"}],"wp:featuredmedia":[{"embeddable":true,"href":"https:\/\/luminairesgregoire.com\/en\/wp-json\/wp\/v2\/media\/35359"}],"wp:attachment":[{"href":"https:\/\/luminairesgregoire.com\/en\/wp-json\/wp\/v2\/media?parent=24102"}],"wp:term":[{"taxonomy":"product_brand","embeddable":true,"href":"https:\/\/luminairesgregoire.com\/en\/wp-json\/wp\/v2\/product_brand?post=24102"},{"taxonomy":"product_cat","embeddable":true,"href":"https:\/\/luminairesgregoire.com\/en\/wp-json\/wp\/v2\/product_cat?post=24102"},{"taxonomy":"product_tag","embeddable":true,"href":"https:\/\/luminairesgregoire.com\/en\/wp-json\/wp\/v2\/product_tag?post=24102"}],"curies":[{"name":"wp","href":"https:\/\/api.w.org\/{rel}","templated":true}]}}