{"id":24433,"date":"2025-05-02T14:53:13","date_gmt":"2025-05-02T18:53:13","guid":{"rendered":"https:\/\/luminairesgregoire.com\/produits\/ipl786b01bk\/"},"modified":"2025-05-25T19:36:17","modified_gmt":"2025-05-25T23:36:17","slug":"ipl786b01bk","status":"publish","type":"product","link":"https:\/\/luminairesgregoire.com\/en\/product\/ipl786b01bk\/","title":{"rendered":"IPL786B01BK"},"content":{"rendered":"<div class=\"product media\">nn<\/p>\n<div class=\"gallery-placeholder\" data-gallery-role=\"gallery-placeholder\">nn<\/p>\n<div class=\"fotorama-item fotorama fotorama1698156706642\" data-gallery-role=\"gallery\">nn<\/p>\n<div class=\"fotorama__wrap fotorama__wrap--css3 fotorama__wrap--slide fotorama__wrap--toggle-arrows\">nn<\/p>\n<div class=\"fotorama__stage\" data-fotorama-stage=\"fotorama__stage\">nn<\/p>\n<div class=\"fotorama__stage__shaft fotorama__grab\" data-gallery-role=\"stage-shaft\">nn<\/p>\n<div class=\"fotorama__stage__frame fotorama__active magic360-stage-frame fotorama_vertical_ratio fotorama__loaded fotorama__loaded--img\" aria-hidden=\"false\" data-active=\"true\">nn<\/p>\n<div class=\"fotorama__html\">nn<\/p>\n<div class=\"fotorama__select\">nn<\/p>\n<div class=\"MagicToolboxContainer\">nn<\/p>\n<div class=\"MagicToolboxMessage\">Le mod\u00e8le BODIE vous aidera \u00e0 sortir de votre zone de confort et vous plongera dans un \u00e9clairage \u00e0 la fois simple et raffin\u00e9, mais tr\u00e8s tendance. Le plafonnier BODIE \u00e0 3 lumi\u00e8res combine un style moderne avec une touche industrielle, en associant le ton noir mat \u00e9l\u00e9gant de sa cage ouverte au superbe fini dor\u00e9 des tiges et des bras. La pi\u00e8ce de r\u00e9sistance de cette pi\u00e8ce r\u00e9side dans les filets dor\u00e9s qui ornent les douilles, transformant ainsi ce plafonnier en un incontournable pour votre entr\u00e9e ou votre salle \u00e0 manger.<\/div>\n<p>nn<\/p><\/div>\n<p>nn<\/p><\/div>\n<p>nn<\/p><\/div>\n<p>nn<\/p><\/div>\n<p>nn<\/p>\n<div class=\"fotorama__stage__frame fotorama_vertical_ratio fotorama__loaded fotorama__loaded--img\" aria-hidden=\"true\"><\/div>\n<p>nn<\/p>\n<div class=\"fotorama__stage__frame fotorama_vertical_ratio fotorama__loaded fotorama__loaded--img\" aria-hidden=\"true\"><\/div>\n<p>nn<\/p><\/div>\n<p>nn<\/p><\/div>\n<p>nn<\/p>\n<div class=\"fotorama__nav-wrap fotorama__nav-wrap--vertical\" data-gallery-role=\"nav-wrap\">nn<\/p>\n<div class=\"fotorama__nav fotorama__nav--thumbs fotorama__shadows--bottom\">nn<\/p>\n<div class=\"fotorama__thumb__arr fotorama__thumb__arr--left fotorama__arr--disabled\" role=\"button\" aria-label=\"Previous\" data-gallery-role=\"arrow\">nn<\/p>\n<div class=\"fotorama__thumb--icon\"><\/div>\n<p>nn<\/p><\/div>\n<p>nn<\/p>\n<div class=\"fotorama__nav__shaft fotorama__grab\">nn<\/p>\n<div class=\"fotorama__thumb-border\"><\/div>\n<p>nn<\/p>\n<div class=\"fotorama__nav__frame fotorama__nav__frame--thumb fotorama__active\" role=\"button\" data-gallery-role=\"nav-frame\" data-nav-type=\"thumb\" aria-label=\"\" data-active=\"true\">nn<\/p>\n<div class=\"fotorama__thumb fotorama_vertical_ratio fotorama__loaded fotorama__loaded--img\"><img decoding=\"async\" class=\"fotorama__img\" src=\"https:\/\/www.canarm.com\/media\/magic360\/\/i\/s\/ISF1069A03BKG_0042_Layer%206_1.jpg\" aria-hidden=\"false\" \/><\/div>\n<p>nn<\/p><\/div>\n<p>nn<\/p>\n<div class=\"fotorama__nav__frame fotorama__nav__frame--thumb\" role=\"button\" data-gallery-role=\"nav-frame\" data-nav-type=\"thumb\" aria-label=\"Semi-plafonnier BODIE\">nn<\/p>\n<div class=\"fotorama__thumb fotorama_vertical_ratio fotorama__loaded fotorama__loaded--img\"><img decoding=\"async\" class=\"fotorama__img\" src=\"https:\/\/www.canarm.com\/media\/catalog\/product\/i\/s\/isf1069a03bkg_1.jpg?store=residential&amp;image-type=small_image\" alt=\"Semi-plafonnier BODIE\" aria-labelledby=\"labelledby1698156706668\" aria-hidden=\"false\" \/><\/div>\n<p>nn<\/p><\/div>\n<p>nn<\/p>\n<div class=\"fotorama__nav__frame fotorama__nav__frame--thumb\" role=\"button\" data-gallery-role=\"nav-frame\" data-nav-type=\"thumb\" aria-label=\"Semi-plafonnier BODIE\">nn<\/p>\n<div class=\"fotorama__thumb fotorama_vertical_ratio fotorama__loaded fotorama__loaded--img\"><img decoding=\"async\" class=\"fotorama__img\" src=\"https:\/\/www.canarm.com\/media\/catalog\/product\/i\/s\/isf1069a03bkg_2_1.jpg?store=residential&amp;image-type=small_image\" alt=\"Semi-plafonnier BODIE\" aria-hidden=\"false\" \/><\/div>\n<p>nn<\/p><\/div>\n<p>nn<\/p>\n<div class=\"fotorama__nav__frame fotorama__nav__frame--thumb\" role=\"button\" data-gallery-role=\"nav-frame\" data-nav-type=\"thumb\" aria-label=\"Semi-plafonnier BODIE\">nn<\/p>\n<div class=\"fotorama__thumb fotorama_vertical_ratio fotorama__loaded fotorama__loaded--img\"><img decoding=\"async\" class=\"fotorama__img\" src=\"https:\/\/www.canarm.com\/media\/catalog\/product\/i\/s\/isf1069a03bkg-b.jpg?store=residential&amp;image-type=small_image\" alt=\"Semi-plafonnier BODIE\" aria-hidden=\"false\" \/><\/div>\n<p>nn<\/p><\/div>\n<p>nn<\/p>\n<div class=\"fotorama__nav__frame fotorama__nav__frame--thumb\" role=\"button\" data-gallery-role=\"nav-frame\" data-nav-type=\"thumb\" aria-label=\"Semi-plafonnier BODIE\">nn<\/p>\n<div class=\"fotorama__thumb fotorama_vertical_ratio fotorama__loaded fotorama__loaded--img\"><img decoding=\"async\" class=\"fotorama__img\" src=\"https:\/\/www.canarm.com\/media\/catalog\/product\/i\/s\/isf1069a03bkg_life_2.jpg?store=residential&amp;image-type=small_image\" alt=\"Semi-plafonnier BODIE\" aria-labelledby=\"labelledby1698156706668\" aria-hidden=\"false\" \/><\/div>\n<p>nn<\/p><\/div>\n<p>nn<\/p><\/div>\n<p>nn<\/p>\n<div class=\"fotorama__thumb__arr fotorama__thumb__arr--right\" role=\"button\" aria-label=\"Next\" data-gallery-role=\"arrow\">nn<\/p>\n<div class=\"fotorama__thumb--icon\"><\/div>\n<p>nn<\/p><\/div>\n<p>nn<\/p><\/div>\n<p>nn<\/p><\/div>\n<p>nn<\/p><\/div>\n<p>nn<\/p>\n<div data-gallery-role=\"fotorama__focusable-end\"><\/div>\n<p>nn<\/p><\/div>\n<p>nn<\/p><\/div>\n<p>nn<\/p><\/div>\n<p>nn<\/p>\n<div class=\"ecc-price-lazy-load-view product-info-main\">nn<\/p>\n<div class=\"page-title-wrapper product\">nn<\/p>\n<h1 class=\"page-title\"><span class=\"base\" data-ui-id=\"page-title-wrapper\">Semi-plafonnier BODIE<\/span><\/h1>\n<p>nn<\/p>\n<div class=\"short-description sku-list\">nn<\/p>\n<p class=\"sku\">NUM\u00c9RO UVC :<\/p>\n<p>nn<\/p>\n<p class=\"sku-value\">ISF1069A03BKG<\/p>\n<p>nnnn<\/p><\/div>\n<p>nn<\/p><\/div>\n<p>nn<\/p>\n<div class=\"product-info-price\">nn<\/p>\n<div class=\"product-info-stock-sku\">nn<\/p>\n<ul class=\"related_documents\">nn \t<\/p>\n<li class=\"pdf\"><a title=\"Sp\u00e9cifications\" href=\"https:\/\/www.canarm.com\/media\/assets\/product\/documents\/Cutsheet_ISF1069A03BKG.pdf\" target=\"_blank\" rel=\"noopener\">SP\u00c9CIFICATIONS<\/a><\/li>\n<p>nn \t<\/p>\n<li class=\"pdf\"><a title=\"Guide d'instructions\" href=\"https:\/\/www.canarm.com\/media\/assets\/product\/documents\/InstructionManual_ISF1069A03_10-20.pdf\" target=\"_blank\" rel=\"noopener\">GUIDE D&#8217;INSTRUCTIONS<\/a><\/li>\n<p>nn<\/ul>\n<p>nn<\/p><\/div>\n<p>nn<\/p><\/div>\n<p>nn<\/p>\n<div class=\"product-add-form\">nn<\/p>\n<div class=\"box-tocart\">nn<\/p>\n<div class=\"fieldset\">nn<\/p>\n<div id=\"instant-purchase\" data-bind=\"scope:'instant-purchase'\"><\/div>\n<p>nn<\/p><\/div>\n<p>nn<\/p><\/div>\n<p>nn<\/p>\n<div class=\"product-addto-links\" data-role=\"add-to-links\"><a class=\"action towishlist\" href=\"https:\/\/www.canarm.com\/fr\/residential\/bodie-isf1069a03bkg-mbk-gd-color-3-lt-semi-flush-60w-type-a-15inch-w-x-8-5inch-h-x-15inch-disf1069a03bkg.html#\" data-post=\"{&quot;action&quot;:&quot;https:\/\/www.canarm.com\/fr\/residential\/wishlist\/index\/add\/&quot;,&quot;data&quot;:{&quot;product&quot;:5564,&quot;uenc&quot;:&quot;aHR0cHM6Ly93d3cuY2FuYXJtLmNvbS9yZXNpZGVudGlhbC9ib2RpZS1pc2YxMDY5YTAzYmtnLW1iay1nZC1jb2xvci0zLWx0LXNlbWktZmx1c2gtNjB3LXR5cGUtYS0xNWluY2gtdy14LTgtNWluY2gtaC14LTE1aW5jaC1kaXNmMTA2OWEwM2JrZy5odG1s&quot;}}\" data-action=\"add-to-wishlist\">AJOUTER AUX ARTICLES ENREGISTR\u00c9S<\/a><a class=\"action tocompare\" href=\"https:\/\/www.canarm.com\/fr\/residential\/bodie-isf1069a03bkg-mbk-gd-color-3-lt-semi-flush-60w-type-a-15inch-w-x-8-5inch-h-x-15inch-disf1069a03bkg.html#\" data-post=\"{&quot;action&quot;:&quot;https:\/\/www.canarm.com\/fr\/residential\/catalog\/product_compare\/add\/&quot;,&quot;data&quot;:{&quot;product&quot;:&quot;5564&quot;,&quot;uenc&quot;:&quot;aHR0cHM6Ly93d3cuY2FuYXJtLmNvbS9yZXNpZGVudGlhbC9ib2RpZS1pc2YxMDY5YTAzYmtnLW1iay1nZC1jb2xvci0zLWx0LXNlbWktZmx1c2gtNjB3LXR5cGUtYS0xNWluY2gtdy14LTgtNWluY2gtaC14LTE1aW5jaC1kaXNmMTA2OWEwM2JrZy5odG1s&quot;}}\" data-role=\"add-to-links\">AJOUTER \u00c0 COMPARER<\/a><a class=\"action print-now\">IMPRIMER MAINTENANT<\/a><a class=\"action tobuy\" href=\"https:\/\/www.canarm.com\/fr\/residential\/lighting\/locator.html\">O\u00d9 ACHETER<\/a><\/div>\n<p>nn<\/p>\n<div class=\"product-info-staticblock\">nn<\/p>\n<div class=\"widget block block-static-block\"><\/div>\n<p>nn<\/p><\/div>\n<p>nn<\/p><\/div>\n<p>nn<\/p>\n<div class=\"product-social-links\"><a class=\"action mailto friend\" href=\"https:\/\/www.canarm.com\/fr\/residential\/sendfriend\/product\/send\/id\/5564\/\">Courriel<\/a>nn<\/p>\n<div class=\"social-addthis\" data-media=\"https:\/\/www.canarm.com\/media\/catalog\/product\/i\/s\/isf1069a03bkg_1.jpg?width=800&amp;height=800&amp;store=residential&amp;image-type=image\"><a href=\"https:\/\/www.canarm.com\/24\/_mp.v3ZHY0WXh3VHNuYS1mamVlYmc0Wm5MaXFEQTQ5WS1zWHRRX0tKbGNpWjF5V19tVXRzVmJZOHQ3Q0Y3WWd3bk1aQWc._mp.ve\/_api_addthis_com\/oexchange\/0.8\/forward\/facebook\/offer?url=https:\/\/www.canarm.com\/residential\/bodie-isf1069a03bkg-mbk-gd-color-3-lt-semi-flush-60w-type-a-15inch-w-x-8-5inch-h-x-15inch-disf1069a03bkg.html&amp;title=BODIE%20Semi-flush%20Mount\" target=\"_blank\" rel=\"noopener\">\u00a0<\/a><a href=\"https:\/\/www.canarm.com\/24\/_mp.v3LXRsZVBOaUQ2azlOUUM5eXktLWd2VTJpYnJBRVZDZExfMnlCdVRXdnpUYnRFempEUFIxZXF2YWRSTVBveG5mdmE._mp.ve\/_api_addthis_com\/oexchange\/0.8\/forward\/twitter\/offer?url=https:\/\/www.canarm.com\/residential\/bodie-isf1069a03bkg-mbk-gd-color-3-lt-semi-flush-60w-type-a-15inch-w-x-8-5inch-h-x-15inch-disf1069a03bkg.html&amp;title=BODIE%20Semi-flush%20Mount\" target=\"_blank\" rel=\"noopener\">\u00a0<\/a><a href=\"https:\/\/www.canarm.com\/24\/_mp.v3al9VWmN4VTZ5OFhTLXVfSDV0VFU2SC1YYlRkdDU4MXQzbWVxaEhELTZVNFVEQUpaNkkta2U5SVc0ODgzeUMwRTU._mp.ve\/_www_pinterest_com\/pin\/create\/button\/?url=https:\/\/www.canarm.com\/residential\/bodie-isf1069a03bkg-mbk-gd-color-3-lt-semi-flush-60w-type-a-15inch-w-x-8-5inch-h-x-15inch-disf1069a03bkg.html&amp;media=https:\/\/www.canarm.com\/media\/catalog\/product\/i\/s\/isf1069a03bkg_1.jpg?width=800&amp;height=800&amp;store=residential&amp;image-type=image&amp;description=BODIE%20Semi-flush%20Mount\" target=\"_blank\" rel=\"noopener\">\u00a0<\/a><\/div>\n<p>nn<\/p><\/div>\n<p>nn<\/p>\n<div class=\"product attibute overview\">nn<\/p>\n<div class=\"title\"><strong class=\"type\">SURVOL<\/strong><i class=\"overview-icon\"><\/i><\/div>\n<p>nn<\/p>\n<div id=\"short_description_content\" class=\"value\">nnnnLe mod\u00e8le BODIE vous aidera \u00e0 sortir de votre zone de confort et vous plongera dans un \u00e9clairage \u00e0 la fois simple et raffin\u00e9, mais tr\u00e8s tendance. Le plafonnier BODIE \u00e0 3 lumi\u00e8res combine un style moderne avec une touche industrielle, en associant le ton noir mat \u00e9l\u00e9gant de sa cage ouverte au superbe fini dor\u00e9 des tiges et des bras. La pi\u00e8ce de r\u00e9sistance de cette pi\u00e8ce r\u00e9side dans les filets dor\u00e9s qui ornent les douilles, transformant ainsi ce plafonnier en un incontournable pour votre entr\u00e9e ou votre salle \u00e0 mangernnnn<\/div>\n<p>nn<\/p><\/div>\n<p>nn<\/p><\/div>\n","protected":false},"excerpt":{"rendered":"<p>nn nn nn nn nn nn nn nn nn nn Le mod\u00e8le BODIE vous aidera \u00e0 sortir de votre zone de confort et vous plongera dans un \u00e9clairage \u00e0 la fois simple et raffin\u00e9, mais tr\u00e8s tendance. Le plafonnier BODIE \u00e0 3 lumi\u00e8res combine un style moderne avec une touche industrielle, en associant le ton [&hellip;]<\/p>\n","protected":false},"featured_media":20907,"template":"","meta":{"_acf_changed":false},"product_brand":[],"product_cat":[5926,5989],"product_tag":[],"class_list":{"0":"post-24433","1":"product","2":"type-product","3":"status-publish","4":"has-post-thumbnail","6":"product_cat-pendant-lights","7":"product_cat-single-pendants","8":"pa_color-black-and-gold","9":"pa_diametre-17-3-4","10":"pa_hauteur-4-1-8","12":"first","13":"instock","14":"taxable","15":"shipping-taxable","16":"purchasable","17":"product-type-simple"},"acf":[],"yoast_head":"<!-- This site is optimized with the Yoast SEO plugin v26.9 - https:\/\/yoast.com\/product\/yoast-seo-wordpress\/ -->\n<title>IPL786B01BK - Luminaires Paul Gr\u00e9goire<\/title>\n<meta name=\"description\" content=\"IPL786B01BK - Discover our collection of designer lighting \u2014 pendants, lamps, and ceiling lights \u2014 to brighten every space with style and elegance.\" \/>\n<meta name=\"robots\" content=\"index, follow, max-snippet:-1, max-image-preview:large, max-video-preview:-1\" \/>\n<link rel=\"canonical\" href=\"https:\/\/luminairesgregoire.com\/en\/product\/ipl786b01bk\/\" \/>\n<meta property=\"og:locale\" content=\"en_US\" \/>\n<meta property=\"og:type\" content=\"article\" \/>\n<meta property=\"og:title\" content=\"IPL786B01BK - Luminaires Paul Gr\u00e9goire\" \/>\n<meta property=\"og:description\" content=\"IPL786B01BK - Discover our collection of designer lighting \u2014 pendants, lamps, and ceiling lights \u2014 to brighten every space with style and elegance.\" \/>\n<meta property=\"og:url\" content=\"https:\/\/luminairesgregoire.com\/en\/product\/ipl786b01bk\/\" \/>\n<meta property=\"og:site_name\" content=\"Luminaires Paul Gr\u00e9goire\" \/>\n<meta property=\"article:modified_time\" content=\"2025-05-25T23:36:17+00:00\" \/>\n<meta property=\"og:image\" content=\"https:\/\/luminairesgregoire.com\/wp-content\/uploads\/2025\/05\/ipl786b01bk_1-1.jpg\" \/>\n\t<meta property=\"og:image:width\" content=\"850\" \/>\n\t<meta property=\"og:image:height\" content=\"850\" \/>\n\t<meta property=\"og:image:type\" content=\"image\/jpeg\" \/>\n<meta name=\"twitter:card\" content=\"summary_large_image\" \/>\n<meta name=\"twitter:label1\" content=\"Est. reading time\" \/>\n\t<meta name=\"twitter:data1\" content=\"1 minute\" \/>\n<script type=\"application\/ld+json\" class=\"yoast-schema-graph\">{\"@context\":\"https:\/\/schema.org\",\"@graph\":[{\"@type\":\"WebPage\",\"@id\":\"https:\/\/luminairesgregoire.com\/en\/product\/ipl786b01bk\/\",\"url\":\"https:\/\/luminairesgregoire.com\/en\/product\/ipl786b01bk\/\",\"name\":\"IPL786B01BK - Luminaires Paul Gr\u00e9goire\",\"isPartOf\":{\"@id\":\"https:\/\/luminairesgregoire.com\/en\/#website\"},\"primaryImageOfPage\":{\"@id\":\"https:\/\/luminairesgregoire.com\/en\/product\/ipl786b01bk\/#primaryimage\"},\"image\":{\"@id\":\"https:\/\/luminairesgregoire.com\/en\/product\/ipl786b01bk\/#primaryimage\"},\"thumbnailUrl\":\"https:\/\/luminairesgregoire.com\/wp-content\/uploads\/2025\/05\/ipl786b01bk_1-1.jpg\",\"datePublished\":\"2025-05-02T18:53:13+00:00\",\"dateModified\":\"2025-05-25T23:36:17+00:00\",\"description\":\"IPL786B01BK - Discover our collection of designer lighting \u2014 pendants, lamps, and ceiling lights \u2014 to brighten every space with style and elegance.\",\"breadcrumb\":{\"@id\":\"https:\/\/luminairesgregoire.com\/en\/product\/ipl786b01bk\/#breadcrumb\"},\"inLanguage\":\"en-US\",\"potentialAction\":[{\"@type\":\"ReadAction\",\"target\":[\"https:\/\/luminairesgregoire.com\/en\/product\/ipl786b01bk\/\"]}]},{\"@type\":\"ImageObject\",\"inLanguage\":\"en-US\",\"@id\":\"https:\/\/luminairesgregoire.com\/en\/product\/ipl786b01bk\/#primaryimage\",\"url\":\"https:\/\/luminairesgregoire.com\/wp-content\/uploads\/2025\/05\/ipl786b01bk_1-1.jpg\",\"contentUrl\":\"https:\/\/luminairesgregoire.com\/wp-content\/uploads\/2025\/05\/ipl786b01bk_1-1.jpg\",\"width\":850,\"height\":850},{\"@type\":\"BreadcrumbList\",\"@id\":\"https:\/\/luminairesgregoire.com\/en\/product\/ipl786b01bk\/#breadcrumb\",\"itemListElement\":[{\"@type\":\"ListItem\",\"position\":1,\"name\":\"Home\",\"item\":\"https:\/\/luminairesgregoire.com\/en\/\"},{\"@type\":\"ListItem\",\"position\":2,\"name\":\"Store\",\"item\":\"https:\/\/luminairesgregoire.com\/en\/products\/\"},{\"@type\":\"ListItem\",\"position\":3,\"name\":\"IPL786B01BK\"}]},{\"@type\":\"WebSite\",\"@id\":\"https:\/\/luminairesgregoire.com\/en\/#website\",\"url\":\"https:\/\/luminairesgregoire.com\/en\/\",\"name\":\"Luminaires Paul Gr\u00e9goire\",\"description\":\"\",\"publisher\":{\"@id\":\"https:\/\/luminairesgregoire.com\/en\/#organization\"},\"potentialAction\":[{\"@type\":\"SearchAction\",\"target\":{\"@type\":\"EntryPoint\",\"urlTemplate\":\"https:\/\/luminairesgregoire.com\/en\/?s={search_term_string}\"},\"query-input\":{\"@type\":\"PropertyValueSpecification\",\"valueRequired\":true,\"valueName\":\"search_term_string\"}}],\"inLanguage\":\"en-US\"},{\"@type\":\"Organization\",\"@id\":\"https:\/\/luminairesgregoire.com\/en\/#organization\",\"name\":\"Luminaires Paul Gr\u00e9goire\",\"url\":\"https:\/\/luminairesgregoire.com\/en\/\",\"logo\":{\"@type\":\"ImageObject\",\"inLanguage\":\"en-US\",\"@id\":\"https:\/\/luminairesgregoire.com\/en\/#\/schema\/logo\/image\/\",\"url\":\"https:\/\/luminairesgregoire.com\/wp-content\/uploads\/2021\/05\/logo_CMYK-1-1.png\",\"contentUrl\":\"https:\/\/luminairesgregoire.com\/wp-content\/uploads\/2021\/05\/logo_CMYK-1-1.png\",\"width\":350,\"height\":164,\"caption\":\"Luminaires Paul Gr\u00e9goire\"},\"image\":{\"@id\":\"https:\/\/luminairesgregoire.com\/en\/#\/schema\/logo\/image\/\"}}]}<\/script>\n<!-- \/ Yoast SEO plugin. -->","yoast_head_json":{"title":"IPL786B01BK - Luminaires Paul Gr\u00e9goire","description":"IPL786B01BK - Discover our collection of designer lighting \u2014 pendants, lamps, and ceiling lights \u2014 to brighten every space with style and elegance.","robots":{"index":"index","follow":"follow","max-snippet":"max-snippet:-1","max-image-preview":"max-image-preview:large","max-video-preview":"max-video-preview:-1"},"canonical":"https:\/\/luminairesgregoire.com\/en\/product\/ipl786b01bk\/","og_locale":"en_US","og_type":"article","og_title":"IPL786B01BK - Luminaires Paul Gr\u00e9goire","og_description":"IPL786B01BK - Discover our collection of designer lighting \u2014 pendants, lamps, and ceiling lights \u2014 to brighten every space with style and elegance.","og_url":"https:\/\/luminairesgregoire.com\/en\/product\/ipl786b01bk\/","og_site_name":"Luminaires Paul Gr\u00e9goire","article_modified_time":"2025-05-25T23:36:17+00:00","og_image":[{"width":850,"height":850,"url":"https:\/\/luminairesgregoire.com\/wp-content\/uploads\/2025\/05\/ipl786b01bk_1-1.jpg","type":"image\/jpeg"}],"twitter_card":"summary_large_image","twitter_misc":{"Est. reading time":"1 minute"},"schema":{"@context":"https:\/\/schema.org","@graph":[{"@type":"WebPage","@id":"https:\/\/luminairesgregoire.com\/en\/product\/ipl786b01bk\/","url":"https:\/\/luminairesgregoire.com\/en\/product\/ipl786b01bk\/","name":"IPL786B01BK - Luminaires Paul Gr\u00e9goire","isPartOf":{"@id":"https:\/\/luminairesgregoire.com\/en\/#website"},"primaryImageOfPage":{"@id":"https:\/\/luminairesgregoire.com\/en\/product\/ipl786b01bk\/#primaryimage"},"image":{"@id":"https:\/\/luminairesgregoire.com\/en\/product\/ipl786b01bk\/#primaryimage"},"thumbnailUrl":"https:\/\/luminairesgregoire.com\/wp-content\/uploads\/2025\/05\/ipl786b01bk_1-1.jpg","datePublished":"2025-05-02T18:53:13+00:00","dateModified":"2025-05-25T23:36:17+00:00","description":"IPL786B01BK - Discover our collection of designer lighting \u2014 pendants, lamps, and ceiling lights \u2014 to brighten every space with style and elegance.","breadcrumb":{"@id":"https:\/\/luminairesgregoire.com\/en\/product\/ipl786b01bk\/#breadcrumb"},"inLanguage":"en-US","potentialAction":[{"@type":"ReadAction","target":["https:\/\/luminairesgregoire.com\/en\/product\/ipl786b01bk\/"]}]},{"@type":"ImageObject","inLanguage":"en-US","@id":"https:\/\/luminairesgregoire.com\/en\/product\/ipl786b01bk\/#primaryimage","url":"https:\/\/luminairesgregoire.com\/wp-content\/uploads\/2025\/05\/ipl786b01bk_1-1.jpg","contentUrl":"https:\/\/luminairesgregoire.com\/wp-content\/uploads\/2025\/05\/ipl786b01bk_1-1.jpg","width":850,"height":850},{"@type":"BreadcrumbList","@id":"https:\/\/luminairesgregoire.com\/en\/product\/ipl786b01bk\/#breadcrumb","itemListElement":[{"@type":"ListItem","position":1,"name":"Home","item":"https:\/\/luminairesgregoire.com\/en\/"},{"@type":"ListItem","position":2,"name":"Store","item":"https:\/\/luminairesgregoire.com\/en\/products\/"},{"@type":"ListItem","position":3,"name":"IPL786B01BK"}]},{"@type":"WebSite","@id":"https:\/\/luminairesgregoire.com\/en\/#website","url":"https:\/\/luminairesgregoire.com\/en\/","name":"Luminaires Paul Gr\u00e9goire","description":"","publisher":{"@id":"https:\/\/luminairesgregoire.com\/en\/#organization"},"potentialAction":[{"@type":"SearchAction","target":{"@type":"EntryPoint","urlTemplate":"https:\/\/luminairesgregoire.com\/en\/?s={search_term_string}"},"query-input":{"@type":"PropertyValueSpecification","valueRequired":true,"valueName":"search_term_string"}}],"inLanguage":"en-US"},{"@type":"Organization","@id":"https:\/\/luminairesgregoire.com\/en\/#organization","name":"Luminaires Paul Gr\u00e9goire","url":"https:\/\/luminairesgregoire.com\/en\/","logo":{"@type":"ImageObject","inLanguage":"en-US","@id":"https:\/\/luminairesgregoire.com\/en\/#\/schema\/logo\/image\/","url":"https:\/\/luminairesgregoire.com\/wp-content\/uploads\/2021\/05\/logo_CMYK-1-1.png","contentUrl":"https:\/\/luminairesgregoire.com\/wp-content\/uploads\/2021\/05\/logo_CMYK-1-1.png","width":350,"height":164,"caption":"Luminaires Paul Gr\u00e9goire"},"image":{"@id":"https:\/\/luminairesgregoire.com\/en\/#\/schema\/logo\/image\/"}}]}},"_links":{"self":[{"href":"https:\/\/luminairesgregoire.com\/en\/wp-json\/wp\/v2\/product\/24433","targetHints":{"allow":["GET"]}}],"collection":[{"href":"https:\/\/luminairesgregoire.com\/en\/wp-json\/wp\/v2\/product"}],"about":[{"href":"https:\/\/luminairesgregoire.com\/en\/wp-json\/wp\/v2\/types\/product"}],"wp:featuredmedia":[{"embeddable":true,"href":"https:\/\/luminairesgregoire.com\/en\/wp-json\/wp\/v2\/media\/20907"}],"wp:attachment":[{"href":"https:\/\/luminairesgregoire.com\/en\/wp-json\/wp\/v2\/media?parent=24433"}],"wp:term":[{"taxonomy":"product_brand","embeddable":true,"href":"https:\/\/luminairesgregoire.com\/en\/wp-json\/wp\/v2\/product_brand?post=24433"},{"taxonomy":"product_cat","embeddable":true,"href":"https:\/\/luminairesgregoire.com\/en\/wp-json\/wp\/v2\/product_cat?post=24433"},{"taxonomy":"product_tag","embeddable":true,"href":"https:\/\/luminairesgregoire.com\/en\/wp-json\/wp\/v2\/product_tag?post=24433"}],"curies":[{"name":"wp","href":"https:\/\/api.w.org\/{rel}","templated":true}]}}