{"id":24555,"date":"2025-05-02T14:55:53","date_gmt":"2025-05-02T18:55:53","guid":{"rendered":"https:\/\/luminairesgregoire.com\/produits\/ltl263a14bkn\/"},"modified":"2025-10-01T00:28:29","modified_gmt":"2025-10-01T04:28:29","slug":"jessa-table-lamp-with-black-shade-ltl263a14bkn","status":"publish","type":"product","link":"https:\/\/luminairesgregoire.com\/en\/product\/jessa-table-lamp-with-black-shade-ltl263a14bkn\/","title":{"rendered":"Jessa Table Lamp with Black Shade LTL263A14BKN"},"content":{"rendered":"<p>JESSA revisite de fa\u00e7on ludique votre lampe de table. Il est chic et simple, et son magnifique abat-jour en m\u00e9tal vert menthe est superbe avec ses accents en nickel bross\u00e9. Si vous recherchez une r\u00e9interpr\u00e9tation moderne d&#8217;un style d&#8217;inspiration vintage pour votre \u00e9clairage, JESSA est exactement ce qu&#8217;il vous faut, avec la technologie tactile et USB en plus.<\/p>\n","protected":false},"excerpt":{"rendered":"<p>JESSA revisite de fa\u00e7on ludique votre lampe de table. Il est chic et simple, et son magnifique abat-jour en m\u00e9tal vert menthe est superbe avec ses accents en nickel bross\u00e9. Si vous recherchez une r\u00e9interpr\u00e9tation moderne d&#8217;un style d&#8217;inspiration vintage pour votre \u00e9clairage, JESSA est exactement ce qu&#8217;il vous faut, avec la technologie tactile et [&hellip;]<\/p>\n","protected":false},"featured_media":21633,"template":"","meta":{"_acf_changed":false},"product_brand":[7080],"product_cat":[5903,5983],"product_tag":[],"class_list":{"0":"post-24555","1":"product","2":"type-product","3":"status-publish","4":"has-post-thumbnail","6":"product_brand-canarm","7":"product_cat-lamps","8":"product_cat-tables-lamps","9":"pa_color-brushed-steel-base-and-black-shade","10":"pa_diametre-7227","11":"pa_finis-black","12":"pa_finis-nickel","13":"pa_hauteur-6912","15":"first","16":"instock","17":"taxable","18":"shipping-taxable","19":"purchasable","20":"product-type-simple"},"acf":[],"yoast_head":"<!-- This site is optimized with the Yoast SEO plugin v26.9 - https:\/\/yoast.com\/product\/yoast-seo-wordpress\/ -->\n<title>Jessa Table Lamp with Black Shade LTL263A14BKN - Luminaires Paul Gr\u00e9goire<\/title>\n<meta name=\"description\" content=\"Jessa Table Lamp with Black Shade LTL263A14BKN - Discover our collection of designer lighting \u2014 pendants, lamps, and ceiling lights \u2014 to brighten every space with style and elegance.\" \/>\n<meta name=\"robots\" content=\"index, follow, max-snippet:-1, max-image-preview:large, max-video-preview:-1\" \/>\n<link rel=\"canonical\" href=\"https:\/\/luminairesgregoire.com\/en\/product\/jessa-table-lamp-with-black-shade-ltl263a14bkn\/\" \/>\n<meta property=\"og:locale\" content=\"en_US\" \/>\n<meta property=\"og:type\" content=\"article\" \/>\n<meta property=\"og:title\" content=\"Jessa Table Lamp with Black Shade LTL263A14BKN - Luminaires Paul Gr\u00e9goire\" \/>\n<meta property=\"og:description\" content=\"Jessa Table Lamp with Black Shade LTL263A14BKN - Discover our collection of designer lighting \u2014 pendants, lamps, and ceiling lights \u2014 to brighten every space with style and elegance.\" \/>\n<meta property=\"og:url\" content=\"https:\/\/luminairesgregoire.com\/en\/product\/jessa-table-lamp-with-black-shade-ltl263a14bkn\/\" \/>\n<meta property=\"og:site_name\" content=\"Luminaires Paul Gr\u00e9goire\" \/>\n<meta property=\"article:modified_time\" content=\"2025-10-01T04:28:29+00:00\" \/>\n<meta property=\"og:image\" content=\"https:\/\/luminairesgregoire.com\/wp-content\/uploads\/2025\/05\/ltl263a14bkn_1-1.jpg\" \/>\n\t<meta property=\"og:image:width\" content=\"850\" \/>\n\t<meta property=\"og:image:height\" content=\"850\" \/>\n\t<meta property=\"og:image:type\" content=\"image\/jpeg\" \/>\n<meta name=\"twitter:card\" content=\"summary_large_image\" \/>\n<meta name=\"twitter:label1\" content=\"Est. reading time\" \/>\n\t<meta name=\"twitter:data1\" content=\"1 minute\" \/>\n<script type=\"application\/ld+json\" class=\"yoast-schema-graph\">{\"@context\":\"https:\/\/schema.org\",\"@graph\":[{\"@type\":\"WebPage\",\"@id\":\"https:\/\/luminairesgregoire.com\/en\/product\/jessa-table-lamp-with-black-shade-ltl263a14bkn\/\",\"url\":\"https:\/\/luminairesgregoire.com\/en\/product\/jessa-table-lamp-with-black-shade-ltl263a14bkn\/\",\"name\":\"Jessa Table Lamp with Black Shade LTL263A14BKN - Luminaires Paul Gr\u00e9goire\",\"isPartOf\":{\"@id\":\"https:\/\/luminairesgregoire.com\/en\/#website\"},\"primaryImageOfPage\":{\"@id\":\"https:\/\/luminairesgregoire.com\/en\/product\/jessa-table-lamp-with-black-shade-ltl263a14bkn\/#primaryimage\"},\"image\":{\"@id\":\"https:\/\/luminairesgregoire.com\/en\/product\/jessa-table-lamp-with-black-shade-ltl263a14bkn\/#primaryimage\"},\"thumbnailUrl\":\"https:\/\/luminairesgregoire.com\/wp-content\/uploads\/2025\/05\/ltl263a14bkn_1-1.jpg\",\"datePublished\":\"2025-05-02T18:55:53+00:00\",\"dateModified\":\"2025-10-01T04:28:29+00:00\",\"description\":\"Jessa Table Lamp with Black Shade LTL263A14BKN - Discover our collection of designer lighting \u2014 pendants, lamps, and ceiling lights \u2014 to brighten every space with style and elegance.\",\"breadcrumb\":{\"@id\":\"https:\/\/luminairesgregoire.com\/en\/product\/jessa-table-lamp-with-black-shade-ltl263a14bkn\/#breadcrumb\"},\"inLanguage\":\"en-US\",\"potentialAction\":[{\"@type\":\"ReadAction\",\"target\":[\"https:\/\/luminairesgregoire.com\/en\/product\/jessa-table-lamp-with-black-shade-ltl263a14bkn\/\"]}]},{\"@type\":\"ImageObject\",\"inLanguage\":\"en-US\",\"@id\":\"https:\/\/luminairesgregoire.com\/en\/product\/jessa-table-lamp-with-black-shade-ltl263a14bkn\/#primaryimage\",\"url\":\"https:\/\/luminairesgregoire.com\/wp-content\/uploads\/2025\/05\/ltl263a14bkn_1-1.jpg\",\"contentUrl\":\"https:\/\/luminairesgregoire.com\/wp-content\/uploads\/2025\/05\/ltl263a14bkn_1-1.jpg\",\"width\":850,\"height\":850},{\"@type\":\"BreadcrumbList\",\"@id\":\"https:\/\/luminairesgregoire.com\/en\/product\/jessa-table-lamp-with-black-shade-ltl263a14bkn\/#breadcrumb\",\"itemListElement\":[{\"@type\":\"ListItem\",\"position\":1,\"name\":\"Home\",\"item\":\"https:\/\/luminairesgregoire.com\/en\/\"},{\"@type\":\"ListItem\",\"position\":2,\"name\":\"Store\",\"item\":\"https:\/\/luminairesgregoire.com\/en\/products\/\"},{\"@type\":\"ListItem\",\"position\":3,\"name\":\"Jessa Table Lamp with Black Shade LTL263A14BKN\"}]},{\"@type\":\"WebSite\",\"@id\":\"https:\/\/luminairesgregoire.com\/en\/#website\",\"url\":\"https:\/\/luminairesgregoire.com\/en\/\",\"name\":\"Luminaires Paul Gr\u00e9goire\",\"description\":\"\",\"publisher\":{\"@id\":\"https:\/\/luminairesgregoire.com\/en\/#organization\"},\"potentialAction\":[{\"@type\":\"SearchAction\",\"target\":{\"@type\":\"EntryPoint\",\"urlTemplate\":\"https:\/\/luminairesgregoire.com\/en\/?s={search_term_string}\"},\"query-input\":{\"@type\":\"PropertyValueSpecification\",\"valueRequired\":true,\"valueName\":\"search_term_string\"}}],\"inLanguage\":\"en-US\"},{\"@type\":\"Organization\",\"@id\":\"https:\/\/luminairesgregoire.com\/en\/#organization\",\"name\":\"Luminaires Paul Gr\u00e9goire\",\"url\":\"https:\/\/luminairesgregoire.com\/en\/\",\"logo\":{\"@type\":\"ImageObject\",\"inLanguage\":\"en-US\",\"@id\":\"https:\/\/luminairesgregoire.com\/en\/#\/schema\/logo\/image\/\",\"url\":\"https:\/\/luminairesgregoire.com\/wp-content\/uploads\/2021\/05\/logo_CMYK-1-1.png\",\"contentUrl\":\"https:\/\/luminairesgregoire.com\/wp-content\/uploads\/2021\/05\/logo_CMYK-1-1.png\",\"width\":350,\"height\":164,\"caption\":\"Luminaires Paul Gr\u00e9goire\"},\"image\":{\"@id\":\"https:\/\/luminairesgregoire.com\/en\/#\/schema\/logo\/image\/\"}}]}<\/script>\n<!-- \/ Yoast SEO plugin. -->","yoast_head_json":{"title":"Jessa Table Lamp with Black Shade LTL263A14BKN - Luminaires Paul Gr\u00e9goire","description":"Jessa Table Lamp with Black Shade LTL263A14BKN - Discover our collection of designer lighting \u2014 pendants, lamps, and ceiling lights \u2014 to brighten every space with style and elegance.","robots":{"index":"index","follow":"follow","max-snippet":"max-snippet:-1","max-image-preview":"max-image-preview:large","max-video-preview":"max-video-preview:-1"},"canonical":"https:\/\/luminairesgregoire.com\/en\/product\/jessa-table-lamp-with-black-shade-ltl263a14bkn\/","og_locale":"en_US","og_type":"article","og_title":"Jessa Table Lamp with Black Shade LTL263A14BKN - Luminaires Paul Gr\u00e9goire","og_description":"Jessa Table Lamp with Black Shade LTL263A14BKN - Discover our collection of designer lighting \u2014 pendants, lamps, and ceiling lights \u2014 to brighten every space with style and elegance.","og_url":"https:\/\/luminairesgregoire.com\/en\/product\/jessa-table-lamp-with-black-shade-ltl263a14bkn\/","og_site_name":"Luminaires Paul Gr\u00e9goire","article_modified_time":"2025-10-01T04:28:29+00:00","og_image":[{"width":850,"height":850,"url":"https:\/\/luminairesgregoire.com\/wp-content\/uploads\/2025\/05\/ltl263a14bkn_1-1.jpg","type":"image\/jpeg"}],"twitter_card":"summary_large_image","twitter_misc":{"Est. reading time":"1 minute"},"schema":{"@context":"https:\/\/schema.org","@graph":[{"@type":"WebPage","@id":"https:\/\/luminairesgregoire.com\/en\/product\/jessa-table-lamp-with-black-shade-ltl263a14bkn\/","url":"https:\/\/luminairesgregoire.com\/en\/product\/jessa-table-lamp-with-black-shade-ltl263a14bkn\/","name":"Jessa Table Lamp with Black Shade LTL263A14BKN - Luminaires Paul Gr\u00e9goire","isPartOf":{"@id":"https:\/\/luminairesgregoire.com\/en\/#website"},"primaryImageOfPage":{"@id":"https:\/\/luminairesgregoire.com\/en\/product\/jessa-table-lamp-with-black-shade-ltl263a14bkn\/#primaryimage"},"image":{"@id":"https:\/\/luminairesgregoire.com\/en\/product\/jessa-table-lamp-with-black-shade-ltl263a14bkn\/#primaryimage"},"thumbnailUrl":"https:\/\/luminairesgregoire.com\/wp-content\/uploads\/2025\/05\/ltl263a14bkn_1-1.jpg","datePublished":"2025-05-02T18:55:53+00:00","dateModified":"2025-10-01T04:28:29+00:00","description":"Jessa Table Lamp with Black Shade LTL263A14BKN - Discover our collection of designer lighting \u2014 pendants, lamps, and ceiling lights \u2014 to brighten every space with style and elegance.","breadcrumb":{"@id":"https:\/\/luminairesgregoire.com\/en\/product\/jessa-table-lamp-with-black-shade-ltl263a14bkn\/#breadcrumb"},"inLanguage":"en-US","potentialAction":[{"@type":"ReadAction","target":["https:\/\/luminairesgregoire.com\/en\/product\/jessa-table-lamp-with-black-shade-ltl263a14bkn\/"]}]},{"@type":"ImageObject","inLanguage":"en-US","@id":"https:\/\/luminairesgregoire.com\/en\/product\/jessa-table-lamp-with-black-shade-ltl263a14bkn\/#primaryimage","url":"https:\/\/luminairesgregoire.com\/wp-content\/uploads\/2025\/05\/ltl263a14bkn_1-1.jpg","contentUrl":"https:\/\/luminairesgregoire.com\/wp-content\/uploads\/2025\/05\/ltl263a14bkn_1-1.jpg","width":850,"height":850},{"@type":"BreadcrumbList","@id":"https:\/\/luminairesgregoire.com\/en\/product\/jessa-table-lamp-with-black-shade-ltl263a14bkn\/#breadcrumb","itemListElement":[{"@type":"ListItem","position":1,"name":"Home","item":"https:\/\/luminairesgregoire.com\/en\/"},{"@type":"ListItem","position":2,"name":"Store","item":"https:\/\/luminairesgregoire.com\/en\/products\/"},{"@type":"ListItem","position":3,"name":"Jessa Table Lamp with Black Shade LTL263A14BKN"}]},{"@type":"WebSite","@id":"https:\/\/luminairesgregoire.com\/en\/#website","url":"https:\/\/luminairesgregoire.com\/en\/","name":"Luminaires Paul Gr\u00e9goire","description":"","publisher":{"@id":"https:\/\/luminairesgregoire.com\/en\/#organization"},"potentialAction":[{"@type":"SearchAction","target":{"@type":"EntryPoint","urlTemplate":"https:\/\/luminairesgregoire.com\/en\/?s={search_term_string}"},"query-input":{"@type":"PropertyValueSpecification","valueRequired":true,"valueName":"search_term_string"}}],"inLanguage":"en-US"},{"@type":"Organization","@id":"https:\/\/luminairesgregoire.com\/en\/#organization","name":"Luminaires Paul Gr\u00e9goire","url":"https:\/\/luminairesgregoire.com\/en\/","logo":{"@type":"ImageObject","inLanguage":"en-US","@id":"https:\/\/luminairesgregoire.com\/en\/#\/schema\/logo\/image\/","url":"https:\/\/luminairesgregoire.com\/wp-content\/uploads\/2021\/05\/logo_CMYK-1-1.png","contentUrl":"https:\/\/luminairesgregoire.com\/wp-content\/uploads\/2021\/05\/logo_CMYK-1-1.png","width":350,"height":164,"caption":"Luminaires Paul Gr\u00e9goire"},"image":{"@id":"https:\/\/luminairesgregoire.com\/en\/#\/schema\/logo\/image\/"}}]}},"_links":{"self":[{"href":"https:\/\/luminairesgregoire.com\/en\/wp-json\/wp\/v2\/product\/24555","targetHints":{"allow":["GET"]}}],"collection":[{"href":"https:\/\/luminairesgregoire.com\/en\/wp-json\/wp\/v2\/product"}],"about":[{"href":"https:\/\/luminairesgregoire.com\/en\/wp-json\/wp\/v2\/types\/product"}],"wp:featuredmedia":[{"embeddable":true,"href":"https:\/\/luminairesgregoire.com\/en\/wp-json\/wp\/v2\/media\/21633"}],"wp:attachment":[{"href":"https:\/\/luminairesgregoire.com\/en\/wp-json\/wp\/v2\/media?parent=24555"}],"wp:term":[{"taxonomy":"product_brand","embeddable":true,"href":"https:\/\/luminairesgregoire.com\/en\/wp-json\/wp\/v2\/product_brand?post=24555"},{"taxonomy":"product_cat","embeddable":true,"href":"https:\/\/luminairesgregoire.com\/en\/wp-json\/wp\/v2\/product_cat?post=24555"},{"taxonomy":"product_tag","embeddable":true,"href":"https:\/\/luminairesgregoire.com\/en\/wp-json\/wp\/v2\/product_tag?post=24555"}],"curies":[{"name":"wp","href":"https:\/\/api.w.org\/{rel}","templated":true}]}}