{"id":24597,"date":"2025-05-02T14:56:45","date_gmt":"2025-05-02T18:56:45","guid":{"rendered":"https:\/\/luminairesgregoire.com\/produits\/pd548315bgcl\/"},"modified":"2026-02-18T17:14:57","modified_gmt":"2026-02-18T22:14:57","slug":"pd548315bgcl","status":"publish","type":"product","link":"https:\/\/luminairesgregoire.com\/en\/product\/pd548315bgcl\/","title":{"rendered":"AGED GOLD BRASS 3-L PENDANT- WILLOW PD548315BGCL"},"content":{"rendered":"<p data-start=\"57\" data-end=\"274\">L\u2019art rencontre l\u2019\u00e9clairage dans la dynamique collection Willow. Willow propose deux finis de m\u00e9tal et quatre finis de verre \u00e0 agencer selon vos envies, incluant nos options uniques de verre massif Cuivre et Fum\u00e9. <\/p>\n<p data-start=\"276\" data-end=\"419\">Comment personnaliserez-vous cette collection pour qu\u2019elle refl\u00e8te parfaitement l\u2019ambiance de votre maison ? Les possibilit\u00e9s sont infinies ! <\/p>\n","protected":false},"excerpt":{"rendered":"<p>L\u2019art rencontre l\u2019\u00e9clairage dans la dynamique collection Willow. Willow propose deux finis de m\u00e9tal et quatre finis de verre \u00e0 agencer selon vos envies, incluant nos options uniques de verre massif Cuivre et Fum\u00e9. Comment personnaliserez-vous cette collection pour qu\u2019elle refl\u00e8te parfaitement l\u2019ambiance de votre maison ? Les possibilit\u00e9s sont infinies !<\/p>\n","protected":false},"featured_media":21863,"template":"","meta":{"_acf_changed":false},"product_brand":[7087,7085],"product_cat":[5918,5987],"product_tag":[],"class_list":{"0":"post-24597","1":"product","2":"type-product","3":"status-publish","4":"has-post-thumbnail","6":"product_brand-alora-mood","7":"product_brand-kuzco","8":"product_cat-ceiling","9":"product_cat-semi-flush-mounts","10":"pa_diametre-6911","11":"pa_finis-gold-2","12":"pa_hauteur-5-en","13":"pa_longueur-tige-1x-4-1x-6-3x-12-inclus","15":"first","16":"instock","17":"taxable","18":"shipping-taxable","19":"purchasable","20":"product-type-simple"},"acf":[],"yoast_head":"<!-- This site is optimized with the Yoast SEO plugin v26.9 - https:\/\/yoast.com\/product\/yoast-seo-wordpress\/ -->\n<title>AGED GOLD BRASS 3-L PENDANT- WILLOW PD548315BGCL - Luminaires Paul Gr\u00e9goire<\/title>\n<meta name=\"description\" content=\"AGED GOLD BRASS 3-L PENDANT- WILLOW PD548315BGCL - Discover our collection of designer lighting \u2014 pendants, lamps, and ceiling lights \u2014 to brighten every space with style and elegance.\" \/>\n<meta name=\"robots\" content=\"index, follow, max-snippet:-1, max-image-preview:large, max-video-preview:-1\" \/>\n<link rel=\"canonical\" href=\"https:\/\/luminairesgregoire.com\/en\/product\/pd548315bgcl\/\" \/>\n<meta property=\"og:locale\" content=\"en_US\" \/>\n<meta property=\"og:type\" content=\"article\" \/>\n<meta property=\"og:title\" content=\"AGED GOLD BRASS 3-L PENDANT- WILLOW PD548315BGCL - Luminaires Paul Gr\u00e9goire\" \/>\n<meta property=\"og:description\" content=\"AGED GOLD BRASS 3-L PENDANT- WILLOW PD548315BGCL - Discover our collection of designer lighting \u2014 pendants, lamps, and ceiling lights \u2014 to brighten every space with style and elegance.\" \/>\n<meta property=\"og:url\" content=\"https:\/\/luminairesgregoire.com\/en\/product\/pd548315bgcl\/\" \/>\n<meta property=\"og:site_name\" content=\"Luminaires Paul Gr\u00e9goire\" \/>\n<meta property=\"article:modified_time\" content=\"2026-02-18T22:14:57+00:00\" \/>\n<meta property=\"og:image\" content=\"https:\/\/luminairesgregoire.com\/wp-content\/uploads\/2025\/05\/PD548315BGCL.jpg\" \/>\n\t<meta property=\"og:image:width\" content=\"850\" \/>\n\t<meta property=\"og:image:height\" content=\"850\" \/>\n\t<meta property=\"og:image:type\" content=\"image\/jpeg\" \/>\n<meta name=\"twitter:card\" content=\"summary_large_image\" \/>\n<script type=\"application\/ld+json\" class=\"yoast-schema-graph\">{\"@context\":\"https:\/\/schema.org\",\"@graph\":[{\"@type\":\"WebPage\",\"@id\":\"https:\/\/luminairesgregoire.com\/en\/product\/pd548315bgcl\/\",\"url\":\"https:\/\/luminairesgregoire.com\/en\/product\/pd548315bgcl\/\",\"name\":\"AGED GOLD BRASS 3-L PENDANT- WILLOW PD548315BGCL - Luminaires Paul Gr\u00e9goire\",\"isPartOf\":{\"@id\":\"https:\/\/luminairesgregoire.com\/en\/#website\"},\"primaryImageOfPage\":{\"@id\":\"https:\/\/luminairesgregoire.com\/en\/product\/pd548315bgcl\/#primaryimage\"},\"image\":{\"@id\":\"https:\/\/luminairesgregoire.com\/en\/product\/pd548315bgcl\/#primaryimage\"},\"thumbnailUrl\":\"https:\/\/luminairesgregoire.com\/wp-content\/uploads\/2025\/05\/PD548315BGCL.jpg\",\"datePublished\":\"2025-05-02T18:56:45+00:00\",\"dateModified\":\"2026-02-18T22:14:57+00:00\",\"description\":\"AGED GOLD BRASS 3-L PENDANT- WILLOW PD548315BGCL - Discover our collection of designer lighting \u2014 pendants, lamps, and ceiling lights \u2014 to brighten every space with style and elegance.\",\"breadcrumb\":{\"@id\":\"https:\/\/luminairesgregoire.com\/en\/product\/pd548315bgcl\/#breadcrumb\"},\"inLanguage\":\"en-US\",\"potentialAction\":[{\"@type\":\"ReadAction\",\"target\":[\"https:\/\/luminairesgregoire.com\/en\/product\/pd548315bgcl\/\"]}]},{\"@type\":\"ImageObject\",\"inLanguage\":\"en-US\",\"@id\":\"https:\/\/luminairesgregoire.com\/en\/product\/pd548315bgcl\/#primaryimage\",\"url\":\"https:\/\/luminairesgregoire.com\/wp-content\/uploads\/2025\/05\/PD548315BGCL.jpg\",\"contentUrl\":\"https:\/\/luminairesgregoire.com\/wp-content\/uploads\/2025\/05\/PD548315BGCL.jpg\",\"width\":850,\"height\":850,\"caption\":\"AGED GOLD BRASS 3-L PENDANT- WILLOW PD548315BGCL\"},{\"@type\":\"BreadcrumbList\",\"@id\":\"https:\/\/luminairesgregoire.com\/en\/product\/pd548315bgcl\/#breadcrumb\",\"itemListElement\":[{\"@type\":\"ListItem\",\"position\":1,\"name\":\"Home\",\"item\":\"https:\/\/luminairesgregoire.com\/en\/\"},{\"@type\":\"ListItem\",\"position\":2,\"name\":\"Store\",\"item\":\"https:\/\/luminairesgregoire.com\/en\/products\/\"},{\"@type\":\"ListItem\",\"position\":3,\"name\":\"AGED GOLD BRASS 3-L PENDANT- WILLOW PD548315BGCL\"}]},{\"@type\":\"WebSite\",\"@id\":\"https:\/\/luminairesgregoire.com\/en\/#website\",\"url\":\"https:\/\/luminairesgregoire.com\/en\/\",\"name\":\"Luminaires Paul Gr\u00e9goire\",\"description\":\"\",\"publisher\":{\"@id\":\"https:\/\/luminairesgregoire.com\/en\/#organization\"},\"potentialAction\":[{\"@type\":\"SearchAction\",\"target\":{\"@type\":\"EntryPoint\",\"urlTemplate\":\"https:\/\/luminairesgregoire.com\/en\/?s={search_term_string}\"},\"query-input\":{\"@type\":\"PropertyValueSpecification\",\"valueRequired\":true,\"valueName\":\"search_term_string\"}}],\"inLanguage\":\"en-US\"},{\"@type\":\"Organization\",\"@id\":\"https:\/\/luminairesgregoire.com\/en\/#organization\",\"name\":\"Luminaires Paul Gr\u00e9goire\",\"url\":\"https:\/\/luminairesgregoire.com\/en\/\",\"logo\":{\"@type\":\"ImageObject\",\"inLanguage\":\"en-US\",\"@id\":\"https:\/\/luminairesgregoire.com\/en\/#\/schema\/logo\/image\/\",\"url\":\"https:\/\/luminairesgregoire.com\/wp-content\/uploads\/2021\/05\/logo_CMYK-1-1.png\",\"contentUrl\":\"https:\/\/luminairesgregoire.com\/wp-content\/uploads\/2021\/05\/logo_CMYK-1-1.png\",\"width\":350,\"height\":164,\"caption\":\"Luminaires Paul Gr\u00e9goire\"},\"image\":{\"@id\":\"https:\/\/luminairesgregoire.com\/en\/#\/schema\/logo\/image\/\"}}]}<\/script>\n<!-- \/ Yoast SEO plugin. -->","yoast_head_json":{"title":"AGED GOLD BRASS 3-L PENDANT- WILLOW PD548315BGCL - Luminaires Paul Gr\u00e9goire","description":"AGED GOLD BRASS 3-L PENDANT- WILLOW PD548315BGCL - Discover our collection of designer lighting \u2014 pendants, lamps, and ceiling lights \u2014 to brighten every space with style and elegance.","robots":{"index":"index","follow":"follow","max-snippet":"max-snippet:-1","max-image-preview":"max-image-preview:large","max-video-preview":"max-video-preview:-1"},"canonical":"https:\/\/luminairesgregoire.com\/en\/product\/pd548315bgcl\/","og_locale":"en_US","og_type":"article","og_title":"AGED GOLD BRASS 3-L PENDANT- WILLOW PD548315BGCL - Luminaires Paul Gr\u00e9goire","og_description":"AGED GOLD BRASS 3-L PENDANT- WILLOW PD548315BGCL - Discover our collection of designer lighting \u2014 pendants, lamps, and ceiling lights \u2014 to brighten every space with style and elegance.","og_url":"https:\/\/luminairesgregoire.com\/en\/product\/pd548315bgcl\/","og_site_name":"Luminaires Paul Gr\u00e9goire","article_modified_time":"2026-02-18T22:14:57+00:00","og_image":[{"width":850,"height":850,"url":"https:\/\/luminairesgregoire.com\/wp-content\/uploads\/2025\/05\/PD548315BGCL.jpg","type":"image\/jpeg"}],"twitter_card":"summary_large_image","schema":{"@context":"https:\/\/schema.org","@graph":[{"@type":"WebPage","@id":"https:\/\/luminairesgregoire.com\/en\/product\/pd548315bgcl\/","url":"https:\/\/luminairesgregoire.com\/en\/product\/pd548315bgcl\/","name":"AGED GOLD BRASS 3-L PENDANT- WILLOW PD548315BGCL - Luminaires Paul Gr\u00e9goire","isPartOf":{"@id":"https:\/\/luminairesgregoire.com\/en\/#website"},"primaryImageOfPage":{"@id":"https:\/\/luminairesgregoire.com\/en\/product\/pd548315bgcl\/#primaryimage"},"image":{"@id":"https:\/\/luminairesgregoire.com\/en\/product\/pd548315bgcl\/#primaryimage"},"thumbnailUrl":"https:\/\/luminairesgregoire.com\/wp-content\/uploads\/2025\/05\/PD548315BGCL.jpg","datePublished":"2025-05-02T18:56:45+00:00","dateModified":"2026-02-18T22:14:57+00:00","description":"AGED GOLD BRASS 3-L PENDANT- WILLOW PD548315BGCL - Discover our collection of designer lighting \u2014 pendants, lamps, and ceiling lights \u2014 to brighten every space with style and elegance.","breadcrumb":{"@id":"https:\/\/luminairesgregoire.com\/en\/product\/pd548315bgcl\/#breadcrumb"},"inLanguage":"en-US","potentialAction":[{"@type":"ReadAction","target":["https:\/\/luminairesgregoire.com\/en\/product\/pd548315bgcl\/"]}]},{"@type":"ImageObject","inLanguage":"en-US","@id":"https:\/\/luminairesgregoire.com\/en\/product\/pd548315bgcl\/#primaryimage","url":"https:\/\/luminairesgregoire.com\/wp-content\/uploads\/2025\/05\/PD548315BGCL.jpg","contentUrl":"https:\/\/luminairesgregoire.com\/wp-content\/uploads\/2025\/05\/PD548315BGCL.jpg","width":850,"height":850,"caption":"AGED GOLD BRASS 3-L PENDANT- WILLOW PD548315BGCL"},{"@type":"BreadcrumbList","@id":"https:\/\/luminairesgregoire.com\/en\/product\/pd548315bgcl\/#breadcrumb","itemListElement":[{"@type":"ListItem","position":1,"name":"Home","item":"https:\/\/luminairesgregoire.com\/en\/"},{"@type":"ListItem","position":2,"name":"Store","item":"https:\/\/luminairesgregoire.com\/en\/products\/"},{"@type":"ListItem","position":3,"name":"AGED GOLD BRASS 3-L PENDANT- WILLOW PD548315BGCL"}]},{"@type":"WebSite","@id":"https:\/\/luminairesgregoire.com\/en\/#website","url":"https:\/\/luminairesgregoire.com\/en\/","name":"Luminaires Paul Gr\u00e9goire","description":"","publisher":{"@id":"https:\/\/luminairesgregoire.com\/en\/#organization"},"potentialAction":[{"@type":"SearchAction","target":{"@type":"EntryPoint","urlTemplate":"https:\/\/luminairesgregoire.com\/en\/?s={search_term_string}"},"query-input":{"@type":"PropertyValueSpecification","valueRequired":true,"valueName":"search_term_string"}}],"inLanguage":"en-US"},{"@type":"Organization","@id":"https:\/\/luminairesgregoire.com\/en\/#organization","name":"Luminaires Paul Gr\u00e9goire","url":"https:\/\/luminairesgregoire.com\/en\/","logo":{"@type":"ImageObject","inLanguage":"en-US","@id":"https:\/\/luminairesgregoire.com\/en\/#\/schema\/logo\/image\/","url":"https:\/\/luminairesgregoire.com\/wp-content\/uploads\/2021\/05\/logo_CMYK-1-1.png","contentUrl":"https:\/\/luminairesgregoire.com\/wp-content\/uploads\/2021\/05\/logo_CMYK-1-1.png","width":350,"height":164,"caption":"Luminaires Paul Gr\u00e9goire"},"image":{"@id":"https:\/\/luminairesgregoire.com\/en\/#\/schema\/logo\/image\/"}}]}},"_links":{"self":[{"href":"https:\/\/luminairesgregoire.com\/en\/wp-json\/wp\/v2\/product\/24597","targetHints":{"allow":["GET"]}}],"collection":[{"href":"https:\/\/luminairesgregoire.com\/en\/wp-json\/wp\/v2\/product"}],"about":[{"href":"https:\/\/luminairesgregoire.com\/en\/wp-json\/wp\/v2\/types\/product"}],"wp:featuredmedia":[{"embeddable":true,"href":"https:\/\/luminairesgregoire.com\/en\/wp-json\/wp\/v2\/media\/21863"}],"wp:attachment":[{"href":"https:\/\/luminairesgregoire.com\/en\/wp-json\/wp\/v2\/media?parent=24597"}],"wp:term":[{"taxonomy":"product_brand","embeddable":true,"href":"https:\/\/luminairesgregoire.com\/en\/wp-json\/wp\/v2\/product_brand?post=24597"},{"taxonomy":"product_cat","embeddable":true,"href":"https:\/\/luminairesgregoire.com\/en\/wp-json\/wp\/v2\/product_cat?post=24597"},{"taxonomy":"product_tag","embeddable":true,"href":"https:\/\/luminairesgregoire.com\/en\/wp-json\/wp\/v2\/product_tag?post=24597"}],"curies":[{"name":"wp","href":"https:\/\/api.w.org\/{rel}","templated":true}]}}