{"id":25519,"date":"2025-06-10T01:13:42","date_gmt":"2025-06-10T05:13:42","guid":{"rendered":"https:\/\/luminairesgregoire.com\/?post_type=product&#038;p=25519"},"modified":"2026-01-09T16:57:55","modified_gmt":"2026-01-09T21:57:55","slug":"rail-4l-del-dirigeable-noir-et-or-innova-cn8614-bkgd","status":"publish","type":"product","link":"https:\/\/luminairesgregoire.com\/en\/product\/rail-4l-del-dirigeable-noir-et-or-innova-cn8614-bkgd\/","title":{"rendered":"RAIL 4L DEL DIRIGEABLE NOIR ET OR- INNOVA CN8614-BKGD"},"content":{"rendered":"<p>Ajoutez une <strong data-start=\"189\" data-end=\"230\">touche transitionnelle \u00e0 votre espace<\/strong> avec le track Innova au fini <strong data-start=\"260\" data-end=\"291\">noir avec accents de laiton<\/strong>. Id\u00e9al pour une <strong data-start=\"308\" data-end=\"344\">cuisine, un bureau ou une entr\u00e9e<\/strong>, ce luminaire encastr\u00e9 compl\u00e8te \u00e9l\u00e9gamment votre d\u00e9cor tout en offrant un \u00e9clairage uniforme et chaleureux.<\/p>\n","protected":false},"excerpt":{"rendered":"<p>Ajoutez une touche transitionnelle \u00e0 votre espace avec le track Innova au fini noir avec accents de laiton. Id\u00e9al pour une cuisine, un bureau ou une entr\u00e9e, ce luminaire encastr\u00e9 compl\u00e8te \u00e9l\u00e9gamment votre d\u00e9cor tout en offrant un \u00e9clairage uniforme et chaleureux.<\/p>\n","protected":false},"featured_media":32690,"template":"","meta":{"_acf_changed":false},"product_brand":[7088],"product_cat":[5986],"product_tag":[],"class_list":{"0":"post-25519","1":"product","2":"type-product","3":"status-publish","4":"has-post-thumbnail","6":"product_brand-creation-nova","7":"product_cat-track-lighting","8":"pa_finis-black","9":"pa_finis-gold-2","10":"pa_hauteur-7484","11":"pa_largeur-36-25","13":"first","14":"instock","15":"taxable","16":"shipping-taxable","17":"purchasable","18":"product-type-simple"},"acf":[],"yoast_head":"<!-- This site is optimized with the Yoast SEO plugin v26.9 - https:\/\/yoast.com\/product\/yoast-seo-wordpress\/ -->\n<title>RAIL 4L DEL DIRIGEABLE NOIR ET OR- INNOVA CN8614-BKGD - Luminaires Paul Gr\u00e9goire<\/title>\n<meta name=\"description\" content=\"RAIL 4L DEL DIRIGEABLE NOIR ET OR- INNOVA CN8614-BKGD - Discover our collection of designer lighting \u2014 pendants, lamps, and ceiling lights \u2014 to brighten every space with style and elegance.\" \/>\n<meta name=\"robots\" content=\"index, follow, max-snippet:-1, max-image-preview:large, max-video-preview:-1\" \/>\n<link rel=\"canonical\" href=\"https:\/\/luminairesgregoire.com\/en\/product\/rail-4l-del-dirigeable-noir-et-or-innova-cn8614-bkgd\/\" \/>\n<meta property=\"og:locale\" content=\"en_US\" \/>\n<meta property=\"og:type\" content=\"article\" \/>\n<meta property=\"og:title\" content=\"RAIL 4L DEL DIRIGEABLE NOIR ET OR- INNOVA CN8614-BKGD - Luminaires Paul Gr\u00e9goire\" \/>\n<meta property=\"og:description\" content=\"RAIL 4L DEL DIRIGEABLE NOIR ET OR- INNOVA CN8614-BKGD - Discover our collection of designer lighting \u2014 pendants, lamps, and ceiling lights \u2014 to brighten every space with style and elegance.\" \/>\n<meta property=\"og:url\" content=\"https:\/\/luminairesgregoire.com\/en\/product\/rail-4l-del-dirigeable-noir-et-or-innova-cn8614-bkgd\/\" \/>\n<meta property=\"og:site_name\" content=\"Luminaires Paul Gr\u00e9goire\" \/>\n<meta property=\"article:modified_time\" content=\"2026-01-09T21:57:55+00:00\" \/>\n<meta property=\"og:image\" content=\"https:\/\/luminairesgregoire.com\/wp-content\/uploads\/2026\/01\/Votre-texte-de-paragraphe-14.webp\" \/>\n\t<meta property=\"og:image:width\" content=\"850\" \/>\n\t<meta property=\"og:image:height\" content=\"850\" \/>\n\t<meta property=\"og:image:type\" content=\"image\/jpeg\" \/>\n<meta name=\"twitter:card\" content=\"summary_large_image\" \/>\n<meta name=\"twitter:label1\" content=\"Est. reading time\" \/>\n\t<meta name=\"twitter:data1\" content=\"1 minute\" \/>\n<script type=\"application\/ld+json\" class=\"yoast-schema-graph\">{\"@context\":\"https:\/\/schema.org\",\"@graph\":[{\"@type\":\"WebPage\",\"@id\":\"https:\/\/luminairesgregoire.com\/en\/product\/rail-4l-del-dirigeable-noir-et-or-innova-cn8614-bkgd\/\",\"url\":\"https:\/\/luminairesgregoire.com\/en\/product\/rail-4l-del-dirigeable-noir-et-or-innova-cn8614-bkgd\/\",\"name\":\"RAIL 4L DEL DIRIGEABLE NOIR ET OR- INNOVA CN8614-BKGD - Luminaires Paul Gr\u00e9goire\",\"isPartOf\":{\"@id\":\"https:\/\/luminairesgregoire.com\/en\/#website\"},\"primaryImageOfPage\":{\"@id\":\"https:\/\/luminairesgregoire.com\/en\/product\/rail-4l-del-dirigeable-noir-et-or-innova-cn8614-bkgd\/#primaryimage\"},\"image\":{\"@id\":\"https:\/\/luminairesgregoire.com\/en\/product\/rail-4l-del-dirigeable-noir-et-or-innova-cn8614-bkgd\/#primaryimage\"},\"thumbnailUrl\":\"https:\/\/luminairesgregoire.com\/wp-content\/uploads\/2026\/01\/Votre-texte-de-paragraphe-14.webp\",\"datePublished\":\"2025-06-10T05:13:42+00:00\",\"dateModified\":\"2026-01-09T21:57:55+00:00\",\"description\":\"RAIL 4L DEL DIRIGEABLE NOIR ET OR- INNOVA CN8614-BKGD - Discover our collection of designer lighting \u2014 pendants, lamps, and ceiling lights \u2014 to brighten every space with style and elegance.\",\"breadcrumb\":{\"@id\":\"https:\/\/luminairesgregoire.com\/en\/product\/rail-4l-del-dirigeable-noir-et-or-innova-cn8614-bkgd\/#breadcrumb\"},\"inLanguage\":\"en-US\",\"potentialAction\":[{\"@type\":\"ReadAction\",\"target\":[\"https:\/\/luminairesgregoire.com\/en\/product\/rail-4l-del-dirigeable-noir-et-or-innova-cn8614-bkgd\/\"]}]},{\"@type\":\"ImageObject\",\"inLanguage\":\"en-US\",\"@id\":\"https:\/\/luminairesgregoire.com\/en\/product\/rail-4l-del-dirigeable-noir-et-or-innova-cn8614-bkgd\/#primaryimage\",\"url\":\"https:\/\/luminairesgregoire.com\/wp-content\/uploads\/2026\/01\/Votre-texte-de-paragraphe-14.webp\",\"contentUrl\":\"https:\/\/luminairesgregoire.com\/wp-content\/uploads\/2026\/01\/Votre-texte-de-paragraphe-14.webp\",\"width\":850,\"height\":850,\"caption\":\"RAIL 4L DEL DIRIGEABLE NOIR ET OR- INNOVA CN8614-BKGD\"},{\"@type\":\"BreadcrumbList\",\"@id\":\"https:\/\/luminairesgregoire.com\/en\/product\/rail-4l-del-dirigeable-noir-et-or-innova-cn8614-bkgd\/#breadcrumb\",\"itemListElement\":[{\"@type\":\"ListItem\",\"position\":1,\"name\":\"Home\",\"item\":\"https:\/\/luminairesgregoire.com\/en\/\"},{\"@type\":\"ListItem\",\"position\":2,\"name\":\"Store\",\"item\":\"https:\/\/luminairesgregoire.com\/en\/products\/\"},{\"@type\":\"ListItem\",\"position\":3,\"name\":\"RAIL 4L DEL DIRIGEABLE NOIR ET OR- INNOVA CN8614-BKGD\"}]},{\"@type\":\"WebSite\",\"@id\":\"https:\/\/luminairesgregoire.com\/en\/#website\",\"url\":\"https:\/\/luminairesgregoire.com\/en\/\",\"name\":\"Luminaires Paul Gr\u00e9goire\",\"description\":\"\",\"publisher\":{\"@id\":\"https:\/\/luminairesgregoire.com\/en\/#organization\"},\"potentialAction\":[{\"@type\":\"SearchAction\",\"target\":{\"@type\":\"EntryPoint\",\"urlTemplate\":\"https:\/\/luminairesgregoire.com\/en\/?s={search_term_string}\"},\"query-input\":{\"@type\":\"PropertyValueSpecification\",\"valueRequired\":true,\"valueName\":\"search_term_string\"}}],\"inLanguage\":\"en-US\"},{\"@type\":\"Organization\",\"@id\":\"https:\/\/luminairesgregoire.com\/en\/#organization\",\"name\":\"Luminaires Paul Gr\u00e9goire\",\"url\":\"https:\/\/luminairesgregoire.com\/en\/\",\"logo\":{\"@type\":\"ImageObject\",\"inLanguage\":\"en-US\",\"@id\":\"https:\/\/luminairesgregoire.com\/en\/#\/schema\/logo\/image\/\",\"url\":\"https:\/\/luminairesgregoire.com\/wp-content\/uploads\/2021\/05\/logo_CMYK-1-1.png\",\"contentUrl\":\"https:\/\/luminairesgregoire.com\/wp-content\/uploads\/2021\/05\/logo_CMYK-1-1.png\",\"width\":350,\"height\":164,\"caption\":\"Luminaires Paul Gr\u00e9goire\"},\"image\":{\"@id\":\"https:\/\/luminairesgregoire.com\/en\/#\/schema\/logo\/image\/\"}}]}<\/script>\n<!-- \/ Yoast SEO plugin. -->","yoast_head_json":{"title":"RAIL 4L DEL DIRIGEABLE NOIR ET OR- INNOVA CN8614-BKGD - Luminaires Paul Gr\u00e9goire","description":"RAIL 4L DEL DIRIGEABLE NOIR ET OR- INNOVA CN8614-BKGD - Discover our collection of designer lighting \u2014 pendants, lamps, and ceiling lights \u2014 to brighten every space with style and elegance.","robots":{"index":"index","follow":"follow","max-snippet":"max-snippet:-1","max-image-preview":"max-image-preview:large","max-video-preview":"max-video-preview:-1"},"canonical":"https:\/\/luminairesgregoire.com\/en\/product\/rail-4l-del-dirigeable-noir-et-or-innova-cn8614-bkgd\/","og_locale":"en_US","og_type":"article","og_title":"RAIL 4L DEL DIRIGEABLE NOIR ET OR- INNOVA CN8614-BKGD - Luminaires Paul Gr\u00e9goire","og_description":"RAIL 4L DEL DIRIGEABLE NOIR ET OR- INNOVA CN8614-BKGD - Discover our collection of designer lighting \u2014 pendants, lamps, and ceiling lights \u2014 to brighten every space with style and elegance.","og_url":"https:\/\/luminairesgregoire.com\/en\/product\/rail-4l-del-dirigeable-noir-et-or-innova-cn8614-bkgd\/","og_site_name":"Luminaires Paul Gr\u00e9goire","article_modified_time":"2026-01-09T21:57:55+00:00","og_image":[{"width":850,"height":850,"url":"https:\/\/luminairesgregoire.com\/wp-content\/uploads\/2026\/01\/Votre-texte-de-paragraphe-14.webp","type":"image\/jpeg"}],"twitter_card":"summary_large_image","twitter_misc":{"Est. reading time":"1 minute"},"schema":{"@context":"https:\/\/schema.org","@graph":[{"@type":"WebPage","@id":"https:\/\/luminairesgregoire.com\/en\/product\/rail-4l-del-dirigeable-noir-et-or-innova-cn8614-bkgd\/","url":"https:\/\/luminairesgregoire.com\/en\/product\/rail-4l-del-dirigeable-noir-et-or-innova-cn8614-bkgd\/","name":"RAIL 4L DEL DIRIGEABLE NOIR ET OR- INNOVA CN8614-BKGD - Luminaires Paul Gr\u00e9goire","isPartOf":{"@id":"https:\/\/luminairesgregoire.com\/en\/#website"},"primaryImageOfPage":{"@id":"https:\/\/luminairesgregoire.com\/en\/product\/rail-4l-del-dirigeable-noir-et-or-innova-cn8614-bkgd\/#primaryimage"},"image":{"@id":"https:\/\/luminairesgregoire.com\/en\/product\/rail-4l-del-dirigeable-noir-et-or-innova-cn8614-bkgd\/#primaryimage"},"thumbnailUrl":"https:\/\/luminairesgregoire.com\/wp-content\/uploads\/2026\/01\/Votre-texte-de-paragraphe-14.webp","datePublished":"2025-06-10T05:13:42+00:00","dateModified":"2026-01-09T21:57:55+00:00","description":"RAIL 4L DEL DIRIGEABLE NOIR ET OR- INNOVA CN8614-BKGD - Discover our collection of designer lighting \u2014 pendants, lamps, and ceiling lights \u2014 to brighten every space with style and elegance.","breadcrumb":{"@id":"https:\/\/luminairesgregoire.com\/en\/product\/rail-4l-del-dirigeable-noir-et-or-innova-cn8614-bkgd\/#breadcrumb"},"inLanguage":"en-US","potentialAction":[{"@type":"ReadAction","target":["https:\/\/luminairesgregoire.com\/en\/product\/rail-4l-del-dirigeable-noir-et-or-innova-cn8614-bkgd\/"]}]},{"@type":"ImageObject","inLanguage":"en-US","@id":"https:\/\/luminairesgregoire.com\/en\/product\/rail-4l-del-dirigeable-noir-et-or-innova-cn8614-bkgd\/#primaryimage","url":"https:\/\/luminairesgregoire.com\/wp-content\/uploads\/2026\/01\/Votre-texte-de-paragraphe-14.webp","contentUrl":"https:\/\/luminairesgregoire.com\/wp-content\/uploads\/2026\/01\/Votre-texte-de-paragraphe-14.webp","width":850,"height":850,"caption":"RAIL 4L DEL DIRIGEABLE NOIR ET OR- INNOVA CN8614-BKGD"},{"@type":"BreadcrumbList","@id":"https:\/\/luminairesgregoire.com\/en\/product\/rail-4l-del-dirigeable-noir-et-or-innova-cn8614-bkgd\/#breadcrumb","itemListElement":[{"@type":"ListItem","position":1,"name":"Home","item":"https:\/\/luminairesgregoire.com\/en\/"},{"@type":"ListItem","position":2,"name":"Store","item":"https:\/\/luminairesgregoire.com\/en\/products\/"},{"@type":"ListItem","position":3,"name":"RAIL 4L DEL DIRIGEABLE NOIR ET OR- INNOVA CN8614-BKGD"}]},{"@type":"WebSite","@id":"https:\/\/luminairesgregoire.com\/en\/#website","url":"https:\/\/luminairesgregoire.com\/en\/","name":"Luminaires Paul Gr\u00e9goire","description":"","publisher":{"@id":"https:\/\/luminairesgregoire.com\/en\/#organization"},"potentialAction":[{"@type":"SearchAction","target":{"@type":"EntryPoint","urlTemplate":"https:\/\/luminairesgregoire.com\/en\/?s={search_term_string}"},"query-input":{"@type":"PropertyValueSpecification","valueRequired":true,"valueName":"search_term_string"}}],"inLanguage":"en-US"},{"@type":"Organization","@id":"https:\/\/luminairesgregoire.com\/en\/#organization","name":"Luminaires Paul Gr\u00e9goire","url":"https:\/\/luminairesgregoire.com\/en\/","logo":{"@type":"ImageObject","inLanguage":"en-US","@id":"https:\/\/luminairesgregoire.com\/en\/#\/schema\/logo\/image\/","url":"https:\/\/luminairesgregoire.com\/wp-content\/uploads\/2021\/05\/logo_CMYK-1-1.png","contentUrl":"https:\/\/luminairesgregoire.com\/wp-content\/uploads\/2021\/05\/logo_CMYK-1-1.png","width":350,"height":164,"caption":"Luminaires Paul Gr\u00e9goire"},"image":{"@id":"https:\/\/luminairesgregoire.com\/en\/#\/schema\/logo\/image\/"}}]}},"_links":{"self":[{"href":"https:\/\/luminairesgregoire.com\/en\/wp-json\/wp\/v2\/product\/25519","targetHints":{"allow":["GET"]}}],"collection":[{"href":"https:\/\/luminairesgregoire.com\/en\/wp-json\/wp\/v2\/product"}],"about":[{"href":"https:\/\/luminairesgregoire.com\/en\/wp-json\/wp\/v2\/types\/product"}],"wp:featuredmedia":[{"embeddable":true,"href":"https:\/\/luminairesgregoire.com\/en\/wp-json\/wp\/v2\/media\/32690"}],"wp:attachment":[{"href":"https:\/\/luminairesgregoire.com\/en\/wp-json\/wp\/v2\/media?parent=25519"}],"wp:term":[{"taxonomy":"product_brand","embeddable":true,"href":"https:\/\/luminairesgregoire.com\/en\/wp-json\/wp\/v2\/product_brand?post=25519"},{"taxonomy":"product_cat","embeddable":true,"href":"https:\/\/luminairesgregoire.com\/en\/wp-json\/wp\/v2\/product_cat?post=25519"},{"taxonomy":"product_tag","embeddable":true,"href":"https:\/\/luminairesgregoire.com\/en\/wp-json\/wp\/v2\/product_tag?post=25519"}],"curies":[{"name":"wp","href":"https:\/\/api.w.org\/{rel}","templated":true}]}}