{"id":25565,"date":"2025-06-13T01:02:37","date_gmt":"2025-06-13T05:02:37","guid":{"rendered":"https:\/\/luminairesgregoire.com\/?post_type=product&#038;p=25565"},"modified":"2026-05-07T03:46:53","modified_gmt":"2026-05-07T07:46:53","slug":"lampe-de-lecture-sur-pied-del-noir-constance-cst-6112ledf-m","status":"publish","type":"product","link":"https:\/\/luminairesgregoire.com\/en\/product\/lampe-de-lecture-sur-pied-del-noir-constance-cst-6112ledf-m\/","title":{"rendered":"LAMPE DE LECTURE SUR PIED DEL NOIR- CONSTANCE CST-6112LEDF-M"},"content":{"rendered":"<p data-start=\"190\" data-end=\"490\">Apportez une touche moderne et fonctionnelle \u00e0 votre espace avec ce lampadaire DEL de 12W de la collection Constance par Dainolite. Inspir\u00e9 du style d\u2019\u00e9clairage sur rail, son design \u00e9lanc\u00e9 avec t\u00eate cylindrique directionnelle offre une esth\u00e9tique contemporaine \u00e9pur\u00e9e, id\u00e9ale pour les d\u00e9cors actuels.<\/p>\n<p data-start=\"492\" data-end=\"743\">Son diffuseur en acrylique givr\u00e9 adoucit la lumi\u00e8re pour cr\u00e9er une ambiance agr\u00e9able et uniforme, parfaite pour un salon, une chambre ou un bureau. \u00c9quip\u00e9 de DEL int\u00e9gr\u00e9es, ce lampadaire offre une lumi\u00e8re blanche chaude (3000K) performante et durable.<\/p>\n","protected":false},"excerpt":{"rendered":"<p>Apportez une touche moderne et fonctionnelle \u00e0 votre espace avec ce lampadaire DEL de 12W de la collection Constance par Dainolite. Inspir\u00e9 du style d\u2019\u00e9clairage sur rail, son design \u00e9lanc\u00e9 avec t\u00eate cylindrique directionnelle offre une esth\u00e9tique contemporaine \u00e9pur\u00e9e, id\u00e9ale pour les d\u00e9cors actuels. Son diffuseur en acrylique givr\u00e9 adoucit la lumi\u00e8re pour cr\u00e9er une [&hellip;]<\/p>\n","protected":false},"featured_media":39450,"template":"","meta":{"_acf_changed":false},"product_brand":[6017],"product_cat":[6982,5833,5832],"product_tag":[],"class_list":{"0":"post-25565","1":"product","2":"type-product","3":"status-publish","4":"has-post-thumbnail","6":"product_brand-dainolite","7":"product_cat-lampes-de-lecture","8":"product_cat-lampes-de-planchers","9":"product_cat-lampes-portatives","10":"pa_diametre-2820","11":"pa_finis-noir","12":"pa_hauteur-61-75","13":"pa_kelvin-3000-k","14":"pa_lumens-1091-lm","15":"pa_nombre-dampoules-6418","16":"pa_types-dampoules-del-integre","17":"pa_watts-12-w","19":"first","20":"instock","21":"taxable","22":"shipping-taxable","23":"purchasable","24":"product-type-simple"},"acf":[],"yoast_head":"<!-- This site is optimized with the Yoast SEO plugin v27.4 - https:\/\/yoast.com\/product\/yoast-seo-wordpress\/ -->\n<title>LAMPE DE LECTURE SUR PIED DEL NOIR- CONSTANCE CST-6112LEDF-M<\/title>\n<meta name=\"description\" content=\"LAMPE DE LECTURE SUR PIED DEL NOIR- CONSTANCE CST-6112LEDF-M - Discover our collection of designer lighting \u2014 pendants, lamps, and ceiling lights \u2014 to brighten every space with style and elegance.\" \/>\n<meta name=\"robots\" content=\"index, follow, max-snippet:-1, max-image-preview:large, max-video-preview:-1\" \/>\n<link rel=\"canonical\" href=\"https:\/\/luminairesgregoire.com\/en\/product\/lampe-de-lecture-sur-pied-del-noir-constance-cst-6112ledf-m\/\" \/>\n<meta property=\"og:locale\" content=\"en_US\" \/>\n<meta property=\"og:type\" content=\"article\" \/>\n<meta property=\"og:title\" content=\"LAMPE DE LECTURE SUR PIED DEL NOIR- CONSTANCE CST-6112LEDF-M\" \/>\n<meta property=\"og:description\" content=\"LAMPE DE LECTURE SUR PIED DEL NOIR- CONSTANCE CST-6112LEDF-M - Discover our collection of designer lighting \u2014 pendants, lamps, and ceiling lights \u2014 to brighten every space with style and elegance.\" \/>\n<meta property=\"og:url\" content=\"https:\/\/luminairesgregoire.com\/en\/product\/lampe-de-lecture-sur-pied-del-noir-constance-cst-6112ledf-m\/\" \/>\n<meta property=\"og:site_name\" content=\"Luminaires Paul Gr\u00e9goire\" \/>\n<meta property=\"article:modified_time\" content=\"2026-05-07T07:46:53+00:00\" \/>\n<meta property=\"og:image\" content=\"https:\/\/luminairesgregoire.com\/wp-content\/uploads\/2026\/05\/Votre-texte-de-paragraphe-2026-05-05T125837.244.webp\" \/>\n\t<meta property=\"og:image:width\" content=\"850\" \/>\n\t<meta property=\"og:image:height\" content=\"850\" \/>\n\t<meta property=\"og:image:type\" content=\"image\/jpeg\" \/>\n<meta name=\"twitter:card\" content=\"summary_large_image\" \/>\n<meta name=\"twitter:label1\" content=\"Est. reading time\" \/>\n\t<meta name=\"twitter:data1\" content=\"1 minute\" \/>\n<script type=\"application\/ld+json\" class=\"yoast-schema-graph\">{\"@context\":\"https:\\\/\\\/schema.org\",\"@graph\":[{\"@type\":\"WebPage\",\"@id\":\"https:\\\/\\\/luminairesgregoire.com\\\/en\\\/product\\\/lampe-de-lecture-sur-pied-del-noir-constance-cst-6112ledf-m\\\/\",\"url\":\"https:\\\/\\\/luminairesgregoire.com\\\/en\\\/product\\\/lampe-de-lecture-sur-pied-del-noir-constance-cst-6112ledf-m\\\/\",\"name\":\"LAMPE DE LECTURE SUR PIED DEL NOIR- CONSTANCE CST-6112LEDF-M\",\"isPartOf\":{\"@id\":\"https:\\\/\\\/luminairesgregoire.com\\\/en\\\/#website\"},\"primaryImageOfPage\":{\"@id\":\"https:\\\/\\\/luminairesgregoire.com\\\/en\\\/product\\\/lampe-de-lecture-sur-pied-del-noir-constance-cst-6112ledf-m\\\/#primaryimage\"},\"image\":{\"@id\":\"https:\\\/\\\/luminairesgregoire.com\\\/en\\\/product\\\/lampe-de-lecture-sur-pied-del-noir-constance-cst-6112ledf-m\\\/#primaryimage\"},\"thumbnailUrl\":\"https:\\\/\\\/luminairesgregoire.com\\\/wp-content\\\/uploads\\\/2026\\\/05\\\/Votre-texte-de-paragraphe-2026-05-05T125837.244.webp\",\"datePublished\":\"2025-06-13T05:02:37+00:00\",\"dateModified\":\"2026-05-07T07:46:53+00:00\",\"description\":\"LAMPE DE LECTURE SUR PIED DEL NOIR- CONSTANCE CST-6112LEDF-M - Discover our collection of designer lighting \u2014 pendants, lamps, and ceiling lights \u2014 to brighten every space with style and elegance.\",\"breadcrumb\":{\"@id\":\"https:\\\/\\\/luminairesgregoire.com\\\/en\\\/product\\\/lampe-de-lecture-sur-pied-del-noir-constance-cst-6112ledf-m\\\/#breadcrumb\"},\"inLanguage\":\"en-US\",\"potentialAction\":[{\"@type\":\"ReadAction\",\"target\":[\"https:\\\/\\\/luminairesgregoire.com\\\/en\\\/product\\\/lampe-de-lecture-sur-pied-del-noir-constance-cst-6112ledf-m\\\/\"]}]},{\"@type\":\"ImageObject\",\"inLanguage\":\"en-US\",\"@id\":\"https:\\\/\\\/luminairesgregoire.com\\\/en\\\/product\\\/lampe-de-lecture-sur-pied-del-noir-constance-cst-6112ledf-m\\\/#primaryimage\",\"url\":\"https:\\\/\\\/luminairesgregoire.com\\\/wp-content\\\/uploads\\\/2026\\\/05\\\/Votre-texte-de-paragraphe-2026-05-05T125837.244.webp\",\"contentUrl\":\"https:\\\/\\\/luminairesgregoire.com\\\/wp-content\\\/uploads\\\/2026\\\/05\\\/Votre-texte-de-paragraphe-2026-05-05T125837.244.webp\",\"width\":850,\"height\":850,\"caption\":\"LAMPE DE LECTURE SUR PIED DEL NOIR- CONSTANCE CST-6112LEDF-M\"},{\"@type\":\"BreadcrumbList\",\"@id\":\"https:\\\/\\\/luminairesgregoire.com\\\/en\\\/product\\\/lampe-de-lecture-sur-pied-del-noir-constance-cst-6112ledf-m\\\/#breadcrumb\",\"itemListElement\":[{\"@type\":\"ListItem\",\"position\":1,\"name\":\"Home\",\"item\":\"https:\\\/\\\/luminairesgregoire.com\\\/en\\\/\"},{\"@type\":\"ListItem\",\"position\":2,\"name\":\"Store\",\"item\":\"https:\\\/\\\/luminairesgregoire.com\\\/en\\\/products\\\/\"},{\"@type\":\"ListItem\",\"position\":3,\"name\":\"LAMPE DE LECTURE SUR PIED DEL NOIR- CONSTANCE CST-6112LEDF-M\"}]},{\"@type\":\"WebSite\",\"@id\":\"https:\\\/\\\/luminairesgregoire.com\\\/en\\\/#website\",\"url\":\"https:\\\/\\\/luminairesgregoire.com\\\/en\\\/\",\"name\":\"Luminaires Paul Gr\u00e9goire\",\"description\":\"\",\"publisher\":{\"@id\":\"https:\\\/\\\/luminairesgregoire.com\\\/en\\\/#organization\"},\"potentialAction\":[{\"@type\":\"SearchAction\",\"target\":{\"@type\":\"EntryPoint\",\"urlTemplate\":\"https:\\\/\\\/luminairesgregoire.com\\\/en\\\/?s={search_term_string}\"},\"query-input\":{\"@type\":\"PropertyValueSpecification\",\"valueRequired\":true,\"valueName\":\"search_term_string\"}}],\"inLanguage\":\"en-US\"},{\"@type\":\"Organization\",\"@id\":\"https:\\\/\\\/luminairesgregoire.com\\\/en\\\/#organization\",\"name\":\"Luminaires Paul Gr\u00e9goire\",\"url\":\"https:\\\/\\\/luminairesgregoire.com\\\/en\\\/\",\"logo\":{\"@type\":\"ImageObject\",\"inLanguage\":\"en-US\",\"@id\":\"https:\\\/\\\/luminairesgregoire.com\\\/en\\\/#\\\/schema\\\/logo\\\/image\\\/\",\"url\":\"https:\\\/\\\/luminairesgregoire.com\\\/wp-content\\\/uploads\\\/2021\\\/05\\\/logo_CMYK-1-1.png\",\"contentUrl\":\"https:\\\/\\\/luminairesgregoire.com\\\/wp-content\\\/uploads\\\/2021\\\/05\\\/logo_CMYK-1-1.png\",\"width\":350,\"height\":164,\"caption\":\"Luminaires Paul Gr\u00e9goire\"},\"image\":{\"@id\":\"https:\\\/\\\/luminairesgregoire.com\\\/en\\\/#\\\/schema\\\/logo\\\/image\\\/\"}}]}<\/script>\n<!-- \/ Yoast SEO plugin. -->","yoast_head_json":{"title":"LAMPE DE LECTURE SUR PIED DEL NOIR- CONSTANCE CST-6112LEDF-M","description":"LAMPE DE LECTURE SUR PIED DEL NOIR- CONSTANCE CST-6112LEDF-M - Discover our collection of designer lighting \u2014 pendants, lamps, and ceiling lights \u2014 to brighten every space with style and elegance.","robots":{"index":"index","follow":"follow","max-snippet":"max-snippet:-1","max-image-preview":"max-image-preview:large","max-video-preview":"max-video-preview:-1"},"canonical":"https:\/\/luminairesgregoire.com\/en\/product\/lampe-de-lecture-sur-pied-del-noir-constance-cst-6112ledf-m\/","og_locale":"en_US","og_type":"article","og_title":"LAMPE DE LECTURE SUR PIED DEL NOIR- CONSTANCE CST-6112LEDF-M","og_description":"LAMPE DE LECTURE SUR PIED DEL NOIR- CONSTANCE CST-6112LEDF-M - Discover our collection of designer lighting \u2014 pendants, lamps, and ceiling lights \u2014 to brighten every space with style and elegance.","og_url":"https:\/\/luminairesgregoire.com\/en\/product\/lampe-de-lecture-sur-pied-del-noir-constance-cst-6112ledf-m\/","og_site_name":"Luminaires Paul Gr\u00e9goire","article_modified_time":"2026-05-07T07:46:53+00:00","og_image":[{"width":850,"height":850,"url":"https:\/\/luminairesgregoire.com\/wp-content\/uploads\/2026\/05\/Votre-texte-de-paragraphe-2026-05-05T125837.244.webp","type":"image\/jpeg"}],"twitter_card":"summary_large_image","twitter_misc":{"Est. reading time":"1 minute"},"schema":{"@context":"https:\/\/schema.org","@graph":[{"@type":"WebPage","@id":"https:\/\/luminairesgregoire.com\/en\/product\/lampe-de-lecture-sur-pied-del-noir-constance-cst-6112ledf-m\/","url":"https:\/\/luminairesgregoire.com\/en\/product\/lampe-de-lecture-sur-pied-del-noir-constance-cst-6112ledf-m\/","name":"LAMPE DE LECTURE SUR PIED DEL NOIR- CONSTANCE CST-6112LEDF-M","isPartOf":{"@id":"https:\/\/luminairesgregoire.com\/en\/#website"},"primaryImageOfPage":{"@id":"https:\/\/luminairesgregoire.com\/en\/product\/lampe-de-lecture-sur-pied-del-noir-constance-cst-6112ledf-m\/#primaryimage"},"image":{"@id":"https:\/\/luminairesgregoire.com\/en\/product\/lampe-de-lecture-sur-pied-del-noir-constance-cst-6112ledf-m\/#primaryimage"},"thumbnailUrl":"https:\/\/luminairesgregoire.com\/wp-content\/uploads\/2026\/05\/Votre-texte-de-paragraphe-2026-05-05T125837.244.webp","datePublished":"2025-06-13T05:02:37+00:00","dateModified":"2026-05-07T07:46:53+00:00","description":"LAMPE DE LECTURE SUR PIED DEL NOIR- CONSTANCE CST-6112LEDF-M - Discover our collection of designer lighting \u2014 pendants, lamps, and ceiling lights \u2014 to brighten every space with style and elegance.","breadcrumb":{"@id":"https:\/\/luminairesgregoire.com\/en\/product\/lampe-de-lecture-sur-pied-del-noir-constance-cst-6112ledf-m\/#breadcrumb"},"inLanguage":"en-US","potentialAction":[{"@type":"ReadAction","target":["https:\/\/luminairesgregoire.com\/en\/product\/lampe-de-lecture-sur-pied-del-noir-constance-cst-6112ledf-m\/"]}]},{"@type":"ImageObject","inLanguage":"en-US","@id":"https:\/\/luminairesgregoire.com\/en\/product\/lampe-de-lecture-sur-pied-del-noir-constance-cst-6112ledf-m\/#primaryimage","url":"https:\/\/luminairesgregoire.com\/wp-content\/uploads\/2026\/05\/Votre-texte-de-paragraphe-2026-05-05T125837.244.webp","contentUrl":"https:\/\/luminairesgregoire.com\/wp-content\/uploads\/2026\/05\/Votre-texte-de-paragraphe-2026-05-05T125837.244.webp","width":850,"height":850,"caption":"LAMPE DE LECTURE SUR PIED DEL NOIR- CONSTANCE CST-6112LEDF-M"},{"@type":"BreadcrumbList","@id":"https:\/\/luminairesgregoire.com\/en\/product\/lampe-de-lecture-sur-pied-del-noir-constance-cst-6112ledf-m\/#breadcrumb","itemListElement":[{"@type":"ListItem","position":1,"name":"Home","item":"https:\/\/luminairesgregoire.com\/en\/"},{"@type":"ListItem","position":2,"name":"Store","item":"https:\/\/luminairesgregoire.com\/en\/products\/"},{"@type":"ListItem","position":3,"name":"LAMPE DE LECTURE SUR PIED DEL NOIR- CONSTANCE CST-6112LEDF-M"}]},{"@type":"WebSite","@id":"https:\/\/luminairesgregoire.com\/en\/#website","url":"https:\/\/luminairesgregoire.com\/en\/","name":"Luminaires Paul Gr\u00e9goire","description":"","publisher":{"@id":"https:\/\/luminairesgregoire.com\/en\/#organization"},"potentialAction":[{"@type":"SearchAction","target":{"@type":"EntryPoint","urlTemplate":"https:\/\/luminairesgregoire.com\/en\/?s={search_term_string}"},"query-input":{"@type":"PropertyValueSpecification","valueRequired":true,"valueName":"search_term_string"}}],"inLanguage":"en-US"},{"@type":"Organization","@id":"https:\/\/luminairesgregoire.com\/en\/#organization","name":"Luminaires Paul Gr\u00e9goire","url":"https:\/\/luminairesgregoire.com\/en\/","logo":{"@type":"ImageObject","inLanguage":"en-US","@id":"https:\/\/luminairesgregoire.com\/en\/#\/schema\/logo\/image\/","url":"https:\/\/luminairesgregoire.com\/wp-content\/uploads\/2021\/05\/logo_CMYK-1-1.png","contentUrl":"https:\/\/luminairesgregoire.com\/wp-content\/uploads\/2021\/05\/logo_CMYK-1-1.png","width":350,"height":164,"caption":"Luminaires Paul Gr\u00e9goire"},"image":{"@id":"https:\/\/luminairesgregoire.com\/en\/#\/schema\/logo\/image\/"}}]}},"_links":{"self":[{"href":"https:\/\/luminairesgregoire.com\/en\/wp-json\/wp\/v2\/product\/25565","targetHints":{"allow":["GET"]}}],"collection":[{"href":"https:\/\/luminairesgregoire.com\/en\/wp-json\/wp\/v2\/product"}],"about":[{"href":"https:\/\/luminairesgregoire.com\/en\/wp-json\/wp\/v2\/types\/product"}],"wp:featuredmedia":[{"embeddable":true,"href":"https:\/\/luminairesgregoire.com\/en\/wp-json\/wp\/v2\/media\/39450"}],"wp:attachment":[{"href":"https:\/\/luminairesgregoire.com\/en\/wp-json\/wp\/v2\/media?parent=25565"}],"wp:term":[{"taxonomy":"product_brand","embeddable":true,"href":"https:\/\/luminairesgregoire.com\/en\/wp-json\/wp\/v2\/product_brand?post=25565"},{"taxonomy":"product_cat","embeddable":true,"href":"https:\/\/luminairesgregoire.com\/en\/wp-json\/wp\/v2\/product_cat?post=25565"},{"taxonomy":"product_tag","embeddable":true,"href":"https:\/\/luminairesgregoire.com\/en\/wp-json\/wp\/v2\/product_tag?post=25565"}],"curies":[{"name":"wp","href":"https:\/\/api.w.org\/{rel}","templated":true}]}}