{"id":26175,"date":"2025-06-13T01:03:51","date_gmt":"2025-06-13T05:03:51","guid":{"rendered":"https:\/\/luminairesgregoire.com\/produits\/rbn-1210p-pc-alb\/"},"modified":"2026-04-13T03:42:02","modified_gmt":"2026-04-13T07:42:02","slug":"rbn-1210p-pc-alb","status":"publish","type":"product","link":"https:\/\/luminairesgregoire.com\/en\/product\/rbn-1210p-pc-alb\/","title":{"rendered":"RBN-1210P-PC-ALB"},"content":{"rendered":"<h3 data-start=\"77\" data-end=\"166\">Suspension LED 10\u202fW \u2013 Finition chrome poli (PC) avec diffuseur en alb\u00e2tre synth\u00e9tique<\/h3>\n<p data-start=\"168\" data-end=\"205\"><span class=\"relative -mx-px my-[-0.2rem] rounded px-px py-[0.2rem] transition-colors duration-100 ease-in-out\">Apportez une touche contemporaine et \u00e9l\u00e9gante \u00e0 vos espaces avec cette <strong data-start=\"71\" data-end=\"94\">suspension LED 10\u202fW<\/strong> de la collection Reuben. Son diffuseur en faux alb\u00e2tre et sa finition chrome poli lui conf\u00e8rent un look raffin\u00e9, id\u00e9al pour une cuisine, un \u00eelot, un couloir ou des espaces commerciaux.<\/span><\/p>\n","protected":false},"excerpt":{"rendered":"<p>Suspension LED 10\u202fW \u2013 Finition chrome poli (PC) avec diffuseur en alb\u00e2tre synth\u00e9tique Apportez une touche contemporaine et \u00e9l\u00e9gante \u00e0 vos espaces avec cette suspension LED 10\u202fW de la collection Reuben. Son diffuseur en faux alb\u00e2tre et sa finition chrome poli lui conf\u00e8rent un look raffin\u00e9, id\u00e9al pour une cuisine, un \u00eelot, un couloir ou [&hellip;]<\/p>\n","protected":false},"featured_media":26172,"template":"","meta":{"_acf_changed":false},"product_brand":[],"product_cat":[5989],"product_tag":[],"class_list":{"0":"post-26175","1":"product","2":"type-product","3":"status-publish","4":"has-post-thumbnail","6":"product_cat-single-pendants","8":"first","9":"instock","10":"taxable","11":"shipping-taxable","12":"purchasable","13":"product-type-simple"},"acf":[],"yoast_head":"<!-- This site is optimized with the Yoast SEO plugin v26.9 - https:\/\/yoast.com\/product\/yoast-seo-wordpress\/ -->\n<title>RBN-1210P-PC-ALB - Luminaires Paul Gr\u00e9goire<\/title>\n<meta name=\"description\" content=\"RBN-1210P-PC-ALB - Discover our collection of designer lighting \u2014 pendants, lamps, and ceiling lights \u2014 to brighten every space with style and elegance.\" \/>\n<meta name=\"robots\" content=\"index, follow, max-snippet:-1, max-image-preview:large, max-video-preview:-1\" \/>\n<link rel=\"canonical\" href=\"https:\/\/luminairesgregoire.com\/en\/product\/rbn-1210p-pc-alb\/\" \/>\n<meta property=\"og:locale\" content=\"en_US\" \/>\n<meta property=\"og:type\" content=\"article\" \/>\n<meta property=\"og:title\" content=\"RBN-1210P-PC-ALB - Luminaires Paul Gr\u00e9goire\" \/>\n<meta property=\"og:description\" content=\"RBN-1210P-PC-ALB - Discover our collection of designer lighting \u2014 pendants, lamps, and ceiling lights \u2014 to brighten every space with style and elegance.\" \/>\n<meta property=\"og:url\" content=\"https:\/\/luminairesgregoire.com\/en\/product\/rbn-1210p-pc-alb\/\" \/>\n<meta property=\"og:site_name\" content=\"Luminaires Paul Gr\u00e9goire\" \/>\n<meta property=\"article:modified_time\" content=\"2026-04-13T07:42:02+00:00\" \/>\n<meta property=\"og:image\" content=\"https:\/\/luminairesgregoire.com\/wp-content\/uploads\/2025\/06\/RBN-1210P-PC-ALB.webp\" \/>\n\t<meta property=\"og:image:width\" content=\"850\" \/>\n\t<meta property=\"og:image:height\" content=\"850\" \/>\n\t<meta property=\"og:image:type\" content=\"image\/jpeg\" \/>\n<meta name=\"twitter:card\" content=\"summary_large_image\" \/>\n<meta name=\"twitter:label1\" content=\"Est. reading time\" \/>\n\t<meta name=\"twitter:data1\" content=\"1 minute\" \/>\n<script type=\"application\/ld+json\" class=\"yoast-schema-graph\">{\"@context\":\"https:\/\/schema.org\",\"@graph\":[{\"@type\":\"WebPage\",\"@id\":\"https:\/\/luminairesgregoire.com\/en\/product\/rbn-1210p-pc-alb\/\",\"url\":\"https:\/\/luminairesgregoire.com\/en\/product\/rbn-1210p-pc-alb\/\",\"name\":\"RBN-1210P-PC-ALB - Luminaires Paul Gr\u00e9goire\",\"isPartOf\":{\"@id\":\"https:\/\/luminairesgregoire.com\/en\/#website\"},\"primaryImageOfPage\":{\"@id\":\"https:\/\/luminairesgregoire.com\/en\/product\/rbn-1210p-pc-alb\/#primaryimage\"},\"image\":{\"@id\":\"https:\/\/luminairesgregoire.com\/en\/product\/rbn-1210p-pc-alb\/#primaryimage\"},\"thumbnailUrl\":\"https:\/\/luminairesgregoire.com\/wp-content\/uploads\/2025\/06\/RBN-1210P-PC-ALB.webp\",\"datePublished\":\"2025-06-13T05:03:51+00:00\",\"dateModified\":\"2026-04-13T07:42:02+00:00\",\"description\":\"RBN-1210P-PC-ALB - Discover our collection of designer lighting \u2014 pendants, lamps, and ceiling lights \u2014 to brighten every space with style and elegance.\",\"breadcrumb\":{\"@id\":\"https:\/\/luminairesgregoire.com\/en\/product\/rbn-1210p-pc-alb\/#breadcrumb\"},\"inLanguage\":\"en-US\",\"potentialAction\":[{\"@type\":\"ReadAction\",\"target\":[\"https:\/\/luminairesgregoire.com\/en\/product\/rbn-1210p-pc-alb\/\"]}]},{\"@type\":\"ImageObject\",\"inLanguage\":\"en-US\",\"@id\":\"https:\/\/luminairesgregoire.com\/en\/product\/rbn-1210p-pc-alb\/#primaryimage\",\"url\":\"https:\/\/luminairesgregoire.com\/wp-content\/uploads\/2025\/06\/RBN-1210P-PC-ALB.webp\",\"contentUrl\":\"https:\/\/luminairesgregoire.com\/wp-content\/uploads\/2025\/06\/RBN-1210P-PC-ALB.webp\",\"width\":850,\"height\":850},{\"@type\":\"BreadcrumbList\",\"@id\":\"https:\/\/luminairesgregoire.com\/en\/product\/rbn-1210p-pc-alb\/#breadcrumb\",\"itemListElement\":[{\"@type\":\"ListItem\",\"position\":1,\"name\":\"Home\",\"item\":\"https:\/\/luminairesgregoire.com\/en\/\"},{\"@type\":\"ListItem\",\"position\":2,\"name\":\"Store\",\"item\":\"https:\/\/luminairesgregoire.com\/en\/products\/\"},{\"@type\":\"ListItem\",\"position\":3,\"name\":\"RBN-1210P-PC-ALB\"}]},{\"@type\":\"WebSite\",\"@id\":\"https:\/\/luminairesgregoire.com\/en\/#website\",\"url\":\"https:\/\/luminairesgregoire.com\/en\/\",\"name\":\"Luminaires Paul Gr\u00e9goire\",\"description\":\"\",\"publisher\":{\"@id\":\"https:\/\/luminairesgregoire.com\/en\/#organization\"},\"potentialAction\":[{\"@type\":\"SearchAction\",\"target\":{\"@type\":\"EntryPoint\",\"urlTemplate\":\"https:\/\/luminairesgregoire.com\/en\/?s={search_term_string}\"},\"query-input\":{\"@type\":\"PropertyValueSpecification\",\"valueRequired\":true,\"valueName\":\"search_term_string\"}}],\"inLanguage\":\"en-US\"},{\"@type\":\"Organization\",\"@id\":\"https:\/\/luminairesgregoire.com\/en\/#organization\",\"name\":\"Luminaires Paul Gr\u00e9goire\",\"url\":\"https:\/\/luminairesgregoire.com\/en\/\",\"logo\":{\"@type\":\"ImageObject\",\"inLanguage\":\"en-US\",\"@id\":\"https:\/\/luminairesgregoire.com\/en\/#\/schema\/logo\/image\/\",\"url\":\"https:\/\/luminairesgregoire.com\/wp-content\/uploads\/2021\/05\/logo_CMYK-1-1.png\",\"contentUrl\":\"https:\/\/luminairesgregoire.com\/wp-content\/uploads\/2021\/05\/logo_CMYK-1-1.png\",\"width\":350,\"height\":164,\"caption\":\"Luminaires Paul Gr\u00e9goire\"},\"image\":{\"@id\":\"https:\/\/luminairesgregoire.com\/en\/#\/schema\/logo\/image\/\"}}]}<\/script>\n<!-- \/ Yoast SEO plugin. -->","yoast_head_json":{"title":"RBN-1210P-PC-ALB - Luminaires Paul Gr\u00e9goire","description":"RBN-1210P-PC-ALB - Discover our collection of designer lighting \u2014 pendants, lamps, and ceiling lights \u2014 to brighten every space with style and elegance.","robots":{"index":"index","follow":"follow","max-snippet":"max-snippet:-1","max-image-preview":"max-image-preview:large","max-video-preview":"max-video-preview:-1"},"canonical":"https:\/\/luminairesgregoire.com\/en\/product\/rbn-1210p-pc-alb\/","og_locale":"en_US","og_type":"article","og_title":"RBN-1210P-PC-ALB - Luminaires Paul Gr\u00e9goire","og_description":"RBN-1210P-PC-ALB - Discover our collection of designer lighting \u2014 pendants, lamps, and ceiling lights \u2014 to brighten every space with style and elegance.","og_url":"https:\/\/luminairesgregoire.com\/en\/product\/rbn-1210p-pc-alb\/","og_site_name":"Luminaires Paul Gr\u00e9goire","article_modified_time":"2026-04-13T07:42:02+00:00","og_image":[{"width":850,"height":850,"url":"https:\/\/luminairesgregoire.com\/wp-content\/uploads\/2025\/06\/RBN-1210P-PC-ALB.webp","type":"image\/jpeg"}],"twitter_card":"summary_large_image","twitter_misc":{"Est. reading time":"1 minute"},"schema":{"@context":"https:\/\/schema.org","@graph":[{"@type":"WebPage","@id":"https:\/\/luminairesgregoire.com\/en\/product\/rbn-1210p-pc-alb\/","url":"https:\/\/luminairesgregoire.com\/en\/product\/rbn-1210p-pc-alb\/","name":"RBN-1210P-PC-ALB - Luminaires Paul Gr\u00e9goire","isPartOf":{"@id":"https:\/\/luminairesgregoire.com\/en\/#website"},"primaryImageOfPage":{"@id":"https:\/\/luminairesgregoire.com\/en\/product\/rbn-1210p-pc-alb\/#primaryimage"},"image":{"@id":"https:\/\/luminairesgregoire.com\/en\/product\/rbn-1210p-pc-alb\/#primaryimage"},"thumbnailUrl":"https:\/\/luminairesgregoire.com\/wp-content\/uploads\/2025\/06\/RBN-1210P-PC-ALB.webp","datePublished":"2025-06-13T05:03:51+00:00","dateModified":"2026-04-13T07:42:02+00:00","description":"RBN-1210P-PC-ALB - Discover our collection of designer lighting \u2014 pendants, lamps, and ceiling lights \u2014 to brighten every space with style and elegance.","breadcrumb":{"@id":"https:\/\/luminairesgregoire.com\/en\/product\/rbn-1210p-pc-alb\/#breadcrumb"},"inLanguage":"en-US","potentialAction":[{"@type":"ReadAction","target":["https:\/\/luminairesgregoire.com\/en\/product\/rbn-1210p-pc-alb\/"]}]},{"@type":"ImageObject","inLanguage":"en-US","@id":"https:\/\/luminairesgregoire.com\/en\/product\/rbn-1210p-pc-alb\/#primaryimage","url":"https:\/\/luminairesgregoire.com\/wp-content\/uploads\/2025\/06\/RBN-1210P-PC-ALB.webp","contentUrl":"https:\/\/luminairesgregoire.com\/wp-content\/uploads\/2025\/06\/RBN-1210P-PC-ALB.webp","width":850,"height":850},{"@type":"BreadcrumbList","@id":"https:\/\/luminairesgregoire.com\/en\/product\/rbn-1210p-pc-alb\/#breadcrumb","itemListElement":[{"@type":"ListItem","position":1,"name":"Home","item":"https:\/\/luminairesgregoire.com\/en\/"},{"@type":"ListItem","position":2,"name":"Store","item":"https:\/\/luminairesgregoire.com\/en\/products\/"},{"@type":"ListItem","position":3,"name":"RBN-1210P-PC-ALB"}]},{"@type":"WebSite","@id":"https:\/\/luminairesgregoire.com\/en\/#website","url":"https:\/\/luminairesgregoire.com\/en\/","name":"Luminaires Paul Gr\u00e9goire","description":"","publisher":{"@id":"https:\/\/luminairesgregoire.com\/en\/#organization"},"potentialAction":[{"@type":"SearchAction","target":{"@type":"EntryPoint","urlTemplate":"https:\/\/luminairesgregoire.com\/en\/?s={search_term_string}"},"query-input":{"@type":"PropertyValueSpecification","valueRequired":true,"valueName":"search_term_string"}}],"inLanguage":"en-US"},{"@type":"Organization","@id":"https:\/\/luminairesgregoire.com\/en\/#organization","name":"Luminaires Paul Gr\u00e9goire","url":"https:\/\/luminairesgregoire.com\/en\/","logo":{"@type":"ImageObject","inLanguage":"en-US","@id":"https:\/\/luminairesgregoire.com\/en\/#\/schema\/logo\/image\/","url":"https:\/\/luminairesgregoire.com\/wp-content\/uploads\/2021\/05\/logo_CMYK-1-1.png","contentUrl":"https:\/\/luminairesgregoire.com\/wp-content\/uploads\/2021\/05\/logo_CMYK-1-1.png","width":350,"height":164,"caption":"Luminaires Paul Gr\u00e9goire"},"image":{"@id":"https:\/\/luminairesgregoire.com\/en\/#\/schema\/logo\/image\/"}}]}},"_links":{"self":[{"href":"https:\/\/luminairesgregoire.com\/en\/wp-json\/wp\/v2\/product\/26175","targetHints":{"allow":["GET"]}}],"collection":[{"href":"https:\/\/luminairesgregoire.com\/en\/wp-json\/wp\/v2\/product"}],"about":[{"href":"https:\/\/luminairesgregoire.com\/en\/wp-json\/wp\/v2\/types\/product"}],"wp:featuredmedia":[{"embeddable":true,"href":"https:\/\/luminairesgregoire.com\/en\/wp-json\/wp\/v2\/media\/26172"}],"wp:attachment":[{"href":"https:\/\/luminairesgregoire.com\/en\/wp-json\/wp\/v2\/media?parent=26175"}],"wp:term":[{"taxonomy":"product_brand","embeddable":true,"href":"https:\/\/luminairesgregoire.com\/en\/wp-json\/wp\/v2\/product_brand?post=26175"},{"taxonomy":"product_cat","embeddable":true,"href":"https:\/\/luminairesgregoire.com\/en\/wp-json\/wp\/v2\/product_cat?post=26175"},{"taxonomy":"product_tag","embeddable":true,"href":"https:\/\/luminairesgregoire.com\/en\/wp-json\/wp\/v2\/product_tag?post=26175"}],"curies":[{"name":"wp","href":"https:\/\/api.w.org\/{rel}","templated":true}]}}