{"id":26531,"date":"2025-07-09T02:03:02","date_gmt":"2025-07-09T06:03:02","guid":{"rendered":"https:\/\/luminairesgregoire.com\/?post_type=product&#038;p=26531"},"modified":"2026-04-21T17:18:06","modified_gmt":"2026-04-21T21:18:06","slug":"plafonnier-del-noir-et-or-zenith-m17412mb","status":"publish","type":"product","link":"https:\/\/luminairesgregoire.com\/en\/product\/plafonnier-del-noir-et-or-zenith-m17412mb\/","title":{"rendered":"PLAFONNIER DEL NOIR ET OR-ZENITH M17412MB"},"content":{"rendered":"<p data-start=\"66\" data-end=\"334\">Le plafonnier Zenith s\u00e9duit par son design moderne et \u00e9pur\u00e9, parfait pour ajouter une touche sophistiqu\u00e9e \u00e0 votre d\u00e9cor. Son abat-jour ext\u00e9rieur prot\u00e8ge partiellement la source lumineuse, cr\u00e9ant un \u00e9clairage dirig\u00e9 et chaleureux qui met subtilement l\u2019espace en valeur.<\/p>\n<p data-start=\"336\" data-end=\"600\">Pivotant pour orienter la lumi\u00e8re selon vos besoins, Zenith est id\u00e9al dans les endroits o\u00f9 l\u2019on recherche \u00e0 la fois style et ambiance ma\u00eetris\u00e9e. Offert en noir mat ou blanc mat avec un int\u00e9rieur dor\u00e9, il apporte une belle richesse visuelle tout en restant discret.<\/p>\n","protected":false},"excerpt":{"rendered":"<p>Le plafonnier Zenith s\u00e9duit par son design moderne et \u00e9pur\u00e9, parfait pour ajouter une touche sophistiqu\u00e9e \u00e0 votre d\u00e9cor. Son abat-jour ext\u00e9rieur prot\u00e8ge partiellement la source lumineuse, cr\u00e9ant un \u00e9clairage dirig\u00e9 et chaleureux qui met subtilement l\u2019espace en valeur. Pivotant pour orienter la lumi\u00e8re selon vos besoins, Zenith est id\u00e9al dans les endroits o\u00f9 l\u2019on [&hellip;]<\/p>\n","protected":false},"featured_media":38593,"template":"","meta":{"_acf_changed":false},"product_brand":[350],"product_cat":[5840,5842],"product_tag":[],"class_list":{"0":"post-26531","1":"product","2":"type-product","3":"status-publish","4":"has-post-thumbnail","6":"product_brand-matteo-modern","7":"product_cat-plafonniers","8":"product_cat-plafonniers-plafonniers","9":"pa_diametre-11-7-8","10":"pa_finis-noir","11":"pa_finis-or","12":"pa_garantie-5-ans","13":"pa_hauteur-76","15":"first","16":"instock","17":"taxable","18":"shipping-taxable","19":"purchasable","20":"product-type-simple"},"acf":[],"yoast_head":"<!-- This site is optimized with the Yoast SEO plugin v27.4 - https:\/\/yoast.com\/product\/yoast-seo-wordpress\/ -->\n<title>PLAFONNIER DEL NOIR ET OR-ZENITH M17412MB - Luminaires Paul Gr\u00e9goire<\/title>\n<meta name=\"description\" content=\"PLAFONNIER DEL NOIR ET OR-ZENITH M17412MB - Discover our collection of designer lighting \u2014 pendants, lamps, and ceiling lights \u2014 to brighten every space with style and elegance.\" \/>\n<meta name=\"robots\" content=\"index, follow, max-snippet:-1, max-image-preview:large, max-video-preview:-1\" \/>\n<link rel=\"canonical\" href=\"https:\/\/luminairesgregoire.com\/en\/product\/plafonnier-del-noir-et-or-zenith-m17412mb\/\" \/>\n<meta property=\"og:locale\" content=\"en_US\" \/>\n<meta property=\"og:type\" content=\"article\" \/>\n<meta property=\"og:title\" content=\"PLAFONNIER DEL NOIR ET OR-ZENITH M17412MB - Luminaires Paul Gr\u00e9goire\" \/>\n<meta property=\"og:description\" content=\"PLAFONNIER DEL NOIR ET OR-ZENITH M17412MB - Discover our collection of designer lighting \u2014 pendants, lamps, and ceiling lights \u2014 to brighten every space with style and elegance.\" \/>\n<meta property=\"og:url\" content=\"https:\/\/luminairesgregoire.com\/en\/product\/plafonnier-del-noir-et-or-zenith-m17412mb\/\" \/>\n<meta property=\"og:site_name\" content=\"Luminaires Paul Gr\u00e9goire\" \/>\n<meta property=\"article:modified_time\" content=\"2026-04-21T21:18:06+00:00\" \/>\n<meta property=\"og:image\" content=\"https:\/\/luminairesgregoire.com\/wp-content\/uploads\/2026\/04\/Votre-texte-de-paragraphe-2026-04-21T154419.221.webp\" \/>\n\t<meta property=\"og:image:width\" content=\"850\" \/>\n\t<meta property=\"og:image:height\" content=\"850\" \/>\n\t<meta property=\"og:image:type\" content=\"image\/jpeg\" \/>\n<meta name=\"twitter:card\" content=\"summary_large_image\" \/>\n<meta name=\"twitter:label1\" content=\"Est. reading time\" \/>\n\t<meta name=\"twitter:data1\" content=\"1 minute\" \/>\n<script type=\"application\/ld+json\" class=\"yoast-schema-graph\">{\"@context\":\"https:\\\/\\\/schema.org\",\"@graph\":[{\"@type\":\"WebPage\",\"@id\":\"https:\\\/\\\/luminairesgregoire.com\\\/en\\\/product\\\/plafonnier-del-noir-et-or-zenith-m17412mb\\\/\",\"url\":\"https:\\\/\\\/luminairesgregoire.com\\\/en\\\/product\\\/plafonnier-del-noir-et-or-zenith-m17412mb\\\/\",\"name\":\"PLAFONNIER DEL NOIR ET OR-ZENITH M17412MB - Luminaires Paul Gr\u00e9goire\",\"isPartOf\":{\"@id\":\"https:\\\/\\\/luminairesgregoire.com\\\/en\\\/#website\"},\"primaryImageOfPage\":{\"@id\":\"https:\\\/\\\/luminairesgregoire.com\\\/en\\\/product\\\/plafonnier-del-noir-et-or-zenith-m17412mb\\\/#primaryimage\"},\"image\":{\"@id\":\"https:\\\/\\\/luminairesgregoire.com\\\/en\\\/product\\\/plafonnier-del-noir-et-or-zenith-m17412mb\\\/#primaryimage\"},\"thumbnailUrl\":\"https:\\\/\\\/luminairesgregoire.com\\\/wp-content\\\/uploads\\\/2026\\\/04\\\/Votre-texte-de-paragraphe-2026-04-21T154419.221.webp\",\"datePublished\":\"2025-07-09T06:03:02+00:00\",\"dateModified\":\"2026-04-21T21:18:06+00:00\",\"description\":\"PLAFONNIER DEL NOIR ET OR-ZENITH M17412MB - Discover our collection of designer lighting \u2014 pendants, lamps, and ceiling lights \u2014 to brighten every space with style and elegance.\",\"breadcrumb\":{\"@id\":\"https:\\\/\\\/luminairesgregoire.com\\\/en\\\/product\\\/plafonnier-del-noir-et-or-zenith-m17412mb\\\/#breadcrumb\"},\"inLanguage\":\"en-US\",\"potentialAction\":[{\"@type\":\"ReadAction\",\"target\":[\"https:\\\/\\\/luminairesgregoire.com\\\/en\\\/product\\\/plafonnier-del-noir-et-or-zenith-m17412mb\\\/\"]}]},{\"@type\":\"ImageObject\",\"inLanguage\":\"en-US\",\"@id\":\"https:\\\/\\\/luminairesgregoire.com\\\/en\\\/product\\\/plafonnier-del-noir-et-or-zenith-m17412mb\\\/#primaryimage\",\"url\":\"https:\\\/\\\/luminairesgregoire.com\\\/wp-content\\\/uploads\\\/2026\\\/04\\\/Votre-texte-de-paragraphe-2026-04-21T154419.221.webp\",\"contentUrl\":\"https:\\\/\\\/luminairesgregoire.com\\\/wp-content\\\/uploads\\\/2026\\\/04\\\/Votre-texte-de-paragraphe-2026-04-21T154419.221.webp\",\"width\":850,\"height\":850,\"caption\":\"PLAFONNIER DEL NOIR ET OR-ZENITH M17412MB\"},{\"@type\":\"BreadcrumbList\",\"@id\":\"https:\\\/\\\/luminairesgregoire.com\\\/en\\\/product\\\/plafonnier-del-noir-et-or-zenith-m17412mb\\\/#breadcrumb\",\"itemListElement\":[{\"@type\":\"ListItem\",\"position\":1,\"name\":\"Home\",\"item\":\"https:\\\/\\\/luminairesgregoire.com\\\/en\\\/\"},{\"@type\":\"ListItem\",\"position\":2,\"name\":\"Store\",\"item\":\"https:\\\/\\\/luminairesgregoire.com\\\/en\\\/products\\\/\"},{\"@type\":\"ListItem\",\"position\":3,\"name\":\"PLAFONNIER DEL NOIR ET OR-ZENITH M17412MB\"}]},{\"@type\":\"WebSite\",\"@id\":\"https:\\\/\\\/luminairesgregoire.com\\\/en\\\/#website\",\"url\":\"https:\\\/\\\/luminairesgregoire.com\\\/en\\\/\",\"name\":\"Luminaires Paul Gr\u00e9goire\",\"description\":\"\",\"publisher\":{\"@id\":\"https:\\\/\\\/luminairesgregoire.com\\\/en\\\/#organization\"},\"potentialAction\":[{\"@type\":\"SearchAction\",\"target\":{\"@type\":\"EntryPoint\",\"urlTemplate\":\"https:\\\/\\\/luminairesgregoire.com\\\/en\\\/?s={search_term_string}\"},\"query-input\":{\"@type\":\"PropertyValueSpecification\",\"valueRequired\":true,\"valueName\":\"search_term_string\"}}],\"inLanguage\":\"en-US\"},{\"@type\":\"Organization\",\"@id\":\"https:\\\/\\\/luminairesgregoire.com\\\/en\\\/#organization\",\"name\":\"Luminaires Paul Gr\u00e9goire\",\"url\":\"https:\\\/\\\/luminairesgregoire.com\\\/en\\\/\",\"logo\":{\"@type\":\"ImageObject\",\"inLanguage\":\"en-US\",\"@id\":\"https:\\\/\\\/luminairesgregoire.com\\\/en\\\/#\\\/schema\\\/logo\\\/image\\\/\",\"url\":\"https:\\\/\\\/luminairesgregoire.com\\\/wp-content\\\/uploads\\\/2021\\\/05\\\/logo_CMYK-1-1.png\",\"contentUrl\":\"https:\\\/\\\/luminairesgregoire.com\\\/wp-content\\\/uploads\\\/2021\\\/05\\\/logo_CMYK-1-1.png\",\"width\":350,\"height\":164,\"caption\":\"Luminaires Paul Gr\u00e9goire\"},\"image\":{\"@id\":\"https:\\\/\\\/luminairesgregoire.com\\\/en\\\/#\\\/schema\\\/logo\\\/image\\\/\"}}]}<\/script>\n<!-- \/ Yoast SEO plugin. -->","yoast_head_json":{"title":"PLAFONNIER DEL NOIR ET OR-ZENITH M17412MB - Luminaires Paul Gr\u00e9goire","description":"PLAFONNIER DEL NOIR ET OR-ZENITH M17412MB - Discover our collection of designer lighting \u2014 pendants, lamps, and ceiling lights \u2014 to brighten every space with style and elegance.","robots":{"index":"index","follow":"follow","max-snippet":"max-snippet:-1","max-image-preview":"max-image-preview:large","max-video-preview":"max-video-preview:-1"},"canonical":"https:\/\/luminairesgregoire.com\/en\/product\/plafonnier-del-noir-et-or-zenith-m17412mb\/","og_locale":"en_US","og_type":"article","og_title":"PLAFONNIER DEL NOIR ET OR-ZENITH M17412MB - Luminaires Paul Gr\u00e9goire","og_description":"PLAFONNIER DEL NOIR ET OR-ZENITH M17412MB - Discover our collection of designer lighting \u2014 pendants, lamps, and ceiling lights \u2014 to brighten every space with style and elegance.","og_url":"https:\/\/luminairesgregoire.com\/en\/product\/plafonnier-del-noir-et-or-zenith-m17412mb\/","og_site_name":"Luminaires Paul Gr\u00e9goire","article_modified_time":"2026-04-21T21:18:06+00:00","og_image":[{"width":850,"height":850,"url":"https:\/\/luminairesgregoire.com\/wp-content\/uploads\/2026\/04\/Votre-texte-de-paragraphe-2026-04-21T154419.221.webp","type":"image\/jpeg"}],"twitter_card":"summary_large_image","twitter_misc":{"Est. reading time":"1 minute"},"schema":{"@context":"https:\/\/schema.org","@graph":[{"@type":"WebPage","@id":"https:\/\/luminairesgregoire.com\/en\/product\/plafonnier-del-noir-et-or-zenith-m17412mb\/","url":"https:\/\/luminairesgregoire.com\/en\/product\/plafonnier-del-noir-et-or-zenith-m17412mb\/","name":"PLAFONNIER DEL NOIR ET OR-ZENITH M17412MB - Luminaires Paul Gr\u00e9goire","isPartOf":{"@id":"https:\/\/luminairesgregoire.com\/en\/#website"},"primaryImageOfPage":{"@id":"https:\/\/luminairesgregoire.com\/en\/product\/plafonnier-del-noir-et-or-zenith-m17412mb\/#primaryimage"},"image":{"@id":"https:\/\/luminairesgregoire.com\/en\/product\/plafonnier-del-noir-et-or-zenith-m17412mb\/#primaryimage"},"thumbnailUrl":"https:\/\/luminairesgregoire.com\/wp-content\/uploads\/2026\/04\/Votre-texte-de-paragraphe-2026-04-21T154419.221.webp","datePublished":"2025-07-09T06:03:02+00:00","dateModified":"2026-04-21T21:18:06+00:00","description":"PLAFONNIER DEL NOIR ET OR-ZENITH M17412MB - Discover our collection of designer lighting \u2014 pendants, lamps, and ceiling lights \u2014 to brighten every space with style and elegance.","breadcrumb":{"@id":"https:\/\/luminairesgregoire.com\/en\/product\/plafonnier-del-noir-et-or-zenith-m17412mb\/#breadcrumb"},"inLanguage":"en-US","potentialAction":[{"@type":"ReadAction","target":["https:\/\/luminairesgregoire.com\/en\/product\/plafonnier-del-noir-et-or-zenith-m17412mb\/"]}]},{"@type":"ImageObject","inLanguage":"en-US","@id":"https:\/\/luminairesgregoire.com\/en\/product\/plafonnier-del-noir-et-or-zenith-m17412mb\/#primaryimage","url":"https:\/\/luminairesgregoire.com\/wp-content\/uploads\/2026\/04\/Votre-texte-de-paragraphe-2026-04-21T154419.221.webp","contentUrl":"https:\/\/luminairesgregoire.com\/wp-content\/uploads\/2026\/04\/Votre-texte-de-paragraphe-2026-04-21T154419.221.webp","width":850,"height":850,"caption":"PLAFONNIER DEL NOIR ET OR-ZENITH M17412MB"},{"@type":"BreadcrumbList","@id":"https:\/\/luminairesgregoire.com\/en\/product\/plafonnier-del-noir-et-or-zenith-m17412mb\/#breadcrumb","itemListElement":[{"@type":"ListItem","position":1,"name":"Home","item":"https:\/\/luminairesgregoire.com\/en\/"},{"@type":"ListItem","position":2,"name":"Store","item":"https:\/\/luminairesgregoire.com\/en\/products\/"},{"@type":"ListItem","position":3,"name":"PLAFONNIER DEL NOIR ET OR-ZENITH M17412MB"}]},{"@type":"WebSite","@id":"https:\/\/luminairesgregoire.com\/en\/#website","url":"https:\/\/luminairesgregoire.com\/en\/","name":"Luminaires Paul Gr\u00e9goire","description":"","publisher":{"@id":"https:\/\/luminairesgregoire.com\/en\/#organization"},"potentialAction":[{"@type":"SearchAction","target":{"@type":"EntryPoint","urlTemplate":"https:\/\/luminairesgregoire.com\/en\/?s={search_term_string}"},"query-input":{"@type":"PropertyValueSpecification","valueRequired":true,"valueName":"search_term_string"}}],"inLanguage":"en-US"},{"@type":"Organization","@id":"https:\/\/luminairesgregoire.com\/en\/#organization","name":"Luminaires Paul Gr\u00e9goire","url":"https:\/\/luminairesgregoire.com\/en\/","logo":{"@type":"ImageObject","inLanguage":"en-US","@id":"https:\/\/luminairesgregoire.com\/en\/#\/schema\/logo\/image\/","url":"https:\/\/luminairesgregoire.com\/wp-content\/uploads\/2021\/05\/logo_CMYK-1-1.png","contentUrl":"https:\/\/luminairesgregoire.com\/wp-content\/uploads\/2021\/05\/logo_CMYK-1-1.png","width":350,"height":164,"caption":"Luminaires Paul Gr\u00e9goire"},"image":{"@id":"https:\/\/luminairesgregoire.com\/en\/#\/schema\/logo\/image\/"}}]}},"_links":{"self":[{"href":"https:\/\/luminairesgregoire.com\/en\/wp-json\/wp\/v2\/product\/26531","targetHints":{"allow":["GET"]}}],"collection":[{"href":"https:\/\/luminairesgregoire.com\/en\/wp-json\/wp\/v2\/product"}],"about":[{"href":"https:\/\/luminairesgregoire.com\/en\/wp-json\/wp\/v2\/types\/product"}],"wp:featuredmedia":[{"embeddable":true,"href":"https:\/\/luminairesgregoire.com\/en\/wp-json\/wp\/v2\/media\/38593"}],"wp:attachment":[{"href":"https:\/\/luminairesgregoire.com\/en\/wp-json\/wp\/v2\/media?parent=26531"}],"wp:term":[{"taxonomy":"product_brand","embeddable":true,"href":"https:\/\/luminairesgregoire.com\/en\/wp-json\/wp\/v2\/product_brand?post=26531"},{"taxonomy":"product_cat","embeddable":true,"href":"https:\/\/luminairesgregoire.com\/en\/wp-json\/wp\/v2\/product_cat?post=26531"},{"taxonomy":"product_tag","embeddable":true,"href":"https:\/\/luminairesgregoire.com\/en\/wp-json\/wp\/v2\/product_tag?post=26531"}],"curies":[{"name":"wp","href":"https:\/\/api.w.org\/{rel}","templated":true}]}}