{"id":27656,"date":"2025-09-13T01:54:32","date_gmt":"2025-09-13T05:54:32","guid":{"rendered":"https:\/\/luminairesgregoire.com\/?post_type=product&#038;p=27656"},"modified":"2026-05-07T03:57:18","modified_gmt":"2026-05-07T07:57:18","slug":"plafonnier-mince-5-5-del-blanc-firefly-dvp38108mw-3k","status":"publish","type":"product","link":"https:\/\/luminairesgregoire.com\/en\/product\/plafonnier-mince-5-5-del-blanc-firefly-dvp38108mw-3k\/","title":{"rendered":"PLAFONNIER MINCE 5.5&#8221; DEL BLANC- FIREFLY DVP38108MW-3K"},"content":{"rendered":"<p data-start=\"39\" data-end=\"367\">Le plafonnier Firefly de DVI Lighting s\u00e9duit par son design ultra mince et minimaliste, parfait pour les espaces modernes et contemporains. Son profil discret et \u00e9pur\u00e9 permet une int\u00e9gration harmonieuse dans les chambres, corridors, salles de bain ou espaces de vie n\u00e9cessitant un \u00e9clairage efficace sans encombrer le plafond.<\/p>\n<p data-start=\"369\" data-end=\"690\">Dot\u00e9 d\u2019un \u00e9clairage DEL int\u00e9gr\u00e9 de 10 W, le Firefly offre une lumi\u00e8re chaude de 3000K avec un rendement lumineux allant jusqu\u2019\u00e0 1050 lumens initiaux. Son diffuseur procure un \u00e9clairage uniforme et confortable, tandis que sa compatibilit\u00e9 avec les gradateurs DEL permet d\u2019ajuster facilement l\u2019ambiance selon vos besoins.<\/p>\n","protected":false},"excerpt":{"rendered":"<p>Le plafonnier Firefly de DVI Lighting s\u00e9duit par son design ultra mince et minimaliste, parfait pour les espaces modernes et contemporains. Son profil discret et \u00e9pur\u00e9 permet une int\u00e9gration harmonieuse dans les chambres, corridors, salles de bain ou espaces de vie n\u00e9cessitant un \u00e9clairage efficace sans encombrer le plafond. Dot\u00e9 d\u2019un \u00e9clairage DEL int\u00e9gr\u00e9 de [&hellip;]<\/p>\n","protected":false},"featured_media":39573,"template":"","meta":{"_acf_changed":false},"product_brand":[6013],"product_cat":[5840,5842],"product_tag":[],"class_list":{"0":"post-27656","1":"product","2":"type-product","3":"status-publish","4":"has-post-thumbnail","6":"product_brand-dvi-lighting","7":"product_cat-plafonniers","8":"product_cat-plafonniers-plafonniers","9":"pa_diametre-5-5","10":"pa_finis-blanc","11":"pa_hauteur-5-8","12":"pa_kelvin-3000-k","13":"pa_lumens-635-lm","14":"pa_types-dampoules-del-integre","15":"pa_watts-10-w","17":"first","18":"instock","19":"taxable","20":"shipping-taxable","21":"purchasable","22":"product-type-simple"},"acf":[],"yoast_head":"<!-- This site is optimized with the Yoast SEO plugin v27.4 - https:\/\/yoast.com\/product\/yoast-seo-wordpress\/ -->\n<title>PLAFONNIER MINCE 5.5&#039;&#039; DEL BLANC- FIREFLY DVP38108MW-3K<\/title>\n<meta name=\"description\" content=\"PLAFONNIER MINCE 5.5&#039;&#039; DEL BLANC- FIREFLY DVP38108MW-3K - Discover our collection of designer lighting \u2014 pendants, lamps, and ceiling lights \u2014 to brighten every space with style and elegance.\" \/>\n<meta name=\"robots\" content=\"index, follow, max-snippet:-1, max-image-preview:large, max-video-preview:-1\" \/>\n<link rel=\"canonical\" href=\"https:\/\/luminairesgregoire.com\/en\/product\/plafonnier-mince-5-5-del-blanc-firefly-dvp38108mw-3k\/\" \/>\n<meta property=\"og:locale\" content=\"en_US\" \/>\n<meta property=\"og:type\" content=\"article\" \/>\n<meta property=\"og:title\" content=\"PLAFONNIER MINCE 5.5&#039;&#039; DEL BLANC- FIREFLY DVP38108MW-3K\" \/>\n<meta property=\"og:description\" content=\"PLAFONNIER MINCE 5.5&#039;&#039; DEL BLANC- FIREFLY DVP38108MW-3K - Discover our collection of designer lighting \u2014 pendants, lamps, and ceiling lights \u2014 to brighten every space with style and elegance.\" \/>\n<meta property=\"og:url\" content=\"https:\/\/luminairesgregoire.com\/en\/product\/plafonnier-mince-5-5-del-blanc-firefly-dvp38108mw-3k\/\" \/>\n<meta property=\"og:site_name\" content=\"Luminaires Paul Gr\u00e9goire\" \/>\n<meta property=\"article:modified_time\" content=\"2026-05-07T07:57:18+00:00\" \/>\n<meta property=\"og:image\" content=\"https:\/\/luminairesgregoire.com\/wp-content\/uploads\/2026\/05\/Votre-texte-de-paragraphe-2026-05-06T155033.017.webp\" \/>\n\t<meta property=\"og:image:width\" content=\"850\" \/>\n\t<meta property=\"og:image:height\" content=\"850\" \/>\n\t<meta property=\"og:image:type\" content=\"image\/jpeg\" \/>\n<meta name=\"twitter:card\" content=\"summary_large_image\" \/>\n<meta name=\"twitter:label1\" content=\"Est. reading time\" \/>\n\t<meta name=\"twitter:data1\" content=\"1 minute\" \/>\n<script type=\"application\/ld+json\" class=\"yoast-schema-graph\">{\"@context\":\"https:\\\/\\\/schema.org\",\"@graph\":[{\"@type\":\"WebPage\",\"@id\":\"https:\\\/\\\/luminairesgregoire.com\\\/en\\\/product\\\/plafonnier-mince-5-5-del-blanc-firefly-dvp38108mw-3k\\\/\",\"url\":\"https:\\\/\\\/luminairesgregoire.com\\\/en\\\/product\\\/plafonnier-mince-5-5-del-blanc-firefly-dvp38108mw-3k\\\/\",\"name\":\"PLAFONNIER MINCE 5.5'' DEL BLANC- FIREFLY DVP38108MW-3K\",\"isPartOf\":{\"@id\":\"https:\\\/\\\/luminairesgregoire.com\\\/en\\\/#website\"},\"primaryImageOfPage\":{\"@id\":\"https:\\\/\\\/luminairesgregoire.com\\\/en\\\/product\\\/plafonnier-mince-5-5-del-blanc-firefly-dvp38108mw-3k\\\/#primaryimage\"},\"image\":{\"@id\":\"https:\\\/\\\/luminairesgregoire.com\\\/en\\\/product\\\/plafonnier-mince-5-5-del-blanc-firefly-dvp38108mw-3k\\\/#primaryimage\"},\"thumbnailUrl\":\"https:\\\/\\\/luminairesgregoire.com\\\/wp-content\\\/uploads\\\/2026\\\/05\\\/Votre-texte-de-paragraphe-2026-05-06T155033.017.webp\",\"datePublished\":\"2025-09-13T05:54:32+00:00\",\"dateModified\":\"2026-05-07T07:57:18+00:00\",\"description\":\"PLAFONNIER MINCE 5.5'' DEL BLANC- FIREFLY DVP38108MW-3K - Discover our collection of designer lighting \u2014 pendants, lamps, and ceiling lights \u2014 to brighten every space with style and elegance.\",\"breadcrumb\":{\"@id\":\"https:\\\/\\\/luminairesgregoire.com\\\/en\\\/product\\\/plafonnier-mince-5-5-del-blanc-firefly-dvp38108mw-3k\\\/#breadcrumb\"},\"inLanguage\":\"en-US\",\"potentialAction\":[{\"@type\":\"ReadAction\",\"target\":[\"https:\\\/\\\/luminairesgregoire.com\\\/en\\\/product\\\/plafonnier-mince-5-5-del-blanc-firefly-dvp38108mw-3k\\\/\"]}]},{\"@type\":\"ImageObject\",\"inLanguage\":\"en-US\",\"@id\":\"https:\\\/\\\/luminairesgregoire.com\\\/en\\\/product\\\/plafonnier-mince-5-5-del-blanc-firefly-dvp38108mw-3k\\\/#primaryimage\",\"url\":\"https:\\\/\\\/luminairesgregoire.com\\\/wp-content\\\/uploads\\\/2026\\\/05\\\/Votre-texte-de-paragraphe-2026-05-06T155033.017.webp\",\"contentUrl\":\"https:\\\/\\\/luminairesgregoire.com\\\/wp-content\\\/uploads\\\/2026\\\/05\\\/Votre-texte-de-paragraphe-2026-05-06T155033.017.webp\",\"width\":850,\"height\":850,\"caption\":\"PLAFONNIER MINCE 5.5'' DEL BLANC- FIREFLY DVP38108MW-3K\"},{\"@type\":\"BreadcrumbList\",\"@id\":\"https:\\\/\\\/luminairesgregoire.com\\\/en\\\/product\\\/plafonnier-mince-5-5-del-blanc-firefly-dvp38108mw-3k\\\/#breadcrumb\",\"itemListElement\":[{\"@type\":\"ListItem\",\"position\":1,\"name\":\"Home\",\"item\":\"https:\\\/\\\/luminairesgregoire.com\\\/en\\\/\"},{\"@type\":\"ListItem\",\"position\":2,\"name\":\"Store\",\"item\":\"https:\\\/\\\/luminairesgregoire.com\\\/en\\\/products\\\/\"},{\"@type\":\"ListItem\",\"position\":3,\"name\":\"PLAFONNIER MINCE 5.5\u00a0\u00bb DEL BLANC- FIREFLY DVP38108MW-3K\"}]},{\"@type\":\"WebSite\",\"@id\":\"https:\\\/\\\/luminairesgregoire.com\\\/en\\\/#website\",\"url\":\"https:\\\/\\\/luminairesgregoire.com\\\/en\\\/\",\"name\":\"Luminaires Paul Gr\u00e9goire\",\"description\":\"\",\"publisher\":{\"@id\":\"https:\\\/\\\/luminairesgregoire.com\\\/en\\\/#organization\"},\"potentialAction\":[{\"@type\":\"SearchAction\",\"target\":{\"@type\":\"EntryPoint\",\"urlTemplate\":\"https:\\\/\\\/luminairesgregoire.com\\\/en\\\/?s={search_term_string}\"},\"query-input\":{\"@type\":\"PropertyValueSpecification\",\"valueRequired\":true,\"valueName\":\"search_term_string\"}}],\"inLanguage\":\"en-US\"},{\"@type\":\"Organization\",\"@id\":\"https:\\\/\\\/luminairesgregoire.com\\\/en\\\/#organization\",\"name\":\"Luminaires Paul Gr\u00e9goire\",\"url\":\"https:\\\/\\\/luminairesgregoire.com\\\/en\\\/\",\"logo\":{\"@type\":\"ImageObject\",\"inLanguage\":\"en-US\",\"@id\":\"https:\\\/\\\/luminairesgregoire.com\\\/en\\\/#\\\/schema\\\/logo\\\/image\\\/\",\"url\":\"https:\\\/\\\/luminairesgregoire.com\\\/wp-content\\\/uploads\\\/2021\\\/05\\\/logo_CMYK-1-1.png\",\"contentUrl\":\"https:\\\/\\\/luminairesgregoire.com\\\/wp-content\\\/uploads\\\/2021\\\/05\\\/logo_CMYK-1-1.png\",\"width\":350,\"height\":164,\"caption\":\"Luminaires Paul Gr\u00e9goire\"},\"image\":{\"@id\":\"https:\\\/\\\/luminairesgregoire.com\\\/en\\\/#\\\/schema\\\/logo\\\/image\\\/\"}}]}<\/script>\n<!-- \/ Yoast SEO plugin. -->","yoast_head_json":{"title":"PLAFONNIER MINCE 5.5'' DEL BLANC- FIREFLY DVP38108MW-3K","description":"PLAFONNIER MINCE 5.5'' DEL BLANC- FIREFLY DVP38108MW-3K - Discover our collection of designer lighting \u2014 pendants, lamps, and ceiling lights \u2014 to brighten every space with style and elegance.","robots":{"index":"index","follow":"follow","max-snippet":"max-snippet:-1","max-image-preview":"max-image-preview:large","max-video-preview":"max-video-preview:-1"},"canonical":"https:\/\/luminairesgregoire.com\/en\/product\/plafonnier-mince-5-5-del-blanc-firefly-dvp38108mw-3k\/","og_locale":"en_US","og_type":"article","og_title":"PLAFONNIER MINCE 5.5'' DEL BLANC- FIREFLY DVP38108MW-3K","og_description":"PLAFONNIER MINCE 5.5'' DEL BLANC- FIREFLY DVP38108MW-3K - Discover our collection of designer lighting \u2014 pendants, lamps, and ceiling lights \u2014 to brighten every space with style and elegance.","og_url":"https:\/\/luminairesgregoire.com\/en\/product\/plafonnier-mince-5-5-del-blanc-firefly-dvp38108mw-3k\/","og_site_name":"Luminaires Paul Gr\u00e9goire","article_modified_time":"2026-05-07T07:57:18+00:00","og_image":[{"width":850,"height":850,"url":"https:\/\/luminairesgregoire.com\/wp-content\/uploads\/2026\/05\/Votre-texte-de-paragraphe-2026-05-06T155033.017.webp","type":"image\/jpeg"}],"twitter_card":"summary_large_image","twitter_misc":{"Est. reading time":"1 minute"},"schema":{"@context":"https:\/\/schema.org","@graph":[{"@type":"WebPage","@id":"https:\/\/luminairesgregoire.com\/en\/product\/plafonnier-mince-5-5-del-blanc-firefly-dvp38108mw-3k\/","url":"https:\/\/luminairesgregoire.com\/en\/product\/plafonnier-mince-5-5-del-blanc-firefly-dvp38108mw-3k\/","name":"PLAFONNIER MINCE 5.5'' DEL BLANC- FIREFLY DVP38108MW-3K","isPartOf":{"@id":"https:\/\/luminairesgregoire.com\/en\/#website"},"primaryImageOfPage":{"@id":"https:\/\/luminairesgregoire.com\/en\/product\/plafonnier-mince-5-5-del-blanc-firefly-dvp38108mw-3k\/#primaryimage"},"image":{"@id":"https:\/\/luminairesgregoire.com\/en\/product\/plafonnier-mince-5-5-del-blanc-firefly-dvp38108mw-3k\/#primaryimage"},"thumbnailUrl":"https:\/\/luminairesgregoire.com\/wp-content\/uploads\/2026\/05\/Votre-texte-de-paragraphe-2026-05-06T155033.017.webp","datePublished":"2025-09-13T05:54:32+00:00","dateModified":"2026-05-07T07:57:18+00:00","description":"PLAFONNIER MINCE 5.5'' DEL BLANC- FIREFLY DVP38108MW-3K - Discover our collection of designer lighting \u2014 pendants, lamps, and ceiling lights \u2014 to brighten every space with style and elegance.","breadcrumb":{"@id":"https:\/\/luminairesgregoire.com\/en\/product\/plafonnier-mince-5-5-del-blanc-firefly-dvp38108mw-3k\/#breadcrumb"},"inLanguage":"en-US","potentialAction":[{"@type":"ReadAction","target":["https:\/\/luminairesgregoire.com\/en\/product\/plafonnier-mince-5-5-del-blanc-firefly-dvp38108mw-3k\/"]}]},{"@type":"ImageObject","inLanguage":"en-US","@id":"https:\/\/luminairesgregoire.com\/en\/product\/plafonnier-mince-5-5-del-blanc-firefly-dvp38108mw-3k\/#primaryimage","url":"https:\/\/luminairesgregoire.com\/wp-content\/uploads\/2026\/05\/Votre-texte-de-paragraphe-2026-05-06T155033.017.webp","contentUrl":"https:\/\/luminairesgregoire.com\/wp-content\/uploads\/2026\/05\/Votre-texte-de-paragraphe-2026-05-06T155033.017.webp","width":850,"height":850,"caption":"PLAFONNIER MINCE 5.5'' DEL BLANC- FIREFLY DVP38108MW-3K"},{"@type":"BreadcrumbList","@id":"https:\/\/luminairesgregoire.com\/en\/product\/plafonnier-mince-5-5-del-blanc-firefly-dvp38108mw-3k\/#breadcrumb","itemListElement":[{"@type":"ListItem","position":1,"name":"Home","item":"https:\/\/luminairesgregoire.com\/en\/"},{"@type":"ListItem","position":2,"name":"Store","item":"https:\/\/luminairesgregoire.com\/en\/products\/"},{"@type":"ListItem","position":3,"name":"PLAFONNIER MINCE 5.5\u00a0\u00bb DEL BLANC- FIREFLY DVP38108MW-3K"}]},{"@type":"WebSite","@id":"https:\/\/luminairesgregoire.com\/en\/#website","url":"https:\/\/luminairesgregoire.com\/en\/","name":"Luminaires Paul Gr\u00e9goire","description":"","publisher":{"@id":"https:\/\/luminairesgregoire.com\/en\/#organization"},"potentialAction":[{"@type":"SearchAction","target":{"@type":"EntryPoint","urlTemplate":"https:\/\/luminairesgregoire.com\/en\/?s={search_term_string}"},"query-input":{"@type":"PropertyValueSpecification","valueRequired":true,"valueName":"search_term_string"}}],"inLanguage":"en-US"},{"@type":"Organization","@id":"https:\/\/luminairesgregoire.com\/en\/#organization","name":"Luminaires Paul Gr\u00e9goire","url":"https:\/\/luminairesgregoire.com\/en\/","logo":{"@type":"ImageObject","inLanguage":"en-US","@id":"https:\/\/luminairesgregoire.com\/en\/#\/schema\/logo\/image\/","url":"https:\/\/luminairesgregoire.com\/wp-content\/uploads\/2021\/05\/logo_CMYK-1-1.png","contentUrl":"https:\/\/luminairesgregoire.com\/wp-content\/uploads\/2021\/05\/logo_CMYK-1-1.png","width":350,"height":164,"caption":"Luminaires Paul Gr\u00e9goire"},"image":{"@id":"https:\/\/luminairesgregoire.com\/en\/#\/schema\/logo\/image\/"}}]}},"_links":{"self":[{"href":"https:\/\/luminairesgregoire.com\/en\/wp-json\/wp\/v2\/product\/27656","targetHints":{"allow":["GET"]}}],"collection":[{"href":"https:\/\/luminairesgregoire.com\/en\/wp-json\/wp\/v2\/product"}],"about":[{"href":"https:\/\/luminairesgregoire.com\/en\/wp-json\/wp\/v2\/types\/product"}],"wp:featuredmedia":[{"embeddable":true,"href":"https:\/\/luminairesgregoire.com\/en\/wp-json\/wp\/v2\/media\/39573"}],"wp:attachment":[{"href":"https:\/\/luminairesgregoire.com\/en\/wp-json\/wp\/v2\/media?parent=27656"}],"wp:term":[{"taxonomy":"product_brand","embeddable":true,"href":"https:\/\/luminairesgregoire.com\/en\/wp-json\/wp\/v2\/product_brand?post=27656"},{"taxonomy":"product_cat","embeddable":true,"href":"https:\/\/luminairesgregoire.com\/en\/wp-json\/wp\/v2\/product_cat?post=27656"},{"taxonomy":"product_tag","embeddable":true,"href":"https:\/\/luminairesgregoire.com\/en\/wp-json\/wp\/v2\/product_tag?post=27656"}],"curies":[{"name":"wp","href":"https:\/\/api.w.org\/{rel}","templated":true}]}}