{"id":27687,"date":"2025-06-06T01:05:21","date_gmt":"2025-06-06T05:05:21","guid":{"rendered":"https:\/\/luminairesgregoire.com\/produits\/suspension-lineaire-dore-et-noir-zuri-lp421437bgop\/"},"modified":"2026-04-04T03:43:07","modified_gmt":"2026-04-04T07:43:07","slug":"suspension-lineaire-dore-et-noir-zuri-lp421437bgop","status":"publish","type":"product","link":"https:\/\/luminairesgregoire.com\/en\/product\/suspension-lineaire-dore-et-noir-zuri-lp421437bgop\/","title":{"rendered":"SUSPENSION LIN\u00c9AIRE DOR\u00c9 ET NOIR ZURI LP421437BGOP"},"content":{"rendered":"<p data-start=\"37\" data-end=\"335\"><strong data-start=\"37\" data-end=\"333\">Offrez un relooking chic \u00e0 votre espace avec la collection d\u2019\u00e9clairage Zuri. Ce luminaire suspendu, dot\u00e9 de globes en verre opalin et d\u2019accents modernes en mat\u00e9riaux mixtes, apporte une ambiance \u00e0 la fois \u00e9l\u00e9gante et raffin\u00e9e. Il rehaussera instantan\u00e9ment le style de n\u2019importe quelle pi\u00e8ce !<\/strong><\/p>\n<ul data-start=\"337\" data-end=\"681\">\n<li data-start=\"337\" data-end=\"388\">\n<p data-start=\"339\" data-end=\"388\">Ampoule E26 ou \u00e9quivalente requise, non incluse<\/p>\n<\/li>\n<li data-start=\"389\" data-end=\"448\">\n<p data-start=\"391\" data-end=\"448\">Con\u00e7u pour la salle \u00e0 manger, la cuisine et plus encore<\/p>\n<\/li>\n<li data-start=\"449\" data-end=\"492\">\n<p data-start=\"451\" data-end=\"492\">Style classique avec d\u00e9tails d\u00e9coratifs<\/p>\n<\/li>\n<li data-start=\"493\" data-end=\"533\">\n<p data-start=\"495\" data-end=\"533\">Quincaillerie d\u2019installation incluse<\/p>\n<\/li>\n<li data-start=\"534\" data-end=\"594\">\n<p data-start=\"536\" data-end=\"594\">Instructions d\u2019assemblage faciles incluses dans la bo\u00eete<\/p>\n<\/li>\n<li data-start=\"595\" data-end=\"666\">\n<p data-start=\"597\" data-end=\"666\">Compatible avec plafond en pente (voir sp\u00e9cifications pour d\u00e9tails)<\/p>\n<\/li>\n<\/ul>\n","protected":false},"excerpt":{"rendered":"<p>Offrez un relooking chic \u00e0 votre espace avec la collection d\u2019\u00e9clairage Zuri. Ce luminaire suspendu, dot\u00e9 de globes en verre opalin et d\u2019accents modernes en mat\u00e9riaux mixtes, apporte une ambiance \u00e0 la fois \u00e9l\u00e9gante et raffin\u00e9e. Il rehaussera instantan\u00e9ment le style de n\u2019importe quelle pi\u00e8ce ! Ampoule E26 ou \u00e9quivalente requise, non incluse Con\u00e7u pour [&hellip;]<\/p>\n","protected":false},"featured_media":27686,"template":"","meta":{"_acf_changed":false},"product_brand":[6020,6018],"product_cat":[5930,5926],"product_tag":[],"class_list":{"0":"post-27687","1":"product","2":"type-product","3":"status-publish","4":"has-post-thumbnail","6":"product_brand-alora-mood","7":"product_brand-kuzco","8":"product_cat-linear-pendants","9":"product_cat-pendant-lights","11":"first","12":"outofstock","13":"taxable","14":"shipping-taxable","15":"purchasable","16":"product-type-simple"},"acf":[],"yoast_head":"<!-- This site is optimized with the Yoast SEO plugin v26.9 - https:\/\/yoast.com\/product\/yoast-seo-wordpress\/ -->\n<title>SUSPENSION LIN\u00c9AIRE DOR\u00c9 ET NOIR ZURI LP421437BGOP - Luminaires Paul Gr\u00e9goire<\/title>\n<meta name=\"description\" content=\"SUSPENSION LIN\u00c9AIRE DOR\u00c9 ET NOIR ZURI LP421437BGOP - Discover our collection of designer lighting \u2014 pendants, lamps, and ceiling lights \u2014 to brighten every space with style and elegance.\" \/>\n<meta name=\"robots\" content=\"index, follow, max-snippet:-1, max-image-preview:large, max-video-preview:-1\" \/>\n<link rel=\"canonical\" href=\"https:\/\/luminairesgregoire.com\/en\/product\/suspension-lineaire-dore-et-noir-zuri-lp421437bgop\/\" \/>\n<meta property=\"og:locale\" content=\"en_US\" \/>\n<meta property=\"og:type\" content=\"article\" \/>\n<meta property=\"og:title\" content=\"SUSPENSION LIN\u00c9AIRE DOR\u00c9 ET NOIR ZURI LP421437BGOP - Luminaires Paul Gr\u00e9goire\" \/>\n<meta property=\"og:description\" content=\"SUSPENSION LIN\u00c9AIRE DOR\u00c9 ET NOIR ZURI LP421437BGOP - Discover our collection of designer lighting \u2014 pendants, lamps, and ceiling lights \u2014 to brighten every space with style and elegance.\" \/>\n<meta property=\"og:url\" content=\"https:\/\/luminairesgregoire.com\/en\/product\/suspension-lineaire-dore-et-noir-zuri-lp421437bgop\/\" \/>\n<meta property=\"og:site_name\" content=\"Luminaires Paul Gr\u00e9goire\" \/>\n<meta property=\"article:modified_time\" content=\"2026-04-04T07:43:07+00:00\" \/>\n<meta property=\"og:image\" content=\"https:\/\/luminairesgregoire.com\/wp-content\/uploads\/2025\/06\/LP421437BGOP.webp\" \/>\n\t<meta property=\"og:image:width\" content=\"850\" \/>\n\t<meta property=\"og:image:height\" content=\"848\" \/>\n\t<meta property=\"og:image:type\" content=\"image\/jpeg\" \/>\n<meta name=\"twitter:card\" content=\"summary_large_image\" \/>\n<meta name=\"twitter:label1\" content=\"Est. reading time\" \/>\n\t<meta name=\"twitter:data1\" content=\"1 minute\" \/>\n<script type=\"application\/ld+json\" class=\"yoast-schema-graph\">{\"@context\":\"https:\/\/schema.org\",\"@graph\":[{\"@type\":\"WebPage\",\"@id\":\"https:\/\/luminairesgregoire.com\/en\/product\/suspension-lineaire-dore-et-noir-zuri-lp421437bgop\/\",\"url\":\"https:\/\/luminairesgregoire.com\/en\/product\/suspension-lineaire-dore-et-noir-zuri-lp421437bgop\/\",\"name\":\"SUSPENSION LIN\u00c9AIRE DOR\u00c9 ET NOIR ZURI LP421437BGOP - Luminaires Paul Gr\u00e9goire\",\"isPartOf\":{\"@id\":\"https:\/\/luminairesgregoire.com\/en\/#website\"},\"primaryImageOfPage\":{\"@id\":\"https:\/\/luminairesgregoire.com\/en\/product\/suspension-lineaire-dore-et-noir-zuri-lp421437bgop\/#primaryimage\"},\"image\":{\"@id\":\"https:\/\/luminairesgregoire.com\/en\/product\/suspension-lineaire-dore-et-noir-zuri-lp421437bgop\/#primaryimage\"},\"thumbnailUrl\":\"https:\/\/luminairesgregoire.com\/wp-content\/uploads\/2025\/06\/LP421437BGOP.webp\",\"datePublished\":\"2025-06-06T05:05:21+00:00\",\"dateModified\":\"2026-04-04T07:43:07+00:00\",\"description\":\"SUSPENSION LIN\u00c9AIRE DOR\u00c9 ET NOIR ZURI LP421437BGOP - Discover our collection of designer lighting \u2014 pendants, lamps, and ceiling lights \u2014 to brighten every space with style and elegance.\",\"breadcrumb\":{\"@id\":\"https:\/\/luminairesgregoire.com\/en\/product\/suspension-lineaire-dore-et-noir-zuri-lp421437bgop\/#breadcrumb\"},\"inLanguage\":\"en-US\",\"potentialAction\":[{\"@type\":\"ReadAction\",\"target\":[\"https:\/\/luminairesgregoire.com\/en\/product\/suspension-lineaire-dore-et-noir-zuri-lp421437bgop\/\"]}]},{\"@type\":\"ImageObject\",\"inLanguage\":\"en-US\",\"@id\":\"https:\/\/luminairesgregoire.com\/en\/product\/suspension-lineaire-dore-et-noir-zuri-lp421437bgop\/#primaryimage\",\"url\":\"https:\/\/luminairesgregoire.com\/wp-content\/uploads\/2025\/06\/LP421437BGOP.webp\",\"contentUrl\":\"https:\/\/luminairesgregoire.com\/wp-content\/uploads\/2025\/06\/LP421437BGOP.webp\",\"width\":850,\"height\":848},{\"@type\":\"BreadcrumbList\",\"@id\":\"https:\/\/luminairesgregoire.com\/en\/product\/suspension-lineaire-dore-et-noir-zuri-lp421437bgop\/#breadcrumb\",\"itemListElement\":[{\"@type\":\"ListItem\",\"position\":1,\"name\":\"Home\",\"item\":\"https:\/\/luminairesgregoire.com\/en\/\"},{\"@type\":\"ListItem\",\"position\":2,\"name\":\"Store\",\"item\":\"https:\/\/luminairesgregoire.com\/en\/products\/\"},{\"@type\":\"ListItem\",\"position\":3,\"name\":\"SUSPENSION LIN\u00c9AIRE DOR\u00c9 ET NOIR ZURI LP421437BGOP\"}]},{\"@type\":\"WebSite\",\"@id\":\"https:\/\/luminairesgregoire.com\/en\/#website\",\"url\":\"https:\/\/luminairesgregoire.com\/en\/\",\"name\":\"Luminaires Paul Gr\u00e9goire\",\"description\":\"\",\"publisher\":{\"@id\":\"https:\/\/luminairesgregoire.com\/en\/#organization\"},\"potentialAction\":[{\"@type\":\"SearchAction\",\"target\":{\"@type\":\"EntryPoint\",\"urlTemplate\":\"https:\/\/luminairesgregoire.com\/en\/?s={search_term_string}\"},\"query-input\":{\"@type\":\"PropertyValueSpecification\",\"valueRequired\":true,\"valueName\":\"search_term_string\"}}],\"inLanguage\":\"en-US\"},{\"@type\":\"Organization\",\"@id\":\"https:\/\/luminairesgregoire.com\/en\/#organization\",\"name\":\"Luminaires Paul Gr\u00e9goire\",\"url\":\"https:\/\/luminairesgregoire.com\/en\/\",\"logo\":{\"@type\":\"ImageObject\",\"inLanguage\":\"en-US\",\"@id\":\"https:\/\/luminairesgregoire.com\/en\/#\/schema\/logo\/image\/\",\"url\":\"https:\/\/luminairesgregoire.com\/wp-content\/uploads\/2021\/05\/logo_CMYK-1-1.png\",\"contentUrl\":\"https:\/\/luminairesgregoire.com\/wp-content\/uploads\/2021\/05\/logo_CMYK-1-1.png\",\"width\":350,\"height\":164,\"caption\":\"Luminaires Paul Gr\u00e9goire\"},\"image\":{\"@id\":\"https:\/\/luminairesgregoire.com\/en\/#\/schema\/logo\/image\/\"}}]}<\/script>\n<!-- \/ Yoast SEO plugin. -->","yoast_head_json":{"title":"SUSPENSION LIN\u00c9AIRE DOR\u00c9 ET NOIR ZURI LP421437BGOP - Luminaires Paul Gr\u00e9goire","description":"SUSPENSION LIN\u00c9AIRE DOR\u00c9 ET NOIR ZURI LP421437BGOP - Discover our collection of designer lighting \u2014 pendants, lamps, and ceiling lights \u2014 to brighten every space with style and elegance.","robots":{"index":"index","follow":"follow","max-snippet":"max-snippet:-1","max-image-preview":"max-image-preview:large","max-video-preview":"max-video-preview:-1"},"canonical":"https:\/\/luminairesgregoire.com\/en\/product\/suspension-lineaire-dore-et-noir-zuri-lp421437bgop\/","og_locale":"en_US","og_type":"article","og_title":"SUSPENSION LIN\u00c9AIRE DOR\u00c9 ET NOIR ZURI LP421437BGOP - Luminaires Paul Gr\u00e9goire","og_description":"SUSPENSION LIN\u00c9AIRE DOR\u00c9 ET NOIR ZURI LP421437BGOP - Discover our collection of designer lighting \u2014 pendants, lamps, and ceiling lights \u2014 to brighten every space with style and elegance.","og_url":"https:\/\/luminairesgregoire.com\/en\/product\/suspension-lineaire-dore-et-noir-zuri-lp421437bgop\/","og_site_name":"Luminaires Paul Gr\u00e9goire","article_modified_time":"2026-04-04T07:43:07+00:00","og_image":[{"width":850,"height":848,"url":"https:\/\/luminairesgregoire.com\/wp-content\/uploads\/2025\/06\/LP421437BGOP.webp","type":"image\/jpeg"}],"twitter_card":"summary_large_image","twitter_misc":{"Est. reading time":"1 minute"},"schema":{"@context":"https:\/\/schema.org","@graph":[{"@type":"WebPage","@id":"https:\/\/luminairesgregoire.com\/en\/product\/suspension-lineaire-dore-et-noir-zuri-lp421437bgop\/","url":"https:\/\/luminairesgregoire.com\/en\/product\/suspension-lineaire-dore-et-noir-zuri-lp421437bgop\/","name":"SUSPENSION LIN\u00c9AIRE DOR\u00c9 ET NOIR ZURI LP421437BGOP - Luminaires Paul Gr\u00e9goire","isPartOf":{"@id":"https:\/\/luminairesgregoire.com\/en\/#website"},"primaryImageOfPage":{"@id":"https:\/\/luminairesgregoire.com\/en\/product\/suspension-lineaire-dore-et-noir-zuri-lp421437bgop\/#primaryimage"},"image":{"@id":"https:\/\/luminairesgregoire.com\/en\/product\/suspension-lineaire-dore-et-noir-zuri-lp421437bgop\/#primaryimage"},"thumbnailUrl":"https:\/\/luminairesgregoire.com\/wp-content\/uploads\/2025\/06\/LP421437BGOP.webp","datePublished":"2025-06-06T05:05:21+00:00","dateModified":"2026-04-04T07:43:07+00:00","description":"SUSPENSION LIN\u00c9AIRE DOR\u00c9 ET NOIR ZURI LP421437BGOP - Discover our collection of designer lighting \u2014 pendants, lamps, and ceiling lights \u2014 to brighten every space with style and elegance.","breadcrumb":{"@id":"https:\/\/luminairesgregoire.com\/en\/product\/suspension-lineaire-dore-et-noir-zuri-lp421437bgop\/#breadcrumb"},"inLanguage":"en-US","potentialAction":[{"@type":"ReadAction","target":["https:\/\/luminairesgregoire.com\/en\/product\/suspension-lineaire-dore-et-noir-zuri-lp421437bgop\/"]}]},{"@type":"ImageObject","inLanguage":"en-US","@id":"https:\/\/luminairesgregoire.com\/en\/product\/suspension-lineaire-dore-et-noir-zuri-lp421437bgop\/#primaryimage","url":"https:\/\/luminairesgregoire.com\/wp-content\/uploads\/2025\/06\/LP421437BGOP.webp","contentUrl":"https:\/\/luminairesgregoire.com\/wp-content\/uploads\/2025\/06\/LP421437BGOP.webp","width":850,"height":848},{"@type":"BreadcrumbList","@id":"https:\/\/luminairesgregoire.com\/en\/product\/suspension-lineaire-dore-et-noir-zuri-lp421437bgop\/#breadcrumb","itemListElement":[{"@type":"ListItem","position":1,"name":"Home","item":"https:\/\/luminairesgregoire.com\/en\/"},{"@type":"ListItem","position":2,"name":"Store","item":"https:\/\/luminairesgregoire.com\/en\/products\/"},{"@type":"ListItem","position":3,"name":"SUSPENSION LIN\u00c9AIRE DOR\u00c9 ET NOIR ZURI LP421437BGOP"}]},{"@type":"WebSite","@id":"https:\/\/luminairesgregoire.com\/en\/#website","url":"https:\/\/luminairesgregoire.com\/en\/","name":"Luminaires Paul Gr\u00e9goire","description":"","publisher":{"@id":"https:\/\/luminairesgregoire.com\/en\/#organization"},"potentialAction":[{"@type":"SearchAction","target":{"@type":"EntryPoint","urlTemplate":"https:\/\/luminairesgregoire.com\/en\/?s={search_term_string}"},"query-input":{"@type":"PropertyValueSpecification","valueRequired":true,"valueName":"search_term_string"}}],"inLanguage":"en-US"},{"@type":"Organization","@id":"https:\/\/luminairesgregoire.com\/en\/#organization","name":"Luminaires Paul Gr\u00e9goire","url":"https:\/\/luminairesgregoire.com\/en\/","logo":{"@type":"ImageObject","inLanguage":"en-US","@id":"https:\/\/luminairesgregoire.com\/en\/#\/schema\/logo\/image\/","url":"https:\/\/luminairesgregoire.com\/wp-content\/uploads\/2021\/05\/logo_CMYK-1-1.png","contentUrl":"https:\/\/luminairesgregoire.com\/wp-content\/uploads\/2021\/05\/logo_CMYK-1-1.png","width":350,"height":164,"caption":"Luminaires Paul Gr\u00e9goire"},"image":{"@id":"https:\/\/luminairesgregoire.com\/en\/#\/schema\/logo\/image\/"}}]}},"_links":{"self":[{"href":"https:\/\/luminairesgregoire.com\/en\/wp-json\/wp\/v2\/product\/27687","targetHints":{"allow":["GET"]}}],"collection":[{"href":"https:\/\/luminairesgregoire.com\/en\/wp-json\/wp\/v2\/product"}],"about":[{"href":"https:\/\/luminairesgregoire.com\/en\/wp-json\/wp\/v2\/types\/product"}],"wp:featuredmedia":[{"embeddable":true,"href":"https:\/\/luminairesgregoire.com\/en\/wp-json\/wp\/v2\/media\/27686"}],"wp:attachment":[{"href":"https:\/\/luminairesgregoire.com\/en\/wp-json\/wp\/v2\/media?parent=27687"}],"wp:term":[{"taxonomy":"product_brand","embeddable":true,"href":"https:\/\/luminairesgregoire.com\/en\/wp-json\/wp\/v2\/product_brand?post=27687"},{"taxonomy":"product_cat","embeddable":true,"href":"https:\/\/luminairesgregoire.com\/en\/wp-json\/wp\/v2\/product_cat?post=27687"},{"taxonomy":"product_tag","embeddable":true,"href":"https:\/\/luminairesgregoire.com\/en\/wp-json\/wp\/v2\/product_tag?post=27687"}],"curies":[{"name":"wp","href":"https:\/\/api.w.org\/{rel}","templated":true}]}}