{"id":27959,"date":"2025-09-23T02:11:13","date_gmt":"2025-09-23T06:11:13","guid":{"rendered":"https:\/\/luminairesgregoire.com\/?post_type=product&#038;p=27959"},"modified":"2026-04-09T15:06:29","modified_gmt":"2026-04-09T19:06:29","slug":"plafonnier-del-blanc-et-or-sottile-cnx-sm12-c27wgd","status":"publish","type":"product","link":"https:\/\/luminairesgregoire.com\/en\/product\/plafonnier-del-blanc-et-or-sottile-cnx-sm12-c27wgd\/","title":{"rendered":"PLAFONNIER DEL BLANC ET OR- SOTTILE CNX-SM12-C27WGD"},"content":{"rendered":"<p data-start=\"117\" data-end=\"413\">Le plafonnier SOTTILE allie design \u00e9pur\u00e9 et performance moderne. Avec sa silhouette mince et contemporaine, il s\u2019int\u00e8gre facilement dans une entr\u00e9e, un corridor ou au-dessus d\u2019un \u00eelot. Son \u00e9clairage DEL int\u00e9gr\u00e9 diffuse une lumi\u00e8re uniforme et confortable, id\u00e9ale pour le quotidien.<\/p>\n<p data-start=\"415\" data-end=\"612\">Gr\u00e2ce \u00e0 sa technologie 5CCT, vous pouvez ajuster la couleur de lumi\u00e8re selon l\u2019ambiance d\u00e9sir\u00e9e. Compact, \u00e9l\u00e9gant et polyvalent, SOTTILE est un choix s\u00fbr pour les d\u00e9cors modernes ou transitionnels.<\/p>\n","protected":false},"excerpt":{"rendered":"<p>Le plafonnier SOTTILE allie design \u00e9pur\u00e9 et performance moderne. Avec sa silhouette mince et contemporaine, il s\u2019int\u00e8gre facilement dans une entr\u00e9e, un corridor ou au-dessus d\u2019un \u00eelot. Son \u00e9clairage DEL int\u00e9gr\u00e9 diffuse une lumi\u00e8re uniforme et confortable, id\u00e9ale pour le quotidien. Gr\u00e2ce \u00e0 sa technologie 5CCT, vous pouvez ajuster la couleur de lumi\u00e8re selon l\u2019ambiance [&hellip;]<\/p>\n","protected":false},"featured_media":37826,"template":"","meta":{"_acf_changed":false},"product_brand":[6021],"product_cat":[5840,5842],"product_tag":[],"class_list":{"0":"post-27959","1":"product","2":"type-product","3":"status-publish","4":"has-post-thumbnail","6":"product_brand-creation-nova","7":"product_cat-plafonniers","8":"product_cat-plafonniers-plafonniers","9":"pa_diametre-2713","10":"pa_finis-blanc","11":"pa_finis-laiton","12":"pa_garantie-5-ans","13":"pa_hauteur-3-3-4","15":"first","16":"instock","17":"taxable","18":"shipping-taxable","19":"purchasable","20":"product-type-simple"},"acf":[],"yoast_head":"<!-- This site is optimized with the Yoast SEO plugin v26.9 - https:\/\/yoast.com\/product\/yoast-seo-wordpress\/ -->\n<title>PLAFONNIER DEL BLANC ET OR- SOTTILE CNX-SM12-C27WGD - Luminaires Paul Gr\u00e9goire<\/title>\n<meta name=\"description\" content=\"PLAFONNIER DEL BLANC ET OR- SOTTILE CNX-SM12-C27WGD - Discover our collection of designer lighting \u2014 pendants, lamps, and ceiling lights \u2014 to brighten every space with style and elegance.\" \/>\n<meta name=\"robots\" content=\"index, follow, max-snippet:-1, max-image-preview:large, max-video-preview:-1\" \/>\n<link rel=\"canonical\" href=\"https:\/\/luminairesgregoire.com\/en\/product\/plafonnier-del-blanc-et-or-sottile-cnx-sm12-c27wgd\/\" \/>\n<meta property=\"og:locale\" content=\"en_US\" \/>\n<meta property=\"og:type\" content=\"article\" \/>\n<meta property=\"og:title\" content=\"PLAFONNIER DEL BLANC ET OR- SOTTILE CNX-SM12-C27WGD - Luminaires Paul Gr\u00e9goire\" \/>\n<meta property=\"og:description\" content=\"PLAFONNIER DEL BLANC ET OR- SOTTILE CNX-SM12-C27WGD - Discover our collection of designer lighting \u2014 pendants, lamps, and ceiling lights \u2014 to brighten every space with style and elegance.\" \/>\n<meta property=\"og:url\" content=\"https:\/\/luminairesgregoire.com\/en\/product\/plafonnier-del-blanc-et-or-sottile-cnx-sm12-c27wgd\/\" \/>\n<meta property=\"og:site_name\" content=\"Luminaires Paul Gr\u00e9goire\" \/>\n<meta property=\"article:modified_time\" content=\"2026-04-09T19:06:29+00:00\" \/>\n<meta property=\"og:image\" content=\"https:\/\/luminairesgregoire.com\/wp-content\/uploads\/2026\/04\/Votre-texte-de-paragraphe-2026-04-09T135410.944.webp\" \/>\n\t<meta property=\"og:image:width\" content=\"850\" \/>\n\t<meta property=\"og:image:height\" content=\"850\" \/>\n\t<meta property=\"og:image:type\" content=\"image\/jpeg\" \/>\n<meta name=\"twitter:card\" content=\"summary_large_image\" \/>\n<meta name=\"twitter:label1\" content=\"Est. reading time\" \/>\n\t<meta name=\"twitter:data1\" content=\"1 minute\" \/>\n<script type=\"application\/ld+json\" class=\"yoast-schema-graph\">{\"@context\":\"https:\/\/schema.org\",\"@graph\":[{\"@type\":\"WebPage\",\"@id\":\"https:\/\/luminairesgregoire.com\/en\/product\/plafonnier-del-blanc-et-or-sottile-cnx-sm12-c27wgd\/\",\"url\":\"https:\/\/luminairesgregoire.com\/en\/product\/plafonnier-del-blanc-et-or-sottile-cnx-sm12-c27wgd\/\",\"name\":\"PLAFONNIER DEL BLANC ET OR- SOTTILE CNX-SM12-C27WGD - Luminaires Paul Gr\u00e9goire\",\"isPartOf\":{\"@id\":\"https:\/\/luminairesgregoire.com\/en\/#website\"},\"primaryImageOfPage\":{\"@id\":\"https:\/\/luminairesgregoire.com\/en\/product\/plafonnier-del-blanc-et-or-sottile-cnx-sm12-c27wgd\/#primaryimage\"},\"image\":{\"@id\":\"https:\/\/luminairesgregoire.com\/en\/product\/plafonnier-del-blanc-et-or-sottile-cnx-sm12-c27wgd\/#primaryimage\"},\"thumbnailUrl\":\"https:\/\/luminairesgregoire.com\/wp-content\/uploads\/2026\/04\/Votre-texte-de-paragraphe-2026-04-09T135410.944.webp\",\"datePublished\":\"2025-09-23T06:11:13+00:00\",\"dateModified\":\"2026-04-09T19:06:29+00:00\",\"description\":\"PLAFONNIER DEL BLANC ET OR- SOTTILE CNX-SM12-C27WGD - Discover our collection of designer lighting \u2014 pendants, lamps, and ceiling lights \u2014 to brighten every space with style and elegance.\",\"breadcrumb\":{\"@id\":\"https:\/\/luminairesgregoire.com\/en\/product\/plafonnier-del-blanc-et-or-sottile-cnx-sm12-c27wgd\/#breadcrumb\"},\"inLanguage\":\"en-US\",\"potentialAction\":[{\"@type\":\"ReadAction\",\"target\":[\"https:\/\/luminairesgregoire.com\/en\/product\/plafonnier-del-blanc-et-or-sottile-cnx-sm12-c27wgd\/\"]}]},{\"@type\":\"ImageObject\",\"inLanguage\":\"en-US\",\"@id\":\"https:\/\/luminairesgregoire.com\/en\/product\/plafonnier-del-blanc-et-or-sottile-cnx-sm12-c27wgd\/#primaryimage\",\"url\":\"https:\/\/luminairesgregoire.com\/wp-content\/uploads\/2026\/04\/Votre-texte-de-paragraphe-2026-04-09T135410.944.webp\",\"contentUrl\":\"https:\/\/luminairesgregoire.com\/wp-content\/uploads\/2026\/04\/Votre-texte-de-paragraphe-2026-04-09T135410.944.webp\",\"width\":850,\"height\":850,\"caption\":\"PLAFONNIER DEL BLANC ET OR- SOTTILE CNX-SM12-C27WGD\"},{\"@type\":\"BreadcrumbList\",\"@id\":\"https:\/\/luminairesgregoire.com\/en\/product\/plafonnier-del-blanc-et-or-sottile-cnx-sm12-c27wgd\/#breadcrumb\",\"itemListElement\":[{\"@type\":\"ListItem\",\"position\":1,\"name\":\"Home\",\"item\":\"https:\/\/luminairesgregoire.com\/en\/\"},{\"@type\":\"ListItem\",\"position\":2,\"name\":\"Store\",\"item\":\"https:\/\/luminairesgregoire.com\/en\/products\/\"},{\"@type\":\"ListItem\",\"position\":3,\"name\":\"PLAFONNIER DEL BLANC ET OR- SOTTILE CNX-SM12-C27WGD\"}]},{\"@type\":\"WebSite\",\"@id\":\"https:\/\/luminairesgregoire.com\/en\/#website\",\"url\":\"https:\/\/luminairesgregoire.com\/en\/\",\"name\":\"Luminaires Paul Gr\u00e9goire\",\"description\":\"\",\"publisher\":{\"@id\":\"https:\/\/luminairesgregoire.com\/en\/#organization\"},\"potentialAction\":[{\"@type\":\"SearchAction\",\"target\":{\"@type\":\"EntryPoint\",\"urlTemplate\":\"https:\/\/luminairesgregoire.com\/en\/?s={search_term_string}\"},\"query-input\":{\"@type\":\"PropertyValueSpecification\",\"valueRequired\":true,\"valueName\":\"search_term_string\"}}],\"inLanguage\":\"en-US\"},{\"@type\":\"Organization\",\"@id\":\"https:\/\/luminairesgregoire.com\/en\/#organization\",\"name\":\"Luminaires Paul Gr\u00e9goire\",\"url\":\"https:\/\/luminairesgregoire.com\/en\/\",\"logo\":{\"@type\":\"ImageObject\",\"inLanguage\":\"en-US\",\"@id\":\"https:\/\/luminairesgregoire.com\/en\/#\/schema\/logo\/image\/\",\"url\":\"https:\/\/luminairesgregoire.com\/wp-content\/uploads\/2021\/05\/logo_CMYK-1-1.png\",\"contentUrl\":\"https:\/\/luminairesgregoire.com\/wp-content\/uploads\/2021\/05\/logo_CMYK-1-1.png\",\"width\":350,\"height\":164,\"caption\":\"Luminaires Paul Gr\u00e9goire\"},\"image\":{\"@id\":\"https:\/\/luminairesgregoire.com\/en\/#\/schema\/logo\/image\/\"}}]}<\/script>\n<!-- \/ Yoast SEO plugin. -->","yoast_head_json":{"title":"PLAFONNIER DEL BLANC ET OR- SOTTILE CNX-SM12-C27WGD - Luminaires Paul Gr\u00e9goire","description":"PLAFONNIER DEL BLANC ET OR- SOTTILE CNX-SM12-C27WGD - Discover our collection of designer lighting \u2014 pendants, lamps, and ceiling lights \u2014 to brighten every space with style and elegance.","robots":{"index":"index","follow":"follow","max-snippet":"max-snippet:-1","max-image-preview":"max-image-preview:large","max-video-preview":"max-video-preview:-1"},"canonical":"https:\/\/luminairesgregoire.com\/en\/product\/plafonnier-del-blanc-et-or-sottile-cnx-sm12-c27wgd\/","og_locale":"en_US","og_type":"article","og_title":"PLAFONNIER DEL BLANC ET OR- SOTTILE CNX-SM12-C27WGD - Luminaires Paul Gr\u00e9goire","og_description":"PLAFONNIER DEL BLANC ET OR- SOTTILE CNX-SM12-C27WGD - Discover our collection of designer lighting \u2014 pendants, lamps, and ceiling lights \u2014 to brighten every space with style and elegance.","og_url":"https:\/\/luminairesgregoire.com\/en\/product\/plafonnier-del-blanc-et-or-sottile-cnx-sm12-c27wgd\/","og_site_name":"Luminaires Paul Gr\u00e9goire","article_modified_time":"2026-04-09T19:06:29+00:00","og_image":[{"width":850,"height":850,"url":"https:\/\/luminairesgregoire.com\/wp-content\/uploads\/2026\/04\/Votre-texte-de-paragraphe-2026-04-09T135410.944.webp","type":"image\/jpeg"}],"twitter_card":"summary_large_image","twitter_misc":{"Est. reading time":"1 minute"},"schema":{"@context":"https:\/\/schema.org","@graph":[{"@type":"WebPage","@id":"https:\/\/luminairesgregoire.com\/en\/product\/plafonnier-del-blanc-et-or-sottile-cnx-sm12-c27wgd\/","url":"https:\/\/luminairesgregoire.com\/en\/product\/plafonnier-del-blanc-et-or-sottile-cnx-sm12-c27wgd\/","name":"PLAFONNIER DEL BLANC ET OR- SOTTILE CNX-SM12-C27WGD - Luminaires Paul Gr\u00e9goire","isPartOf":{"@id":"https:\/\/luminairesgregoire.com\/en\/#website"},"primaryImageOfPage":{"@id":"https:\/\/luminairesgregoire.com\/en\/product\/plafonnier-del-blanc-et-or-sottile-cnx-sm12-c27wgd\/#primaryimage"},"image":{"@id":"https:\/\/luminairesgregoire.com\/en\/product\/plafonnier-del-blanc-et-or-sottile-cnx-sm12-c27wgd\/#primaryimage"},"thumbnailUrl":"https:\/\/luminairesgregoire.com\/wp-content\/uploads\/2026\/04\/Votre-texte-de-paragraphe-2026-04-09T135410.944.webp","datePublished":"2025-09-23T06:11:13+00:00","dateModified":"2026-04-09T19:06:29+00:00","description":"PLAFONNIER DEL BLANC ET OR- SOTTILE CNX-SM12-C27WGD - Discover our collection of designer lighting \u2014 pendants, lamps, and ceiling lights \u2014 to brighten every space with style and elegance.","breadcrumb":{"@id":"https:\/\/luminairesgregoire.com\/en\/product\/plafonnier-del-blanc-et-or-sottile-cnx-sm12-c27wgd\/#breadcrumb"},"inLanguage":"en-US","potentialAction":[{"@type":"ReadAction","target":["https:\/\/luminairesgregoire.com\/en\/product\/plafonnier-del-blanc-et-or-sottile-cnx-sm12-c27wgd\/"]}]},{"@type":"ImageObject","inLanguage":"en-US","@id":"https:\/\/luminairesgregoire.com\/en\/product\/plafonnier-del-blanc-et-or-sottile-cnx-sm12-c27wgd\/#primaryimage","url":"https:\/\/luminairesgregoire.com\/wp-content\/uploads\/2026\/04\/Votre-texte-de-paragraphe-2026-04-09T135410.944.webp","contentUrl":"https:\/\/luminairesgregoire.com\/wp-content\/uploads\/2026\/04\/Votre-texte-de-paragraphe-2026-04-09T135410.944.webp","width":850,"height":850,"caption":"PLAFONNIER DEL BLANC ET OR- SOTTILE CNX-SM12-C27WGD"},{"@type":"BreadcrumbList","@id":"https:\/\/luminairesgregoire.com\/en\/product\/plafonnier-del-blanc-et-or-sottile-cnx-sm12-c27wgd\/#breadcrumb","itemListElement":[{"@type":"ListItem","position":1,"name":"Home","item":"https:\/\/luminairesgregoire.com\/en\/"},{"@type":"ListItem","position":2,"name":"Store","item":"https:\/\/luminairesgregoire.com\/en\/products\/"},{"@type":"ListItem","position":3,"name":"PLAFONNIER DEL BLANC ET OR- SOTTILE CNX-SM12-C27WGD"}]},{"@type":"WebSite","@id":"https:\/\/luminairesgregoire.com\/en\/#website","url":"https:\/\/luminairesgregoire.com\/en\/","name":"Luminaires Paul Gr\u00e9goire","description":"","publisher":{"@id":"https:\/\/luminairesgregoire.com\/en\/#organization"},"potentialAction":[{"@type":"SearchAction","target":{"@type":"EntryPoint","urlTemplate":"https:\/\/luminairesgregoire.com\/en\/?s={search_term_string}"},"query-input":{"@type":"PropertyValueSpecification","valueRequired":true,"valueName":"search_term_string"}}],"inLanguage":"en-US"},{"@type":"Organization","@id":"https:\/\/luminairesgregoire.com\/en\/#organization","name":"Luminaires Paul Gr\u00e9goire","url":"https:\/\/luminairesgregoire.com\/en\/","logo":{"@type":"ImageObject","inLanguage":"en-US","@id":"https:\/\/luminairesgregoire.com\/en\/#\/schema\/logo\/image\/","url":"https:\/\/luminairesgregoire.com\/wp-content\/uploads\/2021\/05\/logo_CMYK-1-1.png","contentUrl":"https:\/\/luminairesgregoire.com\/wp-content\/uploads\/2021\/05\/logo_CMYK-1-1.png","width":350,"height":164,"caption":"Luminaires Paul Gr\u00e9goire"},"image":{"@id":"https:\/\/luminairesgregoire.com\/en\/#\/schema\/logo\/image\/"}}]}},"_links":{"self":[{"href":"https:\/\/luminairesgregoire.com\/en\/wp-json\/wp\/v2\/product\/27959","targetHints":{"allow":["GET"]}}],"collection":[{"href":"https:\/\/luminairesgregoire.com\/en\/wp-json\/wp\/v2\/product"}],"about":[{"href":"https:\/\/luminairesgregoire.com\/en\/wp-json\/wp\/v2\/types\/product"}],"wp:featuredmedia":[{"embeddable":true,"href":"https:\/\/luminairesgregoire.com\/en\/wp-json\/wp\/v2\/media\/37826"}],"wp:attachment":[{"href":"https:\/\/luminairesgregoire.com\/en\/wp-json\/wp\/v2\/media?parent=27959"}],"wp:term":[{"taxonomy":"product_brand","embeddable":true,"href":"https:\/\/luminairesgregoire.com\/en\/wp-json\/wp\/v2\/product_brand?post=27959"},{"taxonomy":"product_cat","embeddable":true,"href":"https:\/\/luminairesgregoire.com\/en\/wp-json\/wp\/v2\/product_cat?post=27959"},{"taxonomy":"product_tag","embeddable":true,"href":"https:\/\/luminairesgregoire.com\/en\/wp-json\/wp\/v2\/product_tag?post=27959"}],"curies":[{"name":"wp","href":"https:\/\/api.w.org\/{rel}","templated":true}]}}