{"id":28224,"date":"2025-10-09T01:51:01","date_gmt":"2025-10-09T05:51:01","guid":{"rendered":"https:\/\/luminairesgregoire.com\/?post_type=product&#038;p=28224"},"modified":"2026-05-03T04:15:18","modified_gmt":"2026-05-03T08:15:18","slug":"murale-simple-blanche-mesa-iwf2188b01wh9","status":"publish","type":"product","link":"https:\/\/luminairesgregoire.com\/en\/product\/murale-simple-blanche-mesa-iwf2188b01wh9\/","title":{"rendered":"MURALE SIMPLE BLANCHE- MESA IWF2188B01WH9"},"content":{"rendered":"<p data-start=\"61\" data-end=\"317\">Adoptez la beaut\u00e9 et la simplicit\u00e9 de <strong data-start=\"99\" data-end=\"107\">Mesa<\/strong>, une parfaite alliance entre design minimaliste et inspiration moderne du milieu du si\u00e8cle. Son cadre blanc \u00e9pur\u00e9 entoure un globe en verre opale plat, cr\u00e9ant un \u00e9quilibre harmonieux entre forme et fonction.<\/p>\n<p data-start=\"319\" data-end=\"548\" data-is-last-node=\"\" data-is-only-node=\"\">Son \u00e9l\u00e9gance discr\u00e8te diffuse une lumi\u00e8re douce et ambiante, faisant de Mesa un choix id\u00e9al pour les espaces modernes ou transitionnels. Mesa transforme vos murs en une v\u00e9ritable toile de style intemporel et de sobri\u00e9t\u00e9 raffin\u00e9e.<\/p>\n","protected":false},"excerpt":{"rendered":"<p>Adoptez la beaut\u00e9 et la simplicit\u00e9 de Mesa, une parfaite alliance entre design minimaliste et inspiration moderne du milieu du si\u00e8cle. Son cadre blanc \u00e9pur\u00e9 entoure un globe en verre opale plat, cr\u00e9ant un \u00e9quilibre harmonieux entre forme et fonction. Son \u00e9l\u00e9gance discr\u00e8te diffuse une lumi\u00e8re douce et ambiante, faisant de Mesa un choix id\u00e9al [&hellip;]<\/p>\n","protected":false},"featured_media":34965,"template":"","meta":{"_acf_changed":false},"product_brand":[6009],"product_cat":[5843,5844],"product_tag":[],"class_list":{"0":"post-28224","1":"product","2":"type-product","3":"status-publish","4":"has-post-thumbnail","6":"product_brand-canarm","7":"product_cat-murale","8":"product_cat-murales-murales","9":"pa_diametre-7-75","10":"pa_extension-5-5","11":"pa_hauteur-7-75","13":"first","14":"instock","15":"taxable","16":"shipping-taxable","17":"purchasable","18":"product-type-simple"},"acf":[],"yoast_head":"<!-- This site is optimized with the Yoast SEO plugin v27.4 - https:\/\/yoast.com\/product\/yoast-seo-wordpress\/ -->\n<title>MURALE SIMPLE BLANCHE- MESA IWF2188B01WH9 - Luminaires Paul Gr\u00e9goire<\/title>\n<meta name=\"description\" content=\"MURALE SIMPLE BLANCHE- MESA IWF2188B01WH9 - Discover our collection of designer lighting \u2014 pendants, lamps, and ceiling lights \u2014 to brighten every space with style and elegance.\" \/>\n<meta name=\"robots\" content=\"index, follow, max-snippet:-1, max-image-preview:large, max-video-preview:-1\" \/>\n<link rel=\"canonical\" href=\"https:\/\/luminairesgregoire.com\/en\/product\/murale-simple-blanche-mesa-iwf2188b01wh9\/\" \/>\n<meta property=\"og:locale\" content=\"en_US\" \/>\n<meta property=\"og:type\" content=\"article\" \/>\n<meta property=\"og:title\" content=\"MURALE SIMPLE BLANCHE- MESA IWF2188B01WH9 - Luminaires Paul Gr\u00e9goire\" \/>\n<meta property=\"og:description\" content=\"MURALE SIMPLE BLANCHE- MESA IWF2188B01WH9 - Discover our collection of designer lighting \u2014 pendants, lamps, and ceiling lights \u2014 to brighten every space with style and elegance.\" \/>\n<meta property=\"og:url\" content=\"https:\/\/luminairesgregoire.com\/en\/product\/murale-simple-blanche-mesa-iwf2188b01wh9\/\" \/>\n<meta property=\"og:site_name\" content=\"Luminaires Paul Gr\u00e9goire\" \/>\n<meta property=\"article:modified_time\" content=\"2026-05-03T08:15:18+00:00\" \/>\n<meta property=\"og:image\" content=\"https:\/\/luminairesgregoire.com\/wp-content\/uploads\/2026\/02\/Votre-texte-de-paragraphe-2026-02-17T133433.125.webp\" \/>\n\t<meta property=\"og:image:width\" content=\"850\" \/>\n\t<meta property=\"og:image:height\" content=\"850\" \/>\n\t<meta property=\"og:image:type\" content=\"image\/jpeg\" \/>\n<meta name=\"twitter:card\" content=\"summary_large_image\" \/>\n<meta name=\"twitter:label1\" content=\"Est. reading time\" \/>\n\t<meta name=\"twitter:data1\" content=\"1 minute\" \/>\n<script type=\"application\/ld+json\" class=\"yoast-schema-graph\">{\"@context\":\"https:\\\/\\\/schema.org\",\"@graph\":[{\"@type\":\"WebPage\",\"@id\":\"https:\\\/\\\/luminairesgregoire.com\\\/en\\\/product\\\/murale-simple-blanche-mesa-iwf2188b01wh9\\\/\",\"url\":\"https:\\\/\\\/luminairesgregoire.com\\\/en\\\/product\\\/murale-simple-blanche-mesa-iwf2188b01wh9\\\/\",\"name\":\"MURALE SIMPLE BLANCHE- MESA IWF2188B01WH9 - Luminaires Paul Gr\u00e9goire\",\"isPartOf\":{\"@id\":\"https:\\\/\\\/luminairesgregoire.com\\\/en\\\/#website\"},\"primaryImageOfPage\":{\"@id\":\"https:\\\/\\\/luminairesgregoire.com\\\/en\\\/product\\\/murale-simple-blanche-mesa-iwf2188b01wh9\\\/#primaryimage\"},\"image\":{\"@id\":\"https:\\\/\\\/luminairesgregoire.com\\\/en\\\/product\\\/murale-simple-blanche-mesa-iwf2188b01wh9\\\/#primaryimage\"},\"thumbnailUrl\":\"https:\\\/\\\/luminairesgregoire.com\\\/wp-content\\\/uploads\\\/2026\\\/02\\\/Votre-texte-de-paragraphe-2026-02-17T133433.125.webp\",\"datePublished\":\"2025-10-09T05:51:01+00:00\",\"dateModified\":\"2026-05-03T08:15:18+00:00\",\"description\":\"MURALE SIMPLE BLANCHE- MESA IWF2188B01WH9 - Discover our collection of designer lighting \u2014 pendants, lamps, and ceiling lights \u2014 to brighten every space with style and elegance.\",\"breadcrumb\":{\"@id\":\"https:\\\/\\\/luminairesgregoire.com\\\/en\\\/product\\\/murale-simple-blanche-mesa-iwf2188b01wh9\\\/#breadcrumb\"},\"inLanguage\":\"en-US\",\"potentialAction\":[{\"@type\":\"ReadAction\",\"target\":[\"https:\\\/\\\/luminairesgregoire.com\\\/en\\\/product\\\/murale-simple-blanche-mesa-iwf2188b01wh9\\\/\"]}]},{\"@type\":\"ImageObject\",\"inLanguage\":\"en-US\",\"@id\":\"https:\\\/\\\/luminairesgregoire.com\\\/en\\\/product\\\/murale-simple-blanche-mesa-iwf2188b01wh9\\\/#primaryimage\",\"url\":\"https:\\\/\\\/luminairesgregoire.com\\\/wp-content\\\/uploads\\\/2026\\\/02\\\/Votre-texte-de-paragraphe-2026-02-17T133433.125.webp\",\"contentUrl\":\"https:\\\/\\\/luminairesgregoire.com\\\/wp-content\\\/uploads\\\/2026\\\/02\\\/Votre-texte-de-paragraphe-2026-02-17T133433.125.webp\",\"width\":850,\"height\":850,\"caption\":\"MURALE SIMPLE BLANCHE- MESA IWF2188B01WH9\"},{\"@type\":\"BreadcrumbList\",\"@id\":\"https:\\\/\\\/luminairesgregoire.com\\\/en\\\/product\\\/murale-simple-blanche-mesa-iwf2188b01wh9\\\/#breadcrumb\",\"itemListElement\":[{\"@type\":\"ListItem\",\"position\":1,\"name\":\"Home\",\"item\":\"https:\\\/\\\/luminairesgregoire.com\\\/en\\\/\"},{\"@type\":\"ListItem\",\"position\":2,\"name\":\"Store\",\"item\":\"https:\\\/\\\/luminairesgregoire.com\\\/en\\\/products\\\/\"},{\"@type\":\"ListItem\",\"position\":3,\"name\":\"MURALE SIMPLE BLANCHE- MESA IWF2188B01WH9\"}]},{\"@type\":\"WebSite\",\"@id\":\"https:\\\/\\\/luminairesgregoire.com\\\/en\\\/#website\",\"url\":\"https:\\\/\\\/luminairesgregoire.com\\\/en\\\/\",\"name\":\"Luminaires Paul Gr\u00e9goire\",\"description\":\"\",\"publisher\":{\"@id\":\"https:\\\/\\\/luminairesgregoire.com\\\/en\\\/#organization\"},\"potentialAction\":[{\"@type\":\"SearchAction\",\"target\":{\"@type\":\"EntryPoint\",\"urlTemplate\":\"https:\\\/\\\/luminairesgregoire.com\\\/en\\\/?s={search_term_string}\"},\"query-input\":{\"@type\":\"PropertyValueSpecification\",\"valueRequired\":true,\"valueName\":\"search_term_string\"}}],\"inLanguage\":\"en-US\"},{\"@type\":\"Organization\",\"@id\":\"https:\\\/\\\/luminairesgregoire.com\\\/en\\\/#organization\",\"name\":\"Luminaires Paul Gr\u00e9goire\",\"url\":\"https:\\\/\\\/luminairesgregoire.com\\\/en\\\/\",\"logo\":{\"@type\":\"ImageObject\",\"inLanguage\":\"en-US\",\"@id\":\"https:\\\/\\\/luminairesgregoire.com\\\/en\\\/#\\\/schema\\\/logo\\\/image\\\/\",\"url\":\"https:\\\/\\\/luminairesgregoire.com\\\/wp-content\\\/uploads\\\/2021\\\/05\\\/logo_CMYK-1-1.png\",\"contentUrl\":\"https:\\\/\\\/luminairesgregoire.com\\\/wp-content\\\/uploads\\\/2021\\\/05\\\/logo_CMYK-1-1.png\",\"width\":350,\"height\":164,\"caption\":\"Luminaires Paul Gr\u00e9goire\"},\"image\":{\"@id\":\"https:\\\/\\\/luminairesgregoire.com\\\/en\\\/#\\\/schema\\\/logo\\\/image\\\/\"}}]}<\/script>\n<!-- \/ Yoast SEO plugin. -->","yoast_head_json":{"title":"MURALE SIMPLE BLANCHE- MESA IWF2188B01WH9 - Luminaires Paul Gr\u00e9goire","description":"MURALE SIMPLE BLANCHE- MESA IWF2188B01WH9 - Discover our collection of designer lighting \u2014 pendants, lamps, and ceiling lights \u2014 to brighten every space with style and elegance.","robots":{"index":"index","follow":"follow","max-snippet":"max-snippet:-1","max-image-preview":"max-image-preview:large","max-video-preview":"max-video-preview:-1"},"canonical":"https:\/\/luminairesgregoire.com\/en\/product\/murale-simple-blanche-mesa-iwf2188b01wh9\/","og_locale":"en_US","og_type":"article","og_title":"MURALE SIMPLE BLANCHE- MESA IWF2188B01WH9 - Luminaires Paul Gr\u00e9goire","og_description":"MURALE SIMPLE BLANCHE- MESA IWF2188B01WH9 - Discover our collection of designer lighting \u2014 pendants, lamps, and ceiling lights \u2014 to brighten every space with style and elegance.","og_url":"https:\/\/luminairesgregoire.com\/en\/product\/murale-simple-blanche-mesa-iwf2188b01wh9\/","og_site_name":"Luminaires Paul Gr\u00e9goire","article_modified_time":"2026-05-03T08:15:18+00:00","og_image":[{"width":850,"height":850,"url":"https:\/\/luminairesgregoire.com\/wp-content\/uploads\/2026\/02\/Votre-texte-de-paragraphe-2026-02-17T133433.125.webp","type":"image\/jpeg"}],"twitter_card":"summary_large_image","twitter_misc":{"Est. reading time":"1 minute"},"schema":{"@context":"https:\/\/schema.org","@graph":[{"@type":"WebPage","@id":"https:\/\/luminairesgregoire.com\/en\/product\/murale-simple-blanche-mesa-iwf2188b01wh9\/","url":"https:\/\/luminairesgregoire.com\/en\/product\/murale-simple-blanche-mesa-iwf2188b01wh9\/","name":"MURALE SIMPLE BLANCHE- MESA IWF2188B01WH9 - Luminaires Paul Gr\u00e9goire","isPartOf":{"@id":"https:\/\/luminairesgregoire.com\/en\/#website"},"primaryImageOfPage":{"@id":"https:\/\/luminairesgregoire.com\/en\/product\/murale-simple-blanche-mesa-iwf2188b01wh9\/#primaryimage"},"image":{"@id":"https:\/\/luminairesgregoire.com\/en\/product\/murale-simple-blanche-mesa-iwf2188b01wh9\/#primaryimage"},"thumbnailUrl":"https:\/\/luminairesgregoire.com\/wp-content\/uploads\/2026\/02\/Votre-texte-de-paragraphe-2026-02-17T133433.125.webp","datePublished":"2025-10-09T05:51:01+00:00","dateModified":"2026-05-03T08:15:18+00:00","description":"MURALE SIMPLE BLANCHE- MESA IWF2188B01WH9 - Discover our collection of designer lighting \u2014 pendants, lamps, and ceiling lights \u2014 to brighten every space with style and elegance.","breadcrumb":{"@id":"https:\/\/luminairesgregoire.com\/en\/product\/murale-simple-blanche-mesa-iwf2188b01wh9\/#breadcrumb"},"inLanguage":"en-US","potentialAction":[{"@type":"ReadAction","target":["https:\/\/luminairesgregoire.com\/en\/product\/murale-simple-blanche-mesa-iwf2188b01wh9\/"]}]},{"@type":"ImageObject","inLanguage":"en-US","@id":"https:\/\/luminairesgregoire.com\/en\/product\/murale-simple-blanche-mesa-iwf2188b01wh9\/#primaryimage","url":"https:\/\/luminairesgregoire.com\/wp-content\/uploads\/2026\/02\/Votre-texte-de-paragraphe-2026-02-17T133433.125.webp","contentUrl":"https:\/\/luminairesgregoire.com\/wp-content\/uploads\/2026\/02\/Votre-texte-de-paragraphe-2026-02-17T133433.125.webp","width":850,"height":850,"caption":"MURALE SIMPLE BLANCHE- MESA IWF2188B01WH9"},{"@type":"BreadcrumbList","@id":"https:\/\/luminairesgregoire.com\/en\/product\/murale-simple-blanche-mesa-iwf2188b01wh9\/#breadcrumb","itemListElement":[{"@type":"ListItem","position":1,"name":"Home","item":"https:\/\/luminairesgregoire.com\/en\/"},{"@type":"ListItem","position":2,"name":"Store","item":"https:\/\/luminairesgregoire.com\/en\/products\/"},{"@type":"ListItem","position":3,"name":"MURALE SIMPLE BLANCHE- MESA IWF2188B01WH9"}]},{"@type":"WebSite","@id":"https:\/\/luminairesgregoire.com\/en\/#website","url":"https:\/\/luminairesgregoire.com\/en\/","name":"Luminaires Paul Gr\u00e9goire","description":"","publisher":{"@id":"https:\/\/luminairesgregoire.com\/en\/#organization"},"potentialAction":[{"@type":"SearchAction","target":{"@type":"EntryPoint","urlTemplate":"https:\/\/luminairesgregoire.com\/en\/?s={search_term_string}"},"query-input":{"@type":"PropertyValueSpecification","valueRequired":true,"valueName":"search_term_string"}}],"inLanguage":"en-US"},{"@type":"Organization","@id":"https:\/\/luminairesgregoire.com\/en\/#organization","name":"Luminaires Paul Gr\u00e9goire","url":"https:\/\/luminairesgregoire.com\/en\/","logo":{"@type":"ImageObject","inLanguage":"en-US","@id":"https:\/\/luminairesgregoire.com\/en\/#\/schema\/logo\/image\/","url":"https:\/\/luminairesgregoire.com\/wp-content\/uploads\/2021\/05\/logo_CMYK-1-1.png","contentUrl":"https:\/\/luminairesgregoire.com\/wp-content\/uploads\/2021\/05\/logo_CMYK-1-1.png","width":350,"height":164,"caption":"Luminaires Paul Gr\u00e9goire"},"image":{"@id":"https:\/\/luminairesgregoire.com\/en\/#\/schema\/logo\/image\/"}}]}},"_links":{"self":[{"href":"https:\/\/luminairesgregoire.com\/en\/wp-json\/wp\/v2\/product\/28224","targetHints":{"allow":["GET"]}}],"collection":[{"href":"https:\/\/luminairesgregoire.com\/en\/wp-json\/wp\/v2\/product"}],"about":[{"href":"https:\/\/luminairesgregoire.com\/en\/wp-json\/wp\/v2\/types\/product"}],"wp:featuredmedia":[{"embeddable":true,"href":"https:\/\/luminairesgregoire.com\/en\/wp-json\/wp\/v2\/media\/34965"}],"wp:attachment":[{"href":"https:\/\/luminairesgregoire.com\/en\/wp-json\/wp\/v2\/media?parent=28224"}],"wp:term":[{"taxonomy":"product_brand","embeddable":true,"href":"https:\/\/luminairesgregoire.com\/en\/wp-json\/wp\/v2\/product_brand?post=28224"},{"taxonomy":"product_cat","embeddable":true,"href":"https:\/\/luminairesgregoire.com\/en\/wp-json\/wp\/v2\/product_cat?post=28224"},{"taxonomy":"product_tag","embeddable":true,"href":"https:\/\/luminairesgregoire.com\/en\/wp-json\/wp\/v2\/product_tag?post=28224"}],"curies":[{"name":"wp","href":"https:\/\/api.w.org\/{rel}","templated":true}]}}