{"id":28339,"date":"2025-10-11T01:42:35","date_gmt":"2025-10-11T05:42:35","guid":{"rendered":"https:\/\/luminairesgregoire.com\/?post_type=product&#038;p=28339"},"modified":"2026-04-25T03:38:38","modified_gmt":"2026-04-25T07:38:38","slug":"lampe-de-table-abat-jour-rotin-bellamy-itl1149a22bk-nr","status":"publish","type":"product","link":"https:\/\/luminairesgregoire.com\/en\/product\/lampe-de-table-abat-jour-rotin-bellamy-itl1149a22bk-nr\/","title":{"rendered":"LAMPE DE TABLE ABAT-JOUR ROTIN- BELLAMY  ITL1149A22BK-NR"},"content":{"rendered":"<p>Des mat\u00e9riaux naturels peuvent se d\u00e9cliner \u00e0 l&#8217;infini dans une maison organique moderne proche de la nature, tout particuli\u00e8rement avec un superbe \u00e9clairage comme le BELLAMY qui peut \u00e9galement se transformer en abat-jour classique pour cr\u00e9er une lumi\u00e8re tout en multiples nuances. D\u00e9couvrez \u00e0 quel point l&#8217;ambiance devient sereine et l\u00e9g\u00e8re lorsque vous vous rapprochez de la couleur naturelle du BELLAMY et de ses lignes sculpt\u00e9es.<\/p>\n","protected":false},"excerpt":{"rendered":"<p>Des mat\u00e9riaux naturels peuvent se d\u00e9cliner \u00e0 l&#8217;infini dans une maison organique moderne proche de la nature, tout particuli\u00e8rement avec un superbe \u00e9clairage comme le BELLAMY qui peut \u00e9galement se transformer en abat-jour classique pour cr\u00e9er une lumi\u00e8re tout en multiples nuances. D\u00e9couvrez \u00e0 quel point l&#8217;ambiance devient sereine et l\u00e9g\u00e8re lorsque vous vous rapprochez [&hellip;]<\/p>\n","protected":false},"featured_media":29356,"template":"","meta":{"_acf_changed":false},"product_brand":[6009],"product_cat":[5834],"product_tag":[63],"class_list":{"0":"post-28339","1":"product","2":"type-product","3":"status-publish","4":"has-post-thumbnail","6":"product_brand-canarm","7":"product_cat-lampes-de-tables","8":"product_tag-coup-de-coeur","9":"pa_couleur-abat-jour-rotin-naturel","10":"pa_finis-noir","11":"pa_hauteur-891","12":"pa_largeur-13-3-4","14":"first","15":"instock","16":"taxable","17":"shipping-taxable","18":"purchasable","19":"product-type-simple"},"acf":[],"yoast_head":"<!-- This site is optimized with the Yoast SEO plugin v27.4 - https:\/\/yoast.com\/product\/yoast-seo-wordpress\/ -->\n<title>LAMPE DE TABLE ABAT-JOUR ROTIN- BELLAMY ITL1149A22BK-NR - Luminaires Paul Gr\u00e9goire<\/title>\n<meta name=\"description\" content=\"LAMPE DE TABLE ABAT-JOUR ROTIN- BELLAMY ITL1149A22BK-NR - Discover our collection of designer lighting \u2014 pendants, lamps, and ceiling lights \u2014 to brighten every space with style and elegance.\" \/>\n<meta name=\"robots\" content=\"index, follow, max-snippet:-1, max-image-preview:large, max-video-preview:-1\" \/>\n<link rel=\"canonical\" href=\"https:\/\/luminairesgregoire.com\/en\/product\/lampe-de-table-abat-jour-rotin-bellamy-itl1149a22bk-nr\/\" \/>\n<meta property=\"og:locale\" content=\"en_US\" \/>\n<meta property=\"og:type\" content=\"article\" \/>\n<meta property=\"og:title\" content=\"LAMPE DE TABLE ABAT-JOUR ROTIN- BELLAMY ITL1149A22BK-NR - Luminaires Paul Gr\u00e9goire\" \/>\n<meta property=\"og:description\" content=\"LAMPE DE TABLE ABAT-JOUR ROTIN- BELLAMY ITL1149A22BK-NR - Discover our collection of designer lighting \u2014 pendants, lamps, and ceiling lights \u2014 to brighten every space with style and elegance.\" \/>\n<meta property=\"og:url\" content=\"https:\/\/luminairesgregoire.com\/en\/product\/lampe-de-table-abat-jour-rotin-bellamy-itl1149a22bk-nr\/\" \/>\n<meta property=\"og:site_name\" content=\"Luminaires Paul Gr\u00e9goire\" \/>\n<meta property=\"article:modified_time\" content=\"2026-04-25T07:38:38+00:00\" \/>\n<meta property=\"og:image\" content=\"https:\/\/luminairesgregoire.com\/wp-content\/uploads\/2025\/11\/Creation-sans-titre-30.webp\" \/>\n\t<meta property=\"og:image:width\" content=\"850\" \/>\n\t<meta property=\"og:image:height\" content=\"850\" \/>\n\t<meta property=\"og:image:type\" content=\"image\/jpeg\" \/>\n<meta name=\"twitter:card\" content=\"summary_large_image\" \/>\n<meta name=\"twitter:label1\" content=\"Est. reading time\" \/>\n\t<meta name=\"twitter:data1\" content=\"1 minute\" \/>\n<script type=\"application\/ld+json\" class=\"yoast-schema-graph\">{\"@context\":\"https:\\\/\\\/schema.org\",\"@graph\":[{\"@type\":\"WebPage\",\"@id\":\"https:\\\/\\\/luminairesgregoire.com\\\/en\\\/product\\\/lampe-de-table-abat-jour-rotin-bellamy-itl1149a22bk-nr\\\/\",\"url\":\"https:\\\/\\\/luminairesgregoire.com\\\/en\\\/product\\\/lampe-de-table-abat-jour-rotin-bellamy-itl1149a22bk-nr\\\/\",\"name\":\"LAMPE DE TABLE ABAT-JOUR ROTIN- BELLAMY ITL1149A22BK-NR - Luminaires Paul Gr\u00e9goire\",\"isPartOf\":{\"@id\":\"https:\\\/\\\/luminairesgregoire.com\\\/en\\\/#website\"},\"primaryImageOfPage\":{\"@id\":\"https:\\\/\\\/luminairesgregoire.com\\\/en\\\/product\\\/lampe-de-table-abat-jour-rotin-bellamy-itl1149a22bk-nr\\\/#primaryimage\"},\"image\":{\"@id\":\"https:\\\/\\\/luminairesgregoire.com\\\/en\\\/product\\\/lampe-de-table-abat-jour-rotin-bellamy-itl1149a22bk-nr\\\/#primaryimage\"},\"thumbnailUrl\":\"https:\\\/\\\/luminairesgregoire.com\\\/wp-content\\\/uploads\\\/2025\\\/11\\\/Creation-sans-titre-30.webp\",\"datePublished\":\"2025-10-11T05:42:35+00:00\",\"dateModified\":\"2026-04-25T07:38:38+00:00\",\"description\":\"LAMPE DE TABLE ABAT-JOUR ROTIN- BELLAMY ITL1149A22BK-NR - Discover our collection of designer lighting \u2014 pendants, lamps, and ceiling lights \u2014 to brighten every space with style and elegance.\",\"breadcrumb\":{\"@id\":\"https:\\\/\\\/luminairesgregoire.com\\\/en\\\/product\\\/lampe-de-table-abat-jour-rotin-bellamy-itl1149a22bk-nr\\\/#breadcrumb\"},\"inLanguage\":\"en-US\",\"potentialAction\":[{\"@type\":\"ReadAction\",\"target\":[\"https:\\\/\\\/luminairesgregoire.com\\\/en\\\/product\\\/lampe-de-table-abat-jour-rotin-bellamy-itl1149a22bk-nr\\\/\"]}]},{\"@type\":\"ImageObject\",\"inLanguage\":\"en-US\",\"@id\":\"https:\\\/\\\/luminairesgregoire.com\\\/en\\\/product\\\/lampe-de-table-abat-jour-rotin-bellamy-itl1149a22bk-nr\\\/#primaryimage\",\"url\":\"https:\\\/\\\/luminairesgregoire.com\\\/wp-content\\\/uploads\\\/2025\\\/11\\\/Creation-sans-titre-30.webp\",\"contentUrl\":\"https:\\\/\\\/luminairesgregoire.com\\\/wp-content\\\/uploads\\\/2025\\\/11\\\/Creation-sans-titre-30.webp\",\"width\":850,\"height\":850,\"caption\":\"LAMPE DE TABLE ABAT-JOUR ROTIN- BELLAMY ITL1149A22BK-NR\"},{\"@type\":\"BreadcrumbList\",\"@id\":\"https:\\\/\\\/luminairesgregoire.com\\\/en\\\/product\\\/lampe-de-table-abat-jour-rotin-bellamy-itl1149a22bk-nr\\\/#breadcrumb\",\"itemListElement\":[{\"@type\":\"ListItem\",\"position\":1,\"name\":\"Home\",\"item\":\"https:\\\/\\\/luminairesgregoire.com\\\/en\\\/\"},{\"@type\":\"ListItem\",\"position\":2,\"name\":\"Store\",\"item\":\"https:\\\/\\\/luminairesgregoire.com\\\/en\\\/products\\\/\"},{\"@type\":\"ListItem\",\"position\":3,\"name\":\"LAMPE DE TABLE ABAT-JOUR ROTIN- BELLAMY ITL1149A22BK-NR\"}]},{\"@type\":\"WebSite\",\"@id\":\"https:\\\/\\\/luminairesgregoire.com\\\/en\\\/#website\",\"url\":\"https:\\\/\\\/luminairesgregoire.com\\\/en\\\/\",\"name\":\"Luminaires Paul Gr\u00e9goire\",\"description\":\"\",\"publisher\":{\"@id\":\"https:\\\/\\\/luminairesgregoire.com\\\/en\\\/#organization\"},\"potentialAction\":[{\"@type\":\"SearchAction\",\"target\":{\"@type\":\"EntryPoint\",\"urlTemplate\":\"https:\\\/\\\/luminairesgregoire.com\\\/en\\\/?s={search_term_string}\"},\"query-input\":{\"@type\":\"PropertyValueSpecification\",\"valueRequired\":true,\"valueName\":\"search_term_string\"}}],\"inLanguage\":\"en-US\"},{\"@type\":\"Organization\",\"@id\":\"https:\\\/\\\/luminairesgregoire.com\\\/en\\\/#organization\",\"name\":\"Luminaires Paul Gr\u00e9goire\",\"url\":\"https:\\\/\\\/luminairesgregoire.com\\\/en\\\/\",\"logo\":{\"@type\":\"ImageObject\",\"inLanguage\":\"en-US\",\"@id\":\"https:\\\/\\\/luminairesgregoire.com\\\/en\\\/#\\\/schema\\\/logo\\\/image\\\/\",\"url\":\"https:\\\/\\\/luminairesgregoire.com\\\/wp-content\\\/uploads\\\/2021\\\/05\\\/logo_CMYK-1-1.png\",\"contentUrl\":\"https:\\\/\\\/luminairesgregoire.com\\\/wp-content\\\/uploads\\\/2021\\\/05\\\/logo_CMYK-1-1.png\",\"width\":350,\"height\":164,\"caption\":\"Luminaires Paul Gr\u00e9goire\"},\"image\":{\"@id\":\"https:\\\/\\\/luminairesgregoire.com\\\/en\\\/#\\\/schema\\\/logo\\\/image\\\/\"}}]}<\/script>\n<!-- \/ Yoast SEO plugin. -->","yoast_head_json":{"title":"LAMPE DE TABLE ABAT-JOUR ROTIN- BELLAMY ITL1149A22BK-NR - Luminaires Paul Gr\u00e9goire","description":"LAMPE DE TABLE ABAT-JOUR ROTIN- BELLAMY ITL1149A22BK-NR - Discover our collection of designer lighting \u2014 pendants, lamps, and ceiling lights \u2014 to brighten every space with style and elegance.","robots":{"index":"index","follow":"follow","max-snippet":"max-snippet:-1","max-image-preview":"max-image-preview:large","max-video-preview":"max-video-preview:-1"},"canonical":"https:\/\/luminairesgregoire.com\/en\/product\/lampe-de-table-abat-jour-rotin-bellamy-itl1149a22bk-nr\/","og_locale":"en_US","og_type":"article","og_title":"LAMPE DE TABLE ABAT-JOUR ROTIN- BELLAMY ITL1149A22BK-NR - Luminaires Paul Gr\u00e9goire","og_description":"LAMPE DE TABLE ABAT-JOUR ROTIN- BELLAMY ITL1149A22BK-NR - Discover our collection of designer lighting \u2014 pendants, lamps, and ceiling lights \u2014 to brighten every space with style and elegance.","og_url":"https:\/\/luminairesgregoire.com\/en\/product\/lampe-de-table-abat-jour-rotin-bellamy-itl1149a22bk-nr\/","og_site_name":"Luminaires Paul Gr\u00e9goire","article_modified_time":"2026-04-25T07:38:38+00:00","og_image":[{"width":850,"height":850,"url":"https:\/\/luminairesgregoire.com\/wp-content\/uploads\/2025\/11\/Creation-sans-titre-30.webp","type":"image\/jpeg"}],"twitter_card":"summary_large_image","twitter_misc":{"Est. reading time":"1 minute"},"schema":{"@context":"https:\/\/schema.org","@graph":[{"@type":"WebPage","@id":"https:\/\/luminairesgregoire.com\/en\/product\/lampe-de-table-abat-jour-rotin-bellamy-itl1149a22bk-nr\/","url":"https:\/\/luminairesgregoire.com\/en\/product\/lampe-de-table-abat-jour-rotin-bellamy-itl1149a22bk-nr\/","name":"LAMPE DE TABLE ABAT-JOUR ROTIN- BELLAMY ITL1149A22BK-NR - Luminaires Paul Gr\u00e9goire","isPartOf":{"@id":"https:\/\/luminairesgregoire.com\/en\/#website"},"primaryImageOfPage":{"@id":"https:\/\/luminairesgregoire.com\/en\/product\/lampe-de-table-abat-jour-rotin-bellamy-itl1149a22bk-nr\/#primaryimage"},"image":{"@id":"https:\/\/luminairesgregoire.com\/en\/product\/lampe-de-table-abat-jour-rotin-bellamy-itl1149a22bk-nr\/#primaryimage"},"thumbnailUrl":"https:\/\/luminairesgregoire.com\/wp-content\/uploads\/2025\/11\/Creation-sans-titre-30.webp","datePublished":"2025-10-11T05:42:35+00:00","dateModified":"2026-04-25T07:38:38+00:00","description":"LAMPE DE TABLE ABAT-JOUR ROTIN- BELLAMY ITL1149A22BK-NR - Discover our collection of designer lighting \u2014 pendants, lamps, and ceiling lights \u2014 to brighten every space with style and elegance.","breadcrumb":{"@id":"https:\/\/luminairesgregoire.com\/en\/product\/lampe-de-table-abat-jour-rotin-bellamy-itl1149a22bk-nr\/#breadcrumb"},"inLanguage":"en-US","potentialAction":[{"@type":"ReadAction","target":["https:\/\/luminairesgregoire.com\/en\/product\/lampe-de-table-abat-jour-rotin-bellamy-itl1149a22bk-nr\/"]}]},{"@type":"ImageObject","inLanguage":"en-US","@id":"https:\/\/luminairesgregoire.com\/en\/product\/lampe-de-table-abat-jour-rotin-bellamy-itl1149a22bk-nr\/#primaryimage","url":"https:\/\/luminairesgregoire.com\/wp-content\/uploads\/2025\/11\/Creation-sans-titre-30.webp","contentUrl":"https:\/\/luminairesgregoire.com\/wp-content\/uploads\/2025\/11\/Creation-sans-titre-30.webp","width":850,"height":850,"caption":"LAMPE DE TABLE ABAT-JOUR ROTIN- BELLAMY ITL1149A22BK-NR"},{"@type":"BreadcrumbList","@id":"https:\/\/luminairesgregoire.com\/en\/product\/lampe-de-table-abat-jour-rotin-bellamy-itl1149a22bk-nr\/#breadcrumb","itemListElement":[{"@type":"ListItem","position":1,"name":"Home","item":"https:\/\/luminairesgregoire.com\/en\/"},{"@type":"ListItem","position":2,"name":"Store","item":"https:\/\/luminairesgregoire.com\/en\/products\/"},{"@type":"ListItem","position":3,"name":"LAMPE DE TABLE ABAT-JOUR ROTIN- BELLAMY ITL1149A22BK-NR"}]},{"@type":"WebSite","@id":"https:\/\/luminairesgregoire.com\/en\/#website","url":"https:\/\/luminairesgregoire.com\/en\/","name":"Luminaires Paul Gr\u00e9goire","description":"","publisher":{"@id":"https:\/\/luminairesgregoire.com\/en\/#organization"},"potentialAction":[{"@type":"SearchAction","target":{"@type":"EntryPoint","urlTemplate":"https:\/\/luminairesgregoire.com\/en\/?s={search_term_string}"},"query-input":{"@type":"PropertyValueSpecification","valueRequired":true,"valueName":"search_term_string"}}],"inLanguage":"en-US"},{"@type":"Organization","@id":"https:\/\/luminairesgregoire.com\/en\/#organization","name":"Luminaires Paul Gr\u00e9goire","url":"https:\/\/luminairesgregoire.com\/en\/","logo":{"@type":"ImageObject","inLanguage":"en-US","@id":"https:\/\/luminairesgregoire.com\/en\/#\/schema\/logo\/image\/","url":"https:\/\/luminairesgregoire.com\/wp-content\/uploads\/2021\/05\/logo_CMYK-1-1.png","contentUrl":"https:\/\/luminairesgregoire.com\/wp-content\/uploads\/2021\/05\/logo_CMYK-1-1.png","width":350,"height":164,"caption":"Luminaires Paul Gr\u00e9goire"},"image":{"@id":"https:\/\/luminairesgregoire.com\/en\/#\/schema\/logo\/image\/"}}]}},"_links":{"self":[{"href":"https:\/\/luminairesgregoire.com\/en\/wp-json\/wp\/v2\/product\/28339","targetHints":{"allow":["GET"]}}],"collection":[{"href":"https:\/\/luminairesgregoire.com\/en\/wp-json\/wp\/v2\/product"}],"about":[{"href":"https:\/\/luminairesgregoire.com\/en\/wp-json\/wp\/v2\/types\/product"}],"wp:featuredmedia":[{"embeddable":true,"href":"https:\/\/luminairesgregoire.com\/en\/wp-json\/wp\/v2\/media\/29356"}],"wp:attachment":[{"href":"https:\/\/luminairesgregoire.com\/en\/wp-json\/wp\/v2\/media?parent=28339"}],"wp:term":[{"taxonomy":"product_brand","embeddable":true,"href":"https:\/\/luminairesgregoire.com\/en\/wp-json\/wp\/v2\/product_brand?post=28339"},{"taxonomy":"product_cat","embeddable":true,"href":"https:\/\/luminairesgregoire.com\/en\/wp-json\/wp\/v2\/product_cat?post=28339"},{"taxonomy":"product_tag","embeddable":true,"href":"https:\/\/luminairesgregoire.com\/en\/wp-json\/wp\/v2\/product_tag?post=28339"}],"curies":[{"name":"wp","href":"https:\/\/api.w.org\/{rel}","templated":true}]}}