{"id":28999,"date":"2025-10-31T20:40:17","date_gmt":"2025-11-01T00:40:17","guid":{"rendered":"https:\/\/luminairesgregoire.com\/?post_type=product&#038;p=28999"},"modified":"2026-04-19T03:39:49","modified_gmt":"2026-04-19T07:39:49","slug":"rail-2-l-dirigeable-noir-vergiano-203396a","status":"publish","type":"product","link":"https:\/\/luminairesgregoire.com\/en\/product\/rail-2-l-dirigeable-noir-vergiano-203396a\/","title":{"rendered":"RAIL 2-L DIRIGEABLE NOIR- VERGIANO 203396A"},"content":{"rendered":"<p data-start=\"186\" data-end=\"442\">Le Vergiano est un luminaire sur rail au design contemporain qui mise sur des lignes \u00e9pur\u00e9es et une esth\u00e9tique minimaliste. Sa structure noire mate met en valeur ses deux t\u00eates orientables, permettant de diriger la lumi\u00e8re avec pr\u00e9cision selon vos besoins.<\/p>\n<p data-start=\"444\" data-end=\"722\">Compact et polyvalent, il est id\u00e9al pour les cuisines, corridors, bureaux ou espaces de vie o\u00f9 un \u00e9clairage cibl\u00e9 et efficace est recherch\u00e9. Son format discret et moderne s\u2019int\u00e8gre facilement \u00e0 tous les d\u00e9cors, tout en offrant une solution d\u2019\u00e9clairage fonctionnelle et \u00e9l\u00e9gante.<\/p>\n","protected":false},"excerpt":{"rendered":"<p>Le Vergiano est un luminaire sur rail au design contemporain qui mise sur des lignes \u00e9pur\u00e9es et une esth\u00e9tique minimaliste. Sa structure noire mate met en valeur ses deux t\u00eates orientables, permettant de diriger la lumi\u00e8re avec pr\u00e9cision selon vos besoins. Compact et polyvalent, il est id\u00e9al pour les cuisines, corridors, bureaux ou espaces de [&hellip;]<\/p>\n","protected":false},"featured_media":38428,"template":"","meta":{"_acf_changed":false},"product_brand":[7081],"product_cat":[5986],"product_tag":[],"class_list":{"0":"post-28999","1":"product","2":"type-product","3":"status-publish","4":"has-post-thumbnail","6":"product_brand-eglo","7":"product_cat-track-lighting","8":"pa_finis-black","9":"pa_garantie-1-year","10":"pa_hauteur-6-22","11":"pa_largeur-15-47","13":"first","14":"instock","15":"taxable","16":"shipping-taxable","17":"purchasable","18":"product-type-simple"},"acf":[],"yoast_head":"<!-- This site is optimized with the Yoast SEO plugin v27.4 - https:\/\/yoast.com\/product\/yoast-seo-wordpress\/ -->\n<title>RAIL 2-L DIRIGEABLE NOIR- VERGIANO 203396A - Luminaires Paul Gr\u00e9goire<\/title>\n<meta name=\"description\" content=\"RAIL 2-L DIRIGEABLE NOIR- VERGIANO 203396A - Discover our collection of designer lighting \u2014 pendants, lamps, and ceiling lights \u2014 to brighten every space with style and elegance.\" \/>\n<meta name=\"robots\" content=\"index, follow, max-snippet:-1, max-image-preview:large, max-video-preview:-1\" \/>\n<link rel=\"canonical\" href=\"https:\/\/luminairesgregoire.com\/en\/product\/rail-2-l-dirigeable-noir-vergiano-203396a\/\" \/>\n<meta property=\"og:locale\" content=\"en_US\" \/>\n<meta property=\"og:type\" content=\"article\" \/>\n<meta property=\"og:title\" content=\"RAIL 2-L DIRIGEABLE NOIR- VERGIANO 203396A - Luminaires Paul Gr\u00e9goire\" \/>\n<meta property=\"og:description\" content=\"RAIL 2-L DIRIGEABLE NOIR- VERGIANO 203396A - Discover our collection of designer lighting \u2014 pendants, lamps, and ceiling lights \u2014 to brighten every space with style and elegance.\" \/>\n<meta property=\"og:url\" content=\"https:\/\/luminairesgregoire.com\/en\/product\/rail-2-l-dirigeable-noir-vergiano-203396a\/\" \/>\n<meta property=\"og:site_name\" content=\"Luminaires Paul Gr\u00e9goire\" \/>\n<meta property=\"article:modified_time\" content=\"2026-04-19T07:39:49+00:00\" \/>\n<meta property=\"og:image\" content=\"https:\/\/luminairesgregoire.com\/wp-content\/uploads\/2026\/04\/Votre-texte-de-paragraphe-2026-04-18T161255.302.webp\" \/>\n\t<meta property=\"og:image:width\" content=\"850\" \/>\n\t<meta property=\"og:image:height\" content=\"850\" \/>\n\t<meta property=\"og:image:type\" content=\"image\/jpeg\" \/>\n<meta name=\"twitter:card\" content=\"summary_large_image\" \/>\n<meta name=\"twitter:label1\" content=\"Est. reading time\" \/>\n\t<meta name=\"twitter:data1\" content=\"1 minute\" \/>\n<script type=\"application\/ld+json\" class=\"yoast-schema-graph\">{\"@context\":\"https:\\\/\\\/schema.org\",\"@graph\":[{\"@type\":\"WebPage\",\"@id\":\"https:\\\/\\\/luminairesgregoire.com\\\/en\\\/product\\\/rail-2-l-dirigeable-noir-vergiano-203396a\\\/\",\"url\":\"https:\\\/\\\/luminairesgregoire.com\\\/en\\\/product\\\/rail-2-l-dirigeable-noir-vergiano-203396a\\\/\",\"name\":\"RAIL 2-L DIRIGEABLE NOIR- VERGIANO 203396A - Luminaires Paul Gr\u00e9goire\",\"isPartOf\":{\"@id\":\"https:\\\/\\\/luminairesgregoire.com\\\/en\\\/#website\"},\"primaryImageOfPage\":{\"@id\":\"https:\\\/\\\/luminairesgregoire.com\\\/en\\\/product\\\/rail-2-l-dirigeable-noir-vergiano-203396a\\\/#primaryimage\"},\"image\":{\"@id\":\"https:\\\/\\\/luminairesgregoire.com\\\/en\\\/product\\\/rail-2-l-dirigeable-noir-vergiano-203396a\\\/#primaryimage\"},\"thumbnailUrl\":\"https:\\\/\\\/luminairesgregoire.com\\\/wp-content\\\/uploads\\\/2026\\\/04\\\/Votre-texte-de-paragraphe-2026-04-18T161255.302.webp\",\"datePublished\":\"2025-11-01T00:40:17+00:00\",\"dateModified\":\"2026-04-19T07:39:49+00:00\",\"description\":\"RAIL 2-L DIRIGEABLE NOIR- VERGIANO 203396A - Discover our collection of designer lighting \u2014 pendants, lamps, and ceiling lights \u2014 to brighten every space with style and elegance.\",\"breadcrumb\":{\"@id\":\"https:\\\/\\\/luminairesgregoire.com\\\/en\\\/product\\\/rail-2-l-dirigeable-noir-vergiano-203396a\\\/#breadcrumb\"},\"inLanguage\":\"en-US\",\"potentialAction\":[{\"@type\":\"ReadAction\",\"target\":[\"https:\\\/\\\/luminairesgregoire.com\\\/en\\\/product\\\/rail-2-l-dirigeable-noir-vergiano-203396a\\\/\"]}]},{\"@type\":\"ImageObject\",\"inLanguage\":\"en-US\",\"@id\":\"https:\\\/\\\/luminairesgregoire.com\\\/en\\\/product\\\/rail-2-l-dirigeable-noir-vergiano-203396a\\\/#primaryimage\",\"url\":\"https:\\\/\\\/luminairesgregoire.com\\\/wp-content\\\/uploads\\\/2026\\\/04\\\/Votre-texte-de-paragraphe-2026-04-18T161255.302.webp\",\"contentUrl\":\"https:\\\/\\\/luminairesgregoire.com\\\/wp-content\\\/uploads\\\/2026\\\/04\\\/Votre-texte-de-paragraphe-2026-04-18T161255.302.webp\",\"width\":850,\"height\":850,\"caption\":\"RAIL 2-L DIRIGEABLE NOIR- VERGIANO 203396A\"},{\"@type\":\"BreadcrumbList\",\"@id\":\"https:\\\/\\\/luminairesgregoire.com\\\/en\\\/product\\\/rail-2-l-dirigeable-noir-vergiano-203396a\\\/#breadcrumb\",\"itemListElement\":[{\"@type\":\"ListItem\",\"position\":1,\"name\":\"Home\",\"item\":\"https:\\\/\\\/luminairesgregoire.com\\\/en\\\/\"},{\"@type\":\"ListItem\",\"position\":2,\"name\":\"Store\",\"item\":\"https:\\\/\\\/luminairesgregoire.com\\\/en\\\/products\\\/\"},{\"@type\":\"ListItem\",\"position\":3,\"name\":\"RAIL 2-L DIRIGEABLE NOIR- VERGIANO 203396A\"}]},{\"@type\":\"WebSite\",\"@id\":\"https:\\\/\\\/luminairesgregoire.com\\\/en\\\/#website\",\"url\":\"https:\\\/\\\/luminairesgregoire.com\\\/en\\\/\",\"name\":\"Luminaires Paul Gr\u00e9goire\",\"description\":\"\",\"publisher\":{\"@id\":\"https:\\\/\\\/luminairesgregoire.com\\\/en\\\/#organization\"},\"potentialAction\":[{\"@type\":\"SearchAction\",\"target\":{\"@type\":\"EntryPoint\",\"urlTemplate\":\"https:\\\/\\\/luminairesgregoire.com\\\/en\\\/?s={search_term_string}\"},\"query-input\":{\"@type\":\"PropertyValueSpecification\",\"valueRequired\":true,\"valueName\":\"search_term_string\"}}],\"inLanguage\":\"en-US\"},{\"@type\":\"Organization\",\"@id\":\"https:\\\/\\\/luminairesgregoire.com\\\/en\\\/#organization\",\"name\":\"Luminaires Paul Gr\u00e9goire\",\"url\":\"https:\\\/\\\/luminairesgregoire.com\\\/en\\\/\",\"logo\":{\"@type\":\"ImageObject\",\"inLanguage\":\"en-US\",\"@id\":\"https:\\\/\\\/luminairesgregoire.com\\\/en\\\/#\\\/schema\\\/logo\\\/image\\\/\",\"url\":\"https:\\\/\\\/luminairesgregoire.com\\\/wp-content\\\/uploads\\\/2021\\\/05\\\/logo_CMYK-1-1.png\",\"contentUrl\":\"https:\\\/\\\/luminairesgregoire.com\\\/wp-content\\\/uploads\\\/2021\\\/05\\\/logo_CMYK-1-1.png\",\"width\":350,\"height\":164,\"caption\":\"Luminaires Paul Gr\u00e9goire\"},\"image\":{\"@id\":\"https:\\\/\\\/luminairesgregoire.com\\\/en\\\/#\\\/schema\\\/logo\\\/image\\\/\"}}]}<\/script>\n<!-- \/ Yoast SEO plugin. -->","yoast_head_json":{"title":"RAIL 2-L DIRIGEABLE NOIR- VERGIANO 203396A - Luminaires Paul Gr\u00e9goire","description":"RAIL 2-L DIRIGEABLE NOIR- VERGIANO 203396A - Discover our collection of designer lighting \u2014 pendants, lamps, and ceiling lights \u2014 to brighten every space with style and elegance.","robots":{"index":"index","follow":"follow","max-snippet":"max-snippet:-1","max-image-preview":"max-image-preview:large","max-video-preview":"max-video-preview:-1"},"canonical":"https:\/\/luminairesgregoire.com\/en\/product\/rail-2-l-dirigeable-noir-vergiano-203396a\/","og_locale":"en_US","og_type":"article","og_title":"RAIL 2-L DIRIGEABLE NOIR- VERGIANO 203396A - Luminaires Paul Gr\u00e9goire","og_description":"RAIL 2-L DIRIGEABLE NOIR- VERGIANO 203396A - Discover our collection of designer lighting \u2014 pendants, lamps, and ceiling lights \u2014 to brighten every space with style and elegance.","og_url":"https:\/\/luminairesgregoire.com\/en\/product\/rail-2-l-dirigeable-noir-vergiano-203396a\/","og_site_name":"Luminaires Paul Gr\u00e9goire","article_modified_time":"2026-04-19T07:39:49+00:00","og_image":[{"width":850,"height":850,"url":"https:\/\/luminairesgregoire.com\/wp-content\/uploads\/2026\/04\/Votre-texte-de-paragraphe-2026-04-18T161255.302.webp","type":"image\/jpeg"}],"twitter_card":"summary_large_image","twitter_misc":{"Est. reading time":"1 minute"},"schema":{"@context":"https:\/\/schema.org","@graph":[{"@type":"WebPage","@id":"https:\/\/luminairesgregoire.com\/en\/product\/rail-2-l-dirigeable-noir-vergiano-203396a\/","url":"https:\/\/luminairesgregoire.com\/en\/product\/rail-2-l-dirigeable-noir-vergiano-203396a\/","name":"RAIL 2-L DIRIGEABLE NOIR- VERGIANO 203396A - Luminaires Paul Gr\u00e9goire","isPartOf":{"@id":"https:\/\/luminairesgregoire.com\/en\/#website"},"primaryImageOfPage":{"@id":"https:\/\/luminairesgregoire.com\/en\/product\/rail-2-l-dirigeable-noir-vergiano-203396a\/#primaryimage"},"image":{"@id":"https:\/\/luminairesgregoire.com\/en\/product\/rail-2-l-dirigeable-noir-vergiano-203396a\/#primaryimage"},"thumbnailUrl":"https:\/\/luminairesgregoire.com\/wp-content\/uploads\/2026\/04\/Votre-texte-de-paragraphe-2026-04-18T161255.302.webp","datePublished":"2025-11-01T00:40:17+00:00","dateModified":"2026-04-19T07:39:49+00:00","description":"RAIL 2-L DIRIGEABLE NOIR- VERGIANO 203396A - Discover our collection of designer lighting \u2014 pendants, lamps, and ceiling lights \u2014 to brighten every space with style and elegance.","breadcrumb":{"@id":"https:\/\/luminairesgregoire.com\/en\/product\/rail-2-l-dirigeable-noir-vergiano-203396a\/#breadcrumb"},"inLanguage":"en-US","potentialAction":[{"@type":"ReadAction","target":["https:\/\/luminairesgregoire.com\/en\/product\/rail-2-l-dirigeable-noir-vergiano-203396a\/"]}]},{"@type":"ImageObject","inLanguage":"en-US","@id":"https:\/\/luminairesgregoire.com\/en\/product\/rail-2-l-dirigeable-noir-vergiano-203396a\/#primaryimage","url":"https:\/\/luminairesgregoire.com\/wp-content\/uploads\/2026\/04\/Votre-texte-de-paragraphe-2026-04-18T161255.302.webp","contentUrl":"https:\/\/luminairesgregoire.com\/wp-content\/uploads\/2026\/04\/Votre-texte-de-paragraphe-2026-04-18T161255.302.webp","width":850,"height":850,"caption":"RAIL 2-L DIRIGEABLE NOIR- VERGIANO 203396A"},{"@type":"BreadcrumbList","@id":"https:\/\/luminairesgregoire.com\/en\/product\/rail-2-l-dirigeable-noir-vergiano-203396a\/#breadcrumb","itemListElement":[{"@type":"ListItem","position":1,"name":"Home","item":"https:\/\/luminairesgregoire.com\/en\/"},{"@type":"ListItem","position":2,"name":"Store","item":"https:\/\/luminairesgregoire.com\/en\/products\/"},{"@type":"ListItem","position":3,"name":"RAIL 2-L DIRIGEABLE NOIR- VERGIANO 203396A"}]},{"@type":"WebSite","@id":"https:\/\/luminairesgregoire.com\/en\/#website","url":"https:\/\/luminairesgregoire.com\/en\/","name":"Luminaires Paul Gr\u00e9goire","description":"","publisher":{"@id":"https:\/\/luminairesgregoire.com\/en\/#organization"},"potentialAction":[{"@type":"SearchAction","target":{"@type":"EntryPoint","urlTemplate":"https:\/\/luminairesgregoire.com\/en\/?s={search_term_string}"},"query-input":{"@type":"PropertyValueSpecification","valueRequired":true,"valueName":"search_term_string"}}],"inLanguage":"en-US"},{"@type":"Organization","@id":"https:\/\/luminairesgregoire.com\/en\/#organization","name":"Luminaires Paul Gr\u00e9goire","url":"https:\/\/luminairesgregoire.com\/en\/","logo":{"@type":"ImageObject","inLanguage":"en-US","@id":"https:\/\/luminairesgregoire.com\/en\/#\/schema\/logo\/image\/","url":"https:\/\/luminairesgregoire.com\/wp-content\/uploads\/2021\/05\/logo_CMYK-1-1.png","contentUrl":"https:\/\/luminairesgregoire.com\/wp-content\/uploads\/2021\/05\/logo_CMYK-1-1.png","width":350,"height":164,"caption":"Luminaires Paul Gr\u00e9goire"},"image":{"@id":"https:\/\/luminairesgregoire.com\/en\/#\/schema\/logo\/image\/"}}]}},"_links":{"self":[{"href":"https:\/\/luminairesgregoire.com\/en\/wp-json\/wp\/v2\/product\/28999","targetHints":{"allow":["GET"]}}],"collection":[{"href":"https:\/\/luminairesgregoire.com\/en\/wp-json\/wp\/v2\/product"}],"about":[{"href":"https:\/\/luminairesgregoire.com\/en\/wp-json\/wp\/v2\/types\/product"}],"wp:featuredmedia":[{"embeddable":true,"href":"https:\/\/luminairesgregoire.com\/en\/wp-json\/wp\/v2\/media\/38428"}],"wp:attachment":[{"href":"https:\/\/luminairesgregoire.com\/en\/wp-json\/wp\/v2\/media?parent=28999"}],"wp:term":[{"taxonomy":"product_brand","embeddable":true,"href":"https:\/\/luminairesgregoire.com\/en\/wp-json\/wp\/v2\/product_brand?post=28999"},{"taxonomy":"product_cat","embeddable":true,"href":"https:\/\/luminairesgregoire.com\/en\/wp-json\/wp\/v2\/product_cat?post=28999"},{"taxonomy":"product_tag","embeddable":true,"href":"https:\/\/luminairesgregoire.com\/en\/wp-json\/wp\/v2\/product_tag?post=28999"}],"curies":[{"name":"wp","href":"https:\/\/api.w.org\/{rel}","templated":true}]}}