{"id":29229,"date":"2025-11-08T01:30:52","date_gmt":"2025-11-08T06:30:52","guid":{"rendered":"https:\/\/luminairesgregoire.com\/?post_type=product&#038;p=29229"},"modified":"2026-05-11T18:35:45","modified_gmt":"2026-05-11T22:35:45","slug":"rail-4-l-dirigeable-noir-vergiano-203398a","status":"publish","type":"product","link":"https:\/\/luminairesgregoire.com\/en\/product\/rail-4-l-dirigeable-noir-vergiano-203398a\/","title":{"rendered":"RAIL 4-L DIRIGEABLE NOIR- VERGIANO 203398A"},"content":{"rendered":"<p>Le rail d\u2019\u00e9clairage Vergiano d\u2019EGLO propose un style moderne et minimaliste qui s\u2019int\u00e8gre facilement \u00e0 une multitude de d\u00e9cors contemporains. Avec son fini noir \u00e9l\u00e9gant et ses t\u00eates orientables, il permet de diriger la lumi\u00e8re pr\u00e9cis\u00e9ment l\u00e0 o\u00f9 elle est n\u00e9cessaire, offrant un \u00e9clairage fonctionnel et polyvalent pour les cuisines, corridors, salons ou espaces de travail. Son design \u00e9pur\u00e9 apporte une touche sophistiqu\u00e9e tout en maximisant l\u2019efficacit\u00e9 lumineuse.<\/p>\n","protected":false},"excerpt":{"rendered":"<p>Le rail d\u2019\u00e9clairage Vergiano d\u2019EGLO propose un style moderne et minimaliste qui s\u2019int\u00e8gre facilement \u00e0 une multitude de d\u00e9cors contemporains. Avec son fini noir \u00e9l\u00e9gant et ses t\u00eates orientables, il permet de diriger la lumi\u00e8re pr\u00e9cis\u00e9ment l\u00e0 o\u00f9 elle est n\u00e9cessaire, offrant un \u00e9clairage fonctionnel et polyvalent pour les cuisines, corridors, salons ou espaces de [&hellip;]<\/p>\n","protected":false},"featured_media":39796,"template":"","meta":{"_acf_changed":false},"product_brand":[6010],"product_cat":[5850],"product_tag":[],"class_list":{"0":"post-29229","1":"product","2":"type-product","3":"status-publish","4":"has-post-thumbnail","6":"product_brand-eglo","7":"product_cat-luminaires-sur-rails","8":"pa_ampoules-incluses-non","9":"pa_finis-noir","10":"pa_formes-dampoules-gu10","11":"pa_garantie-1-an","12":"pa_hauteur-6-25","13":"pa_longueur-2928","14":"pa_nombre-dampoules-6420","15":"pa_types-dampoules-incandescente","16":"pa_watts-50-w","18":"first","19":"instock","20":"taxable","21":"shipping-taxable","22":"purchasable","23":"product-type-simple"},"acf":[],"yoast_head":"<!-- This site is optimized with the Yoast SEO plugin v27.4 - https:\/\/yoast.com\/product\/yoast-seo-wordpress\/ -->\n<title>RAIL 4-L DIRIGEABLE NOIR- VERGIANO 203398A - Luminaires Paul Gr\u00e9goire<\/title>\n<meta name=\"description\" content=\"RAIL 4-L DIRIGEABLE NOIR- VERGIANO 203398A - Discover our collection of designer lighting \u2014 pendants, lamps, and ceiling lights \u2014 to brighten every space with style and elegance.\" \/>\n<meta name=\"robots\" content=\"index, follow, max-snippet:-1, max-image-preview:large, max-video-preview:-1\" \/>\n<link rel=\"canonical\" href=\"https:\/\/luminairesgregoire.com\/en\/product\/rail-4-l-dirigeable-noir-vergiano-203398a\/\" \/>\n<meta property=\"og:locale\" content=\"en_US\" \/>\n<meta property=\"og:type\" content=\"article\" \/>\n<meta property=\"og:title\" content=\"RAIL 4-L DIRIGEABLE NOIR- VERGIANO 203398A - Luminaires Paul Gr\u00e9goire\" \/>\n<meta property=\"og:description\" content=\"RAIL 4-L DIRIGEABLE NOIR- VERGIANO 203398A - Discover our collection of designer lighting \u2014 pendants, lamps, and ceiling lights \u2014 to brighten every space with style and elegance.\" \/>\n<meta property=\"og:url\" content=\"https:\/\/luminairesgregoire.com\/en\/product\/rail-4-l-dirigeable-noir-vergiano-203398a\/\" \/>\n<meta property=\"og:site_name\" content=\"Luminaires Paul Gr\u00e9goire\" \/>\n<meta property=\"article:modified_time\" content=\"2026-05-11T22:35:45+00:00\" \/>\n<meta property=\"og:image\" content=\"https:\/\/luminairesgregoire.com\/wp-content\/uploads\/2026\/05\/Votre-texte-de-paragraphe-2026-05-11T170254.083.webp\" \/>\n\t<meta property=\"og:image:width\" content=\"850\" \/>\n\t<meta property=\"og:image:height\" content=\"850\" \/>\n\t<meta property=\"og:image:type\" content=\"image\/jpeg\" \/>\n<meta name=\"twitter:card\" content=\"summary_large_image\" \/>\n<meta name=\"twitter:label1\" content=\"Est. reading time\" \/>\n\t<meta name=\"twitter:data1\" content=\"1 minute\" \/>\n<script type=\"application\/ld+json\" class=\"yoast-schema-graph\">{\"@context\":\"https:\\\/\\\/schema.org\",\"@graph\":[{\"@type\":\"WebPage\",\"@id\":\"https:\\\/\\\/luminairesgregoire.com\\\/en\\\/product\\\/rail-4-l-dirigeable-noir-vergiano-203398a\\\/\",\"url\":\"https:\\\/\\\/luminairesgregoire.com\\\/en\\\/product\\\/rail-4-l-dirigeable-noir-vergiano-203398a\\\/\",\"name\":\"RAIL 4-L DIRIGEABLE NOIR- VERGIANO 203398A - Luminaires Paul Gr\u00e9goire\",\"isPartOf\":{\"@id\":\"https:\\\/\\\/luminairesgregoire.com\\\/en\\\/#website\"},\"primaryImageOfPage\":{\"@id\":\"https:\\\/\\\/luminairesgregoire.com\\\/en\\\/product\\\/rail-4-l-dirigeable-noir-vergiano-203398a\\\/#primaryimage\"},\"image\":{\"@id\":\"https:\\\/\\\/luminairesgregoire.com\\\/en\\\/product\\\/rail-4-l-dirigeable-noir-vergiano-203398a\\\/#primaryimage\"},\"thumbnailUrl\":\"https:\\\/\\\/luminairesgregoire.com\\\/wp-content\\\/uploads\\\/2026\\\/05\\\/Votre-texte-de-paragraphe-2026-05-11T170254.083.webp\",\"datePublished\":\"2025-11-08T06:30:52+00:00\",\"dateModified\":\"2026-05-11T22:35:45+00:00\",\"description\":\"RAIL 4-L DIRIGEABLE NOIR- VERGIANO 203398A - Discover our collection of designer lighting \u2014 pendants, lamps, and ceiling lights \u2014 to brighten every space with style and elegance.\",\"breadcrumb\":{\"@id\":\"https:\\\/\\\/luminairesgregoire.com\\\/en\\\/product\\\/rail-4-l-dirigeable-noir-vergiano-203398a\\\/#breadcrumb\"},\"inLanguage\":\"en-US\",\"potentialAction\":[{\"@type\":\"ReadAction\",\"target\":[\"https:\\\/\\\/luminairesgregoire.com\\\/en\\\/product\\\/rail-4-l-dirigeable-noir-vergiano-203398a\\\/\"]}]},{\"@type\":\"ImageObject\",\"inLanguage\":\"en-US\",\"@id\":\"https:\\\/\\\/luminairesgregoire.com\\\/en\\\/product\\\/rail-4-l-dirigeable-noir-vergiano-203398a\\\/#primaryimage\",\"url\":\"https:\\\/\\\/luminairesgregoire.com\\\/wp-content\\\/uploads\\\/2026\\\/05\\\/Votre-texte-de-paragraphe-2026-05-11T170254.083.webp\",\"contentUrl\":\"https:\\\/\\\/luminairesgregoire.com\\\/wp-content\\\/uploads\\\/2026\\\/05\\\/Votre-texte-de-paragraphe-2026-05-11T170254.083.webp\",\"width\":850,\"height\":850,\"caption\":\"RAIL 4-L DIRIGEABLE NOIR- VERGIANO 203398A\"},{\"@type\":\"BreadcrumbList\",\"@id\":\"https:\\\/\\\/luminairesgregoire.com\\\/en\\\/product\\\/rail-4-l-dirigeable-noir-vergiano-203398a\\\/#breadcrumb\",\"itemListElement\":[{\"@type\":\"ListItem\",\"position\":1,\"name\":\"Home\",\"item\":\"https:\\\/\\\/luminairesgregoire.com\\\/en\\\/\"},{\"@type\":\"ListItem\",\"position\":2,\"name\":\"Store\",\"item\":\"https:\\\/\\\/luminairesgregoire.com\\\/en\\\/products\\\/\"},{\"@type\":\"ListItem\",\"position\":3,\"name\":\"RAIL 4-L DIRIGEABLE NOIR- VERGIANO 203398A\"}]},{\"@type\":\"WebSite\",\"@id\":\"https:\\\/\\\/luminairesgregoire.com\\\/en\\\/#website\",\"url\":\"https:\\\/\\\/luminairesgregoire.com\\\/en\\\/\",\"name\":\"Luminaires Paul Gr\u00e9goire\",\"description\":\"\",\"publisher\":{\"@id\":\"https:\\\/\\\/luminairesgregoire.com\\\/en\\\/#organization\"},\"potentialAction\":[{\"@type\":\"SearchAction\",\"target\":{\"@type\":\"EntryPoint\",\"urlTemplate\":\"https:\\\/\\\/luminairesgregoire.com\\\/en\\\/?s={search_term_string}\"},\"query-input\":{\"@type\":\"PropertyValueSpecification\",\"valueRequired\":true,\"valueName\":\"search_term_string\"}}],\"inLanguage\":\"en-US\"},{\"@type\":\"Organization\",\"@id\":\"https:\\\/\\\/luminairesgregoire.com\\\/en\\\/#organization\",\"name\":\"Luminaires Paul Gr\u00e9goire\",\"url\":\"https:\\\/\\\/luminairesgregoire.com\\\/en\\\/\",\"logo\":{\"@type\":\"ImageObject\",\"inLanguage\":\"en-US\",\"@id\":\"https:\\\/\\\/luminairesgregoire.com\\\/en\\\/#\\\/schema\\\/logo\\\/image\\\/\",\"url\":\"https:\\\/\\\/luminairesgregoire.com\\\/wp-content\\\/uploads\\\/2021\\\/05\\\/logo_CMYK-1-1.png\",\"contentUrl\":\"https:\\\/\\\/luminairesgregoire.com\\\/wp-content\\\/uploads\\\/2021\\\/05\\\/logo_CMYK-1-1.png\",\"width\":350,\"height\":164,\"caption\":\"Luminaires Paul Gr\u00e9goire\"},\"image\":{\"@id\":\"https:\\\/\\\/luminairesgregoire.com\\\/en\\\/#\\\/schema\\\/logo\\\/image\\\/\"}}]}<\/script>\n<!-- \/ Yoast SEO plugin. -->","yoast_head_json":{"title":"RAIL 4-L DIRIGEABLE NOIR- VERGIANO 203398A - Luminaires Paul Gr\u00e9goire","description":"RAIL 4-L DIRIGEABLE NOIR- VERGIANO 203398A - Discover our collection of designer lighting \u2014 pendants, lamps, and ceiling lights \u2014 to brighten every space with style and elegance.","robots":{"index":"index","follow":"follow","max-snippet":"max-snippet:-1","max-image-preview":"max-image-preview:large","max-video-preview":"max-video-preview:-1"},"canonical":"https:\/\/luminairesgregoire.com\/en\/product\/rail-4-l-dirigeable-noir-vergiano-203398a\/","og_locale":"en_US","og_type":"article","og_title":"RAIL 4-L DIRIGEABLE NOIR- VERGIANO 203398A - Luminaires Paul Gr\u00e9goire","og_description":"RAIL 4-L DIRIGEABLE NOIR- VERGIANO 203398A - Discover our collection of designer lighting \u2014 pendants, lamps, and ceiling lights \u2014 to brighten every space with style and elegance.","og_url":"https:\/\/luminairesgregoire.com\/en\/product\/rail-4-l-dirigeable-noir-vergiano-203398a\/","og_site_name":"Luminaires Paul Gr\u00e9goire","article_modified_time":"2026-05-11T22:35:45+00:00","og_image":[{"width":850,"height":850,"url":"https:\/\/luminairesgregoire.com\/wp-content\/uploads\/2026\/05\/Votre-texte-de-paragraphe-2026-05-11T170254.083.webp","type":"image\/jpeg"}],"twitter_card":"summary_large_image","twitter_misc":{"Est. reading time":"1 minute"},"schema":{"@context":"https:\/\/schema.org","@graph":[{"@type":"WebPage","@id":"https:\/\/luminairesgregoire.com\/en\/product\/rail-4-l-dirigeable-noir-vergiano-203398a\/","url":"https:\/\/luminairesgregoire.com\/en\/product\/rail-4-l-dirigeable-noir-vergiano-203398a\/","name":"RAIL 4-L DIRIGEABLE NOIR- VERGIANO 203398A - Luminaires Paul Gr\u00e9goire","isPartOf":{"@id":"https:\/\/luminairesgregoire.com\/en\/#website"},"primaryImageOfPage":{"@id":"https:\/\/luminairesgregoire.com\/en\/product\/rail-4-l-dirigeable-noir-vergiano-203398a\/#primaryimage"},"image":{"@id":"https:\/\/luminairesgregoire.com\/en\/product\/rail-4-l-dirigeable-noir-vergiano-203398a\/#primaryimage"},"thumbnailUrl":"https:\/\/luminairesgregoire.com\/wp-content\/uploads\/2026\/05\/Votre-texte-de-paragraphe-2026-05-11T170254.083.webp","datePublished":"2025-11-08T06:30:52+00:00","dateModified":"2026-05-11T22:35:45+00:00","description":"RAIL 4-L DIRIGEABLE NOIR- VERGIANO 203398A - Discover our collection of designer lighting \u2014 pendants, lamps, and ceiling lights \u2014 to brighten every space with style and elegance.","breadcrumb":{"@id":"https:\/\/luminairesgregoire.com\/en\/product\/rail-4-l-dirigeable-noir-vergiano-203398a\/#breadcrumb"},"inLanguage":"en-US","potentialAction":[{"@type":"ReadAction","target":["https:\/\/luminairesgregoire.com\/en\/product\/rail-4-l-dirigeable-noir-vergiano-203398a\/"]}]},{"@type":"ImageObject","inLanguage":"en-US","@id":"https:\/\/luminairesgregoire.com\/en\/product\/rail-4-l-dirigeable-noir-vergiano-203398a\/#primaryimage","url":"https:\/\/luminairesgregoire.com\/wp-content\/uploads\/2026\/05\/Votre-texte-de-paragraphe-2026-05-11T170254.083.webp","contentUrl":"https:\/\/luminairesgregoire.com\/wp-content\/uploads\/2026\/05\/Votre-texte-de-paragraphe-2026-05-11T170254.083.webp","width":850,"height":850,"caption":"RAIL 4-L DIRIGEABLE NOIR- VERGIANO 203398A"},{"@type":"BreadcrumbList","@id":"https:\/\/luminairesgregoire.com\/en\/product\/rail-4-l-dirigeable-noir-vergiano-203398a\/#breadcrumb","itemListElement":[{"@type":"ListItem","position":1,"name":"Home","item":"https:\/\/luminairesgregoire.com\/en\/"},{"@type":"ListItem","position":2,"name":"Store","item":"https:\/\/luminairesgregoire.com\/en\/products\/"},{"@type":"ListItem","position":3,"name":"RAIL 4-L DIRIGEABLE NOIR- VERGIANO 203398A"}]},{"@type":"WebSite","@id":"https:\/\/luminairesgregoire.com\/en\/#website","url":"https:\/\/luminairesgregoire.com\/en\/","name":"Luminaires Paul Gr\u00e9goire","description":"","publisher":{"@id":"https:\/\/luminairesgregoire.com\/en\/#organization"},"potentialAction":[{"@type":"SearchAction","target":{"@type":"EntryPoint","urlTemplate":"https:\/\/luminairesgregoire.com\/en\/?s={search_term_string}"},"query-input":{"@type":"PropertyValueSpecification","valueRequired":true,"valueName":"search_term_string"}}],"inLanguage":"en-US"},{"@type":"Organization","@id":"https:\/\/luminairesgregoire.com\/en\/#organization","name":"Luminaires Paul Gr\u00e9goire","url":"https:\/\/luminairesgregoire.com\/en\/","logo":{"@type":"ImageObject","inLanguage":"en-US","@id":"https:\/\/luminairesgregoire.com\/en\/#\/schema\/logo\/image\/","url":"https:\/\/luminairesgregoire.com\/wp-content\/uploads\/2021\/05\/logo_CMYK-1-1.png","contentUrl":"https:\/\/luminairesgregoire.com\/wp-content\/uploads\/2021\/05\/logo_CMYK-1-1.png","width":350,"height":164,"caption":"Luminaires Paul Gr\u00e9goire"},"image":{"@id":"https:\/\/luminairesgregoire.com\/en\/#\/schema\/logo\/image\/"}}]}},"_links":{"self":[{"href":"https:\/\/luminairesgregoire.com\/en\/wp-json\/wp\/v2\/product\/29229","targetHints":{"allow":["GET"]}}],"collection":[{"href":"https:\/\/luminairesgregoire.com\/en\/wp-json\/wp\/v2\/product"}],"about":[{"href":"https:\/\/luminairesgregoire.com\/en\/wp-json\/wp\/v2\/types\/product"}],"wp:featuredmedia":[{"embeddable":true,"href":"https:\/\/luminairesgregoire.com\/en\/wp-json\/wp\/v2\/media\/39796"}],"wp:attachment":[{"href":"https:\/\/luminairesgregoire.com\/en\/wp-json\/wp\/v2\/media?parent=29229"}],"wp:term":[{"taxonomy":"product_brand","embeddable":true,"href":"https:\/\/luminairesgregoire.com\/en\/wp-json\/wp\/v2\/product_brand?post=29229"},{"taxonomy":"product_cat","embeddable":true,"href":"https:\/\/luminairesgregoire.com\/en\/wp-json\/wp\/v2\/product_cat?post=29229"},{"taxonomy":"product_tag","embeddable":true,"href":"https:\/\/luminairesgregoire.com\/en\/wp-json\/wp\/v2\/product_tag?post=29229"}],"curies":[{"name":"wp","href":"https:\/\/api.w.org\/{rel}","templated":true}]}}