{"id":29363,"date":"2025-11-13T01:42:05","date_gmt":"2025-11-13T06:42:05","guid":{"rendered":"https:\/\/luminairesgregoire.com\/?post_type=product&#038;p=29363"},"modified":"2026-04-14T03:28:23","modified_gmt":"2026-04-14T07:28:23","slug":"lampe-sur-pied-noirfaux-bois-sull-ifl2127b63bkw","status":"publish","type":"product","link":"https:\/\/luminairesgregoire.com\/en\/product\/lampe-sur-pied-noirfaux-bois-sull-ifl2127b63bkw\/","title":{"rendered":"LAMPE SUR PIED NOIR+FAUX BOIS- SULL IFL2127B63BKW"},"content":{"rendered":"<p data-start=\"37\" data-end=\"332\">D\u00e9couvrez la lampe sur pied <strong data-start=\"65\" data-end=\"73\">Sull<\/strong>, o\u00f9 la sophistication moderne rencontre le charme intemporel du style farmhouse. Ce superbe luminaire pour le salon se distingue par son \u00e9l\u00e9gant fini noir mat et effet bois, cr\u00e9ant un contraste saisissant qui s\u2019int\u00e8gre harmonieusement \u00e0 tout type de d\u00e9cor.\u00a0Son abat-jour en tissu blanc diffuse une lumi\u00e8re douce et accueillante, id\u00e9ale autant pour l\u2019\u00e9clairage d\u2019ambiance que pour l\u2019\u00e9clairage d\u00e9coratif, rehaussant l\u2019atmosph\u00e8re de votre espace. Dot\u00e9e d\u2019une puissante ampoule de type A de 150 W et d\u2019une douille \u00e0 interrupteur <strong data-start=\"602\" data-end=\"618\">3 intensit\u00e9s<\/strong>, la lampe Sull permet d\u2019ajuster la luminosit\u00e9 selon l\u2019ambiance ou l\u2019occasion.\u00a0Sa hauteur r\u00e9glable de <strong data-start=\"723\" data-end=\"744\">57 \u00e0 62,75 pouces<\/strong>, combin\u00e9e \u00e0 une largeur g\u00e9n\u00e9reuse de <strong data-start=\"782\" data-end=\"799\">19,625 pouces<\/strong>, en fait une pi\u00e8ce ma\u00eetresse offrant \u00e0 la fois style et fonctionnalit\u00e9. Sublimez votre salon avec la lampe sur pied Sull \u2014 un parfait \u00e9quilibre entre esth\u00e9tique contemporaine et esprit farmhouse, con\u00e7ue pour illuminer votre int\u00e9rieur avec gr\u00e2ce et \u00e9l\u00e9gance.<\/p>\n","protected":false},"excerpt":{"rendered":"<p>D\u00e9couvrez la lampe sur pied Sull, o\u00f9 la sophistication moderne rencontre le charme intemporel du style farmhouse. Ce superbe luminaire pour le salon se distingue par son \u00e9l\u00e9gant fini noir mat et effet bois, cr\u00e9ant un contraste saisissant qui s\u2019int\u00e8gre harmonieusement \u00e0 tout type de d\u00e9cor.\u00a0Son abat-jour en tissu blanc diffuse une lumi\u00e8re douce et [&hellip;]<\/p>\n","protected":false},"featured_media":33764,"template":"","meta":{"_acf_changed":false},"product_brand":[6009],"product_cat":[5833],"product_tag":[],"class_list":{"0":"post-29363","1":"product","2":"type-product","3":"status-publish","4":"has-post-thumbnail","6":"product_brand-canarm","7":"product_cat-lampes-de-planchers","8":"pa_diametre-19-7-8","9":"pa_finis-bois","10":"pa_finis-noir","11":"pa_hauteur-62-75","13":"first","14":"instock","15":"taxable","16":"shipping-taxable","17":"purchasable","18":"product-type-simple"},"acf":[],"yoast_head":"<!-- This site is optimized with the Yoast SEO plugin v26.9 - https:\/\/yoast.com\/product\/yoast-seo-wordpress\/ -->\n<title>LAMPE SUR PIED NOIR+FAUX BOIS- SULL IFL2127B63BKW - Luminaires Paul Gr\u00e9goire<\/title>\n<meta name=\"description\" content=\"LAMPE SUR PIED NOIR+FAUX BOIS- SULL IFL2127B63BKW - Discover our collection of designer lighting \u2014 pendants, lamps, and ceiling lights \u2014 to brighten every space with style and elegance.\" \/>\n<meta name=\"robots\" content=\"index, follow, max-snippet:-1, max-image-preview:large, max-video-preview:-1\" \/>\n<link rel=\"canonical\" href=\"https:\/\/luminairesgregoire.com\/en\/product\/lampe-sur-pied-noirfaux-bois-sull-ifl2127b63bkw\/\" \/>\n<meta property=\"og:locale\" content=\"en_US\" \/>\n<meta property=\"og:type\" content=\"article\" \/>\n<meta property=\"og:title\" content=\"LAMPE SUR PIED NOIR+FAUX BOIS- SULL IFL2127B63BKW - Luminaires Paul Gr\u00e9goire\" \/>\n<meta property=\"og:description\" content=\"LAMPE SUR PIED NOIR+FAUX BOIS- SULL IFL2127B63BKW - Discover our collection of designer lighting \u2014 pendants, lamps, and ceiling lights \u2014 to brighten every space with style and elegance.\" \/>\n<meta property=\"og:url\" content=\"https:\/\/luminairesgregoire.com\/en\/product\/lampe-sur-pied-noirfaux-bois-sull-ifl2127b63bkw\/\" \/>\n<meta property=\"og:site_name\" content=\"Luminaires Paul Gr\u00e9goire\" \/>\n<meta property=\"article:modified_time\" content=\"2026-04-14T07:28:23+00:00\" \/>\n<meta property=\"og:image\" content=\"https:\/\/luminairesgregoire.com\/wp-content\/uploads\/2026\/01\/Votre-texte-de-paragraphe-89.webp\" \/>\n\t<meta property=\"og:image:width\" content=\"850\" \/>\n\t<meta property=\"og:image:height\" content=\"850\" \/>\n\t<meta property=\"og:image:type\" content=\"image\/jpeg\" \/>\n<meta name=\"twitter:card\" content=\"summary_large_image\" \/>\n<meta name=\"twitter:label1\" content=\"Est. reading time\" \/>\n\t<meta name=\"twitter:data1\" content=\"1 minute\" \/>\n<script type=\"application\/ld+json\" class=\"yoast-schema-graph\">{\"@context\":\"https:\/\/schema.org\",\"@graph\":[{\"@type\":\"WebPage\",\"@id\":\"https:\/\/luminairesgregoire.com\/en\/product\/lampe-sur-pied-noirfaux-bois-sull-ifl2127b63bkw\/\",\"url\":\"https:\/\/luminairesgregoire.com\/en\/product\/lampe-sur-pied-noirfaux-bois-sull-ifl2127b63bkw\/\",\"name\":\"LAMPE SUR PIED NOIR+FAUX BOIS- SULL IFL2127B63BKW - Luminaires Paul Gr\u00e9goire\",\"isPartOf\":{\"@id\":\"https:\/\/luminairesgregoire.com\/en\/#website\"},\"primaryImageOfPage\":{\"@id\":\"https:\/\/luminairesgregoire.com\/en\/product\/lampe-sur-pied-noirfaux-bois-sull-ifl2127b63bkw\/#primaryimage\"},\"image\":{\"@id\":\"https:\/\/luminairesgregoire.com\/en\/product\/lampe-sur-pied-noirfaux-bois-sull-ifl2127b63bkw\/#primaryimage\"},\"thumbnailUrl\":\"https:\/\/luminairesgregoire.com\/wp-content\/uploads\/2026\/01\/Votre-texte-de-paragraphe-89.webp\",\"datePublished\":\"2025-11-13T06:42:05+00:00\",\"dateModified\":\"2026-04-14T07:28:23+00:00\",\"description\":\"LAMPE SUR PIED NOIR+FAUX BOIS- SULL IFL2127B63BKW - Discover our collection of designer lighting \u2014 pendants, lamps, and ceiling lights \u2014 to brighten every space with style and elegance.\",\"breadcrumb\":{\"@id\":\"https:\/\/luminairesgregoire.com\/en\/product\/lampe-sur-pied-noirfaux-bois-sull-ifl2127b63bkw\/#breadcrumb\"},\"inLanguage\":\"en-US\",\"potentialAction\":[{\"@type\":\"ReadAction\",\"target\":[\"https:\/\/luminairesgregoire.com\/en\/product\/lampe-sur-pied-noirfaux-bois-sull-ifl2127b63bkw\/\"]}]},{\"@type\":\"ImageObject\",\"inLanguage\":\"en-US\",\"@id\":\"https:\/\/luminairesgregoire.com\/en\/product\/lampe-sur-pied-noirfaux-bois-sull-ifl2127b63bkw\/#primaryimage\",\"url\":\"https:\/\/luminairesgregoire.com\/wp-content\/uploads\/2026\/01\/Votre-texte-de-paragraphe-89.webp\",\"contentUrl\":\"https:\/\/luminairesgregoire.com\/wp-content\/uploads\/2026\/01\/Votre-texte-de-paragraphe-89.webp\",\"width\":850,\"height\":850,\"caption\":\"LAMPE SUR PIED NOIR+FAUX BOIS- SULL IFL2127B63BKW\"},{\"@type\":\"BreadcrumbList\",\"@id\":\"https:\/\/luminairesgregoire.com\/en\/product\/lampe-sur-pied-noirfaux-bois-sull-ifl2127b63bkw\/#breadcrumb\",\"itemListElement\":[{\"@type\":\"ListItem\",\"position\":1,\"name\":\"Home\",\"item\":\"https:\/\/luminairesgregoire.com\/en\/\"},{\"@type\":\"ListItem\",\"position\":2,\"name\":\"Store\",\"item\":\"https:\/\/luminairesgregoire.com\/en\/products\/\"},{\"@type\":\"ListItem\",\"position\":3,\"name\":\"LAMPE SUR PIED NOIR+FAUX BOIS- SULL IFL2127B63BKW\"}]},{\"@type\":\"WebSite\",\"@id\":\"https:\/\/luminairesgregoire.com\/en\/#website\",\"url\":\"https:\/\/luminairesgregoire.com\/en\/\",\"name\":\"Luminaires Paul Gr\u00e9goire\",\"description\":\"\",\"publisher\":{\"@id\":\"https:\/\/luminairesgregoire.com\/en\/#organization\"},\"potentialAction\":[{\"@type\":\"SearchAction\",\"target\":{\"@type\":\"EntryPoint\",\"urlTemplate\":\"https:\/\/luminairesgregoire.com\/en\/?s={search_term_string}\"},\"query-input\":{\"@type\":\"PropertyValueSpecification\",\"valueRequired\":true,\"valueName\":\"search_term_string\"}}],\"inLanguage\":\"en-US\"},{\"@type\":\"Organization\",\"@id\":\"https:\/\/luminairesgregoire.com\/en\/#organization\",\"name\":\"Luminaires Paul Gr\u00e9goire\",\"url\":\"https:\/\/luminairesgregoire.com\/en\/\",\"logo\":{\"@type\":\"ImageObject\",\"inLanguage\":\"en-US\",\"@id\":\"https:\/\/luminairesgregoire.com\/en\/#\/schema\/logo\/image\/\",\"url\":\"https:\/\/luminairesgregoire.com\/wp-content\/uploads\/2021\/05\/logo_CMYK-1-1.png\",\"contentUrl\":\"https:\/\/luminairesgregoire.com\/wp-content\/uploads\/2021\/05\/logo_CMYK-1-1.png\",\"width\":350,\"height\":164,\"caption\":\"Luminaires Paul Gr\u00e9goire\"},\"image\":{\"@id\":\"https:\/\/luminairesgregoire.com\/en\/#\/schema\/logo\/image\/\"}}]}<\/script>\n<!-- \/ Yoast SEO plugin. -->","yoast_head_json":{"title":"LAMPE SUR PIED NOIR+FAUX BOIS- SULL IFL2127B63BKW - Luminaires Paul Gr\u00e9goire","description":"LAMPE SUR PIED NOIR+FAUX BOIS- SULL IFL2127B63BKW - Discover our collection of designer lighting \u2014 pendants, lamps, and ceiling lights \u2014 to brighten every space with style and elegance.","robots":{"index":"index","follow":"follow","max-snippet":"max-snippet:-1","max-image-preview":"max-image-preview:large","max-video-preview":"max-video-preview:-1"},"canonical":"https:\/\/luminairesgregoire.com\/en\/product\/lampe-sur-pied-noirfaux-bois-sull-ifl2127b63bkw\/","og_locale":"en_US","og_type":"article","og_title":"LAMPE SUR PIED NOIR+FAUX BOIS- SULL IFL2127B63BKW - Luminaires Paul Gr\u00e9goire","og_description":"LAMPE SUR PIED NOIR+FAUX BOIS- SULL IFL2127B63BKW - Discover our collection of designer lighting \u2014 pendants, lamps, and ceiling lights \u2014 to brighten every space with style and elegance.","og_url":"https:\/\/luminairesgregoire.com\/en\/product\/lampe-sur-pied-noirfaux-bois-sull-ifl2127b63bkw\/","og_site_name":"Luminaires Paul Gr\u00e9goire","article_modified_time":"2026-04-14T07:28:23+00:00","og_image":[{"width":850,"height":850,"url":"https:\/\/luminairesgregoire.com\/wp-content\/uploads\/2026\/01\/Votre-texte-de-paragraphe-89.webp","type":"image\/jpeg"}],"twitter_card":"summary_large_image","twitter_misc":{"Est. reading time":"1 minute"},"schema":{"@context":"https:\/\/schema.org","@graph":[{"@type":"WebPage","@id":"https:\/\/luminairesgregoire.com\/en\/product\/lampe-sur-pied-noirfaux-bois-sull-ifl2127b63bkw\/","url":"https:\/\/luminairesgregoire.com\/en\/product\/lampe-sur-pied-noirfaux-bois-sull-ifl2127b63bkw\/","name":"LAMPE SUR PIED NOIR+FAUX BOIS- SULL IFL2127B63BKW - Luminaires Paul Gr\u00e9goire","isPartOf":{"@id":"https:\/\/luminairesgregoire.com\/en\/#website"},"primaryImageOfPage":{"@id":"https:\/\/luminairesgregoire.com\/en\/product\/lampe-sur-pied-noirfaux-bois-sull-ifl2127b63bkw\/#primaryimage"},"image":{"@id":"https:\/\/luminairesgregoire.com\/en\/product\/lampe-sur-pied-noirfaux-bois-sull-ifl2127b63bkw\/#primaryimage"},"thumbnailUrl":"https:\/\/luminairesgregoire.com\/wp-content\/uploads\/2026\/01\/Votre-texte-de-paragraphe-89.webp","datePublished":"2025-11-13T06:42:05+00:00","dateModified":"2026-04-14T07:28:23+00:00","description":"LAMPE SUR PIED NOIR+FAUX BOIS- SULL IFL2127B63BKW - Discover our collection of designer lighting \u2014 pendants, lamps, and ceiling lights \u2014 to brighten every space with style and elegance.","breadcrumb":{"@id":"https:\/\/luminairesgregoire.com\/en\/product\/lampe-sur-pied-noirfaux-bois-sull-ifl2127b63bkw\/#breadcrumb"},"inLanguage":"en-US","potentialAction":[{"@type":"ReadAction","target":["https:\/\/luminairesgregoire.com\/en\/product\/lampe-sur-pied-noirfaux-bois-sull-ifl2127b63bkw\/"]}]},{"@type":"ImageObject","inLanguage":"en-US","@id":"https:\/\/luminairesgregoire.com\/en\/product\/lampe-sur-pied-noirfaux-bois-sull-ifl2127b63bkw\/#primaryimage","url":"https:\/\/luminairesgregoire.com\/wp-content\/uploads\/2026\/01\/Votre-texte-de-paragraphe-89.webp","contentUrl":"https:\/\/luminairesgregoire.com\/wp-content\/uploads\/2026\/01\/Votre-texte-de-paragraphe-89.webp","width":850,"height":850,"caption":"LAMPE SUR PIED NOIR+FAUX BOIS- SULL IFL2127B63BKW"},{"@type":"BreadcrumbList","@id":"https:\/\/luminairesgregoire.com\/en\/product\/lampe-sur-pied-noirfaux-bois-sull-ifl2127b63bkw\/#breadcrumb","itemListElement":[{"@type":"ListItem","position":1,"name":"Home","item":"https:\/\/luminairesgregoire.com\/en\/"},{"@type":"ListItem","position":2,"name":"Store","item":"https:\/\/luminairesgregoire.com\/en\/products\/"},{"@type":"ListItem","position":3,"name":"LAMPE SUR PIED NOIR+FAUX BOIS- SULL IFL2127B63BKW"}]},{"@type":"WebSite","@id":"https:\/\/luminairesgregoire.com\/en\/#website","url":"https:\/\/luminairesgregoire.com\/en\/","name":"Luminaires Paul Gr\u00e9goire","description":"","publisher":{"@id":"https:\/\/luminairesgregoire.com\/en\/#organization"},"potentialAction":[{"@type":"SearchAction","target":{"@type":"EntryPoint","urlTemplate":"https:\/\/luminairesgregoire.com\/en\/?s={search_term_string}"},"query-input":{"@type":"PropertyValueSpecification","valueRequired":true,"valueName":"search_term_string"}}],"inLanguage":"en-US"},{"@type":"Organization","@id":"https:\/\/luminairesgregoire.com\/en\/#organization","name":"Luminaires Paul Gr\u00e9goire","url":"https:\/\/luminairesgregoire.com\/en\/","logo":{"@type":"ImageObject","inLanguage":"en-US","@id":"https:\/\/luminairesgregoire.com\/en\/#\/schema\/logo\/image\/","url":"https:\/\/luminairesgregoire.com\/wp-content\/uploads\/2021\/05\/logo_CMYK-1-1.png","contentUrl":"https:\/\/luminairesgregoire.com\/wp-content\/uploads\/2021\/05\/logo_CMYK-1-1.png","width":350,"height":164,"caption":"Luminaires Paul Gr\u00e9goire"},"image":{"@id":"https:\/\/luminairesgregoire.com\/en\/#\/schema\/logo\/image\/"}}]}},"_links":{"self":[{"href":"https:\/\/luminairesgregoire.com\/en\/wp-json\/wp\/v2\/product\/29363","targetHints":{"allow":["GET"]}}],"collection":[{"href":"https:\/\/luminairesgregoire.com\/en\/wp-json\/wp\/v2\/product"}],"about":[{"href":"https:\/\/luminairesgregoire.com\/en\/wp-json\/wp\/v2\/types\/product"}],"wp:featuredmedia":[{"embeddable":true,"href":"https:\/\/luminairesgregoire.com\/en\/wp-json\/wp\/v2\/media\/33764"}],"wp:attachment":[{"href":"https:\/\/luminairesgregoire.com\/en\/wp-json\/wp\/v2\/media?parent=29363"}],"wp:term":[{"taxonomy":"product_brand","embeddable":true,"href":"https:\/\/luminairesgregoire.com\/en\/wp-json\/wp\/v2\/product_brand?post=29363"},{"taxonomy":"product_cat","embeddable":true,"href":"https:\/\/luminairesgregoire.com\/en\/wp-json\/wp\/v2\/product_cat?post=29363"},{"taxonomy":"product_tag","embeddable":true,"href":"https:\/\/luminairesgregoire.com\/en\/wp-json\/wp\/v2\/product_tag?post=29363"}],"curies":[{"name":"wp","href":"https:\/\/api.w.org\/{rel}","templated":true}]}}