{"id":29373,"date":"2025-07-09T01:58:13","date_gmt":"2025-07-09T05:58:13","guid":{"rendered":"https:\/\/luminairesgregoire.com\/produits\/black-and-gold-outdoor-wall-lightmiller-iol730bkg\/"},"modified":"2026-02-17T11:51:05","modified_gmt":"2026-02-17T16:51:05","slug":"black-and-gold-outdoor-wall-lightmiller-iol730bkg","status":"publish","type":"product","link":"https:\/\/luminairesgregoire.com\/en\/product\/black-and-gold-outdoor-wall-lightmiller-iol730bkg\/","title":{"rendered":"Black and Gold Outdoor Wall Light- MILLER IOL730BKG"},"content":{"rendered":"<article class=\"text-token-text-primary w-full focus:outline-none [--shadow-height:45px] has-data-writing-block:pointer-events-none has-data-writing-block:-mt-(--shadow-height) has-data-writing-block:pt-(--shadow-height) [&amp;:has([data-writing-block])&gt;*]:pointer-events-auto [content-visibility:auto] supports-[content-visibility:auto]:[contain-intrinsic-size:auto_100lvh] scroll-mt-[calc(var(--header-height)+min(200px,max(70px,20svh)))]\" dir=\"auto\" data-turn-id=\"request-WEB:283926e8-6e83-4713-a97d-2122a2ba2f6a-1\" data-testid=\"conversation-turn-4\" data-scroll-anchor=\"true\" data-turn=\"assistant\">\n<div class=\"text-base my-auto mx-auto pb-10 [--thread-content-margin:--spacing(4)] thread-sm:[--thread-content-margin:--spacing(6)] thread-lg:[--thread-content-margin:--spacing(16)] px-(--thread-content-margin)\">\n<div class=\"[--thread-content-max-width:40rem] thread-lg:[--thread-content-max-width:48rem] mx-auto max-w-(--thread-content-max-width) flex-1 group\/turn-messages focus-visible:outline-hidden relative flex w-full min-w-0 flex-col agent-turn\">\n<div class=\"flex max-w-full flex-col grow\">\n<div class=\"min-h-8 text-message relative flex w-full flex-col items-end gap-2 text-start break-words whitespace-normal [.text-message+&amp;]:mt-1\" dir=\"auto\" data-message-author-role=\"assistant\" data-message-id=\"736b7060-b4ca-4b56-a720-e87237aaa748\" data-message-model-slug=\"gpt-5\">\n<div class=\"flex w-full flex-col gap-1 empty:hidden first:pt-[1px]\">\n<div class=\"markdown prose dark:prose-invert w-full break-words light markdown-new-styling\">\n<p data-start=\"0\" data-end=\"707\" data-is-last-node=\"\" data-is-only-node=\"\">L\u2019applique murale ext\u00e9rieure <strong data-start=\"43\" data-end=\"65\">Miller \u00e0 1 lumi\u00e8re<\/strong> allie simplicit\u00e9 moderne et charme intemporel.<br \/>\nSon fini noir \u00e9l\u00e9gant et son design rectangulaire \u00e9pur\u00e9 offrent une esth\u00e9tique minimaliste, tandis que les panneaux de verre clair ajoutent une touche de transparence et de l\u00e9g\u00e8ret\u00e9.<br \/>\nLa plaque dor\u00e9e derri\u00e8re l\u2019ampoule apporte chaleur et \u00e9l\u00e9gance, rehaussant l\u2019ensemble d\u2019une subtile note raffin\u00e9e.<br data-start=\"410\" data-end=\"413\">Parfaite pour une vari\u00e9t\u00e9 d\u2019ext\u00e9rieurs, la lanterne <strong data-start=\"465\" data-end=\"475\">Miller<\/strong> s\u2019agence ais\u00e9ment aux d\u00e9cors urbains comme traditionnels.   Qu\u2019elle soit install\u00e9e sur une terrasse, \u00e0 l\u2019entr\u00e9e ou le long d\u2019une all\u00e9e, cette lumi\u00e8re offre un \u00e9quilibre id\u00e9al entre style et fonctionnalit\u00e9 pour votre espace ext\u00e9rieur.<\/p>\n<\/div>\n<\/div>\n<\/div>\n<\/div>\n<div class=\"z-0 flex min-h-[46px] justify-start\"><\/div>\n<div class=\"mt-3 w-full empty:hidden\">\n<div class=\"text-center\"><\/div>\n<\/div>\n<\/div>\n<\/div>\n<\/article>\n<div class=\"pointer-events-none h-px w-px\" aria-hidden=\"true\" data-edge=\"true\"><\/div>\n","protected":false},"excerpt":{"rendered":"<p>L\u2019applique murale ext\u00e9rieure Miller \u00e0 1 lumi\u00e8re allie simplicit\u00e9 moderne et charme intemporel. Son fini noir \u00e9l\u00e9gant et son design rectangulaire \u00e9pur\u00e9 offrent une esth\u00e9tique minimaliste, tandis que les panneaux de verre clair ajoutent une touche de transparence et de l\u00e9g\u00e8ret\u00e9. La plaque dor\u00e9e derri\u00e8re l\u2019ampoule apporte chaleur et \u00e9l\u00e9gance, rehaussant l\u2019ensemble d\u2019une subtile note [&hellip;]<\/p>\n","protected":false},"featured_media":29348,"template":"","meta":{"_acf_changed":false},"product_brand":[7080],"product_cat":[5891,5894],"product_tag":[],"class_list":{"0":"post-29373","1":"product","2":"type-product","3":"status-publish","4":"has-post-thumbnail","6":"product_brand-canarm","7":"product_cat-outdoor-lighting","8":"product_cat-wall-sconces-exterior","9":"pa_finis-black","10":"pa_finis-gold-2","11":"pa_hauteur-13-3-8","12":"pa_largeur-5-1-2-po","13":"pa_profondeur-4-7-8","15":"first","16":"instock","17":"taxable","18":"shipping-taxable","19":"purchasable","20":"product-type-simple"},"acf":[],"yoast_head":"<!-- This site is optimized with the Yoast SEO plugin v26.9 - https:\/\/yoast.com\/product\/yoast-seo-wordpress\/ -->\n<title>Black and Gold Outdoor Wall Light- MILLER IOL730BKG - Luminaires Paul Gr\u00e9goire<\/title>\n<meta name=\"description\" content=\"Black and Gold Outdoor Wall Light- MILLER IOL730BKG - Discover our collection of designer lighting \u2014 pendants, lamps, and ceiling lights \u2014 to brighten every space with style and elegance.\" \/>\n<meta name=\"robots\" content=\"index, follow, max-snippet:-1, max-image-preview:large, max-video-preview:-1\" \/>\n<link rel=\"canonical\" href=\"https:\/\/luminairesgregoire.com\/en\/product\/black-and-gold-outdoor-wall-lightmiller-iol730bkg\/\" \/>\n<meta property=\"og:locale\" content=\"en_US\" \/>\n<meta property=\"og:type\" content=\"article\" \/>\n<meta property=\"og:title\" content=\"Black and Gold Outdoor Wall Light- MILLER IOL730BKG - Luminaires Paul Gr\u00e9goire\" \/>\n<meta property=\"og:description\" content=\"Black and Gold Outdoor Wall Light- MILLER IOL730BKG - Discover our collection of designer lighting \u2014 pendants, lamps, and ceiling lights \u2014 to brighten every space with style and elegance.\" \/>\n<meta property=\"og:url\" content=\"https:\/\/luminairesgregoire.com\/en\/product\/black-and-gold-outdoor-wall-lightmiller-iol730bkg\/\" \/>\n<meta property=\"og:site_name\" content=\"Luminaires Paul Gr\u00e9goire\" \/>\n<meta property=\"article:modified_time\" content=\"2026-02-17T16:51:05+00:00\" \/>\n<meta property=\"og:image\" content=\"https:\/\/luminairesgregoire.com\/wp-content\/uploads\/2025\/11\/Creation-sans-titre-28.webp\" \/>\n\t<meta property=\"og:image:width\" content=\"850\" \/>\n\t<meta property=\"og:image:height\" content=\"850\" \/>\n\t<meta property=\"og:image:type\" content=\"image\/jpeg\" \/>\n<meta name=\"twitter:card\" content=\"summary_large_image\" \/>\n<meta name=\"twitter:label1\" content=\"Est. reading time\" \/>\n\t<meta name=\"twitter:data1\" content=\"1 minute\" \/>\n<script type=\"application\/ld+json\" class=\"yoast-schema-graph\">{\"@context\":\"https:\/\/schema.org\",\"@graph\":[{\"@type\":\"WebPage\",\"@id\":\"https:\/\/luminairesgregoire.com\/en\/product\/black-and-gold-outdoor-wall-lightmiller-iol730bkg\/\",\"url\":\"https:\/\/luminairesgregoire.com\/en\/product\/black-and-gold-outdoor-wall-lightmiller-iol730bkg\/\",\"name\":\"Black and Gold Outdoor Wall Light- MILLER IOL730BKG - Luminaires Paul Gr\u00e9goire\",\"isPartOf\":{\"@id\":\"https:\/\/luminairesgregoire.com\/en\/#website\"},\"primaryImageOfPage\":{\"@id\":\"https:\/\/luminairesgregoire.com\/en\/product\/black-and-gold-outdoor-wall-lightmiller-iol730bkg\/#primaryimage\"},\"image\":{\"@id\":\"https:\/\/luminairesgregoire.com\/en\/product\/black-and-gold-outdoor-wall-lightmiller-iol730bkg\/#primaryimage\"},\"thumbnailUrl\":\"https:\/\/luminairesgregoire.com\/wp-content\/uploads\/2025\/11\/Creation-sans-titre-28.webp\",\"datePublished\":\"2025-07-09T05:58:13+00:00\",\"dateModified\":\"2026-02-17T16:51:05+00:00\",\"description\":\"Black and Gold Outdoor Wall Light- MILLER IOL730BKG - Discover our collection of designer lighting \u2014 pendants, lamps, and ceiling lights \u2014 to brighten every space with style and elegance.\",\"breadcrumb\":{\"@id\":\"https:\/\/luminairesgregoire.com\/en\/product\/black-and-gold-outdoor-wall-lightmiller-iol730bkg\/#breadcrumb\"},\"inLanguage\":\"en-US\",\"potentialAction\":[{\"@type\":\"ReadAction\",\"target\":[\"https:\/\/luminairesgregoire.com\/en\/product\/black-and-gold-outdoor-wall-lightmiller-iol730bkg\/\"]}]},{\"@type\":\"ImageObject\",\"inLanguage\":\"en-US\",\"@id\":\"https:\/\/luminairesgregoire.com\/en\/product\/black-and-gold-outdoor-wall-lightmiller-iol730bkg\/#primaryimage\",\"url\":\"https:\/\/luminairesgregoire.com\/wp-content\/uploads\/2025\/11\/Creation-sans-titre-28.webp\",\"contentUrl\":\"https:\/\/luminairesgregoire.com\/wp-content\/uploads\/2025\/11\/Creation-sans-titre-28.webp\",\"width\":850,\"height\":850,\"caption\":\"Black and Gold Outdoor Wall Light- MILLER IOL730BKG\"},{\"@type\":\"BreadcrumbList\",\"@id\":\"https:\/\/luminairesgregoire.com\/en\/product\/black-and-gold-outdoor-wall-lightmiller-iol730bkg\/#breadcrumb\",\"itemListElement\":[{\"@type\":\"ListItem\",\"position\":1,\"name\":\"Home\",\"item\":\"https:\/\/luminairesgregoire.com\/en\/\"},{\"@type\":\"ListItem\",\"position\":2,\"name\":\"Store\",\"item\":\"https:\/\/luminairesgregoire.com\/en\/products\/\"},{\"@type\":\"ListItem\",\"position\":3,\"name\":\"Black and Gold Outdoor Wall Light- MILLER IOL730BKG\"}]},{\"@type\":\"WebSite\",\"@id\":\"https:\/\/luminairesgregoire.com\/en\/#website\",\"url\":\"https:\/\/luminairesgregoire.com\/en\/\",\"name\":\"Luminaires Paul Gr\u00e9goire\",\"description\":\"\",\"publisher\":{\"@id\":\"https:\/\/luminairesgregoire.com\/en\/#organization\"},\"potentialAction\":[{\"@type\":\"SearchAction\",\"target\":{\"@type\":\"EntryPoint\",\"urlTemplate\":\"https:\/\/luminairesgregoire.com\/en\/?s={search_term_string}\"},\"query-input\":{\"@type\":\"PropertyValueSpecification\",\"valueRequired\":true,\"valueName\":\"search_term_string\"}}],\"inLanguage\":\"en-US\"},{\"@type\":\"Organization\",\"@id\":\"https:\/\/luminairesgregoire.com\/en\/#organization\",\"name\":\"Luminaires Paul Gr\u00e9goire\",\"url\":\"https:\/\/luminairesgregoire.com\/en\/\",\"logo\":{\"@type\":\"ImageObject\",\"inLanguage\":\"en-US\",\"@id\":\"https:\/\/luminairesgregoire.com\/en\/#\/schema\/logo\/image\/\",\"url\":\"https:\/\/luminairesgregoire.com\/wp-content\/uploads\/2021\/05\/logo_CMYK-1-1.png\",\"contentUrl\":\"https:\/\/luminairesgregoire.com\/wp-content\/uploads\/2021\/05\/logo_CMYK-1-1.png\",\"width\":350,\"height\":164,\"caption\":\"Luminaires Paul Gr\u00e9goire\"},\"image\":{\"@id\":\"https:\/\/luminairesgregoire.com\/en\/#\/schema\/logo\/image\/\"}}]}<\/script>\n<!-- \/ Yoast SEO plugin. -->","yoast_head_json":{"title":"Black and Gold Outdoor Wall Light- MILLER IOL730BKG - Luminaires Paul Gr\u00e9goire","description":"Black and Gold Outdoor Wall Light- MILLER IOL730BKG - Discover our collection of designer lighting \u2014 pendants, lamps, and ceiling lights \u2014 to brighten every space with style and elegance.","robots":{"index":"index","follow":"follow","max-snippet":"max-snippet:-1","max-image-preview":"max-image-preview:large","max-video-preview":"max-video-preview:-1"},"canonical":"https:\/\/luminairesgregoire.com\/en\/product\/black-and-gold-outdoor-wall-lightmiller-iol730bkg\/","og_locale":"en_US","og_type":"article","og_title":"Black and Gold Outdoor Wall Light- MILLER IOL730BKG - Luminaires Paul Gr\u00e9goire","og_description":"Black and Gold Outdoor Wall Light- MILLER IOL730BKG - Discover our collection of designer lighting \u2014 pendants, lamps, and ceiling lights \u2014 to brighten every space with style and elegance.","og_url":"https:\/\/luminairesgregoire.com\/en\/product\/black-and-gold-outdoor-wall-lightmiller-iol730bkg\/","og_site_name":"Luminaires Paul Gr\u00e9goire","article_modified_time":"2026-02-17T16:51:05+00:00","og_image":[{"width":850,"height":850,"url":"https:\/\/luminairesgregoire.com\/wp-content\/uploads\/2025\/11\/Creation-sans-titre-28.webp","type":"image\/jpeg"}],"twitter_card":"summary_large_image","twitter_misc":{"Est. reading time":"1 minute"},"schema":{"@context":"https:\/\/schema.org","@graph":[{"@type":"WebPage","@id":"https:\/\/luminairesgregoire.com\/en\/product\/black-and-gold-outdoor-wall-lightmiller-iol730bkg\/","url":"https:\/\/luminairesgregoire.com\/en\/product\/black-and-gold-outdoor-wall-lightmiller-iol730bkg\/","name":"Black and Gold Outdoor Wall Light- MILLER IOL730BKG - Luminaires Paul Gr\u00e9goire","isPartOf":{"@id":"https:\/\/luminairesgregoire.com\/en\/#website"},"primaryImageOfPage":{"@id":"https:\/\/luminairesgregoire.com\/en\/product\/black-and-gold-outdoor-wall-lightmiller-iol730bkg\/#primaryimage"},"image":{"@id":"https:\/\/luminairesgregoire.com\/en\/product\/black-and-gold-outdoor-wall-lightmiller-iol730bkg\/#primaryimage"},"thumbnailUrl":"https:\/\/luminairesgregoire.com\/wp-content\/uploads\/2025\/11\/Creation-sans-titre-28.webp","datePublished":"2025-07-09T05:58:13+00:00","dateModified":"2026-02-17T16:51:05+00:00","description":"Black and Gold Outdoor Wall Light- MILLER IOL730BKG - Discover our collection of designer lighting \u2014 pendants, lamps, and ceiling lights \u2014 to brighten every space with style and elegance.","breadcrumb":{"@id":"https:\/\/luminairesgregoire.com\/en\/product\/black-and-gold-outdoor-wall-lightmiller-iol730bkg\/#breadcrumb"},"inLanguage":"en-US","potentialAction":[{"@type":"ReadAction","target":["https:\/\/luminairesgregoire.com\/en\/product\/black-and-gold-outdoor-wall-lightmiller-iol730bkg\/"]}]},{"@type":"ImageObject","inLanguage":"en-US","@id":"https:\/\/luminairesgregoire.com\/en\/product\/black-and-gold-outdoor-wall-lightmiller-iol730bkg\/#primaryimage","url":"https:\/\/luminairesgregoire.com\/wp-content\/uploads\/2025\/11\/Creation-sans-titre-28.webp","contentUrl":"https:\/\/luminairesgregoire.com\/wp-content\/uploads\/2025\/11\/Creation-sans-titre-28.webp","width":850,"height":850,"caption":"Black and Gold Outdoor Wall Light- MILLER IOL730BKG"},{"@type":"BreadcrumbList","@id":"https:\/\/luminairesgregoire.com\/en\/product\/black-and-gold-outdoor-wall-lightmiller-iol730bkg\/#breadcrumb","itemListElement":[{"@type":"ListItem","position":1,"name":"Home","item":"https:\/\/luminairesgregoire.com\/en\/"},{"@type":"ListItem","position":2,"name":"Store","item":"https:\/\/luminairesgregoire.com\/en\/products\/"},{"@type":"ListItem","position":3,"name":"Black and Gold Outdoor Wall Light- MILLER IOL730BKG"}]},{"@type":"WebSite","@id":"https:\/\/luminairesgregoire.com\/en\/#website","url":"https:\/\/luminairesgregoire.com\/en\/","name":"Luminaires Paul Gr\u00e9goire","description":"","publisher":{"@id":"https:\/\/luminairesgregoire.com\/en\/#organization"},"potentialAction":[{"@type":"SearchAction","target":{"@type":"EntryPoint","urlTemplate":"https:\/\/luminairesgregoire.com\/en\/?s={search_term_string}"},"query-input":{"@type":"PropertyValueSpecification","valueRequired":true,"valueName":"search_term_string"}}],"inLanguage":"en-US"},{"@type":"Organization","@id":"https:\/\/luminairesgregoire.com\/en\/#organization","name":"Luminaires Paul Gr\u00e9goire","url":"https:\/\/luminairesgregoire.com\/en\/","logo":{"@type":"ImageObject","inLanguage":"en-US","@id":"https:\/\/luminairesgregoire.com\/en\/#\/schema\/logo\/image\/","url":"https:\/\/luminairesgregoire.com\/wp-content\/uploads\/2021\/05\/logo_CMYK-1-1.png","contentUrl":"https:\/\/luminairesgregoire.com\/wp-content\/uploads\/2021\/05\/logo_CMYK-1-1.png","width":350,"height":164,"caption":"Luminaires Paul Gr\u00e9goire"},"image":{"@id":"https:\/\/luminairesgregoire.com\/en\/#\/schema\/logo\/image\/"}}]}},"_links":{"self":[{"href":"https:\/\/luminairesgregoire.com\/en\/wp-json\/wp\/v2\/product\/29373","targetHints":{"allow":["GET"]}}],"collection":[{"href":"https:\/\/luminairesgregoire.com\/en\/wp-json\/wp\/v2\/product"}],"about":[{"href":"https:\/\/luminairesgregoire.com\/en\/wp-json\/wp\/v2\/types\/product"}],"wp:featuredmedia":[{"embeddable":true,"href":"https:\/\/luminairesgregoire.com\/en\/wp-json\/wp\/v2\/media\/29348"}],"wp:attachment":[{"href":"https:\/\/luminairesgregoire.com\/en\/wp-json\/wp\/v2\/media?parent=29373"}],"wp:term":[{"taxonomy":"product_brand","embeddable":true,"href":"https:\/\/luminairesgregoire.com\/en\/wp-json\/wp\/v2\/product_brand?post=29373"},{"taxonomy":"product_cat","embeddable":true,"href":"https:\/\/luminairesgregoire.com\/en\/wp-json\/wp\/v2\/product_cat?post=29373"},{"taxonomy":"product_tag","embeddable":true,"href":"https:\/\/luminairesgregoire.com\/en\/wp-json\/wp\/v2\/product_tag?post=29373"}],"curies":[{"name":"wp","href":"https:\/\/api.w.org\/{rel}","templated":true}]}}