{"id":29730,"date":"2025-11-28T01:55:05","date_gmt":"2025-11-28T06:55:05","guid":{"rendered":"https:\/\/luminairesgregoire.com\/?post_type=product&#038;p=29730"},"modified":"2026-05-04T03:51:38","modified_gmt":"2026-05-04T07:51:38","slug":"suspendu-del-noir-et-or-paven-pvn-2015led-mb-agb","status":"publish","type":"product","link":"https:\/\/luminairesgregoire.com\/en\/product\/suspendu-del-noir-et-or-paven-pvn-2015led-mb-agb\/","title":{"rendered":"SUSPENDU DEL NOIR ET OR- PAVEN PVN-2015LED-MB-AGB"},"content":{"rendered":"<p data-start=\"178\" data-end=\"465\">Apportez du caract\u00e8re et du raffinement \u00e0 votre d\u00e9cor avec cette suspension Dainolite au contraste \u00e9l\u00e9gant de noir mat et de laiton vieilli. Son design contemporain aux accents chaleureux cr\u00e9e un point focal sophistiqu\u00e9, id\u00e9al pour une salle \u00e0 manger, un \u00eelot de cuisine ou une entr\u00e9e.<\/p>\n<p data-start=\"467\" data-end=\"744\">Son diffuseur en verre givr\u00e9 adoucit la lumi\u00e8re pour offrir un \u00e9clairage uniforme et accueillant. Dot\u00e9e d\u2019un \u00e9clairage DEL int\u00e9gr\u00e9 de 3000K, elle combine efficacit\u00e9 \u00e9nerg\u00e9tique et ambiance chaleureuse. Sa hauteur ajustable permet une installation flexible selon votre espace.<\/p>\n","protected":false},"excerpt":{"rendered":"<p>Apportez du caract\u00e8re et du raffinement \u00e0 votre d\u00e9cor avec cette suspension Dainolite au contraste \u00e9l\u00e9gant de noir mat et de laiton vieilli. Son design contemporain aux accents chaleureux cr\u00e9e un point focal sophistiqu\u00e9, id\u00e9al pour une salle \u00e0 manger, un \u00eelot de cuisine ou une entr\u00e9e. Son diffuseur en verre givr\u00e9 adoucit la lumi\u00e8re [&hellip;]<\/p>\n","protected":false},"featured_media":37570,"template":"","meta":{"_acf_changed":false},"product_brand":[6017],"product_cat":[6011,5835,5839],"product_tag":[],"class_list":{"0":"post-29730","1":"product","2":"type-product","3":"status-publish","4":"has-post-thumbnail","6":"product_brand-dainolite","7":"product_cat-soldes","8":"product_cat-suspension","9":"product_cat-suspension-suspension","10":"pa_diametre-2715","11":"pa_finis-noir","12":"pa_finis-or","13":"pa_garantie-3-ans","15":"first","16":"instock","17":"sale","18":"taxable","19":"shipping-taxable","20":"purchasable","21":"product-type-simple"},"acf":[],"yoast_head":"<!-- This site is optimized with the Yoast SEO plugin v27.4 - https:\/\/yoast.com\/product\/yoast-seo-wordpress\/ -->\n<title>SUSPENDU DEL NOIR ET OR- PAVEN PVN-2015LED-MB-AGB - Luminaires Paul Gr\u00e9goire<\/title>\n<meta name=\"description\" content=\"SUSPENDU DEL NOIR ET OR- PAVEN PVN-2015LED-MB-AGB - Discover our collection of designer lighting \u2014 pendants, lamps, and ceiling lights \u2014 to brighten every space with style and elegance.\" \/>\n<meta name=\"robots\" content=\"index, follow, max-snippet:-1, max-image-preview:large, max-video-preview:-1\" \/>\n<link rel=\"canonical\" href=\"https:\/\/luminairesgregoire.com\/en\/product\/suspendu-del-noir-et-or-paven-pvn-2015led-mb-agb\/\" \/>\n<meta property=\"og:locale\" content=\"en_US\" \/>\n<meta property=\"og:type\" content=\"article\" \/>\n<meta property=\"og:title\" content=\"SUSPENDU DEL NOIR ET OR- PAVEN PVN-2015LED-MB-AGB - Luminaires Paul Gr\u00e9goire\" \/>\n<meta property=\"og:description\" content=\"SUSPENDU DEL NOIR ET OR- PAVEN PVN-2015LED-MB-AGB - Discover our collection of designer lighting \u2014 pendants, lamps, and ceiling lights \u2014 to brighten every space with style and elegance.\" \/>\n<meta property=\"og:url\" content=\"https:\/\/luminairesgregoire.com\/en\/product\/suspendu-del-noir-et-or-paven-pvn-2015led-mb-agb\/\" \/>\n<meta property=\"og:site_name\" content=\"Luminaires Paul Gr\u00e9goire\" \/>\n<meta property=\"article:modified_time\" content=\"2026-05-04T07:51:38+00:00\" \/>\n<meta property=\"og:image\" content=\"https:\/\/luminairesgregoire.com\/wp-content\/uploads\/2026\/04\/Votre-texte-de-paragraphe-2026-04-02T155840.367.webp\" \/>\n\t<meta property=\"og:image:width\" content=\"850\" \/>\n\t<meta property=\"og:image:height\" content=\"850\" \/>\n\t<meta property=\"og:image:type\" content=\"image\/jpeg\" \/>\n<meta name=\"twitter:card\" content=\"summary_large_image\" \/>\n<meta name=\"twitter:label1\" content=\"Est. reading time\" \/>\n\t<meta name=\"twitter:data1\" content=\"1 minute\" \/>\n<script type=\"application\/ld+json\" class=\"yoast-schema-graph\">{\"@context\":\"https:\\\/\\\/schema.org\",\"@graph\":[{\"@type\":\"WebPage\",\"@id\":\"https:\\\/\\\/luminairesgregoire.com\\\/en\\\/product\\\/suspendu-del-noir-et-or-paven-pvn-2015led-mb-agb\\\/\",\"url\":\"https:\\\/\\\/luminairesgregoire.com\\\/en\\\/product\\\/suspendu-del-noir-et-or-paven-pvn-2015led-mb-agb\\\/\",\"name\":\"SUSPENDU DEL NOIR ET OR- PAVEN PVN-2015LED-MB-AGB - Luminaires Paul Gr\u00e9goire\",\"isPartOf\":{\"@id\":\"https:\\\/\\\/luminairesgregoire.com\\\/en\\\/#website\"},\"primaryImageOfPage\":{\"@id\":\"https:\\\/\\\/luminairesgregoire.com\\\/en\\\/product\\\/suspendu-del-noir-et-or-paven-pvn-2015led-mb-agb\\\/#primaryimage\"},\"image\":{\"@id\":\"https:\\\/\\\/luminairesgregoire.com\\\/en\\\/product\\\/suspendu-del-noir-et-or-paven-pvn-2015led-mb-agb\\\/#primaryimage\"},\"thumbnailUrl\":\"https:\\\/\\\/luminairesgregoire.com\\\/wp-content\\\/uploads\\\/2026\\\/04\\\/Votre-texte-de-paragraphe-2026-04-02T155840.367.webp\",\"datePublished\":\"2025-11-28T06:55:05+00:00\",\"dateModified\":\"2026-05-04T07:51:38+00:00\",\"description\":\"SUSPENDU DEL NOIR ET OR- PAVEN PVN-2015LED-MB-AGB - Discover our collection of designer lighting \u2014 pendants, lamps, and ceiling lights \u2014 to brighten every space with style and elegance.\",\"breadcrumb\":{\"@id\":\"https:\\\/\\\/luminairesgregoire.com\\\/en\\\/product\\\/suspendu-del-noir-et-or-paven-pvn-2015led-mb-agb\\\/#breadcrumb\"},\"inLanguage\":\"en-US\",\"potentialAction\":[{\"@type\":\"ReadAction\",\"target\":[\"https:\\\/\\\/luminairesgregoire.com\\\/en\\\/product\\\/suspendu-del-noir-et-or-paven-pvn-2015led-mb-agb\\\/\"]}]},{\"@type\":\"ImageObject\",\"inLanguage\":\"en-US\",\"@id\":\"https:\\\/\\\/luminairesgregoire.com\\\/en\\\/product\\\/suspendu-del-noir-et-or-paven-pvn-2015led-mb-agb\\\/#primaryimage\",\"url\":\"https:\\\/\\\/luminairesgregoire.com\\\/wp-content\\\/uploads\\\/2026\\\/04\\\/Votre-texte-de-paragraphe-2026-04-02T155840.367.webp\",\"contentUrl\":\"https:\\\/\\\/luminairesgregoire.com\\\/wp-content\\\/uploads\\\/2026\\\/04\\\/Votre-texte-de-paragraphe-2026-04-02T155840.367.webp\",\"width\":850,\"height\":850,\"caption\":\"SUSPENDU DEL NOIR ET OR- PAVEN PVN-2015LED-MB-AGB\"},{\"@type\":\"BreadcrumbList\",\"@id\":\"https:\\\/\\\/luminairesgregoire.com\\\/en\\\/product\\\/suspendu-del-noir-et-or-paven-pvn-2015led-mb-agb\\\/#breadcrumb\",\"itemListElement\":[{\"@type\":\"ListItem\",\"position\":1,\"name\":\"Home\",\"item\":\"https:\\\/\\\/luminairesgregoire.com\\\/en\\\/\"},{\"@type\":\"ListItem\",\"position\":2,\"name\":\"Store\",\"item\":\"https:\\\/\\\/luminairesgregoire.com\\\/en\\\/products\\\/\"},{\"@type\":\"ListItem\",\"position\":3,\"name\":\"SUSPENDU DEL NOIR ET OR- PAVEN PVN-2015LED-MB-AGB\"}]},{\"@type\":\"WebSite\",\"@id\":\"https:\\\/\\\/luminairesgregoire.com\\\/en\\\/#website\",\"url\":\"https:\\\/\\\/luminairesgregoire.com\\\/en\\\/\",\"name\":\"Luminaires Paul Gr\u00e9goire\",\"description\":\"\",\"publisher\":{\"@id\":\"https:\\\/\\\/luminairesgregoire.com\\\/en\\\/#organization\"},\"potentialAction\":[{\"@type\":\"SearchAction\",\"target\":{\"@type\":\"EntryPoint\",\"urlTemplate\":\"https:\\\/\\\/luminairesgregoire.com\\\/en\\\/?s={search_term_string}\"},\"query-input\":{\"@type\":\"PropertyValueSpecification\",\"valueRequired\":true,\"valueName\":\"search_term_string\"}}],\"inLanguage\":\"en-US\"},{\"@type\":\"Organization\",\"@id\":\"https:\\\/\\\/luminairesgregoire.com\\\/en\\\/#organization\",\"name\":\"Luminaires Paul Gr\u00e9goire\",\"url\":\"https:\\\/\\\/luminairesgregoire.com\\\/en\\\/\",\"logo\":{\"@type\":\"ImageObject\",\"inLanguage\":\"en-US\",\"@id\":\"https:\\\/\\\/luminairesgregoire.com\\\/en\\\/#\\\/schema\\\/logo\\\/image\\\/\",\"url\":\"https:\\\/\\\/luminairesgregoire.com\\\/wp-content\\\/uploads\\\/2021\\\/05\\\/logo_CMYK-1-1.png\",\"contentUrl\":\"https:\\\/\\\/luminairesgregoire.com\\\/wp-content\\\/uploads\\\/2021\\\/05\\\/logo_CMYK-1-1.png\",\"width\":350,\"height\":164,\"caption\":\"Luminaires Paul Gr\u00e9goire\"},\"image\":{\"@id\":\"https:\\\/\\\/luminairesgregoire.com\\\/en\\\/#\\\/schema\\\/logo\\\/image\\\/\"}}]}<\/script>\n<!-- \/ Yoast SEO plugin. -->","yoast_head_json":{"title":"SUSPENDU DEL NOIR ET OR- PAVEN PVN-2015LED-MB-AGB - Luminaires Paul Gr\u00e9goire","description":"SUSPENDU DEL NOIR ET OR- PAVEN PVN-2015LED-MB-AGB - Discover our collection of designer lighting \u2014 pendants, lamps, and ceiling lights \u2014 to brighten every space with style and elegance.","robots":{"index":"index","follow":"follow","max-snippet":"max-snippet:-1","max-image-preview":"max-image-preview:large","max-video-preview":"max-video-preview:-1"},"canonical":"https:\/\/luminairesgregoire.com\/en\/product\/suspendu-del-noir-et-or-paven-pvn-2015led-mb-agb\/","og_locale":"en_US","og_type":"article","og_title":"SUSPENDU DEL NOIR ET OR- PAVEN PVN-2015LED-MB-AGB - Luminaires Paul Gr\u00e9goire","og_description":"SUSPENDU DEL NOIR ET OR- PAVEN PVN-2015LED-MB-AGB - Discover our collection of designer lighting \u2014 pendants, lamps, and ceiling lights \u2014 to brighten every space with style and elegance.","og_url":"https:\/\/luminairesgregoire.com\/en\/product\/suspendu-del-noir-et-or-paven-pvn-2015led-mb-agb\/","og_site_name":"Luminaires Paul Gr\u00e9goire","article_modified_time":"2026-05-04T07:51:38+00:00","og_image":[{"width":850,"height":850,"url":"https:\/\/luminairesgregoire.com\/wp-content\/uploads\/2026\/04\/Votre-texte-de-paragraphe-2026-04-02T155840.367.webp","type":"image\/jpeg"}],"twitter_card":"summary_large_image","twitter_misc":{"Est. reading time":"1 minute"},"schema":{"@context":"https:\/\/schema.org","@graph":[{"@type":"WebPage","@id":"https:\/\/luminairesgregoire.com\/en\/product\/suspendu-del-noir-et-or-paven-pvn-2015led-mb-agb\/","url":"https:\/\/luminairesgregoire.com\/en\/product\/suspendu-del-noir-et-or-paven-pvn-2015led-mb-agb\/","name":"SUSPENDU DEL NOIR ET OR- PAVEN PVN-2015LED-MB-AGB - Luminaires Paul Gr\u00e9goire","isPartOf":{"@id":"https:\/\/luminairesgregoire.com\/en\/#website"},"primaryImageOfPage":{"@id":"https:\/\/luminairesgregoire.com\/en\/product\/suspendu-del-noir-et-or-paven-pvn-2015led-mb-agb\/#primaryimage"},"image":{"@id":"https:\/\/luminairesgregoire.com\/en\/product\/suspendu-del-noir-et-or-paven-pvn-2015led-mb-agb\/#primaryimage"},"thumbnailUrl":"https:\/\/luminairesgregoire.com\/wp-content\/uploads\/2026\/04\/Votre-texte-de-paragraphe-2026-04-02T155840.367.webp","datePublished":"2025-11-28T06:55:05+00:00","dateModified":"2026-05-04T07:51:38+00:00","description":"SUSPENDU DEL NOIR ET OR- PAVEN PVN-2015LED-MB-AGB - Discover our collection of designer lighting \u2014 pendants, lamps, and ceiling lights \u2014 to brighten every space with style and elegance.","breadcrumb":{"@id":"https:\/\/luminairesgregoire.com\/en\/product\/suspendu-del-noir-et-or-paven-pvn-2015led-mb-agb\/#breadcrumb"},"inLanguage":"en-US","potentialAction":[{"@type":"ReadAction","target":["https:\/\/luminairesgregoire.com\/en\/product\/suspendu-del-noir-et-or-paven-pvn-2015led-mb-agb\/"]}]},{"@type":"ImageObject","inLanguage":"en-US","@id":"https:\/\/luminairesgregoire.com\/en\/product\/suspendu-del-noir-et-or-paven-pvn-2015led-mb-agb\/#primaryimage","url":"https:\/\/luminairesgregoire.com\/wp-content\/uploads\/2026\/04\/Votre-texte-de-paragraphe-2026-04-02T155840.367.webp","contentUrl":"https:\/\/luminairesgregoire.com\/wp-content\/uploads\/2026\/04\/Votre-texte-de-paragraphe-2026-04-02T155840.367.webp","width":850,"height":850,"caption":"SUSPENDU DEL NOIR ET OR- PAVEN PVN-2015LED-MB-AGB"},{"@type":"BreadcrumbList","@id":"https:\/\/luminairesgregoire.com\/en\/product\/suspendu-del-noir-et-or-paven-pvn-2015led-mb-agb\/#breadcrumb","itemListElement":[{"@type":"ListItem","position":1,"name":"Home","item":"https:\/\/luminairesgregoire.com\/en\/"},{"@type":"ListItem","position":2,"name":"Store","item":"https:\/\/luminairesgregoire.com\/en\/products\/"},{"@type":"ListItem","position":3,"name":"SUSPENDU DEL NOIR ET OR- PAVEN PVN-2015LED-MB-AGB"}]},{"@type":"WebSite","@id":"https:\/\/luminairesgregoire.com\/en\/#website","url":"https:\/\/luminairesgregoire.com\/en\/","name":"Luminaires Paul Gr\u00e9goire","description":"","publisher":{"@id":"https:\/\/luminairesgregoire.com\/en\/#organization"},"potentialAction":[{"@type":"SearchAction","target":{"@type":"EntryPoint","urlTemplate":"https:\/\/luminairesgregoire.com\/en\/?s={search_term_string}"},"query-input":{"@type":"PropertyValueSpecification","valueRequired":true,"valueName":"search_term_string"}}],"inLanguage":"en-US"},{"@type":"Organization","@id":"https:\/\/luminairesgregoire.com\/en\/#organization","name":"Luminaires Paul Gr\u00e9goire","url":"https:\/\/luminairesgregoire.com\/en\/","logo":{"@type":"ImageObject","inLanguage":"en-US","@id":"https:\/\/luminairesgregoire.com\/en\/#\/schema\/logo\/image\/","url":"https:\/\/luminairesgregoire.com\/wp-content\/uploads\/2021\/05\/logo_CMYK-1-1.png","contentUrl":"https:\/\/luminairesgregoire.com\/wp-content\/uploads\/2021\/05\/logo_CMYK-1-1.png","width":350,"height":164,"caption":"Luminaires Paul Gr\u00e9goire"},"image":{"@id":"https:\/\/luminairesgregoire.com\/en\/#\/schema\/logo\/image\/"}}]}},"_links":{"self":[{"href":"https:\/\/luminairesgregoire.com\/en\/wp-json\/wp\/v2\/product\/29730","targetHints":{"allow":["GET"]}}],"collection":[{"href":"https:\/\/luminairesgregoire.com\/en\/wp-json\/wp\/v2\/product"}],"about":[{"href":"https:\/\/luminairesgregoire.com\/en\/wp-json\/wp\/v2\/types\/product"}],"wp:featuredmedia":[{"embeddable":true,"href":"https:\/\/luminairesgregoire.com\/en\/wp-json\/wp\/v2\/media\/37570"}],"wp:attachment":[{"href":"https:\/\/luminairesgregoire.com\/en\/wp-json\/wp\/v2\/media?parent=29730"}],"wp:term":[{"taxonomy":"product_brand","embeddable":true,"href":"https:\/\/luminairesgregoire.com\/en\/wp-json\/wp\/v2\/product_brand?post=29730"},{"taxonomy":"product_cat","embeddable":true,"href":"https:\/\/luminairesgregoire.com\/en\/wp-json\/wp\/v2\/product_cat?post=29730"},{"taxonomy":"product_tag","embeddable":true,"href":"https:\/\/luminairesgregoire.com\/en\/wp-json\/wp\/v2\/product_tag?post=29730"}],"curies":[{"name":"wp","href":"https:\/\/api.w.org\/{rel}","templated":true}]}}