{"id":29879,"date":"2025-11-05T02:10:58","date_gmt":"2025-11-05T07:10:58","guid":{"rendered":"https:\/\/luminairesgregoire.com\/produits\/6l-black-chandelier-betty-ich691b06bk\/"},"modified":"2025-12-02T16:45:59","modified_gmt":"2025-12-02T21:45:59","slug":"6l-black-chandelier-betty-ich691b06bk","status":"publish","type":"product","link":"https:\/\/luminairesgregoire.com\/en\/product\/6l-black-chandelier-betty-ich691b06bk\/","title":{"rendered":"6L BLACK CHANDELIER- BETTY ICH691B06BK"},"content":{"rendered":"<pre id=\"tw-target-text\" class=\"tw-data-text tw-text-large tw-ta\" dir=\"ltr\" role=\"text\" data-placeholder=\"Traduction\" data-ved=\"2ahUKEwijx5iF05-RAxWoGVkFHahdIkIQ3ewLegQIDBAV\" aria-label=\"Texte traduit : Le lustre \u00e0 cha\u00eene Canarm BETTY ICH691B06BK est un luminaire \u00e9l\u00e9gant \u00e0 six lumi\u00e8res qui apporte une touche de modernit\u00e9 \u00e0 toute pi\u00e8ce. Avec sa finition noire mate, il mesure 66 cm de large et sa hauteur est r\u00e9glable jusqu'\u00e0 66 cm. Compatible avec des ampoules de type C de 60 W, le BETTY est id\u00e9al pour cr\u00e9er une ambiance chaleureuse dans une salle \u00e0 manger, un salon ou une entr\u00e9e.\"><span class=\"Y2IQFc\" lang=\"fr\">The Canarm BETTY ICH691B06BK Chain Chandelier is a stylish six-light fixture that adds a modern touch to any room. Finished in Matte Black, it measures 26 inches wide with an adjustable height up to 26 inches. Suitable for 60W Type C bulbs, the BETTY is perfect for creating an inviting atmosphere in dining rooms, living areas, or entryways.  <\/span><\/pre>\n","protected":false},"excerpt":{"rendered":"<p>The Canarm BETTY ICH691B06BK Chain Chandelier is a stylish six-light fixture that adds a modern touch to any room. Finished in Matte Black, it measures 26 inches wide with an adjustable height up to 26 inches. Suitable for 60W Type C bulbs, the BETTY is perfect for creating an inviting atmosphere in dining rooms, living [&hellip;]<\/p>\n","protected":false},"featured_media":29859,"template":"","meta":{"_acf_changed":false},"product_brand":[7080],"product_cat":[7834,5906,5992],"product_tag":[6032],"class_list":{"0":"post-29879","1":"product","2":"type-product","3":"status-publish","4":"has-post-thumbnail","6":"product_brand-canarm","7":"product_cat-chandelier","8":"product_cat-clearance","9":"product_cat-pendants","10":"product_tag-chandelier-en","11":"pa_diametre-7008","12":"pa_finis-black","13":"pa_hauteur-6625","15":"first","16":"instock","17":"taxable","18":"shipping-taxable","19":"purchasable","20":"product-type-simple"},"acf":[],"yoast_head":"<!-- This site is optimized with the Yoast SEO plugin v26.9 - https:\/\/yoast.com\/product\/yoast-seo-wordpress\/ -->\n<title>6L BLACK CHANDELIER- BETTY ICH691B06BK - Luminaires Paul Gr\u00e9goire<\/title>\n<meta name=\"description\" content=\"6L BLACK CHANDELIER- BETTY ICH691B06BK - Discover our collection of designer lighting \u2014 pendants, lamps, and ceiling lights \u2014 to brighten every space with style and elegance.\" \/>\n<meta name=\"robots\" content=\"index, follow, max-snippet:-1, max-image-preview:large, max-video-preview:-1\" \/>\n<link rel=\"canonical\" href=\"https:\/\/luminairesgregoire.com\/en\/product\/6l-black-chandelier-betty-ich691b06bk\/\" \/>\n<meta property=\"og:locale\" content=\"en_US\" \/>\n<meta property=\"og:type\" content=\"article\" \/>\n<meta property=\"og:title\" content=\"6L BLACK CHANDELIER- BETTY ICH691B06BK - Luminaires Paul Gr\u00e9goire\" \/>\n<meta property=\"og:description\" content=\"6L BLACK CHANDELIER- BETTY ICH691B06BK - Discover our collection of designer lighting \u2014 pendants, lamps, and ceiling lights \u2014 to brighten every space with style and elegance.\" \/>\n<meta property=\"og:url\" content=\"https:\/\/luminairesgregoire.com\/en\/product\/6l-black-chandelier-betty-ich691b06bk\/\" \/>\n<meta property=\"og:site_name\" content=\"Luminaires Paul Gr\u00e9goire\" \/>\n<meta property=\"article:modified_time\" content=\"2025-12-02T21:45:59+00:00\" \/>\n<meta property=\"og:image\" content=\"https:\/\/luminairesgregoire.com\/wp-content\/uploads\/2025\/12\/Creation-sans-titre-72.webp\" \/>\n\t<meta property=\"og:image:width\" content=\"850\" \/>\n\t<meta property=\"og:image:height\" content=\"850\" \/>\n\t<meta property=\"og:image:type\" content=\"image\/jpeg\" \/>\n<meta name=\"twitter:card\" content=\"summary_large_image\" \/>\n<script type=\"application\/ld+json\" class=\"yoast-schema-graph\">{\"@context\":\"https:\/\/schema.org\",\"@graph\":[{\"@type\":\"WebPage\",\"@id\":\"https:\/\/luminairesgregoire.com\/en\/product\/6l-black-chandelier-betty-ich691b06bk\/\",\"url\":\"https:\/\/luminairesgregoire.com\/en\/product\/6l-black-chandelier-betty-ich691b06bk\/\",\"name\":\"6L BLACK CHANDELIER- BETTY ICH691B06BK - Luminaires Paul Gr\u00e9goire\",\"isPartOf\":{\"@id\":\"https:\/\/luminairesgregoire.com\/en\/#website\"},\"primaryImageOfPage\":{\"@id\":\"https:\/\/luminairesgregoire.com\/en\/product\/6l-black-chandelier-betty-ich691b06bk\/#primaryimage\"},\"image\":{\"@id\":\"https:\/\/luminairesgregoire.com\/en\/product\/6l-black-chandelier-betty-ich691b06bk\/#primaryimage\"},\"thumbnailUrl\":\"https:\/\/luminairesgregoire.com\/wp-content\/uploads\/2025\/12\/Creation-sans-titre-72.webp\",\"datePublished\":\"2025-11-05T07:10:58+00:00\",\"dateModified\":\"2025-12-02T21:45:59+00:00\",\"description\":\"6L BLACK CHANDELIER- BETTY ICH691B06BK - Discover our collection of designer lighting \u2014 pendants, lamps, and ceiling lights \u2014 to brighten every space with style and elegance.\",\"breadcrumb\":{\"@id\":\"https:\/\/luminairesgregoire.com\/en\/product\/6l-black-chandelier-betty-ich691b06bk\/#breadcrumb\"},\"inLanguage\":\"en-US\",\"potentialAction\":[{\"@type\":\"ReadAction\",\"target\":[\"https:\/\/luminairesgregoire.com\/en\/product\/6l-black-chandelier-betty-ich691b06bk\/\"]}]},{\"@type\":\"ImageObject\",\"inLanguage\":\"en-US\",\"@id\":\"https:\/\/luminairesgregoire.com\/en\/product\/6l-black-chandelier-betty-ich691b06bk\/#primaryimage\",\"url\":\"https:\/\/luminairesgregoire.com\/wp-content\/uploads\/2025\/12\/Creation-sans-titre-72.webp\",\"contentUrl\":\"https:\/\/luminairesgregoire.com\/wp-content\/uploads\/2025\/12\/Creation-sans-titre-72.webp\",\"width\":850,\"height\":850,\"caption\":\"CHANDELIER 6L NOIR- BETTY ICH691B06BK\"},{\"@type\":\"BreadcrumbList\",\"@id\":\"https:\/\/luminairesgregoire.com\/en\/product\/6l-black-chandelier-betty-ich691b06bk\/#breadcrumb\",\"itemListElement\":[{\"@type\":\"ListItem\",\"position\":1,\"name\":\"Home\",\"item\":\"https:\/\/luminairesgregoire.com\/en\/\"},{\"@type\":\"ListItem\",\"position\":2,\"name\":\"Store\",\"item\":\"https:\/\/luminairesgregoire.com\/en\/products\/\"},{\"@type\":\"ListItem\",\"position\":3,\"name\":\"6L BLACK CHANDELIER- BETTY ICH691B06BK\"}]},{\"@type\":\"WebSite\",\"@id\":\"https:\/\/luminairesgregoire.com\/en\/#website\",\"url\":\"https:\/\/luminairesgregoire.com\/en\/\",\"name\":\"Luminaires Paul Gr\u00e9goire\",\"description\":\"\",\"publisher\":{\"@id\":\"https:\/\/luminairesgregoire.com\/en\/#organization\"},\"potentialAction\":[{\"@type\":\"SearchAction\",\"target\":{\"@type\":\"EntryPoint\",\"urlTemplate\":\"https:\/\/luminairesgregoire.com\/en\/?s={search_term_string}\"},\"query-input\":{\"@type\":\"PropertyValueSpecification\",\"valueRequired\":true,\"valueName\":\"search_term_string\"}}],\"inLanguage\":\"en-US\"},{\"@type\":\"Organization\",\"@id\":\"https:\/\/luminairesgregoire.com\/en\/#organization\",\"name\":\"Luminaires Paul Gr\u00e9goire\",\"url\":\"https:\/\/luminairesgregoire.com\/en\/\",\"logo\":{\"@type\":\"ImageObject\",\"inLanguage\":\"en-US\",\"@id\":\"https:\/\/luminairesgregoire.com\/en\/#\/schema\/logo\/image\/\",\"url\":\"https:\/\/luminairesgregoire.com\/wp-content\/uploads\/2021\/05\/logo_CMYK-1-1.png\",\"contentUrl\":\"https:\/\/luminairesgregoire.com\/wp-content\/uploads\/2021\/05\/logo_CMYK-1-1.png\",\"width\":350,\"height\":164,\"caption\":\"Luminaires Paul Gr\u00e9goire\"},\"image\":{\"@id\":\"https:\/\/luminairesgregoire.com\/en\/#\/schema\/logo\/image\/\"}}]}<\/script>\n<!-- \/ Yoast SEO plugin. -->","yoast_head_json":{"title":"6L BLACK CHANDELIER- BETTY ICH691B06BK - Luminaires Paul Gr\u00e9goire","description":"6L BLACK CHANDELIER- BETTY ICH691B06BK - Discover our collection of designer lighting \u2014 pendants, lamps, and ceiling lights \u2014 to brighten every space with style and elegance.","robots":{"index":"index","follow":"follow","max-snippet":"max-snippet:-1","max-image-preview":"max-image-preview:large","max-video-preview":"max-video-preview:-1"},"canonical":"https:\/\/luminairesgregoire.com\/en\/product\/6l-black-chandelier-betty-ich691b06bk\/","og_locale":"en_US","og_type":"article","og_title":"6L BLACK CHANDELIER- BETTY ICH691B06BK - Luminaires Paul Gr\u00e9goire","og_description":"6L BLACK CHANDELIER- BETTY ICH691B06BK - Discover our collection of designer lighting \u2014 pendants, lamps, and ceiling lights \u2014 to brighten every space with style and elegance.","og_url":"https:\/\/luminairesgregoire.com\/en\/product\/6l-black-chandelier-betty-ich691b06bk\/","og_site_name":"Luminaires Paul Gr\u00e9goire","article_modified_time":"2025-12-02T21:45:59+00:00","og_image":[{"width":850,"height":850,"url":"https:\/\/luminairesgregoire.com\/wp-content\/uploads\/2025\/12\/Creation-sans-titre-72.webp","type":"image\/jpeg"}],"twitter_card":"summary_large_image","schema":{"@context":"https:\/\/schema.org","@graph":[{"@type":"WebPage","@id":"https:\/\/luminairesgregoire.com\/en\/product\/6l-black-chandelier-betty-ich691b06bk\/","url":"https:\/\/luminairesgregoire.com\/en\/product\/6l-black-chandelier-betty-ich691b06bk\/","name":"6L BLACK CHANDELIER- BETTY ICH691B06BK - Luminaires Paul Gr\u00e9goire","isPartOf":{"@id":"https:\/\/luminairesgregoire.com\/en\/#website"},"primaryImageOfPage":{"@id":"https:\/\/luminairesgregoire.com\/en\/product\/6l-black-chandelier-betty-ich691b06bk\/#primaryimage"},"image":{"@id":"https:\/\/luminairesgregoire.com\/en\/product\/6l-black-chandelier-betty-ich691b06bk\/#primaryimage"},"thumbnailUrl":"https:\/\/luminairesgregoire.com\/wp-content\/uploads\/2025\/12\/Creation-sans-titre-72.webp","datePublished":"2025-11-05T07:10:58+00:00","dateModified":"2025-12-02T21:45:59+00:00","description":"6L BLACK CHANDELIER- BETTY ICH691B06BK - Discover our collection of designer lighting \u2014 pendants, lamps, and ceiling lights \u2014 to brighten every space with style and elegance.","breadcrumb":{"@id":"https:\/\/luminairesgregoire.com\/en\/product\/6l-black-chandelier-betty-ich691b06bk\/#breadcrumb"},"inLanguage":"en-US","potentialAction":[{"@type":"ReadAction","target":["https:\/\/luminairesgregoire.com\/en\/product\/6l-black-chandelier-betty-ich691b06bk\/"]}]},{"@type":"ImageObject","inLanguage":"en-US","@id":"https:\/\/luminairesgregoire.com\/en\/product\/6l-black-chandelier-betty-ich691b06bk\/#primaryimage","url":"https:\/\/luminairesgregoire.com\/wp-content\/uploads\/2025\/12\/Creation-sans-titre-72.webp","contentUrl":"https:\/\/luminairesgregoire.com\/wp-content\/uploads\/2025\/12\/Creation-sans-titre-72.webp","width":850,"height":850,"caption":"CHANDELIER 6L NOIR- BETTY ICH691B06BK"},{"@type":"BreadcrumbList","@id":"https:\/\/luminairesgregoire.com\/en\/product\/6l-black-chandelier-betty-ich691b06bk\/#breadcrumb","itemListElement":[{"@type":"ListItem","position":1,"name":"Home","item":"https:\/\/luminairesgregoire.com\/en\/"},{"@type":"ListItem","position":2,"name":"Store","item":"https:\/\/luminairesgregoire.com\/en\/products\/"},{"@type":"ListItem","position":3,"name":"6L BLACK CHANDELIER- BETTY ICH691B06BK"}]},{"@type":"WebSite","@id":"https:\/\/luminairesgregoire.com\/en\/#website","url":"https:\/\/luminairesgregoire.com\/en\/","name":"Luminaires Paul Gr\u00e9goire","description":"","publisher":{"@id":"https:\/\/luminairesgregoire.com\/en\/#organization"},"potentialAction":[{"@type":"SearchAction","target":{"@type":"EntryPoint","urlTemplate":"https:\/\/luminairesgregoire.com\/en\/?s={search_term_string}"},"query-input":{"@type":"PropertyValueSpecification","valueRequired":true,"valueName":"search_term_string"}}],"inLanguage":"en-US"},{"@type":"Organization","@id":"https:\/\/luminairesgregoire.com\/en\/#organization","name":"Luminaires Paul Gr\u00e9goire","url":"https:\/\/luminairesgregoire.com\/en\/","logo":{"@type":"ImageObject","inLanguage":"en-US","@id":"https:\/\/luminairesgregoire.com\/en\/#\/schema\/logo\/image\/","url":"https:\/\/luminairesgregoire.com\/wp-content\/uploads\/2021\/05\/logo_CMYK-1-1.png","contentUrl":"https:\/\/luminairesgregoire.com\/wp-content\/uploads\/2021\/05\/logo_CMYK-1-1.png","width":350,"height":164,"caption":"Luminaires Paul Gr\u00e9goire"},"image":{"@id":"https:\/\/luminairesgregoire.com\/en\/#\/schema\/logo\/image\/"}}]}},"_links":{"self":[{"href":"https:\/\/luminairesgregoire.com\/en\/wp-json\/wp\/v2\/product\/29879","targetHints":{"allow":["GET"]}}],"collection":[{"href":"https:\/\/luminairesgregoire.com\/en\/wp-json\/wp\/v2\/product"}],"about":[{"href":"https:\/\/luminairesgregoire.com\/en\/wp-json\/wp\/v2\/types\/product"}],"wp:featuredmedia":[{"embeddable":true,"href":"https:\/\/luminairesgregoire.com\/en\/wp-json\/wp\/v2\/media\/29859"}],"wp:attachment":[{"href":"https:\/\/luminairesgregoire.com\/en\/wp-json\/wp\/v2\/media?parent=29879"}],"wp:term":[{"taxonomy":"product_brand","embeddable":true,"href":"https:\/\/luminairesgregoire.com\/en\/wp-json\/wp\/v2\/product_brand?post=29879"},{"taxonomy":"product_cat","embeddable":true,"href":"https:\/\/luminairesgregoire.com\/en\/wp-json\/wp\/v2\/product_cat?post=29879"},{"taxonomy":"product_tag","embeddable":true,"href":"https:\/\/luminairesgregoire.com\/en\/wp-json\/wp\/v2\/product_tag?post=29879"}],"curies":[{"name":"wp","href":"https:\/\/api.w.org\/{rel}","templated":true}]}}