{"id":30179,"date":"2025-12-11T01:52:46","date_gmt":"2025-12-11T06:52:46","guid":{"rendered":"https:\/\/luminairesgregoire.com\/?post_type=product&#038;p=30179"},"modified":"2026-04-09T03:07:13","modified_gmt":"2026-04-09T07:07:13","slug":"suspension-3l-noir-parkhurst-p500213-031","status":"publish","type":"product","link":"https:\/\/luminairesgregoire.com\/en\/product\/suspension-3l-noir-parkhurst-p500213-031\/","title":{"rendered":"SUSPENSION 3L NOIR- PARKHURST P500213-031"},"content":{"rendered":"<div class=\"flex flex-col text-sm pb-25\">\n<article class=\"text-token-text-primary w-full focus:outline-none [--shadow-height:45px] has-data-writing-block:pointer-events-none has-data-writing-block:-mt-(--shadow-height) has-data-writing-block:pt-(--shadow-height) [&amp;:has([data-writing-block])&gt;*]:pointer-events-auto scroll-mt-[calc(var(--header-height)+min(200px,max(70px,20svh)))]\" dir=\"auto\" data-turn-id=\"request-WEB:63df681a-1d72-45c4-a68c-d056fbc8a27e-2\" data-testid=\"conversation-turn-6\" data-scroll-anchor=\"true\" data-turn=\"assistant\">\n<div class=\"text-base my-auto mx-auto pb-10 [--thread-content-margin:--spacing(4)] @w-sm\/main:[--thread-content-margin:--spacing(6)] @w-lg\/main:[--thread-content-margin:--spacing(16)] px-(--thread-content-margin)\">\n<div class=\"[--thread-content-max-width:40rem] @w-lg\/main:[--thread-content-max-width:48rem] mx-auto max-w-(--thread-content-max-width) flex-1 group\/turn-messages focus-visible:outline-hidden relative flex w-full min-w-0 flex-col agent-turn\">\n<div class=\"flex max-w-full flex-col grow\">\n<div class=\"min-h-8 text-message relative flex w-full flex-col items-end gap-2 text-start break-words whitespace-normal [.text-message+&amp;]:mt-1\" dir=\"auto\" data-message-author-role=\"assistant\" data-message-id=\"761accef-c2cc-48bc-93b8-6b2d45b6440d\" data-message-model-slug=\"gpt-5-2\">\n<div class=\"flex w-full flex-col gap-1 empty:hidden first:pt-[1px]\">\n<div class=\"markdown prose dark:prose-invert w-full break-words light markdown-new-styling\">\n<ul data-start=\"35\" data-end=\"833\" data-is-last-node=\"\" data-is-only-node=\"\">\n<li data-start=\"35\" data-end=\"124\">\n<p data-start=\"37\" data-end=\"124\">Une structure m\u00e9tallique \u00e0 cage ouverte cr\u00e9e une silhouette sophistiqu\u00e9e et a\u00e9rienne. Les produits Progress Lighting sont con\u00e7us pour offrir une qualit\u00e9, une fiabilit\u00e9 et une fonctionnalit\u00e9 exceptionnelles. Un superbe fini noir recouvre le cadre de style lanterne pour un design \u00e9l\u00e9gant et agr\u00e9able \u00e0 l\u2019\u0153il. \u00c0 l\u2019int\u00e9rieur du cadre se trouvent des douilles simples et \u00e9pur\u00e9es, pr\u00eates \u00e0 diffuser une belle lueur dans votre espace. Id\u00e9al pour un couloir, un hall d\u2019entr\u00e9e, une entr\u00e9e, une cuisine ou une salle \u00e0 manger.\u00a0Parfait pour les d\u00e9cors de style transitionnel, traditionnel moderne et farmhouse.\u00a0Dimensions : 10 7\/8 po de largeur x 19 3\/4 po de hauteur.\u00a0Utilise trois ampoules \u00e0 culot chandelier (candelabra), vendues s\u00e9par\u00e9ment (60 W max \u2013 DEL ou incandescentes).<\/p>\n<\/li>\n<\/ul>\n<\/div>\n<\/div>\n<\/div>\n<\/div>\n<div class=\"z-0 flex min-h-[46px] justify-start\"><\/div>\n<div class=\"mt-3 w-full empty:hidden\">\n<div class=\"text-center\"><\/div>\n<\/div>\n<\/div>\n<\/div>\n<\/article>\n<\/div>\n<div class=\"pointer-events-none h-px w-px absolute bottom-0\" aria-hidden=\"true\" data-edge=\"true\"><\/div>\n","protected":false},"excerpt":{"rendered":"<p>Une structure m\u00e9tallique \u00e0 cage ouverte cr\u00e9e une silhouette sophistiqu\u00e9e et a\u00e9rienne. Les produits Progress Lighting sont con\u00e7us pour offrir une qualit\u00e9, une fiabilit\u00e9 et une fonctionnalit\u00e9 exceptionnelles. Un superbe fini noir recouvre le cadre de style lanterne pour un design \u00e9l\u00e9gant et agr\u00e9able \u00e0 l\u2019\u0153il. \u00c0 l\u2019int\u00e9rieur du cadre se trouvent des douilles simples [&hellip;]<\/p>\n","protected":false},"featured_media":30775,"template":"","meta":{"_acf_changed":false},"product_brand":[7372],"product_cat":[7833,5835,5839],"product_tag":[],"class_list":{"0":"post-30179","1":"product","2":"type-product","3":"status-publish","4":"has-post-thumbnail","6":"product_brand-progress-lighting","7":"product_cat-chandeliers","8":"product_cat-suspension","9":"product_cat-suspension-suspension","10":"pa_finis-noir","11":"pa_hauteur-94-1-2","12":"pa_largeur-10-1-2","14":"first","15":"instock","16":"taxable","17":"shipping-taxable","18":"purchasable","19":"product-type-simple"},"acf":[],"yoast_head":"<!-- This site is optimized with the Yoast SEO plugin v26.9 - https:\/\/yoast.com\/product\/yoast-seo-wordpress\/ -->\n<title>SUSPENSION 3L NOIR- PARKHURST P500213-031 - Luminaires Paul Gr\u00e9goire<\/title>\n<meta name=\"description\" content=\"SUSPENSION 3L NOIR- PARKHURST P500213-031 - Discover our collection of designer lighting \u2014 pendants, lamps, and ceiling lights \u2014 to brighten every space with style and elegance.\" \/>\n<meta name=\"robots\" content=\"index, follow, max-snippet:-1, max-image-preview:large, max-video-preview:-1\" \/>\n<link rel=\"canonical\" href=\"https:\/\/luminairesgregoire.com\/en\/product\/suspension-3l-noir-parkhurst-p500213-031\/\" \/>\n<meta property=\"og:locale\" content=\"en_US\" \/>\n<meta property=\"og:type\" content=\"article\" \/>\n<meta property=\"og:title\" content=\"SUSPENSION 3L NOIR- PARKHURST P500213-031 - Luminaires Paul Gr\u00e9goire\" \/>\n<meta property=\"og:description\" content=\"SUSPENSION 3L NOIR- PARKHURST P500213-031 - Discover our collection of designer lighting \u2014 pendants, lamps, and ceiling lights \u2014 to brighten every space with style and elegance.\" \/>\n<meta property=\"og:url\" content=\"https:\/\/luminairesgregoire.com\/en\/product\/suspension-3l-noir-parkhurst-p500213-031\/\" \/>\n<meta property=\"og:site_name\" content=\"Luminaires Paul Gr\u00e9goire\" \/>\n<meta property=\"article:modified_time\" content=\"2026-04-09T07:07:13+00:00\" \/>\n<meta property=\"og:image\" content=\"https:\/\/luminairesgregoire.com\/wp-content\/uploads\/2026\/01\/Creation-sans-titre-2026-01-07T134838.724.webp\" \/>\n\t<meta property=\"og:image:width\" content=\"850\" \/>\n\t<meta property=\"og:image:height\" content=\"850\" \/>\n\t<meta property=\"og:image:type\" content=\"image\/jpeg\" \/>\n<meta name=\"twitter:card\" content=\"summary_large_image\" \/>\n<meta name=\"twitter:label1\" content=\"Est. reading time\" \/>\n\t<meta name=\"twitter:data1\" content=\"1 minute\" \/>\n<script type=\"application\/ld+json\" class=\"yoast-schema-graph\">{\"@context\":\"https:\/\/schema.org\",\"@graph\":[{\"@type\":\"WebPage\",\"@id\":\"https:\/\/luminairesgregoire.com\/en\/product\/suspension-3l-noir-parkhurst-p500213-031\/\",\"url\":\"https:\/\/luminairesgregoire.com\/en\/product\/suspension-3l-noir-parkhurst-p500213-031\/\",\"name\":\"SUSPENSION 3L NOIR- PARKHURST P500213-031 - Luminaires Paul Gr\u00e9goire\",\"isPartOf\":{\"@id\":\"https:\/\/luminairesgregoire.com\/en\/#website\"},\"primaryImageOfPage\":{\"@id\":\"https:\/\/luminairesgregoire.com\/en\/product\/suspension-3l-noir-parkhurst-p500213-031\/#primaryimage\"},\"image\":{\"@id\":\"https:\/\/luminairesgregoire.com\/en\/product\/suspension-3l-noir-parkhurst-p500213-031\/#primaryimage\"},\"thumbnailUrl\":\"https:\/\/luminairesgregoire.com\/wp-content\/uploads\/2026\/01\/Creation-sans-titre-2026-01-07T134838.724.webp\",\"datePublished\":\"2025-12-11T06:52:46+00:00\",\"dateModified\":\"2026-04-09T07:07:13+00:00\",\"description\":\"SUSPENSION 3L NOIR- PARKHURST P500213-031 - Discover our collection of designer lighting \u2014 pendants, lamps, and ceiling lights \u2014 to brighten every space with style and elegance.\",\"breadcrumb\":{\"@id\":\"https:\/\/luminairesgregoire.com\/en\/product\/suspension-3l-noir-parkhurst-p500213-031\/#breadcrumb\"},\"inLanguage\":\"en-US\",\"potentialAction\":[{\"@type\":\"ReadAction\",\"target\":[\"https:\/\/luminairesgregoire.com\/en\/product\/suspension-3l-noir-parkhurst-p500213-031\/\"]}]},{\"@type\":\"ImageObject\",\"inLanguage\":\"en-US\",\"@id\":\"https:\/\/luminairesgregoire.com\/en\/product\/suspension-3l-noir-parkhurst-p500213-031\/#primaryimage\",\"url\":\"https:\/\/luminairesgregoire.com\/wp-content\/uploads\/2026\/01\/Creation-sans-titre-2026-01-07T134838.724.webp\",\"contentUrl\":\"https:\/\/luminairesgregoire.com\/wp-content\/uploads\/2026\/01\/Creation-sans-titre-2026-01-07T134838.724.webp\",\"width\":850,\"height\":850,\"caption\":\"SUSPENSION 3L NOIR- PARKHURST P500213-031\"},{\"@type\":\"BreadcrumbList\",\"@id\":\"https:\/\/luminairesgregoire.com\/en\/product\/suspension-3l-noir-parkhurst-p500213-031\/#breadcrumb\",\"itemListElement\":[{\"@type\":\"ListItem\",\"position\":1,\"name\":\"Home\",\"item\":\"https:\/\/luminairesgregoire.com\/en\/\"},{\"@type\":\"ListItem\",\"position\":2,\"name\":\"Store\",\"item\":\"https:\/\/luminairesgregoire.com\/en\/products\/\"},{\"@type\":\"ListItem\",\"position\":3,\"name\":\"SUSPENSION 3L NOIR- PARKHURST P500213-031\"}]},{\"@type\":\"WebSite\",\"@id\":\"https:\/\/luminairesgregoire.com\/en\/#website\",\"url\":\"https:\/\/luminairesgregoire.com\/en\/\",\"name\":\"Luminaires Paul Gr\u00e9goire\",\"description\":\"\",\"publisher\":{\"@id\":\"https:\/\/luminairesgregoire.com\/en\/#organization\"},\"potentialAction\":[{\"@type\":\"SearchAction\",\"target\":{\"@type\":\"EntryPoint\",\"urlTemplate\":\"https:\/\/luminairesgregoire.com\/en\/?s={search_term_string}\"},\"query-input\":{\"@type\":\"PropertyValueSpecification\",\"valueRequired\":true,\"valueName\":\"search_term_string\"}}],\"inLanguage\":\"en-US\"},{\"@type\":\"Organization\",\"@id\":\"https:\/\/luminairesgregoire.com\/en\/#organization\",\"name\":\"Luminaires Paul Gr\u00e9goire\",\"url\":\"https:\/\/luminairesgregoire.com\/en\/\",\"logo\":{\"@type\":\"ImageObject\",\"inLanguage\":\"en-US\",\"@id\":\"https:\/\/luminairesgregoire.com\/en\/#\/schema\/logo\/image\/\",\"url\":\"https:\/\/luminairesgregoire.com\/wp-content\/uploads\/2021\/05\/logo_CMYK-1-1.png\",\"contentUrl\":\"https:\/\/luminairesgregoire.com\/wp-content\/uploads\/2021\/05\/logo_CMYK-1-1.png\",\"width\":350,\"height\":164,\"caption\":\"Luminaires Paul Gr\u00e9goire\"},\"image\":{\"@id\":\"https:\/\/luminairesgregoire.com\/en\/#\/schema\/logo\/image\/\"}}]}<\/script>\n<!-- \/ Yoast SEO plugin. -->","yoast_head_json":{"title":"SUSPENSION 3L NOIR- PARKHURST P500213-031 - Luminaires Paul Gr\u00e9goire","description":"SUSPENSION 3L NOIR- PARKHURST P500213-031 - Discover our collection of designer lighting \u2014 pendants, lamps, and ceiling lights \u2014 to brighten every space with style and elegance.","robots":{"index":"index","follow":"follow","max-snippet":"max-snippet:-1","max-image-preview":"max-image-preview:large","max-video-preview":"max-video-preview:-1"},"canonical":"https:\/\/luminairesgregoire.com\/en\/product\/suspension-3l-noir-parkhurst-p500213-031\/","og_locale":"en_US","og_type":"article","og_title":"SUSPENSION 3L NOIR- PARKHURST P500213-031 - Luminaires Paul Gr\u00e9goire","og_description":"SUSPENSION 3L NOIR- PARKHURST P500213-031 - Discover our collection of designer lighting \u2014 pendants, lamps, and ceiling lights \u2014 to brighten every space with style and elegance.","og_url":"https:\/\/luminairesgregoire.com\/en\/product\/suspension-3l-noir-parkhurst-p500213-031\/","og_site_name":"Luminaires Paul Gr\u00e9goire","article_modified_time":"2026-04-09T07:07:13+00:00","og_image":[{"width":850,"height":850,"url":"https:\/\/luminairesgregoire.com\/wp-content\/uploads\/2026\/01\/Creation-sans-titre-2026-01-07T134838.724.webp","type":"image\/jpeg"}],"twitter_card":"summary_large_image","twitter_misc":{"Est. reading time":"1 minute"},"schema":{"@context":"https:\/\/schema.org","@graph":[{"@type":"WebPage","@id":"https:\/\/luminairesgregoire.com\/en\/product\/suspension-3l-noir-parkhurst-p500213-031\/","url":"https:\/\/luminairesgregoire.com\/en\/product\/suspension-3l-noir-parkhurst-p500213-031\/","name":"SUSPENSION 3L NOIR- PARKHURST P500213-031 - Luminaires Paul Gr\u00e9goire","isPartOf":{"@id":"https:\/\/luminairesgregoire.com\/en\/#website"},"primaryImageOfPage":{"@id":"https:\/\/luminairesgregoire.com\/en\/product\/suspension-3l-noir-parkhurst-p500213-031\/#primaryimage"},"image":{"@id":"https:\/\/luminairesgregoire.com\/en\/product\/suspension-3l-noir-parkhurst-p500213-031\/#primaryimage"},"thumbnailUrl":"https:\/\/luminairesgregoire.com\/wp-content\/uploads\/2026\/01\/Creation-sans-titre-2026-01-07T134838.724.webp","datePublished":"2025-12-11T06:52:46+00:00","dateModified":"2026-04-09T07:07:13+00:00","description":"SUSPENSION 3L NOIR- PARKHURST P500213-031 - Discover our collection of designer lighting \u2014 pendants, lamps, and ceiling lights \u2014 to brighten every space with style and elegance.","breadcrumb":{"@id":"https:\/\/luminairesgregoire.com\/en\/product\/suspension-3l-noir-parkhurst-p500213-031\/#breadcrumb"},"inLanguage":"en-US","potentialAction":[{"@type":"ReadAction","target":["https:\/\/luminairesgregoire.com\/en\/product\/suspension-3l-noir-parkhurst-p500213-031\/"]}]},{"@type":"ImageObject","inLanguage":"en-US","@id":"https:\/\/luminairesgregoire.com\/en\/product\/suspension-3l-noir-parkhurst-p500213-031\/#primaryimage","url":"https:\/\/luminairesgregoire.com\/wp-content\/uploads\/2026\/01\/Creation-sans-titre-2026-01-07T134838.724.webp","contentUrl":"https:\/\/luminairesgregoire.com\/wp-content\/uploads\/2026\/01\/Creation-sans-titre-2026-01-07T134838.724.webp","width":850,"height":850,"caption":"SUSPENSION 3L NOIR- PARKHURST P500213-031"},{"@type":"BreadcrumbList","@id":"https:\/\/luminairesgregoire.com\/en\/product\/suspension-3l-noir-parkhurst-p500213-031\/#breadcrumb","itemListElement":[{"@type":"ListItem","position":1,"name":"Home","item":"https:\/\/luminairesgregoire.com\/en\/"},{"@type":"ListItem","position":2,"name":"Store","item":"https:\/\/luminairesgregoire.com\/en\/products\/"},{"@type":"ListItem","position":3,"name":"SUSPENSION 3L NOIR- PARKHURST P500213-031"}]},{"@type":"WebSite","@id":"https:\/\/luminairesgregoire.com\/en\/#website","url":"https:\/\/luminairesgregoire.com\/en\/","name":"Luminaires Paul Gr\u00e9goire","description":"","publisher":{"@id":"https:\/\/luminairesgregoire.com\/en\/#organization"},"potentialAction":[{"@type":"SearchAction","target":{"@type":"EntryPoint","urlTemplate":"https:\/\/luminairesgregoire.com\/en\/?s={search_term_string}"},"query-input":{"@type":"PropertyValueSpecification","valueRequired":true,"valueName":"search_term_string"}}],"inLanguage":"en-US"},{"@type":"Organization","@id":"https:\/\/luminairesgregoire.com\/en\/#organization","name":"Luminaires Paul Gr\u00e9goire","url":"https:\/\/luminairesgregoire.com\/en\/","logo":{"@type":"ImageObject","inLanguage":"en-US","@id":"https:\/\/luminairesgregoire.com\/en\/#\/schema\/logo\/image\/","url":"https:\/\/luminairesgregoire.com\/wp-content\/uploads\/2021\/05\/logo_CMYK-1-1.png","contentUrl":"https:\/\/luminairesgregoire.com\/wp-content\/uploads\/2021\/05\/logo_CMYK-1-1.png","width":350,"height":164,"caption":"Luminaires Paul Gr\u00e9goire"},"image":{"@id":"https:\/\/luminairesgregoire.com\/en\/#\/schema\/logo\/image\/"}}]}},"_links":{"self":[{"href":"https:\/\/luminairesgregoire.com\/en\/wp-json\/wp\/v2\/product\/30179","targetHints":{"allow":["GET"]}}],"collection":[{"href":"https:\/\/luminairesgregoire.com\/en\/wp-json\/wp\/v2\/product"}],"about":[{"href":"https:\/\/luminairesgregoire.com\/en\/wp-json\/wp\/v2\/types\/product"}],"wp:featuredmedia":[{"embeddable":true,"href":"https:\/\/luminairesgregoire.com\/en\/wp-json\/wp\/v2\/media\/30775"}],"wp:attachment":[{"href":"https:\/\/luminairesgregoire.com\/en\/wp-json\/wp\/v2\/media?parent=30179"}],"wp:term":[{"taxonomy":"product_brand","embeddable":true,"href":"https:\/\/luminairesgregoire.com\/en\/wp-json\/wp\/v2\/product_brand?post=30179"},{"taxonomy":"product_cat","embeddable":true,"href":"https:\/\/luminairesgregoire.com\/en\/wp-json\/wp\/v2\/product_cat?post=30179"},{"taxonomy":"product_tag","embeddable":true,"href":"https:\/\/luminairesgregoire.com\/en\/wp-json\/wp\/v2\/product_tag?post=30179"}],"curies":[{"name":"wp","href":"https:\/\/api.w.org\/{rel}","templated":true}]}}