{"id":30418,"date":"2025-12-20T01:36:03","date_gmt":"2025-12-20T06:36:03","guid":{"rendered":"https:\/\/luminairesgregoire.com\/?post_type=product&#038;p=30418"},"modified":"2026-04-04T03:56:20","modified_gmt":"2026-04-04T07:56:20","slug":"suspendu-3l-nickel-brosse-benson-ich1205a03bn","status":"publish","type":"product","link":"https:\/\/luminairesgregoire.com\/en\/product\/suspendu-3l-nickel-brosse-benson-ich1205a03bn\/","title":{"rendered":"SUSPENDU 3L NICKEL BROSS\u00c9- BENSON ICH1205A03BN"},"content":{"rendered":"<p data-start=\"0\" data-end=\"267\">Le lustre Benson marie harmonieusement les styles transitionnel et moderne gr\u00e2ce \u00e0 son design \u00e9pur\u00e9 compos\u00e9 de trois globes cylindriques en verre. Les d\u00e9tails en nickel bross\u00e9 mettent en valeur les lignes \u00e9l\u00e9gantes des globes, ajoutant une touche de sophistication.\u00a0Avec son esth\u00e9tique raffin\u00e9e et sa grande polyvalence, Benson rehausse n\u2019importe quelle pi\u00e8ce d\u2019un charme intemporel.<\/p>\n","protected":false},"excerpt":{"rendered":"<p>Le lustre Benson marie harmonieusement les styles transitionnel et moderne gr\u00e2ce \u00e0 son design \u00e9pur\u00e9 compos\u00e9 de trois globes cylindriques en verre. Les d\u00e9tails en nickel bross\u00e9 mettent en valeur les lignes \u00e9l\u00e9gantes des globes, ajoutant une touche de sophistication.\u00a0Avec son esth\u00e9tique raffin\u00e9e et sa grande polyvalence, Benson rehausse n\u2019importe quelle pi\u00e8ce d\u2019un charme intemporel.<\/p>\n","protected":false},"featured_media":37323,"template":"","meta":{"_acf_changed":false},"product_brand":[6009],"product_cat":[5835,5839],"product_tag":[],"class_list":{"0":"post-30418","1":"product","2":"type-product","3":"status-publish","4":"has-post-thumbnail","6":"product_brand-canarm","7":"product_cat-suspension","8":"product_cat-suspension-suspension","9":"pa_diametre-2709","10":"pa_finis-nickel","11":"pa_garantie-1-an","13":"first","14":"instock","15":"taxable","16":"shipping-taxable","17":"purchasable","18":"product-type-simple"},"acf":[],"yoast_head":"<!-- This site is optimized with the Yoast SEO plugin v26.9 - https:\/\/yoast.com\/product\/yoast-seo-wordpress\/ -->\n<title>SUSPENDU 3L NICKEL BROSS\u00c9- BENSON ICH1205A03BN - Luminaires Paul Gr\u00e9goire<\/title>\n<meta name=\"description\" content=\"SUSPENDU 3L NICKEL BROSS\u00c9- BENSON ICH1205A03BN - Discover our collection of designer lighting \u2014 pendants, lamps, and ceiling lights \u2014 to brighten every space with style and elegance.\" \/>\n<meta name=\"robots\" content=\"index, follow, max-snippet:-1, max-image-preview:large, max-video-preview:-1\" \/>\n<link rel=\"canonical\" href=\"https:\/\/luminairesgregoire.com\/en\/product\/suspendu-3l-nickel-brosse-benson-ich1205a03bn\/\" \/>\n<meta property=\"og:locale\" content=\"en_US\" \/>\n<meta property=\"og:type\" content=\"article\" \/>\n<meta property=\"og:title\" content=\"SUSPENDU 3L NICKEL BROSS\u00c9- BENSON ICH1205A03BN - Luminaires Paul Gr\u00e9goire\" \/>\n<meta property=\"og:description\" content=\"SUSPENDU 3L NICKEL BROSS\u00c9- BENSON ICH1205A03BN - Discover our collection of designer lighting \u2014 pendants, lamps, and ceiling lights \u2014 to brighten every space with style and elegance.\" \/>\n<meta property=\"og:url\" content=\"https:\/\/luminairesgregoire.com\/en\/product\/suspendu-3l-nickel-brosse-benson-ich1205a03bn\/\" \/>\n<meta property=\"og:site_name\" content=\"Luminaires Paul Gr\u00e9goire\" \/>\n<meta property=\"article:modified_time\" content=\"2026-04-04T07:56:20+00:00\" \/>\n<meta property=\"og:image\" content=\"https:\/\/luminairesgregoire.com\/wp-content\/uploads\/2026\/03\/Votre-texte-de-paragraphe-2026-03-31T132422.748.webp\" \/>\n\t<meta property=\"og:image:width\" content=\"850\" \/>\n\t<meta property=\"og:image:height\" content=\"850\" \/>\n\t<meta property=\"og:image:type\" content=\"image\/jpeg\" \/>\n<meta name=\"twitter:card\" content=\"summary_large_image\" \/>\n<meta name=\"twitter:label1\" content=\"Est. reading time\" \/>\n\t<meta name=\"twitter:data1\" content=\"1 minute\" \/>\n<script type=\"application\/ld+json\" class=\"yoast-schema-graph\">{\"@context\":\"https:\/\/schema.org\",\"@graph\":[{\"@type\":\"WebPage\",\"@id\":\"https:\/\/luminairesgregoire.com\/en\/product\/suspendu-3l-nickel-brosse-benson-ich1205a03bn\/\",\"url\":\"https:\/\/luminairesgregoire.com\/en\/product\/suspendu-3l-nickel-brosse-benson-ich1205a03bn\/\",\"name\":\"SUSPENDU 3L NICKEL BROSS\u00c9- BENSON ICH1205A03BN - Luminaires Paul Gr\u00e9goire\",\"isPartOf\":{\"@id\":\"https:\/\/luminairesgregoire.com\/en\/#website\"},\"primaryImageOfPage\":{\"@id\":\"https:\/\/luminairesgregoire.com\/en\/product\/suspendu-3l-nickel-brosse-benson-ich1205a03bn\/#primaryimage\"},\"image\":{\"@id\":\"https:\/\/luminairesgregoire.com\/en\/product\/suspendu-3l-nickel-brosse-benson-ich1205a03bn\/#primaryimage\"},\"thumbnailUrl\":\"https:\/\/luminairesgregoire.com\/wp-content\/uploads\/2026\/03\/Votre-texte-de-paragraphe-2026-03-31T132422.748.webp\",\"datePublished\":\"2025-12-20T06:36:03+00:00\",\"dateModified\":\"2026-04-04T07:56:20+00:00\",\"description\":\"SUSPENDU 3L NICKEL BROSS\u00c9- BENSON ICH1205A03BN - Discover our collection of designer lighting \u2014 pendants, lamps, and ceiling lights \u2014 to brighten every space with style and elegance.\",\"breadcrumb\":{\"@id\":\"https:\/\/luminairesgregoire.com\/en\/product\/suspendu-3l-nickel-brosse-benson-ich1205a03bn\/#breadcrumb\"},\"inLanguage\":\"en-US\",\"potentialAction\":[{\"@type\":\"ReadAction\",\"target\":[\"https:\/\/luminairesgregoire.com\/en\/product\/suspendu-3l-nickel-brosse-benson-ich1205a03bn\/\"]}]},{\"@type\":\"ImageObject\",\"inLanguage\":\"en-US\",\"@id\":\"https:\/\/luminairesgregoire.com\/en\/product\/suspendu-3l-nickel-brosse-benson-ich1205a03bn\/#primaryimage\",\"url\":\"https:\/\/luminairesgregoire.com\/wp-content\/uploads\/2026\/03\/Votre-texte-de-paragraphe-2026-03-31T132422.748.webp\",\"contentUrl\":\"https:\/\/luminairesgregoire.com\/wp-content\/uploads\/2026\/03\/Votre-texte-de-paragraphe-2026-03-31T132422.748.webp\",\"width\":850,\"height\":850,\"caption\":\"SUSPENDU 3L NICKEL BROSS\u00c9- BENSON ICH1205A03BN\"},{\"@type\":\"BreadcrumbList\",\"@id\":\"https:\/\/luminairesgregoire.com\/en\/product\/suspendu-3l-nickel-brosse-benson-ich1205a03bn\/#breadcrumb\",\"itemListElement\":[{\"@type\":\"ListItem\",\"position\":1,\"name\":\"Home\",\"item\":\"https:\/\/luminairesgregoire.com\/en\/\"},{\"@type\":\"ListItem\",\"position\":2,\"name\":\"Store\",\"item\":\"https:\/\/luminairesgregoire.com\/en\/products\/\"},{\"@type\":\"ListItem\",\"position\":3,\"name\":\"SUSPENDU 3L NICKEL BROSS\u00c9- BENSON ICH1205A03BN\"}]},{\"@type\":\"WebSite\",\"@id\":\"https:\/\/luminairesgregoire.com\/en\/#website\",\"url\":\"https:\/\/luminairesgregoire.com\/en\/\",\"name\":\"Luminaires Paul Gr\u00e9goire\",\"description\":\"\",\"publisher\":{\"@id\":\"https:\/\/luminairesgregoire.com\/en\/#organization\"},\"potentialAction\":[{\"@type\":\"SearchAction\",\"target\":{\"@type\":\"EntryPoint\",\"urlTemplate\":\"https:\/\/luminairesgregoire.com\/en\/?s={search_term_string}\"},\"query-input\":{\"@type\":\"PropertyValueSpecification\",\"valueRequired\":true,\"valueName\":\"search_term_string\"}}],\"inLanguage\":\"en-US\"},{\"@type\":\"Organization\",\"@id\":\"https:\/\/luminairesgregoire.com\/en\/#organization\",\"name\":\"Luminaires Paul Gr\u00e9goire\",\"url\":\"https:\/\/luminairesgregoire.com\/en\/\",\"logo\":{\"@type\":\"ImageObject\",\"inLanguage\":\"en-US\",\"@id\":\"https:\/\/luminairesgregoire.com\/en\/#\/schema\/logo\/image\/\",\"url\":\"https:\/\/luminairesgregoire.com\/wp-content\/uploads\/2021\/05\/logo_CMYK-1-1.png\",\"contentUrl\":\"https:\/\/luminairesgregoire.com\/wp-content\/uploads\/2021\/05\/logo_CMYK-1-1.png\",\"width\":350,\"height\":164,\"caption\":\"Luminaires Paul Gr\u00e9goire\"},\"image\":{\"@id\":\"https:\/\/luminairesgregoire.com\/en\/#\/schema\/logo\/image\/\"}}]}<\/script>\n<!-- \/ Yoast SEO plugin. -->","yoast_head_json":{"title":"SUSPENDU 3L NICKEL BROSS\u00c9- BENSON ICH1205A03BN - Luminaires Paul Gr\u00e9goire","description":"SUSPENDU 3L NICKEL BROSS\u00c9- BENSON ICH1205A03BN - Discover our collection of designer lighting \u2014 pendants, lamps, and ceiling lights \u2014 to brighten every space with style and elegance.","robots":{"index":"index","follow":"follow","max-snippet":"max-snippet:-1","max-image-preview":"max-image-preview:large","max-video-preview":"max-video-preview:-1"},"canonical":"https:\/\/luminairesgregoire.com\/en\/product\/suspendu-3l-nickel-brosse-benson-ich1205a03bn\/","og_locale":"en_US","og_type":"article","og_title":"SUSPENDU 3L NICKEL BROSS\u00c9- BENSON ICH1205A03BN - Luminaires Paul Gr\u00e9goire","og_description":"SUSPENDU 3L NICKEL BROSS\u00c9- BENSON ICH1205A03BN - Discover our collection of designer lighting \u2014 pendants, lamps, and ceiling lights \u2014 to brighten every space with style and elegance.","og_url":"https:\/\/luminairesgregoire.com\/en\/product\/suspendu-3l-nickel-brosse-benson-ich1205a03bn\/","og_site_name":"Luminaires Paul Gr\u00e9goire","article_modified_time":"2026-04-04T07:56:20+00:00","og_image":[{"width":850,"height":850,"url":"https:\/\/luminairesgregoire.com\/wp-content\/uploads\/2026\/03\/Votre-texte-de-paragraphe-2026-03-31T132422.748.webp","type":"image\/jpeg"}],"twitter_card":"summary_large_image","twitter_misc":{"Est. reading time":"1 minute"},"schema":{"@context":"https:\/\/schema.org","@graph":[{"@type":"WebPage","@id":"https:\/\/luminairesgregoire.com\/en\/product\/suspendu-3l-nickel-brosse-benson-ich1205a03bn\/","url":"https:\/\/luminairesgregoire.com\/en\/product\/suspendu-3l-nickel-brosse-benson-ich1205a03bn\/","name":"SUSPENDU 3L NICKEL BROSS\u00c9- BENSON ICH1205A03BN - Luminaires Paul Gr\u00e9goire","isPartOf":{"@id":"https:\/\/luminairesgregoire.com\/en\/#website"},"primaryImageOfPage":{"@id":"https:\/\/luminairesgregoire.com\/en\/product\/suspendu-3l-nickel-brosse-benson-ich1205a03bn\/#primaryimage"},"image":{"@id":"https:\/\/luminairesgregoire.com\/en\/product\/suspendu-3l-nickel-brosse-benson-ich1205a03bn\/#primaryimage"},"thumbnailUrl":"https:\/\/luminairesgregoire.com\/wp-content\/uploads\/2026\/03\/Votre-texte-de-paragraphe-2026-03-31T132422.748.webp","datePublished":"2025-12-20T06:36:03+00:00","dateModified":"2026-04-04T07:56:20+00:00","description":"SUSPENDU 3L NICKEL BROSS\u00c9- BENSON ICH1205A03BN - Discover our collection of designer lighting \u2014 pendants, lamps, and ceiling lights \u2014 to brighten every space with style and elegance.","breadcrumb":{"@id":"https:\/\/luminairesgregoire.com\/en\/product\/suspendu-3l-nickel-brosse-benson-ich1205a03bn\/#breadcrumb"},"inLanguage":"en-US","potentialAction":[{"@type":"ReadAction","target":["https:\/\/luminairesgregoire.com\/en\/product\/suspendu-3l-nickel-brosse-benson-ich1205a03bn\/"]}]},{"@type":"ImageObject","inLanguage":"en-US","@id":"https:\/\/luminairesgregoire.com\/en\/product\/suspendu-3l-nickel-brosse-benson-ich1205a03bn\/#primaryimage","url":"https:\/\/luminairesgregoire.com\/wp-content\/uploads\/2026\/03\/Votre-texte-de-paragraphe-2026-03-31T132422.748.webp","contentUrl":"https:\/\/luminairesgregoire.com\/wp-content\/uploads\/2026\/03\/Votre-texte-de-paragraphe-2026-03-31T132422.748.webp","width":850,"height":850,"caption":"SUSPENDU 3L NICKEL BROSS\u00c9- BENSON ICH1205A03BN"},{"@type":"BreadcrumbList","@id":"https:\/\/luminairesgregoire.com\/en\/product\/suspendu-3l-nickel-brosse-benson-ich1205a03bn\/#breadcrumb","itemListElement":[{"@type":"ListItem","position":1,"name":"Home","item":"https:\/\/luminairesgregoire.com\/en\/"},{"@type":"ListItem","position":2,"name":"Store","item":"https:\/\/luminairesgregoire.com\/en\/products\/"},{"@type":"ListItem","position":3,"name":"SUSPENDU 3L NICKEL BROSS\u00c9- BENSON ICH1205A03BN"}]},{"@type":"WebSite","@id":"https:\/\/luminairesgregoire.com\/en\/#website","url":"https:\/\/luminairesgregoire.com\/en\/","name":"Luminaires Paul Gr\u00e9goire","description":"","publisher":{"@id":"https:\/\/luminairesgregoire.com\/en\/#organization"},"potentialAction":[{"@type":"SearchAction","target":{"@type":"EntryPoint","urlTemplate":"https:\/\/luminairesgregoire.com\/en\/?s={search_term_string}"},"query-input":{"@type":"PropertyValueSpecification","valueRequired":true,"valueName":"search_term_string"}}],"inLanguage":"en-US"},{"@type":"Organization","@id":"https:\/\/luminairesgregoire.com\/en\/#organization","name":"Luminaires Paul Gr\u00e9goire","url":"https:\/\/luminairesgregoire.com\/en\/","logo":{"@type":"ImageObject","inLanguage":"en-US","@id":"https:\/\/luminairesgregoire.com\/en\/#\/schema\/logo\/image\/","url":"https:\/\/luminairesgregoire.com\/wp-content\/uploads\/2021\/05\/logo_CMYK-1-1.png","contentUrl":"https:\/\/luminairesgregoire.com\/wp-content\/uploads\/2021\/05\/logo_CMYK-1-1.png","width":350,"height":164,"caption":"Luminaires Paul Gr\u00e9goire"},"image":{"@id":"https:\/\/luminairesgregoire.com\/en\/#\/schema\/logo\/image\/"}}]}},"_links":{"self":[{"href":"https:\/\/luminairesgregoire.com\/en\/wp-json\/wp\/v2\/product\/30418","targetHints":{"allow":["GET"]}}],"collection":[{"href":"https:\/\/luminairesgregoire.com\/en\/wp-json\/wp\/v2\/product"}],"about":[{"href":"https:\/\/luminairesgregoire.com\/en\/wp-json\/wp\/v2\/types\/product"}],"wp:featuredmedia":[{"embeddable":true,"href":"https:\/\/luminairesgregoire.com\/en\/wp-json\/wp\/v2\/media\/37323"}],"wp:attachment":[{"href":"https:\/\/luminairesgregoire.com\/en\/wp-json\/wp\/v2\/media?parent=30418"}],"wp:term":[{"taxonomy":"product_brand","embeddable":true,"href":"https:\/\/luminairesgregoire.com\/en\/wp-json\/wp\/v2\/product_brand?post=30418"},{"taxonomy":"product_cat","embeddable":true,"href":"https:\/\/luminairesgregoire.com\/en\/wp-json\/wp\/v2\/product_cat?post=30418"},{"taxonomy":"product_tag","embeddable":true,"href":"https:\/\/luminairesgregoire.com\/en\/wp-json\/wp\/v2\/product_tag?post=30418"}],"curies":[{"name":"wp","href":"https:\/\/api.w.org\/{rel}","templated":true}]}}