{"id":30427,"date":"2025-12-20T01:50:45","date_gmt":"2025-12-20T06:50:45","guid":{"rendered":"https:\/\/luminairesgregoire.com\/?post_type=product&#038;p=30427"},"modified":"2026-04-24T03:44:32","modified_gmt":"2026-04-24T07:44:32","slug":"ventilateur-52-del-noir-romy-cf52rom5bk-es","status":"publish","type":"product","link":"https:\/\/luminairesgregoire.com\/en\/product\/ventilateur-52-del-noir-romy-cf52rom5bk-es\/","title":{"rendered":"VENTILATEUR 52&#8221; DEL NOIR- ROMY CF52ROM5BK-ES"},"content":{"rendered":"<p>Le ventilateur de plafond Romy de 52 pouces, certifi\u00e9 Energy Star, offre une efficacit\u00e9 \u00e9nerg\u00e9tique sup\u00e9rieure alli\u00e9e \u00e0 un style moderne. Son fini noir mat \u00e9l\u00e9gant et ses cinq pales r\u00e9versibles (noir ou ch\u00eane vieilli) en font un choix polyvalent pour les d\u00e9cors modernes, contemporains ou industriels.<\/p>\n","protected":false},"excerpt":{"rendered":"<p>Le ventilateur de plafond Romy de 52 pouces, certifi\u00e9 Energy Star, offre une efficacit\u00e9 \u00e9nerg\u00e9tique sup\u00e9rieure alli\u00e9e \u00e0 un style moderne. Son fini noir mat \u00e9l\u00e9gant et ses cinq pales r\u00e9versibles (noir ou ch\u00eane vieilli) en font un choix polyvalent pour les d\u00e9cors modernes, contemporains ou industriels.<\/p>\n","protected":false},"featured_media":37340,"template":"","meta":{"_acf_changed":false},"product_brand":[6009],"product_cat":[5851],"product_tag":[],"class_list":{"0":"post-30427","1":"product","2":"type-product","3":"status-publish","4":"has-post-thumbnail","6":"product_brand-canarm","7":"product_cat-ventilateurs-de-plafond","8":"pa_diametre-2733","9":"pa_finis-bois","10":"pa_finis-noir","11":"pa_garantie-module-del-garantie-5-ans-moteur-5-ans-et-luminaire-1-an","13":"first","14":"instock","15":"taxable","16":"shipping-taxable","17":"purchasable","18":"product-type-simple"},"acf":[],"yoast_head":"<!-- This site is optimized with the Yoast SEO plugin v27.4 - https:\/\/yoast.com\/product\/yoast-seo-wordpress\/ -->\n<title>VENTILATEUR 52&#039;&#039; DEL NOIR- ROMY CF52ROM5BK-ES - Luminaires Paul Gr\u00e9goire<\/title>\n<meta name=\"description\" content=\"VENTILATEUR 52&#039;&#039; DEL NOIR- ROMY CF52ROM5BK-ES - Discover our collection of designer lighting \u2014 pendants, lamps, and ceiling lights \u2014 to brighten every space with style and elegance.\" \/>\n<meta name=\"robots\" content=\"index, follow, max-snippet:-1, max-image-preview:large, max-video-preview:-1\" \/>\n<link rel=\"canonical\" href=\"https:\/\/luminairesgregoire.com\/en\/product\/ventilateur-52-del-noir-romy-cf52rom5bk-es\/\" \/>\n<meta property=\"og:locale\" content=\"en_US\" \/>\n<meta property=\"og:type\" content=\"article\" \/>\n<meta property=\"og:title\" content=\"VENTILATEUR 52&#039;&#039; DEL NOIR- ROMY CF52ROM5BK-ES - Luminaires Paul Gr\u00e9goire\" \/>\n<meta property=\"og:description\" content=\"VENTILATEUR 52&#039;&#039; DEL NOIR- ROMY CF52ROM5BK-ES - Discover our collection of designer lighting \u2014 pendants, lamps, and ceiling lights \u2014 to brighten every space with style and elegance.\" \/>\n<meta property=\"og:url\" content=\"https:\/\/luminairesgregoire.com\/en\/product\/ventilateur-52-del-noir-romy-cf52rom5bk-es\/\" \/>\n<meta property=\"og:site_name\" content=\"Luminaires Paul Gr\u00e9goire\" \/>\n<meta property=\"article:modified_time\" content=\"2026-04-24T07:44:32+00:00\" \/>\n<meta property=\"og:image\" content=\"https:\/\/luminairesgregoire.com\/wp-content\/uploads\/2026\/03\/Votre-texte-de-paragraphe-2026-03-31T140040.085.webp\" \/>\n\t<meta property=\"og:image:width\" content=\"850\" \/>\n\t<meta property=\"og:image:height\" content=\"850\" \/>\n\t<meta property=\"og:image:type\" content=\"image\/jpeg\" \/>\n<meta name=\"twitter:card\" content=\"summary_large_image\" \/>\n<meta name=\"twitter:label1\" content=\"Est. reading time\" \/>\n\t<meta name=\"twitter:data1\" content=\"1 minute\" \/>\n<script type=\"application\/ld+json\" class=\"yoast-schema-graph\">{\"@context\":\"https:\\\/\\\/schema.org\",\"@graph\":[{\"@type\":\"WebPage\",\"@id\":\"https:\\\/\\\/luminairesgregoire.com\\\/en\\\/product\\\/ventilateur-52-del-noir-romy-cf52rom5bk-es\\\/\",\"url\":\"https:\\\/\\\/luminairesgregoire.com\\\/en\\\/product\\\/ventilateur-52-del-noir-romy-cf52rom5bk-es\\\/\",\"name\":\"VENTILATEUR 52'' DEL NOIR- ROMY CF52ROM5BK-ES - Luminaires Paul Gr\u00e9goire\",\"isPartOf\":{\"@id\":\"https:\\\/\\\/luminairesgregoire.com\\\/en\\\/#website\"},\"primaryImageOfPage\":{\"@id\":\"https:\\\/\\\/luminairesgregoire.com\\\/en\\\/product\\\/ventilateur-52-del-noir-romy-cf52rom5bk-es\\\/#primaryimage\"},\"image\":{\"@id\":\"https:\\\/\\\/luminairesgregoire.com\\\/en\\\/product\\\/ventilateur-52-del-noir-romy-cf52rom5bk-es\\\/#primaryimage\"},\"thumbnailUrl\":\"https:\\\/\\\/luminairesgregoire.com\\\/wp-content\\\/uploads\\\/2026\\\/03\\\/Votre-texte-de-paragraphe-2026-03-31T140040.085.webp\",\"datePublished\":\"2025-12-20T06:50:45+00:00\",\"dateModified\":\"2026-04-24T07:44:32+00:00\",\"description\":\"VENTILATEUR 52'' DEL NOIR- ROMY CF52ROM5BK-ES - Discover our collection of designer lighting \u2014 pendants, lamps, and ceiling lights \u2014 to brighten every space with style and elegance.\",\"breadcrumb\":{\"@id\":\"https:\\\/\\\/luminairesgregoire.com\\\/en\\\/product\\\/ventilateur-52-del-noir-romy-cf52rom5bk-es\\\/#breadcrumb\"},\"inLanguage\":\"en-US\",\"potentialAction\":[{\"@type\":\"ReadAction\",\"target\":[\"https:\\\/\\\/luminairesgregoire.com\\\/en\\\/product\\\/ventilateur-52-del-noir-romy-cf52rom5bk-es\\\/\"]}]},{\"@type\":\"ImageObject\",\"inLanguage\":\"en-US\",\"@id\":\"https:\\\/\\\/luminairesgregoire.com\\\/en\\\/product\\\/ventilateur-52-del-noir-romy-cf52rom5bk-es\\\/#primaryimage\",\"url\":\"https:\\\/\\\/luminairesgregoire.com\\\/wp-content\\\/uploads\\\/2026\\\/03\\\/Votre-texte-de-paragraphe-2026-03-31T140040.085.webp\",\"contentUrl\":\"https:\\\/\\\/luminairesgregoire.com\\\/wp-content\\\/uploads\\\/2026\\\/03\\\/Votre-texte-de-paragraphe-2026-03-31T140040.085.webp\",\"width\":850,\"height\":850,\"caption\":\"VENTILATEUR 52'' DEL NOIR- ROMY CF52ROM5BK-ES\"},{\"@type\":\"BreadcrumbList\",\"@id\":\"https:\\\/\\\/luminairesgregoire.com\\\/en\\\/product\\\/ventilateur-52-del-noir-romy-cf52rom5bk-es\\\/#breadcrumb\",\"itemListElement\":[{\"@type\":\"ListItem\",\"position\":1,\"name\":\"Home\",\"item\":\"https:\\\/\\\/luminairesgregoire.com\\\/en\\\/\"},{\"@type\":\"ListItem\",\"position\":2,\"name\":\"Store\",\"item\":\"https:\\\/\\\/luminairesgregoire.com\\\/en\\\/products\\\/\"},{\"@type\":\"ListItem\",\"position\":3,\"name\":\"VENTILATEUR 52\u00a0\u00bb DEL NOIR- ROMY CF52ROM5BK-ES\"}]},{\"@type\":\"WebSite\",\"@id\":\"https:\\\/\\\/luminairesgregoire.com\\\/en\\\/#website\",\"url\":\"https:\\\/\\\/luminairesgregoire.com\\\/en\\\/\",\"name\":\"Luminaires Paul Gr\u00e9goire\",\"description\":\"\",\"publisher\":{\"@id\":\"https:\\\/\\\/luminairesgregoire.com\\\/en\\\/#organization\"},\"potentialAction\":[{\"@type\":\"SearchAction\",\"target\":{\"@type\":\"EntryPoint\",\"urlTemplate\":\"https:\\\/\\\/luminairesgregoire.com\\\/en\\\/?s={search_term_string}\"},\"query-input\":{\"@type\":\"PropertyValueSpecification\",\"valueRequired\":true,\"valueName\":\"search_term_string\"}}],\"inLanguage\":\"en-US\"},{\"@type\":\"Organization\",\"@id\":\"https:\\\/\\\/luminairesgregoire.com\\\/en\\\/#organization\",\"name\":\"Luminaires Paul Gr\u00e9goire\",\"url\":\"https:\\\/\\\/luminairesgregoire.com\\\/en\\\/\",\"logo\":{\"@type\":\"ImageObject\",\"inLanguage\":\"en-US\",\"@id\":\"https:\\\/\\\/luminairesgregoire.com\\\/en\\\/#\\\/schema\\\/logo\\\/image\\\/\",\"url\":\"https:\\\/\\\/luminairesgregoire.com\\\/wp-content\\\/uploads\\\/2021\\\/05\\\/logo_CMYK-1-1.png\",\"contentUrl\":\"https:\\\/\\\/luminairesgregoire.com\\\/wp-content\\\/uploads\\\/2021\\\/05\\\/logo_CMYK-1-1.png\",\"width\":350,\"height\":164,\"caption\":\"Luminaires Paul Gr\u00e9goire\"},\"image\":{\"@id\":\"https:\\\/\\\/luminairesgregoire.com\\\/en\\\/#\\\/schema\\\/logo\\\/image\\\/\"}}]}<\/script>\n<!-- \/ Yoast SEO plugin. -->","yoast_head_json":{"title":"VENTILATEUR 52'' DEL NOIR- ROMY CF52ROM5BK-ES - Luminaires Paul Gr\u00e9goire","description":"VENTILATEUR 52'' DEL NOIR- ROMY CF52ROM5BK-ES - Discover our collection of designer lighting \u2014 pendants, lamps, and ceiling lights \u2014 to brighten every space with style and elegance.","robots":{"index":"index","follow":"follow","max-snippet":"max-snippet:-1","max-image-preview":"max-image-preview:large","max-video-preview":"max-video-preview:-1"},"canonical":"https:\/\/luminairesgregoire.com\/en\/product\/ventilateur-52-del-noir-romy-cf52rom5bk-es\/","og_locale":"en_US","og_type":"article","og_title":"VENTILATEUR 52'' DEL NOIR- ROMY CF52ROM5BK-ES - Luminaires Paul Gr\u00e9goire","og_description":"VENTILATEUR 52'' DEL NOIR- ROMY CF52ROM5BK-ES - Discover our collection of designer lighting \u2014 pendants, lamps, and ceiling lights \u2014 to brighten every space with style and elegance.","og_url":"https:\/\/luminairesgregoire.com\/en\/product\/ventilateur-52-del-noir-romy-cf52rom5bk-es\/","og_site_name":"Luminaires Paul Gr\u00e9goire","article_modified_time":"2026-04-24T07:44:32+00:00","og_image":[{"width":850,"height":850,"url":"https:\/\/luminairesgregoire.com\/wp-content\/uploads\/2026\/03\/Votre-texte-de-paragraphe-2026-03-31T140040.085.webp","type":"image\/jpeg"}],"twitter_card":"summary_large_image","twitter_misc":{"Est. reading time":"1 minute"},"schema":{"@context":"https:\/\/schema.org","@graph":[{"@type":"WebPage","@id":"https:\/\/luminairesgregoire.com\/en\/product\/ventilateur-52-del-noir-romy-cf52rom5bk-es\/","url":"https:\/\/luminairesgregoire.com\/en\/product\/ventilateur-52-del-noir-romy-cf52rom5bk-es\/","name":"VENTILATEUR 52'' DEL NOIR- ROMY CF52ROM5BK-ES - Luminaires Paul Gr\u00e9goire","isPartOf":{"@id":"https:\/\/luminairesgregoire.com\/en\/#website"},"primaryImageOfPage":{"@id":"https:\/\/luminairesgregoire.com\/en\/product\/ventilateur-52-del-noir-romy-cf52rom5bk-es\/#primaryimage"},"image":{"@id":"https:\/\/luminairesgregoire.com\/en\/product\/ventilateur-52-del-noir-romy-cf52rom5bk-es\/#primaryimage"},"thumbnailUrl":"https:\/\/luminairesgregoire.com\/wp-content\/uploads\/2026\/03\/Votre-texte-de-paragraphe-2026-03-31T140040.085.webp","datePublished":"2025-12-20T06:50:45+00:00","dateModified":"2026-04-24T07:44:32+00:00","description":"VENTILATEUR 52'' DEL NOIR- ROMY CF52ROM5BK-ES - Discover our collection of designer lighting \u2014 pendants, lamps, and ceiling lights \u2014 to brighten every space with style and elegance.","breadcrumb":{"@id":"https:\/\/luminairesgregoire.com\/en\/product\/ventilateur-52-del-noir-romy-cf52rom5bk-es\/#breadcrumb"},"inLanguage":"en-US","potentialAction":[{"@type":"ReadAction","target":["https:\/\/luminairesgregoire.com\/en\/product\/ventilateur-52-del-noir-romy-cf52rom5bk-es\/"]}]},{"@type":"ImageObject","inLanguage":"en-US","@id":"https:\/\/luminairesgregoire.com\/en\/product\/ventilateur-52-del-noir-romy-cf52rom5bk-es\/#primaryimage","url":"https:\/\/luminairesgregoire.com\/wp-content\/uploads\/2026\/03\/Votre-texte-de-paragraphe-2026-03-31T140040.085.webp","contentUrl":"https:\/\/luminairesgregoire.com\/wp-content\/uploads\/2026\/03\/Votre-texte-de-paragraphe-2026-03-31T140040.085.webp","width":850,"height":850,"caption":"VENTILATEUR 52'' DEL NOIR- ROMY CF52ROM5BK-ES"},{"@type":"BreadcrumbList","@id":"https:\/\/luminairesgregoire.com\/en\/product\/ventilateur-52-del-noir-romy-cf52rom5bk-es\/#breadcrumb","itemListElement":[{"@type":"ListItem","position":1,"name":"Home","item":"https:\/\/luminairesgregoire.com\/en\/"},{"@type":"ListItem","position":2,"name":"Store","item":"https:\/\/luminairesgregoire.com\/en\/products\/"},{"@type":"ListItem","position":3,"name":"VENTILATEUR 52\u00a0\u00bb DEL NOIR- ROMY CF52ROM5BK-ES"}]},{"@type":"WebSite","@id":"https:\/\/luminairesgregoire.com\/en\/#website","url":"https:\/\/luminairesgregoire.com\/en\/","name":"Luminaires Paul Gr\u00e9goire","description":"","publisher":{"@id":"https:\/\/luminairesgregoire.com\/en\/#organization"},"potentialAction":[{"@type":"SearchAction","target":{"@type":"EntryPoint","urlTemplate":"https:\/\/luminairesgregoire.com\/en\/?s={search_term_string}"},"query-input":{"@type":"PropertyValueSpecification","valueRequired":true,"valueName":"search_term_string"}}],"inLanguage":"en-US"},{"@type":"Organization","@id":"https:\/\/luminairesgregoire.com\/en\/#organization","name":"Luminaires Paul Gr\u00e9goire","url":"https:\/\/luminairesgregoire.com\/en\/","logo":{"@type":"ImageObject","inLanguage":"en-US","@id":"https:\/\/luminairesgregoire.com\/en\/#\/schema\/logo\/image\/","url":"https:\/\/luminairesgregoire.com\/wp-content\/uploads\/2021\/05\/logo_CMYK-1-1.png","contentUrl":"https:\/\/luminairesgregoire.com\/wp-content\/uploads\/2021\/05\/logo_CMYK-1-1.png","width":350,"height":164,"caption":"Luminaires Paul Gr\u00e9goire"},"image":{"@id":"https:\/\/luminairesgregoire.com\/en\/#\/schema\/logo\/image\/"}}]}},"_links":{"self":[{"href":"https:\/\/luminairesgregoire.com\/en\/wp-json\/wp\/v2\/product\/30427","targetHints":{"allow":["GET"]}}],"collection":[{"href":"https:\/\/luminairesgregoire.com\/en\/wp-json\/wp\/v2\/product"}],"about":[{"href":"https:\/\/luminairesgregoire.com\/en\/wp-json\/wp\/v2\/types\/product"}],"wp:featuredmedia":[{"embeddable":true,"href":"https:\/\/luminairesgregoire.com\/en\/wp-json\/wp\/v2\/media\/37340"}],"wp:attachment":[{"href":"https:\/\/luminairesgregoire.com\/en\/wp-json\/wp\/v2\/media?parent=30427"}],"wp:term":[{"taxonomy":"product_brand","embeddable":true,"href":"https:\/\/luminairesgregoire.com\/en\/wp-json\/wp\/v2\/product_brand?post=30427"},{"taxonomy":"product_cat","embeddable":true,"href":"https:\/\/luminairesgregoire.com\/en\/wp-json\/wp\/v2\/product_cat?post=30427"},{"taxonomy":"product_tag","embeddable":true,"href":"https:\/\/luminairesgregoire.com\/en\/wp-json\/wp\/v2\/product_tag?post=30427"}],"curies":[{"name":"wp","href":"https:\/\/api.w.org\/{rel}","templated":true}]}}