{"id":31607,"date":"2026-01-08T02:46:00","date_gmt":"2026-01-08T07:46:00","guid":{"rendered":"https:\/\/luminairesgregoire.com\/?post_type=product&#038;p=31607"},"modified":"2026-04-30T05:04:01","modified_gmt":"2026-04-30T09:04:01","slug":"murale-exterieur-del-noir-jubilee-207068a","status":"publish","type":"product","link":"https:\/\/luminairesgregoire.com\/product\/murale-exterieur-del-noir-jubilee-207068a\/","title":{"rendered":"MURALE EXT\u00c9RIEUR DEL NOIR- JUBILEE 207068A"},"content":{"rendered":"<p>L\u2019applique murale ext\u00e9rieure <strong data-start=\"29\" data-end=\"40\">Jubilee<\/strong> en fini noir mat transforme la lumi\u00e8re en une v\u00e9ritable sculpture fonctionnelle. Un r\u00e9flecteur en m\u00e9tal nervur\u00e9 se courbe d\u00e9licatement derri\u00e8re une barre angulaire \u00e9pur\u00e9e, o\u00f9 texture et lumi\u00e8re s\u2019unissent en parfaite harmonie. Les DEL int\u00e9gr\u00e9es \u00e0 <strong data-start=\"288\" data-end=\"324\">5 temp\u00e9ratures de couleur (5CCT)<\/strong> projettent la lumi\u00e8re vers l\u2019arri\u00e8re et la r\u00e9fl\u00e9chissent vers l\u2019avant, cr\u00e9ant une lueur douce et sophistiqu\u00e9e qui rehausse l\u2019esth\u00e9tique de tout ext\u00e9rieur moderne.<\/p>\n","protected":false},"excerpt":{"rendered":"<p>L\u2019applique murale ext\u00e9rieure Jubilee en fini noir mat transforme la lumi\u00e8re en une v\u00e9ritable sculpture fonctionnelle. Un r\u00e9flecteur en m\u00e9tal nervur\u00e9 se courbe d\u00e9licatement derri\u00e8re une barre angulaire \u00e9pur\u00e9e, o\u00f9 texture et lumi\u00e8re s\u2019unissent en parfaite harmonie. Les DEL int\u00e9gr\u00e9es \u00e0 5 temp\u00e9ratures de couleur (5CCT) projettent la lumi\u00e8re vers l\u2019arri\u00e8re et la r\u00e9fl\u00e9chissent vers [&hellip;]<\/p>\n","protected":false},"featured_media":39076,"template":"","meta":{"_acf_changed":false},"product_brand":[6010,9383],"product_cat":[5837,5849,8859],"product_tag":[7348],"class_list":{"0":"post-31607","1":"product","2":"type-product","3":"status-publish","4":"has-post-thumbnail","6":"product_brand-eglo","7":"product_brand-thesis","8":"product_cat-eclairages-exterieurs","9":"product_cat-murales-exterieurs","10":"product_cat-nouveautes","11":"product_tag-nouveaute-2026","12":"pa_extension-8360","13":"pa_finis-noir","14":"pa_hauteur-18-25","15":"pa_kelvin-5cct-2700k-3000k-3500k-4000k-5000k","16":"pa_largeur-6-2","17":"pa_lumens-210-lm","18":"pa_types-dampoules-del-integre","19":"pa_watts-27-w","21":"first","22":"instock","23":"taxable","24":"shipping-taxable","25":"purchasable","26":"product-type-simple"},"acf":[],"yoast_head":"<!-- This site is optimized with the Yoast SEO plugin v27.4 - https:\/\/yoast.com\/product\/yoast-seo-wordpress\/ -->\n<title>MURALE EXT\u00c9RIEUR DEL NOIR- JUBILEE 207068A - Luminaires Paul Gr\u00e9goire<\/title>\n<meta name=\"description\" content=\"MURALE EXT\u00c9RIEUR DEL NOIR- JUBILEE 207068A - Discover our collection of designer lighting \u2014 pendants, lamps, and ceiling lights \u2014 to brighten every space with style and elegance.\" \/>\n<meta name=\"robots\" content=\"index, follow, max-snippet:-1, max-image-preview:large, max-video-preview:-1\" \/>\n<link rel=\"canonical\" href=\"https:\/\/luminairesgregoire.com\/en\/product\/murale-exterieur-del-noir-jubilee-207068a\/\" \/>\n<meta property=\"og:locale\" content=\"en_US\" \/>\n<meta property=\"og:type\" content=\"article\" \/>\n<meta property=\"og:title\" content=\"MURALE EXT\u00c9RIEUR DEL NOIR- JUBILEE 207068A - Luminaires Paul Gr\u00e9goire\" \/>\n<meta property=\"og:description\" content=\"MURALE EXT\u00c9RIEUR DEL NOIR- JUBILEE 207068A - Discover our collection of designer lighting \u2014 pendants, lamps, and ceiling lights \u2014 to brighten every space with style and elegance.\" \/>\n<meta property=\"og:url\" content=\"https:\/\/luminairesgregoire.com\/product\/murale-exterieur-del-noir-jubilee-207068a\/\" \/>\n<meta property=\"og:site_name\" content=\"Luminaires Paul Gr\u00e9goire\" \/>\n<meta property=\"article:modified_time\" content=\"2026-04-30T09:04:01+00:00\" \/>\n<meta property=\"og:image\" content=\"https:\/\/luminairesgregoire.com\/wp-content\/uploads\/2026\/04\/Votre-texte-de-paragraphe-2026-04-29T165643.101.webp\" \/>\n\t<meta property=\"og:image:width\" content=\"850\" \/>\n\t<meta property=\"og:image:height\" content=\"850\" \/>\n\t<meta property=\"og:image:type\" content=\"image\/jpeg\" \/>\n<meta name=\"twitter:card\" content=\"summary_large_image\" \/>\n<meta name=\"twitter:label1\" content=\"Est. reading time\" \/>\n\t<meta name=\"twitter:data1\" content=\"1 minute\" \/>\n<script type=\"application\/ld+json\" class=\"yoast-schema-graph\">{\"@context\":\"https:\\\/\\\/schema.org\",\"@graph\":[{\"@type\":\"WebPage\",\"@id\":\"https:\\\/\\\/luminairesgregoire.com\\\/product\\\/murale-exterieur-del-noir-jubilee-207068a\\\/\",\"url\":\"https:\\\/\\\/luminairesgregoire.com\\\/product\\\/murale-exterieur-del-noir-jubilee-207068a\\\/\",\"name\":\"MURALE EXT\u00c9RIEUR DEL NOIR- JUBILEE 207068A - Luminaires Paul Gr\u00e9goire\",\"isPartOf\":{\"@id\":\"https:\\\/\\\/luminairesgregoire.com\\\/en\\\/#website\"},\"primaryImageOfPage\":{\"@id\":\"https:\\\/\\\/luminairesgregoire.com\\\/product\\\/murale-exterieur-del-noir-jubilee-207068a\\\/#primaryimage\"},\"image\":{\"@id\":\"https:\\\/\\\/luminairesgregoire.com\\\/product\\\/murale-exterieur-del-noir-jubilee-207068a\\\/#primaryimage\"},\"thumbnailUrl\":\"https:\\\/\\\/luminairesgregoire.com\\\/wp-content\\\/uploads\\\/2026\\\/04\\\/Votre-texte-de-paragraphe-2026-04-29T165643.101.webp\",\"datePublished\":\"2026-01-08T07:46:00+00:00\",\"dateModified\":\"2026-04-30T09:04:01+00:00\",\"description\":\"MURALE EXT\u00c9RIEUR DEL NOIR- JUBILEE 207068A - Discover our collection of designer lighting \u2014 pendants, lamps, and ceiling lights \u2014 to brighten every space with style and elegance.\",\"breadcrumb\":{\"@id\":\"https:\\\/\\\/luminairesgregoire.com\\\/product\\\/murale-exterieur-del-noir-jubilee-207068a\\\/#breadcrumb\"},\"inLanguage\":\"en-US\",\"potentialAction\":[{\"@type\":\"ReadAction\",\"target\":[\"https:\\\/\\\/luminairesgregoire.com\\\/product\\\/murale-exterieur-del-noir-jubilee-207068a\\\/\"]}]},{\"@type\":\"ImageObject\",\"inLanguage\":\"en-US\",\"@id\":\"https:\\\/\\\/luminairesgregoire.com\\\/product\\\/murale-exterieur-del-noir-jubilee-207068a\\\/#primaryimage\",\"url\":\"https:\\\/\\\/luminairesgregoire.com\\\/wp-content\\\/uploads\\\/2026\\\/04\\\/Votre-texte-de-paragraphe-2026-04-29T165643.101.webp\",\"contentUrl\":\"https:\\\/\\\/luminairesgregoire.com\\\/wp-content\\\/uploads\\\/2026\\\/04\\\/Votre-texte-de-paragraphe-2026-04-29T165643.101.webp\",\"width\":850,\"height\":850,\"caption\":\"MURALE EXT\u00c9RIEUR DEL NOIR- JUBILEE 207068A\"},{\"@type\":\"BreadcrumbList\",\"@id\":\"https:\\\/\\\/luminairesgregoire.com\\\/product\\\/murale-exterieur-del-noir-jubilee-207068a\\\/#breadcrumb\",\"itemListElement\":[{\"@type\":\"ListItem\",\"position\":1,\"name\":\"Home\",\"item\":\"https:\\\/\\\/luminairesgregoire.com\\\/en\\\/\"},{\"@type\":\"ListItem\",\"position\":2,\"name\":\"Store\",\"item\":\"https:\\\/\\\/luminairesgregoire.com\\\/en\\\/products\\\/\"},{\"@type\":\"ListItem\",\"position\":3,\"name\":\"MURALE EXT\u00c9RIEUR DEL NOIR- JUBILEE 207068A\"}]},{\"@type\":\"WebSite\",\"@id\":\"https:\\\/\\\/luminairesgregoire.com\\\/en\\\/#website\",\"url\":\"https:\\\/\\\/luminairesgregoire.com\\\/en\\\/\",\"name\":\"Luminaires Paul Gr\u00e9goire\",\"description\":\"\",\"publisher\":{\"@id\":\"https:\\\/\\\/luminairesgregoire.com\\\/en\\\/#organization\"},\"potentialAction\":[{\"@type\":\"SearchAction\",\"target\":{\"@type\":\"EntryPoint\",\"urlTemplate\":\"https:\\\/\\\/luminairesgregoire.com\\\/en\\\/?s={search_term_string}\"},\"query-input\":{\"@type\":\"PropertyValueSpecification\",\"valueRequired\":true,\"valueName\":\"search_term_string\"}}],\"inLanguage\":\"en-US\"},{\"@type\":\"Organization\",\"@id\":\"https:\\\/\\\/luminairesgregoire.com\\\/en\\\/#organization\",\"name\":\"Luminaires Paul Gr\u00e9goire\",\"url\":\"https:\\\/\\\/luminairesgregoire.com\\\/en\\\/\",\"logo\":{\"@type\":\"ImageObject\",\"inLanguage\":\"en-US\",\"@id\":\"https:\\\/\\\/luminairesgregoire.com\\\/en\\\/#\\\/schema\\\/logo\\\/image\\\/\",\"url\":\"https:\\\/\\\/luminairesgregoire.com\\\/wp-content\\\/uploads\\\/2021\\\/05\\\/logo_CMYK-1-1.png\",\"contentUrl\":\"https:\\\/\\\/luminairesgregoire.com\\\/wp-content\\\/uploads\\\/2021\\\/05\\\/logo_CMYK-1-1.png\",\"width\":350,\"height\":164,\"caption\":\"Luminaires Paul Gr\u00e9goire\"},\"image\":{\"@id\":\"https:\\\/\\\/luminairesgregoire.com\\\/en\\\/#\\\/schema\\\/logo\\\/image\\\/\"}}]}<\/script>\n<!-- \/ Yoast SEO plugin. -->","yoast_head_json":{"title":"MURALE EXT\u00c9RIEUR DEL NOIR- JUBILEE 207068A - Luminaires Paul Gr\u00e9goire","description":"MURALE EXT\u00c9RIEUR DEL NOIR- JUBILEE 207068A - Discover our collection of designer lighting \u2014 pendants, lamps, and ceiling lights \u2014 to brighten every space with style and elegance.","robots":{"index":"index","follow":"follow","max-snippet":"max-snippet:-1","max-image-preview":"max-image-preview:large","max-video-preview":"max-video-preview:-1"},"canonical":"https:\/\/luminairesgregoire.com\/en\/product\/murale-exterieur-del-noir-jubilee-207068a\/","og_locale":"en_US","og_type":"article","og_title":"MURALE EXT\u00c9RIEUR DEL NOIR- JUBILEE 207068A - Luminaires Paul Gr\u00e9goire","og_description":"MURALE EXT\u00c9RIEUR DEL NOIR- JUBILEE 207068A - Discover our collection of designer lighting \u2014 pendants, lamps, and ceiling lights \u2014 to brighten every space with style and elegance.","og_url":"https:\/\/luminairesgregoire.com\/product\/murale-exterieur-del-noir-jubilee-207068a\/","og_site_name":"Luminaires Paul Gr\u00e9goire","article_modified_time":"2026-04-30T09:04:01+00:00","og_image":[{"width":850,"height":850,"url":"https:\/\/luminairesgregoire.com\/wp-content\/uploads\/2026\/04\/Votre-texte-de-paragraphe-2026-04-29T165643.101.webp","type":"image\/jpeg"}],"twitter_card":"summary_large_image","twitter_misc":{"Est. reading time":"1 minute"},"schema":{"@context":"https:\/\/schema.org","@graph":[{"@type":"WebPage","@id":"https:\/\/luminairesgregoire.com\/product\/murale-exterieur-del-noir-jubilee-207068a\/","url":"https:\/\/luminairesgregoire.com\/product\/murale-exterieur-del-noir-jubilee-207068a\/","name":"MURALE EXT\u00c9RIEUR DEL NOIR- JUBILEE 207068A - Luminaires Paul Gr\u00e9goire","isPartOf":{"@id":"https:\/\/luminairesgregoire.com\/en\/#website"},"primaryImageOfPage":{"@id":"https:\/\/luminairesgregoire.com\/product\/murale-exterieur-del-noir-jubilee-207068a\/#primaryimage"},"image":{"@id":"https:\/\/luminairesgregoire.com\/product\/murale-exterieur-del-noir-jubilee-207068a\/#primaryimage"},"thumbnailUrl":"https:\/\/luminairesgregoire.com\/wp-content\/uploads\/2026\/04\/Votre-texte-de-paragraphe-2026-04-29T165643.101.webp","datePublished":"2026-01-08T07:46:00+00:00","dateModified":"2026-04-30T09:04:01+00:00","description":"MURALE EXT\u00c9RIEUR DEL NOIR- JUBILEE 207068A - Discover our collection of designer lighting \u2014 pendants, lamps, and ceiling lights \u2014 to brighten every space with style and elegance.","breadcrumb":{"@id":"https:\/\/luminairesgregoire.com\/product\/murale-exterieur-del-noir-jubilee-207068a\/#breadcrumb"},"inLanguage":"en-US","potentialAction":[{"@type":"ReadAction","target":["https:\/\/luminairesgregoire.com\/product\/murale-exterieur-del-noir-jubilee-207068a\/"]}]},{"@type":"ImageObject","inLanguage":"en-US","@id":"https:\/\/luminairesgregoire.com\/product\/murale-exterieur-del-noir-jubilee-207068a\/#primaryimage","url":"https:\/\/luminairesgregoire.com\/wp-content\/uploads\/2026\/04\/Votre-texte-de-paragraphe-2026-04-29T165643.101.webp","contentUrl":"https:\/\/luminairesgregoire.com\/wp-content\/uploads\/2026\/04\/Votre-texte-de-paragraphe-2026-04-29T165643.101.webp","width":850,"height":850,"caption":"MURALE EXT\u00c9RIEUR DEL NOIR- JUBILEE 207068A"},{"@type":"BreadcrumbList","@id":"https:\/\/luminairesgregoire.com\/product\/murale-exterieur-del-noir-jubilee-207068a\/#breadcrumb","itemListElement":[{"@type":"ListItem","position":1,"name":"Home","item":"https:\/\/luminairesgregoire.com\/en\/"},{"@type":"ListItem","position":2,"name":"Store","item":"https:\/\/luminairesgregoire.com\/en\/products\/"},{"@type":"ListItem","position":3,"name":"MURALE EXT\u00c9RIEUR DEL NOIR- JUBILEE 207068A"}]},{"@type":"WebSite","@id":"https:\/\/luminairesgregoire.com\/en\/#website","url":"https:\/\/luminairesgregoire.com\/en\/","name":"Luminaires Paul Gr\u00e9goire","description":"","publisher":{"@id":"https:\/\/luminairesgregoire.com\/en\/#organization"},"potentialAction":[{"@type":"SearchAction","target":{"@type":"EntryPoint","urlTemplate":"https:\/\/luminairesgregoire.com\/en\/?s={search_term_string}"},"query-input":{"@type":"PropertyValueSpecification","valueRequired":true,"valueName":"search_term_string"}}],"inLanguage":"en-US"},{"@type":"Organization","@id":"https:\/\/luminairesgregoire.com\/en\/#organization","name":"Luminaires Paul Gr\u00e9goire","url":"https:\/\/luminairesgregoire.com\/en\/","logo":{"@type":"ImageObject","inLanguage":"en-US","@id":"https:\/\/luminairesgregoire.com\/en\/#\/schema\/logo\/image\/","url":"https:\/\/luminairesgregoire.com\/wp-content\/uploads\/2021\/05\/logo_CMYK-1-1.png","contentUrl":"https:\/\/luminairesgregoire.com\/wp-content\/uploads\/2021\/05\/logo_CMYK-1-1.png","width":350,"height":164,"caption":"Luminaires Paul Gr\u00e9goire"},"image":{"@id":"https:\/\/luminairesgregoire.com\/en\/#\/schema\/logo\/image\/"}}]}},"_links":{"self":[{"href":"https:\/\/luminairesgregoire.com\/en\/wp-json\/wp\/v2\/product\/31607","targetHints":{"allow":["GET"]}}],"collection":[{"href":"https:\/\/luminairesgregoire.com\/en\/wp-json\/wp\/v2\/product"}],"about":[{"href":"https:\/\/luminairesgregoire.com\/en\/wp-json\/wp\/v2\/types\/product"}],"wp:featuredmedia":[{"embeddable":true,"href":"https:\/\/luminairesgregoire.com\/en\/wp-json\/wp\/v2\/media\/39076"}],"wp:attachment":[{"href":"https:\/\/luminairesgregoire.com\/en\/wp-json\/wp\/v2\/media?parent=31607"}],"wp:term":[{"taxonomy":"product_brand","embeddable":true,"href":"https:\/\/luminairesgregoire.com\/en\/wp-json\/wp\/v2\/product_brand?post=31607"},{"taxonomy":"product_cat","embeddable":true,"href":"https:\/\/luminairesgregoire.com\/en\/wp-json\/wp\/v2\/product_cat?post=31607"},{"taxonomy":"product_tag","embeddable":true,"href":"https:\/\/luminairesgregoire.com\/en\/wp-json\/wp\/v2\/product_tag?post=31607"}],"curies":[{"name":"wp","href":"https:\/\/api.w.org\/{rel}","templated":true}]}}