{"id":31611,"date":"2026-01-08T02:46:07","date_gmt":"2026-01-08T07:46:07","guid":{"rendered":"https:\/\/luminairesgregoire.com\/?post_type=product&#038;p=31611"},"modified":"2026-04-18T17:12:14","modified_gmt":"2026-04-18T21:12:14","slug":"plafonnier-3-l-noir-castrovido-207114a","status":"publish","type":"product","link":"https:\/\/luminairesgregoire.com\/en\/product\/plafonnier-3-l-noir-castrovido-207114a\/","title":{"rendered":"PLAFONNIER 3-L NOIR- CASTROVIDO 207114A"},"content":{"rendered":"<p>Le Castrovido est un plafonnier \u00e9l\u00e9gant qui combine harmonieusement lignes g\u00e9om\u00e9triques pr\u00e9cises et design contemporain \u00e9pur\u00e9. Avec son diam\u00e8tre de 12 pouces, il se distingue par une structure noir mat affirm\u00e9e qui met en sc\u00e8ne trois globes en verre blanc, diffusant une lumi\u00e8re douce et homog\u00e8ne. Son profil discret et sa palette intemporelle en font un choix parfait pour les couloirs, les chambres, les salles de bain ou tout espace o\u00f9 l\u2019on souhaite ajouter une touche raffin\u00e9e sans encombrer la hauteur du plafond.<\/p>\n","protected":false},"excerpt":{"rendered":"<p>Le Castrovido est un plafonnier \u00e9l\u00e9gant qui combine harmonieusement lignes g\u00e9om\u00e9triques pr\u00e9cises et design contemporain \u00e9pur\u00e9. Avec son diam\u00e8tre de 12 pouces, il se distingue par une structure noir mat affirm\u00e9e qui met en sc\u00e8ne trois globes en verre blanc, diffusant une lumi\u00e8re douce et homog\u00e8ne. Son profil discret et sa palette intemporelle en font [&hellip;]<\/p>\n","protected":false},"featured_media":38426,"template":"","meta":{"_acf_changed":false},"product_brand":[6010],"product_cat":[8859,5840,5842],"product_tag":[7348],"class_list":{"0":"post-31611","1":"product","2":"type-product","3":"status-publish","4":"has-post-thumbnail","6":"product_brand-eglo","7":"product_cat-nouveautes","8":"product_cat-plafonniers","9":"product_cat-plafonniers-plafonniers","10":"product_tag-nouveaute-2026","11":"pa_couleur-verre-blanc-opalin","12":"pa_diametre-13-po","13":"pa_garantie-1-an","14":"pa_hauteur-6-26","16":"first","17":"instock","18":"taxable","19":"shipping-taxable","20":"purchasable","21":"product-type-simple"},"acf":[],"yoast_head":"<!-- This site is optimized with the Yoast SEO plugin v27.4 - https:\/\/yoast.com\/product\/yoast-seo-wordpress\/ -->\n<title>PLAFONNIER 3-L NOIR- CASTROVIDO 207114A - Luminaires Paul Gr\u00e9goire<\/title>\n<meta name=\"description\" content=\"PLAFONNIER 3-L NOIR- CASTROVIDO 207114A - Discover our collection of designer lighting \u2014 pendants, lamps, and ceiling lights \u2014 to brighten every space with style and elegance.\" \/>\n<meta name=\"robots\" content=\"index, follow, max-snippet:-1, max-image-preview:large, max-video-preview:-1\" \/>\n<link rel=\"canonical\" href=\"https:\/\/luminairesgregoire.com\/en\/product\/plafonnier-3-l-noir-castrovido-207114a\/\" \/>\n<meta property=\"og:locale\" content=\"en_US\" \/>\n<meta property=\"og:type\" content=\"article\" \/>\n<meta property=\"og:title\" content=\"PLAFONNIER 3-L NOIR- CASTROVIDO 207114A - Luminaires Paul Gr\u00e9goire\" \/>\n<meta property=\"og:description\" content=\"PLAFONNIER 3-L NOIR- CASTROVIDO 207114A - Discover our collection of designer lighting \u2014 pendants, lamps, and ceiling lights \u2014 to brighten every space with style and elegance.\" \/>\n<meta property=\"og:url\" content=\"https:\/\/luminairesgregoire.com\/en\/product\/plafonnier-3-l-noir-castrovido-207114a\/\" \/>\n<meta property=\"og:site_name\" content=\"Luminaires Paul Gr\u00e9goire\" \/>\n<meta property=\"article:modified_time\" content=\"2026-04-18T21:12:14+00:00\" \/>\n<meta property=\"og:image\" content=\"https:\/\/luminairesgregoire.com\/wp-content\/uploads\/2026\/04\/Votre-texte-de-paragraphe-2026-04-18T160608.660.webp\" \/>\n\t<meta property=\"og:image:width\" content=\"850\" \/>\n\t<meta property=\"og:image:height\" content=\"850\" \/>\n\t<meta property=\"og:image:type\" content=\"image\/jpeg\" \/>\n<meta name=\"twitter:card\" content=\"summary_large_image\" \/>\n<meta name=\"twitter:label1\" content=\"Est. reading time\" \/>\n\t<meta name=\"twitter:data1\" content=\"1 minute\" \/>\n<script type=\"application\/ld+json\" class=\"yoast-schema-graph\">{\"@context\":\"https:\\\/\\\/schema.org\",\"@graph\":[{\"@type\":\"WebPage\",\"@id\":\"https:\\\/\\\/luminairesgregoire.com\\\/en\\\/product\\\/plafonnier-3-l-noir-castrovido-207114a\\\/\",\"url\":\"https:\\\/\\\/luminairesgregoire.com\\\/en\\\/product\\\/plafonnier-3-l-noir-castrovido-207114a\\\/\",\"name\":\"PLAFONNIER 3-L NOIR- CASTROVIDO 207114A - Luminaires Paul Gr\u00e9goire\",\"isPartOf\":{\"@id\":\"https:\\\/\\\/luminairesgregoire.com\\\/en\\\/#website\"},\"primaryImageOfPage\":{\"@id\":\"https:\\\/\\\/luminairesgregoire.com\\\/en\\\/product\\\/plafonnier-3-l-noir-castrovido-207114a\\\/#primaryimage\"},\"image\":{\"@id\":\"https:\\\/\\\/luminairesgregoire.com\\\/en\\\/product\\\/plafonnier-3-l-noir-castrovido-207114a\\\/#primaryimage\"},\"thumbnailUrl\":\"https:\\\/\\\/luminairesgregoire.com\\\/wp-content\\\/uploads\\\/2026\\\/04\\\/Votre-texte-de-paragraphe-2026-04-18T160608.660.webp\",\"datePublished\":\"2026-01-08T07:46:07+00:00\",\"dateModified\":\"2026-04-18T21:12:14+00:00\",\"description\":\"PLAFONNIER 3-L NOIR- CASTROVIDO 207114A - Discover our collection of designer lighting \u2014 pendants, lamps, and ceiling lights \u2014 to brighten every space with style and elegance.\",\"breadcrumb\":{\"@id\":\"https:\\\/\\\/luminairesgregoire.com\\\/en\\\/product\\\/plafonnier-3-l-noir-castrovido-207114a\\\/#breadcrumb\"},\"inLanguage\":\"en-US\",\"potentialAction\":[{\"@type\":\"ReadAction\",\"target\":[\"https:\\\/\\\/luminairesgregoire.com\\\/en\\\/product\\\/plafonnier-3-l-noir-castrovido-207114a\\\/\"]}]},{\"@type\":\"ImageObject\",\"inLanguage\":\"en-US\",\"@id\":\"https:\\\/\\\/luminairesgregoire.com\\\/en\\\/product\\\/plafonnier-3-l-noir-castrovido-207114a\\\/#primaryimage\",\"url\":\"https:\\\/\\\/luminairesgregoire.com\\\/wp-content\\\/uploads\\\/2026\\\/04\\\/Votre-texte-de-paragraphe-2026-04-18T160608.660.webp\",\"contentUrl\":\"https:\\\/\\\/luminairesgregoire.com\\\/wp-content\\\/uploads\\\/2026\\\/04\\\/Votre-texte-de-paragraphe-2026-04-18T160608.660.webp\",\"width\":850,\"height\":850,\"caption\":\"PLAFONNIER 3-L NOIR- CASTROVIDO 207114A\"},{\"@type\":\"BreadcrumbList\",\"@id\":\"https:\\\/\\\/luminairesgregoire.com\\\/en\\\/product\\\/plafonnier-3-l-noir-castrovido-207114a\\\/#breadcrumb\",\"itemListElement\":[{\"@type\":\"ListItem\",\"position\":1,\"name\":\"Home\",\"item\":\"https:\\\/\\\/luminairesgregoire.com\\\/en\\\/\"},{\"@type\":\"ListItem\",\"position\":2,\"name\":\"Store\",\"item\":\"https:\\\/\\\/luminairesgregoire.com\\\/en\\\/products\\\/\"},{\"@type\":\"ListItem\",\"position\":3,\"name\":\"PLAFONNIER 3-L NOIR- CASTROVIDO 207114A\"}]},{\"@type\":\"WebSite\",\"@id\":\"https:\\\/\\\/luminairesgregoire.com\\\/en\\\/#website\",\"url\":\"https:\\\/\\\/luminairesgregoire.com\\\/en\\\/\",\"name\":\"Luminaires Paul Gr\u00e9goire\",\"description\":\"\",\"publisher\":{\"@id\":\"https:\\\/\\\/luminairesgregoire.com\\\/en\\\/#organization\"},\"potentialAction\":[{\"@type\":\"SearchAction\",\"target\":{\"@type\":\"EntryPoint\",\"urlTemplate\":\"https:\\\/\\\/luminairesgregoire.com\\\/en\\\/?s={search_term_string}\"},\"query-input\":{\"@type\":\"PropertyValueSpecification\",\"valueRequired\":true,\"valueName\":\"search_term_string\"}}],\"inLanguage\":\"en-US\"},{\"@type\":\"Organization\",\"@id\":\"https:\\\/\\\/luminairesgregoire.com\\\/en\\\/#organization\",\"name\":\"Luminaires Paul Gr\u00e9goire\",\"url\":\"https:\\\/\\\/luminairesgregoire.com\\\/en\\\/\",\"logo\":{\"@type\":\"ImageObject\",\"inLanguage\":\"en-US\",\"@id\":\"https:\\\/\\\/luminairesgregoire.com\\\/en\\\/#\\\/schema\\\/logo\\\/image\\\/\",\"url\":\"https:\\\/\\\/luminairesgregoire.com\\\/wp-content\\\/uploads\\\/2021\\\/05\\\/logo_CMYK-1-1.png\",\"contentUrl\":\"https:\\\/\\\/luminairesgregoire.com\\\/wp-content\\\/uploads\\\/2021\\\/05\\\/logo_CMYK-1-1.png\",\"width\":350,\"height\":164,\"caption\":\"Luminaires Paul Gr\u00e9goire\"},\"image\":{\"@id\":\"https:\\\/\\\/luminairesgregoire.com\\\/en\\\/#\\\/schema\\\/logo\\\/image\\\/\"}}]}<\/script>\n<!-- \/ Yoast SEO plugin. -->","yoast_head_json":{"title":"PLAFONNIER 3-L NOIR- CASTROVIDO 207114A - Luminaires Paul Gr\u00e9goire","description":"PLAFONNIER 3-L NOIR- CASTROVIDO 207114A - Discover our collection of designer lighting \u2014 pendants, lamps, and ceiling lights \u2014 to brighten every space with style and elegance.","robots":{"index":"index","follow":"follow","max-snippet":"max-snippet:-1","max-image-preview":"max-image-preview:large","max-video-preview":"max-video-preview:-1"},"canonical":"https:\/\/luminairesgregoire.com\/en\/product\/plafonnier-3-l-noir-castrovido-207114a\/","og_locale":"en_US","og_type":"article","og_title":"PLAFONNIER 3-L NOIR- CASTROVIDO 207114A - Luminaires Paul Gr\u00e9goire","og_description":"PLAFONNIER 3-L NOIR- CASTROVIDO 207114A - Discover our collection of designer lighting \u2014 pendants, lamps, and ceiling lights \u2014 to brighten every space with style and elegance.","og_url":"https:\/\/luminairesgregoire.com\/en\/product\/plafonnier-3-l-noir-castrovido-207114a\/","og_site_name":"Luminaires Paul Gr\u00e9goire","article_modified_time":"2026-04-18T21:12:14+00:00","og_image":[{"width":850,"height":850,"url":"https:\/\/luminairesgregoire.com\/wp-content\/uploads\/2026\/04\/Votre-texte-de-paragraphe-2026-04-18T160608.660.webp","type":"image\/jpeg"}],"twitter_card":"summary_large_image","twitter_misc":{"Est. reading time":"1 minute"},"schema":{"@context":"https:\/\/schema.org","@graph":[{"@type":"WebPage","@id":"https:\/\/luminairesgregoire.com\/en\/product\/plafonnier-3-l-noir-castrovido-207114a\/","url":"https:\/\/luminairesgregoire.com\/en\/product\/plafonnier-3-l-noir-castrovido-207114a\/","name":"PLAFONNIER 3-L NOIR- CASTROVIDO 207114A - Luminaires Paul Gr\u00e9goire","isPartOf":{"@id":"https:\/\/luminairesgregoire.com\/en\/#website"},"primaryImageOfPage":{"@id":"https:\/\/luminairesgregoire.com\/en\/product\/plafonnier-3-l-noir-castrovido-207114a\/#primaryimage"},"image":{"@id":"https:\/\/luminairesgregoire.com\/en\/product\/plafonnier-3-l-noir-castrovido-207114a\/#primaryimage"},"thumbnailUrl":"https:\/\/luminairesgregoire.com\/wp-content\/uploads\/2026\/04\/Votre-texte-de-paragraphe-2026-04-18T160608.660.webp","datePublished":"2026-01-08T07:46:07+00:00","dateModified":"2026-04-18T21:12:14+00:00","description":"PLAFONNIER 3-L NOIR- CASTROVIDO 207114A - Discover our collection of designer lighting \u2014 pendants, lamps, and ceiling lights \u2014 to brighten every space with style and elegance.","breadcrumb":{"@id":"https:\/\/luminairesgregoire.com\/en\/product\/plafonnier-3-l-noir-castrovido-207114a\/#breadcrumb"},"inLanguage":"en-US","potentialAction":[{"@type":"ReadAction","target":["https:\/\/luminairesgregoire.com\/en\/product\/plafonnier-3-l-noir-castrovido-207114a\/"]}]},{"@type":"ImageObject","inLanguage":"en-US","@id":"https:\/\/luminairesgregoire.com\/en\/product\/plafonnier-3-l-noir-castrovido-207114a\/#primaryimage","url":"https:\/\/luminairesgregoire.com\/wp-content\/uploads\/2026\/04\/Votre-texte-de-paragraphe-2026-04-18T160608.660.webp","contentUrl":"https:\/\/luminairesgregoire.com\/wp-content\/uploads\/2026\/04\/Votre-texte-de-paragraphe-2026-04-18T160608.660.webp","width":850,"height":850,"caption":"PLAFONNIER 3-L NOIR- CASTROVIDO 207114A"},{"@type":"BreadcrumbList","@id":"https:\/\/luminairesgregoire.com\/en\/product\/plafonnier-3-l-noir-castrovido-207114a\/#breadcrumb","itemListElement":[{"@type":"ListItem","position":1,"name":"Home","item":"https:\/\/luminairesgregoire.com\/en\/"},{"@type":"ListItem","position":2,"name":"Store","item":"https:\/\/luminairesgregoire.com\/en\/products\/"},{"@type":"ListItem","position":3,"name":"PLAFONNIER 3-L NOIR- CASTROVIDO 207114A"}]},{"@type":"WebSite","@id":"https:\/\/luminairesgregoire.com\/en\/#website","url":"https:\/\/luminairesgregoire.com\/en\/","name":"Luminaires Paul Gr\u00e9goire","description":"","publisher":{"@id":"https:\/\/luminairesgregoire.com\/en\/#organization"},"potentialAction":[{"@type":"SearchAction","target":{"@type":"EntryPoint","urlTemplate":"https:\/\/luminairesgregoire.com\/en\/?s={search_term_string}"},"query-input":{"@type":"PropertyValueSpecification","valueRequired":true,"valueName":"search_term_string"}}],"inLanguage":"en-US"},{"@type":"Organization","@id":"https:\/\/luminairesgregoire.com\/en\/#organization","name":"Luminaires Paul Gr\u00e9goire","url":"https:\/\/luminairesgregoire.com\/en\/","logo":{"@type":"ImageObject","inLanguage":"en-US","@id":"https:\/\/luminairesgregoire.com\/en\/#\/schema\/logo\/image\/","url":"https:\/\/luminairesgregoire.com\/wp-content\/uploads\/2021\/05\/logo_CMYK-1-1.png","contentUrl":"https:\/\/luminairesgregoire.com\/wp-content\/uploads\/2021\/05\/logo_CMYK-1-1.png","width":350,"height":164,"caption":"Luminaires Paul Gr\u00e9goire"},"image":{"@id":"https:\/\/luminairesgregoire.com\/en\/#\/schema\/logo\/image\/"}}]}},"_links":{"self":[{"href":"https:\/\/luminairesgregoire.com\/en\/wp-json\/wp\/v2\/product\/31611","targetHints":{"allow":["GET"]}}],"collection":[{"href":"https:\/\/luminairesgregoire.com\/en\/wp-json\/wp\/v2\/product"}],"about":[{"href":"https:\/\/luminairesgregoire.com\/en\/wp-json\/wp\/v2\/types\/product"}],"wp:featuredmedia":[{"embeddable":true,"href":"https:\/\/luminairesgregoire.com\/en\/wp-json\/wp\/v2\/media\/38426"}],"wp:attachment":[{"href":"https:\/\/luminairesgregoire.com\/en\/wp-json\/wp\/v2\/media?parent=31611"}],"wp:term":[{"taxonomy":"product_brand","embeddable":true,"href":"https:\/\/luminairesgregoire.com\/en\/wp-json\/wp\/v2\/product_brand?post=31611"},{"taxonomy":"product_cat","embeddable":true,"href":"https:\/\/luminairesgregoire.com\/en\/wp-json\/wp\/v2\/product_cat?post=31611"},{"taxonomy":"product_tag","embeddable":true,"href":"https:\/\/luminairesgregoire.com\/en\/wp-json\/wp\/v2\/product_tag?post=31611"}],"curies":[{"name":"wp","href":"https:\/\/api.w.org\/{rel}","templated":true}]}}