{"id":31661,"date":"2026-01-08T02:47:35","date_gmt":"2026-01-08T07:47:35","guid":{"rendered":"https:\/\/luminairesgregoire.com\/?post_type=product&#038;p=31661"},"modified":"2026-05-14T04:48:42","modified_gmt":"2026-05-14T08:48:42","slug":"murale-vanite-del-laiton-overture-207288a","status":"publish","type":"product","link":"https:\/\/luminairesgregoire.com\/en\/product\/murale-vanite-del-laiton-overture-207288a\/","title":{"rendered":"MURALE VANIT\u00c9 DEL LAITON- OVERTURE 207288A"},"content":{"rendered":"<p>La lumi\u00e8re de vanit\u00e9 <strong data-start=\"21\" data-end=\"33\">Overture<\/strong> en or champagne s\u2019inspire des gestes gracieux des baguettes de chefs d\u2019orchestre, offrant un \u00e9quilibre raffin\u00e9 entre minimalisme luxueux et forme expressive. Son bras \u00e9lanc\u00e9 est dot\u00e9, \u00e0 chaque extr\u00e9mit\u00e9, d\u2019\u00e9l\u00e9ments DEL 5CCT int\u00e9gr\u00e9s et orientables, permettant de diriger la lumi\u00e8re avec pr\u00e9cision et cr\u00e9ativit\u00e9. Assez polyvalente pour \u00eatre \u00e9galement utilis\u00e9e comme applique murale, Overture est rehauss\u00e9e d\u2019un d\u00e9tail en m\u00e9tal martel\u00e9 au centre, apportant un \u00e9clat digne d\u2019un bijou au design.<\/p>\n","protected":false},"excerpt":{"rendered":"<p>La lumi\u00e8re de vanit\u00e9 Overture en or champagne s\u2019inspire des gestes gracieux des baguettes de chefs d\u2019orchestre, offrant un \u00e9quilibre raffin\u00e9 entre minimalisme luxueux et forme expressive. Son bras \u00e9lanc\u00e9 est dot\u00e9, \u00e0 chaque extr\u00e9mit\u00e9, d\u2019\u00e9l\u00e9ments DEL 5CCT int\u00e9gr\u00e9s et orientables, permettant de diriger la lumi\u00e8re avec pr\u00e9cision et cr\u00e9ativit\u00e9. Assez polyvalente pour \u00eatre \u00e9galement [&hellip;]<\/p>\n","protected":false},"featured_media":37695,"template":"","meta":{"_acf_changed":false},"product_brand":[6010],"product_cat":[5843,5844,5848,8859],"product_tag":[7348],"class_list":{"0":"post-31661","1":"product","2":"type-product","3":"status-publish","4":"has-post-thumbnail","6":"product_brand-eglo","7":"product_cat-murale","8":"product_cat-murales-murales","9":"product_cat-murales-salles-de-bains","10":"product_cat-nouveautes","11":"product_tag-nouveaute-2026","12":"pa_finis-laiton","13":"pa_hauteur-5-2","14":"pa_longueur-2720","16":"first","17":"instock","18":"taxable","19":"shipping-taxable","20":"purchasable","21":"product-type-simple"},"acf":[],"yoast_head":"<!-- This site is optimized with the Yoast SEO plugin v27.4 - https:\/\/yoast.com\/product\/yoast-seo-wordpress\/ -->\n<title>MURALE VANIT\u00c9 DEL LAITON- OVERTURE 207288A - Luminaires Paul Gr\u00e9goire<\/title>\n<meta name=\"description\" content=\"MURALE VANIT\u00c9 DEL LAITON- OVERTURE 207288A - Discover our collection of designer lighting \u2014 pendants, lamps, and ceiling lights \u2014 to brighten every space with style and elegance.\" \/>\n<meta name=\"robots\" content=\"index, follow, max-snippet:-1, max-image-preview:large, max-video-preview:-1\" \/>\n<link rel=\"canonical\" href=\"https:\/\/luminairesgregoire.com\/en\/product\/murale-vanite-del-laiton-overture-207288a\/\" \/>\n<meta property=\"og:locale\" content=\"en_US\" \/>\n<meta property=\"og:type\" content=\"article\" \/>\n<meta property=\"og:title\" content=\"MURALE VANIT\u00c9 DEL LAITON- OVERTURE 207288A - Luminaires Paul Gr\u00e9goire\" \/>\n<meta property=\"og:description\" content=\"MURALE VANIT\u00c9 DEL LAITON- OVERTURE 207288A - Discover our collection of designer lighting \u2014 pendants, lamps, and ceiling lights \u2014 to brighten every space with style and elegance.\" \/>\n<meta property=\"og:url\" content=\"https:\/\/luminairesgregoire.com\/en\/product\/murale-vanite-del-laiton-overture-207288a\/\" \/>\n<meta property=\"og:site_name\" content=\"Luminaires Paul Gr\u00e9goire\" \/>\n<meta property=\"article:modified_time\" content=\"2026-05-14T08:48:42+00:00\" \/>\n<meta property=\"og:image\" content=\"https:\/\/luminairesgregoire.com\/wp-content\/uploads\/2026\/04\/Votre-texte-de-paragraphe-2026-04-07T142752.149.webp\" \/>\n\t<meta property=\"og:image:width\" content=\"850\" \/>\n\t<meta property=\"og:image:height\" content=\"850\" \/>\n\t<meta property=\"og:image:type\" content=\"image\/jpeg\" \/>\n<meta name=\"twitter:card\" content=\"summary_large_image\" \/>\n<meta name=\"twitter:label1\" content=\"Est. reading time\" \/>\n\t<meta name=\"twitter:data1\" content=\"1 minute\" \/>\n<script type=\"application\/ld+json\" class=\"yoast-schema-graph\">{\"@context\":\"https:\\\/\\\/schema.org\",\"@graph\":[{\"@type\":\"WebPage\",\"@id\":\"https:\\\/\\\/luminairesgregoire.com\\\/en\\\/product\\\/murale-vanite-del-laiton-overture-207288a\\\/\",\"url\":\"https:\\\/\\\/luminairesgregoire.com\\\/en\\\/product\\\/murale-vanite-del-laiton-overture-207288a\\\/\",\"name\":\"MURALE VANIT\u00c9 DEL LAITON- OVERTURE 207288A - Luminaires Paul Gr\u00e9goire\",\"isPartOf\":{\"@id\":\"https:\\\/\\\/luminairesgregoire.com\\\/en\\\/#website\"},\"primaryImageOfPage\":{\"@id\":\"https:\\\/\\\/luminairesgregoire.com\\\/en\\\/product\\\/murale-vanite-del-laiton-overture-207288a\\\/#primaryimage\"},\"image\":{\"@id\":\"https:\\\/\\\/luminairesgregoire.com\\\/en\\\/product\\\/murale-vanite-del-laiton-overture-207288a\\\/#primaryimage\"},\"thumbnailUrl\":\"https:\\\/\\\/luminairesgregoire.com\\\/wp-content\\\/uploads\\\/2026\\\/04\\\/Votre-texte-de-paragraphe-2026-04-07T142752.149.webp\",\"datePublished\":\"2026-01-08T07:47:35+00:00\",\"dateModified\":\"2026-05-14T08:48:42+00:00\",\"description\":\"MURALE VANIT\u00c9 DEL LAITON- OVERTURE 207288A - Discover our collection of designer lighting \u2014 pendants, lamps, and ceiling lights \u2014 to brighten every space with style and elegance.\",\"breadcrumb\":{\"@id\":\"https:\\\/\\\/luminairesgregoire.com\\\/en\\\/product\\\/murale-vanite-del-laiton-overture-207288a\\\/#breadcrumb\"},\"inLanguage\":\"en-US\",\"potentialAction\":[{\"@type\":\"ReadAction\",\"target\":[\"https:\\\/\\\/luminairesgregoire.com\\\/en\\\/product\\\/murale-vanite-del-laiton-overture-207288a\\\/\"]}]},{\"@type\":\"ImageObject\",\"inLanguage\":\"en-US\",\"@id\":\"https:\\\/\\\/luminairesgregoire.com\\\/en\\\/product\\\/murale-vanite-del-laiton-overture-207288a\\\/#primaryimage\",\"url\":\"https:\\\/\\\/luminairesgregoire.com\\\/wp-content\\\/uploads\\\/2026\\\/04\\\/Votre-texte-de-paragraphe-2026-04-07T142752.149.webp\",\"contentUrl\":\"https:\\\/\\\/luminairesgregoire.com\\\/wp-content\\\/uploads\\\/2026\\\/04\\\/Votre-texte-de-paragraphe-2026-04-07T142752.149.webp\",\"width\":850,\"height\":850,\"caption\":\"MURALE VANIT\u00c9 DEL LAITON- OVERTURE 207288A\"},{\"@type\":\"BreadcrumbList\",\"@id\":\"https:\\\/\\\/luminairesgregoire.com\\\/en\\\/product\\\/murale-vanite-del-laiton-overture-207288a\\\/#breadcrumb\",\"itemListElement\":[{\"@type\":\"ListItem\",\"position\":1,\"name\":\"Home\",\"item\":\"https:\\\/\\\/luminairesgregoire.com\\\/en\\\/\"},{\"@type\":\"ListItem\",\"position\":2,\"name\":\"Store\",\"item\":\"https:\\\/\\\/luminairesgregoire.com\\\/en\\\/products\\\/\"},{\"@type\":\"ListItem\",\"position\":3,\"name\":\"MURALE VANIT\u00c9 DEL LAITON- OVERTURE 207288A\"}]},{\"@type\":\"WebSite\",\"@id\":\"https:\\\/\\\/luminairesgregoire.com\\\/en\\\/#website\",\"url\":\"https:\\\/\\\/luminairesgregoire.com\\\/en\\\/\",\"name\":\"Luminaires Paul Gr\u00e9goire\",\"description\":\"\",\"publisher\":{\"@id\":\"https:\\\/\\\/luminairesgregoire.com\\\/en\\\/#organization\"},\"potentialAction\":[{\"@type\":\"SearchAction\",\"target\":{\"@type\":\"EntryPoint\",\"urlTemplate\":\"https:\\\/\\\/luminairesgregoire.com\\\/en\\\/?s={search_term_string}\"},\"query-input\":{\"@type\":\"PropertyValueSpecification\",\"valueRequired\":true,\"valueName\":\"search_term_string\"}}],\"inLanguage\":\"en-US\"},{\"@type\":\"Organization\",\"@id\":\"https:\\\/\\\/luminairesgregoire.com\\\/en\\\/#organization\",\"name\":\"Luminaires Paul Gr\u00e9goire\",\"url\":\"https:\\\/\\\/luminairesgregoire.com\\\/en\\\/\",\"logo\":{\"@type\":\"ImageObject\",\"inLanguage\":\"en-US\",\"@id\":\"https:\\\/\\\/luminairesgregoire.com\\\/en\\\/#\\\/schema\\\/logo\\\/image\\\/\",\"url\":\"https:\\\/\\\/luminairesgregoire.com\\\/wp-content\\\/uploads\\\/2021\\\/05\\\/logo_CMYK-1-1.png\",\"contentUrl\":\"https:\\\/\\\/luminairesgregoire.com\\\/wp-content\\\/uploads\\\/2021\\\/05\\\/logo_CMYK-1-1.png\",\"width\":350,\"height\":164,\"caption\":\"Luminaires Paul Gr\u00e9goire\"},\"image\":{\"@id\":\"https:\\\/\\\/luminairesgregoire.com\\\/en\\\/#\\\/schema\\\/logo\\\/image\\\/\"}}]}<\/script>\n<!-- \/ Yoast SEO plugin. -->","yoast_head_json":{"title":"MURALE VANIT\u00c9 DEL LAITON- OVERTURE 207288A - Luminaires Paul Gr\u00e9goire","description":"MURALE VANIT\u00c9 DEL LAITON- OVERTURE 207288A - Discover our collection of designer lighting \u2014 pendants, lamps, and ceiling lights \u2014 to brighten every space with style and elegance.","robots":{"index":"index","follow":"follow","max-snippet":"max-snippet:-1","max-image-preview":"max-image-preview:large","max-video-preview":"max-video-preview:-1"},"canonical":"https:\/\/luminairesgregoire.com\/en\/product\/murale-vanite-del-laiton-overture-207288a\/","og_locale":"en_US","og_type":"article","og_title":"MURALE VANIT\u00c9 DEL LAITON- OVERTURE 207288A - Luminaires Paul Gr\u00e9goire","og_description":"MURALE VANIT\u00c9 DEL LAITON- OVERTURE 207288A - Discover our collection of designer lighting \u2014 pendants, lamps, and ceiling lights \u2014 to brighten every space with style and elegance.","og_url":"https:\/\/luminairesgregoire.com\/en\/product\/murale-vanite-del-laiton-overture-207288a\/","og_site_name":"Luminaires Paul Gr\u00e9goire","article_modified_time":"2026-05-14T08:48:42+00:00","og_image":[{"width":850,"height":850,"url":"https:\/\/luminairesgregoire.com\/wp-content\/uploads\/2026\/04\/Votre-texte-de-paragraphe-2026-04-07T142752.149.webp","type":"image\/jpeg"}],"twitter_card":"summary_large_image","twitter_misc":{"Est. reading time":"1 minute"},"schema":{"@context":"https:\/\/schema.org","@graph":[{"@type":"WebPage","@id":"https:\/\/luminairesgregoire.com\/en\/product\/murale-vanite-del-laiton-overture-207288a\/","url":"https:\/\/luminairesgregoire.com\/en\/product\/murale-vanite-del-laiton-overture-207288a\/","name":"MURALE VANIT\u00c9 DEL LAITON- OVERTURE 207288A - Luminaires Paul Gr\u00e9goire","isPartOf":{"@id":"https:\/\/luminairesgregoire.com\/en\/#website"},"primaryImageOfPage":{"@id":"https:\/\/luminairesgregoire.com\/en\/product\/murale-vanite-del-laiton-overture-207288a\/#primaryimage"},"image":{"@id":"https:\/\/luminairesgregoire.com\/en\/product\/murale-vanite-del-laiton-overture-207288a\/#primaryimage"},"thumbnailUrl":"https:\/\/luminairesgregoire.com\/wp-content\/uploads\/2026\/04\/Votre-texte-de-paragraphe-2026-04-07T142752.149.webp","datePublished":"2026-01-08T07:47:35+00:00","dateModified":"2026-05-14T08:48:42+00:00","description":"MURALE VANIT\u00c9 DEL LAITON- OVERTURE 207288A - Discover our collection of designer lighting \u2014 pendants, lamps, and ceiling lights \u2014 to brighten every space with style and elegance.","breadcrumb":{"@id":"https:\/\/luminairesgregoire.com\/en\/product\/murale-vanite-del-laiton-overture-207288a\/#breadcrumb"},"inLanguage":"en-US","potentialAction":[{"@type":"ReadAction","target":["https:\/\/luminairesgregoire.com\/en\/product\/murale-vanite-del-laiton-overture-207288a\/"]}]},{"@type":"ImageObject","inLanguage":"en-US","@id":"https:\/\/luminairesgregoire.com\/en\/product\/murale-vanite-del-laiton-overture-207288a\/#primaryimage","url":"https:\/\/luminairesgregoire.com\/wp-content\/uploads\/2026\/04\/Votre-texte-de-paragraphe-2026-04-07T142752.149.webp","contentUrl":"https:\/\/luminairesgregoire.com\/wp-content\/uploads\/2026\/04\/Votre-texte-de-paragraphe-2026-04-07T142752.149.webp","width":850,"height":850,"caption":"MURALE VANIT\u00c9 DEL LAITON- OVERTURE 207288A"},{"@type":"BreadcrumbList","@id":"https:\/\/luminairesgregoire.com\/en\/product\/murale-vanite-del-laiton-overture-207288a\/#breadcrumb","itemListElement":[{"@type":"ListItem","position":1,"name":"Home","item":"https:\/\/luminairesgregoire.com\/en\/"},{"@type":"ListItem","position":2,"name":"Store","item":"https:\/\/luminairesgregoire.com\/en\/products\/"},{"@type":"ListItem","position":3,"name":"MURALE VANIT\u00c9 DEL LAITON- OVERTURE 207288A"}]},{"@type":"WebSite","@id":"https:\/\/luminairesgregoire.com\/en\/#website","url":"https:\/\/luminairesgregoire.com\/en\/","name":"Luminaires Paul Gr\u00e9goire","description":"","publisher":{"@id":"https:\/\/luminairesgregoire.com\/en\/#organization"},"potentialAction":[{"@type":"SearchAction","target":{"@type":"EntryPoint","urlTemplate":"https:\/\/luminairesgregoire.com\/en\/?s={search_term_string}"},"query-input":{"@type":"PropertyValueSpecification","valueRequired":true,"valueName":"search_term_string"}}],"inLanguage":"en-US"},{"@type":"Organization","@id":"https:\/\/luminairesgregoire.com\/en\/#organization","name":"Luminaires Paul Gr\u00e9goire","url":"https:\/\/luminairesgregoire.com\/en\/","logo":{"@type":"ImageObject","inLanguage":"en-US","@id":"https:\/\/luminairesgregoire.com\/en\/#\/schema\/logo\/image\/","url":"https:\/\/luminairesgregoire.com\/wp-content\/uploads\/2021\/05\/logo_CMYK-1-1.png","contentUrl":"https:\/\/luminairesgregoire.com\/wp-content\/uploads\/2021\/05\/logo_CMYK-1-1.png","width":350,"height":164,"caption":"Luminaires Paul Gr\u00e9goire"},"image":{"@id":"https:\/\/luminairesgregoire.com\/en\/#\/schema\/logo\/image\/"}}]}},"_links":{"self":[{"href":"https:\/\/luminairesgregoire.com\/en\/wp-json\/wp\/v2\/product\/31661","targetHints":{"allow":["GET"]}}],"collection":[{"href":"https:\/\/luminairesgregoire.com\/en\/wp-json\/wp\/v2\/product"}],"about":[{"href":"https:\/\/luminairesgregoire.com\/en\/wp-json\/wp\/v2\/types\/product"}],"wp:featuredmedia":[{"embeddable":true,"href":"https:\/\/luminairesgregoire.com\/en\/wp-json\/wp\/v2\/media\/37695"}],"wp:attachment":[{"href":"https:\/\/luminairesgregoire.com\/en\/wp-json\/wp\/v2\/media?parent=31661"}],"wp:term":[{"taxonomy":"product_brand","embeddable":true,"href":"https:\/\/luminairesgregoire.com\/en\/wp-json\/wp\/v2\/product_brand?post=31661"},{"taxonomy":"product_cat","embeddable":true,"href":"https:\/\/luminairesgregoire.com\/en\/wp-json\/wp\/v2\/product_cat?post=31661"},{"taxonomy":"product_tag","embeddable":true,"href":"https:\/\/luminairesgregoire.com\/en\/wp-json\/wp\/v2\/product_tag?post=31661"}],"curies":[{"name":"wp","href":"https:\/\/api.w.org\/{rel}","templated":true}]}}