{"id":31687,"date":"2026-01-08T02:48:22","date_gmt":"2026-01-08T07:48:22","guid":{"rendered":"https:\/\/luminairesgregoire.com\/?post_type=product&#038;p=31687"},"modified":"2026-04-18T16:26:46","modified_gmt":"2026-04-18T20:26:46","slug":"murale-2-l-vanite-noir-tremelo-207321a","status":"publish","type":"product","link":"https:\/\/luminairesgregoire.com\/en\/product\/murale-2-l-vanite-noir-tremelo-207321a\/","title":{"rendered":"MURALE 2-L VANIT\u00c9 NOIR- TREMELO 207321A"},"content":{"rendered":"<p>Le luminaire de salle de bain Tremolo revisite l\u2019inspiration mi-si\u00e8cle avec une touche raffin\u00e9e, gr\u00e2ce \u00e0 sa forme g\u00e9om\u00e9trique audacieuse et ses abat-jours coniques l\u00e9g\u00e8rement \u00e9vas\u00e9s en verre opale grav\u00e9. Sa finition noir mat, rehauss\u00e9e d\u2019accents or champagne, met en valeur chaque abat-jour log\u00e9 dans une coupelle inclin\u00e9e, accompagn\u00e9e de disques m\u00e9talliques interchangeables pour une personnalisation unique. Tremolo marie avec \u00e9l\u00e9gance un style moderne luxueux \u00e0 une pr\u00e9sence chaleureuse et sophistiqu\u00e9e qui s\u2019int\u00e8gre parfaitement \u00e0 tout espace.<\/p>\n","protected":false},"excerpt":{"rendered":"<p>Le luminaire de salle de bain Tremolo revisite l\u2019inspiration mi-si\u00e8cle avec une touche raffin\u00e9e, gr\u00e2ce \u00e0 sa forme g\u00e9om\u00e9trique audacieuse et ses abat-jours coniques l\u00e9g\u00e8rement \u00e9vas\u00e9s en verre opale grav\u00e9. Sa finition noir mat, rehauss\u00e9e d\u2019accents or champagne, met en valeur chaque abat-jour log\u00e9 dans une coupelle inclin\u00e9e, accompagn\u00e9e de disques m\u00e9talliques interchangeables pour une [&hellip;]<\/p>\n","protected":false},"featured_media":38406,"template":"","meta":{"_acf_changed":false},"product_brand":[6010],"product_cat":[5843,5844,5848,8859],"product_tag":[7348],"class_list":{"0":"post-31687","1":"product","2":"type-product","3":"status-publish","4":"has-post-thumbnail","6":"product_brand-eglo","7":"product_cat-murale","8":"product_cat-murales-murales","9":"product_cat-murales-salles-de-bains","10":"product_cat-nouveautes","11":"product_tag-nouveaute-2026","12":"pa_finis-noir","13":"pa_garantie-1-an","14":"pa_hauteur-11-5","15":"pa_largeur-7-75","17":"first","18":"instock","19":"taxable","20":"shipping-taxable","21":"purchasable","22":"product-type-simple"},"acf":[],"yoast_head":"<!-- This site is optimized with the Yoast SEO plugin v27.4 - https:\/\/yoast.com\/product\/yoast-seo-wordpress\/ -->\n<title>MURALE 2-L VANIT\u00c9 NOIR- TREMELO 207321A - Luminaires Paul Gr\u00e9goire<\/title>\n<meta name=\"description\" content=\"MURALE 2-L VANIT\u00c9 NOIR- TREMELO 207321A - Discover our collection of designer lighting \u2014 pendants, lamps, and ceiling lights \u2014 to brighten every space with style and elegance.\" \/>\n<meta name=\"robots\" content=\"index, follow, max-snippet:-1, max-image-preview:large, max-video-preview:-1\" \/>\n<link rel=\"canonical\" href=\"https:\/\/luminairesgregoire.com\/en\/product\/murale-2-l-vanite-noir-tremelo-207321a\/\" \/>\n<meta property=\"og:locale\" content=\"en_US\" \/>\n<meta property=\"og:type\" content=\"article\" \/>\n<meta property=\"og:title\" content=\"MURALE 2-L VANIT\u00c9 NOIR- TREMELO 207321A - Luminaires Paul Gr\u00e9goire\" \/>\n<meta property=\"og:description\" content=\"MURALE 2-L VANIT\u00c9 NOIR- TREMELO 207321A - Discover our collection of designer lighting \u2014 pendants, lamps, and ceiling lights \u2014 to brighten every space with style and elegance.\" \/>\n<meta property=\"og:url\" content=\"https:\/\/luminairesgregoire.com\/en\/product\/murale-2-l-vanite-noir-tremelo-207321a\/\" \/>\n<meta property=\"og:site_name\" content=\"Luminaires Paul Gr\u00e9goire\" \/>\n<meta property=\"article:modified_time\" content=\"2026-04-18T20:26:46+00:00\" \/>\n<meta property=\"og:image\" content=\"https:\/\/luminairesgregoire.com\/wp-content\/uploads\/2026\/04\/Votre-texte-de-paragraphe-2026-04-18T144725.633.webp\" \/>\n\t<meta property=\"og:image:width\" content=\"850\" \/>\n\t<meta property=\"og:image:height\" content=\"850\" \/>\n\t<meta property=\"og:image:type\" content=\"image\/jpeg\" \/>\n<meta name=\"twitter:card\" content=\"summary_large_image\" \/>\n<meta name=\"twitter:label1\" content=\"Est. reading time\" \/>\n\t<meta name=\"twitter:data1\" content=\"1 minute\" \/>\n<script type=\"application\/ld+json\" class=\"yoast-schema-graph\">{\"@context\":\"https:\\\/\\\/schema.org\",\"@graph\":[{\"@type\":\"WebPage\",\"@id\":\"https:\\\/\\\/luminairesgregoire.com\\\/en\\\/product\\\/murale-2-l-vanite-noir-tremelo-207321a\\\/\",\"url\":\"https:\\\/\\\/luminairesgregoire.com\\\/en\\\/product\\\/murale-2-l-vanite-noir-tremelo-207321a\\\/\",\"name\":\"MURALE 2-L VANIT\u00c9 NOIR- TREMELO 207321A - Luminaires Paul Gr\u00e9goire\",\"isPartOf\":{\"@id\":\"https:\\\/\\\/luminairesgregoire.com\\\/en\\\/#website\"},\"primaryImageOfPage\":{\"@id\":\"https:\\\/\\\/luminairesgregoire.com\\\/en\\\/product\\\/murale-2-l-vanite-noir-tremelo-207321a\\\/#primaryimage\"},\"image\":{\"@id\":\"https:\\\/\\\/luminairesgregoire.com\\\/en\\\/product\\\/murale-2-l-vanite-noir-tremelo-207321a\\\/#primaryimage\"},\"thumbnailUrl\":\"https:\\\/\\\/luminairesgregoire.com\\\/wp-content\\\/uploads\\\/2026\\\/04\\\/Votre-texte-de-paragraphe-2026-04-18T144725.633.webp\",\"datePublished\":\"2026-01-08T07:48:22+00:00\",\"dateModified\":\"2026-04-18T20:26:46+00:00\",\"description\":\"MURALE 2-L VANIT\u00c9 NOIR- TREMELO 207321A - Discover our collection of designer lighting \u2014 pendants, lamps, and ceiling lights \u2014 to brighten every space with style and elegance.\",\"breadcrumb\":{\"@id\":\"https:\\\/\\\/luminairesgregoire.com\\\/en\\\/product\\\/murale-2-l-vanite-noir-tremelo-207321a\\\/#breadcrumb\"},\"inLanguage\":\"en-US\",\"potentialAction\":[{\"@type\":\"ReadAction\",\"target\":[\"https:\\\/\\\/luminairesgregoire.com\\\/en\\\/product\\\/murale-2-l-vanite-noir-tremelo-207321a\\\/\"]}]},{\"@type\":\"ImageObject\",\"inLanguage\":\"en-US\",\"@id\":\"https:\\\/\\\/luminairesgregoire.com\\\/en\\\/product\\\/murale-2-l-vanite-noir-tremelo-207321a\\\/#primaryimage\",\"url\":\"https:\\\/\\\/luminairesgregoire.com\\\/wp-content\\\/uploads\\\/2026\\\/04\\\/Votre-texte-de-paragraphe-2026-04-18T144725.633.webp\",\"contentUrl\":\"https:\\\/\\\/luminairesgregoire.com\\\/wp-content\\\/uploads\\\/2026\\\/04\\\/Votre-texte-de-paragraphe-2026-04-18T144725.633.webp\",\"width\":850,\"height\":850,\"caption\":\"MURALE 2-L VANIT\u00c9 NOIR- TREMELO 207321A\"},{\"@type\":\"BreadcrumbList\",\"@id\":\"https:\\\/\\\/luminairesgregoire.com\\\/en\\\/product\\\/murale-2-l-vanite-noir-tremelo-207321a\\\/#breadcrumb\",\"itemListElement\":[{\"@type\":\"ListItem\",\"position\":1,\"name\":\"Home\",\"item\":\"https:\\\/\\\/luminairesgregoire.com\\\/en\\\/\"},{\"@type\":\"ListItem\",\"position\":2,\"name\":\"Store\",\"item\":\"https:\\\/\\\/luminairesgregoire.com\\\/en\\\/products\\\/\"},{\"@type\":\"ListItem\",\"position\":3,\"name\":\"MURALE 2-L VANIT\u00c9 NOIR- TREMELO 207321A\"}]},{\"@type\":\"WebSite\",\"@id\":\"https:\\\/\\\/luminairesgregoire.com\\\/en\\\/#website\",\"url\":\"https:\\\/\\\/luminairesgregoire.com\\\/en\\\/\",\"name\":\"Luminaires Paul Gr\u00e9goire\",\"description\":\"\",\"publisher\":{\"@id\":\"https:\\\/\\\/luminairesgregoire.com\\\/en\\\/#organization\"},\"potentialAction\":[{\"@type\":\"SearchAction\",\"target\":{\"@type\":\"EntryPoint\",\"urlTemplate\":\"https:\\\/\\\/luminairesgregoire.com\\\/en\\\/?s={search_term_string}\"},\"query-input\":{\"@type\":\"PropertyValueSpecification\",\"valueRequired\":true,\"valueName\":\"search_term_string\"}}],\"inLanguage\":\"en-US\"},{\"@type\":\"Organization\",\"@id\":\"https:\\\/\\\/luminairesgregoire.com\\\/en\\\/#organization\",\"name\":\"Luminaires Paul Gr\u00e9goire\",\"url\":\"https:\\\/\\\/luminairesgregoire.com\\\/en\\\/\",\"logo\":{\"@type\":\"ImageObject\",\"inLanguage\":\"en-US\",\"@id\":\"https:\\\/\\\/luminairesgregoire.com\\\/en\\\/#\\\/schema\\\/logo\\\/image\\\/\",\"url\":\"https:\\\/\\\/luminairesgregoire.com\\\/wp-content\\\/uploads\\\/2021\\\/05\\\/logo_CMYK-1-1.png\",\"contentUrl\":\"https:\\\/\\\/luminairesgregoire.com\\\/wp-content\\\/uploads\\\/2021\\\/05\\\/logo_CMYK-1-1.png\",\"width\":350,\"height\":164,\"caption\":\"Luminaires Paul Gr\u00e9goire\"},\"image\":{\"@id\":\"https:\\\/\\\/luminairesgregoire.com\\\/en\\\/#\\\/schema\\\/logo\\\/image\\\/\"}}]}<\/script>\n<!-- \/ Yoast SEO plugin. -->","yoast_head_json":{"title":"MURALE 2-L VANIT\u00c9 NOIR- TREMELO 207321A - Luminaires Paul Gr\u00e9goire","description":"MURALE 2-L VANIT\u00c9 NOIR- TREMELO 207321A - Discover our collection of designer lighting \u2014 pendants, lamps, and ceiling lights \u2014 to brighten every space with style and elegance.","robots":{"index":"index","follow":"follow","max-snippet":"max-snippet:-1","max-image-preview":"max-image-preview:large","max-video-preview":"max-video-preview:-1"},"canonical":"https:\/\/luminairesgregoire.com\/en\/product\/murale-2-l-vanite-noir-tremelo-207321a\/","og_locale":"en_US","og_type":"article","og_title":"MURALE 2-L VANIT\u00c9 NOIR- TREMELO 207321A - Luminaires Paul Gr\u00e9goire","og_description":"MURALE 2-L VANIT\u00c9 NOIR- TREMELO 207321A - Discover our collection of designer lighting \u2014 pendants, lamps, and ceiling lights \u2014 to brighten every space with style and elegance.","og_url":"https:\/\/luminairesgregoire.com\/en\/product\/murale-2-l-vanite-noir-tremelo-207321a\/","og_site_name":"Luminaires Paul Gr\u00e9goire","article_modified_time":"2026-04-18T20:26:46+00:00","og_image":[{"width":850,"height":850,"url":"https:\/\/luminairesgregoire.com\/wp-content\/uploads\/2026\/04\/Votre-texte-de-paragraphe-2026-04-18T144725.633.webp","type":"image\/jpeg"}],"twitter_card":"summary_large_image","twitter_misc":{"Est. reading time":"1 minute"},"schema":{"@context":"https:\/\/schema.org","@graph":[{"@type":"WebPage","@id":"https:\/\/luminairesgregoire.com\/en\/product\/murale-2-l-vanite-noir-tremelo-207321a\/","url":"https:\/\/luminairesgregoire.com\/en\/product\/murale-2-l-vanite-noir-tremelo-207321a\/","name":"MURALE 2-L VANIT\u00c9 NOIR- TREMELO 207321A - Luminaires Paul Gr\u00e9goire","isPartOf":{"@id":"https:\/\/luminairesgregoire.com\/en\/#website"},"primaryImageOfPage":{"@id":"https:\/\/luminairesgregoire.com\/en\/product\/murale-2-l-vanite-noir-tremelo-207321a\/#primaryimage"},"image":{"@id":"https:\/\/luminairesgregoire.com\/en\/product\/murale-2-l-vanite-noir-tremelo-207321a\/#primaryimage"},"thumbnailUrl":"https:\/\/luminairesgregoire.com\/wp-content\/uploads\/2026\/04\/Votre-texte-de-paragraphe-2026-04-18T144725.633.webp","datePublished":"2026-01-08T07:48:22+00:00","dateModified":"2026-04-18T20:26:46+00:00","description":"MURALE 2-L VANIT\u00c9 NOIR- TREMELO 207321A - Discover our collection of designer lighting \u2014 pendants, lamps, and ceiling lights \u2014 to brighten every space with style and elegance.","breadcrumb":{"@id":"https:\/\/luminairesgregoire.com\/en\/product\/murale-2-l-vanite-noir-tremelo-207321a\/#breadcrumb"},"inLanguage":"en-US","potentialAction":[{"@type":"ReadAction","target":["https:\/\/luminairesgregoire.com\/en\/product\/murale-2-l-vanite-noir-tremelo-207321a\/"]}]},{"@type":"ImageObject","inLanguage":"en-US","@id":"https:\/\/luminairesgregoire.com\/en\/product\/murale-2-l-vanite-noir-tremelo-207321a\/#primaryimage","url":"https:\/\/luminairesgregoire.com\/wp-content\/uploads\/2026\/04\/Votre-texte-de-paragraphe-2026-04-18T144725.633.webp","contentUrl":"https:\/\/luminairesgregoire.com\/wp-content\/uploads\/2026\/04\/Votre-texte-de-paragraphe-2026-04-18T144725.633.webp","width":850,"height":850,"caption":"MURALE 2-L VANIT\u00c9 NOIR- TREMELO 207321A"},{"@type":"BreadcrumbList","@id":"https:\/\/luminairesgregoire.com\/en\/product\/murale-2-l-vanite-noir-tremelo-207321a\/#breadcrumb","itemListElement":[{"@type":"ListItem","position":1,"name":"Home","item":"https:\/\/luminairesgregoire.com\/en\/"},{"@type":"ListItem","position":2,"name":"Store","item":"https:\/\/luminairesgregoire.com\/en\/products\/"},{"@type":"ListItem","position":3,"name":"MURALE 2-L VANIT\u00c9 NOIR- TREMELO 207321A"}]},{"@type":"WebSite","@id":"https:\/\/luminairesgregoire.com\/en\/#website","url":"https:\/\/luminairesgregoire.com\/en\/","name":"Luminaires Paul Gr\u00e9goire","description":"","publisher":{"@id":"https:\/\/luminairesgregoire.com\/en\/#organization"},"potentialAction":[{"@type":"SearchAction","target":{"@type":"EntryPoint","urlTemplate":"https:\/\/luminairesgregoire.com\/en\/?s={search_term_string}"},"query-input":{"@type":"PropertyValueSpecification","valueRequired":true,"valueName":"search_term_string"}}],"inLanguage":"en-US"},{"@type":"Organization","@id":"https:\/\/luminairesgregoire.com\/en\/#organization","name":"Luminaires Paul Gr\u00e9goire","url":"https:\/\/luminairesgregoire.com\/en\/","logo":{"@type":"ImageObject","inLanguage":"en-US","@id":"https:\/\/luminairesgregoire.com\/en\/#\/schema\/logo\/image\/","url":"https:\/\/luminairesgregoire.com\/wp-content\/uploads\/2021\/05\/logo_CMYK-1-1.png","contentUrl":"https:\/\/luminairesgregoire.com\/wp-content\/uploads\/2021\/05\/logo_CMYK-1-1.png","width":350,"height":164,"caption":"Luminaires Paul Gr\u00e9goire"},"image":{"@id":"https:\/\/luminairesgregoire.com\/en\/#\/schema\/logo\/image\/"}}]}},"_links":{"self":[{"href":"https:\/\/luminairesgregoire.com\/en\/wp-json\/wp\/v2\/product\/31687","targetHints":{"allow":["GET"]}}],"collection":[{"href":"https:\/\/luminairesgregoire.com\/en\/wp-json\/wp\/v2\/product"}],"about":[{"href":"https:\/\/luminairesgregoire.com\/en\/wp-json\/wp\/v2\/types\/product"}],"wp:featuredmedia":[{"embeddable":true,"href":"https:\/\/luminairesgregoire.com\/en\/wp-json\/wp\/v2\/media\/38406"}],"wp:attachment":[{"href":"https:\/\/luminairesgregoire.com\/en\/wp-json\/wp\/v2\/media?parent=31687"}],"wp:term":[{"taxonomy":"product_brand","embeddable":true,"href":"https:\/\/luminairesgregoire.com\/en\/wp-json\/wp\/v2\/product_brand?post=31687"},{"taxonomy":"product_cat","embeddable":true,"href":"https:\/\/luminairesgregoire.com\/en\/wp-json\/wp\/v2\/product_cat?post=31687"},{"taxonomy":"product_tag","embeddable":true,"href":"https:\/\/luminairesgregoire.com\/en\/wp-json\/wp\/v2\/product_tag?post=31687"}],"curies":[{"name":"wp","href":"https:\/\/api.w.org\/{rel}","templated":true}]}}