{"id":31688,"date":"2026-01-08T02:48:24","date_gmt":"2026-01-08T07:48:24","guid":{"rendered":"https:\/\/luminairesgregoire.com\/?post_type=product&#038;p=31688"},"modified":"2026-04-21T03:46:17","modified_gmt":"2026-04-21T07:46:17","slug":"murale-simple-noir-tremelo-207322a","status":"publish","type":"product","link":"https:\/\/luminairesgregoire.com\/product\/murale-simple-noir-tremelo-207322a\/","title":{"rendered":"MURALE SIMPLE NOIR- TREMELO 207322A"},"content":{"rendered":"<p>Le luminaire de salle de bain Tremolo revisite l\u2019inspiration mi-si\u00e8cle avec raffinement gr\u00e2ce \u00e0 sa g\u00e9om\u00e9trie \u00e9pur\u00e9e et son abat-jour conique l\u00e9g\u00e8rement \u00e9vas\u00e9 en verre opale grav\u00e9. Sa finition noir mat, rehauss\u00e9e d\u2019accents or champagne, met en valeur l\u2019abat-jour d\u00e9pos\u00e9 dans une coupelle inclin\u00e9e, compl\u00e9t\u00e9 par des disques m\u00e9talliques interchangeables pour un look personnalis\u00e9. \u00c0 la fois \u00e9l\u00e9gant et accessible, Tremolo offre un parfait \u00e9quilibre entre style moderne luxueux et chaleur raffin\u00e9e.<\/p>\n","protected":false},"excerpt":{"rendered":"<p>Le luminaire de salle de bain Tremolo revisite l\u2019inspiration mi-si\u00e8cle avec raffinement gr\u00e2ce \u00e0 sa g\u00e9om\u00e9trie \u00e9pur\u00e9e et son abat-jour conique l\u00e9g\u00e8rement \u00e9vas\u00e9 en verre opale grav\u00e9. Sa finition noir mat, rehauss\u00e9e d\u2019accents or champagne, met en valeur l\u2019abat-jour d\u00e9pos\u00e9 dans une coupelle inclin\u00e9e, compl\u00e9t\u00e9 par des disques m\u00e9talliques interchangeables pour un look personnalis\u00e9. \u00c0 [&hellip;]<\/p>\n","protected":false},"featured_media":38410,"template":"","meta":{"_acf_changed":false},"product_brand":[6010],"product_cat":[5843,5844,5848,8859],"product_tag":[7348],"class_list":{"0":"post-31688","1":"product","2":"type-product","3":"status-publish","4":"has-post-thumbnail","6":"product_brand-eglo","7":"product_cat-murale","8":"product_cat-murales-murales","9":"product_cat-murales-salles-de-bains","10":"product_cat-nouveautes","11":"product_tag-nouveaute-2026","12":"pa_finis-noir","13":"pa_garantie-1-an","14":"pa_hauteur-7-5","15":"pa_largeur-8-2","17":"first","18":"instock","19":"taxable","20":"shipping-taxable","21":"purchasable","22":"product-type-simple"},"acf":[],"yoast_head":"<!-- This site is optimized with the Yoast SEO plugin v27.4 - https:\/\/yoast.com\/product\/yoast-seo-wordpress\/ -->\n<title>MURALE SIMPLE NOIR- TREMELO 207322A - Luminaires Paul Gr\u00e9goire<\/title>\n<meta name=\"description\" content=\"MURALE SIMPLE NOIR- TREMELO 207322A - Discover our collection of designer lighting \u2014 pendants, lamps, and ceiling lights \u2014 to brighten every space with style and elegance.\" \/>\n<meta name=\"robots\" content=\"index, follow, max-snippet:-1, max-image-preview:large, max-video-preview:-1\" \/>\n<link rel=\"canonical\" href=\"https:\/\/luminairesgregoire.com\/en\/product\/murale-simple-noir-tremelo-207322a\/\" \/>\n<meta property=\"og:locale\" content=\"en_US\" \/>\n<meta property=\"og:type\" content=\"article\" \/>\n<meta property=\"og:title\" content=\"MURALE SIMPLE NOIR- TREMELO 207322A - Luminaires Paul Gr\u00e9goire\" \/>\n<meta property=\"og:description\" content=\"MURALE SIMPLE NOIR- TREMELO 207322A - Discover our collection of designer lighting \u2014 pendants, lamps, and ceiling lights \u2014 to brighten every space with style and elegance.\" \/>\n<meta property=\"og:url\" content=\"https:\/\/luminairesgregoire.com\/product\/murale-simple-noir-tremelo-207322a\/\" \/>\n<meta property=\"og:site_name\" content=\"Luminaires Paul Gr\u00e9goire\" \/>\n<meta property=\"article:modified_time\" content=\"2026-04-21T07:46:17+00:00\" \/>\n<meta property=\"og:image\" content=\"https:\/\/luminairesgregoire.com\/wp-content\/uploads\/2026\/04\/Votre-texte-de-paragraphe-2026-04-18T145731.709.webp\" \/>\n\t<meta property=\"og:image:width\" content=\"850\" \/>\n\t<meta property=\"og:image:height\" content=\"850\" \/>\n\t<meta property=\"og:image:type\" content=\"image\/jpeg\" \/>\n<meta name=\"twitter:card\" content=\"summary_large_image\" \/>\n<meta name=\"twitter:label1\" content=\"Est. reading time\" \/>\n\t<meta name=\"twitter:data1\" content=\"1 minute\" \/>\n<script type=\"application\/ld+json\" class=\"yoast-schema-graph\">{\"@context\":\"https:\\\/\\\/schema.org\",\"@graph\":[{\"@type\":\"WebPage\",\"@id\":\"https:\\\/\\\/luminairesgregoire.com\\\/product\\\/murale-simple-noir-tremelo-207322a\\\/\",\"url\":\"https:\\\/\\\/luminairesgregoire.com\\\/product\\\/murale-simple-noir-tremelo-207322a\\\/\",\"name\":\"MURALE SIMPLE NOIR- TREMELO 207322A - Luminaires Paul Gr\u00e9goire\",\"isPartOf\":{\"@id\":\"https:\\\/\\\/luminairesgregoire.com\\\/en\\\/#website\"},\"primaryImageOfPage\":{\"@id\":\"https:\\\/\\\/luminairesgregoire.com\\\/product\\\/murale-simple-noir-tremelo-207322a\\\/#primaryimage\"},\"image\":{\"@id\":\"https:\\\/\\\/luminairesgregoire.com\\\/product\\\/murale-simple-noir-tremelo-207322a\\\/#primaryimage\"},\"thumbnailUrl\":\"https:\\\/\\\/luminairesgregoire.com\\\/wp-content\\\/uploads\\\/2026\\\/04\\\/Votre-texte-de-paragraphe-2026-04-18T145731.709.webp\",\"datePublished\":\"2026-01-08T07:48:24+00:00\",\"dateModified\":\"2026-04-21T07:46:17+00:00\",\"description\":\"MURALE SIMPLE NOIR- TREMELO 207322A - Discover our collection of designer lighting \u2014 pendants, lamps, and ceiling lights \u2014 to brighten every space with style and elegance.\",\"breadcrumb\":{\"@id\":\"https:\\\/\\\/luminairesgregoire.com\\\/product\\\/murale-simple-noir-tremelo-207322a\\\/#breadcrumb\"},\"inLanguage\":\"en-US\",\"potentialAction\":[{\"@type\":\"ReadAction\",\"target\":[\"https:\\\/\\\/luminairesgregoire.com\\\/product\\\/murale-simple-noir-tremelo-207322a\\\/\"]}]},{\"@type\":\"ImageObject\",\"inLanguage\":\"en-US\",\"@id\":\"https:\\\/\\\/luminairesgregoire.com\\\/product\\\/murale-simple-noir-tremelo-207322a\\\/#primaryimage\",\"url\":\"https:\\\/\\\/luminairesgregoire.com\\\/wp-content\\\/uploads\\\/2026\\\/04\\\/Votre-texte-de-paragraphe-2026-04-18T145731.709.webp\",\"contentUrl\":\"https:\\\/\\\/luminairesgregoire.com\\\/wp-content\\\/uploads\\\/2026\\\/04\\\/Votre-texte-de-paragraphe-2026-04-18T145731.709.webp\",\"width\":850,\"height\":850,\"caption\":\"MURALE SIMPLE NOIR- TREMELO 207322A\"},{\"@type\":\"BreadcrumbList\",\"@id\":\"https:\\\/\\\/luminairesgregoire.com\\\/product\\\/murale-simple-noir-tremelo-207322a\\\/#breadcrumb\",\"itemListElement\":[{\"@type\":\"ListItem\",\"position\":1,\"name\":\"Home\",\"item\":\"https:\\\/\\\/luminairesgregoire.com\\\/en\\\/\"},{\"@type\":\"ListItem\",\"position\":2,\"name\":\"Store\",\"item\":\"https:\\\/\\\/luminairesgregoire.com\\\/en\\\/products\\\/\"},{\"@type\":\"ListItem\",\"position\":3,\"name\":\"MURALE SIMPLE NOIR- TREMELO 207322A\"}]},{\"@type\":\"WebSite\",\"@id\":\"https:\\\/\\\/luminairesgregoire.com\\\/en\\\/#website\",\"url\":\"https:\\\/\\\/luminairesgregoire.com\\\/en\\\/\",\"name\":\"Luminaires Paul Gr\u00e9goire\",\"description\":\"\",\"publisher\":{\"@id\":\"https:\\\/\\\/luminairesgregoire.com\\\/en\\\/#organization\"},\"potentialAction\":[{\"@type\":\"SearchAction\",\"target\":{\"@type\":\"EntryPoint\",\"urlTemplate\":\"https:\\\/\\\/luminairesgregoire.com\\\/en\\\/?s={search_term_string}\"},\"query-input\":{\"@type\":\"PropertyValueSpecification\",\"valueRequired\":true,\"valueName\":\"search_term_string\"}}],\"inLanguage\":\"en-US\"},{\"@type\":\"Organization\",\"@id\":\"https:\\\/\\\/luminairesgregoire.com\\\/en\\\/#organization\",\"name\":\"Luminaires Paul Gr\u00e9goire\",\"url\":\"https:\\\/\\\/luminairesgregoire.com\\\/en\\\/\",\"logo\":{\"@type\":\"ImageObject\",\"inLanguage\":\"en-US\",\"@id\":\"https:\\\/\\\/luminairesgregoire.com\\\/en\\\/#\\\/schema\\\/logo\\\/image\\\/\",\"url\":\"https:\\\/\\\/luminairesgregoire.com\\\/wp-content\\\/uploads\\\/2021\\\/05\\\/logo_CMYK-1-1.png\",\"contentUrl\":\"https:\\\/\\\/luminairesgregoire.com\\\/wp-content\\\/uploads\\\/2021\\\/05\\\/logo_CMYK-1-1.png\",\"width\":350,\"height\":164,\"caption\":\"Luminaires Paul Gr\u00e9goire\"},\"image\":{\"@id\":\"https:\\\/\\\/luminairesgregoire.com\\\/en\\\/#\\\/schema\\\/logo\\\/image\\\/\"}}]}<\/script>\n<!-- \/ Yoast SEO plugin. -->","yoast_head_json":{"title":"MURALE SIMPLE NOIR- TREMELO 207322A - Luminaires Paul Gr\u00e9goire","description":"MURALE SIMPLE NOIR- TREMELO 207322A - Discover our collection of designer lighting \u2014 pendants, lamps, and ceiling lights \u2014 to brighten every space with style and elegance.","robots":{"index":"index","follow":"follow","max-snippet":"max-snippet:-1","max-image-preview":"max-image-preview:large","max-video-preview":"max-video-preview:-1"},"canonical":"https:\/\/luminairesgregoire.com\/en\/product\/murale-simple-noir-tremelo-207322a\/","og_locale":"en_US","og_type":"article","og_title":"MURALE SIMPLE NOIR- TREMELO 207322A - Luminaires Paul Gr\u00e9goire","og_description":"MURALE SIMPLE NOIR- TREMELO 207322A - Discover our collection of designer lighting \u2014 pendants, lamps, and ceiling lights \u2014 to brighten every space with style and elegance.","og_url":"https:\/\/luminairesgregoire.com\/product\/murale-simple-noir-tremelo-207322a\/","og_site_name":"Luminaires Paul Gr\u00e9goire","article_modified_time":"2026-04-21T07:46:17+00:00","og_image":[{"width":850,"height":850,"url":"https:\/\/luminairesgregoire.com\/wp-content\/uploads\/2026\/04\/Votre-texte-de-paragraphe-2026-04-18T145731.709.webp","type":"image\/jpeg"}],"twitter_card":"summary_large_image","twitter_misc":{"Est. reading time":"1 minute"},"schema":{"@context":"https:\/\/schema.org","@graph":[{"@type":"WebPage","@id":"https:\/\/luminairesgregoire.com\/product\/murale-simple-noir-tremelo-207322a\/","url":"https:\/\/luminairesgregoire.com\/product\/murale-simple-noir-tremelo-207322a\/","name":"MURALE SIMPLE NOIR- TREMELO 207322A - Luminaires Paul Gr\u00e9goire","isPartOf":{"@id":"https:\/\/luminairesgregoire.com\/en\/#website"},"primaryImageOfPage":{"@id":"https:\/\/luminairesgregoire.com\/product\/murale-simple-noir-tremelo-207322a\/#primaryimage"},"image":{"@id":"https:\/\/luminairesgregoire.com\/product\/murale-simple-noir-tremelo-207322a\/#primaryimage"},"thumbnailUrl":"https:\/\/luminairesgregoire.com\/wp-content\/uploads\/2026\/04\/Votre-texte-de-paragraphe-2026-04-18T145731.709.webp","datePublished":"2026-01-08T07:48:24+00:00","dateModified":"2026-04-21T07:46:17+00:00","description":"MURALE SIMPLE NOIR- TREMELO 207322A - Discover our collection of designer lighting \u2014 pendants, lamps, and ceiling lights \u2014 to brighten every space with style and elegance.","breadcrumb":{"@id":"https:\/\/luminairesgregoire.com\/product\/murale-simple-noir-tremelo-207322a\/#breadcrumb"},"inLanguage":"en-US","potentialAction":[{"@type":"ReadAction","target":["https:\/\/luminairesgregoire.com\/product\/murale-simple-noir-tremelo-207322a\/"]}]},{"@type":"ImageObject","inLanguage":"en-US","@id":"https:\/\/luminairesgregoire.com\/product\/murale-simple-noir-tremelo-207322a\/#primaryimage","url":"https:\/\/luminairesgregoire.com\/wp-content\/uploads\/2026\/04\/Votre-texte-de-paragraphe-2026-04-18T145731.709.webp","contentUrl":"https:\/\/luminairesgregoire.com\/wp-content\/uploads\/2026\/04\/Votre-texte-de-paragraphe-2026-04-18T145731.709.webp","width":850,"height":850,"caption":"MURALE SIMPLE NOIR- TREMELO 207322A"},{"@type":"BreadcrumbList","@id":"https:\/\/luminairesgregoire.com\/product\/murale-simple-noir-tremelo-207322a\/#breadcrumb","itemListElement":[{"@type":"ListItem","position":1,"name":"Home","item":"https:\/\/luminairesgregoire.com\/en\/"},{"@type":"ListItem","position":2,"name":"Store","item":"https:\/\/luminairesgregoire.com\/en\/products\/"},{"@type":"ListItem","position":3,"name":"MURALE SIMPLE NOIR- TREMELO 207322A"}]},{"@type":"WebSite","@id":"https:\/\/luminairesgregoire.com\/en\/#website","url":"https:\/\/luminairesgregoire.com\/en\/","name":"Luminaires Paul Gr\u00e9goire","description":"","publisher":{"@id":"https:\/\/luminairesgregoire.com\/en\/#organization"},"potentialAction":[{"@type":"SearchAction","target":{"@type":"EntryPoint","urlTemplate":"https:\/\/luminairesgregoire.com\/en\/?s={search_term_string}"},"query-input":{"@type":"PropertyValueSpecification","valueRequired":true,"valueName":"search_term_string"}}],"inLanguage":"en-US"},{"@type":"Organization","@id":"https:\/\/luminairesgregoire.com\/en\/#organization","name":"Luminaires Paul Gr\u00e9goire","url":"https:\/\/luminairesgregoire.com\/en\/","logo":{"@type":"ImageObject","inLanguage":"en-US","@id":"https:\/\/luminairesgregoire.com\/en\/#\/schema\/logo\/image\/","url":"https:\/\/luminairesgregoire.com\/wp-content\/uploads\/2021\/05\/logo_CMYK-1-1.png","contentUrl":"https:\/\/luminairesgregoire.com\/wp-content\/uploads\/2021\/05\/logo_CMYK-1-1.png","width":350,"height":164,"caption":"Luminaires Paul Gr\u00e9goire"},"image":{"@id":"https:\/\/luminairesgregoire.com\/en\/#\/schema\/logo\/image\/"}}]}},"_links":{"self":[{"href":"https:\/\/luminairesgregoire.com\/en\/wp-json\/wp\/v2\/product\/31688","targetHints":{"allow":["GET"]}}],"collection":[{"href":"https:\/\/luminairesgregoire.com\/en\/wp-json\/wp\/v2\/product"}],"about":[{"href":"https:\/\/luminairesgregoire.com\/en\/wp-json\/wp\/v2\/types\/product"}],"wp:featuredmedia":[{"embeddable":true,"href":"https:\/\/luminairesgregoire.com\/en\/wp-json\/wp\/v2\/media\/38410"}],"wp:attachment":[{"href":"https:\/\/luminairesgregoire.com\/en\/wp-json\/wp\/v2\/media?parent=31688"}],"wp:term":[{"taxonomy":"product_brand","embeddable":true,"href":"https:\/\/luminairesgregoire.com\/en\/wp-json\/wp\/v2\/product_brand?post=31688"},{"taxonomy":"product_cat","embeddable":true,"href":"https:\/\/luminairesgregoire.com\/en\/wp-json\/wp\/v2\/product_cat?post=31688"},{"taxonomy":"product_tag","embeddable":true,"href":"https:\/\/luminairesgregoire.com\/en\/wp-json\/wp\/v2\/product_tag?post=31688"}],"curies":[{"name":"wp","href":"https:\/\/api.w.org\/{rel}","templated":true}]}}