{"id":31730,"date":"2026-01-08T02:49:41","date_gmt":"2026-01-08T07:49:41","guid":{"rendered":"https:\/\/luminairesgregoire.com\/?post_type=product&#038;p=31730"},"modified":"2026-04-18T16:27:01","modified_gmt":"2026-04-18T20:27:01","slug":"chandelier-6-l-noir-et-or-sussex-207368a","status":"publish","type":"product","link":"https:\/\/luminairesgregoire.com\/en\/product\/chandelier-6-l-noir-et-or-sussex-207368a\/","title":{"rendered":"CHANDELIER 6-L NOIR ET OR- SUSSEX 207368A"},"content":{"rendered":"<p>Le lustre Sussex incarne un savoir-faire raffin\u00e9 gr\u00e2ce \u00e0 sa silhouette \u00e9l\u00e9gante et ses d\u00e9tails superpos\u00e9s. Des sangles en faux cuir noir d\u00e9licatement drap\u00e9es apportent une touche de sophistication structur\u00e9e, rehauss\u00e9e par des coutures subtiles et un accent de cuir assorti \u00e0 la rosace. Sa finition or champagne ajoute une chaleur luxueuse et discr\u00e8te, permettant au design de naviguer harmonieusement entre tradition intemporelle et style contemporain.<\/p>\n","protected":false},"excerpt":{"rendered":"<p>Le lustre Sussex incarne un savoir-faire raffin\u00e9 gr\u00e2ce \u00e0 sa silhouette \u00e9l\u00e9gante et ses d\u00e9tails superpos\u00e9s. Des sangles en faux cuir noir d\u00e9licatement drap\u00e9es apportent une touche de sophistication structur\u00e9e, rehauss\u00e9e par des coutures subtiles et un accent de cuir assorti \u00e0 la rosace. Sa finition or champagne ajoute une chaleur luxueuse et discr\u00e8te, permettant [&hellip;]<\/p>\n","protected":false},"featured_media":38395,"template":"","meta":{"_acf_changed":false},"product_brand":[6010],"product_cat":[8859,6011,5835,5839],"product_tag":[7348],"class_list":{"0":"post-31730","1":"product","2":"type-product","3":"status-publish","4":"has-post-thumbnail","6":"product_brand-eglo","7":"product_cat-nouveautes","8":"product_cat-soldes","9":"product_cat-suspension","10":"product_cat-suspension-suspension","11":"product_tag-nouveaute-2026","12":"pa_diametre-28-75","13":"pa_finis-noir","14":"pa_finis-or","15":"pa_garantie-1-an","17":"first","18":"instock","19":"sale","20":"taxable","21":"shipping-taxable","22":"purchasable","23":"product-type-simple"},"acf":[],"yoast_head":"<!-- This site is optimized with the Yoast SEO plugin v27.4 - https:\/\/yoast.com\/product\/yoast-seo-wordpress\/ -->\n<title>CHANDELIER 6-L NOIR ET OR- SUSSEX 207368A - Luminaires Paul Gr\u00e9goire<\/title>\n<meta name=\"description\" content=\"CHANDELIER 6-L NOIR ET OR- SUSSEX 207368A - Discover our collection of designer lighting \u2014 pendants, lamps, and ceiling lights \u2014 to brighten every space with style and elegance.\" \/>\n<meta name=\"robots\" content=\"index, follow, max-snippet:-1, max-image-preview:large, max-video-preview:-1\" \/>\n<link rel=\"canonical\" href=\"https:\/\/luminairesgregoire.com\/en\/product\/chandelier-6-l-noir-et-or-sussex-207368a\/\" \/>\n<meta property=\"og:locale\" content=\"en_US\" \/>\n<meta property=\"og:type\" content=\"article\" \/>\n<meta property=\"og:title\" content=\"CHANDELIER 6-L NOIR ET OR- SUSSEX 207368A - Luminaires Paul Gr\u00e9goire\" \/>\n<meta property=\"og:description\" content=\"CHANDELIER 6-L NOIR ET OR- SUSSEX 207368A - Discover our collection of designer lighting \u2014 pendants, lamps, and ceiling lights \u2014 to brighten every space with style and elegance.\" \/>\n<meta property=\"og:url\" content=\"https:\/\/luminairesgregoire.com\/en\/product\/chandelier-6-l-noir-et-or-sussex-207368a\/\" \/>\n<meta property=\"og:site_name\" content=\"Luminaires Paul Gr\u00e9goire\" \/>\n<meta property=\"article:modified_time\" content=\"2026-04-18T20:27:01+00:00\" \/>\n<meta property=\"og:image\" content=\"https:\/\/luminairesgregoire.com\/wp-content\/uploads\/2026\/04\/Votre-texte-de-paragraphe-2026-04-18T134945.773.webp\" \/>\n\t<meta property=\"og:image:width\" content=\"850\" \/>\n\t<meta property=\"og:image:height\" content=\"850\" \/>\n\t<meta property=\"og:image:type\" content=\"image\/jpeg\" \/>\n<meta name=\"twitter:card\" content=\"summary_large_image\" \/>\n<meta name=\"twitter:label1\" content=\"Est. reading time\" \/>\n\t<meta name=\"twitter:data1\" content=\"1 minute\" \/>\n<script type=\"application\/ld+json\" class=\"yoast-schema-graph\">{\"@context\":\"https:\\\/\\\/schema.org\",\"@graph\":[{\"@type\":\"WebPage\",\"@id\":\"https:\\\/\\\/luminairesgregoire.com\\\/en\\\/product\\\/chandelier-6-l-noir-et-or-sussex-207368a\\\/\",\"url\":\"https:\\\/\\\/luminairesgregoire.com\\\/en\\\/product\\\/chandelier-6-l-noir-et-or-sussex-207368a\\\/\",\"name\":\"CHANDELIER 6-L NOIR ET OR- SUSSEX 207368A - Luminaires Paul Gr\u00e9goire\",\"isPartOf\":{\"@id\":\"https:\\\/\\\/luminairesgregoire.com\\\/en\\\/#website\"},\"primaryImageOfPage\":{\"@id\":\"https:\\\/\\\/luminairesgregoire.com\\\/en\\\/product\\\/chandelier-6-l-noir-et-or-sussex-207368a\\\/#primaryimage\"},\"image\":{\"@id\":\"https:\\\/\\\/luminairesgregoire.com\\\/en\\\/product\\\/chandelier-6-l-noir-et-or-sussex-207368a\\\/#primaryimage\"},\"thumbnailUrl\":\"https:\\\/\\\/luminairesgregoire.com\\\/wp-content\\\/uploads\\\/2026\\\/04\\\/Votre-texte-de-paragraphe-2026-04-18T134945.773.webp\",\"datePublished\":\"2026-01-08T07:49:41+00:00\",\"dateModified\":\"2026-04-18T20:27:01+00:00\",\"description\":\"CHANDELIER 6-L NOIR ET OR- SUSSEX 207368A - Discover our collection of designer lighting \u2014 pendants, lamps, and ceiling lights \u2014 to brighten every space with style and elegance.\",\"breadcrumb\":{\"@id\":\"https:\\\/\\\/luminairesgregoire.com\\\/en\\\/product\\\/chandelier-6-l-noir-et-or-sussex-207368a\\\/#breadcrumb\"},\"inLanguage\":\"en-US\",\"potentialAction\":[{\"@type\":\"ReadAction\",\"target\":[\"https:\\\/\\\/luminairesgregoire.com\\\/en\\\/product\\\/chandelier-6-l-noir-et-or-sussex-207368a\\\/\"]}]},{\"@type\":\"ImageObject\",\"inLanguage\":\"en-US\",\"@id\":\"https:\\\/\\\/luminairesgregoire.com\\\/en\\\/product\\\/chandelier-6-l-noir-et-or-sussex-207368a\\\/#primaryimage\",\"url\":\"https:\\\/\\\/luminairesgregoire.com\\\/wp-content\\\/uploads\\\/2026\\\/04\\\/Votre-texte-de-paragraphe-2026-04-18T134945.773.webp\",\"contentUrl\":\"https:\\\/\\\/luminairesgregoire.com\\\/wp-content\\\/uploads\\\/2026\\\/04\\\/Votre-texte-de-paragraphe-2026-04-18T134945.773.webp\",\"width\":850,\"height\":850,\"caption\":\"CHANDELIER 6-L NOIR ET OR- SUSSEX 207368A\"},{\"@type\":\"BreadcrumbList\",\"@id\":\"https:\\\/\\\/luminairesgregoire.com\\\/en\\\/product\\\/chandelier-6-l-noir-et-or-sussex-207368a\\\/#breadcrumb\",\"itemListElement\":[{\"@type\":\"ListItem\",\"position\":1,\"name\":\"Home\",\"item\":\"https:\\\/\\\/luminairesgregoire.com\\\/en\\\/\"},{\"@type\":\"ListItem\",\"position\":2,\"name\":\"Store\",\"item\":\"https:\\\/\\\/luminairesgregoire.com\\\/en\\\/products\\\/\"},{\"@type\":\"ListItem\",\"position\":3,\"name\":\"CHANDELIER 6-L NOIR ET OR- SUSSEX 207368A\"}]},{\"@type\":\"WebSite\",\"@id\":\"https:\\\/\\\/luminairesgregoire.com\\\/en\\\/#website\",\"url\":\"https:\\\/\\\/luminairesgregoire.com\\\/en\\\/\",\"name\":\"Luminaires Paul Gr\u00e9goire\",\"description\":\"\",\"publisher\":{\"@id\":\"https:\\\/\\\/luminairesgregoire.com\\\/en\\\/#organization\"},\"potentialAction\":[{\"@type\":\"SearchAction\",\"target\":{\"@type\":\"EntryPoint\",\"urlTemplate\":\"https:\\\/\\\/luminairesgregoire.com\\\/en\\\/?s={search_term_string}\"},\"query-input\":{\"@type\":\"PropertyValueSpecification\",\"valueRequired\":true,\"valueName\":\"search_term_string\"}}],\"inLanguage\":\"en-US\"},{\"@type\":\"Organization\",\"@id\":\"https:\\\/\\\/luminairesgregoire.com\\\/en\\\/#organization\",\"name\":\"Luminaires Paul Gr\u00e9goire\",\"url\":\"https:\\\/\\\/luminairesgregoire.com\\\/en\\\/\",\"logo\":{\"@type\":\"ImageObject\",\"inLanguage\":\"en-US\",\"@id\":\"https:\\\/\\\/luminairesgregoire.com\\\/en\\\/#\\\/schema\\\/logo\\\/image\\\/\",\"url\":\"https:\\\/\\\/luminairesgregoire.com\\\/wp-content\\\/uploads\\\/2021\\\/05\\\/logo_CMYK-1-1.png\",\"contentUrl\":\"https:\\\/\\\/luminairesgregoire.com\\\/wp-content\\\/uploads\\\/2021\\\/05\\\/logo_CMYK-1-1.png\",\"width\":350,\"height\":164,\"caption\":\"Luminaires Paul Gr\u00e9goire\"},\"image\":{\"@id\":\"https:\\\/\\\/luminairesgregoire.com\\\/en\\\/#\\\/schema\\\/logo\\\/image\\\/\"}}]}<\/script>\n<!-- \/ Yoast SEO plugin. -->","yoast_head_json":{"title":"CHANDELIER 6-L NOIR ET OR- SUSSEX 207368A - Luminaires Paul Gr\u00e9goire","description":"CHANDELIER 6-L NOIR ET OR- SUSSEX 207368A - Discover our collection of designer lighting \u2014 pendants, lamps, and ceiling lights \u2014 to brighten every space with style and elegance.","robots":{"index":"index","follow":"follow","max-snippet":"max-snippet:-1","max-image-preview":"max-image-preview:large","max-video-preview":"max-video-preview:-1"},"canonical":"https:\/\/luminairesgregoire.com\/en\/product\/chandelier-6-l-noir-et-or-sussex-207368a\/","og_locale":"en_US","og_type":"article","og_title":"CHANDELIER 6-L NOIR ET OR- SUSSEX 207368A - Luminaires Paul Gr\u00e9goire","og_description":"CHANDELIER 6-L NOIR ET OR- SUSSEX 207368A - Discover our collection of designer lighting \u2014 pendants, lamps, and ceiling lights \u2014 to brighten every space with style and elegance.","og_url":"https:\/\/luminairesgregoire.com\/en\/product\/chandelier-6-l-noir-et-or-sussex-207368a\/","og_site_name":"Luminaires Paul Gr\u00e9goire","article_modified_time":"2026-04-18T20:27:01+00:00","og_image":[{"width":850,"height":850,"url":"https:\/\/luminairesgregoire.com\/wp-content\/uploads\/2026\/04\/Votre-texte-de-paragraphe-2026-04-18T134945.773.webp","type":"image\/jpeg"}],"twitter_card":"summary_large_image","twitter_misc":{"Est. reading time":"1 minute"},"schema":{"@context":"https:\/\/schema.org","@graph":[{"@type":"WebPage","@id":"https:\/\/luminairesgregoire.com\/en\/product\/chandelier-6-l-noir-et-or-sussex-207368a\/","url":"https:\/\/luminairesgregoire.com\/en\/product\/chandelier-6-l-noir-et-or-sussex-207368a\/","name":"CHANDELIER 6-L NOIR ET OR- SUSSEX 207368A - Luminaires Paul Gr\u00e9goire","isPartOf":{"@id":"https:\/\/luminairesgregoire.com\/en\/#website"},"primaryImageOfPage":{"@id":"https:\/\/luminairesgregoire.com\/en\/product\/chandelier-6-l-noir-et-or-sussex-207368a\/#primaryimage"},"image":{"@id":"https:\/\/luminairesgregoire.com\/en\/product\/chandelier-6-l-noir-et-or-sussex-207368a\/#primaryimage"},"thumbnailUrl":"https:\/\/luminairesgregoire.com\/wp-content\/uploads\/2026\/04\/Votre-texte-de-paragraphe-2026-04-18T134945.773.webp","datePublished":"2026-01-08T07:49:41+00:00","dateModified":"2026-04-18T20:27:01+00:00","description":"CHANDELIER 6-L NOIR ET OR- SUSSEX 207368A - Discover our collection of designer lighting \u2014 pendants, lamps, and ceiling lights \u2014 to brighten every space with style and elegance.","breadcrumb":{"@id":"https:\/\/luminairesgregoire.com\/en\/product\/chandelier-6-l-noir-et-or-sussex-207368a\/#breadcrumb"},"inLanguage":"en-US","potentialAction":[{"@type":"ReadAction","target":["https:\/\/luminairesgregoire.com\/en\/product\/chandelier-6-l-noir-et-or-sussex-207368a\/"]}]},{"@type":"ImageObject","inLanguage":"en-US","@id":"https:\/\/luminairesgregoire.com\/en\/product\/chandelier-6-l-noir-et-or-sussex-207368a\/#primaryimage","url":"https:\/\/luminairesgregoire.com\/wp-content\/uploads\/2026\/04\/Votre-texte-de-paragraphe-2026-04-18T134945.773.webp","contentUrl":"https:\/\/luminairesgregoire.com\/wp-content\/uploads\/2026\/04\/Votre-texte-de-paragraphe-2026-04-18T134945.773.webp","width":850,"height":850,"caption":"CHANDELIER 6-L NOIR ET OR- SUSSEX 207368A"},{"@type":"BreadcrumbList","@id":"https:\/\/luminairesgregoire.com\/en\/product\/chandelier-6-l-noir-et-or-sussex-207368a\/#breadcrumb","itemListElement":[{"@type":"ListItem","position":1,"name":"Home","item":"https:\/\/luminairesgregoire.com\/en\/"},{"@type":"ListItem","position":2,"name":"Store","item":"https:\/\/luminairesgregoire.com\/en\/products\/"},{"@type":"ListItem","position":3,"name":"CHANDELIER 6-L NOIR ET OR- SUSSEX 207368A"}]},{"@type":"WebSite","@id":"https:\/\/luminairesgregoire.com\/en\/#website","url":"https:\/\/luminairesgregoire.com\/en\/","name":"Luminaires Paul Gr\u00e9goire","description":"","publisher":{"@id":"https:\/\/luminairesgregoire.com\/en\/#organization"},"potentialAction":[{"@type":"SearchAction","target":{"@type":"EntryPoint","urlTemplate":"https:\/\/luminairesgregoire.com\/en\/?s={search_term_string}"},"query-input":{"@type":"PropertyValueSpecification","valueRequired":true,"valueName":"search_term_string"}}],"inLanguage":"en-US"},{"@type":"Organization","@id":"https:\/\/luminairesgregoire.com\/en\/#organization","name":"Luminaires Paul Gr\u00e9goire","url":"https:\/\/luminairesgregoire.com\/en\/","logo":{"@type":"ImageObject","inLanguage":"en-US","@id":"https:\/\/luminairesgregoire.com\/en\/#\/schema\/logo\/image\/","url":"https:\/\/luminairesgregoire.com\/wp-content\/uploads\/2021\/05\/logo_CMYK-1-1.png","contentUrl":"https:\/\/luminairesgregoire.com\/wp-content\/uploads\/2021\/05\/logo_CMYK-1-1.png","width":350,"height":164,"caption":"Luminaires Paul Gr\u00e9goire"},"image":{"@id":"https:\/\/luminairesgregoire.com\/en\/#\/schema\/logo\/image\/"}}]}},"_links":{"self":[{"href":"https:\/\/luminairesgregoire.com\/en\/wp-json\/wp\/v2\/product\/31730","targetHints":{"allow":["GET"]}}],"collection":[{"href":"https:\/\/luminairesgregoire.com\/en\/wp-json\/wp\/v2\/product"}],"about":[{"href":"https:\/\/luminairesgregoire.com\/en\/wp-json\/wp\/v2\/types\/product"}],"wp:featuredmedia":[{"embeddable":true,"href":"https:\/\/luminairesgregoire.com\/en\/wp-json\/wp\/v2\/media\/38395"}],"wp:attachment":[{"href":"https:\/\/luminairesgregoire.com\/en\/wp-json\/wp\/v2\/media?parent=31730"}],"wp:term":[{"taxonomy":"product_brand","embeddable":true,"href":"https:\/\/luminairesgregoire.com\/en\/wp-json\/wp\/v2\/product_brand?post=31730"},{"taxonomy":"product_cat","embeddable":true,"href":"https:\/\/luminairesgregoire.com\/en\/wp-json\/wp\/v2\/product_cat?post=31730"},{"taxonomy":"product_tag","embeddable":true,"href":"https:\/\/luminairesgregoire.com\/en\/wp-json\/wp\/v2\/product_tag?post=31730"}],"curies":[{"name":"wp","href":"https:\/\/api.w.org\/{rel}","templated":true}]}}