{"id":31770,"date":"2026-01-08T02:50:54","date_gmt":"2026-01-08T07:50:54","guid":{"rendered":"https:\/\/luminairesgregoire.com\/?post_type=product&#038;p=31770"},"modified":"2026-04-04T04:17:13","modified_gmt":"2026-04-04T08:17:13","slug":"suspendu-lineaire-del-laiton-courtney-207413a","status":"publish","type":"product","link":"https:\/\/luminairesgregoire.com\/en\/product\/suspendu-lineaire-del-laiton-courtney-207413a\/","title":{"rendered":"SUSPENDU LIN\u00c9AIRE DEL LAITON- COURTNEY 207413A"},"content":{"rendered":"<p data-start=\"213\" data-end=\"545\">La suspension <strong data-start=\"227\" data-end=\"239\">Courtney<\/strong> d\u2019<span class=\"hover:entity-accent entity-underline inline cursor-pointer align-baseline\"><span class=\"whitespace-normal\">EGLO<\/span><\/span> s\u00e9duit par son design lin\u00e9aire moderne et \u00e9pur\u00e9, parfait pour les cuisines, salles \u00e0 manger ou \u00eelots. Sa finition bronze champagne apporte une touche chaleureuse et sophistiqu\u00e9e, tandis que sa silhouette allong\u00e9e cr\u00e9e un effet visuel \u00e9l\u00e9gant sans alourdir l\u2019espace.<\/p>\n<p data-start=\"547\" data-end=\"780\">Dot\u00e9e d\u2019un \u00e9clairage DEL int\u00e9gr\u00e9 avec technologie <strong data-start=\"597\" data-end=\"605\">5CCT<\/strong>, elle permet d\u2019ajuster la temp\u00e9rature de couleur selon l\u2019ambiance d\u00e9sir\u00e9e, du blanc chaud au blanc froid. Un choix id\u00e9al pour un \u00e9clairage \u00e0 la fois fonctionnel et d\u00e9coratif.<\/p>\n","protected":false},"excerpt":{"rendered":"<p>La suspension Courtney d\u2019EGLO s\u00e9duit par son design lin\u00e9aire moderne et \u00e9pur\u00e9, parfait pour les cuisines, salles \u00e0 manger ou \u00eelots. Sa finition bronze champagne apporte une touche chaleureuse et sophistiqu\u00e9e, tandis que sa silhouette allong\u00e9e cr\u00e9e un effet visuel \u00e9l\u00e9gant sans alourdir l\u2019espace. Dot\u00e9e d\u2019un \u00e9clairage DEL int\u00e9gr\u00e9 avec technologie 5CCT, elle permet d\u2019ajuster [&hellip;]<\/p>\n","protected":false},"featured_media":37614,"template":"","meta":{"_acf_changed":false},"product_brand":[6010],"product_cat":[8859,6011,5835,5836],"product_tag":[7348],"class_list":{"0":"post-31770","1":"product","2":"type-product","3":"status-publish","4":"has-post-thumbnail","6":"product_brand-eglo","7":"product_cat-nouveautes","8":"product_cat-soldes","9":"product_cat-suspension","10":"product_cat-suspensions-lineaires","11":"product_tag-nouveaute-2026","12":"pa_finis-laiton","13":"pa_garantie-5-ans","14":"pa_hauteur-60-75","15":"pa_longueur-2736","17":"first","18":"instock","19":"sale","20":"taxable","21":"shipping-taxable","22":"purchasable","23":"product-type-simple"},"acf":[],"yoast_head":"<!-- This site is optimized with the Yoast SEO plugin v26.9 - https:\/\/yoast.com\/product\/yoast-seo-wordpress\/ -->\n<title>SUSPENDU LIN\u00c9AIRE DEL LAITON- COURTNEY 207413A - Luminaires Paul Gr\u00e9goire<\/title>\n<meta name=\"description\" content=\"SUSPENDU LIN\u00c9AIRE DEL LAITON- COURTNEY 207413A - Discover our collection of designer lighting \u2014 pendants, lamps, and ceiling lights \u2014 to brighten every space with style and elegance.\" \/>\n<meta name=\"robots\" content=\"index, follow, max-snippet:-1, max-image-preview:large, max-video-preview:-1\" \/>\n<link rel=\"canonical\" href=\"https:\/\/luminairesgregoire.com\/en\/product\/suspendu-lineaire-del-laiton-courtney-207413a\/\" \/>\n<meta property=\"og:locale\" content=\"en_US\" \/>\n<meta property=\"og:type\" content=\"article\" \/>\n<meta property=\"og:title\" content=\"SUSPENDU LIN\u00c9AIRE DEL LAITON- COURTNEY 207413A - Luminaires Paul Gr\u00e9goire\" \/>\n<meta property=\"og:description\" content=\"SUSPENDU LIN\u00c9AIRE DEL LAITON- COURTNEY 207413A - Discover our collection of designer lighting \u2014 pendants, lamps, and ceiling lights \u2014 to brighten every space with style and elegance.\" \/>\n<meta property=\"og:url\" content=\"https:\/\/luminairesgregoire.com\/en\/product\/suspendu-lineaire-del-laiton-courtney-207413a\/\" \/>\n<meta property=\"og:site_name\" content=\"Luminaires Paul Gr\u00e9goire\" \/>\n<meta property=\"article:modified_time\" content=\"2026-04-04T08:17:13+00:00\" \/>\n<meta property=\"og:image\" content=\"https:\/\/luminairesgregoire.com\/wp-content\/uploads\/2026\/01\/207413A.webp\" \/>\n\t<meta property=\"og:image:width\" content=\"709\" \/>\n\t<meta property=\"og:image:height\" content=\"712\" \/>\n\t<meta property=\"og:image:type\" content=\"image\/jpeg\" \/>\n<meta name=\"twitter:card\" content=\"summary_large_image\" \/>\n<meta name=\"twitter:label1\" content=\"Est. reading time\" \/>\n\t<meta name=\"twitter:data1\" content=\"1 minute\" \/>\n<script type=\"application\/ld+json\" class=\"yoast-schema-graph\">{\"@context\":\"https:\/\/schema.org\",\"@graph\":[{\"@type\":\"WebPage\",\"@id\":\"https:\/\/luminairesgregoire.com\/en\/product\/suspendu-lineaire-del-laiton-courtney-207413a\/\",\"url\":\"https:\/\/luminairesgregoire.com\/en\/product\/suspendu-lineaire-del-laiton-courtney-207413a\/\",\"name\":\"SUSPENDU LIN\u00c9AIRE DEL LAITON- COURTNEY 207413A - Luminaires Paul Gr\u00e9goire\",\"isPartOf\":{\"@id\":\"https:\/\/luminairesgregoire.com\/en\/#website\"},\"primaryImageOfPage\":{\"@id\":\"https:\/\/luminairesgregoire.com\/en\/product\/suspendu-lineaire-del-laiton-courtney-207413a\/#primaryimage\"},\"image\":{\"@id\":\"https:\/\/luminairesgregoire.com\/en\/product\/suspendu-lineaire-del-laiton-courtney-207413a\/#primaryimage\"},\"thumbnailUrl\":\"https:\/\/luminairesgregoire.com\/wp-content\/uploads\/2026\/01\/207413A.webp\",\"datePublished\":\"2026-01-08T07:50:54+00:00\",\"dateModified\":\"2026-04-04T08:17:13+00:00\",\"description\":\"SUSPENDU LIN\u00c9AIRE DEL LAITON- COURTNEY 207413A - Discover our collection of designer lighting \u2014 pendants, lamps, and ceiling lights \u2014 to brighten every space with style and elegance.\",\"breadcrumb\":{\"@id\":\"https:\/\/luminairesgregoire.com\/en\/product\/suspendu-lineaire-del-laiton-courtney-207413a\/#breadcrumb\"},\"inLanguage\":\"en-US\",\"potentialAction\":[{\"@type\":\"ReadAction\",\"target\":[\"https:\/\/luminairesgregoire.com\/en\/product\/suspendu-lineaire-del-laiton-courtney-207413a\/\"]}]},{\"@type\":\"ImageObject\",\"inLanguage\":\"en-US\",\"@id\":\"https:\/\/luminairesgregoire.com\/en\/product\/suspendu-lineaire-del-laiton-courtney-207413a\/#primaryimage\",\"url\":\"https:\/\/luminairesgregoire.com\/wp-content\/uploads\/2026\/01\/207413A.webp\",\"contentUrl\":\"https:\/\/luminairesgregoire.com\/wp-content\/uploads\/2026\/01\/207413A.webp\",\"width\":709,\"height\":712,\"caption\":\"SUSPENDU LIN\u00c9AIRE DEL LAITON- COURTNEY 207413A\"},{\"@type\":\"BreadcrumbList\",\"@id\":\"https:\/\/luminairesgregoire.com\/en\/product\/suspendu-lineaire-del-laiton-courtney-207413a\/#breadcrumb\",\"itemListElement\":[{\"@type\":\"ListItem\",\"position\":1,\"name\":\"Home\",\"item\":\"https:\/\/luminairesgregoire.com\/en\/\"},{\"@type\":\"ListItem\",\"position\":2,\"name\":\"Store\",\"item\":\"https:\/\/luminairesgregoire.com\/en\/products\/\"},{\"@type\":\"ListItem\",\"position\":3,\"name\":\"SUSPENDU LIN\u00c9AIRE DEL LAITON- COURTNEY 207413A\"}]},{\"@type\":\"WebSite\",\"@id\":\"https:\/\/luminairesgregoire.com\/en\/#website\",\"url\":\"https:\/\/luminairesgregoire.com\/en\/\",\"name\":\"Luminaires Paul Gr\u00e9goire\",\"description\":\"\",\"publisher\":{\"@id\":\"https:\/\/luminairesgregoire.com\/en\/#organization\"},\"potentialAction\":[{\"@type\":\"SearchAction\",\"target\":{\"@type\":\"EntryPoint\",\"urlTemplate\":\"https:\/\/luminairesgregoire.com\/en\/?s={search_term_string}\"},\"query-input\":{\"@type\":\"PropertyValueSpecification\",\"valueRequired\":true,\"valueName\":\"search_term_string\"}}],\"inLanguage\":\"en-US\"},{\"@type\":\"Organization\",\"@id\":\"https:\/\/luminairesgregoire.com\/en\/#organization\",\"name\":\"Luminaires Paul Gr\u00e9goire\",\"url\":\"https:\/\/luminairesgregoire.com\/en\/\",\"logo\":{\"@type\":\"ImageObject\",\"inLanguage\":\"en-US\",\"@id\":\"https:\/\/luminairesgregoire.com\/en\/#\/schema\/logo\/image\/\",\"url\":\"https:\/\/luminairesgregoire.com\/wp-content\/uploads\/2021\/05\/logo_CMYK-1-1.png\",\"contentUrl\":\"https:\/\/luminairesgregoire.com\/wp-content\/uploads\/2021\/05\/logo_CMYK-1-1.png\",\"width\":350,\"height\":164,\"caption\":\"Luminaires Paul Gr\u00e9goire\"},\"image\":{\"@id\":\"https:\/\/luminairesgregoire.com\/en\/#\/schema\/logo\/image\/\"}}]}<\/script>\n<!-- \/ Yoast SEO plugin. -->","yoast_head_json":{"title":"SUSPENDU LIN\u00c9AIRE DEL LAITON- COURTNEY 207413A - Luminaires Paul Gr\u00e9goire","description":"SUSPENDU LIN\u00c9AIRE DEL LAITON- COURTNEY 207413A - Discover our collection of designer lighting \u2014 pendants, lamps, and ceiling lights \u2014 to brighten every space with style and elegance.","robots":{"index":"index","follow":"follow","max-snippet":"max-snippet:-1","max-image-preview":"max-image-preview:large","max-video-preview":"max-video-preview:-1"},"canonical":"https:\/\/luminairesgregoire.com\/en\/product\/suspendu-lineaire-del-laiton-courtney-207413a\/","og_locale":"en_US","og_type":"article","og_title":"SUSPENDU LIN\u00c9AIRE DEL LAITON- COURTNEY 207413A - Luminaires Paul Gr\u00e9goire","og_description":"SUSPENDU LIN\u00c9AIRE DEL LAITON- COURTNEY 207413A - Discover our collection of designer lighting \u2014 pendants, lamps, and ceiling lights \u2014 to brighten every space with style and elegance.","og_url":"https:\/\/luminairesgregoire.com\/en\/product\/suspendu-lineaire-del-laiton-courtney-207413a\/","og_site_name":"Luminaires Paul Gr\u00e9goire","article_modified_time":"2026-04-04T08:17:13+00:00","og_image":[{"width":709,"height":712,"url":"https:\/\/luminairesgregoire.com\/wp-content\/uploads\/2026\/01\/207413A.webp","type":"image\/jpeg"}],"twitter_card":"summary_large_image","twitter_misc":{"Est. reading time":"1 minute"},"schema":{"@context":"https:\/\/schema.org","@graph":[{"@type":"WebPage","@id":"https:\/\/luminairesgregoire.com\/en\/product\/suspendu-lineaire-del-laiton-courtney-207413a\/","url":"https:\/\/luminairesgregoire.com\/en\/product\/suspendu-lineaire-del-laiton-courtney-207413a\/","name":"SUSPENDU LIN\u00c9AIRE DEL LAITON- COURTNEY 207413A - Luminaires Paul Gr\u00e9goire","isPartOf":{"@id":"https:\/\/luminairesgregoire.com\/en\/#website"},"primaryImageOfPage":{"@id":"https:\/\/luminairesgregoire.com\/en\/product\/suspendu-lineaire-del-laiton-courtney-207413a\/#primaryimage"},"image":{"@id":"https:\/\/luminairesgregoire.com\/en\/product\/suspendu-lineaire-del-laiton-courtney-207413a\/#primaryimage"},"thumbnailUrl":"https:\/\/luminairesgregoire.com\/wp-content\/uploads\/2026\/01\/207413A.webp","datePublished":"2026-01-08T07:50:54+00:00","dateModified":"2026-04-04T08:17:13+00:00","description":"SUSPENDU LIN\u00c9AIRE DEL LAITON- COURTNEY 207413A - Discover our collection of designer lighting \u2014 pendants, lamps, and ceiling lights \u2014 to brighten every space with style and elegance.","breadcrumb":{"@id":"https:\/\/luminairesgregoire.com\/en\/product\/suspendu-lineaire-del-laiton-courtney-207413a\/#breadcrumb"},"inLanguage":"en-US","potentialAction":[{"@type":"ReadAction","target":["https:\/\/luminairesgregoire.com\/en\/product\/suspendu-lineaire-del-laiton-courtney-207413a\/"]}]},{"@type":"ImageObject","inLanguage":"en-US","@id":"https:\/\/luminairesgregoire.com\/en\/product\/suspendu-lineaire-del-laiton-courtney-207413a\/#primaryimage","url":"https:\/\/luminairesgregoire.com\/wp-content\/uploads\/2026\/01\/207413A.webp","contentUrl":"https:\/\/luminairesgregoire.com\/wp-content\/uploads\/2026\/01\/207413A.webp","width":709,"height":712,"caption":"SUSPENDU LIN\u00c9AIRE DEL LAITON- COURTNEY 207413A"},{"@type":"BreadcrumbList","@id":"https:\/\/luminairesgregoire.com\/en\/product\/suspendu-lineaire-del-laiton-courtney-207413a\/#breadcrumb","itemListElement":[{"@type":"ListItem","position":1,"name":"Home","item":"https:\/\/luminairesgregoire.com\/en\/"},{"@type":"ListItem","position":2,"name":"Store","item":"https:\/\/luminairesgregoire.com\/en\/products\/"},{"@type":"ListItem","position":3,"name":"SUSPENDU LIN\u00c9AIRE DEL LAITON- COURTNEY 207413A"}]},{"@type":"WebSite","@id":"https:\/\/luminairesgregoire.com\/en\/#website","url":"https:\/\/luminairesgregoire.com\/en\/","name":"Luminaires Paul Gr\u00e9goire","description":"","publisher":{"@id":"https:\/\/luminairesgregoire.com\/en\/#organization"},"potentialAction":[{"@type":"SearchAction","target":{"@type":"EntryPoint","urlTemplate":"https:\/\/luminairesgregoire.com\/en\/?s={search_term_string}"},"query-input":{"@type":"PropertyValueSpecification","valueRequired":true,"valueName":"search_term_string"}}],"inLanguage":"en-US"},{"@type":"Organization","@id":"https:\/\/luminairesgregoire.com\/en\/#organization","name":"Luminaires Paul Gr\u00e9goire","url":"https:\/\/luminairesgregoire.com\/en\/","logo":{"@type":"ImageObject","inLanguage":"en-US","@id":"https:\/\/luminairesgregoire.com\/en\/#\/schema\/logo\/image\/","url":"https:\/\/luminairesgregoire.com\/wp-content\/uploads\/2021\/05\/logo_CMYK-1-1.png","contentUrl":"https:\/\/luminairesgregoire.com\/wp-content\/uploads\/2021\/05\/logo_CMYK-1-1.png","width":350,"height":164,"caption":"Luminaires Paul Gr\u00e9goire"},"image":{"@id":"https:\/\/luminairesgregoire.com\/en\/#\/schema\/logo\/image\/"}}]}},"_links":{"self":[{"href":"https:\/\/luminairesgregoire.com\/en\/wp-json\/wp\/v2\/product\/31770","targetHints":{"allow":["GET"]}}],"collection":[{"href":"https:\/\/luminairesgregoire.com\/en\/wp-json\/wp\/v2\/product"}],"about":[{"href":"https:\/\/luminairesgregoire.com\/en\/wp-json\/wp\/v2\/types\/product"}],"wp:featuredmedia":[{"embeddable":true,"href":"https:\/\/luminairesgregoire.com\/en\/wp-json\/wp\/v2\/media\/37614"}],"wp:attachment":[{"href":"https:\/\/luminairesgregoire.com\/en\/wp-json\/wp\/v2\/media?parent=31770"}],"wp:term":[{"taxonomy":"product_brand","embeddable":true,"href":"https:\/\/luminairesgregoire.com\/en\/wp-json\/wp\/v2\/product_brand?post=31770"},{"taxonomy":"product_cat","embeddable":true,"href":"https:\/\/luminairesgregoire.com\/en\/wp-json\/wp\/v2\/product_cat?post=31770"},{"taxonomy":"product_tag","embeddable":true,"href":"https:\/\/luminairesgregoire.com\/en\/wp-json\/wp\/v2\/product_tag?post=31770"}],"curies":[{"name":"wp","href":"https:\/\/api.w.org\/{rel}","templated":true}]}}