{"id":31813,"date":"2026-01-08T02:52:12","date_gmt":"2026-01-08T07:52:12","guid":{"rendered":"https:\/\/luminairesgregoire.com\/?post_type=product&#038;p=31813"},"modified":"2026-04-18T17:56:18","modified_gmt":"2026-04-18T21:56:18","slug":"suspendu-simple-noir-mansfield-207643a","status":"publish","type":"product","link":"https:\/\/luminairesgregoire.com\/en\/product\/suspendu-simple-noir-mansfield-207643a\/","title":{"rendered":"SUSPENDU SIMPLE NOIR- MANSFIELD 207643A"},"content":{"rendered":"<p>Le luminaire suspendu Mansfield incarne un raffinement moderne avec une polyvalence intemporelle. Son abat-jour en verre clair l\u00e9g\u00e8rement \u00e9vas\u00e9 est suspendu avec \u00e9l\u00e9gance \u00e0 une structure noir mat, rehauss\u00e9e de la boucle d\u00e9corative surdimensionn\u00e9e signature de la collection. Sa silhouette \u00e9pur\u00e9e et son \u00e9l\u00e9gance discr\u00e8te en font un choix id\u00e9al pour une vari\u00e9t\u00e9 d\u2019int\u00e9rieurs, des d\u00e9cors contemporains \u00e9pur\u00e9s aux ambiances chaleureuses d\u2019inspiration farmhouse.<\/p>\n","protected":false},"excerpt":{"rendered":"<p>Le luminaire suspendu Mansfield incarne un raffinement moderne avec une polyvalence intemporelle. Son abat-jour en verre clair l\u00e9g\u00e8rement \u00e9vas\u00e9 est suspendu avec \u00e9l\u00e9gance \u00e0 une structure noir mat, rehauss\u00e9e de la boucle d\u00e9corative surdimensionn\u00e9e signature de la collection. Sa silhouette \u00e9pur\u00e9e et son \u00e9l\u00e9gance discr\u00e8te en font un choix id\u00e9al pour une vari\u00e9t\u00e9 d\u2019int\u00e9rieurs, des [&hellip;]<\/p>\n","protected":false},"featured_media":38434,"template":"","meta":{"_acf_changed":false},"product_brand":[6010],"product_cat":[8859,5835,5839,5845],"product_tag":[7348],"class_list":{"0":"post-31813","1":"product","2":"type-product","3":"status-publish","4":"has-post-thumbnail","6":"product_brand-eglo","7":"product_cat-nouveautes","8":"product_cat-suspension","9":"product_cat-suspension-suspension","10":"product_cat-suspensions-simples","11":"product_tag-nouveaute-2026","12":"pa_couleur-verre-clair","13":"pa_diametre-2672","14":"pa_finis-noir","15":"pa_garantie-1-an","17":"first","18":"instock","19":"taxable","20":"shipping-taxable","21":"purchasable","22":"product-type-simple"},"acf":[],"yoast_head":"<!-- This site is optimized with the Yoast SEO plugin v27.4 - https:\/\/yoast.com\/product\/yoast-seo-wordpress\/ -->\n<title>SUSPENDU SIMPLE NOIR- MANSFIELD 207643A - Luminaires Paul Gr\u00e9goire<\/title>\n<meta name=\"description\" content=\"SUSPENDU SIMPLE NOIR- MANSFIELD 207643A - Discover our collection of designer lighting \u2014 pendants, lamps, and ceiling lights \u2014 to brighten every space with style and elegance.\" \/>\n<meta name=\"robots\" content=\"index, follow, max-snippet:-1, max-image-preview:large, max-video-preview:-1\" \/>\n<link rel=\"canonical\" href=\"https:\/\/luminairesgregoire.com\/en\/product\/suspendu-simple-noir-mansfield-207643a\/\" \/>\n<meta property=\"og:locale\" content=\"en_US\" \/>\n<meta property=\"og:type\" content=\"article\" \/>\n<meta property=\"og:title\" content=\"SUSPENDU SIMPLE NOIR- MANSFIELD 207643A - Luminaires Paul Gr\u00e9goire\" \/>\n<meta property=\"og:description\" content=\"SUSPENDU SIMPLE NOIR- MANSFIELD 207643A - Discover our collection of designer lighting \u2014 pendants, lamps, and ceiling lights \u2014 to brighten every space with style and elegance.\" \/>\n<meta property=\"og:url\" content=\"https:\/\/luminairesgregoire.com\/en\/product\/suspendu-simple-noir-mansfield-207643a\/\" \/>\n<meta property=\"og:site_name\" content=\"Luminaires Paul Gr\u00e9goire\" \/>\n<meta property=\"article:modified_time\" content=\"2026-04-18T21:56:18+00:00\" \/>\n<meta property=\"og:image\" content=\"https:\/\/luminairesgregoire.com\/wp-content\/uploads\/2026\/04\/Votre-texte-de-paragraphe-2026-04-18T163928.022.webp\" \/>\n\t<meta property=\"og:image:width\" content=\"850\" \/>\n\t<meta property=\"og:image:height\" content=\"850\" \/>\n\t<meta property=\"og:image:type\" content=\"image\/jpeg\" \/>\n<meta name=\"twitter:card\" content=\"summary_large_image\" \/>\n<meta name=\"twitter:label1\" content=\"Est. reading time\" \/>\n\t<meta name=\"twitter:data1\" content=\"1 minute\" \/>\n<script type=\"application\/ld+json\" class=\"yoast-schema-graph\">{\"@context\":\"https:\\\/\\\/schema.org\",\"@graph\":[{\"@type\":\"WebPage\",\"@id\":\"https:\\\/\\\/luminairesgregoire.com\\\/en\\\/product\\\/suspendu-simple-noir-mansfield-207643a\\\/\",\"url\":\"https:\\\/\\\/luminairesgregoire.com\\\/en\\\/product\\\/suspendu-simple-noir-mansfield-207643a\\\/\",\"name\":\"SUSPENDU SIMPLE NOIR- MANSFIELD 207643A - Luminaires Paul Gr\u00e9goire\",\"isPartOf\":{\"@id\":\"https:\\\/\\\/luminairesgregoire.com\\\/en\\\/#website\"},\"primaryImageOfPage\":{\"@id\":\"https:\\\/\\\/luminairesgregoire.com\\\/en\\\/product\\\/suspendu-simple-noir-mansfield-207643a\\\/#primaryimage\"},\"image\":{\"@id\":\"https:\\\/\\\/luminairesgregoire.com\\\/en\\\/product\\\/suspendu-simple-noir-mansfield-207643a\\\/#primaryimage\"},\"thumbnailUrl\":\"https:\\\/\\\/luminairesgregoire.com\\\/wp-content\\\/uploads\\\/2026\\\/04\\\/Votre-texte-de-paragraphe-2026-04-18T163928.022.webp\",\"datePublished\":\"2026-01-08T07:52:12+00:00\",\"dateModified\":\"2026-04-18T21:56:18+00:00\",\"description\":\"SUSPENDU SIMPLE NOIR- MANSFIELD 207643A - Discover our collection of designer lighting \u2014 pendants, lamps, and ceiling lights \u2014 to brighten every space with style and elegance.\",\"breadcrumb\":{\"@id\":\"https:\\\/\\\/luminairesgregoire.com\\\/en\\\/product\\\/suspendu-simple-noir-mansfield-207643a\\\/#breadcrumb\"},\"inLanguage\":\"en-US\",\"potentialAction\":[{\"@type\":\"ReadAction\",\"target\":[\"https:\\\/\\\/luminairesgregoire.com\\\/en\\\/product\\\/suspendu-simple-noir-mansfield-207643a\\\/\"]}]},{\"@type\":\"ImageObject\",\"inLanguage\":\"en-US\",\"@id\":\"https:\\\/\\\/luminairesgregoire.com\\\/en\\\/product\\\/suspendu-simple-noir-mansfield-207643a\\\/#primaryimage\",\"url\":\"https:\\\/\\\/luminairesgregoire.com\\\/wp-content\\\/uploads\\\/2026\\\/04\\\/Votre-texte-de-paragraphe-2026-04-18T163928.022.webp\",\"contentUrl\":\"https:\\\/\\\/luminairesgregoire.com\\\/wp-content\\\/uploads\\\/2026\\\/04\\\/Votre-texte-de-paragraphe-2026-04-18T163928.022.webp\",\"width\":850,\"height\":850,\"caption\":\"SUSPENDU SIMPLE NOIR- MANSFIELD 207643A\"},{\"@type\":\"BreadcrumbList\",\"@id\":\"https:\\\/\\\/luminairesgregoire.com\\\/en\\\/product\\\/suspendu-simple-noir-mansfield-207643a\\\/#breadcrumb\",\"itemListElement\":[{\"@type\":\"ListItem\",\"position\":1,\"name\":\"Home\",\"item\":\"https:\\\/\\\/luminairesgregoire.com\\\/en\\\/\"},{\"@type\":\"ListItem\",\"position\":2,\"name\":\"Store\",\"item\":\"https:\\\/\\\/luminairesgregoire.com\\\/en\\\/products\\\/\"},{\"@type\":\"ListItem\",\"position\":3,\"name\":\"SUSPENDU SIMPLE NOIR- MANSFIELD 207643A\"}]},{\"@type\":\"WebSite\",\"@id\":\"https:\\\/\\\/luminairesgregoire.com\\\/en\\\/#website\",\"url\":\"https:\\\/\\\/luminairesgregoire.com\\\/en\\\/\",\"name\":\"Luminaires Paul Gr\u00e9goire\",\"description\":\"\",\"publisher\":{\"@id\":\"https:\\\/\\\/luminairesgregoire.com\\\/en\\\/#organization\"},\"potentialAction\":[{\"@type\":\"SearchAction\",\"target\":{\"@type\":\"EntryPoint\",\"urlTemplate\":\"https:\\\/\\\/luminairesgregoire.com\\\/en\\\/?s={search_term_string}\"},\"query-input\":{\"@type\":\"PropertyValueSpecification\",\"valueRequired\":true,\"valueName\":\"search_term_string\"}}],\"inLanguage\":\"en-US\"},{\"@type\":\"Organization\",\"@id\":\"https:\\\/\\\/luminairesgregoire.com\\\/en\\\/#organization\",\"name\":\"Luminaires Paul Gr\u00e9goire\",\"url\":\"https:\\\/\\\/luminairesgregoire.com\\\/en\\\/\",\"logo\":{\"@type\":\"ImageObject\",\"inLanguage\":\"en-US\",\"@id\":\"https:\\\/\\\/luminairesgregoire.com\\\/en\\\/#\\\/schema\\\/logo\\\/image\\\/\",\"url\":\"https:\\\/\\\/luminairesgregoire.com\\\/wp-content\\\/uploads\\\/2021\\\/05\\\/logo_CMYK-1-1.png\",\"contentUrl\":\"https:\\\/\\\/luminairesgregoire.com\\\/wp-content\\\/uploads\\\/2021\\\/05\\\/logo_CMYK-1-1.png\",\"width\":350,\"height\":164,\"caption\":\"Luminaires Paul Gr\u00e9goire\"},\"image\":{\"@id\":\"https:\\\/\\\/luminairesgregoire.com\\\/en\\\/#\\\/schema\\\/logo\\\/image\\\/\"}}]}<\/script>\n<!-- \/ Yoast SEO plugin. -->","yoast_head_json":{"title":"SUSPENDU SIMPLE NOIR- MANSFIELD 207643A - Luminaires Paul Gr\u00e9goire","description":"SUSPENDU SIMPLE NOIR- MANSFIELD 207643A - Discover our collection of designer lighting \u2014 pendants, lamps, and ceiling lights \u2014 to brighten every space with style and elegance.","robots":{"index":"index","follow":"follow","max-snippet":"max-snippet:-1","max-image-preview":"max-image-preview:large","max-video-preview":"max-video-preview:-1"},"canonical":"https:\/\/luminairesgregoire.com\/en\/product\/suspendu-simple-noir-mansfield-207643a\/","og_locale":"en_US","og_type":"article","og_title":"SUSPENDU SIMPLE NOIR- MANSFIELD 207643A - Luminaires Paul Gr\u00e9goire","og_description":"SUSPENDU SIMPLE NOIR- MANSFIELD 207643A - Discover our collection of designer lighting \u2014 pendants, lamps, and ceiling lights \u2014 to brighten every space with style and elegance.","og_url":"https:\/\/luminairesgregoire.com\/en\/product\/suspendu-simple-noir-mansfield-207643a\/","og_site_name":"Luminaires Paul Gr\u00e9goire","article_modified_time":"2026-04-18T21:56:18+00:00","og_image":[{"width":850,"height":850,"url":"https:\/\/luminairesgregoire.com\/wp-content\/uploads\/2026\/04\/Votre-texte-de-paragraphe-2026-04-18T163928.022.webp","type":"image\/jpeg"}],"twitter_card":"summary_large_image","twitter_misc":{"Est. reading time":"1 minute"},"schema":{"@context":"https:\/\/schema.org","@graph":[{"@type":"WebPage","@id":"https:\/\/luminairesgregoire.com\/en\/product\/suspendu-simple-noir-mansfield-207643a\/","url":"https:\/\/luminairesgregoire.com\/en\/product\/suspendu-simple-noir-mansfield-207643a\/","name":"SUSPENDU SIMPLE NOIR- MANSFIELD 207643A - Luminaires Paul Gr\u00e9goire","isPartOf":{"@id":"https:\/\/luminairesgregoire.com\/en\/#website"},"primaryImageOfPage":{"@id":"https:\/\/luminairesgregoire.com\/en\/product\/suspendu-simple-noir-mansfield-207643a\/#primaryimage"},"image":{"@id":"https:\/\/luminairesgregoire.com\/en\/product\/suspendu-simple-noir-mansfield-207643a\/#primaryimage"},"thumbnailUrl":"https:\/\/luminairesgregoire.com\/wp-content\/uploads\/2026\/04\/Votre-texte-de-paragraphe-2026-04-18T163928.022.webp","datePublished":"2026-01-08T07:52:12+00:00","dateModified":"2026-04-18T21:56:18+00:00","description":"SUSPENDU SIMPLE NOIR- MANSFIELD 207643A - Discover our collection of designer lighting \u2014 pendants, lamps, and ceiling lights \u2014 to brighten every space with style and elegance.","breadcrumb":{"@id":"https:\/\/luminairesgregoire.com\/en\/product\/suspendu-simple-noir-mansfield-207643a\/#breadcrumb"},"inLanguage":"en-US","potentialAction":[{"@type":"ReadAction","target":["https:\/\/luminairesgregoire.com\/en\/product\/suspendu-simple-noir-mansfield-207643a\/"]}]},{"@type":"ImageObject","inLanguage":"en-US","@id":"https:\/\/luminairesgregoire.com\/en\/product\/suspendu-simple-noir-mansfield-207643a\/#primaryimage","url":"https:\/\/luminairesgregoire.com\/wp-content\/uploads\/2026\/04\/Votre-texte-de-paragraphe-2026-04-18T163928.022.webp","contentUrl":"https:\/\/luminairesgregoire.com\/wp-content\/uploads\/2026\/04\/Votre-texte-de-paragraphe-2026-04-18T163928.022.webp","width":850,"height":850,"caption":"SUSPENDU SIMPLE NOIR- MANSFIELD 207643A"},{"@type":"BreadcrumbList","@id":"https:\/\/luminairesgregoire.com\/en\/product\/suspendu-simple-noir-mansfield-207643a\/#breadcrumb","itemListElement":[{"@type":"ListItem","position":1,"name":"Home","item":"https:\/\/luminairesgregoire.com\/en\/"},{"@type":"ListItem","position":2,"name":"Store","item":"https:\/\/luminairesgregoire.com\/en\/products\/"},{"@type":"ListItem","position":3,"name":"SUSPENDU SIMPLE NOIR- MANSFIELD 207643A"}]},{"@type":"WebSite","@id":"https:\/\/luminairesgregoire.com\/en\/#website","url":"https:\/\/luminairesgregoire.com\/en\/","name":"Luminaires Paul Gr\u00e9goire","description":"","publisher":{"@id":"https:\/\/luminairesgregoire.com\/en\/#organization"},"potentialAction":[{"@type":"SearchAction","target":{"@type":"EntryPoint","urlTemplate":"https:\/\/luminairesgregoire.com\/en\/?s={search_term_string}"},"query-input":{"@type":"PropertyValueSpecification","valueRequired":true,"valueName":"search_term_string"}}],"inLanguage":"en-US"},{"@type":"Organization","@id":"https:\/\/luminairesgregoire.com\/en\/#organization","name":"Luminaires Paul Gr\u00e9goire","url":"https:\/\/luminairesgregoire.com\/en\/","logo":{"@type":"ImageObject","inLanguage":"en-US","@id":"https:\/\/luminairesgregoire.com\/en\/#\/schema\/logo\/image\/","url":"https:\/\/luminairesgregoire.com\/wp-content\/uploads\/2021\/05\/logo_CMYK-1-1.png","contentUrl":"https:\/\/luminairesgregoire.com\/wp-content\/uploads\/2021\/05\/logo_CMYK-1-1.png","width":350,"height":164,"caption":"Luminaires Paul Gr\u00e9goire"},"image":{"@id":"https:\/\/luminairesgregoire.com\/en\/#\/schema\/logo\/image\/"}}]}},"_links":{"self":[{"href":"https:\/\/luminairesgregoire.com\/en\/wp-json\/wp\/v2\/product\/31813","targetHints":{"allow":["GET"]}}],"collection":[{"href":"https:\/\/luminairesgregoire.com\/en\/wp-json\/wp\/v2\/product"}],"about":[{"href":"https:\/\/luminairesgregoire.com\/en\/wp-json\/wp\/v2\/types\/product"}],"wp:featuredmedia":[{"embeddable":true,"href":"https:\/\/luminairesgregoire.com\/en\/wp-json\/wp\/v2\/media\/38434"}],"wp:attachment":[{"href":"https:\/\/luminairesgregoire.com\/en\/wp-json\/wp\/v2\/media?parent=31813"}],"wp:term":[{"taxonomy":"product_brand","embeddable":true,"href":"https:\/\/luminairesgregoire.com\/en\/wp-json\/wp\/v2\/product_brand?post=31813"},{"taxonomy":"product_cat","embeddable":true,"href":"https:\/\/luminairesgregoire.com\/en\/wp-json\/wp\/v2\/product_cat?post=31813"},{"taxonomy":"product_tag","embeddable":true,"href":"https:\/\/luminairesgregoire.com\/en\/wp-json\/wp\/v2\/product_tag?post=31813"}],"curies":[{"name":"wp","href":"https:\/\/api.w.org\/{rel}","templated":true}]}}