{"id":32353,"date":"2026-01-08T03:10:44","date_gmt":"2026-01-08T08:10:44","guid":{"rendered":"https:\/\/luminairesgregoire.com\/?post_type=product&#038;p=32353"},"modified":"2026-04-11T04:17:07","modified_gmt":"2026-04-11T08:17:07","slug":"lampe-de-table-batterie-del-noir-cognoli-97914a","status":"publish","type":"product","link":"https:\/\/luminairesgregoire.com\/en\/product\/lampe-de-table-batterie-del-noir-cognoli-97914a\/","title":{"rendered":"LAMPE DE TABLE BATTERIE DEL NOIR- COGNOLI 97914A"},"content":{"rendered":"<p data-start=\"86\" data-end=\"460\">La lampe de bureau DEL <strong data-start=\"109\" data-end=\"120\">Cognoli<\/strong> est compacte, mais puissante. Son corps pr\u00e9sente une finition noire avec un \u00e9l\u00e9gant effet cuir, rehauss\u00e9 de d\u00e9tails chrom\u00e9s sophistiqu\u00e9s. Cette lampe est gradable gr\u00e2ce \u00e0 un interrupteur tactile int\u00e9gr\u00e9 \u00e0 3 niveaux, tandis que son col flexible de type \u00ab gooseneck \u00bb permet d\u2019orienter la lumi\u00e8re avec pr\u00e9cision vers votre espace de travail.<\/p>\n<p data-start=\"462\" data-end=\"791\">Dot\u00e9e d\u2019un \u00e9cran ACL pratique affichant l\u2019heure, la temp\u00e9rature et la date, cette lampe se distingue \u00e9galement par sa fonction r\u00e9veil avec plusieurs choix de sonneries. Avec son design moderne et ses d\u00e9tails styl\u00e9s, elle constitue un indispensable \u00e0 la fois pratique et d\u00e9coratif pour un bureau \u00e0 domicile ou une table de chevet.<\/p>\n","protected":false},"excerpt":{"rendered":"<p>La lampe de bureau DEL Cognoli est compacte, mais puissante. Son corps pr\u00e9sente une finition noire avec un \u00e9l\u00e9gant effet cuir, rehauss\u00e9 de d\u00e9tails chrom\u00e9s sophistiqu\u00e9s. Cette lampe est gradable gr\u00e2ce \u00e0 un interrupteur tactile int\u00e9gr\u00e9 \u00e0 3 niveaux, tandis que son col flexible de type \u00ab gooseneck \u00bb permet d\u2019orienter la lumi\u00e8re avec pr\u00e9cision [&hellip;]<\/p>\n","protected":false},"featured_media":35068,"template":"","meta":{"_acf_changed":false},"product_brand":[6010],"product_cat":[5852,5834,5832],"product_tag":[],"class_list":{"0":"post-32353","1":"product","2":"type-product","3":"status-publish","4":"has-post-thumbnail","6":"product_brand-eglo","7":"product_cat-idee-cadeau","8":"product_cat-lampes-de-tables","9":"product_cat-lampes-portatives","10":"pa_finis-noir","11":"pa_hauteur-19-25","12":"pa_information-divers-lampe-a-commande-tactile-fonction-gradation-tactile-3-niveaux-integree-10-40-100-reveille-matin-et-horloge","14":"first","15":"instock","16":"taxable","17":"shipping-taxable","18":"purchasable","19":"product-type-simple"},"acf":[],"yoast_head":"<!-- This site is optimized with the Yoast SEO plugin v26.9 - https:\/\/yoast.com\/product\/yoast-seo-wordpress\/ -->\n<title>LAMPE DE TABLE BATTERIE DEL NOIR- COGNOLI 97914A - Luminaires Paul Gr\u00e9goire<\/title>\n<meta name=\"description\" content=\"LAMPE DE TABLE BATTERIE DEL NOIR- COGNOLI 97914A - Discover our collection of designer lighting \u2014 pendants, lamps, and ceiling lights \u2014 to brighten every space with style and elegance.\" \/>\n<meta name=\"robots\" content=\"index, follow, max-snippet:-1, max-image-preview:large, max-video-preview:-1\" \/>\n<link rel=\"canonical\" href=\"https:\/\/luminairesgregoire.com\/en\/product\/lampe-de-table-batterie-del-noir-cognoli-97914a\/\" \/>\n<meta property=\"og:locale\" content=\"en_US\" \/>\n<meta property=\"og:type\" content=\"article\" \/>\n<meta property=\"og:title\" content=\"LAMPE DE TABLE BATTERIE DEL NOIR- COGNOLI 97914A - Luminaires Paul Gr\u00e9goire\" \/>\n<meta property=\"og:description\" content=\"LAMPE DE TABLE BATTERIE DEL NOIR- COGNOLI 97914A - Discover our collection of designer lighting \u2014 pendants, lamps, and ceiling lights \u2014 to brighten every space with style and elegance.\" \/>\n<meta property=\"og:url\" content=\"https:\/\/luminairesgregoire.com\/en\/product\/lampe-de-table-batterie-del-noir-cognoli-97914a\/\" \/>\n<meta property=\"og:site_name\" content=\"Luminaires Paul Gr\u00e9goire\" \/>\n<meta property=\"article:modified_time\" content=\"2026-04-11T08:17:07+00:00\" \/>\n<meta property=\"og:image\" content=\"https:\/\/luminairesgregoire.com\/wp-content\/uploads\/2026\/02\/Votre-texte-de-paragraphe-2026-02-18T125206.972.webp\" \/>\n\t<meta property=\"og:image:width\" content=\"850\" \/>\n\t<meta property=\"og:image:height\" content=\"850\" \/>\n\t<meta property=\"og:image:type\" content=\"image\/jpeg\" \/>\n<meta name=\"twitter:card\" content=\"summary_large_image\" \/>\n<meta name=\"twitter:label1\" content=\"Est. reading time\" \/>\n\t<meta name=\"twitter:data1\" content=\"1 minute\" \/>\n<script type=\"application\/ld+json\" class=\"yoast-schema-graph\">{\"@context\":\"https:\/\/schema.org\",\"@graph\":[{\"@type\":\"WebPage\",\"@id\":\"https:\/\/luminairesgregoire.com\/en\/product\/lampe-de-table-batterie-del-noir-cognoli-97914a\/\",\"url\":\"https:\/\/luminairesgregoire.com\/en\/product\/lampe-de-table-batterie-del-noir-cognoli-97914a\/\",\"name\":\"LAMPE DE TABLE BATTERIE DEL NOIR- COGNOLI 97914A - Luminaires Paul Gr\u00e9goire\",\"isPartOf\":{\"@id\":\"https:\/\/luminairesgregoire.com\/en\/#website\"},\"primaryImageOfPage\":{\"@id\":\"https:\/\/luminairesgregoire.com\/en\/product\/lampe-de-table-batterie-del-noir-cognoli-97914a\/#primaryimage\"},\"image\":{\"@id\":\"https:\/\/luminairesgregoire.com\/en\/product\/lampe-de-table-batterie-del-noir-cognoli-97914a\/#primaryimage\"},\"thumbnailUrl\":\"https:\/\/luminairesgregoire.com\/wp-content\/uploads\/2026\/02\/Votre-texte-de-paragraphe-2026-02-18T125206.972.webp\",\"datePublished\":\"2026-01-08T08:10:44+00:00\",\"dateModified\":\"2026-04-11T08:17:07+00:00\",\"description\":\"LAMPE DE TABLE BATTERIE DEL NOIR- COGNOLI 97914A - Discover our collection of designer lighting \u2014 pendants, lamps, and ceiling lights \u2014 to brighten every space with style and elegance.\",\"breadcrumb\":{\"@id\":\"https:\/\/luminairesgregoire.com\/en\/product\/lampe-de-table-batterie-del-noir-cognoli-97914a\/#breadcrumb\"},\"inLanguage\":\"en-US\",\"potentialAction\":[{\"@type\":\"ReadAction\",\"target\":[\"https:\/\/luminairesgregoire.com\/en\/product\/lampe-de-table-batterie-del-noir-cognoli-97914a\/\"]}]},{\"@type\":\"ImageObject\",\"inLanguage\":\"en-US\",\"@id\":\"https:\/\/luminairesgregoire.com\/en\/product\/lampe-de-table-batterie-del-noir-cognoli-97914a\/#primaryimage\",\"url\":\"https:\/\/luminairesgregoire.com\/wp-content\/uploads\/2026\/02\/Votre-texte-de-paragraphe-2026-02-18T125206.972.webp\",\"contentUrl\":\"https:\/\/luminairesgregoire.com\/wp-content\/uploads\/2026\/02\/Votre-texte-de-paragraphe-2026-02-18T125206.972.webp\",\"width\":850,\"height\":850,\"caption\":\"LAMPE DE TABLE BATTERIE DEL NOIR- COGNOLI 97914A\"},{\"@type\":\"BreadcrumbList\",\"@id\":\"https:\/\/luminairesgregoire.com\/en\/product\/lampe-de-table-batterie-del-noir-cognoli-97914a\/#breadcrumb\",\"itemListElement\":[{\"@type\":\"ListItem\",\"position\":1,\"name\":\"Home\",\"item\":\"https:\/\/luminairesgregoire.com\/en\/\"},{\"@type\":\"ListItem\",\"position\":2,\"name\":\"Store\",\"item\":\"https:\/\/luminairesgregoire.com\/en\/products\/\"},{\"@type\":\"ListItem\",\"position\":3,\"name\":\"LAMPE DE TABLE BATTERIE DEL NOIR- COGNOLI 97914A\"}]},{\"@type\":\"WebSite\",\"@id\":\"https:\/\/luminairesgregoire.com\/en\/#website\",\"url\":\"https:\/\/luminairesgregoire.com\/en\/\",\"name\":\"Luminaires Paul Gr\u00e9goire\",\"description\":\"\",\"publisher\":{\"@id\":\"https:\/\/luminairesgregoire.com\/en\/#organization\"},\"potentialAction\":[{\"@type\":\"SearchAction\",\"target\":{\"@type\":\"EntryPoint\",\"urlTemplate\":\"https:\/\/luminairesgregoire.com\/en\/?s={search_term_string}\"},\"query-input\":{\"@type\":\"PropertyValueSpecification\",\"valueRequired\":true,\"valueName\":\"search_term_string\"}}],\"inLanguage\":\"en-US\"},{\"@type\":\"Organization\",\"@id\":\"https:\/\/luminairesgregoire.com\/en\/#organization\",\"name\":\"Luminaires Paul Gr\u00e9goire\",\"url\":\"https:\/\/luminairesgregoire.com\/en\/\",\"logo\":{\"@type\":\"ImageObject\",\"inLanguage\":\"en-US\",\"@id\":\"https:\/\/luminairesgregoire.com\/en\/#\/schema\/logo\/image\/\",\"url\":\"https:\/\/luminairesgregoire.com\/wp-content\/uploads\/2021\/05\/logo_CMYK-1-1.png\",\"contentUrl\":\"https:\/\/luminairesgregoire.com\/wp-content\/uploads\/2021\/05\/logo_CMYK-1-1.png\",\"width\":350,\"height\":164,\"caption\":\"Luminaires Paul Gr\u00e9goire\"},\"image\":{\"@id\":\"https:\/\/luminairesgregoire.com\/en\/#\/schema\/logo\/image\/\"}}]}<\/script>\n<!-- \/ Yoast SEO plugin. -->","yoast_head_json":{"title":"LAMPE DE TABLE BATTERIE DEL NOIR- COGNOLI 97914A - Luminaires Paul Gr\u00e9goire","description":"LAMPE DE TABLE BATTERIE DEL NOIR- COGNOLI 97914A - Discover our collection of designer lighting \u2014 pendants, lamps, and ceiling lights \u2014 to brighten every space with style and elegance.","robots":{"index":"index","follow":"follow","max-snippet":"max-snippet:-1","max-image-preview":"max-image-preview:large","max-video-preview":"max-video-preview:-1"},"canonical":"https:\/\/luminairesgregoire.com\/en\/product\/lampe-de-table-batterie-del-noir-cognoli-97914a\/","og_locale":"en_US","og_type":"article","og_title":"LAMPE DE TABLE BATTERIE DEL NOIR- COGNOLI 97914A - Luminaires Paul Gr\u00e9goire","og_description":"LAMPE DE TABLE BATTERIE DEL NOIR- COGNOLI 97914A - Discover our collection of designer lighting \u2014 pendants, lamps, and ceiling lights \u2014 to brighten every space with style and elegance.","og_url":"https:\/\/luminairesgregoire.com\/en\/product\/lampe-de-table-batterie-del-noir-cognoli-97914a\/","og_site_name":"Luminaires Paul Gr\u00e9goire","article_modified_time":"2026-04-11T08:17:07+00:00","og_image":[{"width":850,"height":850,"url":"https:\/\/luminairesgregoire.com\/wp-content\/uploads\/2026\/02\/Votre-texte-de-paragraphe-2026-02-18T125206.972.webp","type":"image\/jpeg"}],"twitter_card":"summary_large_image","twitter_misc":{"Est. reading time":"1 minute"},"schema":{"@context":"https:\/\/schema.org","@graph":[{"@type":"WebPage","@id":"https:\/\/luminairesgregoire.com\/en\/product\/lampe-de-table-batterie-del-noir-cognoli-97914a\/","url":"https:\/\/luminairesgregoire.com\/en\/product\/lampe-de-table-batterie-del-noir-cognoli-97914a\/","name":"LAMPE DE TABLE BATTERIE DEL NOIR- COGNOLI 97914A - Luminaires Paul Gr\u00e9goire","isPartOf":{"@id":"https:\/\/luminairesgregoire.com\/en\/#website"},"primaryImageOfPage":{"@id":"https:\/\/luminairesgregoire.com\/en\/product\/lampe-de-table-batterie-del-noir-cognoli-97914a\/#primaryimage"},"image":{"@id":"https:\/\/luminairesgregoire.com\/en\/product\/lampe-de-table-batterie-del-noir-cognoli-97914a\/#primaryimage"},"thumbnailUrl":"https:\/\/luminairesgregoire.com\/wp-content\/uploads\/2026\/02\/Votre-texte-de-paragraphe-2026-02-18T125206.972.webp","datePublished":"2026-01-08T08:10:44+00:00","dateModified":"2026-04-11T08:17:07+00:00","description":"LAMPE DE TABLE BATTERIE DEL NOIR- COGNOLI 97914A - Discover our collection of designer lighting \u2014 pendants, lamps, and ceiling lights \u2014 to brighten every space with style and elegance.","breadcrumb":{"@id":"https:\/\/luminairesgregoire.com\/en\/product\/lampe-de-table-batterie-del-noir-cognoli-97914a\/#breadcrumb"},"inLanguage":"en-US","potentialAction":[{"@type":"ReadAction","target":["https:\/\/luminairesgregoire.com\/en\/product\/lampe-de-table-batterie-del-noir-cognoli-97914a\/"]}]},{"@type":"ImageObject","inLanguage":"en-US","@id":"https:\/\/luminairesgregoire.com\/en\/product\/lampe-de-table-batterie-del-noir-cognoli-97914a\/#primaryimage","url":"https:\/\/luminairesgregoire.com\/wp-content\/uploads\/2026\/02\/Votre-texte-de-paragraphe-2026-02-18T125206.972.webp","contentUrl":"https:\/\/luminairesgregoire.com\/wp-content\/uploads\/2026\/02\/Votre-texte-de-paragraphe-2026-02-18T125206.972.webp","width":850,"height":850,"caption":"LAMPE DE TABLE BATTERIE DEL NOIR- COGNOLI 97914A"},{"@type":"BreadcrumbList","@id":"https:\/\/luminairesgregoire.com\/en\/product\/lampe-de-table-batterie-del-noir-cognoli-97914a\/#breadcrumb","itemListElement":[{"@type":"ListItem","position":1,"name":"Home","item":"https:\/\/luminairesgregoire.com\/en\/"},{"@type":"ListItem","position":2,"name":"Store","item":"https:\/\/luminairesgregoire.com\/en\/products\/"},{"@type":"ListItem","position":3,"name":"LAMPE DE TABLE BATTERIE DEL NOIR- COGNOLI 97914A"}]},{"@type":"WebSite","@id":"https:\/\/luminairesgregoire.com\/en\/#website","url":"https:\/\/luminairesgregoire.com\/en\/","name":"Luminaires Paul Gr\u00e9goire","description":"","publisher":{"@id":"https:\/\/luminairesgregoire.com\/en\/#organization"},"potentialAction":[{"@type":"SearchAction","target":{"@type":"EntryPoint","urlTemplate":"https:\/\/luminairesgregoire.com\/en\/?s={search_term_string}"},"query-input":{"@type":"PropertyValueSpecification","valueRequired":true,"valueName":"search_term_string"}}],"inLanguage":"en-US"},{"@type":"Organization","@id":"https:\/\/luminairesgregoire.com\/en\/#organization","name":"Luminaires Paul Gr\u00e9goire","url":"https:\/\/luminairesgregoire.com\/en\/","logo":{"@type":"ImageObject","inLanguage":"en-US","@id":"https:\/\/luminairesgregoire.com\/en\/#\/schema\/logo\/image\/","url":"https:\/\/luminairesgregoire.com\/wp-content\/uploads\/2021\/05\/logo_CMYK-1-1.png","contentUrl":"https:\/\/luminairesgregoire.com\/wp-content\/uploads\/2021\/05\/logo_CMYK-1-1.png","width":350,"height":164,"caption":"Luminaires Paul Gr\u00e9goire"},"image":{"@id":"https:\/\/luminairesgregoire.com\/en\/#\/schema\/logo\/image\/"}}]}},"_links":{"self":[{"href":"https:\/\/luminairesgregoire.com\/en\/wp-json\/wp\/v2\/product\/32353","targetHints":{"allow":["GET"]}}],"collection":[{"href":"https:\/\/luminairesgregoire.com\/en\/wp-json\/wp\/v2\/product"}],"about":[{"href":"https:\/\/luminairesgregoire.com\/en\/wp-json\/wp\/v2\/types\/product"}],"wp:featuredmedia":[{"embeddable":true,"href":"https:\/\/luminairesgregoire.com\/en\/wp-json\/wp\/v2\/media\/35068"}],"wp:attachment":[{"href":"https:\/\/luminairesgregoire.com\/en\/wp-json\/wp\/v2\/media?parent=32353"}],"wp:term":[{"taxonomy":"product_brand","embeddable":true,"href":"https:\/\/luminairesgregoire.com\/en\/wp-json\/wp\/v2\/product_brand?post=32353"},{"taxonomy":"product_cat","embeddable":true,"href":"https:\/\/luminairesgregoire.com\/en\/wp-json\/wp\/v2\/product_cat?post=32353"},{"taxonomy":"product_tag","embeddable":true,"href":"https:\/\/luminairesgregoire.com\/en\/wp-json\/wp\/v2\/product_tag?post=32353"}],"curies":[{"name":"wp","href":"https:\/\/api.w.org\/{rel}","templated":true}]}}