{"id":32401,"date":"2026-01-08T03:12:10","date_gmt":"2026-01-08T08:12:10","guid":{"rendered":"https:\/\/luminairesgregoire.com\/?post_type=product&#038;p=32401"},"modified":"2026-04-03T16:03:38","modified_gmt":"2026-04-03T20:03:38","slug":"lampe-de-table-del-noir-et-bois-boyal-99457a","status":"publish","type":"product","link":"https:\/\/luminairesgregoire.com\/en\/product\/lampe-de-table-del-noir-et-bois-boyal-99457a\/","title":{"rendered":"LAMPE DE TABLE DEL NOIR ET BOIS- BOYAL 99457A"},"content":{"rendered":"<p>Apportez une touche <strong data-start=\"275\" data-end=\"303\">industrielle chaleureuse<\/strong> \u00e0 votre d\u00e9cor avec la lampe de table <strong data-start=\"341\" data-end=\"350\">BOYAL<\/strong>. Son m\u00e9lange de <strong data-start=\"367\" data-end=\"381\">m\u00e9tal noir<\/strong> et de <strong data-start=\"388\" data-end=\"410\">bois brun rustique<\/strong>, combin\u00e9 \u00e0 un diffuseur <strong data-start=\"435\" data-end=\"444\">blanc<\/strong>, cr\u00e9e un \u00e9clairage doux et moderne, parfait sur une table d\u2019appoint, une console ou un bureau.<\/p>\n","protected":false},"excerpt":{"rendered":"<p>Apportez une touche industrielle chaleureuse \u00e0 votre d\u00e9cor avec la lampe de table BOYAL. Son m\u00e9lange de m\u00e9tal noir et de bois brun rustique, combin\u00e9 \u00e0 un diffuseur blanc, cr\u00e9e un \u00e9clairage doux et moderne, parfait sur une table d\u2019appoint, une console ou un bureau.<\/p>\n","protected":false},"featured_media":32889,"template":"","meta":{"_acf_changed":false},"product_brand":[6010],"product_cat":[5834,5832,6011],"product_tag":[],"class_list":{"0":"post-32401","1":"product","2":"type-product","3":"status-publish","4":"has-post-thumbnail","6":"product_brand-eglo","7":"product_cat-lampes-de-tables","8":"product_cat-lampes-portatives","9":"product_cat-soldes","10":"pa_finis-bois","11":"pa_finis-noir","12":"pa_hauteur-16-75","13":"pa_largeur-11-75","15":"first","16":"instock","17":"sale","18":"taxable","19":"shipping-taxable","20":"purchasable","21":"product-type-simple"},"acf":[],"yoast_head":"<!-- This site is optimized with the Yoast SEO plugin v26.9 - https:\/\/yoast.com\/product\/yoast-seo-wordpress\/ -->\n<title>LAMPE DE TABLE DEL NOIR ET BOIS- BOYAL 99457A - Luminaires Paul Gr\u00e9goire<\/title>\n<meta name=\"description\" content=\"LAMPE DE TABLE DEL NOIR ET BOIS- BOYAL 99457A - Discover our collection of designer lighting \u2014 pendants, lamps, and ceiling lights \u2014 to brighten every space with style and elegance.\" \/>\n<meta name=\"robots\" content=\"index, follow, max-snippet:-1, max-image-preview:large, max-video-preview:-1\" \/>\n<link rel=\"canonical\" href=\"https:\/\/luminairesgregoire.com\/en\/product\/lampe-de-table-del-noir-et-bois-boyal-99457a\/\" \/>\n<meta property=\"og:locale\" content=\"en_US\" \/>\n<meta property=\"og:type\" content=\"article\" \/>\n<meta property=\"og:title\" content=\"LAMPE DE TABLE DEL NOIR ET BOIS- BOYAL 99457A - Luminaires Paul Gr\u00e9goire\" \/>\n<meta property=\"og:description\" content=\"LAMPE DE TABLE DEL NOIR ET BOIS- BOYAL 99457A - Discover our collection of designer lighting \u2014 pendants, lamps, and ceiling lights \u2014 to brighten every space with style and elegance.\" \/>\n<meta property=\"og:url\" content=\"https:\/\/luminairesgregoire.com\/en\/product\/lampe-de-table-del-noir-et-bois-boyal-99457a\/\" \/>\n<meta property=\"og:site_name\" content=\"Luminaires Paul Gr\u00e9goire\" \/>\n<meta property=\"article:modified_time\" content=\"2026-04-03T20:03:38+00:00\" \/>\n<meta property=\"og:image\" content=\"https:\/\/luminairesgregoire.com\/wp-content\/uploads\/2026\/01\/Votre-texte-de-paragraphe-28.webp\" \/>\n\t<meta property=\"og:image:width\" content=\"850\" \/>\n\t<meta property=\"og:image:height\" content=\"850\" \/>\n\t<meta property=\"og:image:type\" content=\"image\/jpeg\" \/>\n<meta name=\"twitter:card\" content=\"summary_large_image\" \/>\n<meta name=\"twitter:label1\" content=\"Est. reading time\" \/>\n\t<meta name=\"twitter:data1\" content=\"1 minute\" \/>\n<script type=\"application\/ld+json\" class=\"yoast-schema-graph\">{\"@context\":\"https:\/\/schema.org\",\"@graph\":[{\"@type\":\"WebPage\",\"@id\":\"https:\/\/luminairesgregoire.com\/en\/product\/lampe-de-table-del-noir-et-bois-boyal-99457a\/\",\"url\":\"https:\/\/luminairesgregoire.com\/en\/product\/lampe-de-table-del-noir-et-bois-boyal-99457a\/\",\"name\":\"LAMPE DE TABLE DEL NOIR ET BOIS- BOYAL 99457A - Luminaires Paul Gr\u00e9goire\",\"isPartOf\":{\"@id\":\"https:\/\/luminairesgregoire.com\/en\/#website\"},\"primaryImageOfPage\":{\"@id\":\"https:\/\/luminairesgregoire.com\/en\/product\/lampe-de-table-del-noir-et-bois-boyal-99457a\/#primaryimage\"},\"image\":{\"@id\":\"https:\/\/luminairesgregoire.com\/en\/product\/lampe-de-table-del-noir-et-bois-boyal-99457a\/#primaryimage\"},\"thumbnailUrl\":\"https:\/\/luminairesgregoire.com\/wp-content\/uploads\/2026\/01\/Votre-texte-de-paragraphe-28.webp\",\"datePublished\":\"2026-01-08T08:12:10+00:00\",\"dateModified\":\"2026-04-03T20:03:38+00:00\",\"description\":\"LAMPE DE TABLE DEL NOIR ET BOIS- BOYAL 99457A - Discover our collection of designer lighting \u2014 pendants, lamps, and ceiling lights \u2014 to brighten every space with style and elegance.\",\"breadcrumb\":{\"@id\":\"https:\/\/luminairesgregoire.com\/en\/product\/lampe-de-table-del-noir-et-bois-boyal-99457a\/#breadcrumb\"},\"inLanguage\":\"en-US\",\"potentialAction\":[{\"@type\":\"ReadAction\",\"target\":[\"https:\/\/luminairesgregoire.com\/en\/product\/lampe-de-table-del-noir-et-bois-boyal-99457a\/\"]}]},{\"@type\":\"ImageObject\",\"inLanguage\":\"en-US\",\"@id\":\"https:\/\/luminairesgregoire.com\/en\/product\/lampe-de-table-del-noir-et-bois-boyal-99457a\/#primaryimage\",\"url\":\"https:\/\/luminairesgregoire.com\/wp-content\/uploads\/2026\/01\/Votre-texte-de-paragraphe-28.webp\",\"contentUrl\":\"https:\/\/luminairesgregoire.com\/wp-content\/uploads\/2026\/01\/Votre-texte-de-paragraphe-28.webp\",\"width\":850,\"height\":850,\"caption\":\"LAMPE DE TABLE DEL NOIR ET BOIS- BOYAL 99457A\"},{\"@type\":\"BreadcrumbList\",\"@id\":\"https:\/\/luminairesgregoire.com\/en\/product\/lampe-de-table-del-noir-et-bois-boyal-99457a\/#breadcrumb\",\"itemListElement\":[{\"@type\":\"ListItem\",\"position\":1,\"name\":\"Home\",\"item\":\"https:\/\/luminairesgregoire.com\/en\/\"},{\"@type\":\"ListItem\",\"position\":2,\"name\":\"Store\",\"item\":\"https:\/\/luminairesgregoire.com\/en\/products\/\"},{\"@type\":\"ListItem\",\"position\":3,\"name\":\"LAMPE DE TABLE DEL NOIR ET BOIS- BOYAL 99457A\"}]},{\"@type\":\"WebSite\",\"@id\":\"https:\/\/luminairesgregoire.com\/en\/#website\",\"url\":\"https:\/\/luminairesgregoire.com\/en\/\",\"name\":\"Luminaires Paul Gr\u00e9goire\",\"description\":\"\",\"publisher\":{\"@id\":\"https:\/\/luminairesgregoire.com\/en\/#organization\"},\"potentialAction\":[{\"@type\":\"SearchAction\",\"target\":{\"@type\":\"EntryPoint\",\"urlTemplate\":\"https:\/\/luminairesgregoire.com\/en\/?s={search_term_string}\"},\"query-input\":{\"@type\":\"PropertyValueSpecification\",\"valueRequired\":true,\"valueName\":\"search_term_string\"}}],\"inLanguage\":\"en-US\"},{\"@type\":\"Organization\",\"@id\":\"https:\/\/luminairesgregoire.com\/en\/#organization\",\"name\":\"Luminaires Paul Gr\u00e9goire\",\"url\":\"https:\/\/luminairesgregoire.com\/en\/\",\"logo\":{\"@type\":\"ImageObject\",\"inLanguage\":\"en-US\",\"@id\":\"https:\/\/luminairesgregoire.com\/en\/#\/schema\/logo\/image\/\",\"url\":\"https:\/\/luminairesgregoire.com\/wp-content\/uploads\/2021\/05\/logo_CMYK-1-1.png\",\"contentUrl\":\"https:\/\/luminairesgregoire.com\/wp-content\/uploads\/2021\/05\/logo_CMYK-1-1.png\",\"width\":350,\"height\":164,\"caption\":\"Luminaires Paul Gr\u00e9goire\"},\"image\":{\"@id\":\"https:\/\/luminairesgregoire.com\/en\/#\/schema\/logo\/image\/\"}}]}<\/script>\n<!-- \/ Yoast SEO plugin. -->","yoast_head_json":{"title":"LAMPE DE TABLE DEL NOIR ET BOIS- BOYAL 99457A - Luminaires Paul Gr\u00e9goire","description":"LAMPE DE TABLE DEL NOIR ET BOIS- BOYAL 99457A - Discover our collection of designer lighting \u2014 pendants, lamps, and ceiling lights \u2014 to brighten every space with style and elegance.","robots":{"index":"index","follow":"follow","max-snippet":"max-snippet:-1","max-image-preview":"max-image-preview:large","max-video-preview":"max-video-preview:-1"},"canonical":"https:\/\/luminairesgregoire.com\/en\/product\/lampe-de-table-del-noir-et-bois-boyal-99457a\/","og_locale":"en_US","og_type":"article","og_title":"LAMPE DE TABLE DEL NOIR ET BOIS- BOYAL 99457A - Luminaires Paul Gr\u00e9goire","og_description":"LAMPE DE TABLE DEL NOIR ET BOIS- BOYAL 99457A - Discover our collection of designer lighting \u2014 pendants, lamps, and ceiling lights \u2014 to brighten every space with style and elegance.","og_url":"https:\/\/luminairesgregoire.com\/en\/product\/lampe-de-table-del-noir-et-bois-boyal-99457a\/","og_site_name":"Luminaires Paul Gr\u00e9goire","article_modified_time":"2026-04-03T20:03:38+00:00","og_image":[{"width":850,"height":850,"url":"https:\/\/luminairesgregoire.com\/wp-content\/uploads\/2026\/01\/Votre-texte-de-paragraphe-28.webp","type":"image\/jpeg"}],"twitter_card":"summary_large_image","twitter_misc":{"Est. reading time":"1 minute"},"schema":{"@context":"https:\/\/schema.org","@graph":[{"@type":"WebPage","@id":"https:\/\/luminairesgregoire.com\/en\/product\/lampe-de-table-del-noir-et-bois-boyal-99457a\/","url":"https:\/\/luminairesgregoire.com\/en\/product\/lampe-de-table-del-noir-et-bois-boyal-99457a\/","name":"LAMPE DE TABLE DEL NOIR ET BOIS- BOYAL 99457A - Luminaires Paul Gr\u00e9goire","isPartOf":{"@id":"https:\/\/luminairesgregoire.com\/en\/#website"},"primaryImageOfPage":{"@id":"https:\/\/luminairesgregoire.com\/en\/product\/lampe-de-table-del-noir-et-bois-boyal-99457a\/#primaryimage"},"image":{"@id":"https:\/\/luminairesgregoire.com\/en\/product\/lampe-de-table-del-noir-et-bois-boyal-99457a\/#primaryimage"},"thumbnailUrl":"https:\/\/luminairesgregoire.com\/wp-content\/uploads\/2026\/01\/Votre-texte-de-paragraphe-28.webp","datePublished":"2026-01-08T08:12:10+00:00","dateModified":"2026-04-03T20:03:38+00:00","description":"LAMPE DE TABLE DEL NOIR ET BOIS- BOYAL 99457A - Discover our collection of designer lighting \u2014 pendants, lamps, and ceiling lights \u2014 to brighten every space with style and elegance.","breadcrumb":{"@id":"https:\/\/luminairesgregoire.com\/en\/product\/lampe-de-table-del-noir-et-bois-boyal-99457a\/#breadcrumb"},"inLanguage":"en-US","potentialAction":[{"@type":"ReadAction","target":["https:\/\/luminairesgregoire.com\/en\/product\/lampe-de-table-del-noir-et-bois-boyal-99457a\/"]}]},{"@type":"ImageObject","inLanguage":"en-US","@id":"https:\/\/luminairesgregoire.com\/en\/product\/lampe-de-table-del-noir-et-bois-boyal-99457a\/#primaryimage","url":"https:\/\/luminairesgregoire.com\/wp-content\/uploads\/2026\/01\/Votre-texte-de-paragraphe-28.webp","contentUrl":"https:\/\/luminairesgregoire.com\/wp-content\/uploads\/2026\/01\/Votre-texte-de-paragraphe-28.webp","width":850,"height":850,"caption":"LAMPE DE TABLE DEL NOIR ET BOIS- BOYAL 99457A"},{"@type":"BreadcrumbList","@id":"https:\/\/luminairesgregoire.com\/en\/product\/lampe-de-table-del-noir-et-bois-boyal-99457a\/#breadcrumb","itemListElement":[{"@type":"ListItem","position":1,"name":"Home","item":"https:\/\/luminairesgregoire.com\/en\/"},{"@type":"ListItem","position":2,"name":"Store","item":"https:\/\/luminairesgregoire.com\/en\/products\/"},{"@type":"ListItem","position":3,"name":"LAMPE DE TABLE DEL NOIR ET BOIS- BOYAL 99457A"}]},{"@type":"WebSite","@id":"https:\/\/luminairesgregoire.com\/en\/#website","url":"https:\/\/luminairesgregoire.com\/en\/","name":"Luminaires Paul Gr\u00e9goire","description":"","publisher":{"@id":"https:\/\/luminairesgregoire.com\/en\/#organization"},"potentialAction":[{"@type":"SearchAction","target":{"@type":"EntryPoint","urlTemplate":"https:\/\/luminairesgregoire.com\/en\/?s={search_term_string}"},"query-input":{"@type":"PropertyValueSpecification","valueRequired":true,"valueName":"search_term_string"}}],"inLanguage":"en-US"},{"@type":"Organization","@id":"https:\/\/luminairesgregoire.com\/en\/#organization","name":"Luminaires Paul Gr\u00e9goire","url":"https:\/\/luminairesgregoire.com\/en\/","logo":{"@type":"ImageObject","inLanguage":"en-US","@id":"https:\/\/luminairesgregoire.com\/en\/#\/schema\/logo\/image\/","url":"https:\/\/luminairesgregoire.com\/wp-content\/uploads\/2021\/05\/logo_CMYK-1-1.png","contentUrl":"https:\/\/luminairesgregoire.com\/wp-content\/uploads\/2021\/05\/logo_CMYK-1-1.png","width":350,"height":164,"caption":"Luminaires Paul Gr\u00e9goire"},"image":{"@id":"https:\/\/luminairesgregoire.com\/en\/#\/schema\/logo\/image\/"}}]}},"_links":{"self":[{"href":"https:\/\/luminairesgregoire.com\/en\/wp-json\/wp\/v2\/product\/32401","targetHints":{"allow":["GET"]}}],"collection":[{"href":"https:\/\/luminairesgregoire.com\/en\/wp-json\/wp\/v2\/product"}],"about":[{"href":"https:\/\/luminairesgregoire.com\/en\/wp-json\/wp\/v2\/types\/product"}],"wp:featuredmedia":[{"embeddable":true,"href":"https:\/\/luminairesgregoire.com\/en\/wp-json\/wp\/v2\/media\/32889"}],"wp:attachment":[{"href":"https:\/\/luminairesgregoire.com\/en\/wp-json\/wp\/v2\/media?parent=32401"}],"wp:term":[{"taxonomy":"product_brand","embeddable":true,"href":"https:\/\/luminairesgregoire.com\/en\/wp-json\/wp\/v2\/product_brand?post=32401"},{"taxonomy":"product_cat","embeddable":true,"href":"https:\/\/luminairesgregoire.com\/en\/wp-json\/wp\/v2\/product_cat?post=32401"},{"taxonomy":"product_tag","embeddable":true,"href":"https:\/\/luminairesgregoire.com\/en\/wp-json\/wp\/v2\/product_tag?post=32401"}],"curies":[{"name":"wp","href":"https:\/\/api.w.org\/{rel}","templated":true}]}}