{"id":32429,"date":"2026-01-08T03:26:24","date_gmt":"2026-01-08T08:26:24","guid":{"rendered":"https:\/\/luminairesgregoire.com\/?post_type=product&#038;p=32429"},"modified":"2026-04-15T04:25:28","modified_gmt":"2026-04-15T08:25:28","slug":"murale-exterieur-cylindre-2l-noir-p5642-31","status":"publish","type":"product","link":"https:\/\/luminairesgregoire.com\/en\/product\/murale-exterieur-cylindre-2l-noir-p5642-31\/","title":{"rendered":"MURALE EXTERIEUR CYLINDRE 2L NOIR- P5642-31"},"content":{"rendered":"<p data-start=\"1158\" data-end=\"1601\">Les cylindres muraux de 6 po \u00e0 \u00e9clairage vers le haut et vers le bas sont id\u00e9aux pour une vaste gamme d\u2019applications int\u00e9rieures et ext\u00e9rieures, tant r\u00e9sidentielles que commerciales. Fabriqu\u00e9s en aluminium, ces luminaires pr\u00e9sentent un design contemporain gr\u00e2ce \u00e0 leur silhouette cylindrique \u00e9pur\u00e9e et leur \u00e9l\u00e9gant fini noir, parfaitement adapt\u00e9s aux ext\u00e9rieurs d\u2019aujourd\u2019hui. Les d\u00e9tails modernes comprennent un support mural en aluminium moul\u00e9 sous pression ainsi qu\u2019une structure robuste en aluminium, offrant un accent moderne impeccable qui ajoute prestance et sophistication \u00e0 vos espaces ext\u00e9rieurs. Ils diffusent une lumi\u00e8re uniforme vers le haut et vers le bas.<\/p>\n<p data-start=\"1603\" data-end=\"1639\">\n","protected":false},"excerpt":{"rendered":"<p>Les cylindres muraux de 6 po \u00e0 \u00e9clairage vers le haut et vers le bas sont id\u00e9aux pour une vaste gamme d\u2019applications int\u00e9rieures et ext\u00e9rieures, tant r\u00e9sidentielles que commerciales. Fabriqu\u00e9s en aluminium, ces luminaires pr\u00e9sentent un design contemporain gr\u00e2ce \u00e0 leur silhouette cylindrique \u00e9pur\u00e9e et leur \u00e9l\u00e9gant fini noir, parfaitement adapt\u00e9s aux ext\u00e9rieurs d\u2019aujourd\u2019hui. Les [&hellip;]<\/p>\n","protected":false},"featured_media":33586,"template":"","meta":{"_acf_changed":false},"product_brand":[7372],"product_cat":[5837,5849],"product_tag":[],"class_list":{"0":"post-32429","1":"product","2":"type-product","3":"status-publish","4":"has-post-thumbnail","6":"product_brand-progress-lighting","7":"product_cat-eclairages-exterieurs","8":"product_cat-murales-exterieurs","9":"pa_diametre-2672","10":"pa_extension-8-7-8","11":"pa_finis-noir","12":"pa_hauteur-373","14":"first","15":"instock","16":"taxable","17":"shipping-taxable","18":"purchasable","19":"product-type-simple"},"acf":[],"yoast_head":"<!-- This site is optimized with the Yoast SEO plugin v27.4 - https:\/\/yoast.com\/product\/yoast-seo-wordpress\/ -->\n<title>MURALE EXTERIEUR CYLINDRE 2L NOIR- P5642-31 - Luminaires Paul Gr\u00e9goire<\/title>\n<meta name=\"description\" content=\"MURALE EXTERIEUR CYLINDRE 2L NOIR- P5642-31 - Discover our collection of designer lighting \u2014 pendants, lamps, and ceiling lights \u2014 to brighten every space with style and elegance.\" \/>\n<meta name=\"robots\" content=\"index, follow, max-snippet:-1, max-image-preview:large, max-video-preview:-1\" \/>\n<link rel=\"canonical\" href=\"https:\/\/luminairesgregoire.com\/en\/product\/murale-exterieur-cylindre-2l-noir-p5642-31\/\" \/>\n<meta property=\"og:locale\" content=\"en_US\" \/>\n<meta property=\"og:type\" content=\"article\" \/>\n<meta property=\"og:title\" content=\"MURALE EXTERIEUR CYLINDRE 2L NOIR- P5642-31 - Luminaires Paul Gr\u00e9goire\" \/>\n<meta property=\"og:description\" content=\"MURALE EXTERIEUR CYLINDRE 2L NOIR- P5642-31 - Discover our collection of designer lighting \u2014 pendants, lamps, and ceiling lights \u2014 to brighten every space with style and elegance.\" \/>\n<meta property=\"og:url\" content=\"https:\/\/luminairesgregoire.com\/en\/product\/murale-exterieur-cylindre-2l-noir-p5642-31\/\" \/>\n<meta property=\"og:site_name\" content=\"Luminaires Paul Gr\u00e9goire\" \/>\n<meta property=\"article:modified_time\" content=\"2026-04-15T08:25:28+00:00\" \/>\n<meta property=\"og:image\" content=\"https:\/\/luminairesgregoire.com\/wp-content\/uploads\/2026\/01\/Votre-texte-de-paragraphe-77.webp\" \/>\n\t<meta property=\"og:image:width\" content=\"850\" \/>\n\t<meta property=\"og:image:height\" content=\"850\" \/>\n\t<meta property=\"og:image:type\" content=\"image\/jpeg\" \/>\n<meta name=\"twitter:card\" content=\"summary_large_image\" \/>\n<meta name=\"twitter:label1\" content=\"Est. reading time\" \/>\n\t<meta name=\"twitter:data1\" content=\"1 minute\" \/>\n<script type=\"application\/ld+json\" class=\"yoast-schema-graph\">{\"@context\":\"https:\\\/\\\/schema.org\",\"@graph\":[{\"@type\":\"WebPage\",\"@id\":\"https:\\\/\\\/luminairesgregoire.com\\\/en\\\/product\\\/murale-exterieur-cylindre-2l-noir-p5642-31\\\/\",\"url\":\"https:\\\/\\\/luminairesgregoire.com\\\/en\\\/product\\\/murale-exterieur-cylindre-2l-noir-p5642-31\\\/\",\"name\":\"MURALE EXTERIEUR CYLINDRE 2L NOIR- P5642-31 - Luminaires Paul Gr\u00e9goire\",\"isPartOf\":{\"@id\":\"https:\\\/\\\/luminairesgregoire.com\\\/en\\\/#website\"},\"primaryImageOfPage\":{\"@id\":\"https:\\\/\\\/luminairesgregoire.com\\\/en\\\/product\\\/murale-exterieur-cylindre-2l-noir-p5642-31\\\/#primaryimage\"},\"image\":{\"@id\":\"https:\\\/\\\/luminairesgregoire.com\\\/en\\\/product\\\/murale-exterieur-cylindre-2l-noir-p5642-31\\\/#primaryimage\"},\"thumbnailUrl\":\"https:\\\/\\\/luminairesgregoire.com\\\/wp-content\\\/uploads\\\/2026\\\/01\\\/Votre-texte-de-paragraphe-77.webp\",\"datePublished\":\"2026-01-08T08:26:24+00:00\",\"dateModified\":\"2026-04-15T08:25:28+00:00\",\"description\":\"MURALE EXTERIEUR CYLINDRE 2L NOIR- P5642-31 - Discover our collection of designer lighting \u2014 pendants, lamps, and ceiling lights \u2014 to brighten every space with style and elegance.\",\"breadcrumb\":{\"@id\":\"https:\\\/\\\/luminairesgregoire.com\\\/en\\\/product\\\/murale-exterieur-cylindre-2l-noir-p5642-31\\\/#breadcrumb\"},\"inLanguage\":\"en-US\",\"potentialAction\":[{\"@type\":\"ReadAction\",\"target\":[\"https:\\\/\\\/luminairesgregoire.com\\\/en\\\/product\\\/murale-exterieur-cylindre-2l-noir-p5642-31\\\/\"]}]},{\"@type\":\"ImageObject\",\"inLanguage\":\"en-US\",\"@id\":\"https:\\\/\\\/luminairesgregoire.com\\\/en\\\/product\\\/murale-exterieur-cylindre-2l-noir-p5642-31\\\/#primaryimage\",\"url\":\"https:\\\/\\\/luminairesgregoire.com\\\/wp-content\\\/uploads\\\/2026\\\/01\\\/Votre-texte-de-paragraphe-77.webp\",\"contentUrl\":\"https:\\\/\\\/luminairesgregoire.com\\\/wp-content\\\/uploads\\\/2026\\\/01\\\/Votre-texte-de-paragraphe-77.webp\",\"width\":850,\"height\":850,\"caption\":\"MURALE EXTERIEUR CYLINDRE 2L NOIR- P5642-31\"},{\"@type\":\"BreadcrumbList\",\"@id\":\"https:\\\/\\\/luminairesgregoire.com\\\/en\\\/product\\\/murale-exterieur-cylindre-2l-noir-p5642-31\\\/#breadcrumb\",\"itemListElement\":[{\"@type\":\"ListItem\",\"position\":1,\"name\":\"Home\",\"item\":\"https:\\\/\\\/luminairesgregoire.com\\\/en\\\/\"},{\"@type\":\"ListItem\",\"position\":2,\"name\":\"Store\",\"item\":\"https:\\\/\\\/luminairesgregoire.com\\\/en\\\/products\\\/\"},{\"@type\":\"ListItem\",\"position\":3,\"name\":\"MURALE EXTERIEUR CYLINDRE 2L NOIR- P5642-31\"}]},{\"@type\":\"WebSite\",\"@id\":\"https:\\\/\\\/luminairesgregoire.com\\\/en\\\/#website\",\"url\":\"https:\\\/\\\/luminairesgregoire.com\\\/en\\\/\",\"name\":\"Luminaires Paul Gr\u00e9goire\",\"description\":\"\",\"publisher\":{\"@id\":\"https:\\\/\\\/luminairesgregoire.com\\\/en\\\/#organization\"},\"potentialAction\":[{\"@type\":\"SearchAction\",\"target\":{\"@type\":\"EntryPoint\",\"urlTemplate\":\"https:\\\/\\\/luminairesgregoire.com\\\/en\\\/?s={search_term_string}\"},\"query-input\":{\"@type\":\"PropertyValueSpecification\",\"valueRequired\":true,\"valueName\":\"search_term_string\"}}],\"inLanguage\":\"en-US\"},{\"@type\":\"Organization\",\"@id\":\"https:\\\/\\\/luminairesgregoire.com\\\/en\\\/#organization\",\"name\":\"Luminaires Paul Gr\u00e9goire\",\"url\":\"https:\\\/\\\/luminairesgregoire.com\\\/en\\\/\",\"logo\":{\"@type\":\"ImageObject\",\"inLanguage\":\"en-US\",\"@id\":\"https:\\\/\\\/luminairesgregoire.com\\\/en\\\/#\\\/schema\\\/logo\\\/image\\\/\",\"url\":\"https:\\\/\\\/luminairesgregoire.com\\\/wp-content\\\/uploads\\\/2021\\\/05\\\/logo_CMYK-1-1.png\",\"contentUrl\":\"https:\\\/\\\/luminairesgregoire.com\\\/wp-content\\\/uploads\\\/2021\\\/05\\\/logo_CMYK-1-1.png\",\"width\":350,\"height\":164,\"caption\":\"Luminaires Paul Gr\u00e9goire\"},\"image\":{\"@id\":\"https:\\\/\\\/luminairesgregoire.com\\\/en\\\/#\\\/schema\\\/logo\\\/image\\\/\"}}]}<\/script>\n<!-- \/ Yoast SEO plugin. -->","yoast_head_json":{"title":"MURALE EXTERIEUR CYLINDRE 2L NOIR- P5642-31 - Luminaires Paul Gr\u00e9goire","description":"MURALE EXTERIEUR CYLINDRE 2L NOIR- P5642-31 - Discover our collection of designer lighting \u2014 pendants, lamps, and ceiling lights \u2014 to brighten every space with style and elegance.","robots":{"index":"index","follow":"follow","max-snippet":"max-snippet:-1","max-image-preview":"max-image-preview:large","max-video-preview":"max-video-preview:-1"},"canonical":"https:\/\/luminairesgregoire.com\/en\/product\/murale-exterieur-cylindre-2l-noir-p5642-31\/","og_locale":"en_US","og_type":"article","og_title":"MURALE EXTERIEUR CYLINDRE 2L NOIR- P5642-31 - Luminaires Paul Gr\u00e9goire","og_description":"MURALE EXTERIEUR CYLINDRE 2L NOIR- P5642-31 - Discover our collection of designer lighting \u2014 pendants, lamps, and ceiling lights \u2014 to brighten every space with style and elegance.","og_url":"https:\/\/luminairesgregoire.com\/en\/product\/murale-exterieur-cylindre-2l-noir-p5642-31\/","og_site_name":"Luminaires Paul Gr\u00e9goire","article_modified_time":"2026-04-15T08:25:28+00:00","og_image":[{"width":850,"height":850,"url":"https:\/\/luminairesgregoire.com\/wp-content\/uploads\/2026\/01\/Votre-texte-de-paragraphe-77.webp","type":"image\/jpeg"}],"twitter_card":"summary_large_image","twitter_misc":{"Est. reading time":"1 minute"},"schema":{"@context":"https:\/\/schema.org","@graph":[{"@type":"WebPage","@id":"https:\/\/luminairesgregoire.com\/en\/product\/murale-exterieur-cylindre-2l-noir-p5642-31\/","url":"https:\/\/luminairesgregoire.com\/en\/product\/murale-exterieur-cylindre-2l-noir-p5642-31\/","name":"MURALE EXTERIEUR CYLINDRE 2L NOIR- P5642-31 - Luminaires Paul Gr\u00e9goire","isPartOf":{"@id":"https:\/\/luminairesgregoire.com\/en\/#website"},"primaryImageOfPage":{"@id":"https:\/\/luminairesgregoire.com\/en\/product\/murale-exterieur-cylindre-2l-noir-p5642-31\/#primaryimage"},"image":{"@id":"https:\/\/luminairesgregoire.com\/en\/product\/murale-exterieur-cylindre-2l-noir-p5642-31\/#primaryimage"},"thumbnailUrl":"https:\/\/luminairesgregoire.com\/wp-content\/uploads\/2026\/01\/Votre-texte-de-paragraphe-77.webp","datePublished":"2026-01-08T08:26:24+00:00","dateModified":"2026-04-15T08:25:28+00:00","description":"MURALE EXTERIEUR CYLINDRE 2L NOIR- P5642-31 - Discover our collection of designer lighting \u2014 pendants, lamps, and ceiling lights \u2014 to brighten every space with style and elegance.","breadcrumb":{"@id":"https:\/\/luminairesgregoire.com\/en\/product\/murale-exterieur-cylindre-2l-noir-p5642-31\/#breadcrumb"},"inLanguage":"en-US","potentialAction":[{"@type":"ReadAction","target":["https:\/\/luminairesgregoire.com\/en\/product\/murale-exterieur-cylindre-2l-noir-p5642-31\/"]}]},{"@type":"ImageObject","inLanguage":"en-US","@id":"https:\/\/luminairesgregoire.com\/en\/product\/murale-exterieur-cylindre-2l-noir-p5642-31\/#primaryimage","url":"https:\/\/luminairesgregoire.com\/wp-content\/uploads\/2026\/01\/Votre-texte-de-paragraphe-77.webp","contentUrl":"https:\/\/luminairesgregoire.com\/wp-content\/uploads\/2026\/01\/Votre-texte-de-paragraphe-77.webp","width":850,"height":850,"caption":"MURALE EXTERIEUR CYLINDRE 2L NOIR- P5642-31"},{"@type":"BreadcrumbList","@id":"https:\/\/luminairesgregoire.com\/en\/product\/murale-exterieur-cylindre-2l-noir-p5642-31\/#breadcrumb","itemListElement":[{"@type":"ListItem","position":1,"name":"Home","item":"https:\/\/luminairesgregoire.com\/en\/"},{"@type":"ListItem","position":2,"name":"Store","item":"https:\/\/luminairesgregoire.com\/en\/products\/"},{"@type":"ListItem","position":3,"name":"MURALE EXTERIEUR CYLINDRE 2L NOIR- P5642-31"}]},{"@type":"WebSite","@id":"https:\/\/luminairesgregoire.com\/en\/#website","url":"https:\/\/luminairesgregoire.com\/en\/","name":"Luminaires Paul Gr\u00e9goire","description":"","publisher":{"@id":"https:\/\/luminairesgregoire.com\/en\/#organization"},"potentialAction":[{"@type":"SearchAction","target":{"@type":"EntryPoint","urlTemplate":"https:\/\/luminairesgregoire.com\/en\/?s={search_term_string}"},"query-input":{"@type":"PropertyValueSpecification","valueRequired":true,"valueName":"search_term_string"}}],"inLanguage":"en-US"},{"@type":"Organization","@id":"https:\/\/luminairesgregoire.com\/en\/#organization","name":"Luminaires Paul Gr\u00e9goire","url":"https:\/\/luminairesgregoire.com\/en\/","logo":{"@type":"ImageObject","inLanguage":"en-US","@id":"https:\/\/luminairesgregoire.com\/en\/#\/schema\/logo\/image\/","url":"https:\/\/luminairesgregoire.com\/wp-content\/uploads\/2021\/05\/logo_CMYK-1-1.png","contentUrl":"https:\/\/luminairesgregoire.com\/wp-content\/uploads\/2021\/05\/logo_CMYK-1-1.png","width":350,"height":164,"caption":"Luminaires Paul Gr\u00e9goire"},"image":{"@id":"https:\/\/luminairesgregoire.com\/en\/#\/schema\/logo\/image\/"}}]}},"_links":{"self":[{"href":"https:\/\/luminairesgregoire.com\/en\/wp-json\/wp\/v2\/product\/32429","targetHints":{"allow":["GET"]}}],"collection":[{"href":"https:\/\/luminairesgregoire.com\/en\/wp-json\/wp\/v2\/product"}],"about":[{"href":"https:\/\/luminairesgregoire.com\/en\/wp-json\/wp\/v2\/types\/product"}],"wp:featuredmedia":[{"embeddable":true,"href":"https:\/\/luminairesgregoire.com\/en\/wp-json\/wp\/v2\/media\/33586"}],"wp:attachment":[{"href":"https:\/\/luminairesgregoire.com\/en\/wp-json\/wp\/v2\/media?parent=32429"}],"wp:term":[{"taxonomy":"product_brand","embeddable":true,"href":"https:\/\/luminairesgregoire.com\/en\/wp-json\/wp\/v2\/product_brand?post=32429"},{"taxonomy":"product_cat","embeddable":true,"href":"https:\/\/luminairesgregoire.com\/en\/wp-json\/wp\/v2\/product_cat?post=32429"},{"taxonomy":"product_tag","embeddable":true,"href":"https:\/\/luminairesgregoire.com\/en\/wp-json\/wp\/v2\/product_tag?post=32429"}],"curies":[{"name":"wp","href":"https:\/\/api.w.org\/{rel}","templated":true}]}}