{"id":33600,"date":"2026-01-23T02:31:23","date_gmt":"2026-01-23T07:31:23","guid":{"rendered":"https:\/\/luminairesgregoire.com\/?post_type=product&#038;p=33600"},"modified":"2026-04-06T04:24:52","modified_gmt":"2026-04-06T08:24:52","slug":"murale-simple-or-krysta-wv424110bgop","status":"publish","type":"product","link":"https:\/\/luminairesgregoire.com\/en\/product\/murale-simple-or-krysta-wv424110bgop\/","title":{"rendered":"MURALE SIMPLE OR- KRYSTA WV424110BGOP"},"content":{"rendered":"<p>Les lignes \u00e9pur\u00e9es et les formes g\u00e9om\u00e9triques de la collection Krysta t\u00e9moignent de la beaut\u00e9 de la simplicit\u00e9. Le verre facett\u00e9 diffuse et r\u00e9fracte la lumi\u00e8re dans un spectacle \u00e9blouissant, cr\u00e9ant un jeu de motifs lumineux et de dimensions sculpturales. Krysta est une symphonie de forme et de fonction, o\u00f9 la g\u00e9om\u00e9trie rencontre la modernit\u00e9.<\/p>\n","protected":false},"excerpt":{"rendered":"<p>Les lignes \u00e9pur\u00e9es et les formes g\u00e9om\u00e9triques de la collection Krysta t\u00e9moignent de la beaut\u00e9 de la simplicit\u00e9. Le verre facett\u00e9 diffuse et r\u00e9fracte la lumi\u00e8re dans un spectacle \u00e9blouissant, cr\u00e9ant un jeu de motifs lumineux et de dimensions sculpturales. Krysta est une symphonie de forme et de fonction, o\u00f9 la g\u00e9om\u00e9trie rencontre la modernit\u00e9.<\/p>\n","protected":false},"featured_media":34591,"template":"","meta":{"_acf_changed":false},"product_brand":[7087,7085],"product_cat":[5908,5990,5984],"product_tag":[],"class_list":{"0":"post-33600","1":"product","2":"type-product","3":"status-publish","4":"has-post-thumbnail","6":"product_brand-alora-mood","7":"product_brand-kuzco","8":"product_cat-wall-sconces","9":"product_cat-wall-sconces-wall-sconces","10":"product_cat-bathroom-lighting","11":"pa_extension-4-3-4","12":"pa_finis-aged-gold-brass","13":"pa_hauteur-10-3-4-h","14":"pa_largeur-3-3-4","16":"first","17":"instock","18":"taxable","19":"shipping-taxable","20":"purchasable","21":"product-type-simple"},"acf":[],"yoast_head":"<!-- This site is optimized with the Yoast SEO plugin v26.9 - https:\/\/yoast.com\/product\/yoast-seo-wordpress\/ -->\n<title>MURALE SIMPLE OR- KRYSTA WV424110BGOP - Luminaires Paul Gr\u00e9goire<\/title>\n<meta name=\"description\" content=\"MURALE SIMPLE OR- KRYSTA WV424110BGOP - Discover our collection of designer lighting \u2014 pendants, lamps, and ceiling lights \u2014 to brighten every space with style and elegance.\" \/>\n<meta name=\"robots\" content=\"index, follow, max-snippet:-1, max-image-preview:large, max-video-preview:-1\" \/>\n<link rel=\"canonical\" href=\"https:\/\/luminairesgregoire.com\/en\/product\/murale-simple-or-krysta-wv424110bgop\/\" \/>\n<meta property=\"og:locale\" content=\"en_US\" \/>\n<meta property=\"og:type\" content=\"article\" \/>\n<meta property=\"og:title\" content=\"MURALE SIMPLE OR- KRYSTA WV424110BGOP - Luminaires Paul Gr\u00e9goire\" \/>\n<meta property=\"og:description\" content=\"MURALE SIMPLE OR- KRYSTA WV424110BGOP - Discover our collection of designer lighting \u2014 pendants, lamps, and ceiling lights \u2014 to brighten every space with style and elegance.\" \/>\n<meta property=\"og:url\" content=\"https:\/\/luminairesgregoire.com\/en\/product\/murale-simple-or-krysta-wv424110bgop\/\" \/>\n<meta property=\"og:site_name\" content=\"Luminaires Paul Gr\u00e9goire\" \/>\n<meta property=\"article:modified_time\" content=\"2026-04-06T08:24:52+00:00\" \/>\n<meta property=\"og:image\" content=\"https:\/\/luminairesgregoire.com\/wp-content\/uploads\/2026\/02\/Votre-texte-de-paragraphe-2026-02-11T154349.711.webp\" \/>\n\t<meta property=\"og:image:width\" content=\"850\" \/>\n\t<meta property=\"og:image:height\" content=\"850\" \/>\n\t<meta property=\"og:image:type\" content=\"image\/jpeg\" \/>\n<meta name=\"twitter:card\" content=\"summary_large_image\" \/>\n<meta name=\"twitter:label1\" content=\"Est. reading time\" \/>\n\t<meta name=\"twitter:data1\" content=\"1 minute\" \/>\n<script type=\"application\/ld+json\" class=\"yoast-schema-graph\">{\"@context\":\"https:\/\/schema.org\",\"@graph\":[{\"@type\":\"WebPage\",\"@id\":\"https:\/\/luminairesgregoire.com\/en\/product\/murale-simple-or-krysta-wv424110bgop\/\",\"url\":\"https:\/\/luminairesgregoire.com\/en\/product\/murale-simple-or-krysta-wv424110bgop\/\",\"name\":\"MURALE SIMPLE OR- KRYSTA WV424110BGOP - Luminaires Paul Gr\u00e9goire\",\"isPartOf\":{\"@id\":\"https:\/\/luminairesgregoire.com\/en\/#website\"},\"primaryImageOfPage\":{\"@id\":\"https:\/\/luminairesgregoire.com\/en\/product\/murale-simple-or-krysta-wv424110bgop\/#primaryimage\"},\"image\":{\"@id\":\"https:\/\/luminairesgregoire.com\/en\/product\/murale-simple-or-krysta-wv424110bgop\/#primaryimage\"},\"thumbnailUrl\":\"https:\/\/luminairesgregoire.com\/wp-content\/uploads\/2026\/02\/Votre-texte-de-paragraphe-2026-02-11T154349.711.webp\",\"datePublished\":\"2026-01-23T07:31:23+00:00\",\"dateModified\":\"2026-04-06T08:24:52+00:00\",\"description\":\"MURALE SIMPLE OR- KRYSTA WV424110BGOP - Discover our collection of designer lighting \u2014 pendants, lamps, and ceiling lights \u2014 to brighten every space with style and elegance.\",\"breadcrumb\":{\"@id\":\"https:\/\/luminairesgregoire.com\/en\/product\/murale-simple-or-krysta-wv424110bgop\/#breadcrumb\"},\"inLanguage\":\"en-US\",\"potentialAction\":[{\"@type\":\"ReadAction\",\"target\":[\"https:\/\/luminairesgregoire.com\/en\/product\/murale-simple-or-krysta-wv424110bgop\/\"]}]},{\"@type\":\"ImageObject\",\"inLanguage\":\"en-US\",\"@id\":\"https:\/\/luminairesgregoire.com\/en\/product\/murale-simple-or-krysta-wv424110bgop\/#primaryimage\",\"url\":\"https:\/\/luminairesgregoire.com\/wp-content\/uploads\/2026\/02\/Votre-texte-de-paragraphe-2026-02-11T154349.711.webp\",\"contentUrl\":\"https:\/\/luminairesgregoire.com\/wp-content\/uploads\/2026\/02\/Votre-texte-de-paragraphe-2026-02-11T154349.711.webp\",\"width\":850,\"height\":850,\"caption\":\"MURALE SIMPLE OR- KRYSTA WV424110BGOP\"},{\"@type\":\"BreadcrumbList\",\"@id\":\"https:\/\/luminairesgregoire.com\/en\/product\/murale-simple-or-krysta-wv424110bgop\/#breadcrumb\",\"itemListElement\":[{\"@type\":\"ListItem\",\"position\":1,\"name\":\"Home\",\"item\":\"https:\/\/luminairesgregoire.com\/en\/\"},{\"@type\":\"ListItem\",\"position\":2,\"name\":\"Store\",\"item\":\"https:\/\/luminairesgregoire.com\/en\/products\/\"},{\"@type\":\"ListItem\",\"position\":3,\"name\":\"MURALE SIMPLE OR- KRYSTA WV424110BGOP\"}]},{\"@type\":\"WebSite\",\"@id\":\"https:\/\/luminairesgregoire.com\/en\/#website\",\"url\":\"https:\/\/luminairesgregoire.com\/en\/\",\"name\":\"Luminaires Paul Gr\u00e9goire\",\"description\":\"\",\"publisher\":{\"@id\":\"https:\/\/luminairesgregoire.com\/en\/#organization\"},\"potentialAction\":[{\"@type\":\"SearchAction\",\"target\":{\"@type\":\"EntryPoint\",\"urlTemplate\":\"https:\/\/luminairesgregoire.com\/en\/?s={search_term_string}\"},\"query-input\":{\"@type\":\"PropertyValueSpecification\",\"valueRequired\":true,\"valueName\":\"search_term_string\"}}],\"inLanguage\":\"en-US\"},{\"@type\":\"Organization\",\"@id\":\"https:\/\/luminairesgregoire.com\/en\/#organization\",\"name\":\"Luminaires Paul Gr\u00e9goire\",\"url\":\"https:\/\/luminairesgregoire.com\/en\/\",\"logo\":{\"@type\":\"ImageObject\",\"inLanguage\":\"en-US\",\"@id\":\"https:\/\/luminairesgregoire.com\/en\/#\/schema\/logo\/image\/\",\"url\":\"https:\/\/luminairesgregoire.com\/wp-content\/uploads\/2021\/05\/logo_CMYK-1-1.png\",\"contentUrl\":\"https:\/\/luminairesgregoire.com\/wp-content\/uploads\/2021\/05\/logo_CMYK-1-1.png\",\"width\":350,\"height\":164,\"caption\":\"Luminaires Paul Gr\u00e9goire\"},\"image\":{\"@id\":\"https:\/\/luminairesgregoire.com\/en\/#\/schema\/logo\/image\/\"}}]}<\/script>\n<!-- \/ Yoast SEO plugin. -->","yoast_head_json":{"title":"MURALE SIMPLE OR- KRYSTA WV424110BGOP - Luminaires Paul Gr\u00e9goire","description":"MURALE SIMPLE OR- KRYSTA WV424110BGOP - Discover our collection of designer lighting \u2014 pendants, lamps, and ceiling lights \u2014 to brighten every space with style and elegance.","robots":{"index":"index","follow":"follow","max-snippet":"max-snippet:-1","max-image-preview":"max-image-preview:large","max-video-preview":"max-video-preview:-1"},"canonical":"https:\/\/luminairesgregoire.com\/en\/product\/murale-simple-or-krysta-wv424110bgop\/","og_locale":"en_US","og_type":"article","og_title":"MURALE SIMPLE OR- KRYSTA WV424110BGOP - Luminaires Paul Gr\u00e9goire","og_description":"MURALE SIMPLE OR- KRYSTA WV424110BGOP - Discover our collection of designer lighting \u2014 pendants, lamps, and ceiling lights \u2014 to brighten every space with style and elegance.","og_url":"https:\/\/luminairesgregoire.com\/en\/product\/murale-simple-or-krysta-wv424110bgop\/","og_site_name":"Luminaires Paul Gr\u00e9goire","article_modified_time":"2026-04-06T08:24:52+00:00","og_image":[{"width":850,"height":850,"url":"https:\/\/luminairesgregoire.com\/wp-content\/uploads\/2026\/02\/Votre-texte-de-paragraphe-2026-02-11T154349.711.webp","type":"image\/jpeg"}],"twitter_card":"summary_large_image","twitter_misc":{"Est. reading time":"1 minute"},"schema":{"@context":"https:\/\/schema.org","@graph":[{"@type":"WebPage","@id":"https:\/\/luminairesgregoire.com\/en\/product\/murale-simple-or-krysta-wv424110bgop\/","url":"https:\/\/luminairesgregoire.com\/en\/product\/murale-simple-or-krysta-wv424110bgop\/","name":"MURALE SIMPLE OR- KRYSTA WV424110BGOP - Luminaires Paul Gr\u00e9goire","isPartOf":{"@id":"https:\/\/luminairesgregoire.com\/en\/#website"},"primaryImageOfPage":{"@id":"https:\/\/luminairesgregoire.com\/en\/product\/murale-simple-or-krysta-wv424110bgop\/#primaryimage"},"image":{"@id":"https:\/\/luminairesgregoire.com\/en\/product\/murale-simple-or-krysta-wv424110bgop\/#primaryimage"},"thumbnailUrl":"https:\/\/luminairesgregoire.com\/wp-content\/uploads\/2026\/02\/Votre-texte-de-paragraphe-2026-02-11T154349.711.webp","datePublished":"2026-01-23T07:31:23+00:00","dateModified":"2026-04-06T08:24:52+00:00","description":"MURALE SIMPLE OR- KRYSTA WV424110BGOP - Discover our collection of designer lighting \u2014 pendants, lamps, and ceiling lights \u2014 to brighten every space with style and elegance.","breadcrumb":{"@id":"https:\/\/luminairesgregoire.com\/en\/product\/murale-simple-or-krysta-wv424110bgop\/#breadcrumb"},"inLanguage":"en-US","potentialAction":[{"@type":"ReadAction","target":["https:\/\/luminairesgregoire.com\/en\/product\/murale-simple-or-krysta-wv424110bgop\/"]}]},{"@type":"ImageObject","inLanguage":"en-US","@id":"https:\/\/luminairesgregoire.com\/en\/product\/murale-simple-or-krysta-wv424110bgop\/#primaryimage","url":"https:\/\/luminairesgregoire.com\/wp-content\/uploads\/2026\/02\/Votre-texte-de-paragraphe-2026-02-11T154349.711.webp","contentUrl":"https:\/\/luminairesgregoire.com\/wp-content\/uploads\/2026\/02\/Votre-texte-de-paragraphe-2026-02-11T154349.711.webp","width":850,"height":850,"caption":"MURALE SIMPLE OR- KRYSTA WV424110BGOP"},{"@type":"BreadcrumbList","@id":"https:\/\/luminairesgregoire.com\/en\/product\/murale-simple-or-krysta-wv424110bgop\/#breadcrumb","itemListElement":[{"@type":"ListItem","position":1,"name":"Home","item":"https:\/\/luminairesgregoire.com\/en\/"},{"@type":"ListItem","position":2,"name":"Store","item":"https:\/\/luminairesgregoire.com\/en\/products\/"},{"@type":"ListItem","position":3,"name":"MURALE SIMPLE OR- KRYSTA WV424110BGOP"}]},{"@type":"WebSite","@id":"https:\/\/luminairesgregoire.com\/en\/#website","url":"https:\/\/luminairesgregoire.com\/en\/","name":"Luminaires Paul Gr\u00e9goire","description":"","publisher":{"@id":"https:\/\/luminairesgregoire.com\/en\/#organization"},"potentialAction":[{"@type":"SearchAction","target":{"@type":"EntryPoint","urlTemplate":"https:\/\/luminairesgregoire.com\/en\/?s={search_term_string}"},"query-input":{"@type":"PropertyValueSpecification","valueRequired":true,"valueName":"search_term_string"}}],"inLanguage":"en-US"},{"@type":"Organization","@id":"https:\/\/luminairesgregoire.com\/en\/#organization","name":"Luminaires Paul Gr\u00e9goire","url":"https:\/\/luminairesgregoire.com\/en\/","logo":{"@type":"ImageObject","inLanguage":"en-US","@id":"https:\/\/luminairesgregoire.com\/en\/#\/schema\/logo\/image\/","url":"https:\/\/luminairesgregoire.com\/wp-content\/uploads\/2021\/05\/logo_CMYK-1-1.png","contentUrl":"https:\/\/luminairesgregoire.com\/wp-content\/uploads\/2021\/05\/logo_CMYK-1-1.png","width":350,"height":164,"caption":"Luminaires Paul Gr\u00e9goire"},"image":{"@id":"https:\/\/luminairesgregoire.com\/en\/#\/schema\/logo\/image\/"}}]}},"_links":{"self":[{"href":"https:\/\/luminairesgregoire.com\/en\/wp-json\/wp\/v2\/product\/33600","targetHints":{"allow":["GET"]}}],"collection":[{"href":"https:\/\/luminairesgregoire.com\/en\/wp-json\/wp\/v2\/product"}],"about":[{"href":"https:\/\/luminairesgregoire.com\/en\/wp-json\/wp\/v2\/types\/product"}],"wp:featuredmedia":[{"embeddable":true,"href":"https:\/\/luminairesgregoire.com\/en\/wp-json\/wp\/v2\/media\/34591"}],"wp:attachment":[{"href":"https:\/\/luminairesgregoire.com\/en\/wp-json\/wp\/v2\/media?parent=33600"}],"wp:term":[{"taxonomy":"product_brand","embeddable":true,"href":"https:\/\/luminairesgregoire.com\/en\/wp-json\/wp\/v2\/product_brand?post=33600"},{"taxonomy":"product_cat","embeddable":true,"href":"https:\/\/luminairesgregoire.com\/en\/wp-json\/wp\/v2\/product_cat?post=33600"},{"taxonomy":"product_tag","embeddable":true,"href":"https:\/\/luminairesgregoire.com\/en\/wp-json\/wp\/v2\/product_tag?post=33600"}],"curies":[{"name":"wp","href":"https:\/\/api.w.org\/{rel}","templated":true}]}}