{"id":33729,"date":"2026-01-26T01:56:47","date_gmt":"2026-01-26T06:56:47","guid":{"rendered":"https:\/\/luminairesgregoire.com\/?post_type=product&#038;p=33729"},"modified":"2026-04-27T04:03:38","modified_gmt":"2026-04-27T08:03:38","slug":"suspendu-simple-bronze-sawyer-4500p12-brz","status":"publish","type":"product","link":"https:\/\/luminairesgregoire.com\/en\/product\/suspendu-simple-bronze-sawyer-4500p12-brz\/","title":{"rendered":"SUSPENDU SIMPLE BRONZE- SAWYER 4500P12-BRZ"},"content":{"rendered":"<p>Apportez une touche de luxe d\u00e9contract\u00e9 \u00e0 une cuisine gastronomique avec cette suspension de style transitionnel modern farmhouse. Con\u00e7ue avec un fini bronze fonc\u00e9 rustique sur un abat-jour en fer en forme de cloche, cette suspension \u00e0 une lumi\u00e8re offre un charme de style restauration, rappelant les luminaires d\u2019\u00e9cole ou d\u2019inspiration industrielle. Suspendez ce luminaire \u00e9pur\u00e9 au-dessus d\u2019un \u00eelot pour fournir un \u00e9clairage abondant lors de la pr\u00e9paration des repas et de la p\u00e2tisserie, ou simplement pour cr\u00e9er un espace convivial et accueillant o\u00f9 la famille aime se rassembler.<\/p>\n","protected":false},"excerpt":{"rendered":"<p>Apportez une touche de luxe d\u00e9contract\u00e9 \u00e0 une cuisine gastronomique avec cette suspension de style transitionnel modern farmhouse. Con\u00e7ue avec un fini bronze fonc\u00e9 rustique sur un abat-jour en fer en forme de cloche, cette suspension \u00e0 une lumi\u00e8re offre un charme de style restauration, rappelant les luminaires d\u2019\u00e9cole ou d\u2019inspiration industrielle. Suspendez ce luminaire [&hellip;]<\/p>\n","protected":false},"featured_media":34688,"template":"","meta":{"_acf_changed":false},"product_brand":[6023],"product_cat":[5835,5845],"product_tag":[],"class_list":{"0":"post-33729","1":"product","2":"type-product","3":"status-publish","4":"has-post-thumbnail","6":"product_brand-z-lite","7":"product_cat-suspension","8":"product_cat-suspensions-simples","9":"pa_diametre-12-1-2","10":"pa_finis-bronze","11":"pa_hauteur-96-1-4","13":"first","14":"instock","15":"taxable","16":"shipping-taxable","17":"purchasable","18":"product-type-simple"},"acf":[],"yoast_head":"<!-- This site is optimized with the Yoast SEO plugin v27.4 - https:\/\/yoast.com\/product\/yoast-seo-wordpress\/ -->\n<title>SUSPENDU SIMPLE BRONZE- SAWYER 4500P12-BRZ - Luminaires Paul Gr\u00e9goire<\/title>\n<meta name=\"description\" content=\"SUSPENDU SIMPLE BRONZE- SAWYER 4500P12-BRZ - Discover our collection of designer lighting \u2014 pendants, lamps, and ceiling lights \u2014 to brighten every space with style and elegance.\" \/>\n<meta name=\"robots\" content=\"index, follow, max-snippet:-1, max-image-preview:large, max-video-preview:-1\" \/>\n<link rel=\"canonical\" href=\"https:\/\/luminairesgregoire.com\/en\/product\/suspendu-simple-bronze-sawyer-4500p12-brz\/\" \/>\n<meta property=\"og:locale\" content=\"en_US\" \/>\n<meta property=\"og:type\" content=\"article\" \/>\n<meta property=\"og:title\" content=\"SUSPENDU SIMPLE BRONZE- SAWYER 4500P12-BRZ - Luminaires Paul Gr\u00e9goire\" \/>\n<meta property=\"og:description\" content=\"SUSPENDU SIMPLE BRONZE- SAWYER 4500P12-BRZ - Discover our collection of designer lighting \u2014 pendants, lamps, and ceiling lights \u2014 to brighten every space with style and elegance.\" \/>\n<meta property=\"og:url\" content=\"https:\/\/luminairesgregoire.com\/en\/product\/suspendu-simple-bronze-sawyer-4500p12-brz\/\" \/>\n<meta property=\"og:site_name\" content=\"Luminaires Paul Gr\u00e9goire\" \/>\n<meta property=\"article:modified_time\" content=\"2026-04-27T08:03:38+00:00\" \/>\n<meta property=\"og:image\" content=\"https:\/\/luminairesgregoire.com\/wp-content\/uploads\/2026\/02\/Votre-texte-de-paragraphe-2026-02-12T145656.487.webp\" \/>\n\t<meta property=\"og:image:width\" content=\"850\" \/>\n\t<meta property=\"og:image:height\" content=\"850\" \/>\n\t<meta property=\"og:image:type\" content=\"image\/jpeg\" \/>\n<meta name=\"twitter:card\" content=\"summary_large_image\" \/>\n<meta name=\"twitter:label1\" content=\"Est. reading time\" \/>\n\t<meta name=\"twitter:data1\" content=\"1 minute\" \/>\n<script type=\"application\/ld+json\" class=\"yoast-schema-graph\">{\"@context\":\"https:\\\/\\\/schema.org\",\"@graph\":[{\"@type\":\"WebPage\",\"@id\":\"https:\\\/\\\/luminairesgregoire.com\\\/en\\\/product\\\/suspendu-simple-bronze-sawyer-4500p12-brz\\\/\",\"url\":\"https:\\\/\\\/luminairesgregoire.com\\\/en\\\/product\\\/suspendu-simple-bronze-sawyer-4500p12-brz\\\/\",\"name\":\"SUSPENDU SIMPLE BRONZE- SAWYER 4500P12-BRZ - Luminaires Paul Gr\u00e9goire\",\"isPartOf\":{\"@id\":\"https:\\\/\\\/luminairesgregoire.com\\\/en\\\/#website\"},\"primaryImageOfPage\":{\"@id\":\"https:\\\/\\\/luminairesgregoire.com\\\/en\\\/product\\\/suspendu-simple-bronze-sawyer-4500p12-brz\\\/#primaryimage\"},\"image\":{\"@id\":\"https:\\\/\\\/luminairesgregoire.com\\\/en\\\/product\\\/suspendu-simple-bronze-sawyer-4500p12-brz\\\/#primaryimage\"},\"thumbnailUrl\":\"https:\\\/\\\/luminairesgregoire.com\\\/wp-content\\\/uploads\\\/2026\\\/02\\\/Votre-texte-de-paragraphe-2026-02-12T145656.487.webp\",\"datePublished\":\"2026-01-26T06:56:47+00:00\",\"dateModified\":\"2026-04-27T08:03:38+00:00\",\"description\":\"SUSPENDU SIMPLE BRONZE- SAWYER 4500P12-BRZ - Discover our collection of designer lighting \u2014 pendants, lamps, and ceiling lights \u2014 to brighten every space with style and elegance.\",\"breadcrumb\":{\"@id\":\"https:\\\/\\\/luminairesgregoire.com\\\/en\\\/product\\\/suspendu-simple-bronze-sawyer-4500p12-brz\\\/#breadcrumb\"},\"inLanguage\":\"en-US\",\"potentialAction\":[{\"@type\":\"ReadAction\",\"target\":[\"https:\\\/\\\/luminairesgregoire.com\\\/en\\\/product\\\/suspendu-simple-bronze-sawyer-4500p12-brz\\\/\"]}]},{\"@type\":\"ImageObject\",\"inLanguage\":\"en-US\",\"@id\":\"https:\\\/\\\/luminairesgregoire.com\\\/en\\\/product\\\/suspendu-simple-bronze-sawyer-4500p12-brz\\\/#primaryimage\",\"url\":\"https:\\\/\\\/luminairesgregoire.com\\\/wp-content\\\/uploads\\\/2026\\\/02\\\/Votre-texte-de-paragraphe-2026-02-12T145656.487.webp\",\"contentUrl\":\"https:\\\/\\\/luminairesgregoire.com\\\/wp-content\\\/uploads\\\/2026\\\/02\\\/Votre-texte-de-paragraphe-2026-02-12T145656.487.webp\",\"width\":850,\"height\":850,\"caption\":\"SUSPENDU SIMPLE BRONZE- SAWYER 4500P12-BRZ\"},{\"@type\":\"BreadcrumbList\",\"@id\":\"https:\\\/\\\/luminairesgregoire.com\\\/en\\\/product\\\/suspendu-simple-bronze-sawyer-4500p12-brz\\\/#breadcrumb\",\"itemListElement\":[{\"@type\":\"ListItem\",\"position\":1,\"name\":\"Home\",\"item\":\"https:\\\/\\\/luminairesgregoire.com\\\/en\\\/\"},{\"@type\":\"ListItem\",\"position\":2,\"name\":\"Store\",\"item\":\"https:\\\/\\\/luminairesgregoire.com\\\/en\\\/products\\\/\"},{\"@type\":\"ListItem\",\"position\":3,\"name\":\"SUSPENDU SIMPLE BRONZE- SAWYER 4500P12-BRZ\"}]},{\"@type\":\"WebSite\",\"@id\":\"https:\\\/\\\/luminairesgregoire.com\\\/en\\\/#website\",\"url\":\"https:\\\/\\\/luminairesgregoire.com\\\/en\\\/\",\"name\":\"Luminaires Paul Gr\u00e9goire\",\"description\":\"\",\"publisher\":{\"@id\":\"https:\\\/\\\/luminairesgregoire.com\\\/en\\\/#organization\"},\"potentialAction\":[{\"@type\":\"SearchAction\",\"target\":{\"@type\":\"EntryPoint\",\"urlTemplate\":\"https:\\\/\\\/luminairesgregoire.com\\\/en\\\/?s={search_term_string}\"},\"query-input\":{\"@type\":\"PropertyValueSpecification\",\"valueRequired\":true,\"valueName\":\"search_term_string\"}}],\"inLanguage\":\"en-US\"},{\"@type\":\"Organization\",\"@id\":\"https:\\\/\\\/luminairesgregoire.com\\\/en\\\/#organization\",\"name\":\"Luminaires Paul Gr\u00e9goire\",\"url\":\"https:\\\/\\\/luminairesgregoire.com\\\/en\\\/\",\"logo\":{\"@type\":\"ImageObject\",\"inLanguage\":\"en-US\",\"@id\":\"https:\\\/\\\/luminairesgregoire.com\\\/en\\\/#\\\/schema\\\/logo\\\/image\\\/\",\"url\":\"https:\\\/\\\/luminairesgregoire.com\\\/wp-content\\\/uploads\\\/2021\\\/05\\\/logo_CMYK-1-1.png\",\"contentUrl\":\"https:\\\/\\\/luminairesgregoire.com\\\/wp-content\\\/uploads\\\/2021\\\/05\\\/logo_CMYK-1-1.png\",\"width\":350,\"height\":164,\"caption\":\"Luminaires Paul Gr\u00e9goire\"},\"image\":{\"@id\":\"https:\\\/\\\/luminairesgregoire.com\\\/en\\\/#\\\/schema\\\/logo\\\/image\\\/\"}}]}<\/script>\n<!-- \/ Yoast SEO plugin. -->","yoast_head_json":{"title":"SUSPENDU SIMPLE BRONZE- SAWYER 4500P12-BRZ - Luminaires Paul Gr\u00e9goire","description":"SUSPENDU SIMPLE BRONZE- SAWYER 4500P12-BRZ - Discover our collection of designer lighting \u2014 pendants, lamps, and ceiling lights \u2014 to brighten every space with style and elegance.","robots":{"index":"index","follow":"follow","max-snippet":"max-snippet:-1","max-image-preview":"max-image-preview:large","max-video-preview":"max-video-preview:-1"},"canonical":"https:\/\/luminairesgregoire.com\/en\/product\/suspendu-simple-bronze-sawyer-4500p12-brz\/","og_locale":"en_US","og_type":"article","og_title":"SUSPENDU SIMPLE BRONZE- SAWYER 4500P12-BRZ - Luminaires Paul Gr\u00e9goire","og_description":"SUSPENDU SIMPLE BRONZE- SAWYER 4500P12-BRZ - Discover our collection of designer lighting \u2014 pendants, lamps, and ceiling lights \u2014 to brighten every space with style and elegance.","og_url":"https:\/\/luminairesgregoire.com\/en\/product\/suspendu-simple-bronze-sawyer-4500p12-brz\/","og_site_name":"Luminaires Paul Gr\u00e9goire","article_modified_time":"2026-04-27T08:03:38+00:00","og_image":[{"width":850,"height":850,"url":"https:\/\/luminairesgregoire.com\/wp-content\/uploads\/2026\/02\/Votre-texte-de-paragraphe-2026-02-12T145656.487.webp","type":"image\/jpeg"}],"twitter_card":"summary_large_image","twitter_misc":{"Est. reading time":"1 minute"},"schema":{"@context":"https:\/\/schema.org","@graph":[{"@type":"WebPage","@id":"https:\/\/luminairesgregoire.com\/en\/product\/suspendu-simple-bronze-sawyer-4500p12-brz\/","url":"https:\/\/luminairesgregoire.com\/en\/product\/suspendu-simple-bronze-sawyer-4500p12-brz\/","name":"SUSPENDU SIMPLE BRONZE- SAWYER 4500P12-BRZ - Luminaires Paul Gr\u00e9goire","isPartOf":{"@id":"https:\/\/luminairesgregoire.com\/en\/#website"},"primaryImageOfPage":{"@id":"https:\/\/luminairesgregoire.com\/en\/product\/suspendu-simple-bronze-sawyer-4500p12-brz\/#primaryimage"},"image":{"@id":"https:\/\/luminairesgregoire.com\/en\/product\/suspendu-simple-bronze-sawyer-4500p12-brz\/#primaryimage"},"thumbnailUrl":"https:\/\/luminairesgregoire.com\/wp-content\/uploads\/2026\/02\/Votre-texte-de-paragraphe-2026-02-12T145656.487.webp","datePublished":"2026-01-26T06:56:47+00:00","dateModified":"2026-04-27T08:03:38+00:00","description":"SUSPENDU SIMPLE BRONZE- SAWYER 4500P12-BRZ - Discover our collection of designer lighting \u2014 pendants, lamps, and ceiling lights \u2014 to brighten every space with style and elegance.","breadcrumb":{"@id":"https:\/\/luminairesgregoire.com\/en\/product\/suspendu-simple-bronze-sawyer-4500p12-brz\/#breadcrumb"},"inLanguage":"en-US","potentialAction":[{"@type":"ReadAction","target":["https:\/\/luminairesgregoire.com\/en\/product\/suspendu-simple-bronze-sawyer-4500p12-brz\/"]}]},{"@type":"ImageObject","inLanguage":"en-US","@id":"https:\/\/luminairesgregoire.com\/en\/product\/suspendu-simple-bronze-sawyer-4500p12-brz\/#primaryimage","url":"https:\/\/luminairesgregoire.com\/wp-content\/uploads\/2026\/02\/Votre-texte-de-paragraphe-2026-02-12T145656.487.webp","contentUrl":"https:\/\/luminairesgregoire.com\/wp-content\/uploads\/2026\/02\/Votre-texte-de-paragraphe-2026-02-12T145656.487.webp","width":850,"height":850,"caption":"SUSPENDU SIMPLE BRONZE- SAWYER 4500P12-BRZ"},{"@type":"BreadcrumbList","@id":"https:\/\/luminairesgregoire.com\/en\/product\/suspendu-simple-bronze-sawyer-4500p12-brz\/#breadcrumb","itemListElement":[{"@type":"ListItem","position":1,"name":"Home","item":"https:\/\/luminairesgregoire.com\/en\/"},{"@type":"ListItem","position":2,"name":"Store","item":"https:\/\/luminairesgregoire.com\/en\/products\/"},{"@type":"ListItem","position":3,"name":"SUSPENDU SIMPLE BRONZE- SAWYER 4500P12-BRZ"}]},{"@type":"WebSite","@id":"https:\/\/luminairesgregoire.com\/en\/#website","url":"https:\/\/luminairesgregoire.com\/en\/","name":"Luminaires Paul Gr\u00e9goire","description":"","publisher":{"@id":"https:\/\/luminairesgregoire.com\/en\/#organization"},"potentialAction":[{"@type":"SearchAction","target":{"@type":"EntryPoint","urlTemplate":"https:\/\/luminairesgregoire.com\/en\/?s={search_term_string}"},"query-input":{"@type":"PropertyValueSpecification","valueRequired":true,"valueName":"search_term_string"}}],"inLanguage":"en-US"},{"@type":"Organization","@id":"https:\/\/luminairesgregoire.com\/en\/#organization","name":"Luminaires Paul Gr\u00e9goire","url":"https:\/\/luminairesgregoire.com\/en\/","logo":{"@type":"ImageObject","inLanguage":"en-US","@id":"https:\/\/luminairesgregoire.com\/en\/#\/schema\/logo\/image\/","url":"https:\/\/luminairesgregoire.com\/wp-content\/uploads\/2021\/05\/logo_CMYK-1-1.png","contentUrl":"https:\/\/luminairesgregoire.com\/wp-content\/uploads\/2021\/05\/logo_CMYK-1-1.png","width":350,"height":164,"caption":"Luminaires Paul Gr\u00e9goire"},"image":{"@id":"https:\/\/luminairesgregoire.com\/en\/#\/schema\/logo\/image\/"}}]}},"_links":{"self":[{"href":"https:\/\/luminairesgregoire.com\/en\/wp-json\/wp\/v2\/product\/33729","targetHints":{"allow":["GET"]}}],"collection":[{"href":"https:\/\/luminairesgregoire.com\/en\/wp-json\/wp\/v2\/product"}],"about":[{"href":"https:\/\/luminairesgregoire.com\/en\/wp-json\/wp\/v2\/types\/product"}],"wp:featuredmedia":[{"embeddable":true,"href":"https:\/\/luminairesgregoire.com\/en\/wp-json\/wp\/v2\/media\/34688"}],"wp:attachment":[{"href":"https:\/\/luminairesgregoire.com\/en\/wp-json\/wp\/v2\/media?parent=33729"}],"wp:term":[{"taxonomy":"product_brand","embeddable":true,"href":"https:\/\/luminairesgregoire.com\/en\/wp-json\/wp\/v2\/product_brand?post=33729"},{"taxonomy":"product_cat","embeddable":true,"href":"https:\/\/luminairesgregoire.com\/en\/wp-json\/wp\/v2\/product_cat?post=33729"},{"taxonomy":"product_tag","embeddable":true,"href":"https:\/\/luminairesgregoire.com\/en\/wp-json\/wp\/v2\/product_tag?post=33729"}],"curies":[{"name":"wp","href":"https:\/\/api.w.org\/{rel}","templated":true}]}}