{"id":33734,"date":"2026-01-26T02:06:42","date_gmt":"2026-01-26T07:06:42","guid":{"rendered":"https:\/\/luminairesgregoire.com\/?post_type=product&#038;p=33734"},"modified":"2026-04-07T04:28:31","modified_gmt":"2026-04-07T08:28:31","slug":"murale-exterieur-del-noire-claremont-ew78513-bk-op","status":"publish","type":"product","link":"https:\/\/luminairesgregoire.com\/en\/product\/murale-exterieur-del-noire-claremont-ew78513-bk-op\/","title":{"rendered":"MURALE EXT\u00c9RIEUR DEL NOIRE- CLAREMONT EW78513-BK\/OP"},"content":{"rendered":"<p>Laissez-vous s\u00e9duire par le charme intemporel de la collection Claremont, qui r\u00e9invente le lampadaire de poteau classique avec une touche moderne. Un d\u00e9licat jeu d\u2019accents m\u00e9talliques \u00e9pur\u00e9s enlace des globes offerts en verre opalin mat ou en verre clair cannel\u00e9, cr\u00e9ant une ambiance captivante qui se pr\u00eate aussi bien aux espaces ext\u00e9rieurs qu\u2019int\u00e9rieurs. Offerte dans notre signature au fini m\u00e9tal noir mat, Claremont vous invite \u00e0 profiter de l\u2019\u00e9clat de son design transformateur.<\/p>\n","protected":false},"excerpt":{"rendered":"<p>Laissez-vous s\u00e9duire par le charme intemporel de la collection Claremont, qui r\u00e9invente le lampadaire de poteau classique avec une touche moderne. Un d\u00e9licat jeu d\u2019accents m\u00e9talliques \u00e9pur\u00e9s enlace des globes offerts en verre opalin mat ou en verre clair cannel\u00e9, cr\u00e9ant une ambiance captivante qui se pr\u00eate aussi bien aux espaces ext\u00e9rieurs qu\u2019int\u00e9rieurs. Offerte dans [&hellip;]<\/p>\n","protected":false},"featured_media":34787,"template":"","meta":{"_acf_changed":false},"product_brand":[7085],"product_cat":[5891,5894],"product_tag":[],"class_list":{"0":"post-33734","1":"product","2":"type-product","3":"status-publish","4":"has-post-thumbnail","6":"product_brand-kuzco","7":"product_cat-outdoor-lighting","8":"product_cat-wall-sconces-exterior","9":"pa_extension-5-5-8","10":"pa_hauteur-6280","11":"pa_largeur-4-5-8","13":"first","14":"instock","15":"taxable","16":"shipping-taxable","17":"purchasable","18":"product-type-simple"},"acf":[],"yoast_head":"<!-- This site is optimized with the Yoast SEO plugin v26.9 - https:\/\/yoast.com\/product\/yoast-seo-wordpress\/ -->\n<title>MURALE EXT\u00c9RIEUR DEL NOIRE- CLAREMONT EW78513-BK\/OP<\/title>\n<meta name=\"description\" content=\"MURALE EXT\u00c9RIEUR DEL NOIRE- CLAREMONT EW78513-BK\/OP - Discover our collection of designer lighting \u2014 pendants, lamps, and ceiling lights \u2014 to brighten every space with style and elegance.\" \/>\n<meta name=\"robots\" content=\"index, follow, max-snippet:-1, max-image-preview:large, max-video-preview:-1\" \/>\n<link rel=\"canonical\" href=\"https:\/\/luminairesgregoire.com\/en\/product\/murale-exterieur-del-noire-claremont-ew78513-bk-op\/\" \/>\n<meta property=\"og:locale\" content=\"en_US\" \/>\n<meta property=\"og:type\" content=\"article\" \/>\n<meta property=\"og:title\" content=\"MURALE EXT\u00c9RIEUR DEL NOIRE- CLAREMONT EW78513-BK\/OP\" \/>\n<meta property=\"og:description\" content=\"MURALE EXT\u00c9RIEUR DEL NOIRE- CLAREMONT EW78513-BK\/OP - Discover our collection of designer lighting \u2014 pendants, lamps, and ceiling lights \u2014 to brighten every space with style and elegance.\" \/>\n<meta property=\"og:url\" content=\"https:\/\/luminairesgregoire.com\/en\/product\/murale-exterieur-del-noire-claremont-ew78513-bk-op\/\" \/>\n<meta property=\"og:site_name\" content=\"Luminaires Paul Gr\u00e9goire\" \/>\n<meta property=\"article:modified_time\" content=\"2026-04-07T08:28:31+00:00\" \/>\n<meta property=\"og:image\" content=\"https:\/\/luminairesgregoire.com\/wp-content\/uploads\/2026\/02\/Votre-texte-de-paragraphe-2026-02-12T170234.733.webp\" \/>\n\t<meta property=\"og:image:width\" content=\"850\" \/>\n\t<meta property=\"og:image:height\" content=\"850\" \/>\n\t<meta property=\"og:image:type\" content=\"image\/jpeg\" \/>\n<meta name=\"twitter:card\" content=\"summary_large_image\" \/>\n<meta name=\"twitter:label1\" content=\"Est. reading time\" \/>\n\t<meta name=\"twitter:data1\" content=\"1 minute\" \/>\n<script type=\"application\/ld+json\" class=\"yoast-schema-graph\">{\"@context\":\"https:\/\/schema.org\",\"@graph\":[{\"@type\":\"WebPage\",\"@id\":\"https:\/\/luminairesgregoire.com\/en\/product\/murale-exterieur-del-noire-claremont-ew78513-bk-op\/\",\"url\":\"https:\/\/luminairesgregoire.com\/en\/product\/murale-exterieur-del-noire-claremont-ew78513-bk-op\/\",\"name\":\"MURALE EXT\u00c9RIEUR DEL NOIRE- CLAREMONT EW78513-BK\/OP\",\"isPartOf\":{\"@id\":\"https:\/\/luminairesgregoire.com\/en\/#website\"},\"primaryImageOfPage\":{\"@id\":\"https:\/\/luminairesgregoire.com\/en\/product\/murale-exterieur-del-noire-claremont-ew78513-bk-op\/#primaryimage\"},\"image\":{\"@id\":\"https:\/\/luminairesgregoire.com\/en\/product\/murale-exterieur-del-noire-claremont-ew78513-bk-op\/#primaryimage\"},\"thumbnailUrl\":\"https:\/\/luminairesgregoire.com\/wp-content\/uploads\/2026\/02\/Votre-texte-de-paragraphe-2026-02-12T170234.733.webp\",\"datePublished\":\"2026-01-26T07:06:42+00:00\",\"dateModified\":\"2026-04-07T08:28:31+00:00\",\"description\":\"MURALE EXT\u00c9RIEUR DEL NOIRE- CLAREMONT EW78513-BK\/OP - Discover our collection of designer lighting \u2014 pendants, lamps, and ceiling lights \u2014 to brighten every space with style and elegance.\",\"breadcrumb\":{\"@id\":\"https:\/\/luminairesgregoire.com\/en\/product\/murale-exterieur-del-noire-claremont-ew78513-bk-op\/#breadcrumb\"},\"inLanguage\":\"en-US\",\"potentialAction\":[{\"@type\":\"ReadAction\",\"target\":[\"https:\/\/luminairesgregoire.com\/en\/product\/murale-exterieur-del-noire-claremont-ew78513-bk-op\/\"]}]},{\"@type\":\"ImageObject\",\"inLanguage\":\"en-US\",\"@id\":\"https:\/\/luminairesgregoire.com\/en\/product\/murale-exterieur-del-noire-claremont-ew78513-bk-op\/#primaryimage\",\"url\":\"https:\/\/luminairesgregoire.com\/wp-content\/uploads\/2026\/02\/Votre-texte-de-paragraphe-2026-02-12T170234.733.webp\",\"contentUrl\":\"https:\/\/luminairesgregoire.com\/wp-content\/uploads\/2026\/02\/Votre-texte-de-paragraphe-2026-02-12T170234.733.webp\",\"width\":850,\"height\":850,\"caption\":\"MURALE EXT\u00c9RIEUR DEL NOIRE- CLAREMONT EW78513-BK\/OP\"},{\"@type\":\"BreadcrumbList\",\"@id\":\"https:\/\/luminairesgregoire.com\/en\/product\/murale-exterieur-del-noire-claremont-ew78513-bk-op\/#breadcrumb\",\"itemListElement\":[{\"@type\":\"ListItem\",\"position\":1,\"name\":\"Home\",\"item\":\"https:\/\/luminairesgregoire.com\/en\/\"},{\"@type\":\"ListItem\",\"position\":2,\"name\":\"Store\",\"item\":\"https:\/\/luminairesgregoire.com\/en\/products\/\"},{\"@type\":\"ListItem\",\"position\":3,\"name\":\"MURALE EXT\u00c9RIEUR DEL NOIRE- CLAREMONT EW78513-BK\/OP\"}]},{\"@type\":\"WebSite\",\"@id\":\"https:\/\/luminairesgregoire.com\/en\/#website\",\"url\":\"https:\/\/luminairesgregoire.com\/en\/\",\"name\":\"Luminaires Paul Gr\u00e9goire\",\"description\":\"\",\"publisher\":{\"@id\":\"https:\/\/luminairesgregoire.com\/en\/#organization\"},\"potentialAction\":[{\"@type\":\"SearchAction\",\"target\":{\"@type\":\"EntryPoint\",\"urlTemplate\":\"https:\/\/luminairesgregoire.com\/en\/?s={search_term_string}\"},\"query-input\":{\"@type\":\"PropertyValueSpecification\",\"valueRequired\":true,\"valueName\":\"search_term_string\"}}],\"inLanguage\":\"en-US\"},{\"@type\":\"Organization\",\"@id\":\"https:\/\/luminairesgregoire.com\/en\/#organization\",\"name\":\"Luminaires Paul Gr\u00e9goire\",\"url\":\"https:\/\/luminairesgregoire.com\/en\/\",\"logo\":{\"@type\":\"ImageObject\",\"inLanguage\":\"en-US\",\"@id\":\"https:\/\/luminairesgregoire.com\/en\/#\/schema\/logo\/image\/\",\"url\":\"https:\/\/luminairesgregoire.com\/wp-content\/uploads\/2021\/05\/logo_CMYK-1-1.png\",\"contentUrl\":\"https:\/\/luminairesgregoire.com\/wp-content\/uploads\/2021\/05\/logo_CMYK-1-1.png\",\"width\":350,\"height\":164,\"caption\":\"Luminaires Paul Gr\u00e9goire\"},\"image\":{\"@id\":\"https:\/\/luminairesgregoire.com\/en\/#\/schema\/logo\/image\/\"}}]}<\/script>\n<!-- \/ Yoast SEO plugin. -->","yoast_head_json":{"title":"MURALE EXT\u00c9RIEUR DEL NOIRE- CLAREMONT EW78513-BK\/OP","description":"MURALE EXT\u00c9RIEUR DEL NOIRE- CLAREMONT EW78513-BK\/OP - Discover our collection of designer lighting \u2014 pendants, lamps, and ceiling lights \u2014 to brighten every space with style and elegance.","robots":{"index":"index","follow":"follow","max-snippet":"max-snippet:-1","max-image-preview":"max-image-preview:large","max-video-preview":"max-video-preview:-1"},"canonical":"https:\/\/luminairesgregoire.com\/en\/product\/murale-exterieur-del-noire-claremont-ew78513-bk-op\/","og_locale":"en_US","og_type":"article","og_title":"MURALE EXT\u00c9RIEUR DEL NOIRE- CLAREMONT EW78513-BK\/OP","og_description":"MURALE EXT\u00c9RIEUR DEL NOIRE- CLAREMONT EW78513-BK\/OP - Discover our collection of designer lighting \u2014 pendants, lamps, and ceiling lights \u2014 to brighten every space with style and elegance.","og_url":"https:\/\/luminairesgregoire.com\/en\/product\/murale-exterieur-del-noire-claremont-ew78513-bk-op\/","og_site_name":"Luminaires Paul Gr\u00e9goire","article_modified_time":"2026-04-07T08:28:31+00:00","og_image":[{"width":850,"height":850,"url":"https:\/\/luminairesgregoire.com\/wp-content\/uploads\/2026\/02\/Votre-texte-de-paragraphe-2026-02-12T170234.733.webp","type":"image\/jpeg"}],"twitter_card":"summary_large_image","twitter_misc":{"Est. reading time":"1 minute"},"schema":{"@context":"https:\/\/schema.org","@graph":[{"@type":"WebPage","@id":"https:\/\/luminairesgregoire.com\/en\/product\/murale-exterieur-del-noire-claremont-ew78513-bk-op\/","url":"https:\/\/luminairesgregoire.com\/en\/product\/murale-exterieur-del-noire-claremont-ew78513-bk-op\/","name":"MURALE EXT\u00c9RIEUR DEL NOIRE- CLAREMONT EW78513-BK\/OP","isPartOf":{"@id":"https:\/\/luminairesgregoire.com\/en\/#website"},"primaryImageOfPage":{"@id":"https:\/\/luminairesgregoire.com\/en\/product\/murale-exterieur-del-noire-claremont-ew78513-bk-op\/#primaryimage"},"image":{"@id":"https:\/\/luminairesgregoire.com\/en\/product\/murale-exterieur-del-noire-claremont-ew78513-bk-op\/#primaryimage"},"thumbnailUrl":"https:\/\/luminairesgregoire.com\/wp-content\/uploads\/2026\/02\/Votre-texte-de-paragraphe-2026-02-12T170234.733.webp","datePublished":"2026-01-26T07:06:42+00:00","dateModified":"2026-04-07T08:28:31+00:00","description":"MURALE EXT\u00c9RIEUR DEL NOIRE- CLAREMONT EW78513-BK\/OP - Discover our collection of designer lighting \u2014 pendants, lamps, and ceiling lights \u2014 to brighten every space with style and elegance.","breadcrumb":{"@id":"https:\/\/luminairesgregoire.com\/en\/product\/murale-exterieur-del-noire-claremont-ew78513-bk-op\/#breadcrumb"},"inLanguage":"en-US","potentialAction":[{"@type":"ReadAction","target":["https:\/\/luminairesgregoire.com\/en\/product\/murale-exterieur-del-noire-claremont-ew78513-bk-op\/"]}]},{"@type":"ImageObject","inLanguage":"en-US","@id":"https:\/\/luminairesgregoire.com\/en\/product\/murale-exterieur-del-noire-claremont-ew78513-bk-op\/#primaryimage","url":"https:\/\/luminairesgregoire.com\/wp-content\/uploads\/2026\/02\/Votre-texte-de-paragraphe-2026-02-12T170234.733.webp","contentUrl":"https:\/\/luminairesgregoire.com\/wp-content\/uploads\/2026\/02\/Votre-texte-de-paragraphe-2026-02-12T170234.733.webp","width":850,"height":850,"caption":"MURALE EXT\u00c9RIEUR DEL NOIRE- CLAREMONT EW78513-BK\/OP"},{"@type":"BreadcrumbList","@id":"https:\/\/luminairesgregoire.com\/en\/product\/murale-exterieur-del-noire-claremont-ew78513-bk-op\/#breadcrumb","itemListElement":[{"@type":"ListItem","position":1,"name":"Home","item":"https:\/\/luminairesgregoire.com\/en\/"},{"@type":"ListItem","position":2,"name":"Store","item":"https:\/\/luminairesgregoire.com\/en\/products\/"},{"@type":"ListItem","position":3,"name":"MURALE EXT\u00c9RIEUR DEL NOIRE- CLAREMONT EW78513-BK\/OP"}]},{"@type":"WebSite","@id":"https:\/\/luminairesgregoire.com\/en\/#website","url":"https:\/\/luminairesgregoire.com\/en\/","name":"Luminaires Paul Gr\u00e9goire","description":"","publisher":{"@id":"https:\/\/luminairesgregoire.com\/en\/#organization"},"potentialAction":[{"@type":"SearchAction","target":{"@type":"EntryPoint","urlTemplate":"https:\/\/luminairesgregoire.com\/en\/?s={search_term_string}"},"query-input":{"@type":"PropertyValueSpecification","valueRequired":true,"valueName":"search_term_string"}}],"inLanguage":"en-US"},{"@type":"Organization","@id":"https:\/\/luminairesgregoire.com\/en\/#organization","name":"Luminaires Paul Gr\u00e9goire","url":"https:\/\/luminairesgregoire.com\/en\/","logo":{"@type":"ImageObject","inLanguage":"en-US","@id":"https:\/\/luminairesgregoire.com\/en\/#\/schema\/logo\/image\/","url":"https:\/\/luminairesgregoire.com\/wp-content\/uploads\/2021\/05\/logo_CMYK-1-1.png","contentUrl":"https:\/\/luminairesgregoire.com\/wp-content\/uploads\/2021\/05\/logo_CMYK-1-1.png","width":350,"height":164,"caption":"Luminaires Paul Gr\u00e9goire"},"image":{"@id":"https:\/\/luminairesgregoire.com\/en\/#\/schema\/logo\/image\/"}}]}},"_links":{"self":[{"href":"https:\/\/luminairesgregoire.com\/en\/wp-json\/wp\/v2\/product\/33734","targetHints":{"allow":["GET"]}}],"collection":[{"href":"https:\/\/luminairesgregoire.com\/en\/wp-json\/wp\/v2\/product"}],"about":[{"href":"https:\/\/luminairesgregoire.com\/en\/wp-json\/wp\/v2\/types\/product"}],"wp:featuredmedia":[{"embeddable":true,"href":"https:\/\/luminairesgregoire.com\/en\/wp-json\/wp\/v2\/media\/34787"}],"wp:attachment":[{"href":"https:\/\/luminairesgregoire.com\/en\/wp-json\/wp\/v2\/media?parent=33734"}],"wp:term":[{"taxonomy":"product_brand","embeddable":true,"href":"https:\/\/luminairesgregoire.com\/en\/wp-json\/wp\/v2\/product_brand?post=33734"},{"taxonomy":"product_cat","embeddable":true,"href":"https:\/\/luminairesgregoire.com\/en\/wp-json\/wp\/v2\/product_cat?post=33734"},{"taxonomy":"product_tag","embeddable":true,"href":"https:\/\/luminairesgregoire.com\/en\/wp-json\/wp\/v2\/product_tag?post=33734"}],"curies":[{"name":"wp","href":"https:\/\/api.w.org\/{rel}","templated":true}]}}