{"id":33886,"date":"2026-01-28T02:11:25","date_gmt":"2026-01-28T07:11:25","guid":{"rendered":"https:\/\/luminairesgregoire.com\/?post_type=product&#038;p=33886"},"modified":"2026-04-07T04:28:51","modified_gmt":"2026-04-07T08:28:51","slug":"ventilateur-52-satin-nickel-janax-ac40352-sn","status":"publish","type":"product","link":"https:\/\/luminairesgregoire.com\/en\/product\/ventilateur-52-satin-nickel-janax-ac40352-sn\/","title":{"rendered":"VENTILATEUR 52&#8221; SATIN NICKEL- JANAX AC40352-SN"},"content":{"rendered":"<p data-start=\"61\" data-end=\"236\">Ventilateur de plafond <strong data-start=\"84\" data-end=\"99\">JANAX 52 po<\/strong> \u00e0 <strong data-start=\"102\" data-end=\"113\">3 pales<\/strong> avec moteur CC et ensemble d\u2019\u00e9clairage DEL \u00e0 couleur ajustable, offert en finition <strong data-start=\"197\" data-end=\"214\">nickel satin\u00e9<\/strong> avec pales assorties.<\/p>\n<p data-start=\"238\" data-end=\"563\">La t\u00e9l\u00e9commande multifonction incluse permet <strong data-start=\"283\" data-end=\"297\">6 vitesses<\/strong>, l\u2019ajustement du <strong data-start=\"315\" data-end=\"342\">CCT (couleur de la DEL)<\/strong>, un <strong data-start=\"347\" data-end=\"364\">gradateur DEL<\/strong>, la <strong data-start=\"369\" data-end=\"392\">fonction r\u00e9versible<\/strong>, une <strong data-start=\"398\" data-end=\"451\">minuterie d\u2019arr\u00eat automatique de 1 \/ 4 \/ 8 heures<\/strong>, ainsi qu\u2019un mode <strong data-start=\"470\" data-end=\"486\">Vent naturel<\/strong> qui module la vitesse du ventilateur afin de reproduire une brise naturelle.<\/p>\n","protected":false},"excerpt":{"rendered":"<p>Ventilateur de plafond JANAX 52 po \u00e0 3 pales avec moteur CC et ensemble d\u2019\u00e9clairage DEL \u00e0 couleur ajustable, offert en finition nickel satin\u00e9 avec pales assorties. La t\u00e9l\u00e9commande multifonction incluse permet 6 vitesses, l\u2019ajustement du CCT (couleur de la DEL), un gradateur DEL, la fonction r\u00e9versible, une minuterie d\u2019arr\u00eat automatique de 1 \/ 4 [&hellip;]<\/p>\n","protected":false},"featured_media":35006,"template":"","meta":{"_acf_changed":false},"product_brand":[6301],"product_cat":[6011,5851],"product_tag":[],"class_list":{"0":"post-33886","1":"product","2":"type-product","3":"status-publish","4":"has-post-thumbnail","6":"product_brand-kendal","7":"product_cat-soldes","8":"product_cat-ventilateurs-de-plafond","9":"pa_diametre-2733","10":"pa_finis-nickel","11":"pa_hauteur-12-8","12":"pa_information-divers-garantie-a-vie-sur-le-moteur-5-ans-sur-le-module-declairage-et-1-an-sur-toutes-les-autres-pieces","14":"first","15":"instock","16":"sale","17":"taxable","18":"shipping-taxable","19":"purchasable","20":"product-type-simple"},"acf":[],"yoast_head":"<!-- This site is optimized with the Yoast SEO plugin v26.9 - https:\/\/yoast.com\/product\/yoast-seo-wordpress\/ -->\n<title>VENTILATEUR 52&#039;&#039; SATIN NICKEL- JANAX AC40352-SN - Luminaires Paul Gr\u00e9goire<\/title>\n<meta name=\"description\" content=\"VENTILATEUR 52&#039;&#039; SATIN NICKEL- JANAX AC40352-SN - Discover our collection of designer lighting \u2014 pendants, lamps, and ceiling lights \u2014 to brighten every space with style and elegance.\" \/>\n<meta name=\"robots\" content=\"index, follow, max-snippet:-1, max-image-preview:large, max-video-preview:-1\" \/>\n<link rel=\"canonical\" href=\"https:\/\/luminairesgregoire.com\/en\/product\/ventilateur-52-satin-nickel-janax-ac40352-sn\/\" \/>\n<meta property=\"og:locale\" content=\"en_US\" \/>\n<meta property=\"og:type\" content=\"article\" \/>\n<meta property=\"og:title\" content=\"VENTILATEUR 52&#039;&#039; SATIN NICKEL- JANAX AC40352-SN - Luminaires Paul Gr\u00e9goire\" \/>\n<meta property=\"og:description\" content=\"VENTILATEUR 52&#039;&#039; SATIN NICKEL- JANAX AC40352-SN - Discover our collection of designer lighting \u2014 pendants, lamps, and ceiling lights \u2014 to brighten every space with style and elegance.\" \/>\n<meta property=\"og:url\" content=\"https:\/\/luminairesgregoire.com\/en\/product\/ventilateur-52-satin-nickel-janax-ac40352-sn\/\" \/>\n<meta property=\"og:site_name\" content=\"Luminaires Paul Gr\u00e9goire\" \/>\n<meta property=\"article:modified_time\" content=\"2026-04-07T08:28:51+00:00\" \/>\n<meta property=\"og:image\" content=\"https:\/\/luminairesgregoire.com\/wp-content\/uploads\/2026\/02\/Votre-texte-de-paragraphe-2026-02-17T153650.499.webp\" \/>\n\t<meta property=\"og:image:width\" content=\"850\" \/>\n\t<meta property=\"og:image:height\" content=\"850\" \/>\n\t<meta property=\"og:image:type\" content=\"image\/jpeg\" \/>\n<meta name=\"twitter:card\" content=\"summary_large_image\" \/>\n<meta name=\"twitter:label1\" content=\"Est. reading time\" \/>\n\t<meta name=\"twitter:data1\" content=\"1 minute\" \/>\n<script type=\"application\/ld+json\" class=\"yoast-schema-graph\">{\"@context\":\"https:\/\/schema.org\",\"@graph\":[{\"@type\":\"WebPage\",\"@id\":\"https:\/\/luminairesgregoire.com\/en\/product\/ventilateur-52-satin-nickel-janax-ac40352-sn\/\",\"url\":\"https:\/\/luminairesgregoire.com\/en\/product\/ventilateur-52-satin-nickel-janax-ac40352-sn\/\",\"name\":\"VENTILATEUR 52'' SATIN NICKEL- JANAX AC40352-SN - Luminaires Paul Gr\u00e9goire\",\"isPartOf\":{\"@id\":\"https:\/\/luminairesgregoire.com\/en\/#website\"},\"primaryImageOfPage\":{\"@id\":\"https:\/\/luminairesgregoire.com\/en\/product\/ventilateur-52-satin-nickel-janax-ac40352-sn\/#primaryimage\"},\"image\":{\"@id\":\"https:\/\/luminairesgregoire.com\/en\/product\/ventilateur-52-satin-nickel-janax-ac40352-sn\/#primaryimage\"},\"thumbnailUrl\":\"https:\/\/luminairesgregoire.com\/wp-content\/uploads\/2026\/02\/Votre-texte-de-paragraphe-2026-02-17T153650.499.webp\",\"datePublished\":\"2026-01-28T07:11:25+00:00\",\"dateModified\":\"2026-04-07T08:28:51+00:00\",\"description\":\"VENTILATEUR 52'' SATIN NICKEL- JANAX AC40352-SN - Discover our collection of designer lighting \u2014 pendants, lamps, and ceiling lights \u2014 to brighten every space with style and elegance.\",\"breadcrumb\":{\"@id\":\"https:\/\/luminairesgregoire.com\/en\/product\/ventilateur-52-satin-nickel-janax-ac40352-sn\/#breadcrumb\"},\"inLanguage\":\"en-US\",\"potentialAction\":[{\"@type\":\"ReadAction\",\"target\":[\"https:\/\/luminairesgregoire.com\/en\/product\/ventilateur-52-satin-nickel-janax-ac40352-sn\/\"]}]},{\"@type\":\"ImageObject\",\"inLanguage\":\"en-US\",\"@id\":\"https:\/\/luminairesgregoire.com\/en\/product\/ventilateur-52-satin-nickel-janax-ac40352-sn\/#primaryimage\",\"url\":\"https:\/\/luminairesgregoire.com\/wp-content\/uploads\/2026\/02\/Votre-texte-de-paragraphe-2026-02-17T153650.499.webp\",\"contentUrl\":\"https:\/\/luminairesgregoire.com\/wp-content\/uploads\/2026\/02\/Votre-texte-de-paragraphe-2026-02-17T153650.499.webp\",\"width\":850,\"height\":850,\"caption\":\"VENTILATEUR 52'' SATIN NICKEL- JANAX AC40352-SN\"},{\"@type\":\"BreadcrumbList\",\"@id\":\"https:\/\/luminairesgregoire.com\/en\/product\/ventilateur-52-satin-nickel-janax-ac40352-sn\/#breadcrumb\",\"itemListElement\":[{\"@type\":\"ListItem\",\"position\":1,\"name\":\"Home\",\"item\":\"https:\/\/luminairesgregoire.com\/en\/\"},{\"@type\":\"ListItem\",\"position\":2,\"name\":\"Store\",\"item\":\"https:\/\/luminairesgregoire.com\/en\/products\/\"},{\"@type\":\"ListItem\",\"position\":3,\"name\":\"VENTILATEUR 52\u00a0\u00bb SATIN NICKEL- JANAX AC40352-SN\"}]},{\"@type\":\"WebSite\",\"@id\":\"https:\/\/luminairesgregoire.com\/en\/#website\",\"url\":\"https:\/\/luminairesgregoire.com\/en\/\",\"name\":\"Luminaires Paul Gr\u00e9goire\",\"description\":\"\",\"publisher\":{\"@id\":\"https:\/\/luminairesgregoire.com\/en\/#organization\"},\"potentialAction\":[{\"@type\":\"SearchAction\",\"target\":{\"@type\":\"EntryPoint\",\"urlTemplate\":\"https:\/\/luminairesgregoire.com\/en\/?s={search_term_string}\"},\"query-input\":{\"@type\":\"PropertyValueSpecification\",\"valueRequired\":true,\"valueName\":\"search_term_string\"}}],\"inLanguage\":\"en-US\"},{\"@type\":\"Organization\",\"@id\":\"https:\/\/luminairesgregoire.com\/en\/#organization\",\"name\":\"Luminaires Paul Gr\u00e9goire\",\"url\":\"https:\/\/luminairesgregoire.com\/en\/\",\"logo\":{\"@type\":\"ImageObject\",\"inLanguage\":\"en-US\",\"@id\":\"https:\/\/luminairesgregoire.com\/en\/#\/schema\/logo\/image\/\",\"url\":\"https:\/\/luminairesgregoire.com\/wp-content\/uploads\/2021\/05\/logo_CMYK-1-1.png\",\"contentUrl\":\"https:\/\/luminairesgregoire.com\/wp-content\/uploads\/2021\/05\/logo_CMYK-1-1.png\",\"width\":350,\"height\":164,\"caption\":\"Luminaires Paul Gr\u00e9goire\"},\"image\":{\"@id\":\"https:\/\/luminairesgregoire.com\/en\/#\/schema\/logo\/image\/\"}}]}<\/script>\n<!-- \/ Yoast SEO plugin. -->","yoast_head_json":{"title":"VENTILATEUR 52'' SATIN NICKEL- JANAX AC40352-SN - Luminaires Paul Gr\u00e9goire","description":"VENTILATEUR 52'' SATIN NICKEL- JANAX AC40352-SN - Discover our collection of designer lighting \u2014 pendants, lamps, and ceiling lights \u2014 to brighten every space with style and elegance.","robots":{"index":"index","follow":"follow","max-snippet":"max-snippet:-1","max-image-preview":"max-image-preview:large","max-video-preview":"max-video-preview:-1"},"canonical":"https:\/\/luminairesgregoire.com\/en\/product\/ventilateur-52-satin-nickel-janax-ac40352-sn\/","og_locale":"en_US","og_type":"article","og_title":"VENTILATEUR 52'' SATIN NICKEL- JANAX AC40352-SN - Luminaires Paul Gr\u00e9goire","og_description":"VENTILATEUR 52'' SATIN NICKEL- JANAX AC40352-SN - Discover our collection of designer lighting \u2014 pendants, lamps, and ceiling lights \u2014 to brighten every space with style and elegance.","og_url":"https:\/\/luminairesgregoire.com\/en\/product\/ventilateur-52-satin-nickel-janax-ac40352-sn\/","og_site_name":"Luminaires Paul Gr\u00e9goire","article_modified_time":"2026-04-07T08:28:51+00:00","og_image":[{"width":850,"height":850,"url":"https:\/\/luminairesgregoire.com\/wp-content\/uploads\/2026\/02\/Votre-texte-de-paragraphe-2026-02-17T153650.499.webp","type":"image\/jpeg"}],"twitter_card":"summary_large_image","twitter_misc":{"Est. reading time":"1 minute"},"schema":{"@context":"https:\/\/schema.org","@graph":[{"@type":"WebPage","@id":"https:\/\/luminairesgregoire.com\/en\/product\/ventilateur-52-satin-nickel-janax-ac40352-sn\/","url":"https:\/\/luminairesgregoire.com\/en\/product\/ventilateur-52-satin-nickel-janax-ac40352-sn\/","name":"VENTILATEUR 52'' SATIN NICKEL- JANAX AC40352-SN - Luminaires Paul Gr\u00e9goire","isPartOf":{"@id":"https:\/\/luminairesgregoire.com\/en\/#website"},"primaryImageOfPage":{"@id":"https:\/\/luminairesgregoire.com\/en\/product\/ventilateur-52-satin-nickel-janax-ac40352-sn\/#primaryimage"},"image":{"@id":"https:\/\/luminairesgregoire.com\/en\/product\/ventilateur-52-satin-nickel-janax-ac40352-sn\/#primaryimage"},"thumbnailUrl":"https:\/\/luminairesgregoire.com\/wp-content\/uploads\/2026\/02\/Votre-texte-de-paragraphe-2026-02-17T153650.499.webp","datePublished":"2026-01-28T07:11:25+00:00","dateModified":"2026-04-07T08:28:51+00:00","description":"VENTILATEUR 52'' SATIN NICKEL- JANAX AC40352-SN - Discover our collection of designer lighting \u2014 pendants, lamps, and ceiling lights \u2014 to brighten every space with style and elegance.","breadcrumb":{"@id":"https:\/\/luminairesgregoire.com\/en\/product\/ventilateur-52-satin-nickel-janax-ac40352-sn\/#breadcrumb"},"inLanguage":"en-US","potentialAction":[{"@type":"ReadAction","target":["https:\/\/luminairesgregoire.com\/en\/product\/ventilateur-52-satin-nickel-janax-ac40352-sn\/"]}]},{"@type":"ImageObject","inLanguage":"en-US","@id":"https:\/\/luminairesgregoire.com\/en\/product\/ventilateur-52-satin-nickel-janax-ac40352-sn\/#primaryimage","url":"https:\/\/luminairesgregoire.com\/wp-content\/uploads\/2026\/02\/Votre-texte-de-paragraphe-2026-02-17T153650.499.webp","contentUrl":"https:\/\/luminairesgregoire.com\/wp-content\/uploads\/2026\/02\/Votre-texte-de-paragraphe-2026-02-17T153650.499.webp","width":850,"height":850,"caption":"VENTILATEUR 52'' SATIN NICKEL- JANAX AC40352-SN"},{"@type":"BreadcrumbList","@id":"https:\/\/luminairesgregoire.com\/en\/product\/ventilateur-52-satin-nickel-janax-ac40352-sn\/#breadcrumb","itemListElement":[{"@type":"ListItem","position":1,"name":"Home","item":"https:\/\/luminairesgregoire.com\/en\/"},{"@type":"ListItem","position":2,"name":"Store","item":"https:\/\/luminairesgregoire.com\/en\/products\/"},{"@type":"ListItem","position":3,"name":"VENTILATEUR 52\u00a0\u00bb SATIN NICKEL- JANAX AC40352-SN"}]},{"@type":"WebSite","@id":"https:\/\/luminairesgregoire.com\/en\/#website","url":"https:\/\/luminairesgregoire.com\/en\/","name":"Luminaires Paul Gr\u00e9goire","description":"","publisher":{"@id":"https:\/\/luminairesgregoire.com\/en\/#organization"},"potentialAction":[{"@type":"SearchAction","target":{"@type":"EntryPoint","urlTemplate":"https:\/\/luminairesgregoire.com\/en\/?s={search_term_string}"},"query-input":{"@type":"PropertyValueSpecification","valueRequired":true,"valueName":"search_term_string"}}],"inLanguage":"en-US"},{"@type":"Organization","@id":"https:\/\/luminairesgregoire.com\/en\/#organization","name":"Luminaires Paul Gr\u00e9goire","url":"https:\/\/luminairesgregoire.com\/en\/","logo":{"@type":"ImageObject","inLanguage":"en-US","@id":"https:\/\/luminairesgregoire.com\/en\/#\/schema\/logo\/image\/","url":"https:\/\/luminairesgregoire.com\/wp-content\/uploads\/2021\/05\/logo_CMYK-1-1.png","contentUrl":"https:\/\/luminairesgregoire.com\/wp-content\/uploads\/2021\/05\/logo_CMYK-1-1.png","width":350,"height":164,"caption":"Luminaires Paul Gr\u00e9goire"},"image":{"@id":"https:\/\/luminairesgregoire.com\/en\/#\/schema\/logo\/image\/"}}]}},"_links":{"self":[{"href":"https:\/\/luminairesgregoire.com\/en\/wp-json\/wp\/v2\/product\/33886","targetHints":{"allow":["GET"]}}],"collection":[{"href":"https:\/\/luminairesgregoire.com\/en\/wp-json\/wp\/v2\/product"}],"about":[{"href":"https:\/\/luminairesgregoire.com\/en\/wp-json\/wp\/v2\/types\/product"}],"wp:featuredmedia":[{"embeddable":true,"href":"https:\/\/luminairesgregoire.com\/en\/wp-json\/wp\/v2\/media\/35006"}],"wp:attachment":[{"href":"https:\/\/luminairesgregoire.com\/en\/wp-json\/wp\/v2\/media?parent=33886"}],"wp:term":[{"taxonomy":"product_brand","embeddable":true,"href":"https:\/\/luminairesgregoire.com\/en\/wp-json\/wp\/v2\/product_brand?post=33886"},{"taxonomy":"product_cat","embeddable":true,"href":"https:\/\/luminairesgregoire.com\/en\/wp-json\/wp\/v2\/product_cat?post=33886"},{"taxonomy":"product_tag","embeddable":true,"href":"https:\/\/luminairesgregoire.com\/en\/wp-json\/wp\/v2\/product_tag?post=33886"}],"curies":[{"name":"wp","href":"https:\/\/api.w.org\/{rel}","templated":true}]}}