{"id":35188,"date":"2026-02-19T01:44:49","date_gmt":"2026-02-19T06:44:49","guid":{"rendered":"https:\/\/luminairesgregoire.com\/?post_type=product&#038;p=35188"},"modified":"2026-04-10T04:29:59","modified_gmt":"2026-04-10T08:29:59","slug":"murale-exterieurdetecteur-mouvement-noir-buckly-iol715bk","status":"publish","type":"product","link":"https:\/\/luminairesgregoire.com\/en\/product\/murale-exterieurdetecteur-mouvement-noir-buckly-iol715bk\/","title":{"rendered":"MURALE EXT\u00c9RIEUR+DETECTEUR MOUVEMENT NOIR- BUCKLY IOL715BK"},"content":{"rendered":"<p>BUCKLY &#8211; o\u00f9 l\u2019\u00e9l\u00e9gance intemporelle rencontre la fonctionnalit\u00e9 moderne. Avec son verre biseaut\u00e9 transparent, Buckly rayonne de sophistication tout en assurant un \u00e9clairage fiable. Son d\u00e9tecteur de mouvement int\u00e9gr\u00e9 ajoute une couche de s\u00e9curit\u00e9, \u00e9clairant automatiquement votre espace ext\u00e9rieur en cas de besoin. Avec l\u2019applique murale d\u2019ext\u00e9rieur BUCKLY, vous \u00eates s\u00fbr d\u2019avoir un m\u00e9lange parfait de style et de s\u00e9curit\u00e9, nuit apr\u00e8s nuit.<\/p>\n","protected":false},"excerpt":{"rendered":"<p>BUCKLY &#8211; o\u00f9 l\u2019\u00e9l\u00e9gance intemporelle rencontre la fonctionnalit\u00e9 moderne. Avec son verre biseaut\u00e9 transparent, Buckly rayonne de sophistication tout en assurant un \u00e9clairage fiable. Son d\u00e9tecteur de mouvement int\u00e9gr\u00e9 ajoute une couche de s\u00e9curit\u00e9, \u00e9clairant automatiquement votre espace ext\u00e9rieur en cas de besoin. Avec l\u2019applique murale d\u2019ext\u00e9rieur BUCKLY, vous \u00eates s\u00fbr d\u2019avoir un m\u00e9lange parfait [&hellip;]<\/p>\n","protected":false},"featured_media":35857,"template":"","meta":{"_acf_changed":false},"product_brand":[6009],"product_cat":[5837,5849],"product_tag":[],"class_list":{"0":"post-35188","1":"product","2":"type-product","3":"status-publish","4":"has-post-thumbnail","6":"product_brand-canarm","7":"product_cat-eclairages-exterieurs","8":"product_cat-murales-exterieurs","9":"pa_divers-detecteur-de-mouvement","10":"pa_extension-7837","11":"pa_finis-noir","12":"pa_hauteur-10-25","13":"pa_largeur-6-25","15":"first","16":"instock","17":"taxable","18":"shipping-taxable","19":"purchasable","20":"product-type-simple"},"acf":[],"yoast_head":"<!-- This site is optimized with the Yoast SEO plugin v26.9 - https:\/\/yoast.com\/product\/yoast-seo-wordpress\/ -->\n<title>MURALE EXT\u00c9RIEUR+DETECTEUR MOUVEMENT NOIR- BUCKLY IOL715BK<\/title>\n<meta name=\"description\" content=\"MURALE EXT\u00c9RIEUR+DETECTEUR MOUVEMENT NOIR- BUCKLY IOL715BK - Discover our collection of designer lighting \u2014 pendants, lamps, and ceiling lights \u2014 to brighten every space with style and elegance.\" \/>\n<meta name=\"robots\" content=\"index, follow, max-snippet:-1, max-image-preview:large, max-video-preview:-1\" \/>\n<link rel=\"canonical\" href=\"https:\/\/luminairesgregoire.com\/en\/product\/murale-exterieurdetecteur-mouvement-noir-buckly-iol715bk\/\" \/>\n<meta property=\"og:locale\" content=\"en_US\" \/>\n<meta property=\"og:type\" content=\"article\" \/>\n<meta property=\"og:title\" content=\"MURALE EXT\u00c9RIEUR+DETECTEUR MOUVEMENT NOIR- BUCKLY IOL715BK\" \/>\n<meta property=\"og:description\" content=\"MURALE EXT\u00c9RIEUR+DETECTEUR MOUVEMENT NOIR- BUCKLY IOL715BK - Discover our collection of designer lighting \u2014 pendants, lamps, and ceiling lights \u2014 to brighten every space with style and elegance.\" \/>\n<meta property=\"og:url\" content=\"https:\/\/luminairesgregoire.com\/en\/product\/murale-exterieurdetecteur-mouvement-noir-buckly-iol715bk\/\" \/>\n<meta property=\"og:site_name\" content=\"Luminaires Paul Gr\u00e9goire\" \/>\n<meta property=\"article:modified_time\" content=\"2026-04-10T08:29:59+00:00\" \/>\n<meta property=\"og:image\" content=\"https:\/\/luminairesgregoire.com\/wp-content\/uploads\/2026\/03\/Votre-texte-de-paragraphe-2026-03-12T120556.369.webp\" \/>\n\t<meta property=\"og:image:width\" content=\"850\" \/>\n\t<meta property=\"og:image:height\" content=\"850\" \/>\n\t<meta property=\"og:image:type\" content=\"image\/jpeg\" \/>\n<meta name=\"twitter:card\" content=\"summary_large_image\" \/>\n<meta name=\"twitter:label1\" content=\"Est. reading time\" \/>\n\t<meta name=\"twitter:data1\" content=\"1 minute\" \/>\n<script type=\"application\/ld+json\" class=\"yoast-schema-graph\">{\"@context\":\"https:\/\/schema.org\",\"@graph\":[{\"@type\":\"WebPage\",\"@id\":\"https:\/\/luminairesgregoire.com\/en\/product\/murale-exterieurdetecteur-mouvement-noir-buckly-iol715bk\/\",\"url\":\"https:\/\/luminairesgregoire.com\/en\/product\/murale-exterieurdetecteur-mouvement-noir-buckly-iol715bk\/\",\"name\":\"MURALE EXT\u00c9RIEUR+DETECTEUR MOUVEMENT NOIR- BUCKLY IOL715BK\",\"isPartOf\":{\"@id\":\"https:\/\/luminairesgregoire.com\/en\/#website\"},\"primaryImageOfPage\":{\"@id\":\"https:\/\/luminairesgregoire.com\/en\/product\/murale-exterieurdetecteur-mouvement-noir-buckly-iol715bk\/#primaryimage\"},\"image\":{\"@id\":\"https:\/\/luminairesgregoire.com\/en\/product\/murale-exterieurdetecteur-mouvement-noir-buckly-iol715bk\/#primaryimage\"},\"thumbnailUrl\":\"https:\/\/luminairesgregoire.com\/wp-content\/uploads\/2026\/03\/Votre-texte-de-paragraphe-2026-03-12T120556.369.webp\",\"datePublished\":\"2026-02-19T06:44:49+00:00\",\"dateModified\":\"2026-04-10T08:29:59+00:00\",\"description\":\"MURALE EXT\u00c9RIEUR+DETECTEUR MOUVEMENT NOIR- BUCKLY IOL715BK - Discover our collection of designer lighting \u2014 pendants, lamps, and ceiling lights \u2014 to brighten every space with style and elegance.\",\"breadcrumb\":{\"@id\":\"https:\/\/luminairesgregoire.com\/en\/product\/murale-exterieurdetecteur-mouvement-noir-buckly-iol715bk\/#breadcrumb\"},\"inLanguage\":\"en-US\",\"potentialAction\":[{\"@type\":\"ReadAction\",\"target\":[\"https:\/\/luminairesgregoire.com\/en\/product\/murale-exterieurdetecteur-mouvement-noir-buckly-iol715bk\/\"]}]},{\"@type\":\"ImageObject\",\"inLanguage\":\"en-US\",\"@id\":\"https:\/\/luminairesgregoire.com\/en\/product\/murale-exterieurdetecteur-mouvement-noir-buckly-iol715bk\/#primaryimage\",\"url\":\"https:\/\/luminairesgregoire.com\/wp-content\/uploads\/2026\/03\/Votre-texte-de-paragraphe-2026-03-12T120556.369.webp\",\"contentUrl\":\"https:\/\/luminairesgregoire.com\/wp-content\/uploads\/2026\/03\/Votre-texte-de-paragraphe-2026-03-12T120556.369.webp\",\"width\":850,\"height\":850,\"caption\":\"MURALE EXT\u00c9RIEUR+DETECTEUR MOUVEMENT NOIR- BUCKLY IOL715BK\"},{\"@type\":\"BreadcrumbList\",\"@id\":\"https:\/\/luminairesgregoire.com\/en\/product\/murale-exterieurdetecteur-mouvement-noir-buckly-iol715bk\/#breadcrumb\",\"itemListElement\":[{\"@type\":\"ListItem\",\"position\":1,\"name\":\"Home\",\"item\":\"https:\/\/luminairesgregoire.com\/en\/\"},{\"@type\":\"ListItem\",\"position\":2,\"name\":\"Store\",\"item\":\"https:\/\/luminairesgregoire.com\/en\/products\/\"},{\"@type\":\"ListItem\",\"position\":3,\"name\":\"MURALE EXT\u00c9RIEUR+DETECTEUR MOUVEMENT NOIR- BUCKLY IOL715BK\"}]},{\"@type\":\"WebSite\",\"@id\":\"https:\/\/luminairesgregoire.com\/en\/#website\",\"url\":\"https:\/\/luminairesgregoire.com\/en\/\",\"name\":\"Luminaires Paul Gr\u00e9goire\",\"description\":\"\",\"publisher\":{\"@id\":\"https:\/\/luminairesgregoire.com\/en\/#organization\"},\"potentialAction\":[{\"@type\":\"SearchAction\",\"target\":{\"@type\":\"EntryPoint\",\"urlTemplate\":\"https:\/\/luminairesgregoire.com\/en\/?s={search_term_string}\"},\"query-input\":{\"@type\":\"PropertyValueSpecification\",\"valueRequired\":true,\"valueName\":\"search_term_string\"}}],\"inLanguage\":\"en-US\"},{\"@type\":\"Organization\",\"@id\":\"https:\/\/luminairesgregoire.com\/en\/#organization\",\"name\":\"Luminaires Paul Gr\u00e9goire\",\"url\":\"https:\/\/luminairesgregoire.com\/en\/\",\"logo\":{\"@type\":\"ImageObject\",\"inLanguage\":\"en-US\",\"@id\":\"https:\/\/luminairesgregoire.com\/en\/#\/schema\/logo\/image\/\",\"url\":\"https:\/\/luminairesgregoire.com\/wp-content\/uploads\/2021\/05\/logo_CMYK-1-1.png\",\"contentUrl\":\"https:\/\/luminairesgregoire.com\/wp-content\/uploads\/2021\/05\/logo_CMYK-1-1.png\",\"width\":350,\"height\":164,\"caption\":\"Luminaires Paul Gr\u00e9goire\"},\"image\":{\"@id\":\"https:\/\/luminairesgregoire.com\/en\/#\/schema\/logo\/image\/\"}}]}<\/script>\n<!-- \/ Yoast SEO plugin. -->","yoast_head_json":{"title":"MURALE EXT\u00c9RIEUR+DETECTEUR MOUVEMENT NOIR- BUCKLY IOL715BK","description":"MURALE EXT\u00c9RIEUR+DETECTEUR MOUVEMENT NOIR- BUCKLY IOL715BK - Discover our collection of designer lighting \u2014 pendants, lamps, and ceiling lights \u2014 to brighten every space with style and elegance.","robots":{"index":"index","follow":"follow","max-snippet":"max-snippet:-1","max-image-preview":"max-image-preview:large","max-video-preview":"max-video-preview:-1"},"canonical":"https:\/\/luminairesgregoire.com\/en\/product\/murale-exterieurdetecteur-mouvement-noir-buckly-iol715bk\/","og_locale":"en_US","og_type":"article","og_title":"MURALE EXT\u00c9RIEUR+DETECTEUR MOUVEMENT NOIR- BUCKLY IOL715BK","og_description":"MURALE EXT\u00c9RIEUR+DETECTEUR MOUVEMENT NOIR- BUCKLY IOL715BK - Discover our collection of designer lighting \u2014 pendants, lamps, and ceiling lights \u2014 to brighten every space with style and elegance.","og_url":"https:\/\/luminairesgregoire.com\/en\/product\/murale-exterieurdetecteur-mouvement-noir-buckly-iol715bk\/","og_site_name":"Luminaires Paul Gr\u00e9goire","article_modified_time":"2026-04-10T08:29:59+00:00","og_image":[{"width":850,"height":850,"url":"https:\/\/luminairesgregoire.com\/wp-content\/uploads\/2026\/03\/Votre-texte-de-paragraphe-2026-03-12T120556.369.webp","type":"image\/jpeg"}],"twitter_card":"summary_large_image","twitter_misc":{"Est. reading time":"1 minute"},"schema":{"@context":"https:\/\/schema.org","@graph":[{"@type":"WebPage","@id":"https:\/\/luminairesgregoire.com\/en\/product\/murale-exterieurdetecteur-mouvement-noir-buckly-iol715bk\/","url":"https:\/\/luminairesgregoire.com\/en\/product\/murale-exterieurdetecteur-mouvement-noir-buckly-iol715bk\/","name":"MURALE EXT\u00c9RIEUR+DETECTEUR MOUVEMENT NOIR- BUCKLY IOL715BK","isPartOf":{"@id":"https:\/\/luminairesgregoire.com\/en\/#website"},"primaryImageOfPage":{"@id":"https:\/\/luminairesgregoire.com\/en\/product\/murale-exterieurdetecteur-mouvement-noir-buckly-iol715bk\/#primaryimage"},"image":{"@id":"https:\/\/luminairesgregoire.com\/en\/product\/murale-exterieurdetecteur-mouvement-noir-buckly-iol715bk\/#primaryimage"},"thumbnailUrl":"https:\/\/luminairesgregoire.com\/wp-content\/uploads\/2026\/03\/Votre-texte-de-paragraphe-2026-03-12T120556.369.webp","datePublished":"2026-02-19T06:44:49+00:00","dateModified":"2026-04-10T08:29:59+00:00","description":"MURALE EXT\u00c9RIEUR+DETECTEUR MOUVEMENT NOIR- BUCKLY IOL715BK - Discover our collection of designer lighting \u2014 pendants, lamps, and ceiling lights \u2014 to brighten every space with style and elegance.","breadcrumb":{"@id":"https:\/\/luminairesgregoire.com\/en\/product\/murale-exterieurdetecteur-mouvement-noir-buckly-iol715bk\/#breadcrumb"},"inLanguage":"en-US","potentialAction":[{"@type":"ReadAction","target":["https:\/\/luminairesgregoire.com\/en\/product\/murale-exterieurdetecteur-mouvement-noir-buckly-iol715bk\/"]}]},{"@type":"ImageObject","inLanguage":"en-US","@id":"https:\/\/luminairesgregoire.com\/en\/product\/murale-exterieurdetecteur-mouvement-noir-buckly-iol715bk\/#primaryimage","url":"https:\/\/luminairesgregoire.com\/wp-content\/uploads\/2026\/03\/Votre-texte-de-paragraphe-2026-03-12T120556.369.webp","contentUrl":"https:\/\/luminairesgregoire.com\/wp-content\/uploads\/2026\/03\/Votre-texte-de-paragraphe-2026-03-12T120556.369.webp","width":850,"height":850,"caption":"MURALE EXT\u00c9RIEUR+DETECTEUR MOUVEMENT NOIR- BUCKLY IOL715BK"},{"@type":"BreadcrumbList","@id":"https:\/\/luminairesgregoire.com\/en\/product\/murale-exterieurdetecteur-mouvement-noir-buckly-iol715bk\/#breadcrumb","itemListElement":[{"@type":"ListItem","position":1,"name":"Home","item":"https:\/\/luminairesgregoire.com\/en\/"},{"@type":"ListItem","position":2,"name":"Store","item":"https:\/\/luminairesgregoire.com\/en\/products\/"},{"@type":"ListItem","position":3,"name":"MURALE EXT\u00c9RIEUR+DETECTEUR MOUVEMENT NOIR- BUCKLY IOL715BK"}]},{"@type":"WebSite","@id":"https:\/\/luminairesgregoire.com\/en\/#website","url":"https:\/\/luminairesgregoire.com\/en\/","name":"Luminaires Paul Gr\u00e9goire","description":"","publisher":{"@id":"https:\/\/luminairesgregoire.com\/en\/#organization"},"potentialAction":[{"@type":"SearchAction","target":{"@type":"EntryPoint","urlTemplate":"https:\/\/luminairesgregoire.com\/en\/?s={search_term_string}"},"query-input":{"@type":"PropertyValueSpecification","valueRequired":true,"valueName":"search_term_string"}}],"inLanguage":"en-US"},{"@type":"Organization","@id":"https:\/\/luminairesgregoire.com\/en\/#organization","name":"Luminaires Paul Gr\u00e9goire","url":"https:\/\/luminairesgregoire.com\/en\/","logo":{"@type":"ImageObject","inLanguage":"en-US","@id":"https:\/\/luminairesgregoire.com\/en\/#\/schema\/logo\/image\/","url":"https:\/\/luminairesgregoire.com\/wp-content\/uploads\/2021\/05\/logo_CMYK-1-1.png","contentUrl":"https:\/\/luminairesgregoire.com\/wp-content\/uploads\/2021\/05\/logo_CMYK-1-1.png","width":350,"height":164,"caption":"Luminaires Paul Gr\u00e9goire"},"image":{"@id":"https:\/\/luminairesgregoire.com\/en\/#\/schema\/logo\/image\/"}}]}},"_links":{"self":[{"href":"https:\/\/luminairesgregoire.com\/en\/wp-json\/wp\/v2\/product\/35188","targetHints":{"allow":["GET"]}}],"collection":[{"href":"https:\/\/luminairesgregoire.com\/en\/wp-json\/wp\/v2\/product"}],"about":[{"href":"https:\/\/luminairesgregoire.com\/en\/wp-json\/wp\/v2\/types\/product"}],"wp:featuredmedia":[{"embeddable":true,"href":"https:\/\/luminairesgregoire.com\/en\/wp-json\/wp\/v2\/media\/35857"}],"wp:attachment":[{"href":"https:\/\/luminairesgregoire.com\/en\/wp-json\/wp\/v2\/media?parent=35188"}],"wp:term":[{"taxonomy":"product_brand","embeddable":true,"href":"https:\/\/luminairesgregoire.com\/en\/wp-json\/wp\/v2\/product_brand?post=35188"},{"taxonomy":"product_cat","embeddable":true,"href":"https:\/\/luminairesgregoire.com\/en\/wp-json\/wp\/v2\/product_cat?post=35188"},{"taxonomy":"product_tag","embeddable":true,"href":"https:\/\/luminairesgregoire.com\/en\/wp-json\/wp\/v2\/product_tag?post=35188"}],"curies":[{"name":"wp","href":"https:\/\/api.w.org\/{rel}","templated":true}]}}