{"id":35628,"date":"2026-03-10T02:05:53","date_gmt":"2026-03-10T06:05:53","guid":{"rendered":"https:\/\/luminairesgregoire.com\/?post_type=product&#038;p=35628"},"modified":"2026-04-30T05:33:05","modified_gmt":"2026-04-30T09:33:05","slug":"encastre-regresse-4-noir-facet-rgm4-cc-bk","status":"publish","type":"product","link":"https:\/\/luminairesgregoire.com\/en\/product\/encastre-regresse-4-noir-facet-rgm4-cc-bk\/","title":{"rendered":"ENCASTR\u00c9 R\u00c9GRESS\u00c9 4&#8221; NOIR- FACET RGM4-CC-BK"},"content":{"rendered":"<p>Ce cardan mince moderne et polyvalent de 2, 4 et 6 pouces avec pivot r\u00e9glable multidirectionnel produit une lueur brillante avec un \u00e9blouissement minimal gr\u00e2ce \u00e0 sa source lumineuse r\u00e9gress\u00e9e. Id\u00e9al pour l\u2019\u00e9clairage g\u00e9n\u00e9ral ou pour les zones n\u00e9cessitant une lumi\u00e8re directionnelle pour mettre en valeur des \u00e9l\u00e9ments uniques ou pour cr\u00e9er des effets de lavis mural spectaculaires.<\/p>\n","protected":false},"excerpt":{"rendered":"<p>Ce cardan mince moderne et polyvalent de 2, 4 et 6 pouces avec pivot r\u00e9glable multidirectionnel produit une lueur brillante avec un \u00e9blouissement minimal gr\u00e2ce \u00e0 sa source lumineuse r\u00e9gress\u00e9e. Id\u00e9al pour l\u2019\u00e9clairage g\u00e9n\u00e9ral ou pour les zones n\u00e9cessitant une lumi\u00e8re directionnelle pour mettre en valeur des \u00e9l\u00e9ments uniques ou pour cr\u00e9er des effets de [&hellip;]<\/p>\n","protected":false},"featured_media":39000,"template":"","meta":{"_acf_changed":false},"product_brand":[6019],"product_cat":[5883],"product_tag":[],"class_list":{"0":"post-35628","1":"product","2":"type-product","3":"status-publish","4":"has-post-thumbnail","6":"product_brand-dals","7":"product_cat-encastre","8":"pa_diametre-4-5","9":"pa_finis-noir","10":"pa_garantie-5-ans","11":"pa_hauteur-3-5","13":"first","14":"instock","15":"taxable","16":"shipping-taxable","17":"purchasable","18":"product-type-simple"},"acf":[],"yoast_head":"<!-- This site is optimized with the Yoast SEO plugin v27.4 - https:\/\/yoast.com\/product\/yoast-seo-wordpress\/ -->\n<title>ENCASTR\u00c9 R\u00c9GRESS\u00c9 4&#039;&#039; NOIR- FACET RGM4-CC-BK - Luminaires Paul Gr\u00e9goire<\/title>\n<meta name=\"description\" content=\"ENCASTR\u00c9 R\u00c9GRESS\u00c9 4&#039;&#039; NOIR- FACET RGM4-CC-BK - Discover our collection of designer lighting \u2014 pendants, lamps, and ceiling lights \u2014 to brighten every space with style and elegance.\" \/>\n<meta name=\"robots\" content=\"index, follow, max-snippet:-1, max-image-preview:large, max-video-preview:-1\" \/>\n<link rel=\"canonical\" href=\"https:\/\/luminairesgregoire.com\/en\/product\/encastre-regresse-4-noir-facet-rgm4-cc-bk\/\" \/>\n<meta property=\"og:locale\" content=\"en_US\" \/>\n<meta property=\"og:type\" content=\"article\" \/>\n<meta property=\"og:title\" content=\"ENCASTR\u00c9 R\u00c9GRESS\u00c9 4&#039;&#039; NOIR- FACET RGM4-CC-BK - Luminaires Paul Gr\u00e9goire\" \/>\n<meta property=\"og:description\" content=\"ENCASTR\u00c9 R\u00c9GRESS\u00c9 4&#039;&#039; NOIR- FACET RGM4-CC-BK - Discover our collection of designer lighting \u2014 pendants, lamps, and ceiling lights \u2014 to brighten every space with style and elegance.\" \/>\n<meta property=\"og:url\" content=\"https:\/\/luminairesgregoire.com\/en\/product\/encastre-regresse-4-noir-facet-rgm4-cc-bk\/\" \/>\n<meta property=\"og:site_name\" content=\"Luminaires Paul Gr\u00e9goire\" \/>\n<meta property=\"article:modified_time\" content=\"2026-04-30T09:33:05+00:00\" \/>\n<meta property=\"og:image\" content=\"https:\/\/luminairesgregoire.com\/wp-content\/uploads\/2026\/04\/Votre-texte-de-paragraphe-2026-04-28T145248.694.webp\" \/>\n\t<meta property=\"og:image:width\" content=\"850\" \/>\n\t<meta property=\"og:image:height\" content=\"850\" \/>\n\t<meta property=\"og:image:type\" content=\"image\/jpeg\" \/>\n<meta name=\"twitter:card\" content=\"summary_large_image\" \/>\n<meta name=\"twitter:label1\" content=\"Est. reading time\" \/>\n\t<meta name=\"twitter:data1\" content=\"1 minute\" \/>\n<script type=\"application\/ld+json\" class=\"yoast-schema-graph\">{\"@context\":\"https:\\\/\\\/schema.org\",\"@graph\":[{\"@type\":\"WebPage\",\"@id\":\"https:\\\/\\\/luminairesgregoire.com\\\/en\\\/product\\\/encastre-regresse-4-noir-facet-rgm4-cc-bk\\\/\",\"url\":\"https:\\\/\\\/luminairesgregoire.com\\\/en\\\/product\\\/encastre-regresse-4-noir-facet-rgm4-cc-bk\\\/\",\"name\":\"ENCASTR\u00c9 R\u00c9GRESS\u00c9 4'' NOIR- FACET RGM4-CC-BK - Luminaires Paul Gr\u00e9goire\",\"isPartOf\":{\"@id\":\"https:\\\/\\\/luminairesgregoire.com\\\/en\\\/#website\"},\"primaryImageOfPage\":{\"@id\":\"https:\\\/\\\/luminairesgregoire.com\\\/en\\\/product\\\/encastre-regresse-4-noir-facet-rgm4-cc-bk\\\/#primaryimage\"},\"image\":{\"@id\":\"https:\\\/\\\/luminairesgregoire.com\\\/en\\\/product\\\/encastre-regresse-4-noir-facet-rgm4-cc-bk\\\/#primaryimage\"},\"thumbnailUrl\":\"https:\\\/\\\/luminairesgregoire.com\\\/wp-content\\\/uploads\\\/2026\\\/04\\\/Votre-texte-de-paragraphe-2026-04-28T145248.694.webp\",\"datePublished\":\"2026-03-10T06:05:53+00:00\",\"dateModified\":\"2026-04-30T09:33:05+00:00\",\"description\":\"ENCASTR\u00c9 R\u00c9GRESS\u00c9 4'' NOIR- FACET RGM4-CC-BK - Discover our collection of designer lighting \u2014 pendants, lamps, and ceiling lights \u2014 to brighten every space with style and elegance.\",\"breadcrumb\":{\"@id\":\"https:\\\/\\\/luminairesgregoire.com\\\/en\\\/product\\\/encastre-regresse-4-noir-facet-rgm4-cc-bk\\\/#breadcrumb\"},\"inLanguage\":\"en-US\",\"potentialAction\":[{\"@type\":\"ReadAction\",\"target\":[\"https:\\\/\\\/luminairesgregoire.com\\\/en\\\/product\\\/encastre-regresse-4-noir-facet-rgm4-cc-bk\\\/\"]}]},{\"@type\":\"ImageObject\",\"inLanguage\":\"en-US\",\"@id\":\"https:\\\/\\\/luminairesgregoire.com\\\/en\\\/product\\\/encastre-regresse-4-noir-facet-rgm4-cc-bk\\\/#primaryimage\",\"url\":\"https:\\\/\\\/luminairesgregoire.com\\\/wp-content\\\/uploads\\\/2026\\\/04\\\/Votre-texte-de-paragraphe-2026-04-28T145248.694.webp\",\"contentUrl\":\"https:\\\/\\\/luminairesgregoire.com\\\/wp-content\\\/uploads\\\/2026\\\/04\\\/Votre-texte-de-paragraphe-2026-04-28T145248.694.webp\",\"width\":850,\"height\":850,\"caption\":\"ENCASTR\u00c9 R\u00c9GRESS\u00c9 4'' NOIR- FACET RGM4-CC-BK\"},{\"@type\":\"BreadcrumbList\",\"@id\":\"https:\\\/\\\/luminairesgregoire.com\\\/en\\\/product\\\/encastre-regresse-4-noir-facet-rgm4-cc-bk\\\/#breadcrumb\",\"itemListElement\":[{\"@type\":\"ListItem\",\"position\":1,\"name\":\"Home\",\"item\":\"https:\\\/\\\/luminairesgregoire.com\\\/en\\\/\"},{\"@type\":\"ListItem\",\"position\":2,\"name\":\"Store\",\"item\":\"https:\\\/\\\/luminairesgregoire.com\\\/en\\\/products\\\/\"},{\"@type\":\"ListItem\",\"position\":3,\"name\":\"ENCASTR\u00c9 R\u00c9GRESS\u00c9 4\u00a0\u00bb NOIR- FACET RGM4-CC-BK\"}]},{\"@type\":\"WebSite\",\"@id\":\"https:\\\/\\\/luminairesgregoire.com\\\/en\\\/#website\",\"url\":\"https:\\\/\\\/luminairesgregoire.com\\\/en\\\/\",\"name\":\"Luminaires Paul Gr\u00e9goire\",\"description\":\"\",\"publisher\":{\"@id\":\"https:\\\/\\\/luminairesgregoire.com\\\/en\\\/#organization\"},\"potentialAction\":[{\"@type\":\"SearchAction\",\"target\":{\"@type\":\"EntryPoint\",\"urlTemplate\":\"https:\\\/\\\/luminairesgregoire.com\\\/en\\\/?s={search_term_string}\"},\"query-input\":{\"@type\":\"PropertyValueSpecification\",\"valueRequired\":true,\"valueName\":\"search_term_string\"}}],\"inLanguage\":\"en-US\"},{\"@type\":\"Organization\",\"@id\":\"https:\\\/\\\/luminairesgregoire.com\\\/en\\\/#organization\",\"name\":\"Luminaires Paul Gr\u00e9goire\",\"url\":\"https:\\\/\\\/luminairesgregoire.com\\\/en\\\/\",\"logo\":{\"@type\":\"ImageObject\",\"inLanguage\":\"en-US\",\"@id\":\"https:\\\/\\\/luminairesgregoire.com\\\/en\\\/#\\\/schema\\\/logo\\\/image\\\/\",\"url\":\"https:\\\/\\\/luminairesgregoire.com\\\/wp-content\\\/uploads\\\/2021\\\/05\\\/logo_CMYK-1-1.png\",\"contentUrl\":\"https:\\\/\\\/luminairesgregoire.com\\\/wp-content\\\/uploads\\\/2021\\\/05\\\/logo_CMYK-1-1.png\",\"width\":350,\"height\":164,\"caption\":\"Luminaires Paul Gr\u00e9goire\"},\"image\":{\"@id\":\"https:\\\/\\\/luminairesgregoire.com\\\/en\\\/#\\\/schema\\\/logo\\\/image\\\/\"}}]}<\/script>\n<!-- \/ Yoast SEO plugin. -->","yoast_head_json":{"title":"ENCASTR\u00c9 R\u00c9GRESS\u00c9 4'' NOIR- FACET RGM4-CC-BK - Luminaires Paul Gr\u00e9goire","description":"ENCASTR\u00c9 R\u00c9GRESS\u00c9 4'' NOIR- FACET RGM4-CC-BK - Discover our collection of designer lighting \u2014 pendants, lamps, and ceiling lights \u2014 to brighten every space with style and elegance.","robots":{"index":"index","follow":"follow","max-snippet":"max-snippet:-1","max-image-preview":"max-image-preview:large","max-video-preview":"max-video-preview:-1"},"canonical":"https:\/\/luminairesgregoire.com\/en\/product\/encastre-regresse-4-noir-facet-rgm4-cc-bk\/","og_locale":"en_US","og_type":"article","og_title":"ENCASTR\u00c9 R\u00c9GRESS\u00c9 4'' NOIR- FACET RGM4-CC-BK - Luminaires Paul Gr\u00e9goire","og_description":"ENCASTR\u00c9 R\u00c9GRESS\u00c9 4'' NOIR- FACET RGM4-CC-BK - Discover our collection of designer lighting \u2014 pendants, lamps, and ceiling lights \u2014 to brighten every space with style and elegance.","og_url":"https:\/\/luminairesgregoire.com\/en\/product\/encastre-regresse-4-noir-facet-rgm4-cc-bk\/","og_site_name":"Luminaires Paul Gr\u00e9goire","article_modified_time":"2026-04-30T09:33:05+00:00","og_image":[{"width":850,"height":850,"url":"https:\/\/luminairesgregoire.com\/wp-content\/uploads\/2026\/04\/Votre-texte-de-paragraphe-2026-04-28T145248.694.webp","type":"image\/jpeg"}],"twitter_card":"summary_large_image","twitter_misc":{"Est. reading time":"1 minute"},"schema":{"@context":"https:\/\/schema.org","@graph":[{"@type":"WebPage","@id":"https:\/\/luminairesgregoire.com\/en\/product\/encastre-regresse-4-noir-facet-rgm4-cc-bk\/","url":"https:\/\/luminairesgregoire.com\/en\/product\/encastre-regresse-4-noir-facet-rgm4-cc-bk\/","name":"ENCASTR\u00c9 R\u00c9GRESS\u00c9 4'' NOIR- FACET RGM4-CC-BK - Luminaires Paul Gr\u00e9goire","isPartOf":{"@id":"https:\/\/luminairesgregoire.com\/en\/#website"},"primaryImageOfPage":{"@id":"https:\/\/luminairesgregoire.com\/en\/product\/encastre-regresse-4-noir-facet-rgm4-cc-bk\/#primaryimage"},"image":{"@id":"https:\/\/luminairesgregoire.com\/en\/product\/encastre-regresse-4-noir-facet-rgm4-cc-bk\/#primaryimage"},"thumbnailUrl":"https:\/\/luminairesgregoire.com\/wp-content\/uploads\/2026\/04\/Votre-texte-de-paragraphe-2026-04-28T145248.694.webp","datePublished":"2026-03-10T06:05:53+00:00","dateModified":"2026-04-30T09:33:05+00:00","description":"ENCASTR\u00c9 R\u00c9GRESS\u00c9 4'' NOIR- FACET RGM4-CC-BK - Discover our collection of designer lighting \u2014 pendants, lamps, and ceiling lights \u2014 to brighten every space with style and elegance.","breadcrumb":{"@id":"https:\/\/luminairesgregoire.com\/en\/product\/encastre-regresse-4-noir-facet-rgm4-cc-bk\/#breadcrumb"},"inLanguage":"en-US","potentialAction":[{"@type":"ReadAction","target":["https:\/\/luminairesgregoire.com\/en\/product\/encastre-regresse-4-noir-facet-rgm4-cc-bk\/"]}]},{"@type":"ImageObject","inLanguage":"en-US","@id":"https:\/\/luminairesgregoire.com\/en\/product\/encastre-regresse-4-noir-facet-rgm4-cc-bk\/#primaryimage","url":"https:\/\/luminairesgregoire.com\/wp-content\/uploads\/2026\/04\/Votre-texte-de-paragraphe-2026-04-28T145248.694.webp","contentUrl":"https:\/\/luminairesgregoire.com\/wp-content\/uploads\/2026\/04\/Votre-texte-de-paragraphe-2026-04-28T145248.694.webp","width":850,"height":850,"caption":"ENCASTR\u00c9 R\u00c9GRESS\u00c9 4'' NOIR- FACET RGM4-CC-BK"},{"@type":"BreadcrumbList","@id":"https:\/\/luminairesgregoire.com\/en\/product\/encastre-regresse-4-noir-facet-rgm4-cc-bk\/#breadcrumb","itemListElement":[{"@type":"ListItem","position":1,"name":"Home","item":"https:\/\/luminairesgregoire.com\/en\/"},{"@type":"ListItem","position":2,"name":"Store","item":"https:\/\/luminairesgregoire.com\/en\/products\/"},{"@type":"ListItem","position":3,"name":"ENCASTR\u00c9 R\u00c9GRESS\u00c9 4\u00a0\u00bb NOIR- FACET RGM4-CC-BK"}]},{"@type":"WebSite","@id":"https:\/\/luminairesgregoire.com\/en\/#website","url":"https:\/\/luminairesgregoire.com\/en\/","name":"Luminaires Paul Gr\u00e9goire","description":"","publisher":{"@id":"https:\/\/luminairesgregoire.com\/en\/#organization"},"potentialAction":[{"@type":"SearchAction","target":{"@type":"EntryPoint","urlTemplate":"https:\/\/luminairesgregoire.com\/en\/?s={search_term_string}"},"query-input":{"@type":"PropertyValueSpecification","valueRequired":true,"valueName":"search_term_string"}}],"inLanguage":"en-US"},{"@type":"Organization","@id":"https:\/\/luminairesgregoire.com\/en\/#organization","name":"Luminaires Paul Gr\u00e9goire","url":"https:\/\/luminairesgregoire.com\/en\/","logo":{"@type":"ImageObject","inLanguage":"en-US","@id":"https:\/\/luminairesgregoire.com\/en\/#\/schema\/logo\/image\/","url":"https:\/\/luminairesgregoire.com\/wp-content\/uploads\/2021\/05\/logo_CMYK-1-1.png","contentUrl":"https:\/\/luminairesgregoire.com\/wp-content\/uploads\/2021\/05\/logo_CMYK-1-1.png","width":350,"height":164,"caption":"Luminaires Paul Gr\u00e9goire"},"image":{"@id":"https:\/\/luminairesgregoire.com\/en\/#\/schema\/logo\/image\/"}}]}},"_links":{"self":[{"href":"https:\/\/luminairesgregoire.com\/en\/wp-json\/wp\/v2\/product\/35628","targetHints":{"allow":["GET"]}}],"collection":[{"href":"https:\/\/luminairesgregoire.com\/en\/wp-json\/wp\/v2\/product"}],"about":[{"href":"https:\/\/luminairesgregoire.com\/en\/wp-json\/wp\/v2\/types\/product"}],"wp:featuredmedia":[{"embeddable":true,"href":"https:\/\/luminairesgregoire.com\/en\/wp-json\/wp\/v2\/media\/39000"}],"wp:attachment":[{"href":"https:\/\/luminairesgregoire.com\/en\/wp-json\/wp\/v2\/media?parent=35628"}],"wp:term":[{"taxonomy":"product_brand","embeddable":true,"href":"https:\/\/luminairesgregoire.com\/en\/wp-json\/wp\/v2\/product_brand?post=35628"},{"taxonomy":"product_cat","embeddable":true,"href":"https:\/\/luminairesgregoire.com\/en\/wp-json\/wp\/v2\/product_cat?post=35628"},{"taxonomy":"product_tag","embeddable":true,"href":"https:\/\/luminairesgregoire.com\/en\/wp-json\/wp\/v2\/product_tag?post=35628"}],"curies":[{"name":"wp","href":"https:\/\/api.w.org\/{rel}","templated":true}]}}