{"id":35660,"date":"2026-02-19T01:49:37","date_gmt":"2026-02-19T06:49:37","guid":{"rendered":"https:\/\/luminairesgregoire.com\/produits\/black-led-exterior-wall-light-sindri-lol529bk\/"},"modified":"2026-03-10T12:20:05","modified_gmt":"2026-03-10T16:20:05","slug":"black-led-exterior-wall-light-sindri-lol529bk","status":"publish","type":"product","link":"https:\/\/luminairesgregoire.com\/en\/product\/black-led-exterior-wall-light-sindri-lol529bk\/","title":{"rendered":"Black LED Exterior Wall Light &#8211; SINDRI LOL529BK"},"content":{"rendered":"<p data-start=\"62\" data-end=\"323\"><strong data-start=\"62\" data-end=\"323\">Elevate your home&#8217;s exterior with the SINDRI LED Outdoor Wall Light in a striking Sand Black finish. Crafted with a durable metal frame and smooth acrylic diffuser, this fixture combines architectural modernism with everyday functionality. The integrated 13W LED outputs 600 lumens of soft 3000K warm white light, ideal for walkways, porches, patios, and garage entrances. A built-in DC driver ensures energy efficiency and reliable performance in damp-rated environments. Compact yet impactful at 14.125 inches tall, SINDRI&#8217;s clean lines and subtle curves bring a minimalist, coastal-inspired look to your outdoor d\u00e9cor.  <\/strong>La DEL int\u00e9gr\u00e9e de <strong data-start=\"344\" data-end=\"352\">13 W<\/strong> produit <strong data-start=\"361\" data-end=\"375\">600 lumens<\/strong> d\u2019une lumi\u00e8re blanc chaud <strong data-start=\"402\" data-end=\"412\">3000 K<\/strong>, id\u00e9ale pour \u00e9clairer les <strong data-start=\"439\" data-end=\"488\">all\u00e9es, galeries, patios et entr\u00e9es de garage<\/strong>. Un <strong data-start=\"493\" data-end=\"514\">pilote CC int\u00e9gr\u00e9<\/strong> assure une efficacit\u00e9 \u00e9nerg\u00e9tique optimale et une performance fiable dans les environnements <strong data-start=\"608\" data-end=\"644\">homologu\u00e9s pour endroits humides<\/strong>. Compacte mais remarquable avec une hauteur de <strong data-start=\"693\" data-end=\"710\">14,125 pouces<\/strong>, la murale <strong data-start=\"722\" data-end=\"732\">SINDRI<\/strong> pr\u00e9sente des lignes \u00e9pur\u00e9es et des courbes subtiles qui apportent une touche <strong data-start=\"810\" data-end=\"847\">minimaliste d\u2019inspiration c\u00f4ti\u00e8re<\/strong> \u00e0 votre am\u00e9nagement ext\u00e9rieur. \ud83d\udca1  <\/p>\n","protected":false},"excerpt":{"rendered":"<p>Elevate your home&#8217;s exterior with the SINDRI LED Outdoor Wall Light in a striking Sand Black finish. Crafted with a durable metal frame and smooth acrylic diffuser, this fixture combines architectural modernism with everyday functionality. The integrated 13W LED outputs 600 lumens of soft 3000K warm white light, ideal for walkways, porches, patios, and garage [&hellip;]<\/p>\n","protected":false},"featured_media":35617,"template":"","meta":{"_acf_changed":false},"product_brand":[7080],"product_cat":[5891,5894],"product_tag":[],"class_list":{"0":"post-35660","1":"product","2":"type-product","3":"status-publish","4":"has-post-thumbnail","6":"product_brand-canarm","7":"product_cat-outdoor-lighting","8":"product_cat-wall-sconces-exterior","9":"pa_finis-black","10":"pa_hauteur-14-1-8","11":"pa_largeur-4-3-8","13":"first","14":"instock","15":"taxable","16":"shipping-taxable","17":"purchasable","18":"product-type-simple"},"acf":[],"yoast_head":"<!-- This site is optimized with the Yoast SEO plugin v26.9 - https:\/\/yoast.com\/product\/yoast-seo-wordpress\/ -->\n<title>Black LED Exterior Wall Light - SINDRI LOL529BK - Luminaires Paul Gr\u00e9goire<\/title>\n<meta name=\"description\" content=\"Black LED Exterior Wall Light - SINDRI LOL529BK - Discover our collection of designer lighting \u2014 pendants, lamps, and ceiling lights \u2014 to brighten every space with style and elegance.\" \/>\n<meta name=\"robots\" content=\"index, follow, max-snippet:-1, max-image-preview:large, max-video-preview:-1\" \/>\n<link rel=\"canonical\" href=\"https:\/\/luminairesgregoire.com\/en\/product\/black-led-exterior-wall-light-sindri-lol529bk\/\" \/>\n<meta property=\"og:locale\" content=\"en_US\" \/>\n<meta property=\"og:type\" content=\"article\" \/>\n<meta property=\"og:title\" content=\"Black LED Exterior Wall Light - SINDRI LOL529BK - Luminaires Paul Gr\u00e9goire\" \/>\n<meta property=\"og:description\" content=\"Black LED Exterior Wall Light - SINDRI LOL529BK - Discover our collection of designer lighting \u2014 pendants, lamps, and ceiling lights \u2014 to brighten every space with style and elegance.\" \/>\n<meta property=\"og:url\" content=\"https:\/\/luminairesgregoire.com\/en\/product\/black-led-exterior-wall-light-sindri-lol529bk\/\" \/>\n<meta property=\"og:site_name\" content=\"Luminaires Paul Gr\u00e9goire\" \/>\n<meta property=\"article:modified_time\" content=\"2026-03-10T16:20:05+00:00\" \/>\n<meta property=\"og:image\" content=\"https:\/\/luminairesgregoire.com\/wp-content\/uploads\/2026\/03\/Votre-texte-de-paragraphe-2026-03-09T175023.869.webp\" \/>\n\t<meta property=\"og:image:width\" content=\"850\" \/>\n\t<meta property=\"og:image:height\" content=\"850\" \/>\n\t<meta property=\"og:image:type\" content=\"image\/jpeg\" \/>\n<meta name=\"twitter:card\" content=\"summary_large_image\" \/>\n<meta name=\"twitter:label1\" content=\"Est. reading time\" \/>\n\t<meta name=\"twitter:data1\" content=\"1 minute\" \/>\n<script type=\"application\/ld+json\" class=\"yoast-schema-graph\">{\"@context\":\"https:\/\/schema.org\",\"@graph\":[{\"@type\":\"WebPage\",\"@id\":\"https:\/\/luminairesgregoire.com\/en\/product\/black-led-exterior-wall-light-sindri-lol529bk\/\",\"url\":\"https:\/\/luminairesgregoire.com\/en\/product\/black-led-exterior-wall-light-sindri-lol529bk\/\",\"name\":\"Black LED Exterior Wall Light - SINDRI LOL529BK - Luminaires Paul Gr\u00e9goire\",\"isPartOf\":{\"@id\":\"https:\/\/luminairesgregoire.com\/en\/#website\"},\"primaryImageOfPage\":{\"@id\":\"https:\/\/luminairesgregoire.com\/en\/product\/black-led-exterior-wall-light-sindri-lol529bk\/#primaryimage\"},\"image\":{\"@id\":\"https:\/\/luminairesgregoire.com\/en\/product\/black-led-exterior-wall-light-sindri-lol529bk\/#primaryimage\"},\"thumbnailUrl\":\"https:\/\/luminairesgregoire.com\/wp-content\/uploads\/2026\/03\/Votre-texte-de-paragraphe-2026-03-09T175023.869.webp\",\"datePublished\":\"2026-02-19T06:49:37+00:00\",\"dateModified\":\"2026-03-10T16:20:05+00:00\",\"description\":\"Black LED Exterior Wall Light - SINDRI LOL529BK - Discover our collection of designer lighting \u2014 pendants, lamps, and ceiling lights \u2014 to brighten every space with style and elegance.\",\"breadcrumb\":{\"@id\":\"https:\/\/luminairesgregoire.com\/en\/product\/black-led-exterior-wall-light-sindri-lol529bk\/#breadcrumb\"},\"inLanguage\":\"en-US\",\"potentialAction\":[{\"@type\":\"ReadAction\",\"target\":[\"https:\/\/luminairesgregoire.com\/en\/product\/black-led-exterior-wall-light-sindri-lol529bk\/\"]}]},{\"@type\":\"ImageObject\",\"inLanguage\":\"en-US\",\"@id\":\"https:\/\/luminairesgregoire.com\/en\/product\/black-led-exterior-wall-light-sindri-lol529bk\/#primaryimage\",\"url\":\"https:\/\/luminairesgregoire.com\/wp-content\/uploads\/2026\/03\/Votre-texte-de-paragraphe-2026-03-09T175023.869.webp\",\"contentUrl\":\"https:\/\/luminairesgregoire.com\/wp-content\/uploads\/2026\/03\/Votre-texte-de-paragraphe-2026-03-09T175023.869.webp\",\"width\":850,\"height\":850,\"caption\":\"Black LED Exterior Wall Light - SINDRI LOL529BK\"},{\"@type\":\"BreadcrumbList\",\"@id\":\"https:\/\/luminairesgregoire.com\/en\/product\/black-led-exterior-wall-light-sindri-lol529bk\/#breadcrumb\",\"itemListElement\":[{\"@type\":\"ListItem\",\"position\":1,\"name\":\"Home\",\"item\":\"https:\/\/luminairesgregoire.com\/en\/\"},{\"@type\":\"ListItem\",\"position\":2,\"name\":\"Store\",\"item\":\"https:\/\/luminairesgregoire.com\/en\/products\/\"},{\"@type\":\"ListItem\",\"position\":3,\"name\":\"Black LED Exterior Wall Light &#8211; SINDRI LOL529BK\"}]},{\"@type\":\"WebSite\",\"@id\":\"https:\/\/luminairesgregoire.com\/en\/#website\",\"url\":\"https:\/\/luminairesgregoire.com\/en\/\",\"name\":\"Luminaires Paul Gr\u00e9goire\",\"description\":\"\",\"publisher\":{\"@id\":\"https:\/\/luminairesgregoire.com\/en\/#organization\"},\"potentialAction\":[{\"@type\":\"SearchAction\",\"target\":{\"@type\":\"EntryPoint\",\"urlTemplate\":\"https:\/\/luminairesgregoire.com\/en\/?s={search_term_string}\"},\"query-input\":{\"@type\":\"PropertyValueSpecification\",\"valueRequired\":true,\"valueName\":\"search_term_string\"}}],\"inLanguage\":\"en-US\"},{\"@type\":\"Organization\",\"@id\":\"https:\/\/luminairesgregoire.com\/en\/#organization\",\"name\":\"Luminaires Paul Gr\u00e9goire\",\"url\":\"https:\/\/luminairesgregoire.com\/en\/\",\"logo\":{\"@type\":\"ImageObject\",\"inLanguage\":\"en-US\",\"@id\":\"https:\/\/luminairesgregoire.com\/en\/#\/schema\/logo\/image\/\",\"url\":\"https:\/\/luminairesgregoire.com\/wp-content\/uploads\/2021\/05\/logo_CMYK-1-1.png\",\"contentUrl\":\"https:\/\/luminairesgregoire.com\/wp-content\/uploads\/2021\/05\/logo_CMYK-1-1.png\",\"width\":350,\"height\":164,\"caption\":\"Luminaires Paul Gr\u00e9goire\"},\"image\":{\"@id\":\"https:\/\/luminairesgregoire.com\/en\/#\/schema\/logo\/image\/\"}}]}<\/script>\n<!-- \/ Yoast SEO plugin. -->","yoast_head_json":{"title":"Black LED Exterior Wall Light - SINDRI LOL529BK - Luminaires Paul Gr\u00e9goire","description":"Black LED Exterior Wall Light - SINDRI LOL529BK - Discover our collection of designer lighting \u2014 pendants, lamps, and ceiling lights \u2014 to brighten every space with style and elegance.","robots":{"index":"index","follow":"follow","max-snippet":"max-snippet:-1","max-image-preview":"max-image-preview:large","max-video-preview":"max-video-preview:-1"},"canonical":"https:\/\/luminairesgregoire.com\/en\/product\/black-led-exterior-wall-light-sindri-lol529bk\/","og_locale":"en_US","og_type":"article","og_title":"Black LED Exterior Wall Light - SINDRI LOL529BK - Luminaires Paul Gr\u00e9goire","og_description":"Black LED Exterior Wall Light - SINDRI LOL529BK - Discover our collection of designer lighting \u2014 pendants, lamps, and ceiling lights \u2014 to brighten every space with style and elegance.","og_url":"https:\/\/luminairesgregoire.com\/en\/product\/black-led-exterior-wall-light-sindri-lol529bk\/","og_site_name":"Luminaires Paul Gr\u00e9goire","article_modified_time":"2026-03-10T16:20:05+00:00","og_image":[{"width":850,"height":850,"url":"https:\/\/luminairesgregoire.com\/wp-content\/uploads\/2026\/03\/Votre-texte-de-paragraphe-2026-03-09T175023.869.webp","type":"image\/jpeg"}],"twitter_card":"summary_large_image","twitter_misc":{"Est. reading time":"1 minute"},"schema":{"@context":"https:\/\/schema.org","@graph":[{"@type":"WebPage","@id":"https:\/\/luminairesgregoire.com\/en\/product\/black-led-exterior-wall-light-sindri-lol529bk\/","url":"https:\/\/luminairesgregoire.com\/en\/product\/black-led-exterior-wall-light-sindri-lol529bk\/","name":"Black LED Exterior Wall Light - SINDRI LOL529BK - Luminaires Paul Gr\u00e9goire","isPartOf":{"@id":"https:\/\/luminairesgregoire.com\/en\/#website"},"primaryImageOfPage":{"@id":"https:\/\/luminairesgregoire.com\/en\/product\/black-led-exterior-wall-light-sindri-lol529bk\/#primaryimage"},"image":{"@id":"https:\/\/luminairesgregoire.com\/en\/product\/black-led-exterior-wall-light-sindri-lol529bk\/#primaryimage"},"thumbnailUrl":"https:\/\/luminairesgregoire.com\/wp-content\/uploads\/2026\/03\/Votre-texte-de-paragraphe-2026-03-09T175023.869.webp","datePublished":"2026-02-19T06:49:37+00:00","dateModified":"2026-03-10T16:20:05+00:00","description":"Black LED Exterior Wall Light - SINDRI LOL529BK - Discover our collection of designer lighting \u2014 pendants, lamps, and ceiling lights \u2014 to brighten every space with style and elegance.","breadcrumb":{"@id":"https:\/\/luminairesgregoire.com\/en\/product\/black-led-exterior-wall-light-sindri-lol529bk\/#breadcrumb"},"inLanguage":"en-US","potentialAction":[{"@type":"ReadAction","target":["https:\/\/luminairesgregoire.com\/en\/product\/black-led-exterior-wall-light-sindri-lol529bk\/"]}]},{"@type":"ImageObject","inLanguage":"en-US","@id":"https:\/\/luminairesgregoire.com\/en\/product\/black-led-exterior-wall-light-sindri-lol529bk\/#primaryimage","url":"https:\/\/luminairesgregoire.com\/wp-content\/uploads\/2026\/03\/Votre-texte-de-paragraphe-2026-03-09T175023.869.webp","contentUrl":"https:\/\/luminairesgregoire.com\/wp-content\/uploads\/2026\/03\/Votre-texte-de-paragraphe-2026-03-09T175023.869.webp","width":850,"height":850,"caption":"Black LED Exterior Wall Light - SINDRI LOL529BK"},{"@type":"BreadcrumbList","@id":"https:\/\/luminairesgregoire.com\/en\/product\/black-led-exterior-wall-light-sindri-lol529bk\/#breadcrumb","itemListElement":[{"@type":"ListItem","position":1,"name":"Home","item":"https:\/\/luminairesgregoire.com\/en\/"},{"@type":"ListItem","position":2,"name":"Store","item":"https:\/\/luminairesgregoire.com\/en\/products\/"},{"@type":"ListItem","position":3,"name":"Black LED Exterior Wall Light &#8211; SINDRI LOL529BK"}]},{"@type":"WebSite","@id":"https:\/\/luminairesgregoire.com\/en\/#website","url":"https:\/\/luminairesgregoire.com\/en\/","name":"Luminaires Paul Gr\u00e9goire","description":"","publisher":{"@id":"https:\/\/luminairesgregoire.com\/en\/#organization"},"potentialAction":[{"@type":"SearchAction","target":{"@type":"EntryPoint","urlTemplate":"https:\/\/luminairesgregoire.com\/en\/?s={search_term_string}"},"query-input":{"@type":"PropertyValueSpecification","valueRequired":true,"valueName":"search_term_string"}}],"inLanguage":"en-US"},{"@type":"Organization","@id":"https:\/\/luminairesgregoire.com\/en\/#organization","name":"Luminaires Paul Gr\u00e9goire","url":"https:\/\/luminairesgregoire.com\/en\/","logo":{"@type":"ImageObject","inLanguage":"en-US","@id":"https:\/\/luminairesgregoire.com\/en\/#\/schema\/logo\/image\/","url":"https:\/\/luminairesgregoire.com\/wp-content\/uploads\/2021\/05\/logo_CMYK-1-1.png","contentUrl":"https:\/\/luminairesgregoire.com\/wp-content\/uploads\/2021\/05\/logo_CMYK-1-1.png","width":350,"height":164,"caption":"Luminaires Paul Gr\u00e9goire"},"image":{"@id":"https:\/\/luminairesgregoire.com\/en\/#\/schema\/logo\/image\/"}}]}},"_links":{"self":[{"href":"https:\/\/luminairesgregoire.com\/en\/wp-json\/wp\/v2\/product\/35660","targetHints":{"allow":["GET"]}}],"collection":[{"href":"https:\/\/luminairesgregoire.com\/en\/wp-json\/wp\/v2\/product"}],"about":[{"href":"https:\/\/luminairesgregoire.com\/en\/wp-json\/wp\/v2\/types\/product"}],"wp:featuredmedia":[{"embeddable":true,"href":"https:\/\/luminairesgregoire.com\/en\/wp-json\/wp\/v2\/media\/35617"}],"wp:attachment":[{"href":"https:\/\/luminairesgregoire.com\/en\/wp-json\/wp\/v2\/media?parent=35660"}],"wp:term":[{"taxonomy":"product_brand","embeddable":true,"href":"https:\/\/luminairesgregoire.com\/en\/wp-json\/wp\/v2\/product_brand?post=35660"},{"taxonomy":"product_cat","embeddable":true,"href":"https:\/\/luminairesgregoire.com\/en\/wp-json\/wp\/v2\/product_cat?post=35660"},{"taxonomy":"product_tag","embeddable":true,"href":"https:\/\/luminairesgregoire.com\/en\/wp-json\/wp\/v2\/product_tag?post=35660"}],"curies":[{"name":"wp","href":"https:\/\/api.w.org\/{rel}","templated":true}]}}