{"id":35756,"date":"2026-03-11T01:50:02","date_gmt":"2026-03-11T05:50:02","guid":{"rendered":"https:\/\/luminairesgregoire.com\/?post_type=product&#038;p=35756"},"modified":"2026-04-25T04:31:28","modified_gmt":"2026-04-25T08:31:28","slug":"suspendu-lineaire-8-l-noir-rami-c81508bkop","status":"publish","type":"product","link":"https:\/\/luminairesgregoire.com\/en\/product\/suspendu-lineaire-8-l-noir-rami-c81508bkop\/","title":{"rendered":"SUSPENDU LIN\u00c9AIRE 8-L NOIR- RAMI C81508BKOP"},"content":{"rendered":"<p data-start=\"66\" data-end=\"308\">La collection Rami s\u2019inspire du style mid-century avec ses bras d\u00e9licats rappelant des branches, orn\u00e9s de globes en verre opalin. Son design \u00e0 la fois \u00e9l\u00e9gant et a\u00e9rien apporte une touche de raffinement et de l\u00e9g\u00e8ret\u00e9 \u00e0 n\u2019importe quel espace.<\/p>\n<p data-start=\"310\" data-end=\"479\">Disponible en lustre, applique murale et plafonnier, Rami s\u2019adapte facilement \u00e0 diff\u00e9rentes pi\u00e8ces tout en conservant une signature visuelle distinctive et intemporelle.<\/p>\n","protected":false},"excerpt":{"rendered":"<p>La collection Rami s\u2019inspire du style mid-century avec ses bras d\u00e9licats rappelant des branches, orn\u00e9s de globes en verre opalin. Son design \u00e0 la fois \u00e9l\u00e9gant et a\u00e9rien apporte une touche de raffinement et de l\u00e9g\u00e8ret\u00e9 \u00e0 n\u2019importe quel espace. Disponible en lustre, applique murale et plafonnier, Rami s\u2019adapte facilement \u00e0 diff\u00e9rentes pi\u00e8ces tout en [&hellip;]<\/p>\n","protected":false},"featured_media":38601,"template":"","meta":{"_acf_changed":false},"product_brand":[350],"product_cat":[5835,5836],"product_tag":[],"class_list":{"0":"post-35756","1":"product","2":"type-product","3":"status-publish","4":"has-post-thumbnail","6":"product_brand-matteo-modern","7":"product_cat-suspension","8":"product_cat-suspensions-lineaires","9":"pa_couleur-verre-blanc-opalin","10":"pa_finis-noir","11":"pa_garantie-1-an","12":"pa_longueur-54-7-8","14":"first","15":"instock","16":"taxable","17":"shipping-taxable","18":"purchasable","19":"product-type-simple"},"acf":[],"yoast_head":"<!-- This site is optimized with the Yoast SEO plugin v27.4 - https:\/\/yoast.com\/product\/yoast-seo-wordpress\/ -->\n<title>SUSPENDU LIN\u00c9AIRE 8-L NOIR- RAMI C81508BKOP - Luminaires Paul Gr\u00e9goire<\/title>\n<meta name=\"description\" content=\"SUSPENDU LIN\u00c9AIRE 8-L NOIR- RAMI C81508BKOP - Discover our collection of designer lighting \u2014 pendants, lamps, and ceiling lights \u2014 to brighten every space with style and elegance.\" \/>\n<meta name=\"robots\" content=\"index, follow, max-snippet:-1, max-image-preview:large, max-video-preview:-1\" \/>\n<link rel=\"canonical\" href=\"https:\/\/luminairesgregoire.com\/en\/product\/suspendu-lineaire-8-l-noir-rami-c81508bkop\/\" \/>\n<meta property=\"og:locale\" content=\"en_US\" \/>\n<meta property=\"og:type\" content=\"article\" \/>\n<meta property=\"og:title\" content=\"SUSPENDU LIN\u00c9AIRE 8-L NOIR- RAMI C81508BKOP - Luminaires Paul Gr\u00e9goire\" \/>\n<meta property=\"og:description\" content=\"SUSPENDU LIN\u00c9AIRE 8-L NOIR- RAMI C81508BKOP - Discover our collection of designer lighting \u2014 pendants, lamps, and ceiling lights \u2014 to brighten every space with style and elegance.\" \/>\n<meta property=\"og:url\" content=\"https:\/\/luminairesgregoire.com\/en\/product\/suspendu-lineaire-8-l-noir-rami-c81508bkop\/\" \/>\n<meta property=\"og:site_name\" content=\"Luminaires Paul Gr\u00e9goire\" \/>\n<meta property=\"article:modified_time\" content=\"2026-04-25T08:31:28+00:00\" \/>\n<meta property=\"og:image\" content=\"https:\/\/luminairesgregoire.com\/wp-content\/uploads\/2026\/04\/Votre-texte-de-paragraphe-2026-04-21T155616.046.webp\" \/>\n\t<meta property=\"og:image:width\" content=\"850\" \/>\n\t<meta property=\"og:image:height\" content=\"850\" \/>\n\t<meta property=\"og:image:type\" content=\"image\/jpeg\" \/>\n<meta name=\"twitter:card\" content=\"summary_large_image\" \/>\n<meta name=\"twitter:label1\" content=\"Est. reading time\" \/>\n\t<meta name=\"twitter:data1\" content=\"1 minute\" \/>\n<script type=\"application\/ld+json\" class=\"yoast-schema-graph\">{\"@context\":\"https:\\\/\\\/schema.org\",\"@graph\":[{\"@type\":\"WebPage\",\"@id\":\"https:\\\/\\\/luminairesgregoire.com\\\/en\\\/product\\\/suspendu-lineaire-8-l-noir-rami-c81508bkop\\\/\",\"url\":\"https:\\\/\\\/luminairesgregoire.com\\\/en\\\/product\\\/suspendu-lineaire-8-l-noir-rami-c81508bkop\\\/\",\"name\":\"SUSPENDU LIN\u00c9AIRE 8-L NOIR- RAMI C81508BKOP - Luminaires Paul Gr\u00e9goire\",\"isPartOf\":{\"@id\":\"https:\\\/\\\/luminairesgregoire.com\\\/en\\\/#website\"},\"primaryImageOfPage\":{\"@id\":\"https:\\\/\\\/luminairesgregoire.com\\\/en\\\/product\\\/suspendu-lineaire-8-l-noir-rami-c81508bkop\\\/#primaryimage\"},\"image\":{\"@id\":\"https:\\\/\\\/luminairesgregoire.com\\\/en\\\/product\\\/suspendu-lineaire-8-l-noir-rami-c81508bkop\\\/#primaryimage\"},\"thumbnailUrl\":\"https:\\\/\\\/luminairesgregoire.com\\\/wp-content\\\/uploads\\\/2026\\\/04\\\/Votre-texte-de-paragraphe-2026-04-21T155616.046.webp\",\"datePublished\":\"2026-03-11T05:50:02+00:00\",\"dateModified\":\"2026-04-25T08:31:28+00:00\",\"description\":\"SUSPENDU LIN\u00c9AIRE 8-L NOIR- RAMI C81508BKOP - Discover our collection of designer lighting \u2014 pendants, lamps, and ceiling lights \u2014 to brighten every space with style and elegance.\",\"breadcrumb\":{\"@id\":\"https:\\\/\\\/luminairesgregoire.com\\\/en\\\/product\\\/suspendu-lineaire-8-l-noir-rami-c81508bkop\\\/#breadcrumb\"},\"inLanguage\":\"en-US\",\"potentialAction\":[{\"@type\":\"ReadAction\",\"target\":[\"https:\\\/\\\/luminairesgregoire.com\\\/en\\\/product\\\/suspendu-lineaire-8-l-noir-rami-c81508bkop\\\/\"]}]},{\"@type\":\"ImageObject\",\"inLanguage\":\"en-US\",\"@id\":\"https:\\\/\\\/luminairesgregoire.com\\\/en\\\/product\\\/suspendu-lineaire-8-l-noir-rami-c81508bkop\\\/#primaryimage\",\"url\":\"https:\\\/\\\/luminairesgregoire.com\\\/wp-content\\\/uploads\\\/2026\\\/04\\\/Votre-texte-de-paragraphe-2026-04-21T155616.046.webp\",\"contentUrl\":\"https:\\\/\\\/luminairesgregoire.com\\\/wp-content\\\/uploads\\\/2026\\\/04\\\/Votre-texte-de-paragraphe-2026-04-21T155616.046.webp\",\"width\":850,\"height\":850,\"caption\":\"SUSPENDU LIN\u00c9AIRE 8-L NOIR- RAMI C81508BKOP\"},{\"@type\":\"BreadcrumbList\",\"@id\":\"https:\\\/\\\/luminairesgregoire.com\\\/en\\\/product\\\/suspendu-lineaire-8-l-noir-rami-c81508bkop\\\/#breadcrumb\",\"itemListElement\":[{\"@type\":\"ListItem\",\"position\":1,\"name\":\"Home\",\"item\":\"https:\\\/\\\/luminairesgregoire.com\\\/en\\\/\"},{\"@type\":\"ListItem\",\"position\":2,\"name\":\"Store\",\"item\":\"https:\\\/\\\/luminairesgregoire.com\\\/en\\\/products\\\/\"},{\"@type\":\"ListItem\",\"position\":3,\"name\":\"SUSPENDU LIN\u00c9AIRE 8-L NOIR- RAMI C81508BKOP\"}]},{\"@type\":\"WebSite\",\"@id\":\"https:\\\/\\\/luminairesgregoire.com\\\/en\\\/#website\",\"url\":\"https:\\\/\\\/luminairesgregoire.com\\\/en\\\/\",\"name\":\"Luminaires Paul Gr\u00e9goire\",\"description\":\"\",\"publisher\":{\"@id\":\"https:\\\/\\\/luminairesgregoire.com\\\/en\\\/#organization\"},\"potentialAction\":[{\"@type\":\"SearchAction\",\"target\":{\"@type\":\"EntryPoint\",\"urlTemplate\":\"https:\\\/\\\/luminairesgregoire.com\\\/en\\\/?s={search_term_string}\"},\"query-input\":{\"@type\":\"PropertyValueSpecification\",\"valueRequired\":true,\"valueName\":\"search_term_string\"}}],\"inLanguage\":\"en-US\"},{\"@type\":\"Organization\",\"@id\":\"https:\\\/\\\/luminairesgregoire.com\\\/en\\\/#organization\",\"name\":\"Luminaires Paul Gr\u00e9goire\",\"url\":\"https:\\\/\\\/luminairesgregoire.com\\\/en\\\/\",\"logo\":{\"@type\":\"ImageObject\",\"inLanguage\":\"en-US\",\"@id\":\"https:\\\/\\\/luminairesgregoire.com\\\/en\\\/#\\\/schema\\\/logo\\\/image\\\/\",\"url\":\"https:\\\/\\\/luminairesgregoire.com\\\/wp-content\\\/uploads\\\/2021\\\/05\\\/logo_CMYK-1-1.png\",\"contentUrl\":\"https:\\\/\\\/luminairesgregoire.com\\\/wp-content\\\/uploads\\\/2021\\\/05\\\/logo_CMYK-1-1.png\",\"width\":350,\"height\":164,\"caption\":\"Luminaires Paul Gr\u00e9goire\"},\"image\":{\"@id\":\"https:\\\/\\\/luminairesgregoire.com\\\/en\\\/#\\\/schema\\\/logo\\\/image\\\/\"}}]}<\/script>\n<!-- \/ Yoast SEO plugin. -->","yoast_head_json":{"title":"SUSPENDU LIN\u00c9AIRE 8-L NOIR- RAMI C81508BKOP - Luminaires Paul Gr\u00e9goire","description":"SUSPENDU LIN\u00c9AIRE 8-L NOIR- RAMI C81508BKOP - Discover our collection of designer lighting \u2014 pendants, lamps, and ceiling lights \u2014 to brighten every space with style and elegance.","robots":{"index":"index","follow":"follow","max-snippet":"max-snippet:-1","max-image-preview":"max-image-preview:large","max-video-preview":"max-video-preview:-1"},"canonical":"https:\/\/luminairesgregoire.com\/en\/product\/suspendu-lineaire-8-l-noir-rami-c81508bkop\/","og_locale":"en_US","og_type":"article","og_title":"SUSPENDU LIN\u00c9AIRE 8-L NOIR- RAMI C81508BKOP - Luminaires Paul Gr\u00e9goire","og_description":"SUSPENDU LIN\u00c9AIRE 8-L NOIR- RAMI C81508BKOP - Discover our collection of designer lighting \u2014 pendants, lamps, and ceiling lights \u2014 to brighten every space with style and elegance.","og_url":"https:\/\/luminairesgregoire.com\/en\/product\/suspendu-lineaire-8-l-noir-rami-c81508bkop\/","og_site_name":"Luminaires Paul Gr\u00e9goire","article_modified_time":"2026-04-25T08:31:28+00:00","og_image":[{"width":850,"height":850,"url":"https:\/\/luminairesgregoire.com\/wp-content\/uploads\/2026\/04\/Votre-texte-de-paragraphe-2026-04-21T155616.046.webp","type":"image\/jpeg"}],"twitter_card":"summary_large_image","twitter_misc":{"Est. reading time":"1 minute"},"schema":{"@context":"https:\/\/schema.org","@graph":[{"@type":"WebPage","@id":"https:\/\/luminairesgregoire.com\/en\/product\/suspendu-lineaire-8-l-noir-rami-c81508bkop\/","url":"https:\/\/luminairesgregoire.com\/en\/product\/suspendu-lineaire-8-l-noir-rami-c81508bkop\/","name":"SUSPENDU LIN\u00c9AIRE 8-L NOIR- RAMI C81508BKOP - Luminaires Paul Gr\u00e9goire","isPartOf":{"@id":"https:\/\/luminairesgregoire.com\/en\/#website"},"primaryImageOfPage":{"@id":"https:\/\/luminairesgregoire.com\/en\/product\/suspendu-lineaire-8-l-noir-rami-c81508bkop\/#primaryimage"},"image":{"@id":"https:\/\/luminairesgregoire.com\/en\/product\/suspendu-lineaire-8-l-noir-rami-c81508bkop\/#primaryimage"},"thumbnailUrl":"https:\/\/luminairesgregoire.com\/wp-content\/uploads\/2026\/04\/Votre-texte-de-paragraphe-2026-04-21T155616.046.webp","datePublished":"2026-03-11T05:50:02+00:00","dateModified":"2026-04-25T08:31:28+00:00","description":"SUSPENDU LIN\u00c9AIRE 8-L NOIR- RAMI C81508BKOP - Discover our collection of designer lighting \u2014 pendants, lamps, and ceiling lights \u2014 to brighten every space with style and elegance.","breadcrumb":{"@id":"https:\/\/luminairesgregoire.com\/en\/product\/suspendu-lineaire-8-l-noir-rami-c81508bkop\/#breadcrumb"},"inLanguage":"en-US","potentialAction":[{"@type":"ReadAction","target":["https:\/\/luminairesgregoire.com\/en\/product\/suspendu-lineaire-8-l-noir-rami-c81508bkop\/"]}]},{"@type":"ImageObject","inLanguage":"en-US","@id":"https:\/\/luminairesgregoire.com\/en\/product\/suspendu-lineaire-8-l-noir-rami-c81508bkop\/#primaryimage","url":"https:\/\/luminairesgregoire.com\/wp-content\/uploads\/2026\/04\/Votre-texte-de-paragraphe-2026-04-21T155616.046.webp","contentUrl":"https:\/\/luminairesgregoire.com\/wp-content\/uploads\/2026\/04\/Votre-texte-de-paragraphe-2026-04-21T155616.046.webp","width":850,"height":850,"caption":"SUSPENDU LIN\u00c9AIRE 8-L NOIR- RAMI C81508BKOP"},{"@type":"BreadcrumbList","@id":"https:\/\/luminairesgregoire.com\/en\/product\/suspendu-lineaire-8-l-noir-rami-c81508bkop\/#breadcrumb","itemListElement":[{"@type":"ListItem","position":1,"name":"Home","item":"https:\/\/luminairesgregoire.com\/en\/"},{"@type":"ListItem","position":2,"name":"Store","item":"https:\/\/luminairesgregoire.com\/en\/products\/"},{"@type":"ListItem","position":3,"name":"SUSPENDU LIN\u00c9AIRE 8-L NOIR- RAMI C81508BKOP"}]},{"@type":"WebSite","@id":"https:\/\/luminairesgregoire.com\/en\/#website","url":"https:\/\/luminairesgregoire.com\/en\/","name":"Luminaires Paul Gr\u00e9goire","description":"","publisher":{"@id":"https:\/\/luminairesgregoire.com\/en\/#organization"},"potentialAction":[{"@type":"SearchAction","target":{"@type":"EntryPoint","urlTemplate":"https:\/\/luminairesgregoire.com\/en\/?s={search_term_string}"},"query-input":{"@type":"PropertyValueSpecification","valueRequired":true,"valueName":"search_term_string"}}],"inLanguage":"en-US"},{"@type":"Organization","@id":"https:\/\/luminairesgregoire.com\/en\/#organization","name":"Luminaires Paul Gr\u00e9goire","url":"https:\/\/luminairesgregoire.com\/en\/","logo":{"@type":"ImageObject","inLanguage":"en-US","@id":"https:\/\/luminairesgregoire.com\/en\/#\/schema\/logo\/image\/","url":"https:\/\/luminairesgregoire.com\/wp-content\/uploads\/2021\/05\/logo_CMYK-1-1.png","contentUrl":"https:\/\/luminairesgregoire.com\/wp-content\/uploads\/2021\/05\/logo_CMYK-1-1.png","width":350,"height":164,"caption":"Luminaires Paul Gr\u00e9goire"},"image":{"@id":"https:\/\/luminairesgregoire.com\/en\/#\/schema\/logo\/image\/"}}]}},"_links":{"self":[{"href":"https:\/\/luminairesgregoire.com\/en\/wp-json\/wp\/v2\/product\/35756","targetHints":{"allow":["GET"]}}],"collection":[{"href":"https:\/\/luminairesgregoire.com\/en\/wp-json\/wp\/v2\/product"}],"about":[{"href":"https:\/\/luminairesgregoire.com\/en\/wp-json\/wp\/v2\/types\/product"}],"wp:featuredmedia":[{"embeddable":true,"href":"https:\/\/luminairesgregoire.com\/en\/wp-json\/wp\/v2\/media\/38601"}],"wp:attachment":[{"href":"https:\/\/luminairesgregoire.com\/en\/wp-json\/wp\/v2\/media?parent=35756"}],"wp:term":[{"taxonomy":"product_brand","embeddable":true,"href":"https:\/\/luminairesgregoire.com\/en\/wp-json\/wp\/v2\/product_brand?post=35756"},{"taxonomy":"product_cat","embeddable":true,"href":"https:\/\/luminairesgregoire.com\/en\/wp-json\/wp\/v2\/product_cat?post=35756"},{"taxonomy":"product_tag","embeddable":true,"href":"https:\/\/luminairesgregoire.com\/en\/wp-json\/wp\/v2\/product_tag?post=35756"}],"curies":[{"name":"wp","href":"https:\/\/api.w.org\/{rel}","templated":true}]}}