{"id":36401,"date":"2026-03-23T03:05:00","date_gmt":"2026-03-23T07:05:00","guid":{"rendered":"https:\/\/luminairesgregoire.com\/?post_type=product&#038;p=36401"},"modified":"2026-05-11T14:33:17","modified_gmt":"2026-05-11T18:33:17","slug":"suspendu-metal-blanc-p8091-wh-wh","status":"publish","type":"product","link":"https:\/\/luminairesgregoire.com\/en\/product\/suspendu-metal-blanc-p8091-wh-wh\/","title":{"rendered":"SUSPENDU M\u00c9TAL BLANC- P8091-WH-WH"},"content":{"rendered":"<p data-start=\"0\" data-end=\"413\">Affirmez votre style avec la suspension Nordic, un luminaire spectaculaire qui attire instantan\u00e9ment le regard dans n\u2019importe quelle pi\u00e8ce. Dot\u00e9e d\u2019un g\u00e9n\u00e9reux diam\u00e8tre de 19 pouces, cette \u00e9l\u00e9gante suspension se distingue par son vaste diffuseur sph\u00e9rique en verre qui projette une lumi\u00e8re douce et ambiante, id\u00e9ale pour cr\u00e9er un point focal saisissant dans une entr\u00e9e, un salon ou au-dessus d\u2019un \u00eelot de cuisine.<\/p>\n<p data-start=\"415\" data-end=\"746\">Son design met en valeur un abat-jour sph\u00e9rique en verre au look \u00e9pur\u00e9 et contemporain, apportant une touche moderne et raffin\u00e9e \u00e0 votre d\u00e9cor. Utilis\u00e9e seule pour un effet remarquable ou regroup\u00e9e en plusieurs exemplaires pour un impact encore plus spectaculaire, cette suspension ajoute une sophistication actuelle \u00e0 tout espace.<\/p>\n<p data-start=\"748\" data-end=\"770\" data-is-last-node=\"\" data-is-only-node=\"\">Disponible en 5 finis.<\/p>\n","protected":false},"excerpt":{"rendered":"<p>Affirmez votre style avec la suspension Nordic, un luminaire spectaculaire qui attire instantan\u00e9ment le regard dans n\u2019importe quelle pi\u00e8ce. Dot\u00e9e d\u2019un g\u00e9n\u00e9reux diam\u00e8tre de 19 pouces, cette \u00e9l\u00e9gante suspension se distingue par son vaste diffuseur sph\u00e9rique en verre qui projette une lumi\u00e8re douce et ambiante, id\u00e9ale pour cr\u00e9er un point focal saisissant dans une entr\u00e9e, [&hellip;]<\/p>\n","protected":false},"featured_media":39788,"template":"","meta":{"_acf_changed":false},"product_brand":[9144],"product_cat":[5835,5839],"product_tag":[],"class_list":{"0":"post-36401","1":"product","2":"type-product","3":"status-publish","4":"has-post-thumbnail","6":"product_brand-vinci","7":"product_cat-suspension","8":"product_cat-suspension-suspension","9":"pa_ampoules-incluses-non","10":"pa_couleur-verre-blanc-opalin","11":"pa_diametre-19-po","12":"pa_finis-blanc","13":"pa_formes-dampoules-a19","14":"pa_garantie-1-an","15":"pa_hauteur-120-max","16":"pa_nombre-dampoules-6417","17":"pa_types-dampoules-incandescente","18":"pa_watts-60-w","20":"first","21":"instock","22":"taxable","23":"shipping-taxable","24":"purchasable","25":"product-type-simple"},"acf":[],"yoast_head":"<!-- This site is optimized with the Yoast SEO plugin v27.4 - https:\/\/yoast.com\/product\/yoast-seo-wordpress\/ -->\n<title>SUSPENDU M\u00c9TAL BLANC- P8091-WH-WH - Luminaires Paul Gr\u00e9goire<\/title>\n<meta name=\"description\" content=\"SUSPENDU M\u00c9TAL BLANC- P8091-WH-WH - Discover our collection of designer lighting \u2014 pendants, lamps, and ceiling lights \u2014 to brighten every space with style and elegance.\" \/>\n<meta name=\"robots\" content=\"index, follow, max-snippet:-1, max-image-preview:large, max-video-preview:-1\" \/>\n<link rel=\"canonical\" href=\"https:\/\/luminairesgregoire.com\/en\/product\/suspendu-metal-blanc-p8091-wh-wh\/\" \/>\n<meta property=\"og:locale\" content=\"en_US\" \/>\n<meta property=\"og:type\" content=\"article\" \/>\n<meta property=\"og:title\" content=\"SUSPENDU M\u00c9TAL BLANC- P8091-WH-WH - Luminaires Paul Gr\u00e9goire\" \/>\n<meta property=\"og:description\" content=\"SUSPENDU M\u00c9TAL BLANC- P8091-WH-WH - Discover our collection of designer lighting \u2014 pendants, lamps, and ceiling lights \u2014 to brighten every space with style and elegance.\" \/>\n<meta property=\"og:url\" content=\"https:\/\/luminairesgregoire.com\/en\/product\/suspendu-metal-blanc-p8091-wh-wh\/\" \/>\n<meta property=\"og:site_name\" content=\"Luminaires Paul Gr\u00e9goire\" \/>\n<meta property=\"article:modified_time\" content=\"2026-05-11T18:33:17+00:00\" \/>\n<meta property=\"og:image\" content=\"https:\/\/luminairesgregoire.com\/wp-content\/uploads\/2026\/05\/Votre-texte-de-paragraphe-2026-05-11T142756.841.webp\" \/>\n\t<meta property=\"og:image:width\" content=\"850\" \/>\n\t<meta property=\"og:image:height\" content=\"850\" \/>\n\t<meta property=\"og:image:type\" content=\"image\/jpeg\" \/>\n<meta name=\"twitter:card\" content=\"summary_large_image\" \/>\n<meta name=\"twitter:label1\" content=\"Est. reading time\" \/>\n\t<meta name=\"twitter:data1\" content=\"1 minute\" \/>\n<script type=\"application\/ld+json\" class=\"yoast-schema-graph\">{\"@context\":\"https:\\\/\\\/schema.org\",\"@graph\":[{\"@type\":\"WebPage\",\"@id\":\"https:\\\/\\\/luminairesgregoire.com\\\/en\\\/product\\\/suspendu-metal-blanc-p8091-wh-wh\\\/\",\"url\":\"https:\\\/\\\/luminairesgregoire.com\\\/en\\\/product\\\/suspendu-metal-blanc-p8091-wh-wh\\\/\",\"name\":\"SUSPENDU M\u00c9TAL BLANC- P8091-WH-WH - Luminaires Paul Gr\u00e9goire\",\"isPartOf\":{\"@id\":\"https:\\\/\\\/luminairesgregoire.com\\\/en\\\/#website\"},\"primaryImageOfPage\":{\"@id\":\"https:\\\/\\\/luminairesgregoire.com\\\/en\\\/product\\\/suspendu-metal-blanc-p8091-wh-wh\\\/#primaryimage\"},\"image\":{\"@id\":\"https:\\\/\\\/luminairesgregoire.com\\\/en\\\/product\\\/suspendu-metal-blanc-p8091-wh-wh\\\/#primaryimage\"},\"thumbnailUrl\":\"https:\\\/\\\/luminairesgregoire.com\\\/wp-content\\\/uploads\\\/2026\\\/05\\\/Votre-texte-de-paragraphe-2026-05-11T142756.841.webp\",\"datePublished\":\"2026-03-23T07:05:00+00:00\",\"dateModified\":\"2026-05-11T18:33:17+00:00\",\"description\":\"SUSPENDU M\u00c9TAL BLANC- P8091-WH-WH - Discover our collection of designer lighting \u2014 pendants, lamps, and ceiling lights \u2014 to brighten every space with style and elegance.\",\"breadcrumb\":{\"@id\":\"https:\\\/\\\/luminairesgregoire.com\\\/en\\\/product\\\/suspendu-metal-blanc-p8091-wh-wh\\\/#breadcrumb\"},\"inLanguage\":\"en-US\",\"potentialAction\":[{\"@type\":\"ReadAction\",\"target\":[\"https:\\\/\\\/luminairesgregoire.com\\\/en\\\/product\\\/suspendu-metal-blanc-p8091-wh-wh\\\/\"]}]},{\"@type\":\"ImageObject\",\"inLanguage\":\"en-US\",\"@id\":\"https:\\\/\\\/luminairesgregoire.com\\\/en\\\/product\\\/suspendu-metal-blanc-p8091-wh-wh\\\/#primaryimage\",\"url\":\"https:\\\/\\\/luminairesgregoire.com\\\/wp-content\\\/uploads\\\/2026\\\/05\\\/Votre-texte-de-paragraphe-2026-05-11T142756.841.webp\",\"contentUrl\":\"https:\\\/\\\/luminairesgregoire.com\\\/wp-content\\\/uploads\\\/2026\\\/05\\\/Votre-texte-de-paragraphe-2026-05-11T142756.841.webp\",\"width\":850,\"height\":850,\"caption\":\"SUSPENDU M\u00c9TAL BLANC- P8091-WH-WH\"},{\"@type\":\"BreadcrumbList\",\"@id\":\"https:\\\/\\\/luminairesgregoire.com\\\/en\\\/product\\\/suspendu-metal-blanc-p8091-wh-wh\\\/#breadcrumb\",\"itemListElement\":[{\"@type\":\"ListItem\",\"position\":1,\"name\":\"Home\",\"item\":\"https:\\\/\\\/luminairesgregoire.com\\\/en\\\/\"},{\"@type\":\"ListItem\",\"position\":2,\"name\":\"Store\",\"item\":\"https:\\\/\\\/luminairesgregoire.com\\\/en\\\/products\\\/\"},{\"@type\":\"ListItem\",\"position\":3,\"name\":\"SUSPENDU M\u00c9TAL BLANC- P8091-WH-WH\"}]},{\"@type\":\"WebSite\",\"@id\":\"https:\\\/\\\/luminairesgregoire.com\\\/en\\\/#website\",\"url\":\"https:\\\/\\\/luminairesgregoire.com\\\/en\\\/\",\"name\":\"Luminaires Paul Gr\u00e9goire\",\"description\":\"\",\"publisher\":{\"@id\":\"https:\\\/\\\/luminairesgregoire.com\\\/en\\\/#organization\"},\"potentialAction\":[{\"@type\":\"SearchAction\",\"target\":{\"@type\":\"EntryPoint\",\"urlTemplate\":\"https:\\\/\\\/luminairesgregoire.com\\\/en\\\/?s={search_term_string}\"},\"query-input\":{\"@type\":\"PropertyValueSpecification\",\"valueRequired\":true,\"valueName\":\"search_term_string\"}}],\"inLanguage\":\"en-US\"},{\"@type\":\"Organization\",\"@id\":\"https:\\\/\\\/luminairesgregoire.com\\\/en\\\/#organization\",\"name\":\"Luminaires Paul Gr\u00e9goire\",\"url\":\"https:\\\/\\\/luminairesgregoire.com\\\/en\\\/\",\"logo\":{\"@type\":\"ImageObject\",\"inLanguage\":\"en-US\",\"@id\":\"https:\\\/\\\/luminairesgregoire.com\\\/en\\\/#\\\/schema\\\/logo\\\/image\\\/\",\"url\":\"https:\\\/\\\/luminairesgregoire.com\\\/wp-content\\\/uploads\\\/2021\\\/05\\\/logo_CMYK-1-1.png\",\"contentUrl\":\"https:\\\/\\\/luminairesgregoire.com\\\/wp-content\\\/uploads\\\/2021\\\/05\\\/logo_CMYK-1-1.png\",\"width\":350,\"height\":164,\"caption\":\"Luminaires Paul Gr\u00e9goire\"},\"image\":{\"@id\":\"https:\\\/\\\/luminairesgregoire.com\\\/en\\\/#\\\/schema\\\/logo\\\/image\\\/\"}}]}<\/script>\n<!-- \/ Yoast SEO plugin. -->","yoast_head_json":{"title":"SUSPENDU M\u00c9TAL BLANC- P8091-WH-WH - Luminaires Paul Gr\u00e9goire","description":"SUSPENDU M\u00c9TAL BLANC- P8091-WH-WH - Discover our collection of designer lighting \u2014 pendants, lamps, and ceiling lights \u2014 to brighten every space with style and elegance.","robots":{"index":"index","follow":"follow","max-snippet":"max-snippet:-1","max-image-preview":"max-image-preview:large","max-video-preview":"max-video-preview:-1"},"canonical":"https:\/\/luminairesgregoire.com\/en\/product\/suspendu-metal-blanc-p8091-wh-wh\/","og_locale":"en_US","og_type":"article","og_title":"SUSPENDU M\u00c9TAL BLANC- P8091-WH-WH - Luminaires Paul Gr\u00e9goire","og_description":"SUSPENDU M\u00c9TAL BLANC- P8091-WH-WH - Discover our collection of designer lighting \u2014 pendants, lamps, and ceiling lights \u2014 to brighten every space with style and elegance.","og_url":"https:\/\/luminairesgregoire.com\/en\/product\/suspendu-metal-blanc-p8091-wh-wh\/","og_site_name":"Luminaires Paul Gr\u00e9goire","article_modified_time":"2026-05-11T18:33:17+00:00","og_image":[{"width":850,"height":850,"url":"https:\/\/luminairesgregoire.com\/wp-content\/uploads\/2026\/05\/Votre-texte-de-paragraphe-2026-05-11T142756.841.webp","type":"image\/jpeg"}],"twitter_card":"summary_large_image","twitter_misc":{"Est. reading time":"1 minute"},"schema":{"@context":"https:\/\/schema.org","@graph":[{"@type":"WebPage","@id":"https:\/\/luminairesgregoire.com\/en\/product\/suspendu-metal-blanc-p8091-wh-wh\/","url":"https:\/\/luminairesgregoire.com\/en\/product\/suspendu-metal-blanc-p8091-wh-wh\/","name":"SUSPENDU M\u00c9TAL BLANC- P8091-WH-WH - Luminaires Paul Gr\u00e9goire","isPartOf":{"@id":"https:\/\/luminairesgregoire.com\/en\/#website"},"primaryImageOfPage":{"@id":"https:\/\/luminairesgregoire.com\/en\/product\/suspendu-metal-blanc-p8091-wh-wh\/#primaryimage"},"image":{"@id":"https:\/\/luminairesgregoire.com\/en\/product\/suspendu-metal-blanc-p8091-wh-wh\/#primaryimage"},"thumbnailUrl":"https:\/\/luminairesgregoire.com\/wp-content\/uploads\/2026\/05\/Votre-texte-de-paragraphe-2026-05-11T142756.841.webp","datePublished":"2026-03-23T07:05:00+00:00","dateModified":"2026-05-11T18:33:17+00:00","description":"SUSPENDU M\u00c9TAL BLANC- P8091-WH-WH - Discover our collection of designer lighting \u2014 pendants, lamps, and ceiling lights \u2014 to brighten every space with style and elegance.","breadcrumb":{"@id":"https:\/\/luminairesgregoire.com\/en\/product\/suspendu-metal-blanc-p8091-wh-wh\/#breadcrumb"},"inLanguage":"en-US","potentialAction":[{"@type":"ReadAction","target":["https:\/\/luminairesgregoire.com\/en\/product\/suspendu-metal-blanc-p8091-wh-wh\/"]}]},{"@type":"ImageObject","inLanguage":"en-US","@id":"https:\/\/luminairesgregoire.com\/en\/product\/suspendu-metal-blanc-p8091-wh-wh\/#primaryimage","url":"https:\/\/luminairesgregoire.com\/wp-content\/uploads\/2026\/05\/Votre-texte-de-paragraphe-2026-05-11T142756.841.webp","contentUrl":"https:\/\/luminairesgregoire.com\/wp-content\/uploads\/2026\/05\/Votre-texte-de-paragraphe-2026-05-11T142756.841.webp","width":850,"height":850,"caption":"SUSPENDU M\u00c9TAL BLANC- P8091-WH-WH"},{"@type":"BreadcrumbList","@id":"https:\/\/luminairesgregoire.com\/en\/product\/suspendu-metal-blanc-p8091-wh-wh\/#breadcrumb","itemListElement":[{"@type":"ListItem","position":1,"name":"Home","item":"https:\/\/luminairesgregoire.com\/en\/"},{"@type":"ListItem","position":2,"name":"Store","item":"https:\/\/luminairesgregoire.com\/en\/products\/"},{"@type":"ListItem","position":3,"name":"SUSPENDU M\u00c9TAL BLANC- P8091-WH-WH"}]},{"@type":"WebSite","@id":"https:\/\/luminairesgregoire.com\/en\/#website","url":"https:\/\/luminairesgregoire.com\/en\/","name":"Luminaires Paul Gr\u00e9goire","description":"","publisher":{"@id":"https:\/\/luminairesgregoire.com\/en\/#organization"},"potentialAction":[{"@type":"SearchAction","target":{"@type":"EntryPoint","urlTemplate":"https:\/\/luminairesgregoire.com\/en\/?s={search_term_string}"},"query-input":{"@type":"PropertyValueSpecification","valueRequired":true,"valueName":"search_term_string"}}],"inLanguage":"en-US"},{"@type":"Organization","@id":"https:\/\/luminairesgregoire.com\/en\/#organization","name":"Luminaires Paul Gr\u00e9goire","url":"https:\/\/luminairesgregoire.com\/en\/","logo":{"@type":"ImageObject","inLanguage":"en-US","@id":"https:\/\/luminairesgregoire.com\/en\/#\/schema\/logo\/image\/","url":"https:\/\/luminairesgregoire.com\/wp-content\/uploads\/2021\/05\/logo_CMYK-1-1.png","contentUrl":"https:\/\/luminairesgregoire.com\/wp-content\/uploads\/2021\/05\/logo_CMYK-1-1.png","width":350,"height":164,"caption":"Luminaires Paul Gr\u00e9goire"},"image":{"@id":"https:\/\/luminairesgregoire.com\/en\/#\/schema\/logo\/image\/"}}]}},"_links":{"self":[{"href":"https:\/\/luminairesgregoire.com\/en\/wp-json\/wp\/v2\/product\/36401","targetHints":{"allow":["GET"]}}],"collection":[{"href":"https:\/\/luminairesgregoire.com\/en\/wp-json\/wp\/v2\/product"}],"about":[{"href":"https:\/\/luminairesgregoire.com\/en\/wp-json\/wp\/v2\/types\/product"}],"wp:featuredmedia":[{"embeddable":true,"href":"https:\/\/luminairesgregoire.com\/en\/wp-json\/wp\/v2\/media\/39788"}],"wp:attachment":[{"href":"https:\/\/luminairesgregoire.com\/en\/wp-json\/wp\/v2\/media?parent=36401"}],"wp:term":[{"taxonomy":"product_brand","embeddable":true,"href":"https:\/\/luminairesgregoire.com\/en\/wp-json\/wp\/v2\/product_brand?post=36401"},{"taxonomy":"product_cat","embeddable":true,"href":"https:\/\/luminairesgregoire.com\/en\/wp-json\/wp\/v2\/product_cat?post=36401"},{"taxonomy":"product_tag","embeddable":true,"href":"https:\/\/luminairesgregoire.com\/en\/wp-json\/wp\/v2\/product_tag?post=36401"}],"curies":[{"name":"wp","href":"https:\/\/api.w.org\/{rel}","templated":true}]}}