{"id":36459,"date":"2026-03-24T02:25:06","date_gmt":"2026-03-24T06:25:06","guid":{"rendered":"https:\/\/luminairesgregoire.com\/?post_type=product&#038;p=36459"},"modified":"2026-04-15T04:35:34","modified_gmt":"2026-04-15T08:35:34","slug":"suspendu-4-l-noir-renzo-ich1243a04bk","status":"publish","type":"product","link":"https:\/\/luminairesgregoire.com\/en\/product\/suspendu-4-l-noir-renzo-ich1243a04bk\/","title":{"rendered":"SUSPENDU 4-L NOIR- RENZO ICH1243A04BK"},"content":{"rendered":"<p data-start=\"0\" data-end=\"279\">Le lustre RENZO marie une pr\u00e9sence audacieuse \u00e0 un luxe discret, avec sa structure noir mat et ses abat-jour en verre clair c\u00f4tel\u00e9. Dot\u00e9 de quatre lumi\u00e8res, il offre un \u00e9quilibre parfait entre robustesse et raffinement, diffusant un \u00e9clairage \u00e0 la fois saisissant et accueillant.\u00a0Le verre c\u00f4tel\u00e9 apporte texture et profondeur, contrastant \u00e9l\u00e9gamment avec la finition noire lisse pour un effet \u00e0 la fois contemporain et intemporel. Avec une largeur de 23 pouces et une hauteur ajustable de 17,25 \u00e0 59,25 pouces, RENZO s\u2019adapte facilement aux salles \u00e0 manger, espaces de vie ou entr\u00e9es.<\/p>\n","protected":false},"excerpt":{"rendered":"<p>Le lustre RENZO marie une pr\u00e9sence audacieuse \u00e0 un luxe discret, avec sa structure noir mat et ses abat-jour en verre clair c\u00f4tel\u00e9. Dot\u00e9 de quatre lumi\u00e8res, il offre un \u00e9quilibre parfait entre robustesse et raffinement, diffusant un \u00e9clairage \u00e0 la fois saisissant et accueillant.\u00a0Le verre c\u00f4tel\u00e9 apporte texture et profondeur, contrastant \u00e9l\u00e9gamment avec la [&hellip;]<\/p>\n","protected":false},"featured_media":36767,"template":"","meta":{"_acf_changed":false},"product_brand":[6009],"product_cat":[8859,5835,5839],"product_tag":[],"class_list":{"0":"post-36459","1":"product","2":"type-product","3":"status-publish","4":"has-post-thumbnail","6":"product_brand-canarm","7":"product_cat-nouveautes","8":"product_cat-suspension","9":"product_cat-suspension-suspension","10":"pa_diametre-2724","11":"pa_finis-noir","12":"pa_garantie-1-an","14":"first","15":"instock","16":"taxable","17":"shipping-taxable","18":"purchasable","19":"product-type-simple"},"acf":[],"yoast_head":"<!-- This site is optimized with the Yoast SEO plugin v27.4 - https:\/\/yoast.com\/product\/yoast-seo-wordpress\/ -->\n<title>SUSPENDU 4-L NOIR- RENZO ICH1243A04BK - Luminaires Paul Gr\u00e9goire<\/title>\n<meta name=\"description\" content=\"SUSPENDU 4-L NOIR- RENZO ICH1243A04BK - Discover our collection of designer lighting \u2014 pendants, lamps, and ceiling lights \u2014 to brighten every space with style and elegance.\" \/>\n<meta name=\"robots\" content=\"index, follow, max-snippet:-1, max-image-preview:large, max-video-preview:-1\" \/>\n<link rel=\"canonical\" href=\"https:\/\/luminairesgregoire.com\/en\/product\/suspendu-4-l-noir-renzo-ich1243a04bk\/\" \/>\n<meta property=\"og:locale\" content=\"en_US\" \/>\n<meta property=\"og:type\" content=\"article\" \/>\n<meta property=\"og:title\" content=\"SUSPENDU 4-L NOIR- RENZO ICH1243A04BK - Luminaires Paul Gr\u00e9goire\" \/>\n<meta property=\"og:description\" content=\"SUSPENDU 4-L NOIR- RENZO ICH1243A04BK - Discover our collection of designer lighting \u2014 pendants, lamps, and ceiling lights \u2014 to brighten every space with style and elegance.\" \/>\n<meta property=\"og:url\" content=\"https:\/\/luminairesgregoire.com\/en\/product\/suspendu-4-l-noir-renzo-ich1243a04bk\/\" \/>\n<meta property=\"og:site_name\" content=\"Luminaires Paul Gr\u00e9goire\" \/>\n<meta property=\"article:modified_time\" content=\"2026-04-15T08:35:34+00:00\" \/>\n<meta property=\"og:image\" content=\"https:\/\/luminairesgregoire.com\/wp-content\/uploads\/2026\/03\/Votre-texte-de-paragraphe-2026-03-25T164446.929.webp\" \/>\n\t<meta property=\"og:image:width\" content=\"850\" \/>\n\t<meta property=\"og:image:height\" content=\"850\" \/>\n\t<meta property=\"og:image:type\" content=\"image\/jpeg\" \/>\n<meta name=\"twitter:card\" content=\"summary_large_image\" \/>\n<meta name=\"twitter:label1\" content=\"Est. reading time\" \/>\n\t<meta name=\"twitter:data1\" content=\"1 minute\" \/>\n<script type=\"application\/ld+json\" class=\"yoast-schema-graph\">{\"@context\":\"https:\\\/\\\/schema.org\",\"@graph\":[{\"@type\":\"WebPage\",\"@id\":\"https:\\\/\\\/luminairesgregoire.com\\\/en\\\/product\\\/suspendu-4-l-noir-renzo-ich1243a04bk\\\/\",\"url\":\"https:\\\/\\\/luminairesgregoire.com\\\/en\\\/product\\\/suspendu-4-l-noir-renzo-ich1243a04bk\\\/\",\"name\":\"SUSPENDU 4-L NOIR- RENZO ICH1243A04BK - Luminaires Paul Gr\u00e9goire\",\"isPartOf\":{\"@id\":\"https:\\\/\\\/luminairesgregoire.com\\\/en\\\/#website\"},\"primaryImageOfPage\":{\"@id\":\"https:\\\/\\\/luminairesgregoire.com\\\/en\\\/product\\\/suspendu-4-l-noir-renzo-ich1243a04bk\\\/#primaryimage\"},\"image\":{\"@id\":\"https:\\\/\\\/luminairesgregoire.com\\\/en\\\/product\\\/suspendu-4-l-noir-renzo-ich1243a04bk\\\/#primaryimage\"},\"thumbnailUrl\":\"https:\\\/\\\/luminairesgregoire.com\\\/wp-content\\\/uploads\\\/2026\\\/03\\\/Votre-texte-de-paragraphe-2026-03-25T164446.929.webp\",\"datePublished\":\"2026-03-24T06:25:06+00:00\",\"dateModified\":\"2026-04-15T08:35:34+00:00\",\"description\":\"SUSPENDU 4-L NOIR- RENZO ICH1243A04BK - Discover our collection of designer lighting \u2014 pendants, lamps, and ceiling lights \u2014 to brighten every space with style and elegance.\",\"breadcrumb\":{\"@id\":\"https:\\\/\\\/luminairesgregoire.com\\\/en\\\/product\\\/suspendu-4-l-noir-renzo-ich1243a04bk\\\/#breadcrumb\"},\"inLanguage\":\"en-US\",\"potentialAction\":[{\"@type\":\"ReadAction\",\"target\":[\"https:\\\/\\\/luminairesgregoire.com\\\/en\\\/product\\\/suspendu-4-l-noir-renzo-ich1243a04bk\\\/\"]}]},{\"@type\":\"ImageObject\",\"inLanguage\":\"en-US\",\"@id\":\"https:\\\/\\\/luminairesgregoire.com\\\/en\\\/product\\\/suspendu-4-l-noir-renzo-ich1243a04bk\\\/#primaryimage\",\"url\":\"https:\\\/\\\/luminairesgregoire.com\\\/wp-content\\\/uploads\\\/2026\\\/03\\\/Votre-texte-de-paragraphe-2026-03-25T164446.929.webp\",\"contentUrl\":\"https:\\\/\\\/luminairesgregoire.com\\\/wp-content\\\/uploads\\\/2026\\\/03\\\/Votre-texte-de-paragraphe-2026-03-25T164446.929.webp\",\"width\":850,\"height\":850,\"caption\":\"SUSPENDU 4-L NOIR- RENZO ICH1243A04BK\"},{\"@type\":\"BreadcrumbList\",\"@id\":\"https:\\\/\\\/luminairesgregoire.com\\\/en\\\/product\\\/suspendu-4-l-noir-renzo-ich1243a04bk\\\/#breadcrumb\",\"itemListElement\":[{\"@type\":\"ListItem\",\"position\":1,\"name\":\"Home\",\"item\":\"https:\\\/\\\/luminairesgregoire.com\\\/en\\\/\"},{\"@type\":\"ListItem\",\"position\":2,\"name\":\"Store\",\"item\":\"https:\\\/\\\/luminairesgregoire.com\\\/en\\\/products\\\/\"},{\"@type\":\"ListItem\",\"position\":3,\"name\":\"SUSPENDU 4-L NOIR- RENZO ICH1243A04BK\"}]},{\"@type\":\"WebSite\",\"@id\":\"https:\\\/\\\/luminairesgregoire.com\\\/en\\\/#website\",\"url\":\"https:\\\/\\\/luminairesgregoire.com\\\/en\\\/\",\"name\":\"Luminaires Paul Gr\u00e9goire\",\"description\":\"\",\"publisher\":{\"@id\":\"https:\\\/\\\/luminairesgregoire.com\\\/en\\\/#organization\"},\"potentialAction\":[{\"@type\":\"SearchAction\",\"target\":{\"@type\":\"EntryPoint\",\"urlTemplate\":\"https:\\\/\\\/luminairesgregoire.com\\\/en\\\/?s={search_term_string}\"},\"query-input\":{\"@type\":\"PropertyValueSpecification\",\"valueRequired\":true,\"valueName\":\"search_term_string\"}}],\"inLanguage\":\"en-US\"},{\"@type\":\"Organization\",\"@id\":\"https:\\\/\\\/luminairesgregoire.com\\\/en\\\/#organization\",\"name\":\"Luminaires Paul Gr\u00e9goire\",\"url\":\"https:\\\/\\\/luminairesgregoire.com\\\/en\\\/\",\"logo\":{\"@type\":\"ImageObject\",\"inLanguage\":\"en-US\",\"@id\":\"https:\\\/\\\/luminairesgregoire.com\\\/en\\\/#\\\/schema\\\/logo\\\/image\\\/\",\"url\":\"https:\\\/\\\/luminairesgregoire.com\\\/wp-content\\\/uploads\\\/2021\\\/05\\\/logo_CMYK-1-1.png\",\"contentUrl\":\"https:\\\/\\\/luminairesgregoire.com\\\/wp-content\\\/uploads\\\/2021\\\/05\\\/logo_CMYK-1-1.png\",\"width\":350,\"height\":164,\"caption\":\"Luminaires Paul Gr\u00e9goire\"},\"image\":{\"@id\":\"https:\\\/\\\/luminairesgregoire.com\\\/en\\\/#\\\/schema\\\/logo\\\/image\\\/\"}}]}<\/script>\n<!-- \/ Yoast SEO plugin. -->","yoast_head_json":{"title":"SUSPENDU 4-L NOIR- RENZO ICH1243A04BK - Luminaires Paul Gr\u00e9goire","description":"SUSPENDU 4-L NOIR- RENZO ICH1243A04BK - Discover our collection of designer lighting \u2014 pendants, lamps, and ceiling lights \u2014 to brighten every space with style and elegance.","robots":{"index":"index","follow":"follow","max-snippet":"max-snippet:-1","max-image-preview":"max-image-preview:large","max-video-preview":"max-video-preview:-1"},"canonical":"https:\/\/luminairesgregoire.com\/en\/product\/suspendu-4-l-noir-renzo-ich1243a04bk\/","og_locale":"en_US","og_type":"article","og_title":"SUSPENDU 4-L NOIR- RENZO ICH1243A04BK - Luminaires Paul Gr\u00e9goire","og_description":"SUSPENDU 4-L NOIR- RENZO ICH1243A04BK - Discover our collection of designer lighting \u2014 pendants, lamps, and ceiling lights \u2014 to brighten every space with style and elegance.","og_url":"https:\/\/luminairesgregoire.com\/en\/product\/suspendu-4-l-noir-renzo-ich1243a04bk\/","og_site_name":"Luminaires Paul Gr\u00e9goire","article_modified_time":"2026-04-15T08:35:34+00:00","og_image":[{"width":850,"height":850,"url":"https:\/\/luminairesgregoire.com\/wp-content\/uploads\/2026\/03\/Votre-texte-de-paragraphe-2026-03-25T164446.929.webp","type":"image\/jpeg"}],"twitter_card":"summary_large_image","twitter_misc":{"Est. reading time":"1 minute"},"schema":{"@context":"https:\/\/schema.org","@graph":[{"@type":"WebPage","@id":"https:\/\/luminairesgregoire.com\/en\/product\/suspendu-4-l-noir-renzo-ich1243a04bk\/","url":"https:\/\/luminairesgregoire.com\/en\/product\/suspendu-4-l-noir-renzo-ich1243a04bk\/","name":"SUSPENDU 4-L NOIR- RENZO ICH1243A04BK - Luminaires Paul Gr\u00e9goire","isPartOf":{"@id":"https:\/\/luminairesgregoire.com\/en\/#website"},"primaryImageOfPage":{"@id":"https:\/\/luminairesgregoire.com\/en\/product\/suspendu-4-l-noir-renzo-ich1243a04bk\/#primaryimage"},"image":{"@id":"https:\/\/luminairesgregoire.com\/en\/product\/suspendu-4-l-noir-renzo-ich1243a04bk\/#primaryimage"},"thumbnailUrl":"https:\/\/luminairesgregoire.com\/wp-content\/uploads\/2026\/03\/Votre-texte-de-paragraphe-2026-03-25T164446.929.webp","datePublished":"2026-03-24T06:25:06+00:00","dateModified":"2026-04-15T08:35:34+00:00","description":"SUSPENDU 4-L NOIR- RENZO ICH1243A04BK - Discover our collection of designer lighting \u2014 pendants, lamps, and ceiling lights \u2014 to brighten every space with style and elegance.","breadcrumb":{"@id":"https:\/\/luminairesgregoire.com\/en\/product\/suspendu-4-l-noir-renzo-ich1243a04bk\/#breadcrumb"},"inLanguage":"en-US","potentialAction":[{"@type":"ReadAction","target":["https:\/\/luminairesgregoire.com\/en\/product\/suspendu-4-l-noir-renzo-ich1243a04bk\/"]}]},{"@type":"ImageObject","inLanguage":"en-US","@id":"https:\/\/luminairesgregoire.com\/en\/product\/suspendu-4-l-noir-renzo-ich1243a04bk\/#primaryimage","url":"https:\/\/luminairesgregoire.com\/wp-content\/uploads\/2026\/03\/Votre-texte-de-paragraphe-2026-03-25T164446.929.webp","contentUrl":"https:\/\/luminairesgregoire.com\/wp-content\/uploads\/2026\/03\/Votre-texte-de-paragraphe-2026-03-25T164446.929.webp","width":850,"height":850,"caption":"SUSPENDU 4-L NOIR- RENZO ICH1243A04BK"},{"@type":"BreadcrumbList","@id":"https:\/\/luminairesgregoire.com\/en\/product\/suspendu-4-l-noir-renzo-ich1243a04bk\/#breadcrumb","itemListElement":[{"@type":"ListItem","position":1,"name":"Home","item":"https:\/\/luminairesgregoire.com\/en\/"},{"@type":"ListItem","position":2,"name":"Store","item":"https:\/\/luminairesgregoire.com\/en\/products\/"},{"@type":"ListItem","position":3,"name":"SUSPENDU 4-L NOIR- RENZO ICH1243A04BK"}]},{"@type":"WebSite","@id":"https:\/\/luminairesgregoire.com\/en\/#website","url":"https:\/\/luminairesgregoire.com\/en\/","name":"Luminaires Paul Gr\u00e9goire","description":"","publisher":{"@id":"https:\/\/luminairesgregoire.com\/en\/#organization"},"potentialAction":[{"@type":"SearchAction","target":{"@type":"EntryPoint","urlTemplate":"https:\/\/luminairesgregoire.com\/en\/?s={search_term_string}"},"query-input":{"@type":"PropertyValueSpecification","valueRequired":true,"valueName":"search_term_string"}}],"inLanguage":"en-US"},{"@type":"Organization","@id":"https:\/\/luminairesgregoire.com\/en\/#organization","name":"Luminaires Paul Gr\u00e9goire","url":"https:\/\/luminairesgregoire.com\/en\/","logo":{"@type":"ImageObject","inLanguage":"en-US","@id":"https:\/\/luminairesgregoire.com\/en\/#\/schema\/logo\/image\/","url":"https:\/\/luminairesgregoire.com\/wp-content\/uploads\/2021\/05\/logo_CMYK-1-1.png","contentUrl":"https:\/\/luminairesgregoire.com\/wp-content\/uploads\/2021\/05\/logo_CMYK-1-1.png","width":350,"height":164,"caption":"Luminaires Paul Gr\u00e9goire"},"image":{"@id":"https:\/\/luminairesgregoire.com\/en\/#\/schema\/logo\/image\/"}}]}},"_links":{"self":[{"href":"https:\/\/luminairesgregoire.com\/en\/wp-json\/wp\/v2\/product\/36459","targetHints":{"allow":["GET"]}}],"collection":[{"href":"https:\/\/luminairesgregoire.com\/en\/wp-json\/wp\/v2\/product"}],"about":[{"href":"https:\/\/luminairesgregoire.com\/en\/wp-json\/wp\/v2\/types\/product"}],"wp:featuredmedia":[{"embeddable":true,"href":"https:\/\/luminairesgregoire.com\/en\/wp-json\/wp\/v2\/media\/36767"}],"wp:attachment":[{"href":"https:\/\/luminairesgregoire.com\/en\/wp-json\/wp\/v2\/media?parent=36459"}],"wp:term":[{"taxonomy":"product_brand","embeddable":true,"href":"https:\/\/luminairesgregoire.com\/en\/wp-json\/wp\/v2\/product_brand?post=36459"},{"taxonomy":"product_cat","embeddable":true,"href":"https:\/\/luminairesgregoire.com\/en\/wp-json\/wp\/v2\/product_cat?post=36459"},{"taxonomy":"product_tag","embeddable":true,"href":"https:\/\/luminairesgregoire.com\/en\/wp-json\/wp\/v2\/product_tag?post=36459"}],"curies":[{"name":"wp","href":"https:\/\/api.w.org\/{rel}","templated":true}]}}