{"id":36470,"date":"2026-03-24T02:25:47","date_gmt":"2026-03-24T06:25:47","guid":{"rendered":"https:\/\/luminairesgregoire.com\/?post_type=product&#038;p=36470"},"modified":"2026-04-18T04:44:05","modified_gmt":"2026-04-18T08:44:05","slug":"suspendu-simple-noir-britton-ipl1234a01bk-fo","status":"publish","type":"product","link":"https:\/\/luminairesgregoire.com\/en\/product\/suspendu-simple-noir-britton-ipl1234a01bk-fo\/","title":{"rendered":"SUSPENDU SIMPLE NOIR- BRITTON IPL1234A01BK-FO"},"content":{"rendered":"<p data-start=\"0\" data-end=\"269\">Apportez une touche d\u2019\u00e9l\u00e9gance naturelle \u00e0 votre d\u00e9cor avec la suspension <strong data-start=\"74\" data-end=\"97\">BRITTON \u00e0 1 lumi\u00e8re<\/strong> en noir mat. La douce lueur de son abat-jour en verre opalin plat cr\u00e9e un \u00e9quilibre parfait entre chaleur et modernit\u00e9, pour un \u00e9clairage \u00e0 la fois \u00e9pur\u00e9 et accueillant.\u00a0Son design simple et polyvalent s\u2019int\u00e8gre parfaitement au-dessus d\u2019un \u00eelot de cuisine, d\u2019une table \u00e0 manger ou dans un coin lecture \u2014 partout o\u00f9 un \u00e9clairage cibl\u00e9 et raffin\u00e9 est souhait\u00e9. Sa hauteur ajustable (de 10,5 \u00e0 58,5 pouces) lui permet de s\u2019adapter \u00e0 diff\u00e9rents espaces et hauteurs de plafond.\u00a0Con\u00e7ue pour une ampoule de 60 W de type A, BRITTON offre un \u00e9clairage fiable, id\u00e9al au quotidien. Utilis\u00e9e seule ou en groupe, elle apporte un style intemporel avec une touche r\u00e9solument moderne.<\/p>\n","protected":false},"excerpt":{"rendered":"<p>Apportez une touche d\u2019\u00e9l\u00e9gance naturelle \u00e0 votre d\u00e9cor avec la suspension BRITTON \u00e0 1 lumi\u00e8re en noir mat. La douce lueur de son abat-jour en verre opalin plat cr\u00e9e un \u00e9quilibre parfait entre chaleur et modernit\u00e9, pour un \u00e9clairage \u00e0 la fois \u00e9pur\u00e9 et accueillant.\u00a0Son design simple et polyvalent s\u2019int\u00e8gre parfaitement au-dessus d\u2019un \u00eelot de [&hellip;]<\/p>\n","protected":false},"featured_media":36868,"template":"","meta":{"_acf_changed":false},"product_brand":[6009],"product_cat":[8859,5835,5845],"product_tag":[7348],"class_list":{"0":"post-36470","1":"product","2":"type-product","3":"status-publish","4":"has-post-thumbnail","6":"product_brand-canarm","7":"product_cat-nouveautes","8":"product_cat-suspension","9":"product_cat-suspensions-simples","10":"product_tag-nouveaute-2026","11":"pa_couleur-verre-givre-blanc","12":"pa_diametre-4-3-4-po","13":"pa_finis-noir","14":"pa_garantie-1-an","16":"first","17":"instock","18":"taxable","19":"shipping-taxable","20":"purchasable","21":"product-type-simple"},"acf":[],"yoast_head":"<!-- This site is optimized with the Yoast SEO plugin v27.4 - https:\/\/yoast.com\/product\/yoast-seo-wordpress\/ -->\n<title>SUSPENDU SIMPLE NOIR- BRITTON IPL1234A01BK-FO - Luminaires Paul Gr\u00e9goire<\/title>\n<meta name=\"description\" content=\"SUSPENDU SIMPLE NOIR- BRITTON IPL1234A01BK-FO - Discover our collection of designer lighting \u2014 pendants, lamps, and ceiling lights \u2014 to brighten every space with style and elegance.\" \/>\n<meta name=\"robots\" content=\"index, follow, max-snippet:-1, max-image-preview:large, max-video-preview:-1\" \/>\n<link rel=\"canonical\" href=\"https:\/\/luminairesgregoire.com\/en\/product\/suspendu-simple-noir-britton-ipl1234a01bk-fo\/\" \/>\n<meta property=\"og:locale\" content=\"en_US\" \/>\n<meta property=\"og:type\" content=\"article\" \/>\n<meta property=\"og:title\" content=\"SUSPENDU SIMPLE NOIR- BRITTON IPL1234A01BK-FO - Luminaires Paul Gr\u00e9goire\" \/>\n<meta property=\"og:description\" content=\"SUSPENDU SIMPLE NOIR- BRITTON IPL1234A01BK-FO - Discover our collection of designer lighting \u2014 pendants, lamps, and ceiling lights \u2014 to brighten every space with style and elegance.\" \/>\n<meta property=\"og:url\" content=\"https:\/\/luminairesgregoire.com\/en\/product\/suspendu-simple-noir-britton-ipl1234a01bk-fo\/\" \/>\n<meta property=\"og:site_name\" content=\"Luminaires Paul Gr\u00e9goire\" \/>\n<meta property=\"article:modified_time\" content=\"2026-04-18T08:44:05+00:00\" \/>\n<meta property=\"og:image\" content=\"https:\/\/luminairesgregoire.com\/wp-content\/uploads\/2026\/03\/Votre-texte-de-paragraphe-2026-03-26T150409.412.webp\" \/>\n\t<meta property=\"og:image:width\" content=\"850\" \/>\n\t<meta property=\"og:image:height\" content=\"850\" \/>\n\t<meta property=\"og:image:type\" content=\"image\/jpeg\" \/>\n<meta name=\"twitter:card\" content=\"summary_large_image\" \/>\n<meta name=\"twitter:label1\" content=\"Est. reading time\" \/>\n\t<meta name=\"twitter:data1\" content=\"1 minute\" \/>\n<script type=\"application\/ld+json\" class=\"yoast-schema-graph\">{\"@context\":\"https:\\\/\\\/schema.org\",\"@graph\":[{\"@type\":\"WebPage\",\"@id\":\"https:\\\/\\\/luminairesgregoire.com\\\/en\\\/product\\\/suspendu-simple-noir-britton-ipl1234a01bk-fo\\\/\",\"url\":\"https:\\\/\\\/luminairesgregoire.com\\\/en\\\/product\\\/suspendu-simple-noir-britton-ipl1234a01bk-fo\\\/\",\"name\":\"SUSPENDU SIMPLE NOIR- BRITTON IPL1234A01BK-FO - Luminaires Paul Gr\u00e9goire\",\"isPartOf\":{\"@id\":\"https:\\\/\\\/luminairesgregoire.com\\\/en\\\/#website\"},\"primaryImageOfPage\":{\"@id\":\"https:\\\/\\\/luminairesgregoire.com\\\/en\\\/product\\\/suspendu-simple-noir-britton-ipl1234a01bk-fo\\\/#primaryimage\"},\"image\":{\"@id\":\"https:\\\/\\\/luminairesgregoire.com\\\/en\\\/product\\\/suspendu-simple-noir-britton-ipl1234a01bk-fo\\\/#primaryimage\"},\"thumbnailUrl\":\"https:\\\/\\\/luminairesgregoire.com\\\/wp-content\\\/uploads\\\/2026\\\/03\\\/Votre-texte-de-paragraphe-2026-03-26T150409.412.webp\",\"datePublished\":\"2026-03-24T06:25:47+00:00\",\"dateModified\":\"2026-04-18T08:44:05+00:00\",\"description\":\"SUSPENDU SIMPLE NOIR- BRITTON IPL1234A01BK-FO - Discover our collection of designer lighting \u2014 pendants, lamps, and ceiling lights \u2014 to brighten every space with style and elegance.\",\"breadcrumb\":{\"@id\":\"https:\\\/\\\/luminairesgregoire.com\\\/en\\\/product\\\/suspendu-simple-noir-britton-ipl1234a01bk-fo\\\/#breadcrumb\"},\"inLanguage\":\"en-US\",\"potentialAction\":[{\"@type\":\"ReadAction\",\"target\":[\"https:\\\/\\\/luminairesgregoire.com\\\/en\\\/product\\\/suspendu-simple-noir-britton-ipl1234a01bk-fo\\\/\"]}]},{\"@type\":\"ImageObject\",\"inLanguage\":\"en-US\",\"@id\":\"https:\\\/\\\/luminairesgregoire.com\\\/en\\\/product\\\/suspendu-simple-noir-britton-ipl1234a01bk-fo\\\/#primaryimage\",\"url\":\"https:\\\/\\\/luminairesgregoire.com\\\/wp-content\\\/uploads\\\/2026\\\/03\\\/Votre-texte-de-paragraphe-2026-03-26T150409.412.webp\",\"contentUrl\":\"https:\\\/\\\/luminairesgregoire.com\\\/wp-content\\\/uploads\\\/2026\\\/03\\\/Votre-texte-de-paragraphe-2026-03-26T150409.412.webp\",\"width\":850,\"height\":850,\"caption\":\"SUSPENDU SIMPLE NOIR- BRITTON IPL1234A01BK-FO\"},{\"@type\":\"BreadcrumbList\",\"@id\":\"https:\\\/\\\/luminairesgregoire.com\\\/en\\\/product\\\/suspendu-simple-noir-britton-ipl1234a01bk-fo\\\/#breadcrumb\",\"itemListElement\":[{\"@type\":\"ListItem\",\"position\":1,\"name\":\"Home\",\"item\":\"https:\\\/\\\/luminairesgregoire.com\\\/en\\\/\"},{\"@type\":\"ListItem\",\"position\":2,\"name\":\"Store\",\"item\":\"https:\\\/\\\/luminairesgregoire.com\\\/en\\\/products\\\/\"},{\"@type\":\"ListItem\",\"position\":3,\"name\":\"SUSPENDU SIMPLE NOIR- BRITTON IPL1234A01BK-FO\"}]},{\"@type\":\"WebSite\",\"@id\":\"https:\\\/\\\/luminairesgregoire.com\\\/en\\\/#website\",\"url\":\"https:\\\/\\\/luminairesgregoire.com\\\/en\\\/\",\"name\":\"Luminaires Paul Gr\u00e9goire\",\"description\":\"\",\"publisher\":{\"@id\":\"https:\\\/\\\/luminairesgregoire.com\\\/en\\\/#organization\"},\"potentialAction\":[{\"@type\":\"SearchAction\",\"target\":{\"@type\":\"EntryPoint\",\"urlTemplate\":\"https:\\\/\\\/luminairesgregoire.com\\\/en\\\/?s={search_term_string}\"},\"query-input\":{\"@type\":\"PropertyValueSpecification\",\"valueRequired\":true,\"valueName\":\"search_term_string\"}}],\"inLanguage\":\"en-US\"},{\"@type\":\"Organization\",\"@id\":\"https:\\\/\\\/luminairesgregoire.com\\\/en\\\/#organization\",\"name\":\"Luminaires Paul Gr\u00e9goire\",\"url\":\"https:\\\/\\\/luminairesgregoire.com\\\/en\\\/\",\"logo\":{\"@type\":\"ImageObject\",\"inLanguage\":\"en-US\",\"@id\":\"https:\\\/\\\/luminairesgregoire.com\\\/en\\\/#\\\/schema\\\/logo\\\/image\\\/\",\"url\":\"https:\\\/\\\/luminairesgregoire.com\\\/wp-content\\\/uploads\\\/2021\\\/05\\\/logo_CMYK-1-1.png\",\"contentUrl\":\"https:\\\/\\\/luminairesgregoire.com\\\/wp-content\\\/uploads\\\/2021\\\/05\\\/logo_CMYK-1-1.png\",\"width\":350,\"height\":164,\"caption\":\"Luminaires Paul Gr\u00e9goire\"},\"image\":{\"@id\":\"https:\\\/\\\/luminairesgregoire.com\\\/en\\\/#\\\/schema\\\/logo\\\/image\\\/\"}}]}<\/script>\n<!-- \/ Yoast SEO plugin. -->","yoast_head_json":{"title":"SUSPENDU SIMPLE NOIR- BRITTON IPL1234A01BK-FO - Luminaires Paul Gr\u00e9goire","description":"SUSPENDU SIMPLE NOIR- BRITTON IPL1234A01BK-FO - Discover our collection of designer lighting \u2014 pendants, lamps, and ceiling lights \u2014 to brighten every space with style and elegance.","robots":{"index":"index","follow":"follow","max-snippet":"max-snippet:-1","max-image-preview":"max-image-preview:large","max-video-preview":"max-video-preview:-1"},"canonical":"https:\/\/luminairesgregoire.com\/en\/product\/suspendu-simple-noir-britton-ipl1234a01bk-fo\/","og_locale":"en_US","og_type":"article","og_title":"SUSPENDU SIMPLE NOIR- BRITTON IPL1234A01BK-FO - Luminaires Paul Gr\u00e9goire","og_description":"SUSPENDU SIMPLE NOIR- BRITTON IPL1234A01BK-FO - Discover our collection of designer lighting \u2014 pendants, lamps, and ceiling lights \u2014 to brighten every space with style and elegance.","og_url":"https:\/\/luminairesgregoire.com\/en\/product\/suspendu-simple-noir-britton-ipl1234a01bk-fo\/","og_site_name":"Luminaires Paul Gr\u00e9goire","article_modified_time":"2026-04-18T08:44:05+00:00","og_image":[{"width":850,"height":850,"url":"https:\/\/luminairesgregoire.com\/wp-content\/uploads\/2026\/03\/Votre-texte-de-paragraphe-2026-03-26T150409.412.webp","type":"image\/jpeg"}],"twitter_card":"summary_large_image","twitter_misc":{"Est. reading time":"1 minute"},"schema":{"@context":"https:\/\/schema.org","@graph":[{"@type":"WebPage","@id":"https:\/\/luminairesgregoire.com\/en\/product\/suspendu-simple-noir-britton-ipl1234a01bk-fo\/","url":"https:\/\/luminairesgregoire.com\/en\/product\/suspendu-simple-noir-britton-ipl1234a01bk-fo\/","name":"SUSPENDU SIMPLE NOIR- BRITTON IPL1234A01BK-FO - Luminaires Paul Gr\u00e9goire","isPartOf":{"@id":"https:\/\/luminairesgregoire.com\/en\/#website"},"primaryImageOfPage":{"@id":"https:\/\/luminairesgregoire.com\/en\/product\/suspendu-simple-noir-britton-ipl1234a01bk-fo\/#primaryimage"},"image":{"@id":"https:\/\/luminairesgregoire.com\/en\/product\/suspendu-simple-noir-britton-ipl1234a01bk-fo\/#primaryimage"},"thumbnailUrl":"https:\/\/luminairesgregoire.com\/wp-content\/uploads\/2026\/03\/Votre-texte-de-paragraphe-2026-03-26T150409.412.webp","datePublished":"2026-03-24T06:25:47+00:00","dateModified":"2026-04-18T08:44:05+00:00","description":"SUSPENDU SIMPLE NOIR- BRITTON IPL1234A01BK-FO - Discover our collection of designer lighting \u2014 pendants, lamps, and ceiling lights \u2014 to brighten every space with style and elegance.","breadcrumb":{"@id":"https:\/\/luminairesgregoire.com\/en\/product\/suspendu-simple-noir-britton-ipl1234a01bk-fo\/#breadcrumb"},"inLanguage":"en-US","potentialAction":[{"@type":"ReadAction","target":["https:\/\/luminairesgregoire.com\/en\/product\/suspendu-simple-noir-britton-ipl1234a01bk-fo\/"]}]},{"@type":"ImageObject","inLanguage":"en-US","@id":"https:\/\/luminairesgregoire.com\/en\/product\/suspendu-simple-noir-britton-ipl1234a01bk-fo\/#primaryimage","url":"https:\/\/luminairesgregoire.com\/wp-content\/uploads\/2026\/03\/Votre-texte-de-paragraphe-2026-03-26T150409.412.webp","contentUrl":"https:\/\/luminairesgregoire.com\/wp-content\/uploads\/2026\/03\/Votre-texte-de-paragraphe-2026-03-26T150409.412.webp","width":850,"height":850,"caption":"SUSPENDU SIMPLE NOIR- BRITTON IPL1234A01BK-FO"},{"@type":"BreadcrumbList","@id":"https:\/\/luminairesgregoire.com\/en\/product\/suspendu-simple-noir-britton-ipl1234a01bk-fo\/#breadcrumb","itemListElement":[{"@type":"ListItem","position":1,"name":"Home","item":"https:\/\/luminairesgregoire.com\/en\/"},{"@type":"ListItem","position":2,"name":"Store","item":"https:\/\/luminairesgregoire.com\/en\/products\/"},{"@type":"ListItem","position":3,"name":"SUSPENDU SIMPLE NOIR- BRITTON IPL1234A01BK-FO"}]},{"@type":"WebSite","@id":"https:\/\/luminairesgregoire.com\/en\/#website","url":"https:\/\/luminairesgregoire.com\/en\/","name":"Luminaires Paul Gr\u00e9goire","description":"","publisher":{"@id":"https:\/\/luminairesgregoire.com\/en\/#organization"},"potentialAction":[{"@type":"SearchAction","target":{"@type":"EntryPoint","urlTemplate":"https:\/\/luminairesgregoire.com\/en\/?s={search_term_string}"},"query-input":{"@type":"PropertyValueSpecification","valueRequired":true,"valueName":"search_term_string"}}],"inLanguage":"en-US"},{"@type":"Organization","@id":"https:\/\/luminairesgregoire.com\/en\/#organization","name":"Luminaires Paul Gr\u00e9goire","url":"https:\/\/luminairesgregoire.com\/en\/","logo":{"@type":"ImageObject","inLanguage":"en-US","@id":"https:\/\/luminairesgregoire.com\/en\/#\/schema\/logo\/image\/","url":"https:\/\/luminairesgregoire.com\/wp-content\/uploads\/2021\/05\/logo_CMYK-1-1.png","contentUrl":"https:\/\/luminairesgregoire.com\/wp-content\/uploads\/2021\/05\/logo_CMYK-1-1.png","width":350,"height":164,"caption":"Luminaires Paul Gr\u00e9goire"},"image":{"@id":"https:\/\/luminairesgregoire.com\/en\/#\/schema\/logo\/image\/"}}]}},"_links":{"self":[{"href":"https:\/\/luminairesgregoire.com\/en\/wp-json\/wp\/v2\/product\/36470","targetHints":{"allow":["GET"]}}],"collection":[{"href":"https:\/\/luminairesgregoire.com\/en\/wp-json\/wp\/v2\/product"}],"about":[{"href":"https:\/\/luminairesgregoire.com\/en\/wp-json\/wp\/v2\/types\/product"}],"wp:featuredmedia":[{"embeddable":true,"href":"https:\/\/luminairesgregoire.com\/en\/wp-json\/wp\/v2\/media\/36868"}],"wp:attachment":[{"href":"https:\/\/luminairesgregoire.com\/en\/wp-json\/wp\/v2\/media?parent=36470"}],"wp:term":[{"taxonomy":"product_brand","embeddable":true,"href":"https:\/\/luminairesgregoire.com\/en\/wp-json\/wp\/v2\/product_brand?post=36470"},{"taxonomy":"product_cat","embeddable":true,"href":"https:\/\/luminairesgregoire.com\/en\/wp-json\/wp\/v2\/product_cat?post=36470"},{"taxonomy":"product_tag","embeddable":true,"href":"https:\/\/luminairesgregoire.com\/en\/wp-json\/wp\/v2\/product_tag?post=36470"}],"curies":[{"name":"wp","href":"https:\/\/api.w.org\/{rel}","templated":true}]}}