{"id":36475,"date":"2026-03-24T02:25:56","date_gmt":"2026-03-24T06:25:56","guid":{"rendered":"https:\/\/luminairesgregoire.com\/?post_type=product&#038;p=36475"},"modified":"2026-04-21T04:14:50","modified_gmt":"2026-04-21T08:14:50","slug":"suspendu-simple-blanc-et-noir-elim-ipl1238a01bw","status":"publish","type":"product","link":"https:\/\/luminairesgregoire.com\/en\/product\/suspendu-simple-blanc-et-noir-elim-ipl1238a01bw\/","title":{"rendered":"SUSPENDU SIMPLE BLANC ET NOIR- ELIM IPL1238A01BW"},"content":{"rendered":"<p data-start=\"0\" data-end=\"320\">La suspension sur tige <strong data-start=\"23\" data-end=\"31\">ELIM<\/strong> incarne un raffinement moderne gr\u00e2ce \u00e0 un jeu de contrastes et de formes, mariant une structure en noir mat \u00e0 un abat-jour blanc mat lisse. Son design ajour\u00e9 aux lignes \u00e9pur\u00e9es apporte une profondeur subtile, laissant la lumi\u00e8re se diffuser doucement pour un effet sculptural \u00e9quilibr\u00e9.\u00a0Avec un diam\u00e8tre de 9 pouces, ce luminaire offre une pr\u00e9sence discr\u00e8te, id\u00e9ale au-dessus d\u2019un \u00eelot de cuisine, d\u2019une table \u00e0 manger ou dans une entr\u00e9e. Sa tige ajustable, de 24,25 \u00e0 66,25 pouces, assure une installation parfaitement adapt\u00e9e \u00e0 diff\u00e9rentes hauteurs de plafond.\u00a0Con\u00e7ue pour une ampoule de 60 W de type A, la suspension ELIM allie g\u00e9om\u00e9trie \u00e9pur\u00e9e et \u00e9clairage doux, pour un design contemporain \u00e0 la fois simple et distinctif.<\/p>\n","protected":false},"excerpt":{"rendered":"<p>La suspension sur tige ELIM incarne un raffinement moderne gr\u00e2ce \u00e0 un jeu de contrastes et de formes, mariant une structure en noir mat \u00e0 un abat-jour blanc mat lisse. Son design ajour\u00e9 aux lignes \u00e9pur\u00e9es apporte une profondeur subtile, laissant la lumi\u00e8re se diffuser doucement pour un effet sculptural \u00e9quilibr\u00e9.\u00a0Avec un diam\u00e8tre de 9 [&hellip;]<\/p>\n","protected":false},"featured_media":36909,"template":"","meta":{"_acf_changed":false},"product_brand":[7080],"product_cat":[8860,5926,5989],"product_tag":[7357],"class_list":{"0":"post-36475","1":"product","2":"type-product","3":"status-publish","4":"has-post-thumbnail","6":"product_brand-canarm","7":"product_cat-new-arrivals","8":"product_cat-pendant-lights","9":"product_cat-single-pendants","10":"product_tag-new-collection-2026","11":"pa_diametre-9-2","12":"pa_finis-white","13":"pa_finis-black","14":"pa_garantie-1-year","16":"first","17":"instock","18":"taxable","19":"shipping-taxable","20":"purchasable","21":"product-type-simple"},"acf":[],"yoast_head":"<!-- This site is optimized with the Yoast SEO plugin v27.4 - https:\/\/yoast.com\/product\/yoast-seo-wordpress\/ -->\n<title>SUSPENDU SIMPLE BLANC ET NOIR- ELIM IPL1238A01BW - Luminaires Paul Gr\u00e9goire<\/title>\n<meta name=\"description\" content=\"SUSPENDU SIMPLE BLANC ET NOIR- ELIM IPL1238A01BW - Discover our collection of designer lighting \u2014 pendants, lamps, and ceiling lights \u2014 to brighten every space with style and elegance.\" \/>\n<meta name=\"robots\" content=\"index, follow, max-snippet:-1, max-image-preview:large, max-video-preview:-1\" \/>\n<link rel=\"canonical\" href=\"https:\/\/luminairesgregoire.com\/en\/product\/suspendu-simple-blanc-et-noir-elim-ipl1238a01bw\/\" \/>\n<meta property=\"og:locale\" content=\"en_US\" \/>\n<meta property=\"og:type\" content=\"article\" \/>\n<meta property=\"og:title\" content=\"SUSPENDU SIMPLE BLANC ET NOIR- ELIM IPL1238A01BW - Luminaires Paul Gr\u00e9goire\" \/>\n<meta property=\"og:description\" content=\"SUSPENDU SIMPLE BLANC ET NOIR- ELIM IPL1238A01BW - Discover our collection of designer lighting \u2014 pendants, lamps, and ceiling lights \u2014 to brighten every space with style and elegance.\" \/>\n<meta property=\"og:url\" content=\"https:\/\/luminairesgregoire.com\/en\/product\/suspendu-simple-blanc-et-noir-elim-ipl1238a01bw\/\" \/>\n<meta property=\"og:site_name\" content=\"Luminaires Paul Gr\u00e9goire\" \/>\n<meta property=\"article:modified_time\" content=\"2026-04-21T08:14:50+00:00\" \/>\n<meta property=\"og:image\" content=\"https:\/\/luminairesgregoire.com\/wp-content\/uploads\/2026\/03\/Votre-texte-de-paragraphe-2026-03-26T161642.107.webp\" \/>\n\t<meta property=\"og:image:width\" content=\"850\" \/>\n\t<meta property=\"og:image:height\" content=\"850\" \/>\n\t<meta property=\"og:image:type\" content=\"image\/jpeg\" \/>\n<meta name=\"twitter:card\" content=\"summary_large_image\" \/>\n<meta name=\"twitter:label1\" content=\"Est. reading time\" \/>\n\t<meta name=\"twitter:data1\" content=\"1 minute\" \/>\n<script type=\"application\/ld+json\" class=\"yoast-schema-graph\">{\"@context\":\"https:\\\/\\\/schema.org\",\"@graph\":[{\"@type\":\"WebPage\",\"@id\":\"https:\\\/\\\/luminairesgregoire.com\\\/en\\\/product\\\/suspendu-simple-blanc-et-noir-elim-ipl1238a01bw\\\/\",\"url\":\"https:\\\/\\\/luminairesgregoire.com\\\/en\\\/product\\\/suspendu-simple-blanc-et-noir-elim-ipl1238a01bw\\\/\",\"name\":\"SUSPENDU SIMPLE BLANC ET NOIR- ELIM IPL1238A01BW - Luminaires Paul Gr\u00e9goire\",\"isPartOf\":{\"@id\":\"https:\\\/\\\/luminairesgregoire.com\\\/en\\\/#website\"},\"primaryImageOfPage\":{\"@id\":\"https:\\\/\\\/luminairesgregoire.com\\\/en\\\/product\\\/suspendu-simple-blanc-et-noir-elim-ipl1238a01bw\\\/#primaryimage\"},\"image\":{\"@id\":\"https:\\\/\\\/luminairesgregoire.com\\\/en\\\/product\\\/suspendu-simple-blanc-et-noir-elim-ipl1238a01bw\\\/#primaryimage\"},\"thumbnailUrl\":\"https:\\\/\\\/luminairesgregoire.com\\\/wp-content\\\/uploads\\\/2026\\\/03\\\/Votre-texte-de-paragraphe-2026-03-26T161642.107.webp\",\"datePublished\":\"2026-03-24T06:25:56+00:00\",\"dateModified\":\"2026-04-21T08:14:50+00:00\",\"description\":\"SUSPENDU SIMPLE BLANC ET NOIR- ELIM IPL1238A01BW - Discover our collection of designer lighting \u2014 pendants, lamps, and ceiling lights \u2014 to brighten every space with style and elegance.\",\"breadcrumb\":{\"@id\":\"https:\\\/\\\/luminairesgregoire.com\\\/en\\\/product\\\/suspendu-simple-blanc-et-noir-elim-ipl1238a01bw\\\/#breadcrumb\"},\"inLanguage\":\"en-US\",\"potentialAction\":[{\"@type\":\"ReadAction\",\"target\":[\"https:\\\/\\\/luminairesgregoire.com\\\/en\\\/product\\\/suspendu-simple-blanc-et-noir-elim-ipl1238a01bw\\\/\"]}]},{\"@type\":\"ImageObject\",\"inLanguage\":\"en-US\",\"@id\":\"https:\\\/\\\/luminairesgregoire.com\\\/en\\\/product\\\/suspendu-simple-blanc-et-noir-elim-ipl1238a01bw\\\/#primaryimage\",\"url\":\"https:\\\/\\\/luminairesgregoire.com\\\/wp-content\\\/uploads\\\/2026\\\/03\\\/Votre-texte-de-paragraphe-2026-03-26T161642.107.webp\",\"contentUrl\":\"https:\\\/\\\/luminairesgregoire.com\\\/wp-content\\\/uploads\\\/2026\\\/03\\\/Votre-texte-de-paragraphe-2026-03-26T161642.107.webp\",\"width\":850,\"height\":850,\"caption\":\"SUSPENDU SIMPLE BLANC ET NOIR- ELIM IPL1238A01BW\"},{\"@type\":\"BreadcrumbList\",\"@id\":\"https:\\\/\\\/luminairesgregoire.com\\\/en\\\/product\\\/suspendu-simple-blanc-et-noir-elim-ipl1238a01bw\\\/#breadcrumb\",\"itemListElement\":[{\"@type\":\"ListItem\",\"position\":1,\"name\":\"Home\",\"item\":\"https:\\\/\\\/luminairesgregoire.com\\\/en\\\/\"},{\"@type\":\"ListItem\",\"position\":2,\"name\":\"Store\",\"item\":\"https:\\\/\\\/luminairesgregoire.com\\\/en\\\/products\\\/\"},{\"@type\":\"ListItem\",\"position\":3,\"name\":\"SUSPENDU SIMPLE BLANC ET NOIR- ELIM IPL1238A01BW\"}]},{\"@type\":\"WebSite\",\"@id\":\"https:\\\/\\\/luminairesgregoire.com\\\/en\\\/#website\",\"url\":\"https:\\\/\\\/luminairesgregoire.com\\\/en\\\/\",\"name\":\"Luminaires Paul Gr\u00e9goire\",\"description\":\"\",\"publisher\":{\"@id\":\"https:\\\/\\\/luminairesgregoire.com\\\/en\\\/#organization\"},\"potentialAction\":[{\"@type\":\"SearchAction\",\"target\":{\"@type\":\"EntryPoint\",\"urlTemplate\":\"https:\\\/\\\/luminairesgregoire.com\\\/en\\\/?s={search_term_string}\"},\"query-input\":{\"@type\":\"PropertyValueSpecification\",\"valueRequired\":true,\"valueName\":\"search_term_string\"}}],\"inLanguage\":\"en-US\"},{\"@type\":\"Organization\",\"@id\":\"https:\\\/\\\/luminairesgregoire.com\\\/en\\\/#organization\",\"name\":\"Luminaires Paul Gr\u00e9goire\",\"url\":\"https:\\\/\\\/luminairesgregoire.com\\\/en\\\/\",\"logo\":{\"@type\":\"ImageObject\",\"inLanguage\":\"en-US\",\"@id\":\"https:\\\/\\\/luminairesgregoire.com\\\/en\\\/#\\\/schema\\\/logo\\\/image\\\/\",\"url\":\"https:\\\/\\\/luminairesgregoire.com\\\/wp-content\\\/uploads\\\/2021\\\/05\\\/logo_CMYK-1-1.png\",\"contentUrl\":\"https:\\\/\\\/luminairesgregoire.com\\\/wp-content\\\/uploads\\\/2021\\\/05\\\/logo_CMYK-1-1.png\",\"width\":350,\"height\":164,\"caption\":\"Luminaires Paul Gr\u00e9goire\"},\"image\":{\"@id\":\"https:\\\/\\\/luminairesgregoire.com\\\/en\\\/#\\\/schema\\\/logo\\\/image\\\/\"}}]}<\/script>\n<!-- \/ Yoast SEO plugin. -->","yoast_head_json":{"title":"SUSPENDU SIMPLE BLANC ET NOIR- ELIM IPL1238A01BW - Luminaires Paul Gr\u00e9goire","description":"SUSPENDU SIMPLE BLANC ET NOIR- ELIM IPL1238A01BW - Discover our collection of designer lighting \u2014 pendants, lamps, and ceiling lights \u2014 to brighten every space with style and elegance.","robots":{"index":"index","follow":"follow","max-snippet":"max-snippet:-1","max-image-preview":"max-image-preview:large","max-video-preview":"max-video-preview:-1"},"canonical":"https:\/\/luminairesgregoire.com\/en\/product\/suspendu-simple-blanc-et-noir-elim-ipl1238a01bw\/","og_locale":"en_US","og_type":"article","og_title":"SUSPENDU SIMPLE BLANC ET NOIR- ELIM IPL1238A01BW - Luminaires Paul Gr\u00e9goire","og_description":"SUSPENDU SIMPLE BLANC ET NOIR- ELIM IPL1238A01BW - Discover our collection of designer lighting \u2014 pendants, lamps, and ceiling lights \u2014 to brighten every space with style and elegance.","og_url":"https:\/\/luminairesgregoire.com\/en\/product\/suspendu-simple-blanc-et-noir-elim-ipl1238a01bw\/","og_site_name":"Luminaires Paul Gr\u00e9goire","article_modified_time":"2026-04-21T08:14:50+00:00","og_image":[{"width":850,"height":850,"url":"https:\/\/luminairesgregoire.com\/wp-content\/uploads\/2026\/03\/Votre-texte-de-paragraphe-2026-03-26T161642.107.webp","type":"image\/jpeg"}],"twitter_card":"summary_large_image","twitter_misc":{"Est. reading time":"1 minute"},"schema":{"@context":"https:\/\/schema.org","@graph":[{"@type":"WebPage","@id":"https:\/\/luminairesgregoire.com\/en\/product\/suspendu-simple-blanc-et-noir-elim-ipl1238a01bw\/","url":"https:\/\/luminairesgregoire.com\/en\/product\/suspendu-simple-blanc-et-noir-elim-ipl1238a01bw\/","name":"SUSPENDU SIMPLE BLANC ET NOIR- ELIM IPL1238A01BW - Luminaires Paul Gr\u00e9goire","isPartOf":{"@id":"https:\/\/luminairesgregoire.com\/en\/#website"},"primaryImageOfPage":{"@id":"https:\/\/luminairesgregoire.com\/en\/product\/suspendu-simple-blanc-et-noir-elim-ipl1238a01bw\/#primaryimage"},"image":{"@id":"https:\/\/luminairesgregoire.com\/en\/product\/suspendu-simple-blanc-et-noir-elim-ipl1238a01bw\/#primaryimage"},"thumbnailUrl":"https:\/\/luminairesgregoire.com\/wp-content\/uploads\/2026\/03\/Votre-texte-de-paragraphe-2026-03-26T161642.107.webp","datePublished":"2026-03-24T06:25:56+00:00","dateModified":"2026-04-21T08:14:50+00:00","description":"SUSPENDU SIMPLE BLANC ET NOIR- ELIM IPL1238A01BW - Discover our collection of designer lighting \u2014 pendants, lamps, and ceiling lights \u2014 to brighten every space with style and elegance.","breadcrumb":{"@id":"https:\/\/luminairesgregoire.com\/en\/product\/suspendu-simple-blanc-et-noir-elim-ipl1238a01bw\/#breadcrumb"},"inLanguage":"en-US","potentialAction":[{"@type":"ReadAction","target":["https:\/\/luminairesgregoire.com\/en\/product\/suspendu-simple-blanc-et-noir-elim-ipl1238a01bw\/"]}]},{"@type":"ImageObject","inLanguage":"en-US","@id":"https:\/\/luminairesgregoire.com\/en\/product\/suspendu-simple-blanc-et-noir-elim-ipl1238a01bw\/#primaryimage","url":"https:\/\/luminairesgregoire.com\/wp-content\/uploads\/2026\/03\/Votre-texte-de-paragraphe-2026-03-26T161642.107.webp","contentUrl":"https:\/\/luminairesgregoire.com\/wp-content\/uploads\/2026\/03\/Votre-texte-de-paragraphe-2026-03-26T161642.107.webp","width":850,"height":850,"caption":"SUSPENDU SIMPLE BLANC ET NOIR- ELIM IPL1238A01BW"},{"@type":"BreadcrumbList","@id":"https:\/\/luminairesgregoire.com\/en\/product\/suspendu-simple-blanc-et-noir-elim-ipl1238a01bw\/#breadcrumb","itemListElement":[{"@type":"ListItem","position":1,"name":"Home","item":"https:\/\/luminairesgregoire.com\/en\/"},{"@type":"ListItem","position":2,"name":"Store","item":"https:\/\/luminairesgregoire.com\/en\/products\/"},{"@type":"ListItem","position":3,"name":"SUSPENDU SIMPLE BLANC ET NOIR- ELIM IPL1238A01BW"}]},{"@type":"WebSite","@id":"https:\/\/luminairesgregoire.com\/en\/#website","url":"https:\/\/luminairesgregoire.com\/en\/","name":"Luminaires Paul Gr\u00e9goire","description":"","publisher":{"@id":"https:\/\/luminairesgregoire.com\/en\/#organization"},"potentialAction":[{"@type":"SearchAction","target":{"@type":"EntryPoint","urlTemplate":"https:\/\/luminairesgregoire.com\/en\/?s={search_term_string}"},"query-input":{"@type":"PropertyValueSpecification","valueRequired":true,"valueName":"search_term_string"}}],"inLanguage":"en-US"},{"@type":"Organization","@id":"https:\/\/luminairesgregoire.com\/en\/#organization","name":"Luminaires Paul Gr\u00e9goire","url":"https:\/\/luminairesgregoire.com\/en\/","logo":{"@type":"ImageObject","inLanguage":"en-US","@id":"https:\/\/luminairesgregoire.com\/en\/#\/schema\/logo\/image\/","url":"https:\/\/luminairesgregoire.com\/wp-content\/uploads\/2021\/05\/logo_CMYK-1-1.png","contentUrl":"https:\/\/luminairesgregoire.com\/wp-content\/uploads\/2021\/05\/logo_CMYK-1-1.png","width":350,"height":164,"caption":"Luminaires Paul Gr\u00e9goire"},"image":{"@id":"https:\/\/luminairesgregoire.com\/en\/#\/schema\/logo\/image\/"}}]}},"_links":{"self":[{"href":"https:\/\/luminairesgregoire.com\/en\/wp-json\/wp\/v2\/product\/36475","targetHints":{"allow":["GET"]}}],"collection":[{"href":"https:\/\/luminairesgregoire.com\/en\/wp-json\/wp\/v2\/product"}],"about":[{"href":"https:\/\/luminairesgregoire.com\/en\/wp-json\/wp\/v2\/types\/product"}],"wp:featuredmedia":[{"embeddable":true,"href":"https:\/\/luminairesgregoire.com\/en\/wp-json\/wp\/v2\/media\/36909"}],"wp:attachment":[{"href":"https:\/\/luminairesgregoire.com\/en\/wp-json\/wp\/v2\/media?parent=36475"}],"wp:term":[{"taxonomy":"product_brand","embeddable":true,"href":"https:\/\/luminairesgregoire.com\/en\/wp-json\/wp\/v2\/product_brand?post=36475"},{"taxonomy":"product_cat","embeddable":true,"href":"https:\/\/luminairesgregoire.com\/en\/wp-json\/wp\/v2\/product_cat?post=36475"},{"taxonomy":"product_tag","embeddable":true,"href":"https:\/\/luminairesgregoire.com\/en\/wp-json\/wp\/v2\/product_tag?post=36475"}],"curies":[{"name":"wp","href":"https:\/\/api.w.org\/{rel}","templated":true}]}}